{"id":1947,"date":"2020-08-19T10:35:33","date_gmt":"2020-08-19T10:35:33","guid":{"rendered":"https:\/\/partsandpieces.bonsaidev.nl\/?product=borma-wachs-holz-2000-anti-houtworm-houtwormbestrijder-1-liter"},"modified":"2026-03-17T14:01:50","modified_gmt":"2026-03-17T13:01:50","slug":"borma-wachs-holz-2000-holzwurm-pestizid","status":"publish","type":"product","link":"https:\/\/partsandpieces.nl\/de\/product\/borma-wachs-holz-2000-houtworm-bestrijdingsmiddel\/","title":{"rendered":"Borma Wachs Holz 2000 Holzwurmbek\u00e4mpfung 1 Liter"},"content":{"rendered":"<p><strong>Holz 2000 Holzwurm-Pestizid <\/strong>von\u00a0<a href=\"http:\/\/www.bormawachs.com\/\">Borma Wachs<\/a> wurde speziell f\u00fcr den Schutz unbehandelter Holzoberfl\u00e4chen vor Holzw\u00fcrmern, Bockk\u00e4fern und anderen Parasiten entwickelt. Es t\u00f6tet unerw\u00fcnschte Holzw\u00fcrmer und Bockk\u00e4fer ab. Es ist eine Mischung aus reinen L\u00f6sungsmitteln und nahezu geruchlos. Sie k\u00f6nnen das Produkt anwenden, ohne dass die weiteren Veredelungsm\u00f6glichkeiten Ihrer Holzm\u00f6bel dadurch beeintr\u00e4chtigt werden. Tragen Sie bei Bedarf mehrere Schichten auf.<\/p>\n<p>Dieses Pestizid ist biologisch abbaubar und f\u00fcr den professionellen Einsatz bestimmt. Der Wirkstoff ist in Europa registriert (EG 258-067-9).<\/p>\n<p>ich habe auch\u00a0<a href=\"https:\/\/partsandpieces.nl\/de\/produkt\/borma-wachs-holz-2000-holzwurm-pestizidspray-400-ml\/\"><span style=\"text-decoration: underline;\">Holz 2000 Holzwurm-Pestizid in Sprayform<\/span><\/a>\u00a0auf Lager.<\/p>\n<p><strong>Warum Holzw\u00fcrmer und Bockk\u00e4fer bek\u00e4mpfen?<br \/>\n<\/strong>Holzw\u00fcrmer sind ein l\u00e4stiges Problem, das gro\u00dfen Schaden an Holzkonstruktionen und M\u00f6beln anrichten kann. Das Erkennen von Holzw\u00fcrmern und Bockk\u00e4fern ist wichtig, um rechtzeitig Ma\u00dfnahmen ergreifen und weiteren Schaden verhindern zu k\u00f6nnen.<\/p>\n<p><strong>Wie funktioniert Borma Wachs Holz 2000 Holzwurmbek\u00e4mpfung?<\/strong><br \/>\nBorma Wachs Holz 2000 Holzwurmbek\u00e4mpfungsmittel wirkt gegen Holzw\u00fcrmer. Dieses professionelle Holzwurmbek\u00e4mpfungsmittel dringt tief in das Holz ein und t\u00f6tet die Larven und Eier des Holzwurms ab.<br \/>\nEs ist wichtig, das Pestizid sorgf\u00e4ltig und vorschriftsm\u00e4\u00dfig einzusetzen, damit es seine Wirkung effektiv entfalten kann und der Holzwurm dauerhaft ausgerottet wird.<\/p>\n<p><strong>Vorteile<br \/>\n<\/strong>Der Einsatz dieses Mittels zur Bek\u00e4mpfung des Bockk\u00e4fers bietet viele Vorteile. Erstens bietet es eine <em><strong>wirksame Kontrolle<\/strong><\/em> von Bockk\u00e4fern, wodurch den l\u00e4stigen Tierchen schnell und effektiv der Garaus gemacht wird.<br \/>\nEin weiterer gro\u00dfer Vorteil ist der <em><strong>schnelle Bedienung<\/strong> <\/em>gegen den Bockk\u00e4fer. Nach der Anwendung beginnt das Pestizid sofort zu wirken und die Bockk\u00e4fer werden schnell beseitigt. Dadurch k\u00f6nnen nicht nur weitere Sch\u00e4den am Holz vermieden werden, sondern der Befall mit dem Bockk\u00e4fer kann auch schnell unter Kontrolle gebracht werden.<br \/>\nDar\u00fcber hinaus bietet dieses professionelle Bockk\u00e4ferbek\u00e4mpfungsmittel<em><strong> langanhaltender Schutz<\/strong> <\/em>gegen den Bockk\u00e4fer. Durch die regelm\u00e4\u00dfige Anwendung dieses Mittels k\u00f6nnen Sie k\u00fcnftige Angriffe des Bockk\u00e4fers und damit eine Sch\u00e4digung Ihres Holzes verhindern. Dies stellt eine dauerhafte L\u00f6sung dar und sch\u00fctzt das Holz vor weiteren Sch\u00e4den.<\/p>\n<p><strong>Verwendung<br \/>\n<\/strong>Bei der Anwendung dieses Holzwurmbek\u00e4mpfungsmittels ist es wichtig, die Anweisungen auf der Verpackung sorgf\u00e4ltig zu lesen. Darin wird genau beschrieben, wie Sie das Produkt anwenden und welche Vorsichtsma\u00dfnahmen Sie beachten sollten.<br \/>\nUm gegen Holzw\u00fcrmer wirksam zu sein, ist es wichtig, die richtige Dosierung einzuhalten. Dar\u00fcber hinaus ist es wichtig, das Produkt so auf die zu behandelnde Oberfl\u00e4che aufzutragen, dass alle Holzw\u00fcrmer erreicht werden.<br \/>\nNach der Anwendung des Pestizids ist es ratsam, den Bereich gut zu l\u00fcften und etwaige R\u00fcckst\u00e4nde des Pestizids gem\u00e4\u00df den Vorschriften zu entfernen. So k\u00f6nnen Sie Holzw\u00fcrmer sicher und effizient bek\u00e4mpfen.<\/p>\n<p><strong>Sicherheitsma\u00dfnahmen bei der Verwendung von Holzwurm-Pestiziden<br \/>\n<\/strong>\u2013 Beim Einsatz dieses professionellen Holzwurmbek\u00e4mpfungsmittels ist es wichtig, immer Schutzkleidung wie Handschuhe und Gesichtsmaske zu tragen.<br \/>\n\u2013 Dar\u00fcber hinaus ist es wichtig, f\u00fcr eine ausreichende Bel\u00fcftung des Raums zu sorgen, in dem Sie das Pestizid verwenden, um das Risiko des Einatmens sch\u00e4dlicher D\u00e4mpfe zu minimieren.<br \/>\n\u2013 Es ist au\u00dferdem sehr wichtig, Kinder und Haustiere von der behandelten Stelle fernzuhalten, bis das Pestizid vollst\u00e4ndig getrocknet ist.<br \/>\n\u2013 Dar\u00fcber hinaus ist es wichtig, die Hinweise auf der Verpackung des Mittels zur Holzwurmbek\u00e4mpfung sorgf\u00e4ltig zu lesen und genau zu befolgen.<br \/>\n\u2013 Sp\u00fclen Sie die Spritze nach Gebrauch gr\u00fcndlich aus und bewahren Sie sie sorgf\u00e4ltig auf, um Unf\u00e4lle zu vermeiden.<br \/>\n\u2013 Schlie\u00dflich sollten Sie das Pestizid an einem sicheren Ort au\u00dferhalb der Reichweite von Kindern und Haustieren aufbewahren.<\/p>\n<p><strong>Anweisungen<br \/>\n<\/strong>\u2013 Tragen Sie das Pestizid gro\u00dfz\u00fcgig mit einem Pinsel oder wenn m\u00f6glich durch Eintauchen auf<br \/>\n\u2013 Um die Wirkung der Behandlung zu verst\u00e4rken, empfehle ich, das Holz mit einer Plane oder Plastik abzudecken, um eine Verdunstung zu verhindern<br \/>\n\u2013 Je nach Holzart und aufgetragener Produktmenge 12\u201324 Stunden warten<br \/>\n\u2013 Wurml\u00f6cher f\u00fcllen und vergie\u00dfen<br \/>\n\u2013 Sie k\u00f6nnen jede gew\u00fcnschte Folgebehandlung beginnen.<\/p>","protected":false},"excerpt":{"rendered":"<p>Holz 2000 Houtworm bestrijdingsmiddel van\u00a0Borma Wachs is speciaal ontwikkeld voor de bescherming van onafgewerkte houten oppervlakken tegen houtworm, boktor en andere parasieten. Het doodt ongewenste houtworm en boktor. Het is een mix van zuivere oplosmiddelen en het is vrijwel reukloos. Je kunt het middel aanbrengen zonder dat dit de verdere afwerkingsmogelijkheden van je houten meubel [&hellip;]<\/p>\n","protected":false},"featured_media":1948,"template":"","meta":{"_acf_changed":false},"product_brand":[],"product_cat":[68,64],"product_tag":[],"class_list":{"0":"post-1947","1":"product","2":"type-product","3":"status-publish","4":"has-post-thumbnail","6":"product_cat-houtworm-bestrijdingsmiddel","7":"product_cat-oppervlakte-behandeling-borma-wachs","9":"first","10":"instock","11":"taxable","12":"shipping-taxable","13":"purchasable","14":"product-type-simple"},"acf":[],"yoast_head":"<!-- This site is optimized with the Yoast SEO plugin v27.3 - https:\/\/yoast.com\/product\/yoast-seo-wordpress\/ -->\n<title>Holz 2000 Houtworm bestrijdingsmiddel van Borma Wachs 1 liter<\/title>\n<meta name=\"description\" content=\"Holz 2000 Houtworm bestrijdingsmiddel van\u00a0Borma Wachs voor de bescherming van onafgewerkte houten oppervlakken tegen houtworm, boktor en andere parasieten..\" \/>\n<meta name=\"robots\" content=\"index, follow, max-snippet:-1, max-image-preview:large, max-video-preview:-1\" \/>\n<link rel=\"canonical\" href=\"https:\/\/partsandpieces.nl\/de\/produkt\/borma-wachs-holz-2000-holzwurm-pestizid\/\" \/>\n<meta property=\"og:locale\" content=\"de_DE\" \/>\n<meta property=\"og:type\" content=\"article\" \/>\n<meta property=\"og:title\" content=\"Holz 2000 Houtworm bestrijdingsmiddel van Borma Wachs 1 liter\" \/>\n<meta property=\"og:description\" content=\"Holz 2000 Houtworm bestrijdingsmiddel van\u00a0Borma Wachs voor de bescherming van onafgewerkte houten oppervlakken tegen houtworm, boktor en andere parasieten..\" \/>\n<meta property=\"og:url\" content=\"https:\/\/partsandpieces.nl\/de\/produkt\/borma-wachs-holz-2000-holzwurm-pestizid\/\" \/>\n<meta property=\"og:site_name\" content=\"Parts &amp; Pieces\" \/>\n<meta property=\"article:modified_time\" content=\"2026-03-17T13:01:50+00:00\" \/>\n<meta property=\"og:image\" content=\"https:\/\/partsandpieces.nl\/wp-content\/uploads\/2022\/09\/BormaWachsHolz2000antihoutworm1liter.jpg\" \/>\n\t<meta property=\"og:image:width\" content=\"800\" \/>\n\t<meta property=\"og:image:height\" content=\"800\" \/>\n\t<meta property=\"og:image:type\" content=\"image\/jpeg\" \/>\n<meta name=\"twitter:card\" content=\"summary_large_image\" \/>\n<meta name=\"twitter:label1\" content=\"Gesch\u00e4tzte Lesezeit\" \/>\n\t<meta name=\"twitter:data1\" content=\"4\u00a0Minuten\" \/>\n<script type=\"application\/ld+json\" class=\"yoast-schema-graph\">{\"@context\":\"https:\\\/\\\/schema.org\",\"@graph\":[{\"@type\":\"WebPage\",\"@id\":\"https:\\\/\\\/partsandpieces.nl\\\/product\\\/borma-wachs-holz-2000-houtworm-bestrijdingsmiddel\\\/\",\"url\":\"https:\\\/\\\/partsandpieces.nl\\\/product\\\/borma-wachs-holz-2000-houtworm-bestrijdingsmiddel\\\/\",\"name\":\"Holz 2000 Houtworm bestrijdingsmiddel van Borma Wachs 1 liter\",\"isPartOf\":{\"@id\":\"https:\\\/\\\/partsandpieces.nl\\\/#website\"},\"primaryImageOfPage\":{\"@id\":\"https:\\\/\\\/partsandpieces.nl\\\/product\\\/borma-wachs-holz-2000-houtworm-bestrijdingsmiddel\\\/#primaryimage\"},\"image\":{\"@id\":\"https:\\\/\\\/partsandpieces.nl\\\/product\\\/borma-wachs-holz-2000-houtworm-bestrijdingsmiddel\\\/#primaryimage\"},\"thumbnailUrl\":\"https:\\\/\\\/partsandpieces.nl\\\/wp-content\\\/uploads\\\/2022\\\/09\\\/BormaWachsHolz2000antihoutworm1liter.jpg\",\"datePublished\":\"2020-08-19T10:35:33+00:00\",\"dateModified\":\"2026-03-17T13:01:50+00:00\",\"description\":\"Holz 2000 Houtworm bestrijdingsmiddel van\u00a0Borma Wachs voor de bescherming van onafgewerkte houten oppervlakken tegen houtworm, boktor en andere parasieten..\",\"breadcrumb\":{\"@id\":\"https:\\\/\\\/partsandpieces.nl\\\/product\\\/borma-wachs-holz-2000-houtworm-bestrijdingsmiddel\\\/#breadcrumb\"},\"inLanguage\":\"de\",\"potentialAction\":[{\"@type\":\"ReadAction\",\"target\":[\"https:\\\/\\\/partsandpieces.nl\\\/product\\\/borma-wachs-holz-2000-houtworm-bestrijdingsmiddel\\\/\"]}]},{\"@type\":\"ImageObject\",\"inLanguage\":\"de\",\"@id\":\"https:\\\/\\\/partsandpieces.nl\\\/product\\\/borma-wachs-holz-2000-houtworm-bestrijdingsmiddel\\\/#primaryimage\",\"url\":\"https:\\\/\\\/partsandpieces.nl\\\/wp-content\\\/uploads\\\/2022\\\/09\\\/BormaWachsHolz2000antihoutworm1liter.jpg\",\"contentUrl\":\"https:\\\/\\\/partsandpieces.nl\\\/wp-content\\\/uploads\\\/2022\\\/09\\\/BormaWachsHolz2000antihoutworm1liter.jpg\",\"width\":800,\"height\":800,\"caption\":\"Houtworm Bestrijdingsmiddel\"},{\"@type\":\"BreadcrumbList\",\"@id\":\"https:\\\/\\\/partsandpieces.nl\\\/product\\\/borma-wachs-holz-2000-houtworm-bestrijdingsmiddel\\\/#breadcrumb\",\"itemListElement\":[{\"@type\":\"ListItem\",\"position\":1,\"name\":\"Home\",\"item\":\"https:\\\/\\\/partsandpieces.nl\\\/home\\\/\"},{\"@type\":\"ListItem\",\"position\":2,\"name\":\"Winkel\",\"item\":\"https:\\\/\\\/partsandpieces.nl\\\/winkel\\\/\"},{\"@type\":\"ListItem\",\"position\":3,\"name\":\"Borma Wachs Holz 2000 Houtworm bestrijdingsmiddel 1 liter\"}]},{\"@type\":\"WebSite\",\"@id\":\"https:\\\/\\\/partsandpieces.nl\\\/#website\",\"url\":\"https:\\\/\\\/partsandpieces.nl\\\/\",\"name\":\"Parts &amp; Pieces\",\"description\":\"Alles voor uw meubelrestauratie en -onderhoud!\",\"potentialAction\":[{\"@type\":\"SearchAction\",\"target\":{\"@type\":\"EntryPoint\",\"urlTemplate\":\"https:\\\/\\\/partsandpieces.nl\\\/?s={search_term_string}\"},\"query-input\":{\"@type\":\"PropertyValueSpecification\",\"valueRequired\":true,\"valueName\":\"search_term_string\"}}],\"inLanguage\":\"de\"}]}<\/script>\n<!-- \/ Yoast SEO plugin. -->","yoast_head_json":{"title":"Holz 2000 Holzwurmbek\u00e4mpfungsmittel ab Borma Wachs 1 Liter","description":"Holz 2000 Holzwurm-Pestizid von Borma Wachs zum Schutz unbehandelter Holzoberfl\u00e4chen vor Holzw\u00fcrmern, Bockk\u00e4fern und anderen Parasiten.","robots":{"index":"index","follow":"follow","max-snippet":"max-snippet:-1","max-image-preview":"max-image-preview:large","max-video-preview":"max-video-preview:-1"},"canonical":"https:\/\/partsandpieces.nl\/de\/produkt\/borma-wachs-holz-2000-holzwurm-pestizid\/","og_locale":"de_DE","og_type":"article","og_title":"Holz 2000 Houtworm bestrijdingsmiddel van Borma Wachs 1 liter","og_description":"Holz 2000 Houtworm bestrijdingsmiddel van\u00a0Borma Wachs voor de bescherming van onafgewerkte houten oppervlakken tegen houtworm, boktor en andere parasieten..","og_url":"https:\/\/partsandpieces.nl\/de\/produkt\/borma-wachs-holz-2000-holzwurm-pestizid\/","og_site_name":"Parts &amp; Pieces","article_modified_time":"2026-03-17T13:01:50+00:00","og_image":[{"width":800,"height":800,"url":"https:\/\/partsandpieces.nl\/wp-content\/uploads\/2022\/09\/BormaWachsHolz2000antihoutworm1liter.jpg","type":"image\/jpeg"}],"twitter_card":"summary_large_image","twitter_misc":{"Gesch\u00e4tzte Lesezeit":"4\u00a0Minuten"},"schema":{"@context":"https:\/\/schema.org","@graph":[{"@type":"WebPage","@id":"https:\/\/partsandpieces.nl\/product\/borma-wachs-holz-2000-houtworm-bestrijdingsmiddel\/","url":"https:\/\/partsandpieces.nl\/product\/borma-wachs-holz-2000-houtworm-bestrijdingsmiddel\/","name":"Holz 2000 Holzwurmbek\u00e4mpfungsmittel ab Borma Wachs 1 Liter","isPartOf":{"@id":"https:\/\/partsandpieces.nl\/#website"},"primaryImageOfPage":{"@id":"https:\/\/partsandpieces.nl\/product\/borma-wachs-holz-2000-houtworm-bestrijdingsmiddel\/#primaryimage"},"image":{"@id":"https:\/\/partsandpieces.nl\/product\/borma-wachs-holz-2000-houtworm-bestrijdingsmiddel\/#primaryimage"},"thumbnailUrl":"https:\/\/partsandpieces.nl\/wp-content\/uploads\/2022\/09\/BormaWachsHolz2000antihoutworm1liter.jpg","datePublished":"2020-08-19T10:35:33+00:00","dateModified":"2026-03-17T13:01:50+00:00","description":"Holz 2000 Holzwurm-Pestizid von Borma Wachs zum Schutz unbehandelter Holzoberfl\u00e4chen vor Holzw\u00fcrmern, Bockk\u00e4fern und anderen Parasiten.","breadcrumb":{"@id":"https:\/\/partsandpieces.nl\/product\/borma-wachs-holz-2000-houtworm-bestrijdingsmiddel\/#breadcrumb"},"inLanguage":"de","potentialAction":[{"@type":"ReadAction","target":["https:\/\/partsandpieces.nl\/product\/borma-wachs-holz-2000-houtworm-bestrijdingsmiddel\/"]}]},{"@type":"ImageObject","inLanguage":"de","@id":"https:\/\/partsandpieces.nl\/product\/borma-wachs-holz-2000-houtworm-bestrijdingsmiddel\/#primaryimage","url":"https:\/\/partsandpieces.nl\/wp-content\/uploads\/2022\/09\/BormaWachsHolz2000antihoutworm1liter.jpg","contentUrl":"https:\/\/partsandpieces.nl\/wp-content\/uploads\/2022\/09\/BormaWachsHolz2000antihoutworm1liter.jpg","width":800,"height":800,"caption":"Houtworm Bestrijdingsmiddel"},{"@type":"BreadcrumbList","@id":"https:\/\/partsandpieces.nl\/product\/borma-wachs-holz-2000-houtworm-bestrijdingsmiddel\/#breadcrumb","itemListElement":[{"@type":"ListItem","position":1,"name":"Home","item":"https:\/\/partsandpieces.nl\/home\/"},{"@type":"ListItem","position":2,"name":"Winkel","item":"https:\/\/partsandpieces.nl\/winkel\/"},{"@type":"ListItem","position":3,"name":"Borma Wachs Holz 2000 Houtworm bestrijdingsmiddel 1 liter"}]},{"@type":"WebSite","@id":"https:\/\/partsandpieces.nl\/#website","url":"https:\/\/partsandpieces.nl\/","name":"Teile &amp; St\u00fccke","description":"Alles f\u00fcr Ihre M\u00f6belrestaurierung und -pflege!","potentialAction":[{"@type":"SearchAction","target":{"@type":"EntryPoint","urlTemplate":"https:\/\/partsandpieces.nl\/?s={search_term_string}"},"query-input":{"@type":"PropertyValueSpecification","valueRequired":true,"valueName":"search_term_string"}}],"inLanguage":"de"}]}},"_links":{"self":[{"href":"https:\/\/partsandpieces.nl\/de\/wp-json\/wp\/v2\/product\/1947","targetHints":{"allow":["GET"]}}],"collection":[{"href":"https:\/\/partsandpieces.nl\/de\/wp-json\/wp\/v2\/product"}],"about":[{"href":"https:\/\/partsandpieces.nl\/de\/wp-json\/wp\/v2\/types\/product"}],"wp:featuredmedia":[{"embeddable":true,"href":"https:\/\/partsandpieces.nl\/de\/wp-json\/wp\/v2\/media\/1948"}],"wp:attachment":[{"href":"https:\/\/partsandpieces.nl\/de\/wp-json\/wp\/v2\/media?parent=1947"}],"wp:term":[{"taxonomy":"product_brand","embeddable":true,"href":"https:\/\/partsandpieces.nl\/de\/wp-json\/wp\/v2\/product_brand?post=1947"},{"taxonomy":"product_cat","embeddable":true,"href":"https:\/\/partsandpieces.nl\/de\/wp-json\/wp\/v2\/product_cat?post=1947"},{"taxonomy":"product_tag","embeddable":true,"href":"https:\/\/partsandpieces.nl\/de\/wp-json\/wp\/v2\/product_tag?post=1947"}],"curies":[{"name":"wp","href":"https:\/\/api.w.org\/{rel}","templated":true}]}}