{"id":1951,"date":"2020-08-19T12:34:17","date_gmt":"2020-08-19T10:34:17","guid":{"rendered":"https:\/\/partsandpieces.bonsaidev.nl\/?product=borma-wachs-invisible-touch-kleurloos-ultra-mat-0-gu-375ml"},"modified":"2026-04-07T13:12:08","modified_gmt":"2026-04-07T11:12:08","slug":"matttransparenter-lack-fur-unsichtbare-mobelberuhrung","status":"publish","type":"product","link":"https:\/\/partsandpieces.nl\/de\/product\/matte-transparante-lak-voor-meubels-invisible-touch\/","title":{"rendered":"Borma Wachs Invisible Touch Transparentlack Ultramatt (0 GU)"},"content":{"rendered":"<p><b><a href=\"https:\/\/bormawachs.com\">Borma Wachs<\/a> Invisible Touch Transparent Ultramatt<\/b> ist ein matter transparenter Lack f\u00fcr M\u00f6bel. Die Farbe ist umweltfreundlich und auf Wasserbasis. Dieser Lack ist zum Schutz von Holzoberfl\u00e4chen bestimmt. Es ist ultra matt (0 Glanz) und hat einen nat\u00fcrlichen, wachsartigen Effekt. Nach dem Auftragen auf unbehandelte Holzoberfl\u00e4chen ver\u00e4ndert es die Farbe des Holzes \u00fcberhaupt nicht. <u><strong>Das Holz beh\u00e4lt sein v\u00f6llig nat\u00fcrliches Aussehen<\/strong>.<\/u> F\u00fcr alle Holzarten geeignet.<\/p>\n<p>Borma Wachs Invisible Touch kann mit aktiviert werden <a href=\"https:\/\/partsandpieces.nl\/de\/produkt\/borma-wachs-4100-2k-katalysator-voor-watergedragen-lakken-250ml\/\">Borma Wachs 4100-2K Katalysator,<\/a> im Verh\u00e4ltnis 10 : 1 f\u00fcr schnellere Aush\u00e4rtung und verbesserte Wirkung.<\/p>\n<p><strong>Eigenschaften<\/strong><br \/>\n\u2013 Matter transparenter Lack f\u00fcr M\u00f6bel<br \/>\n\u2013 Auch f\u00fcr Fu\u00dfb\u00f6den, Arbeitsplatten und T\u00fcren geeignet.<br \/>\n\u2013 Umweltfreundlich und absolut sicher in der Verarbeitung.<br \/>\n\u2013 Verbrauch: 50-100 ml pro m2. Stark abh\u00e4ngig von der Saugwirkung des Untergrundes.<\/p>\n<p><b>Anweisungen<br \/>\n<\/b>\u2013 Auf eine glatte und saubere Oberfl\u00e4che auftragen, die frei von Fetten, \u00d6len, Wachsen, Silikonen und alten Farben ist.<br \/>\n\u2013 Auftragen durch Spr\u00fchen oder Streichen.<br \/>\n\u2013 6-12 Stunden warten und mit Sandpapier oder Scheuerschwamm schleifen, den gesamten Staub vorsichtig absaugen und mit einem antistatischen Tuch reinigen.<br \/>\n\u2013 Anschlie\u00dfend eine zweite Schicht ohne Zwischenschliff auftragen.<\/p>","protected":false},"excerpt":{"rendered":"<p>Borma Wachs Invisible Touch Transparant Ultra mat is een matte transparante lak voor meubels. De lak is milieuvriendelijke en watergedragen. Deze lak is bedoeld voor de bescherming van houten oppervlakken. Het is ultra mat (0 glans) en heeft een natuurlijk, wasachtig effect. Na aanbrengen op onbehandelde houten oppervlakken geeft het totaal geen kleurverandering van het [&hellip;]<\/p>\n","protected":false},"featured_media":1952,"template":"","meta":{"_acf_changed":false},"product_brand":[],"product_cat":[112,64],"product_tag":[],"class_list":{"0":"post-1951","1":"product","2":"type-product","3":"status-publish","4":"has-post-thumbnail","6":"product_cat-ontdek-invisible-touch-matte-lak","7":"product_cat-oppervlakte-behandeling-borma-wachs","9":"first","10":"instock","11":"taxable","12":"shipping-taxable","13":"purchasable","14":"product-type-variable","15":"has-default-attributes"},"acf":[],"yoast_head":"<!-- This site is optimized with the Yoast SEO plugin v27.3 - https:\/\/yoast.com\/product\/yoast-seo-wordpress\/ -->\n<title>Matte transparante lak voor meubels Invisible Touch<\/title>\n<meta name=\"description\" content=\"Borma Wachs Invisible Touch matte transparante lak voor meubels (0 GU) is een watergedragen lak. Het hout behoudt volledig zijn natuurlijke uitstraling.\" \/>\n<meta name=\"robots\" content=\"index, follow, max-snippet:-1, max-image-preview:large, max-video-preview:-1\" \/>\n<link rel=\"canonical\" href=\"https:\/\/partsandpieces.nl\/de\/produkt\/matttransparenter-lack-fur-unsichtbare-mobelberuhrung\/\" \/>\n<meta property=\"og:locale\" content=\"de_DE\" \/>\n<meta property=\"og:type\" content=\"article\" \/>\n<meta property=\"og:title\" content=\"Matte transparante lak voor meubels Invisible Touch\" \/>\n<meta property=\"og:description\" content=\"Borma Wachs Invisible Touch matte transparante lak voor meubels (0 GU) is een watergedragen lak. Het hout behoudt volledig zijn natuurlijke uitstraling.\" \/>\n<meta property=\"og:url\" content=\"https:\/\/partsandpieces.nl\/de\/produkt\/matttransparenter-lack-fur-unsichtbare-mobelberuhrung\/\" \/>\n<meta property=\"og:site_name\" content=\"Parts &amp; Pieces\" \/>\n<meta property=\"article:modified_time\" content=\"2026-04-07T11:12:08+00:00\" \/>\n<meta property=\"og:image\" content=\"https:\/\/partsandpieces.nl\/wp-content\/uploads\/2022\/09\/NAT4130.jpg\" \/>\n\t<meta property=\"og:image:width\" content=\"800\" \/>\n\t<meta property=\"og:image:height\" content=\"800\" \/>\n\t<meta property=\"og:image:type\" content=\"image\/jpeg\" \/>\n<meta name=\"twitter:card\" content=\"summary_large_image\" \/>\n<meta name=\"twitter:label1\" content=\"Gesch\u00e4tzte Lesezeit\" \/>\n\t<meta name=\"twitter:data1\" content=\"1\u00a0Minute\" \/>\n<script type=\"application\/ld+json\" class=\"yoast-schema-graph\">{\"@context\":\"https:\\\/\\\/schema.org\",\"@graph\":[{\"@type\":\"WebPage\",\"@id\":\"https:\\\/\\\/partsandpieces.nl\\\/product\\\/matte-transparante-lak-voor-meubels-invisible-touch\\\/\",\"url\":\"https:\\\/\\\/partsandpieces.nl\\\/product\\\/matte-transparante-lak-voor-meubels-invisible-touch\\\/\",\"name\":\"Matte transparante lak voor meubels Invisible Touch\",\"isPartOf\":{\"@id\":\"https:\\\/\\\/partsandpieces.nl\\\/#website\"},\"primaryImageOfPage\":{\"@id\":\"https:\\\/\\\/partsandpieces.nl\\\/product\\\/matte-transparante-lak-voor-meubels-invisible-touch\\\/#primaryimage\"},\"image\":{\"@id\":\"https:\\\/\\\/partsandpieces.nl\\\/product\\\/matte-transparante-lak-voor-meubels-invisible-touch\\\/#primaryimage\"},\"thumbnailUrl\":\"https:\\\/\\\/partsandpieces.nl\\\/wp-content\\\/uploads\\\/2022\\\/09\\\/NAT4130.jpg\",\"datePublished\":\"2020-08-19T10:34:17+00:00\",\"dateModified\":\"2026-04-07T11:12:08+00:00\",\"description\":\"Borma Wachs Invisible Touch matte transparante lak voor meubels (0 GU) is een watergedragen lak. Het hout behoudt volledig zijn natuurlijke uitstraling.\",\"breadcrumb\":{\"@id\":\"https:\\\/\\\/partsandpieces.nl\\\/product\\\/matte-transparante-lak-voor-meubels-invisible-touch\\\/#breadcrumb\"},\"inLanguage\":\"de\",\"potentialAction\":[{\"@type\":\"ReadAction\",\"target\":[\"https:\\\/\\\/partsandpieces.nl\\\/product\\\/matte-transparante-lak-voor-meubels-invisible-touch\\\/\"]}]},{\"@type\":\"ImageObject\",\"inLanguage\":\"de\",\"@id\":\"https:\\\/\\\/partsandpieces.nl\\\/product\\\/matte-transparante-lak-voor-meubels-invisible-touch\\\/#primaryimage\",\"url\":\"https:\\\/\\\/partsandpieces.nl\\\/wp-content\\\/uploads\\\/2022\\\/09\\\/NAT4130.jpg\",\"contentUrl\":\"https:\\\/\\\/partsandpieces.nl\\\/wp-content\\\/uploads\\\/2022\\\/09\\\/NAT4130.jpg\",\"width\":800,\"height\":800},{\"@type\":\"BreadcrumbList\",\"@id\":\"https:\\\/\\\/partsandpieces.nl\\\/product\\\/matte-transparante-lak-voor-meubels-invisible-touch\\\/#breadcrumb\",\"itemListElement\":[{\"@type\":\"ListItem\",\"position\":1,\"name\":\"Home\",\"item\":\"https:\\\/\\\/partsandpieces.nl\\\/home\\\/\"},{\"@type\":\"ListItem\",\"position\":2,\"name\":\"Winkel\",\"item\":\"https:\\\/\\\/partsandpieces.nl\\\/winkel\\\/\"},{\"@type\":\"ListItem\",\"position\":3,\"name\":\"Borma Wachs Invisible Touch Transparante Lak Ultra mat (0 GU)\"}]},{\"@type\":\"WebSite\",\"@id\":\"https:\\\/\\\/partsandpieces.nl\\\/#website\",\"url\":\"https:\\\/\\\/partsandpieces.nl\\\/\",\"name\":\"Parts &amp; Pieces\",\"description\":\"Alles voor uw meubelrestauratie en -onderhoud!\",\"potentialAction\":[{\"@type\":\"SearchAction\",\"target\":{\"@type\":\"EntryPoint\",\"urlTemplate\":\"https:\\\/\\\/partsandpieces.nl\\\/?s={search_term_string}\"},\"query-input\":{\"@type\":\"PropertyValueSpecification\",\"valueRequired\":true,\"valueName\":\"search_term_string\"}}],\"inLanguage\":\"de\"}]}<\/script>\n<!-- \/ Yoast SEO plugin. -->","yoast_head_json":{"title":"Matter transparenter Lack f\u00fcr M\u00f6bel Invisible Touch","description":"Borma Wachs Invisible Touch Matt-Transparent-Lack f\u00fcr M\u00f6bel (0 GU) ist ein Lack auf Wasserbasis. Das Holz beh\u00e4lt sein nat\u00fcrliches Aussehen vollst\u00e4ndig.","robots":{"index":"index","follow":"follow","max-snippet":"max-snippet:-1","max-image-preview":"max-image-preview:large","max-video-preview":"max-video-preview:-1"},"canonical":"https:\/\/partsandpieces.nl\/de\/produkt\/matttransparenter-lack-fur-unsichtbare-mobelberuhrung\/","og_locale":"de_DE","og_type":"article","og_title":"Matte transparante lak voor meubels Invisible Touch","og_description":"Borma Wachs Invisible Touch matte transparante lak voor meubels (0 GU) is een watergedragen lak. Het hout behoudt volledig zijn natuurlijke uitstraling.","og_url":"https:\/\/partsandpieces.nl\/de\/produkt\/matttransparenter-lack-fur-unsichtbare-mobelberuhrung\/","og_site_name":"Parts &amp; Pieces","article_modified_time":"2026-04-07T11:12:08+00:00","og_image":[{"width":800,"height":800,"url":"https:\/\/partsandpieces.nl\/wp-content\/uploads\/2022\/09\/NAT4130.jpg","type":"image\/jpeg"}],"twitter_card":"summary_large_image","twitter_misc":{"Gesch\u00e4tzte Lesezeit":"1\u00a0Minute"},"schema":{"@context":"https:\/\/schema.org","@graph":[{"@type":"WebPage","@id":"https:\/\/partsandpieces.nl\/product\/matte-transparante-lak-voor-meubels-invisible-touch\/","url":"https:\/\/partsandpieces.nl\/product\/matte-transparante-lak-voor-meubels-invisible-touch\/","name":"Matter transparenter Lack f\u00fcr M\u00f6bel Invisible Touch","isPartOf":{"@id":"https:\/\/partsandpieces.nl\/#website"},"primaryImageOfPage":{"@id":"https:\/\/partsandpieces.nl\/product\/matte-transparante-lak-voor-meubels-invisible-touch\/#primaryimage"},"image":{"@id":"https:\/\/partsandpieces.nl\/product\/matte-transparante-lak-voor-meubels-invisible-touch\/#primaryimage"},"thumbnailUrl":"https:\/\/partsandpieces.nl\/wp-content\/uploads\/2022\/09\/NAT4130.jpg","datePublished":"2020-08-19T10:34:17+00:00","dateModified":"2026-04-07T11:12:08+00:00","description":"Borma Wachs Invisible Touch Matt-Transparent-Lack f\u00fcr M\u00f6bel (0 GU) ist ein Lack auf Wasserbasis. Das Holz beh\u00e4lt sein nat\u00fcrliches Aussehen vollst\u00e4ndig.","breadcrumb":{"@id":"https:\/\/partsandpieces.nl\/product\/matte-transparante-lak-voor-meubels-invisible-touch\/#breadcrumb"},"inLanguage":"de","potentialAction":[{"@type":"ReadAction","target":["https:\/\/partsandpieces.nl\/product\/matte-transparante-lak-voor-meubels-invisible-touch\/"]}]},{"@type":"ImageObject","inLanguage":"de","@id":"https:\/\/partsandpieces.nl\/product\/matte-transparante-lak-voor-meubels-invisible-touch\/#primaryimage","url":"https:\/\/partsandpieces.nl\/wp-content\/uploads\/2022\/09\/NAT4130.jpg","contentUrl":"https:\/\/partsandpieces.nl\/wp-content\/uploads\/2022\/09\/NAT4130.jpg","width":800,"height":800},{"@type":"BreadcrumbList","@id":"https:\/\/partsandpieces.nl\/product\/matte-transparante-lak-voor-meubels-invisible-touch\/#breadcrumb","itemListElement":[{"@type":"ListItem","position":1,"name":"Home","item":"https:\/\/partsandpieces.nl\/home\/"},{"@type":"ListItem","position":2,"name":"Winkel","item":"https:\/\/partsandpieces.nl\/winkel\/"},{"@type":"ListItem","position":3,"name":"Borma Wachs Invisible Touch Transparante Lak Ultra mat (0 GU)"}]},{"@type":"WebSite","@id":"https:\/\/partsandpieces.nl\/#website","url":"https:\/\/partsandpieces.nl\/","name":"Teile &amp; St\u00fccke","description":"Alles f\u00fcr Ihre M\u00f6belrestaurierung und -pflege!","potentialAction":[{"@type":"SearchAction","target":{"@type":"EntryPoint","urlTemplate":"https:\/\/partsandpieces.nl\/?s={search_term_string}"},"query-input":{"@type":"PropertyValueSpecification","valueRequired":true,"valueName":"search_term_string"}}],"inLanguage":"de"}]}},"_links":{"self":[{"href":"https:\/\/partsandpieces.nl\/de\/wp-json\/wp\/v2\/product\/1951","targetHints":{"allow":["GET"]}}],"collection":[{"href":"https:\/\/partsandpieces.nl\/de\/wp-json\/wp\/v2\/product"}],"about":[{"href":"https:\/\/partsandpieces.nl\/de\/wp-json\/wp\/v2\/types\/product"}],"wp:featuredmedia":[{"embeddable":true,"href":"https:\/\/partsandpieces.nl\/de\/wp-json\/wp\/v2\/media\/1952"}],"wp:attachment":[{"href":"https:\/\/partsandpieces.nl\/de\/wp-json\/wp\/v2\/media?parent=1951"}],"wp:term":[{"taxonomy":"product_brand","embeddable":true,"href":"https:\/\/partsandpieces.nl\/de\/wp-json\/wp\/v2\/product_brand?post=1951"},{"taxonomy":"product_cat","embeddable":true,"href":"https:\/\/partsandpieces.nl\/de\/wp-json\/wp\/v2\/product_cat?post=1951"},{"taxonomy":"product_tag","embeddable":true,"href":"https:\/\/partsandpieces.nl\/de\/wp-json\/wp\/v2\/product_tag?post=1951"}],"curies":[{"name":"wp","href":"https:\/\/api.w.org\/{rel}","templated":true}]}}