{"id":1985,"date":"2020-08-24T09:46:36","date_gmt":"2020-08-24T07:46:36","guid":{"rendered":"https:\/\/partsandpieces.bonsaidev.nl\/?product=natura-decor-lasur-750ml-81"},"modified":"2025-03-01T14:33:06","modified_gmt":"2025-03-01T13:33:06","slug":"opake-lasurfarbe-lnetgrun-auf-wasserbasis-aus-bormawachs","status":"publish","type":"product","link":"https:\/\/partsandpieces.nl\/de\/product\/dekkende-lazuur-kleur-lnetegroen-waterbasis-van-borma-wachs\/","title":{"rendered":"Borma Wachs Decklasur \/ Au\u00dfenbeize Fr\u00fchlingsgr\u00fcn (Farbton 81) auf Wasserbasis 750ml"},"content":{"rendered":"<p><strong>Deckende Lasur-Au\u00dfenbeize Fr\u00fchlingsgr\u00fcn (Farbe 81) auf Wasserbasis<\/strong>\u00a0von <a href=\"https:\/\/bormawachs.com\/?lang=2\">Borma Wachs<\/a> kann sowohl im Au\u00dfen- als auch im Innenbereich verwendet werden. Sie erhalten eine seidig gl\u00e4nzende Oberfl\u00e4che. Es kann auf allen Holzarten verwendet werden, ist aber besonders geeignet f\u00fcr <strong>Tropenholz<\/strong>. Diese Lasur hat eine hervorragende Deckkraft und eine hohe Lichtechtheit. Das gebrauchsfertige Produkt zeichnet sich durch hervorragende Elastizit\u00e4t aus und trocknet schnell. Mit einer sehr hochwertigen Harzbasis, UV-Filtern und Konservierungsmitteln sch\u00fctzt es Ihr Holz optimal vor biologischen Einfl\u00fcssen und Witterungseinfl\u00fcssen. Das Produkt l\u00e4sst sich leicht auftragen und tropft nicht.<\/p>\n<p><strong>Wetterresistent<\/strong><strong><br \/>\n<\/strong>Die Lasur sorgt auf nat\u00fcrliche Weise f\u00fcr eine gute Witterungsbest\u00e4ndigkeit und macht Ihr Holz widerstandsf\u00e4hig gegen Sch\u00e4den durch Feuchtigkeit, Pilzbefall, Holzf\u00e4ule, Schimmel, Algen, UV-Strahlung, Wespenfra\u00df und Alterung. So verl\u00e4ngert es die Lebensdauer Ihres Holzes.<\/p>\n<p><strong>F\u00fcr au\u00dfen und innen<\/strong><strong><br \/>\n<\/strong>Diese Lasur kann f\u00fcr alle Holzarten verwendet werden. Sie verwenden Lasur haupts\u00e4chlich im Au\u00dfenbereich an allen Orten, au\u00dfer dort, wo sie mit Grund- oder Oberfl\u00e4chenwasser in Ber\u00fchrung kommen. Sie k\u00f6nnen es aber auch im Innenbereich verwenden, um Holz vor Feuchtigkeit, Holzf\u00e4ule, Schimmel und Alterung zu sch\u00fctzen.<br \/>\nNach einiger Zeit, wenn die Farbe verwittert ist, k\u00f6nnen Sie die Lasur ohne weitere Vorbehandlung erneut auf das Holz auftragen.<\/p>\n<p>Verf\u00fcgbar in <a href=\"https:\/\/partsandpieces.nl\/de\/produktkategorie-2\/oberflachenbehandlung-2\/undurchsichtige-glasur-aus-bormawachs\/\">16 Farben und 2 Varianten<\/a>: auf Wasserbasis und auf \u00d6lbasis.<\/p>\n<p><strong>Umweltfreundlich<\/strong><strong><br \/>\n<\/strong>Da Borma Wachs Glaze Exterior Stain auf Wasserbasis hergestellt wird, ist es nicht umweltsch\u00e4dlich. Die Glasur ist gebrauchsfertig und einfach zu verarbeiten.<br \/>\nNeben dieser Lasur auf Wasserbasis habe ich auch die gleichen Farben auf \u00d6lbasis auf Lager.<\/p>\n<p><strong>Wie unterscheidet sich Decklasur Outdoor-Lasur Fr\u00fchlingsgr\u00fcn (Farbton 81) von wasserbasierter Lasur?<\/strong> <strong>eines normalen Au\u00dfenflecks?<\/strong><strong><br \/>\n<\/strong>Zus\u00e4tzlich zu den Eigenschaften einer normalen Au\u00dfenbeize bietet Borma Wachs Glaze Stain eine tiefe Impr\u00e4gnierung und Grundierung. Es ist also ein viel vollst\u00e4ndigeres Produkt. Mit 750 ml k\u00f6nnen Sie ca. 6 bis 9 m\u00b2 b\u00fcgeln.<\/p>\n<p><strong>Sch\u00fctzt vor<\/strong><strong><br \/>\n<\/strong>- Feuchtigkeit<br \/>\n\u2013 Pilz<br \/>\n\u2013 Holzf\u00e4ule<br \/>\n\u2013 Pilz<br \/>\n- Algen<br \/>\n- UV-Strahlung<br \/>\n\u2013 Wespenbefall<br \/>\n\u2013 Alterung<\/p>\n<p><strong>Anweisungen<\/strong><strong><br \/>\n<\/strong>\u2013 Die Glasur ist gebrauchsfertig<br \/>\n\u2013 Mit einem Pinsel auf die saubere und trockene Oberfl\u00e4che auftragen<br \/>\n\u2013 Im Freien mit mindestens zwei Anstrichen arbeiten. Die Trockenzeit betr\u00e4gt 4-6 Stunden nach dem ersten Auftrag. Die Wartezeit h\u00e4ngt von der aufgetragenen Schicht und dem Holz ab<br \/>\n\u2013 F\u00fcr die zweite Schicht leicht anschleifen<br \/>\n\u2013 Die Gesamttrocknungszeit betr\u00e4gt 24 Stunden<\/p>","protected":false},"excerpt":{"rendered":"<p>Dekkende Lazuur Buitenbeits Lentegroen (kleur 81) op waterbasis\u00a0van Borma Wachs is voor zowel buiten als binnen te gebruiken. Je krijgt een zijdeglanzend oppervlak. Het is op alle houtsoorten te gebruiken, maar vooral geschikt voor tropisch hout. Deze lazuur heeft een uitstekende dekking en een hoge lichtechtheid. Het gebruiksklare product kenmerkt zich door een uitstekende elasticiteit [&hellip;]<\/p>\n","protected":false},"featured_media":4090,"template":"","meta":{"_acf_changed":false},"product_brand":[],"product_cat":[64,71],"product_tag":[],"class_list":{"0":"post-1985","1":"product","2":"type-product","3":"status-publish","4":"has-post-thumbnail","6":"product_cat-oppervlakte-behandeling-borma-wachs","7":"product_cat-watergedragen-dekkende-lazuur-van-borma-wachs","9":"first","10":"instock","11":"taxable","12":"shipping-taxable","13":"purchasable","14":"product-type-simple"},"acf":[],"yoast_head":"<!-- This site is optimized with the Yoast SEO plugin v27.3 - https:\/\/yoast.com\/product\/yoast-seo-wordpress\/ -->\n<title>Dekkende lazuur kleur Lentegroen waterbasis van Borma Wachs<\/title>\n<meta name=\"description\" content=\"Dekkende lazuur buitenbeits kleur Lentegroen op waterbasis van Borma Wachs maakt je hout bestand tegen vocht, houtrot, schimmel, UV straling en vergrijzing.\" \/>\n<meta name=\"robots\" content=\"index, follow, max-snippet:-1, max-image-preview:large, max-video-preview:-1\" \/>\n<link rel=\"canonical\" href=\"https:\/\/partsandpieces.nl\/de\/produkt\/opake-lasurfarbe-lnetgrun-auf-wasserbasis-aus-bormawachs\/\" \/>\n<meta property=\"og:locale\" content=\"de_DE\" \/>\n<meta property=\"og:type\" content=\"article\" \/>\n<meta property=\"og:title\" content=\"Dekkende lazuur kleur Lentegroen waterbasis van Borma Wachs\" \/>\n<meta property=\"og:description\" content=\"Dekkende lazuur buitenbeits kleur Lentegroen op waterbasis van Borma Wachs maakt je hout bestand tegen vocht, houtrot, schimmel, UV straling en vergrijzing.\" \/>\n<meta property=\"og:url\" content=\"https:\/\/partsandpieces.nl\/de\/produkt\/opake-lasurfarbe-lnetgrun-auf-wasserbasis-aus-bormawachs\/\" \/>\n<meta property=\"og:site_name\" content=\"Parts &amp; Pieces\" \/>\n<meta property=\"article:modified_time\" content=\"2025-03-01T13:33:06+00:00\" \/>\n<meta property=\"og:image\" content=\"https:\/\/partsandpieces.nl\/wp-content\/uploads\/2020\/08\/NAT3315XX-DEC.jpg\" \/>\n\t<meta property=\"og:image:width\" content=\"800\" \/>\n\t<meta property=\"og:image:height\" content=\"800\" \/>\n\t<meta property=\"og:image:type\" content=\"image\/jpeg\" \/>\n<meta name=\"twitter:card\" content=\"summary_large_image\" \/>\n<meta name=\"twitter:label1\" content=\"Gesch\u00e4tzte Lesezeit\" \/>\n\t<meta name=\"twitter:data1\" content=\"2\u00a0Minuten\" \/>\n<script type=\"application\/ld+json\" class=\"yoast-schema-graph\">{\"@context\":\"https:\\\/\\\/schema.org\",\"@graph\":[{\"@type\":\"WebPage\",\"@id\":\"https:\\\/\\\/partsandpieces.nl\\\/product\\\/dekkende-lazuur-kleur-lnetegroen-waterbasis-van-borma-wachs\\\/\",\"url\":\"https:\\\/\\\/partsandpieces.nl\\\/product\\\/dekkende-lazuur-kleur-lnetegroen-waterbasis-van-borma-wachs\\\/\",\"name\":\"Dekkende lazuur kleur Lentegroen waterbasis van Borma Wachs\",\"isPartOf\":{\"@id\":\"https:\\\/\\\/partsandpieces.nl\\\/#website\"},\"primaryImageOfPage\":{\"@id\":\"https:\\\/\\\/partsandpieces.nl\\\/product\\\/dekkende-lazuur-kleur-lnetegroen-waterbasis-van-borma-wachs\\\/#primaryimage\"},\"image\":{\"@id\":\"https:\\\/\\\/partsandpieces.nl\\\/product\\\/dekkende-lazuur-kleur-lnetegroen-waterbasis-van-borma-wachs\\\/#primaryimage\"},\"thumbnailUrl\":\"https:\\\/\\\/partsandpieces.nl\\\/wp-content\\\/uploads\\\/2020\\\/08\\\/NAT3315XX-DEC.jpg\",\"datePublished\":\"2020-08-24T07:46:36+00:00\",\"dateModified\":\"2025-03-01T13:33:06+00:00\",\"description\":\"Dekkende lazuur buitenbeits kleur Lentegroen op waterbasis van Borma Wachs maakt je hout bestand tegen vocht, houtrot, schimmel, UV straling en vergrijzing.\",\"breadcrumb\":{\"@id\":\"https:\\\/\\\/partsandpieces.nl\\\/product\\\/dekkende-lazuur-kleur-lnetegroen-waterbasis-van-borma-wachs\\\/#breadcrumb\"},\"inLanguage\":\"de\",\"potentialAction\":[{\"@type\":\"ReadAction\",\"target\":[\"https:\\\/\\\/partsandpieces.nl\\\/product\\\/dekkende-lazuur-kleur-lnetegroen-waterbasis-van-borma-wachs\\\/\"]}]},{\"@type\":\"ImageObject\",\"inLanguage\":\"de\",\"@id\":\"https:\\\/\\\/partsandpieces.nl\\\/product\\\/dekkende-lazuur-kleur-lnetegroen-waterbasis-van-borma-wachs\\\/#primaryimage\",\"url\":\"https:\\\/\\\/partsandpieces.nl\\\/wp-content\\\/uploads\\\/2020\\\/08\\\/NAT3315XX-DEC.jpg\",\"contentUrl\":\"https:\\\/\\\/partsandpieces.nl\\\/wp-content\\\/uploads\\\/2020\\\/08\\\/NAT3315XX-DEC.jpg\",\"width\":800,\"height\":800,\"caption\":\"Watergedragen dekkende lazuur van Borma Wachs\"},{\"@type\":\"BreadcrumbList\",\"@id\":\"https:\\\/\\\/partsandpieces.nl\\\/product\\\/dekkende-lazuur-kleur-lnetegroen-waterbasis-van-borma-wachs\\\/#breadcrumb\",\"itemListElement\":[{\"@type\":\"ListItem\",\"position\":1,\"name\":\"Home\",\"item\":\"https:\\\/\\\/partsandpieces.nl\\\/home\\\/\"},{\"@type\":\"ListItem\",\"position\":2,\"name\":\"Winkel\",\"item\":\"https:\\\/\\\/partsandpieces.nl\\\/winkel\\\/\"},{\"@type\":\"ListItem\",\"position\":3,\"name\":\"Borma Wachs dekkende Lazuur \\\/ buitenbeits Lentegroen (kleur 81) op waterbasis 750ml\"}]},{\"@type\":\"WebSite\",\"@id\":\"https:\\\/\\\/partsandpieces.nl\\\/#website\",\"url\":\"https:\\\/\\\/partsandpieces.nl\\\/\",\"name\":\"Parts &amp; Pieces\",\"description\":\"Alles voor uw meubelrestauratie en -onderhoud!\",\"potentialAction\":[{\"@type\":\"SearchAction\",\"target\":{\"@type\":\"EntryPoint\",\"urlTemplate\":\"https:\\\/\\\/partsandpieces.nl\\\/?s={search_term_string}\"},\"query-input\":{\"@type\":\"PropertyValueSpecification\",\"valueRequired\":true,\"valueName\":\"search_term_string\"}}],\"inLanguage\":\"de\"}]}<\/script>\n<!-- \/ Yoast SEO plugin. -->","yoast_head_json":{"title":"Deckende Lasurfarbe Spring Green auf Wasserbasis Borma Wachs","description":"Die deckende Lasur-Au\u00dfenbeize Spring Green auf Wasserbasis von Borma Wachs macht Ihr Holz resistent gegen Feuchtigkeit, Holzf\u00e4ule, Schimmel, UV-Strahlung und Vergrauung.","robots":{"index":"index","follow":"follow","max-snippet":"max-snippet:-1","max-image-preview":"max-image-preview:large","max-video-preview":"max-video-preview:-1"},"canonical":"https:\/\/partsandpieces.nl\/de\/produkt\/opake-lasurfarbe-lnetgrun-auf-wasserbasis-aus-bormawachs\/","og_locale":"de_DE","og_type":"article","og_title":"Dekkende lazuur kleur Lentegroen waterbasis van Borma Wachs","og_description":"Dekkende lazuur buitenbeits kleur Lentegroen op waterbasis van Borma Wachs maakt je hout bestand tegen vocht, houtrot, schimmel, UV straling en vergrijzing.","og_url":"https:\/\/partsandpieces.nl\/de\/produkt\/opake-lasurfarbe-lnetgrun-auf-wasserbasis-aus-bormawachs\/","og_site_name":"Parts &amp; Pieces","article_modified_time":"2025-03-01T13:33:06+00:00","og_image":[{"width":800,"height":800,"url":"https:\/\/partsandpieces.nl\/wp-content\/uploads\/2020\/08\/NAT3315XX-DEC.jpg","type":"image\/jpeg"}],"twitter_card":"summary_large_image","twitter_misc":{"Gesch\u00e4tzte Lesezeit":"2\u00a0Minuten"},"schema":{"@context":"https:\/\/schema.org","@graph":[{"@type":"WebPage","@id":"https:\/\/partsandpieces.nl\/product\/dekkende-lazuur-kleur-lnetegroen-waterbasis-van-borma-wachs\/","url":"https:\/\/partsandpieces.nl\/product\/dekkende-lazuur-kleur-lnetegroen-waterbasis-van-borma-wachs\/","name":"Deckende Lasurfarbe Spring Green auf Wasserbasis Borma Wachs","isPartOf":{"@id":"https:\/\/partsandpieces.nl\/#website"},"primaryImageOfPage":{"@id":"https:\/\/partsandpieces.nl\/product\/dekkende-lazuur-kleur-lnetegroen-waterbasis-van-borma-wachs\/#primaryimage"},"image":{"@id":"https:\/\/partsandpieces.nl\/product\/dekkende-lazuur-kleur-lnetegroen-waterbasis-van-borma-wachs\/#primaryimage"},"thumbnailUrl":"https:\/\/partsandpieces.nl\/wp-content\/uploads\/2020\/08\/NAT3315XX-DEC.jpg","datePublished":"2020-08-24T07:46:36+00:00","dateModified":"2025-03-01T13:33:06+00:00","description":"Die deckende Lasur-Au\u00dfenbeize Spring Green auf Wasserbasis von Borma Wachs macht Ihr Holz resistent gegen Feuchtigkeit, Holzf\u00e4ule, Schimmel, UV-Strahlung und Vergrauung.","breadcrumb":{"@id":"https:\/\/partsandpieces.nl\/product\/dekkende-lazuur-kleur-lnetegroen-waterbasis-van-borma-wachs\/#breadcrumb"},"inLanguage":"de","potentialAction":[{"@type":"ReadAction","target":["https:\/\/partsandpieces.nl\/product\/dekkende-lazuur-kleur-lnetegroen-waterbasis-van-borma-wachs\/"]}]},{"@type":"ImageObject","inLanguage":"de","@id":"https:\/\/partsandpieces.nl\/product\/dekkende-lazuur-kleur-lnetegroen-waterbasis-van-borma-wachs\/#primaryimage","url":"https:\/\/partsandpieces.nl\/wp-content\/uploads\/2020\/08\/NAT3315XX-DEC.jpg","contentUrl":"https:\/\/partsandpieces.nl\/wp-content\/uploads\/2020\/08\/NAT3315XX-DEC.jpg","width":800,"height":800,"caption":"Watergedragen dekkende lazuur van Borma Wachs"},{"@type":"BreadcrumbList","@id":"https:\/\/partsandpieces.nl\/product\/dekkende-lazuur-kleur-lnetegroen-waterbasis-van-borma-wachs\/#breadcrumb","itemListElement":[{"@type":"ListItem","position":1,"name":"Home","item":"https:\/\/partsandpieces.nl\/home\/"},{"@type":"ListItem","position":2,"name":"Winkel","item":"https:\/\/partsandpieces.nl\/winkel\/"},{"@type":"ListItem","position":3,"name":"Borma Wachs dekkende Lazuur \/ buitenbeits Lentegroen (kleur 81) op waterbasis 750ml"}]},{"@type":"WebSite","@id":"https:\/\/partsandpieces.nl\/#website","url":"https:\/\/partsandpieces.nl\/","name":"Teile &amp; St\u00fccke","description":"Alles f\u00fcr Ihre M\u00f6belrestaurierung und -pflege!","potentialAction":[{"@type":"SearchAction","target":{"@type":"EntryPoint","urlTemplate":"https:\/\/partsandpieces.nl\/?s={search_term_string}"},"query-input":{"@type":"PropertyValueSpecification","valueRequired":true,"valueName":"search_term_string"}}],"inLanguage":"de"}]}},"_links":{"self":[{"href":"https:\/\/partsandpieces.nl\/de\/wp-json\/wp\/v2\/product\/1985","targetHints":{"allow":["GET"]}}],"collection":[{"href":"https:\/\/partsandpieces.nl\/de\/wp-json\/wp\/v2\/product"}],"about":[{"href":"https:\/\/partsandpieces.nl\/de\/wp-json\/wp\/v2\/types\/product"}],"wp:featuredmedia":[{"embeddable":true,"href":"https:\/\/partsandpieces.nl\/de\/wp-json\/wp\/v2\/media\/4090"}],"wp:attachment":[{"href":"https:\/\/partsandpieces.nl\/de\/wp-json\/wp\/v2\/media?parent=1985"}],"wp:term":[{"taxonomy":"product_brand","embeddable":true,"href":"https:\/\/partsandpieces.nl\/de\/wp-json\/wp\/v2\/product_brand?post=1985"},{"taxonomy":"product_cat","embeddable":true,"href":"https:\/\/partsandpieces.nl\/de\/wp-json\/wp\/v2\/product_cat?post=1985"},{"taxonomy":"product_tag","embeddable":true,"href":"https:\/\/partsandpieces.nl\/de\/wp-json\/wp\/v2\/product_tag?post=1985"}],"curies":[{"name":"wp","href":"https:\/\/api.w.org\/{rel}","templated":true}]}}