{"id":2023,"date":"2020-08-24T12:13:01","date_gmt":"2020-08-24T12:13:01","guid":{"rendered":"https:\/\/partsandpieces.bonsaidev.nl\/?product=nat-holzwachslasur-750ml-groen"},"modified":"2026-03-07T10:25:15","modified_gmt":"2026-03-07T09:25:15","slug":"borma-wachs-lasurbeize-grun-farbe-136-auf-wasserbasis-750-ml","status":"publish","type":"product","link":"https:\/\/partsandpieces.nl\/de\/product\/borma-wachs-lazuur-beits-groen-kleur-136-op-waterbasis-750ml\/","title":{"rendered":"Borma Wachs Lasur \/ Au\u00dfenbeize Gr\u00fcn (Farbton 136) auf Wasserbasis 750ml"},"content":{"rendered":"<p><strong>Lasurbeize Gr\u00fcn (Farbe 136) auf Wasserbasis<\/strong> von <a href=\"https:\/\/bormawachs.com\/?lang=2\">Borma Wachs<\/a> kann sowohl im Au\u00dfen- als auch im Innenbereich verwendet werden. Es ist nicht deckend, sodass es die Maserung vertieft und daf\u00fcr sorgt, dass die Holzstruktur erhalten bleibt. Die Lasur dringt tief in das Holz ein und bietet so Schutz vor \u00e4u\u00dferen Einfl\u00fcssen.<\/p>\n<p><strong>Wetterresistent<\/strong><strong><br \/>\n<\/strong>Die Lasur sorgt auf nat\u00fcrliche Weise f\u00fcr eine gute Witterungsbest\u00e4ndigkeit und macht Ihr Holz widerstandsf\u00e4hig gegen Sch\u00e4den durch Feuchtigkeit, Pilzbefall, Holzf\u00e4ule, Schimmel, Algen, UV-Strahlung, Wespenfra\u00df und Alterung. So verl\u00e4ngert es die Lebensdauer Ihres Holzes.<\/p>\n<p><strong>F\u00fcr au\u00dfen und innen<\/strong><strong><br \/>\n<\/strong>Diese Lasur kann f\u00fcr alle Holzarten verwendet werden. Sie verwenden Lasur haupts\u00e4chlich im Au\u00dfenbereich an allen Orten, au\u00dfer dort, wo sie mit Grund- oder Oberfl\u00e4chenwasser in Ber\u00fchrung kommen. Sie k\u00f6nnen es aber auch im Innenbereich verwenden, um Holz vor Feuchtigkeit, Holzf\u00e4ule, Schimmel und Alterung zu sch\u00fctzen.<br \/>\nNach einiger Zeit, wenn die Farbe verwittert ist, k\u00f6nnen Sie die Lasur ohne weitere Vorbehandlung erneut auf das Holz auftragen.<\/p>\n<p><strong>Umweltfreundlich<\/strong><strong><br \/>\n<\/strong>Da Borma Wachs Glaze Stain auf Wasserbasis hergestellt wird, ist es nicht umweltsch\u00e4dlich. Die Glasur ist gebrauchsfertig und einfach zu verarbeiten.<br \/>\nNeben der wasserbasierten Glasur habe ich auch noch <a href=\"https:\/\/partsandpieces.nl\/de\/produktkategorie-2\/oberflachenbehandlung-2\/lazuur-op-waterbasis-van-borma-wachs\/\">\u00f6lbasierte Glasur<\/a> in verschiedenen Farben auf Lager.<\/p>\n<p><strong>Wie unterscheidet sich Stain Stain Green (Farbe 136) auf Wasserbasis?<\/strong> <strong>eines normalen Au\u00dfenflecks?<\/strong><strong><br \/>\n<\/strong>Zus\u00e4tzlich zu den Eigenschaften einer normalen Au\u00dfenbeize bietet Borma Wachs Glaze Stain eine tiefe Impr\u00e4gnierung und Grundierung. Es ist also ein viel vollst\u00e4ndigeres Produkt.<\/p>\n<p><strong>Sch\u00fctzt vor<\/strong><strong><br \/>\n<\/strong>- Feuchtigkeit<br \/>\n\u2013 Pilz<br \/>\n\u2013 Holzf\u00e4ule<br \/>\n\u2013 Pilz<br \/>\n- Algen<br \/>\n- UV-Strahlung<br \/>\n\u2013 Wespenbefall<br \/>\n\u2013 Alterung<\/p>\n<p><strong>Anweisungen<\/strong><strong><br \/>\n<\/strong>\u2013 Die Glasur ist gebrauchsfertig<br \/>\n\u2013 Mit einem Pinsel auf die saubere und trockene Oberfl\u00e4che auftragen<br \/>\n\u2013 Im Freien mit mindestens zwei Anstrichen arbeiten. Die Trockenzeit betr\u00e4gt 4-6 Stunden nach dem ersten Auftrag. Die Wartezeit h\u00e4ngt von der aufgetragenen Schicht und dem Holz ab<br \/>\n\u2013 F\u00fcr die zweite Schicht leicht anschleifen<br \/>\n\u2013 Die Gesamttrocknungszeit betr\u00e4gt 24 Stunden<\/p>","protected":false},"excerpt":{"rendered":"<p>Lazuur Beits Groen (kleur 136) op waterbasis van Borma Wachs is voor zowel buiten als binnen te gebruiken. Het is niet dekkend, waardoor het de nerf verdiept en zorgt voor het behoud van de houtstructuur. De lazuur dringt diep door in het hout en zorgt dus voor bescherming tegen de invloeden van buiten. Weersbestendig De [&hellip;]<\/p>\n","protected":false},"featured_media":63,"template":"","meta":{"_acf_changed":false},"product_brand":[],"product_cat":[64,122],"product_tag":[],"class_list":{"0":"post-2023","1":"product","2":"type-product","3":"status-publish","4":"has-post-thumbnail","6":"product_cat-oppervlakte-behandeling-borma-wachs","7":"product_cat-watergedragen-lazuur-van-borma-wachs","9":"first","10":"instock","11":"taxable","12":"shipping-taxable","13":"purchasable","14":"product-type-simple"},"acf":[],"yoast_head":"<!-- This site is optimized with the Yoast SEO plugin v27.3 - https:\/\/yoast.com\/product\/yoast-seo-wordpress\/ -->\n<title>Lazuur kleur Groen op waterbasis van Borma Wachs<\/title>\n<meta name=\"description\" content=\"Lazuur kleur Groen op waterbasis van Borma Wachs maakt je hout op milieuvriendelijke wijze bestand tegen vocht, houtrot, schimmel en UV straling.\" \/>\n<meta name=\"robots\" content=\"index, follow, max-snippet:-1, max-image-preview:large, max-video-preview:-1\" \/>\n<link rel=\"canonical\" href=\"https:\/\/partsandpieces.nl\/de\/produkt\/borma-wachs-lasurbeize-grun-farbe-136-auf-wasserbasis-750-ml\/\" \/>\n<meta property=\"og:locale\" content=\"de_DE\" \/>\n<meta property=\"og:type\" content=\"article\" \/>\n<meta property=\"og:title\" content=\"Lazuur kleur Groen op waterbasis van Borma Wachs\" \/>\n<meta property=\"og:description\" content=\"Lazuur kleur Groen op waterbasis van Borma Wachs maakt je hout op milieuvriendelijke wijze bestand tegen vocht, houtrot, schimmel en UV straling.\" \/>\n<meta property=\"og:url\" content=\"https:\/\/partsandpieces.nl\/de\/produkt\/borma-wachs-lasurbeize-grun-farbe-136-auf-wasserbasis-750-ml\/\" \/>\n<meta property=\"og:site_name\" content=\"Parts &amp; Pieces\" \/>\n<meta property=\"article:modified_time\" content=\"2026-03-07T09:25:15+00:00\" \/>\n<meta property=\"og:image\" content=\"https:\/\/partsandpieces.nl\/wp-content\/uploads\/2022\/09\/NAT.Holzwachslasur750mlDouglas.jpg\" \/>\n\t<meta property=\"og:image:width\" content=\"600\" \/>\n\t<meta property=\"og:image:height\" content=\"600\" \/>\n\t<meta property=\"og:image:type\" content=\"image\/jpeg\" \/>\n<meta name=\"twitter:card\" content=\"summary_large_image\" \/>\n<meta name=\"twitter:label1\" content=\"Gesch\u00e4tzte Lesezeit\" \/>\n\t<meta name=\"twitter:data1\" content=\"2\u00a0Minuten\" \/>\n<script type=\"application\/ld+json\" class=\"yoast-schema-graph\">{\"@context\":\"https:\\\/\\\/schema.org\",\"@graph\":[{\"@type\":\"WebPage\",\"@id\":\"https:\\\/\\\/partsandpieces.nl\\\/product\\\/borma-wachs-lazuur-beits-groen-kleur-136-op-waterbasis-750ml\\\/\",\"url\":\"https:\\\/\\\/partsandpieces.nl\\\/product\\\/borma-wachs-lazuur-beits-groen-kleur-136-op-waterbasis-750ml\\\/\",\"name\":\"Lazuur kleur Groen op waterbasis van Borma Wachs\",\"isPartOf\":{\"@id\":\"https:\\\/\\\/partsandpieces.nl\\\/#website\"},\"primaryImageOfPage\":{\"@id\":\"https:\\\/\\\/partsandpieces.nl\\\/product\\\/borma-wachs-lazuur-beits-groen-kleur-136-op-waterbasis-750ml\\\/#primaryimage\"},\"image\":{\"@id\":\"https:\\\/\\\/partsandpieces.nl\\\/product\\\/borma-wachs-lazuur-beits-groen-kleur-136-op-waterbasis-750ml\\\/#primaryimage\"},\"thumbnailUrl\":\"https:\\\/\\\/partsandpieces.nl\\\/wp-content\\\/uploads\\\/2022\\\/09\\\/NAT.Holzwachslasur750mlDouglas.jpg\",\"datePublished\":\"2020-08-24T12:13:01+00:00\",\"dateModified\":\"2026-03-07T09:25:15+00:00\",\"description\":\"Lazuur kleur Groen op waterbasis van Borma Wachs maakt je hout op milieuvriendelijke wijze bestand tegen vocht, houtrot, schimmel en UV straling.\",\"breadcrumb\":{\"@id\":\"https:\\\/\\\/partsandpieces.nl\\\/product\\\/borma-wachs-lazuur-beits-groen-kleur-136-op-waterbasis-750ml\\\/#breadcrumb\"},\"inLanguage\":\"de\",\"potentialAction\":[{\"@type\":\"ReadAction\",\"target\":[\"https:\\\/\\\/partsandpieces.nl\\\/product\\\/borma-wachs-lazuur-beits-groen-kleur-136-op-waterbasis-750ml\\\/\"]}]},{\"@type\":\"ImageObject\",\"inLanguage\":\"de\",\"@id\":\"https:\\\/\\\/partsandpieces.nl\\\/product\\\/borma-wachs-lazuur-beits-groen-kleur-136-op-waterbasis-750ml\\\/#primaryimage\",\"url\":\"https:\\\/\\\/partsandpieces.nl\\\/wp-content\\\/uploads\\\/2022\\\/09\\\/NAT.Holzwachslasur750mlDouglas.jpg\",\"contentUrl\":\"https:\\\/\\\/partsandpieces.nl\\\/wp-content\\\/uploads\\\/2022\\\/09\\\/NAT.Holzwachslasur750mlDouglas.jpg\",\"width\":600,\"height\":600},{\"@type\":\"BreadcrumbList\",\"@id\":\"https:\\\/\\\/partsandpieces.nl\\\/product\\\/borma-wachs-lazuur-beits-groen-kleur-136-op-waterbasis-750ml\\\/#breadcrumb\",\"itemListElement\":[{\"@type\":\"ListItem\",\"position\":1,\"name\":\"Home\",\"item\":\"https:\\\/\\\/partsandpieces.nl\\\/home\\\/\"},{\"@type\":\"ListItem\",\"position\":2,\"name\":\"Winkel\",\"item\":\"https:\\\/\\\/partsandpieces.nl\\\/winkel\\\/\"},{\"@type\":\"ListItem\",\"position\":3,\"name\":\"Borma Wachs Lazuur \\\/ buitenbeits Groen (kleur 136) op waterbasis 750ml\"}]},{\"@type\":\"WebSite\",\"@id\":\"https:\\\/\\\/partsandpieces.nl\\\/#website\",\"url\":\"https:\\\/\\\/partsandpieces.nl\\\/\",\"name\":\"Parts &amp; Pieces\",\"description\":\"Alles voor uw meubelrestauratie en -onderhoud!\",\"potentialAction\":[{\"@type\":\"SearchAction\",\"target\":{\"@type\":\"EntryPoint\",\"urlTemplate\":\"https:\\\/\\\/partsandpieces.nl\\\/?s={search_term_string}\"},\"query-input\":{\"@type\":\"PropertyValueSpecification\",\"valueRequired\":true,\"valueName\":\"search_term_string\"}}],\"inLanguage\":\"de\"}]}<\/script>\n<!-- \/ Yoast SEO plugin. -->","yoast_head_json":{"title":"Glasurfarbe Gr\u00fcn auf Wasserbasis von Borma Wachs","description":"Die wasserbasierte Lasurfarbe Gr\u00fcn von Borma Wachs macht Ihr Holz auf umweltfreundliche Weise resistent gegen Feuchtigkeit, Holzf\u00e4ule, Schimmel und UV-Strahlung.","robots":{"index":"index","follow":"follow","max-snippet":"max-snippet:-1","max-image-preview":"max-image-preview:large","max-video-preview":"max-video-preview:-1"},"canonical":"https:\/\/partsandpieces.nl\/de\/produkt\/borma-wachs-lasurbeize-grun-farbe-136-auf-wasserbasis-750-ml\/","og_locale":"de_DE","og_type":"article","og_title":"Lazuur kleur Groen op waterbasis van Borma Wachs","og_description":"Lazuur kleur Groen op waterbasis van Borma Wachs maakt je hout op milieuvriendelijke wijze bestand tegen vocht, houtrot, schimmel en UV straling.","og_url":"https:\/\/partsandpieces.nl\/de\/produkt\/borma-wachs-lasurbeize-grun-farbe-136-auf-wasserbasis-750-ml\/","og_site_name":"Parts &amp; Pieces","article_modified_time":"2026-03-07T09:25:15+00:00","og_image":[{"width":600,"height":600,"url":"https:\/\/partsandpieces.nl\/wp-content\/uploads\/2022\/09\/NAT.Holzwachslasur750mlDouglas.jpg","type":"image\/jpeg"}],"twitter_card":"summary_large_image","twitter_misc":{"Gesch\u00e4tzte Lesezeit":"2\u00a0Minuten"},"schema":{"@context":"https:\/\/schema.org","@graph":[{"@type":"WebPage","@id":"https:\/\/partsandpieces.nl\/product\/borma-wachs-lazuur-beits-groen-kleur-136-op-waterbasis-750ml\/","url":"https:\/\/partsandpieces.nl\/product\/borma-wachs-lazuur-beits-groen-kleur-136-op-waterbasis-750ml\/","name":"Glasurfarbe Gr\u00fcn auf Wasserbasis von Borma Wachs","isPartOf":{"@id":"https:\/\/partsandpieces.nl\/#website"},"primaryImageOfPage":{"@id":"https:\/\/partsandpieces.nl\/product\/borma-wachs-lazuur-beits-groen-kleur-136-op-waterbasis-750ml\/#primaryimage"},"image":{"@id":"https:\/\/partsandpieces.nl\/product\/borma-wachs-lazuur-beits-groen-kleur-136-op-waterbasis-750ml\/#primaryimage"},"thumbnailUrl":"https:\/\/partsandpieces.nl\/wp-content\/uploads\/2022\/09\/NAT.Holzwachslasur750mlDouglas.jpg","datePublished":"2020-08-24T12:13:01+00:00","dateModified":"2026-03-07T09:25:15+00:00","description":"Die wasserbasierte Lasurfarbe Gr\u00fcn von Borma Wachs macht Ihr Holz auf umweltfreundliche Weise resistent gegen Feuchtigkeit, Holzf\u00e4ule, Schimmel und UV-Strahlung.","breadcrumb":{"@id":"https:\/\/partsandpieces.nl\/product\/borma-wachs-lazuur-beits-groen-kleur-136-op-waterbasis-750ml\/#breadcrumb"},"inLanguage":"de","potentialAction":[{"@type":"ReadAction","target":["https:\/\/partsandpieces.nl\/product\/borma-wachs-lazuur-beits-groen-kleur-136-op-waterbasis-750ml\/"]}]},{"@type":"ImageObject","inLanguage":"de","@id":"https:\/\/partsandpieces.nl\/product\/borma-wachs-lazuur-beits-groen-kleur-136-op-waterbasis-750ml\/#primaryimage","url":"https:\/\/partsandpieces.nl\/wp-content\/uploads\/2022\/09\/NAT.Holzwachslasur750mlDouglas.jpg","contentUrl":"https:\/\/partsandpieces.nl\/wp-content\/uploads\/2022\/09\/NAT.Holzwachslasur750mlDouglas.jpg","width":600,"height":600},{"@type":"BreadcrumbList","@id":"https:\/\/partsandpieces.nl\/product\/borma-wachs-lazuur-beits-groen-kleur-136-op-waterbasis-750ml\/#breadcrumb","itemListElement":[{"@type":"ListItem","position":1,"name":"Home","item":"https:\/\/partsandpieces.nl\/home\/"},{"@type":"ListItem","position":2,"name":"Winkel","item":"https:\/\/partsandpieces.nl\/winkel\/"},{"@type":"ListItem","position":3,"name":"Borma Wachs Lazuur \/ buitenbeits Groen (kleur 136) op waterbasis 750ml"}]},{"@type":"WebSite","@id":"https:\/\/partsandpieces.nl\/#website","url":"https:\/\/partsandpieces.nl\/","name":"Teile &amp; St\u00fccke","description":"Alles f\u00fcr Ihre M\u00f6belrestaurierung und -pflege!","potentialAction":[{"@type":"SearchAction","target":{"@type":"EntryPoint","urlTemplate":"https:\/\/partsandpieces.nl\/?s={search_term_string}"},"query-input":{"@type":"PropertyValueSpecification","valueRequired":true,"valueName":"search_term_string"}}],"inLanguage":"de"}]}},"_links":{"self":[{"href":"https:\/\/partsandpieces.nl\/de\/wp-json\/wp\/v2\/product\/2023","targetHints":{"allow":["GET"]}}],"collection":[{"href":"https:\/\/partsandpieces.nl\/de\/wp-json\/wp\/v2\/product"}],"about":[{"href":"https:\/\/partsandpieces.nl\/de\/wp-json\/wp\/v2\/types\/product"}],"wp:featuredmedia":[{"embeddable":true,"href":"https:\/\/partsandpieces.nl\/de\/wp-json\/wp\/v2\/media\/63"}],"wp:attachment":[{"href":"https:\/\/partsandpieces.nl\/de\/wp-json\/wp\/v2\/media?parent=2023"}],"wp:term":[{"taxonomy":"product_brand","embeddable":true,"href":"https:\/\/partsandpieces.nl\/de\/wp-json\/wp\/v2\/product_brand?post=2023"},{"taxonomy":"product_cat","embeddable":true,"href":"https:\/\/partsandpieces.nl\/de\/wp-json\/wp\/v2\/product_cat?post=2023"},{"taxonomy":"product_tag","embeddable":true,"href":"https:\/\/partsandpieces.nl\/de\/wp-json\/wp\/v2\/product_tag?post=2023"}],"curies":[{"name":"wp","href":"https:\/\/api.w.org\/{rel}","templated":true}]}}