{"id":2057,"date":"2020-08-29T14:20:19","date_gmt":"2020-08-29T12:20:19","guid":{"rendered":"https:\/\/partsandpieces.bonsaidev.nl\/?product=borma-wachs-sauna-olie-1-liter"},"modified":"2026-04-01T01:07:18","modified_gmt":"2026-03-31T23:07:18","slug":"borma-wachs-saunapflegeol-1-liter","status":"publish","type":"product","link":"https:\/\/partsandpieces.nl\/de\/product\/borma-wachs-sauna-onderhoudsolie-1-liter\/","title":{"rendered":"Borma Wachs Sauna-Pflege\u00f6l 1 Liter"},"content":{"rendered":"<h5><strong>Was ist Borma Wachs-\u00d6l f\u00fcr die Saunapflege?<\/strong><\/h5>\n<p>Borma Wachs Sauna Maintenance Oil ist ein speziell entwickeltes hochwertiges \u00d6l f\u00fcr die Saunapflege. Mit diesem \u00d6l behandeln und pflegen Sie die Innenfl\u00e4chen von Saunen (B\u00e4nke, Bel\u00e4ge und B\u00f6den).<br \/>\nDieses \u00d6l eignet sich hervorragend zur Behandlung von Saunaholz und verleiht dem Holz einen sch\u00f6nen Glanz und ein nat\u00fcrliches Aussehen.<br \/>\nDurch die regelm\u00e4\u00dfige Anwendung dieses \u00d6ls bleibt Ihre Sauna in einem Top-Zustand und Sie sch\u00fctzen das Saunaholz vor \u00e4u\u00dferen Einfl\u00fcssen. So bleibt Ihre Sauna l\u00e4nger sch\u00f6n und das Holz h\u00e4lt l\u00e4nger.<\/p>\n<p><strong>Mit dem Borma Wachs Sauna-Pflege\u00f6l k\u00f6nnen Sie eine gepflegte und sch\u00f6ne Sauna optimal genie\u00dfen! <\/strong><\/p>\n<h5><strong>Vorteile der Verwendung von Sauna-Pflege\u00f6l<\/strong><\/h5>\n<p>Dieses \u00d6l zur Saunapflege bietet verschiedene Vorteile zum Schutz des Holzes in Ihrer Sauna.<br \/>\nErstens verl\u00e4ngert es die Lebensdauer des Holzes durch... <strong>vor Feuchtigkeit und Schimmelbildung sch\u00fctzen<\/strong>. Durch die regelm\u00e4\u00dfige Anwendung von Sauna-Pflege\u00f6l wird verhindert, dass das Holz verrottet oder durch Feuchtigkeit besch\u00e4digt wird.<br \/>\nDar\u00fcber hinaus sorgt das \u00d6l daf\u00fcr <strong>Holz trocknet nicht aus<\/strong> und Risse, wodurch die Struktur und Qualit\u00e4t des Holzes erhalten bleibt. Das \u00d6l sorgt auch f\u00fcr eine... <strong>sch\u00f6ner Glanz und Aussehen des Holzes<\/strong>Damit Ihre Sauna immer wie neu aussieht. Farbe und Maserung werden auf nat\u00fcrliche Weise wiederbelebt.<br \/>\nEs <strong>verlangsamt den Alterungsprozess des Holzes,<\/strong> damit Sie Ihre Sauna l\u00e4nger genie\u00dfen k\u00f6nnen. Schlie\u00dflich macht das \u00d6l das Holz <strong>wasserabweisend<\/strong>Dadurch ist es widerstandsf\u00e4higer gegen Feuchtigkeit und Temperaturschwankungen.<br \/>\n<strong><br \/>\nDurch die regelm\u00e4\u00dfige Behandlung des Holzes mit Sauna-Pflege\u00f6l bleibt Ihre Sauna in optimalem Zustand und Sie haben l\u00e4nger Freude daran.<\/strong><\/p>\n<h5><strong>Wie verwende ich Borma Wachs Sauna-Pflege\u00f6l?<\/strong><\/h5>\n<p>\u2013 Zu behandelnde Oberfl\u00e4che reinigen und entfetten. Wenn das Sofa bereits behandelt wurde oder besch\u00e4digt ist, schleifen Sie es mit Schleifpapier ab<br \/>\n\u2013 Das \u00d6l zur Saunapflege ist sofort gebrauchsfertig. Mit einem Pinsel oder Baumwolltuch auftragen und das Holz das \u00d6l aufnehmen lassen<br \/>\n\u2013 Bei sehr por\u00f6sem Holz k\u00f6nnen Sie die Behandlung wiederholen<br \/>\n\u2013 Gesamttrocknungszeit: 24\u201348 Stunden und Ihr Holz in Ihrer Sauna ist l\u00e4nger gesch\u00fctzt<\/p>\n<p>Gesch\u00e4tzter Ertrag: 8\u201316 m\u00b2\/Liter.<\/p>\n<p><strong>Wie ist Borma Wachs Sauna-Pflege\u00f6l aufzubewahren?<br \/>\n<\/strong>An einem k\u00fchlen, gut bel\u00fcfteten Ort aufbewahren und den Beh\u00e4lter geschlossen halten, wenn er nicht verwendet wird. Vor Frost sch\u00fctzen.<strong><br \/>\n<\/strong><\/p>\n<h5><strong>Vorteile der Verwendung von speziellem Sauna\u00f6l gegen\u00fcber der Verwendung von Paraffin\u00f6l<\/strong><\/h5>\n<p>Die Verwendung von Spezial\u00f6l zur Saunapflege hat gegen\u00fcber Paraffin\u00f6l mehrere Vorteile.<br \/>\nZun\u00e4chst einmal kann Saunapflege\u00f6l dabei helfen, die Holzb\u00e4nke und W\u00e4nde in der Sauna zu reinigen und zu pflegen. Durch die regelm\u00e4\u00dfige Anwendung von Saunapflege\u00f6l bleibt das Holz sch\u00f6n und gut vor Feuchtigkeit und Hitze gesch\u00fctzt.<br \/>\nZudem ist ein spezielles Saunapflege\u00f6l oft widerstandsf\u00e4higer gegen die hohen Temperaturen und die Luftfeuchtigkeit in der Sauna als Paraffin\u00f6l. Dadurch bleibt die Wirkung des \u00d6ls l\u00e4nger erhalten und die Lebensdauer der Sauna wird verl\u00e4ngert.<\/p>\n<p><strong>Kurzum: Die Verwendung von speziellem Sauna\u00f6l ist eine gute Investition f\u00fcr die Pflege und Erhaltung der Sauna!<\/strong><\/p>","protected":false},"excerpt":{"rendered":"<p>Wat is Borma Wachs olie voor sauna onderhoud? Borma Wachs Sauna Onderhoudsolie is een speciaal ontwikkelde hoogwaardige olie voor sauna onderhoud. Met deze olie behandel en onderhoud je de binnen oppervlakken van sauna\u2019s (banken, bekledingen en vloeren). Deze olie is perfect geschikt voor het behandelen van sauna hout en zorgt voor een mooie glans en [&hellip;]<\/p>\n","protected":false},"featured_media":2058,"template":"","meta":{"_acf_changed":false},"product_brand":[],"product_cat":[64,73],"product_tag":[],"class_list":{"0":"post-2057","1":"product","2":"type-product","3":"status-publish","4":"has-post-thumbnail","6":"product_cat-oppervlakte-behandeling-borma-wachs","7":"product_cat-sauna-onderhoudsolie","9":"first","10":"instock","11":"taxable","12":"shipping-taxable","13":"purchasable","14":"product-type-simple"},"acf":[],"yoast_head":"<!-- This site is optimized with the Yoast SEO plugin v27.3 - https:\/\/yoast.com\/product\/yoast-seo-wordpress\/ -->\n<title>Sauna Olie voor onderhoud van Borma Wachs<\/title>\n<meta name=\"description\" content=\"Sauna Olie van Borma Wachs voor behandeling en het onderhoud van binnen oppervlakken van sauna&#039;s (banken, bekledingen en vloeren in onbewerkt hout).\" \/>\n<meta name=\"robots\" content=\"index, follow, max-snippet:-1, max-image-preview:large, max-video-preview:-1\" \/>\n<link rel=\"canonical\" href=\"https:\/\/partsandpieces.nl\/de\/produkt\/borma-wachs-saunapflegeol-1-liter\/\" \/>\n<meta property=\"og:locale\" content=\"de_DE\" \/>\n<meta property=\"og:type\" content=\"article\" \/>\n<meta property=\"og:title\" content=\"Sauna Olie voor onderhoud van Borma Wachs\" \/>\n<meta property=\"og:description\" content=\"Sauna Olie van Borma Wachs voor behandeling en het onderhoud van binnen oppervlakken van sauna&#039;s (banken, bekledingen en vloeren in onbewerkt hout).\" \/>\n<meta property=\"og:url\" content=\"https:\/\/partsandpieces.nl\/de\/produkt\/borma-wachs-saunapflegeol-1-liter\/\" \/>\n<meta property=\"og:site_name\" content=\"Parts &amp; Pieces\" \/>\n<meta property=\"article:modified_time\" content=\"2026-03-31T23:07:18+00:00\" \/>\n<meta property=\"og:image\" content=\"https:\/\/partsandpieces.nl\/wp-content\/uploads\/2022\/09\/3940.jpg\" \/>\n\t<meta property=\"og:image:width\" content=\"800\" \/>\n\t<meta property=\"og:image:height\" content=\"800\" \/>\n\t<meta property=\"og:image:type\" content=\"image\/jpeg\" \/>\n<meta name=\"twitter:card\" content=\"summary_large_image\" \/>\n<meta name=\"twitter:label1\" content=\"Gesch\u00e4tzte Lesezeit\" \/>\n\t<meta name=\"twitter:data1\" content=\"3\u00a0Minuten\" \/>\n<script type=\"application\/ld+json\" class=\"yoast-schema-graph\">{\"@context\":\"https:\\\/\\\/schema.org\",\"@graph\":[{\"@type\":\"WebPage\",\"@id\":\"https:\\\/\\\/partsandpieces.nl\\\/product\\\/borma-wachs-sauna-onderhoudsolie-1-liter\\\/\",\"url\":\"https:\\\/\\\/partsandpieces.nl\\\/product\\\/borma-wachs-sauna-onderhoudsolie-1-liter\\\/\",\"name\":\"Sauna Olie voor onderhoud van Borma Wachs\",\"isPartOf\":{\"@id\":\"https:\\\/\\\/partsandpieces.nl\\\/#website\"},\"primaryImageOfPage\":{\"@id\":\"https:\\\/\\\/partsandpieces.nl\\\/product\\\/borma-wachs-sauna-onderhoudsolie-1-liter\\\/#primaryimage\"},\"image\":{\"@id\":\"https:\\\/\\\/partsandpieces.nl\\\/product\\\/borma-wachs-sauna-onderhoudsolie-1-liter\\\/#primaryimage\"},\"thumbnailUrl\":\"https:\\\/\\\/partsandpieces.nl\\\/wp-content\\\/uploads\\\/2022\\\/09\\\/3940.jpg\",\"datePublished\":\"2020-08-29T12:20:19+00:00\",\"dateModified\":\"2026-03-31T23:07:18+00:00\",\"description\":\"Sauna Olie van Borma Wachs voor behandeling en het onderhoud van binnen oppervlakken van sauna's (banken, bekledingen en vloeren in onbewerkt hout).\",\"breadcrumb\":{\"@id\":\"https:\\\/\\\/partsandpieces.nl\\\/product\\\/borma-wachs-sauna-onderhoudsolie-1-liter\\\/#breadcrumb\"},\"inLanguage\":\"de\",\"potentialAction\":[{\"@type\":\"ReadAction\",\"target\":[\"https:\\\/\\\/partsandpieces.nl\\\/product\\\/borma-wachs-sauna-onderhoudsolie-1-liter\\\/\"]}]},{\"@type\":\"ImageObject\",\"inLanguage\":\"de\",\"@id\":\"https:\\\/\\\/partsandpieces.nl\\\/product\\\/borma-wachs-sauna-onderhoudsolie-1-liter\\\/#primaryimage\",\"url\":\"https:\\\/\\\/partsandpieces.nl\\\/wp-content\\\/uploads\\\/2022\\\/09\\\/3940.jpg\",\"contentUrl\":\"https:\\\/\\\/partsandpieces.nl\\\/wp-content\\\/uploads\\\/2022\\\/09\\\/3940.jpg\",\"width\":800,\"height\":800},{\"@type\":\"BreadcrumbList\",\"@id\":\"https:\\\/\\\/partsandpieces.nl\\\/product\\\/borma-wachs-sauna-onderhoudsolie-1-liter\\\/#breadcrumb\",\"itemListElement\":[{\"@type\":\"ListItem\",\"position\":1,\"name\":\"Home\",\"item\":\"https:\\\/\\\/partsandpieces.nl\\\/home\\\/\"},{\"@type\":\"ListItem\",\"position\":2,\"name\":\"Winkel\",\"item\":\"https:\\\/\\\/partsandpieces.nl\\\/winkel\\\/\"},{\"@type\":\"ListItem\",\"position\":3,\"name\":\"Borma Wachs Sauna Onderhoudsolie 1 liter\"}]},{\"@type\":\"WebSite\",\"@id\":\"https:\\\/\\\/partsandpieces.nl\\\/#website\",\"url\":\"https:\\\/\\\/partsandpieces.nl\\\/\",\"name\":\"Parts &amp; Pieces\",\"description\":\"Alles voor uw meubelrestauratie en -onderhoud!\",\"potentialAction\":[{\"@type\":\"SearchAction\",\"target\":{\"@type\":\"EntryPoint\",\"urlTemplate\":\"https:\\\/\\\/partsandpieces.nl\\\/?s={search_term_string}\"},\"query-input\":{\"@type\":\"PropertyValueSpecification\",\"valueRequired\":true,\"valueName\":\"search_term_string\"}}],\"inLanguage\":\"de\"}]}<\/script>\n<!-- \/ Yoast SEO plugin. -->","yoast_head_json":{"title":"Sauna\u00f6l zur Pflege von Borma Wachs","description":"Sauna\u00f6l Borma Wachs zur Behandlung und Pflege der Innenfl\u00e4chen von Saunen (B\u00e4nke, Verkleidungen und B\u00f6den aus unbehandeltem Holz).","robots":{"index":"index","follow":"follow","max-snippet":"max-snippet:-1","max-image-preview":"max-image-preview:large","max-video-preview":"max-video-preview:-1"},"canonical":"https:\/\/partsandpieces.nl\/de\/produkt\/borma-wachs-saunapflegeol-1-liter\/","og_locale":"de_DE","og_type":"article","og_title":"Sauna Olie voor onderhoud van Borma Wachs","og_description":"Sauna Olie van Borma Wachs voor behandeling en het onderhoud van binnen oppervlakken van sauna's (banken, bekledingen en vloeren in onbewerkt hout).","og_url":"https:\/\/partsandpieces.nl\/de\/produkt\/borma-wachs-saunapflegeol-1-liter\/","og_site_name":"Parts &amp; Pieces","article_modified_time":"2026-03-31T23:07:18+00:00","og_image":[{"width":800,"height":800,"url":"https:\/\/partsandpieces.nl\/wp-content\/uploads\/2022\/09\/3940.jpg","type":"image\/jpeg"}],"twitter_card":"summary_large_image","twitter_misc":{"Gesch\u00e4tzte Lesezeit":"3\u00a0Minuten"},"schema":{"@context":"https:\/\/schema.org","@graph":[{"@type":"WebPage","@id":"https:\/\/partsandpieces.nl\/product\/borma-wachs-sauna-onderhoudsolie-1-liter\/","url":"https:\/\/partsandpieces.nl\/product\/borma-wachs-sauna-onderhoudsolie-1-liter\/","name":"Sauna\u00f6l zur Pflege von Borma Wachs","isPartOf":{"@id":"https:\/\/partsandpieces.nl\/#website"},"primaryImageOfPage":{"@id":"https:\/\/partsandpieces.nl\/product\/borma-wachs-sauna-onderhoudsolie-1-liter\/#primaryimage"},"image":{"@id":"https:\/\/partsandpieces.nl\/product\/borma-wachs-sauna-onderhoudsolie-1-liter\/#primaryimage"},"thumbnailUrl":"https:\/\/partsandpieces.nl\/wp-content\/uploads\/2022\/09\/3940.jpg","datePublished":"2020-08-29T12:20:19+00:00","dateModified":"2026-03-31T23:07:18+00:00","description":"Sauna\u00f6l Borma Wachs zur Behandlung und Pflege der Innenfl\u00e4chen von Saunen (B\u00e4nke, Verkleidungen und B\u00f6den aus unbehandeltem Holz).","breadcrumb":{"@id":"https:\/\/partsandpieces.nl\/product\/borma-wachs-sauna-onderhoudsolie-1-liter\/#breadcrumb"},"inLanguage":"de","potentialAction":[{"@type":"ReadAction","target":["https:\/\/partsandpieces.nl\/product\/borma-wachs-sauna-onderhoudsolie-1-liter\/"]}]},{"@type":"ImageObject","inLanguage":"de","@id":"https:\/\/partsandpieces.nl\/product\/borma-wachs-sauna-onderhoudsolie-1-liter\/#primaryimage","url":"https:\/\/partsandpieces.nl\/wp-content\/uploads\/2022\/09\/3940.jpg","contentUrl":"https:\/\/partsandpieces.nl\/wp-content\/uploads\/2022\/09\/3940.jpg","width":800,"height":800},{"@type":"BreadcrumbList","@id":"https:\/\/partsandpieces.nl\/product\/borma-wachs-sauna-onderhoudsolie-1-liter\/#breadcrumb","itemListElement":[{"@type":"ListItem","position":1,"name":"Home","item":"https:\/\/partsandpieces.nl\/home\/"},{"@type":"ListItem","position":2,"name":"Winkel","item":"https:\/\/partsandpieces.nl\/winkel\/"},{"@type":"ListItem","position":3,"name":"Borma Wachs Sauna Onderhoudsolie 1 liter"}]},{"@type":"WebSite","@id":"https:\/\/partsandpieces.nl\/#website","url":"https:\/\/partsandpieces.nl\/","name":"Teile &amp; St\u00fccke","description":"Alles f\u00fcr Ihre M\u00f6belrestaurierung und -pflege!","potentialAction":[{"@type":"SearchAction","target":{"@type":"EntryPoint","urlTemplate":"https:\/\/partsandpieces.nl\/?s={search_term_string}"},"query-input":{"@type":"PropertyValueSpecification","valueRequired":true,"valueName":"search_term_string"}}],"inLanguage":"de"}]}},"_links":{"self":[{"href":"https:\/\/partsandpieces.nl\/de\/wp-json\/wp\/v2\/product\/2057","targetHints":{"allow":["GET"]}}],"collection":[{"href":"https:\/\/partsandpieces.nl\/de\/wp-json\/wp\/v2\/product"}],"about":[{"href":"https:\/\/partsandpieces.nl\/de\/wp-json\/wp\/v2\/types\/product"}],"wp:featuredmedia":[{"embeddable":true,"href":"https:\/\/partsandpieces.nl\/de\/wp-json\/wp\/v2\/media\/2058"}],"wp:attachment":[{"href":"https:\/\/partsandpieces.nl\/de\/wp-json\/wp\/v2\/media?parent=2057"}],"wp:term":[{"taxonomy":"product_brand","embeddable":true,"href":"https:\/\/partsandpieces.nl\/de\/wp-json\/wp\/v2\/product_brand?post=2057"},{"taxonomy":"product_cat","embeddable":true,"href":"https:\/\/partsandpieces.nl\/de\/wp-json\/wp\/v2\/product_cat?post=2057"},{"taxonomy":"product_tag","embeddable":true,"href":"https:\/\/partsandpieces.nl\/de\/wp-json\/wp\/v2\/product_tag?post=2057"}],"curies":[{"name":"wp","href":"https:\/\/api.w.org\/{rel}","templated":true}]}}