{"id":2061,"date":"2020-08-29T14:27:44","date_gmt":"2020-08-29T12:27:44","guid":{"rendered":"https:\/\/partsandpieces.bonsaidev.nl\/?product=borma-wachs-hard-top-olie-voor-keukenblad-kleurloos-750ml"},"modified":"2026-04-03T13:13:41","modified_gmt":"2026-04-03T11:13:41","slug":"bormawachs-hardtop-ol-fur-kuchenarbeitsplatten-transparent","status":"publish","type":"product","link":"https:\/\/partsandpieces.nl\/de\/product\/borma-wachs-hard-top-olie-voor-keukenblad-transparant\/","title":{"rendered":"Borma Wachs Hardtop-\u00d6l f\u00fcr K\u00fcchenarbeitsplatten, transparent, 750 ml"},"content":{"rendered":"<p><strong>Hard Top \u00d6l f\u00fcr K\u00fcchenarbeitsplatte Transparent<\/strong> von <a href=\"https:\/\/bormawachs.com\/\">Borma Wachs<\/a> ist f\u00fcr Tische und K\u00fcchenoberfl\u00e4chen im Allgemeinen geeignet. Aber auch f\u00fcr Schneidebretter und K\u00fcchenutensilien aus Holz. Es ist f\u00fcr den Kontakt mit Lebensmitteln gem\u00e4\u00df den Normen zertifiziert <strong>NENEN 71.3:2019+A1:2021<\/strong>, <strong>DIN 53160-1<\/strong> und <strong>DIN 68861<\/strong>. Es ist daher speziell f\u00fcr Oberfl\u00e4chen vorgesehen, die mit Lebensmitteln in Ber\u00fchrung kommen.<\/p>\n<p>Basierend auf nat\u00fcrlichen \u00d6len und angereichert mit hochwertigen Harzen und Wachsen bietet Borma Wachs Hard Top Oil hervorragenden Schutz mit angenehm nat\u00fcrlicher Wirkung. Behandelte K\u00fcchenarbeitsplatten und K\u00fcchenutensilien aus Holz k\u00f6nnen mit Wasser und Neutralseife gereinigt werden.<\/p>\n<h5><strong>Was ist Borma Wachs Hard Top \u00d6l f\u00fcr K\u00fcchenarbeitsplatten Transparent?<\/strong><\/h5>\n<p>Borma Wachs Hard Top \u00d6l wurde speziell f\u00fcr die Behandlung von K\u00fcchenarbeitsplatten entwickelt. Das \u00d6l hat eine transparente Farbe und verleiht dem Holz ein sch\u00f6nes, nat\u00fcrliches Aussehen. Es sch\u00fctzt die K\u00fcchenarbeitsplatte vor Flecken, Feuchtigkeit und Abnutzung. Die Verwendung dieses \u00d6ls f\u00fcr die Arbeitsplatte sorgt daf\u00fcr, dass das Holz l\u00e4nger sch\u00f6n bleibt und der t\u00e4glichen Beanspruchung in der K\u00fcche standh\u00e4lt. Durch regelm\u00e4\u00dfiges \u00d6len der K\u00fcchenarbeitsplatte beh\u00e4lt diese ihre Qualit\u00e4t und Optik. Sie k\u00f6nnen dieses \u00d6l auch zur Behandlung von Tischplatten oder anderen Holzoberfl\u00e4chen in Ihrem Zuhause verwenden. Die transparente Formel sorgt daf\u00fcr, dass die nat\u00fcrliche Holzfarbe erhalten bleibt und die Oberfl\u00e4che dennoch gut gesch\u00fctzt ist.<\/p>\n<p>Kurz gesagt, Borma Wachs Hard Top-\u00d6l ist eine ideale L\u00f6sung zum Schutz und zur Pflege Ihrer h\u00f6lzernen K\u00fcchenarbeitsplatte oder anderer Holzoberfl\u00e4chen zu Hause. Dieses \u00d6l sorgt daf\u00fcr, dass Ihre K\u00fcchenarbeitsplatte wie neu aussieht und Sie viele Jahre lang Freude daran haben.<\/p>\n<h5><strong>Vorteile von Borma Wachs Hard Top \u00d6l f\u00fcr K\u00fcchenarbeitsplatten Transparent<\/strong><\/h5>\n<p>Borma Wachs Hard Top \u00d6l f\u00fcr K\u00fcchenarbeitsplatten Transparent bietet viele Vorteile zur Behandlung und zum Schutz von K\u00fcchenarbeitsplatten aus Holz.<\/p>\n<ul>\n<li>Dieses \u00d6l sch\u00fctzt die K\u00fcchenarbeitsplatte vor Flecken und Kratzern und sorgt daf\u00fcr, dass sie l\u00e4nger wie neu aussieht.<\/li>\n<li>Dar\u00fcber hinaus verl\u00e4ngert es die Lebensdauer der K\u00fcchenarbeitsplatte, sodass die K\u00fcche langlebig und stilvoll ist.<\/li>\n<li>Das \u00d6l l\u00e4sst sich leicht auftragen und pflegen. Dadurch ist es sowohl f\u00fcr die Profik\u00fcche als auch f\u00fcr den Heimgebrauch geeignet.<\/li>\n<li>Mit nur wenigen Handgriffen verleihen Sie Ihrer K\u00fcchenarbeitsplatte einen sch\u00f6nen Glanz und Schutz vor t\u00e4glicher Beanspruchung.<\/li>\n<li>Dar\u00fcber hinaus verhindert das Borma Wachs Hard Top \u00d6l das Austrocknen und Rei\u00dfen des Holzes. So sieht Ihre K\u00fcchenarbeitsplatte viele Jahre lang wie neu aus.<\/li>\n<li>Ein weiterer gro\u00dfer Vorteil dieses \u00d6ls ist, dass es f\u00fcr den Kontakt mit Lebensmitteln unbedenklich ist. So k\u00f6nnen Sie auf der mit Borma Wachs Hard Top \u00d6l behandelten Holzarbeitsplatte beruhigt Ihr Essen zubereiten.<\/li>\n<\/ul>\n<p>Richtertrag: 14-26 m\u00b2 pro Liter.<\/p>\n<p><b>Anweisungen<\/b><br \/>\n\u2013 Bevor Sie Ihre K\u00fcchenarbeitsplatte aus Holz mit Borma Wachs Hard Top-\u00d6l behandeln, ist es wichtig, die Oberfl\u00e4che zun\u00e4chst gr\u00fcndlich zu reinigen und das \u00d6l gut zu vermischen. Wenn m\u00f6glich, schleifen Sie die Arbeitsplatte leicht ab<br \/>\n\u2013 Sobald die Arbeitsplatte sauber ist, k\u00f6nnen Sie das \u00d6l mit einem weichen Tuch oder Pinsel gleichm\u00e4\u00dfig auftragen. F\u00fcr optimalen Schutz achten Sie darauf, das \u00d6l gleichm\u00e4\u00dfig auf der gesamten Oberfl\u00e4che zu verteilen. Nach 5-10 Minuten die Oberfl\u00e4che gl\u00e4tten, indem Sie \u00fcbersch\u00fcssiges Material mit einem fusselfreien Tuch entfernen<br \/>\n\u2013 Warten Sie 6-8 Stunden, bis die Oberfl\u00e4che getrocknet ist<br \/>\n\u2013 Leicht anschleifen und mit dem Auftragen der zweiten Schicht Hardtop-\u00d6l f\u00fcr K\u00fcchenarbeitsplatten fortfahren<br \/>\n\u2013 Vor Gebrauch mindestens 24 Stunden warten. Es ist wichtig, den Kontakt mit Wasser und Hitze zu vermeiden, bis das \u00d6l vollst\u00e4ndig getrocknet ist<\/p>\n<p><strong>Um Ihre K\u00fcchenarbeitsplatte weiterhin vor Schmutz und Feuchtigkeit zu sch\u00fctzen, ist es wichtig, die Behandlung regelm\u00e4\u00dfig zu wiederholen.<\/strong><\/p>","protected":false},"excerpt":{"rendered":"<p>Hard Top olie voor keukenblad Transparant van Borma Wachs is geschikt voor tafels en keukenoppervlakken in het algemeen. Maar ook voor snijplanken en houten keukengerei. Het is gecertificeerd voor contact met voedsel volgens de normen NEN EN 71.3:2019+A1:2021, DIN 53160-1 en DIN 68861. Het is dus speciaal bedoeld voor oppervlaktes die in contact komen met [&hellip;]<\/p>\n","protected":false},"featured_media":4258,"template":"","meta":{"_acf_changed":false},"product_brand":[],"product_cat":[74,64,76],"product_tag":[],"class_list":{"0":"post-2061","1":"product","2":"type-product","3":"status-publish","4":"has-post-thumbnail","6":"product_cat-meubelolie","7":"product_cat-oppervlakte-behandeling-borma-wachs","8":"product_cat-parketolie","10":"first","11":"instock","12":"taxable","13":"shipping-taxable","14":"purchasable","15":"product-type-simple"},"acf":[],"yoast_head":"<!-- This site is optimized with the Yoast SEO plugin v27.3 - https:\/\/yoast.com\/product\/yoast-seo-wordpress\/ -->\n<title>Hard Top olie voor keukenblad Transparant van Borma Wachs<\/title>\n<meta name=\"description\" content=\"Hard Top olie voor keukenblad Transparant van Borma Wachs is gecertificeerd voor volgens de normen NEN EN 71.3:2019+A1:2021, DIN 53160-1 en DIN 68861.\" \/>\n<meta name=\"robots\" content=\"index, follow, max-snippet:-1, max-image-preview:large, max-video-preview:-1\" \/>\n<link rel=\"canonical\" href=\"https:\/\/partsandpieces.nl\/de\/produkt\/bormawachs-hardtop-ol-fur-kuchenarbeitsplatten-transparent\/\" \/>\n<meta property=\"og:locale\" content=\"de_DE\" \/>\n<meta property=\"og:type\" content=\"article\" \/>\n<meta property=\"og:title\" content=\"Hard Top olie voor keukenblad Transparant van Borma Wachs\" \/>\n<meta property=\"og:description\" content=\"Hard Top olie voor keukenblad Transparant van Borma Wachs is gecertificeerd voor volgens de normen NEN EN 71.3:2019+A1:2021, DIN 53160-1 en DIN 68861.\" \/>\n<meta property=\"og:url\" content=\"https:\/\/partsandpieces.nl\/de\/produkt\/bormawachs-hardtop-ol-fur-kuchenarbeitsplatten-transparent\/\" \/>\n<meta property=\"og:site_name\" content=\"Parts &amp; Pieces\" \/>\n<meta property=\"article:modified_time\" content=\"2026-04-03T11:13:41+00:00\" \/>\n<meta property=\"og:image\" content=\"https:\/\/partsandpieces.nl\/wp-content\/uploads\/2020\/08\/4916.jpg\" \/>\n\t<meta property=\"og:image:width\" content=\"800\" \/>\n\t<meta property=\"og:image:height\" content=\"800\" \/>\n\t<meta property=\"og:image:type\" content=\"image\/jpeg\" \/>\n<meta name=\"twitter:card\" content=\"summary_large_image\" \/>\n<meta name=\"twitter:label1\" content=\"Gesch\u00e4tzte Lesezeit\" \/>\n\t<meta name=\"twitter:data1\" content=\"3\u00a0Minuten\" \/>\n<script type=\"application\/ld+json\" class=\"yoast-schema-graph\">{\"@context\":\"https:\\\/\\\/schema.org\",\"@graph\":[{\"@type\":\"WebPage\",\"@id\":\"https:\\\/\\\/partsandpieces.nl\\\/product\\\/borma-wachs-hard-top-olie-voor-keukenblad-transparant\\\/\",\"url\":\"https:\\\/\\\/partsandpieces.nl\\\/product\\\/borma-wachs-hard-top-olie-voor-keukenblad-transparant\\\/\",\"name\":\"Hard Top olie voor keukenblad Transparant van Borma Wachs\",\"isPartOf\":{\"@id\":\"https:\\\/\\\/partsandpieces.nl\\\/#website\"},\"primaryImageOfPage\":{\"@id\":\"https:\\\/\\\/partsandpieces.nl\\\/product\\\/borma-wachs-hard-top-olie-voor-keukenblad-transparant\\\/#primaryimage\"},\"image\":{\"@id\":\"https:\\\/\\\/partsandpieces.nl\\\/product\\\/borma-wachs-hard-top-olie-voor-keukenblad-transparant\\\/#primaryimage\"},\"thumbnailUrl\":\"https:\\\/\\\/partsandpieces.nl\\\/wp-content\\\/uploads\\\/2020\\\/08\\\/4916.jpg\",\"datePublished\":\"2020-08-29T12:27:44+00:00\",\"dateModified\":\"2026-04-03T11:13:41+00:00\",\"description\":\"Hard Top olie voor keukenblad Transparant van Borma Wachs is gecertificeerd voor volgens de normen NEN EN 71.3:2019+A1:2021, DIN 53160-1 en DIN 68861.\",\"breadcrumb\":{\"@id\":\"https:\\\/\\\/partsandpieces.nl\\\/product\\\/borma-wachs-hard-top-olie-voor-keukenblad-transparant\\\/#breadcrumb\"},\"inLanguage\":\"de\",\"potentialAction\":[{\"@type\":\"ReadAction\",\"target\":[\"https:\\\/\\\/partsandpieces.nl\\\/product\\\/borma-wachs-hard-top-olie-voor-keukenblad-transparant\\\/\"]}]},{\"@type\":\"ImageObject\",\"inLanguage\":\"de\",\"@id\":\"https:\\\/\\\/partsandpieces.nl\\\/product\\\/borma-wachs-hard-top-olie-voor-keukenblad-transparant\\\/#primaryimage\",\"url\":\"https:\\\/\\\/partsandpieces.nl\\\/wp-content\\\/uploads\\\/2020\\\/08\\\/4916.jpg\",\"contentUrl\":\"https:\\\/\\\/partsandpieces.nl\\\/wp-content\\\/uploads\\\/2020\\\/08\\\/4916.jpg\",\"width\":800,\"height\":800,\"caption\":\"Borma Wachs Hard Top Olie voor keukenblad Transparant\"},{\"@type\":\"BreadcrumbList\",\"@id\":\"https:\\\/\\\/partsandpieces.nl\\\/product\\\/borma-wachs-hard-top-olie-voor-keukenblad-transparant\\\/#breadcrumb\",\"itemListElement\":[{\"@type\":\"ListItem\",\"position\":1,\"name\":\"Home\",\"item\":\"https:\\\/\\\/partsandpieces.nl\\\/home\\\/\"},{\"@type\":\"ListItem\",\"position\":2,\"name\":\"Winkel\",\"item\":\"https:\\\/\\\/partsandpieces.nl\\\/winkel\\\/\"},{\"@type\":\"ListItem\",\"position\":3,\"name\":\"Borma Wachs Hard Top olie voor keukenblad Transparant 750ml\"}]},{\"@type\":\"WebSite\",\"@id\":\"https:\\\/\\\/partsandpieces.nl\\\/#website\",\"url\":\"https:\\\/\\\/partsandpieces.nl\\\/\",\"name\":\"Parts &amp; Pieces\",\"description\":\"Alles voor uw meubelrestauratie en -onderhoud!\",\"potentialAction\":[{\"@type\":\"SearchAction\",\"target\":{\"@type\":\"EntryPoint\",\"urlTemplate\":\"https:\\\/\\\/partsandpieces.nl\\\/?s={search_term_string}\"},\"query-input\":{\"@type\":\"PropertyValueSpecification\",\"valueRequired\":true,\"valueName\":\"search_term_string\"}}],\"inLanguage\":\"de\"}]}<\/script>\n<!-- \/ Yoast SEO plugin. -->","yoast_head_json":{"title":"Hard Top \u00d6l f\u00fcr K\u00fcchenarbeitsplatte Transparent von Borma Wachs","description":"Hard Top Oil f\u00fcr K\u00fcchenarbeitsplatten Transparent von Borma Wachs ist nach den Normen NEN EN 71.3:2019+A1:2021, DIN 53160-1 und DIN 68861 zertifiziert.","robots":{"index":"index","follow":"follow","max-snippet":"max-snippet:-1","max-image-preview":"max-image-preview:large","max-video-preview":"max-video-preview:-1"},"canonical":"https:\/\/partsandpieces.nl\/de\/produkt\/bormawachs-hardtop-ol-fur-kuchenarbeitsplatten-transparent\/","og_locale":"de_DE","og_type":"article","og_title":"Hard Top olie voor keukenblad Transparant van Borma Wachs","og_description":"Hard Top olie voor keukenblad Transparant van Borma Wachs is gecertificeerd voor volgens de normen NEN EN 71.3:2019+A1:2021, DIN 53160-1 en DIN 68861.","og_url":"https:\/\/partsandpieces.nl\/de\/produkt\/bormawachs-hardtop-ol-fur-kuchenarbeitsplatten-transparent\/","og_site_name":"Parts &amp; Pieces","article_modified_time":"2026-04-03T11:13:41+00:00","og_image":[{"width":800,"height":800,"url":"https:\/\/partsandpieces.nl\/wp-content\/uploads\/2020\/08\/4916.jpg","type":"image\/jpeg"}],"twitter_card":"summary_large_image","twitter_misc":{"Gesch\u00e4tzte Lesezeit":"3\u00a0Minuten"},"schema":{"@context":"https:\/\/schema.org","@graph":[{"@type":"WebPage","@id":"https:\/\/partsandpieces.nl\/product\/borma-wachs-hard-top-olie-voor-keukenblad-transparant\/","url":"https:\/\/partsandpieces.nl\/product\/borma-wachs-hard-top-olie-voor-keukenblad-transparant\/","name":"Hard Top \u00d6l f\u00fcr K\u00fcchenarbeitsplatte Transparent von Borma Wachs","isPartOf":{"@id":"https:\/\/partsandpieces.nl\/#website"},"primaryImageOfPage":{"@id":"https:\/\/partsandpieces.nl\/product\/borma-wachs-hard-top-olie-voor-keukenblad-transparant\/#primaryimage"},"image":{"@id":"https:\/\/partsandpieces.nl\/product\/borma-wachs-hard-top-olie-voor-keukenblad-transparant\/#primaryimage"},"thumbnailUrl":"https:\/\/partsandpieces.nl\/wp-content\/uploads\/2020\/08\/4916.jpg","datePublished":"2020-08-29T12:27:44+00:00","dateModified":"2026-04-03T11:13:41+00:00","description":"Hard Top Oil f\u00fcr K\u00fcchenarbeitsplatten Transparent von Borma Wachs ist nach den Normen NEN EN 71.3:2019+A1:2021, DIN 53160-1 und DIN 68861 zertifiziert.","breadcrumb":{"@id":"https:\/\/partsandpieces.nl\/product\/borma-wachs-hard-top-olie-voor-keukenblad-transparant\/#breadcrumb"},"inLanguage":"de","potentialAction":[{"@type":"ReadAction","target":["https:\/\/partsandpieces.nl\/product\/borma-wachs-hard-top-olie-voor-keukenblad-transparant\/"]}]},{"@type":"ImageObject","inLanguage":"de","@id":"https:\/\/partsandpieces.nl\/product\/borma-wachs-hard-top-olie-voor-keukenblad-transparant\/#primaryimage","url":"https:\/\/partsandpieces.nl\/wp-content\/uploads\/2020\/08\/4916.jpg","contentUrl":"https:\/\/partsandpieces.nl\/wp-content\/uploads\/2020\/08\/4916.jpg","width":800,"height":800,"caption":"Borma Wachs Hard Top Olie voor keukenblad Transparant"},{"@type":"BreadcrumbList","@id":"https:\/\/partsandpieces.nl\/product\/borma-wachs-hard-top-olie-voor-keukenblad-transparant\/#breadcrumb","itemListElement":[{"@type":"ListItem","position":1,"name":"Home","item":"https:\/\/partsandpieces.nl\/home\/"},{"@type":"ListItem","position":2,"name":"Winkel","item":"https:\/\/partsandpieces.nl\/winkel\/"},{"@type":"ListItem","position":3,"name":"Borma Wachs Hard Top olie voor keukenblad Transparant 750ml"}]},{"@type":"WebSite","@id":"https:\/\/partsandpieces.nl\/#website","url":"https:\/\/partsandpieces.nl\/","name":"Teile &amp; St\u00fccke","description":"Alles f\u00fcr Ihre M\u00f6belrestaurierung und -pflege!","potentialAction":[{"@type":"SearchAction","target":{"@type":"EntryPoint","urlTemplate":"https:\/\/partsandpieces.nl\/?s={search_term_string}"},"query-input":{"@type":"PropertyValueSpecification","valueRequired":true,"valueName":"search_term_string"}}],"inLanguage":"de"}]}},"_links":{"self":[{"href":"https:\/\/partsandpieces.nl\/de\/wp-json\/wp\/v2\/product\/2061","targetHints":{"allow":["GET"]}}],"collection":[{"href":"https:\/\/partsandpieces.nl\/de\/wp-json\/wp\/v2\/product"}],"about":[{"href":"https:\/\/partsandpieces.nl\/de\/wp-json\/wp\/v2\/types\/product"}],"wp:featuredmedia":[{"embeddable":true,"href":"https:\/\/partsandpieces.nl\/de\/wp-json\/wp\/v2\/media\/4258"}],"wp:attachment":[{"href":"https:\/\/partsandpieces.nl\/de\/wp-json\/wp\/v2\/media?parent=2061"}],"wp:term":[{"taxonomy":"product_brand","embeddable":true,"href":"https:\/\/partsandpieces.nl\/de\/wp-json\/wp\/v2\/product_brand?post=2061"},{"taxonomy":"product_cat","embeddable":true,"href":"https:\/\/partsandpieces.nl\/de\/wp-json\/wp\/v2\/product_cat?post=2061"},{"taxonomy":"product_tag","embeddable":true,"href":"https:\/\/partsandpieces.nl\/de\/wp-json\/wp\/v2\/product_tag?post=2061"}],"curies":[{"name":"wp","href":"https:\/\/api.w.org\/{rel}","templated":true}]}}