{"id":207,"date":"2020-07-10T10:13:43","date_gmt":"2020-07-10T10:13:43","guid":{"rendered":"https:\/\/partsandpieces.bonsaidev.nl\/?product=knop-alu-14mm"},"modified":"2025-02-12T20:37:43","modified_gmt":"2025-02-12T19:37:43","slug":"knopf-aluminium-matt-design-14mm","status":"publish","type":"product","link":"https:\/\/partsandpieces.nl\/de\/product\/knop-aluminium-mat-design-14mm\/","title":{"rendered":"Knopf Aluminium Matt Design 14mm"},"content":{"rendered":"<p><strong>Knopf Aluminium Matt Design 14mm<\/strong> ist ein moderner, runder M\u00f6belknopf in mattem Aluminium-Finish. Dieser Knauf passt gut auf Ihr modernes M\u00f6belst\u00fcck.<\/p>\n<p>Dieser hochwertige Knopf wird in Italien hergestellt.<\/p>\n<p><strong>Ma\u00dfe<br \/>\n<\/strong>Der Knopf Aluminium Matt Design 14 mm hat einen Durchmesser von 14 mm. Nach der Installation steht dieser Knopf 23 mm hervor. Die Basis des Knopfes hat einen Durchmesser von 13 mm.<\/p>\n<p><strong>Bearbeiten<br \/>\n<\/strong>Sie k\u00f6nnen den Taster mit blind montieren\u00a0<span style=\"text-decoration: underline;\"><a href=\"https:\/\/partsandpieces.nl\/de\/produkt\/schraube-edelstahl-fur-blindmontageknopf-20x4mm-20-stuck\/\">Edelstahlschraube f\u00fcr Blindbefestigungsknopf (20x4mm)<\/a><\/span>. Ich schicke diese Schraube\u00a0<strong>FREI<\/strong>\u00a0mit Ihrer Bestellung.<\/p>","protected":false},"excerpt":{"rendered":"<p>Knop Aluminium Mat Design 14mm is een moderne, ronde meubelknop met een matte aluminium finish. Deze knop past goed op je moderne meubelstuk. Deze kwalitatief uitstekende knop is gemaakt in Itali\u00eb. Afmetingen Knop Aluminium Mat Design 14mm heeft een diameter van 14mm. Na montage steekt deze knop 23mm uit. De voet van de knop heeft [&hellip;]<\/p>\n","protected":false},"featured_media":5552,"template":"","meta":{"_acf_changed":false},"product_brand":[],"product_cat":[37,23],"product_tag":[],"class_list":{"0":"post-207","1":"product","2":"type-product","3":"status-publish","4":"has-post-thumbnail","6":"product_cat-knoppen","7":"product_cat-meubelbeslag","9":"first","10":"instock","11":"taxable","12":"shipping-taxable","13":"purchasable","14":"product-type-simple"},"acf":[],"yoast_head":"<!-- This site is optimized with the Yoast SEO plugin v27.3 - https:\/\/yoast.com\/product\/yoast-seo-wordpress\/ -->\n<title>Knop Aluminium Mat 14mm<\/title>\n<meta name=\"description\" content=\"Knop Aluminium Mat Design 14mm is een moderne, ronde meubelknop met een matte aluminium finish. Deze knop past goed op je moderne meubelstuk.\" \/>\n<meta name=\"robots\" content=\"index, follow, max-snippet:-1, max-image-preview:large, max-video-preview:-1\" \/>\n<link rel=\"canonical\" href=\"https:\/\/partsandpieces.nl\/de\/produkt\/knopf-aluminium-matt-design-14mm\/\" \/>\n<meta property=\"og:locale\" content=\"de_DE\" \/>\n<meta property=\"og:type\" content=\"article\" \/>\n<meta property=\"og:title\" content=\"Knop Aluminium Mat 14mm\" \/>\n<meta property=\"og:description\" content=\"Knop Aluminium Mat Design 14mm is een moderne, ronde meubelknop met een matte aluminium finish. Deze knop past goed op je moderne meubelstuk.\" \/>\n<meta property=\"og:url\" content=\"https:\/\/partsandpieces.nl\/de\/produkt\/knopf-aluminium-matt-design-14mm\/\" \/>\n<meta property=\"og:site_name\" content=\"Parts &amp; Pieces\" \/>\n<meta property=\"article:modified_time\" content=\"2025-02-12T19:37:43+00:00\" \/>\n<meta property=\"og:image\" content=\"https:\/\/partsandpieces.nl\/wp-content\/uploads\/2020\/07\/Knop-Aluminium-Mat-Design-14mm.jpg\" \/>\n\t<meta property=\"og:image:width\" content=\"480\" \/>\n\t<meta property=\"og:image:height\" content=\"481\" \/>\n\t<meta property=\"og:image:type\" content=\"image\/jpeg\" \/>\n<meta name=\"twitter:card\" content=\"summary_large_image\" \/>\n<meta name=\"twitter:label1\" content=\"Gesch\u00e4tzte Lesezeit\" \/>\n\t<meta name=\"twitter:data1\" content=\"1\u00a0Minute\" \/>\n<script type=\"application\/ld+json\" class=\"yoast-schema-graph\">{\"@context\":\"https:\\\/\\\/schema.org\",\"@graph\":[{\"@type\":\"WebPage\",\"@id\":\"https:\\\/\\\/partsandpieces.nl\\\/product\\\/knop-aluminium-mat-design-14mm\\\/\",\"url\":\"https:\\\/\\\/partsandpieces.nl\\\/product\\\/knop-aluminium-mat-design-14mm\\\/\",\"name\":\"Knop Aluminium Mat 14mm\",\"isPartOf\":{\"@id\":\"https:\\\/\\\/partsandpieces.nl\\\/#website\"},\"primaryImageOfPage\":{\"@id\":\"https:\\\/\\\/partsandpieces.nl\\\/product\\\/knop-aluminium-mat-design-14mm\\\/#primaryimage\"},\"image\":{\"@id\":\"https:\\\/\\\/partsandpieces.nl\\\/product\\\/knop-aluminium-mat-design-14mm\\\/#primaryimage\"},\"thumbnailUrl\":\"https:\\\/\\\/partsandpieces.nl\\\/wp-content\\\/uploads\\\/2020\\\/07\\\/Knop-Aluminium-Mat-Design-14mm.jpg\",\"datePublished\":\"2020-07-10T10:13:43+00:00\",\"dateModified\":\"2025-02-12T19:37:43+00:00\",\"description\":\"Knop Aluminium Mat Design 14mm is een moderne, ronde meubelknop met een matte aluminium finish. Deze knop past goed op je moderne meubelstuk.\",\"breadcrumb\":{\"@id\":\"https:\\\/\\\/partsandpieces.nl\\\/product\\\/knop-aluminium-mat-design-14mm\\\/#breadcrumb\"},\"inLanguage\":\"de\",\"potentialAction\":[{\"@type\":\"ReadAction\",\"target\":[\"https:\\\/\\\/partsandpieces.nl\\\/product\\\/knop-aluminium-mat-design-14mm\\\/\"]}]},{\"@type\":\"ImageObject\",\"inLanguage\":\"de\",\"@id\":\"https:\\\/\\\/partsandpieces.nl\\\/product\\\/knop-aluminium-mat-design-14mm\\\/#primaryimage\",\"url\":\"https:\\\/\\\/partsandpieces.nl\\\/wp-content\\\/uploads\\\/2020\\\/07\\\/Knop-Aluminium-Mat-Design-14mm.jpg\",\"contentUrl\":\"https:\\\/\\\/partsandpieces.nl\\\/wp-content\\\/uploads\\\/2020\\\/07\\\/Knop-Aluminium-Mat-Design-14mm.jpg\",\"width\":480,\"height\":481,\"caption\":\"Knop Aluminium Mat Design 14mm\"},{\"@type\":\"BreadcrumbList\",\"@id\":\"https:\\\/\\\/partsandpieces.nl\\\/product\\\/knop-aluminium-mat-design-14mm\\\/#breadcrumb\",\"itemListElement\":[{\"@type\":\"ListItem\",\"position\":1,\"name\":\"Home\",\"item\":\"https:\\\/\\\/partsandpieces.nl\\\/home\\\/\"},{\"@type\":\"ListItem\",\"position\":2,\"name\":\"Winkel\",\"item\":\"https:\\\/\\\/partsandpieces.nl\\\/winkel\\\/\"},{\"@type\":\"ListItem\",\"position\":3,\"name\":\"Knop Aluminium Mat Design 14mm\"}]},{\"@type\":\"WebSite\",\"@id\":\"https:\\\/\\\/partsandpieces.nl\\\/#website\",\"url\":\"https:\\\/\\\/partsandpieces.nl\\\/\",\"name\":\"Parts &amp; Pieces\",\"description\":\"Alles voor uw meubelrestauratie en -onderhoud!\",\"potentialAction\":[{\"@type\":\"SearchAction\",\"target\":{\"@type\":\"EntryPoint\",\"urlTemplate\":\"https:\\\/\\\/partsandpieces.nl\\\/?s={search_term_string}\"},\"query-input\":{\"@type\":\"PropertyValueSpecification\",\"valueRequired\":true,\"valueName\":\"search_term_string\"}}],\"inLanguage\":\"de\"}]}<\/script>\n<!-- \/ Yoast SEO plugin. -->","yoast_head_json":{"title":"Knopf Aluminium matt 14 mm","description":"Der Knopf Aluminium Matt Design 14 mm ist ein moderner, runder M\u00f6belknopf mit mattem Aluminium-Finish. Dieser Knauf passt gut zu Ihrem modernen M\u00f6belst\u00fcck.","robots":{"index":"index","follow":"follow","max-snippet":"max-snippet:-1","max-image-preview":"max-image-preview:large","max-video-preview":"max-video-preview:-1"},"canonical":"https:\/\/partsandpieces.nl\/de\/produkt\/knopf-aluminium-matt-design-14mm\/","og_locale":"de_DE","og_type":"article","og_title":"Knop Aluminium Mat 14mm","og_description":"Knop Aluminium Mat Design 14mm is een moderne, ronde meubelknop met een matte aluminium finish. Deze knop past goed op je moderne meubelstuk.","og_url":"https:\/\/partsandpieces.nl\/de\/produkt\/knopf-aluminium-matt-design-14mm\/","og_site_name":"Parts &amp; Pieces","article_modified_time":"2025-02-12T19:37:43+00:00","og_image":[{"width":480,"height":481,"url":"https:\/\/partsandpieces.nl\/wp-content\/uploads\/2020\/07\/Knop-Aluminium-Mat-Design-14mm.jpg","type":"image\/jpeg"}],"twitter_card":"summary_large_image","twitter_misc":{"Gesch\u00e4tzte Lesezeit":"1\u00a0Minute"},"schema":{"@context":"https:\/\/schema.org","@graph":[{"@type":"WebPage","@id":"https:\/\/partsandpieces.nl\/product\/knop-aluminium-mat-design-14mm\/","url":"https:\/\/partsandpieces.nl\/product\/knop-aluminium-mat-design-14mm\/","name":"Knopf Aluminium matt 14 mm","isPartOf":{"@id":"https:\/\/partsandpieces.nl\/#website"},"primaryImageOfPage":{"@id":"https:\/\/partsandpieces.nl\/product\/knop-aluminium-mat-design-14mm\/#primaryimage"},"image":{"@id":"https:\/\/partsandpieces.nl\/product\/knop-aluminium-mat-design-14mm\/#primaryimage"},"thumbnailUrl":"https:\/\/partsandpieces.nl\/wp-content\/uploads\/2020\/07\/Knop-Aluminium-Mat-Design-14mm.jpg","datePublished":"2020-07-10T10:13:43+00:00","dateModified":"2025-02-12T19:37:43+00:00","description":"Der Knopf Aluminium Matt Design 14 mm ist ein moderner, runder M\u00f6belknopf mit mattem Aluminium-Finish. Dieser Knauf passt gut zu Ihrem modernen M\u00f6belst\u00fcck.","breadcrumb":{"@id":"https:\/\/partsandpieces.nl\/product\/knop-aluminium-mat-design-14mm\/#breadcrumb"},"inLanguage":"de","potentialAction":[{"@type":"ReadAction","target":["https:\/\/partsandpieces.nl\/product\/knop-aluminium-mat-design-14mm\/"]}]},{"@type":"ImageObject","inLanguage":"de","@id":"https:\/\/partsandpieces.nl\/product\/knop-aluminium-mat-design-14mm\/#primaryimage","url":"https:\/\/partsandpieces.nl\/wp-content\/uploads\/2020\/07\/Knop-Aluminium-Mat-Design-14mm.jpg","contentUrl":"https:\/\/partsandpieces.nl\/wp-content\/uploads\/2020\/07\/Knop-Aluminium-Mat-Design-14mm.jpg","width":480,"height":481,"caption":"Knop Aluminium Mat Design 14mm"},{"@type":"BreadcrumbList","@id":"https:\/\/partsandpieces.nl\/product\/knop-aluminium-mat-design-14mm\/#breadcrumb","itemListElement":[{"@type":"ListItem","position":1,"name":"Home","item":"https:\/\/partsandpieces.nl\/home\/"},{"@type":"ListItem","position":2,"name":"Winkel","item":"https:\/\/partsandpieces.nl\/winkel\/"},{"@type":"ListItem","position":3,"name":"Knop Aluminium Mat Design 14mm"}]},{"@type":"WebSite","@id":"https:\/\/partsandpieces.nl\/#website","url":"https:\/\/partsandpieces.nl\/","name":"Teile &amp; St\u00fccke","description":"Alles f\u00fcr Ihre M\u00f6belrestaurierung und -pflege!","potentialAction":[{"@type":"SearchAction","target":{"@type":"EntryPoint","urlTemplate":"https:\/\/partsandpieces.nl\/?s={search_term_string}"},"query-input":{"@type":"PropertyValueSpecification","valueRequired":true,"valueName":"search_term_string"}}],"inLanguage":"de"}]}},"_links":{"self":[{"href":"https:\/\/partsandpieces.nl\/de\/wp-json\/wp\/v2\/product\/207","targetHints":{"allow":["GET"]}}],"collection":[{"href":"https:\/\/partsandpieces.nl\/de\/wp-json\/wp\/v2\/product"}],"about":[{"href":"https:\/\/partsandpieces.nl\/de\/wp-json\/wp\/v2\/types\/product"}],"wp:featuredmedia":[{"embeddable":true,"href":"https:\/\/partsandpieces.nl\/de\/wp-json\/wp\/v2\/media\/5552"}],"wp:attachment":[{"href":"https:\/\/partsandpieces.nl\/de\/wp-json\/wp\/v2\/media?parent=207"}],"wp:term":[{"taxonomy":"product_brand","embeddable":true,"href":"https:\/\/partsandpieces.nl\/de\/wp-json\/wp\/v2\/product_brand?post=207"},{"taxonomy":"product_cat","embeddable":true,"href":"https:\/\/partsandpieces.nl\/de\/wp-json\/wp\/v2\/product_cat?post=207"},{"taxonomy":"product_tag","embeddable":true,"href":"https:\/\/partsandpieces.nl\/de\/wp-json\/wp\/v2\/product_tag?post=207"}],"curies":[{"name":"wp","href":"https:\/\/api.w.org\/{rel}","templated":true}]}}