{"id":2168,"date":"2020-09-08T20:42:37","date_gmt":"2020-09-08T20:42:37","guid":{"rendered":"https:\/\/partsandpieces.bonsaidev.nl\/?product=retoucheerstift-eiken-licht-kleur-51"},"modified":"2026-03-19T07:18:20","modified_gmt":"2026-03-19T06:18:20","slug":"borma-wachs-profix-retuschierstift-eiche-hell-farbe-51","status":"publish","type":"product","link":"https:\/\/partsandpieces.nl\/de\/product\/borma-wachs-profix-retoucheerstift-licht-eiken-kleur-51\/","title":{"rendered":"Borma Wachs Profix Retuschierstift Eiche hell (Farbe 51)"},"content":{"rendered":"<p>Mit dem Profi\u00a0<strong>Profix Retuschierstift<\/strong> von <a href=\"https:\/\/bormawachs.com\">Borma Wachs<\/a>\u00a0f\u00fcr Holzm\u00f6bel jede Holzoberfl\u00e4che einf\u00e4rben. Mit der Spezialspitze eignet sich der Stift perfekt f\u00fcr Profil- und Eckanwendungen. Sie verwenden den Lackstift im Innenbereich. Ideal f\u00fcr jede Holzart. Folgen Sie beim Auftragen der Holzmaserung. Kratzer und andere kleinere Besch\u00e4digungen k\u00f6nnen Sie ganz einfach ausbessern, sodass sie sichtbar verschwinden.<\/p>\n<p>Ich habe den Profix Retoucherstick von Borma Wachs f\u00fcr Holzm\u00f6bel\u00a0<a href=\"https:\/\/partsandpieces.nl\/de\/produktkategorie-2\/oberflachenbehandlung-2\/retuschierstifte\/\"><strong><span style=\"color: windowtext; text-decoration: none; text-underline: none;\">18 Farben<\/span><\/strong><\/a> auf Lager.<\/p>\n<p><strong>Anweisungen<\/strong><b><br \/>\n<\/b>\u2013 F\u00fcr eine bessere Haftung und ein besseres Ergebnis entfernen Sie s\u00e4mtlichen Schmutz oder Staub von der Oberfl\u00e4che<br \/>\n\u2013 Verwenden Sie den Marker in einer Reihe von Punkten in L\u00e4ngsrichtung und folgen Sie der Maserung des Holzes<br \/>\n\u2013 Warten Sie einige Sekunden und wischen Sie \u00fcbersch\u00fcssiges Produkt mit einem weichen Tuch ab. Nach dem Trocknen kann jede weitere Veredelung erfolgen wie: Lackieren, Wachsen etc.<br \/>\n\u2013 Verschlie\u00dfen Sie die Kappe nach Gebrauch fest<\/p>","protected":false},"excerpt":{"rendered":"<p>Met de professionele\u00a0Profix Retoucheerstift van Borma Wachs\u00a0voor houten meubels kleur je elk houten oppervlak. Met de speciale punt is de stift perfect voor profiel- en hoektoepassingen. Je gebruikt de retoucheerstift binnenshuis. Ideaal voor elke houtsoort. Volg de houtnerf bij het aanbrengen. Je herstelt gemakkelijk krassen en andere kleine beschadigingen waardoor ze zichtbaar verdwijnen. Van de [&hellip;]<\/p>\n","protected":false},"featured_media":10047,"template":"","meta":{"_acf_changed":false},"product_brand":[],"product_cat":[64,78],"product_tag":[],"class_list":{"0":"post-2168","1":"product","2":"type-product","3":"status-publish","4":"has-post-thumbnail","6":"product_cat-oppervlakte-behandeling-borma-wachs","7":"product_cat-retoucheerstiften","9":"first","10":"instock","11":"taxable","12":"shipping-taxable","13":"purchasable","14":"product-type-simple"},"acf":[],"yoast_head":"<!-- This site is optimized with the Yoast SEO plugin v27.3 - https:\/\/yoast.com\/product\/yoast-seo-wordpress\/ -->\n<title>Retoucheerstift houten meubels Licht Eiken van Borma Wachs<\/title>\n<meta name=\"description\" content=\"Met de professionele Profix Retoucheerstift van Borma Wachs kleur je houten meubels. Je herstelt gemakkelijk krassen. 18 kleuren op voorraad!\" \/>\n<meta name=\"robots\" content=\"index, follow, max-snippet:-1, max-image-preview:large, max-video-preview:-1\" \/>\n<link rel=\"canonical\" href=\"https:\/\/partsandpieces.nl\/de\/produkt\/borma-wachs-profix-retuschierstift-eiche-hell-farbe-51\/\" \/>\n<meta property=\"og:locale\" content=\"de_DE\" \/>\n<meta property=\"og:type\" content=\"article\" \/>\n<meta property=\"og:title\" content=\"Retoucheerstift houten meubels Licht Eiken van Borma Wachs\" \/>\n<meta property=\"og:description\" content=\"Met de professionele Profix Retoucheerstift van Borma Wachs kleur je houten meubels. Je herstelt gemakkelijk krassen. 18 kleuren op voorraad!\" \/>\n<meta property=\"og:url\" content=\"https:\/\/partsandpieces.nl\/de\/produkt\/borma-wachs-profix-retuschierstift-eiche-hell-farbe-51\/\" \/>\n<meta property=\"og:site_name\" content=\"Parts &amp; Pieces\" \/>\n<meta property=\"article:modified_time\" content=\"2026-03-19T06:18:20+00:00\" \/>\n<meta property=\"og:image\" content=\"https:\/\/partsandpieces.nl\/wp-content\/uploads\/2020\/09\/Borma-Wachs-Profix-retoucheerstift-1.jpg\" \/>\n\t<meta property=\"og:image:width\" content=\"698\" \/>\n\t<meta property=\"og:image:height\" content=\"699\" \/>\n\t<meta property=\"og:image:type\" content=\"image\/jpeg\" \/>\n<meta name=\"twitter:card\" content=\"summary_large_image\" \/>\n<meta name=\"twitter:label1\" content=\"Gesch\u00e4tzte Lesezeit\" \/>\n\t<meta name=\"twitter:data1\" content=\"1\u00a0Minute\" \/>\n<script type=\"application\/ld+json\" class=\"yoast-schema-graph\">{\"@context\":\"https:\\\/\\\/schema.org\",\"@graph\":[{\"@type\":\"WebPage\",\"@id\":\"https:\\\/\\\/partsandpieces.nl\\\/product\\\/borma-wachs-profix-retoucheerstift-licht-eiken-kleur-51\\\/\",\"url\":\"https:\\\/\\\/partsandpieces.nl\\\/product\\\/borma-wachs-profix-retoucheerstift-licht-eiken-kleur-51\\\/\",\"name\":\"Retoucheerstift houten meubels Licht Eiken van Borma Wachs\",\"isPartOf\":{\"@id\":\"https:\\\/\\\/partsandpieces.nl\\\/#website\"},\"primaryImageOfPage\":{\"@id\":\"https:\\\/\\\/partsandpieces.nl\\\/product\\\/borma-wachs-profix-retoucheerstift-licht-eiken-kleur-51\\\/#primaryimage\"},\"image\":{\"@id\":\"https:\\\/\\\/partsandpieces.nl\\\/product\\\/borma-wachs-profix-retoucheerstift-licht-eiken-kleur-51\\\/#primaryimage\"},\"thumbnailUrl\":\"https:\\\/\\\/partsandpieces.nl\\\/wp-content\\\/uploads\\\/2020\\\/09\\\/Borma-Wachs-Profix-retoucheerstift-1.jpg\",\"datePublished\":\"2020-09-08T20:42:37+00:00\",\"dateModified\":\"2026-03-19T06:18:20+00:00\",\"description\":\"Met de professionele Profix Retoucheerstift van Borma Wachs kleur je houten meubels. Je herstelt gemakkelijk krassen. 18 kleuren op voorraad!\",\"breadcrumb\":{\"@id\":\"https:\\\/\\\/partsandpieces.nl\\\/product\\\/borma-wachs-profix-retoucheerstift-licht-eiken-kleur-51\\\/#breadcrumb\"},\"inLanguage\":\"de\",\"potentialAction\":[{\"@type\":\"ReadAction\",\"target\":[\"https:\\\/\\\/partsandpieces.nl\\\/product\\\/borma-wachs-profix-retoucheerstift-licht-eiken-kleur-51\\\/\"]}]},{\"@type\":\"ImageObject\",\"inLanguage\":\"de\",\"@id\":\"https:\\\/\\\/partsandpieces.nl\\\/product\\\/borma-wachs-profix-retoucheerstift-licht-eiken-kleur-51\\\/#primaryimage\",\"url\":\"https:\\\/\\\/partsandpieces.nl\\\/wp-content\\\/uploads\\\/2020\\\/09\\\/Borma-Wachs-Profix-retoucheerstift-1.jpg\",\"contentUrl\":\"https:\\\/\\\/partsandpieces.nl\\\/wp-content\\\/uploads\\\/2020\\\/09\\\/Borma-Wachs-Profix-retoucheerstift-1.jpg\",\"width\":698,\"height\":699,\"caption\":\"Borma Wachs Profix retoucheerstift\"},{\"@type\":\"BreadcrumbList\",\"@id\":\"https:\\\/\\\/partsandpieces.nl\\\/product\\\/borma-wachs-profix-retoucheerstift-licht-eiken-kleur-51\\\/#breadcrumb\",\"itemListElement\":[{\"@type\":\"ListItem\",\"position\":1,\"name\":\"Home\",\"item\":\"https:\\\/\\\/partsandpieces.nl\\\/home\\\/\"},{\"@type\":\"ListItem\",\"position\":2,\"name\":\"Winkel\",\"item\":\"https:\\\/\\\/partsandpieces.nl\\\/winkel\\\/\"},{\"@type\":\"ListItem\",\"position\":3,\"name\":\"Borma Wachs Profix Retoucheerstift Licht Eiken (kleur 51)\"}]},{\"@type\":\"WebSite\",\"@id\":\"https:\\\/\\\/partsandpieces.nl\\\/#website\",\"url\":\"https:\\\/\\\/partsandpieces.nl\\\/\",\"name\":\"Parts &amp; Pieces\",\"description\":\"Alles voor uw meubelrestauratie en -onderhoud!\",\"potentialAction\":[{\"@type\":\"SearchAction\",\"target\":{\"@type\":\"EntryPoint\",\"urlTemplate\":\"https:\\\/\\\/partsandpieces.nl\\\/?s={search_term_string}\"},\"query-input\":{\"@type\":\"PropertyValueSpecification\",\"valueRequired\":true,\"valueName\":\"search_term_string\"}}],\"inLanguage\":\"de\"}]}<\/script>\n<!-- \/ Yoast SEO plugin. -->","yoast_head_json":{"title":"Lackstift f\u00fcr Holzm\u00f6bel Eiche hell von Borma Wachs","description":"Mit dem professionellen Profix-Retuschierstift von Borma Wachs k\u00f6nnen Sie Holzm\u00f6bel einf\u00e4rben. Kratzer kannst du ganz einfach ausbessern. 18 Farben auf Lager!","robots":{"index":"index","follow":"follow","max-snippet":"max-snippet:-1","max-image-preview":"max-image-preview:large","max-video-preview":"max-video-preview:-1"},"canonical":"https:\/\/partsandpieces.nl\/de\/produkt\/borma-wachs-profix-retuschierstift-eiche-hell-farbe-51\/","og_locale":"de_DE","og_type":"article","og_title":"Retoucheerstift houten meubels Licht Eiken van Borma Wachs","og_description":"Met de professionele Profix Retoucheerstift van Borma Wachs kleur je houten meubels. Je herstelt gemakkelijk krassen. 18 kleuren op voorraad!","og_url":"https:\/\/partsandpieces.nl\/de\/produkt\/borma-wachs-profix-retuschierstift-eiche-hell-farbe-51\/","og_site_name":"Parts &amp; Pieces","article_modified_time":"2026-03-19T06:18:20+00:00","og_image":[{"width":698,"height":699,"url":"https:\/\/partsandpieces.nl\/wp-content\/uploads\/2020\/09\/Borma-Wachs-Profix-retoucheerstift-1.jpg","type":"image\/jpeg"}],"twitter_card":"summary_large_image","twitter_misc":{"Gesch\u00e4tzte Lesezeit":"1\u00a0Minute"},"schema":{"@context":"https:\/\/schema.org","@graph":[{"@type":"WebPage","@id":"https:\/\/partsandpieces.nl\/product\/borma-wachs-profix-retoucheerstift-licht-eiken-kleur-51\/","url":"https:\/\/partsandpieces.nl\/product\/borma-wachs-profix-retoucheerstift-licht-eiken-kleur-51\/","name":"Lackstift f\u00fcr Holzm\u00f6bel Eiche hell von Borma Wachs","isPartOf":{"@id":"https:\/\/partsandpieces.nl\/#website"},"primaryImageOfPage":{"@id":"https:\/\/partsandpieces.nl\/product\/borma-wachs-profix-retoucheerstift-licht-eiken-kleur-51\/#primaryimage"},"image":{"@id":"https:\/\/partsandpieces.nl\/product\/borma-wachs-profix-retoucheerstift-licht-eiken-kleur-51\/#primaryimage"},"thumbnailUrl":"https:\/\/partsandpieces.nl\/wp-content\/uploads\/2020\/09\/Borma-Wachs-Profix-retoucheerstift-1.jpg","datePublished":"2020-09-08T20:42:37+00:00","dateModified":"2026-03-19T06:18:20+00:00","description":"Mit dem professionellen Profix-Retuschierstift von Borma Wachs k\u00f6nnen Sie Holzm\u00f6bel einf\u00e4rben. Kratzer kannst du ganz einfach ausbessern. 18 Farben auf Lager!","breadcrumb":{"@id":"https:\/\/partsandpieces.nl\/product\/borma-wachs-profix-retoucheerstift-licht-eiken-kleur-51\/#breadcrumb"},"inLanguage":"de","potentialAction":[{"@type":"ReadAction","target":["https:\/\/partsandpieces.nl\/product\/borma-wachs-profix-retoucheerstift-licht-eiken-kleur-51\/"]}]},{"@type":"ImageObject","inLanguage":"de","@id":"https:\/\/partsandpieces.nl\/product\/borma-wachs-profix-retoucheerstift-licht-eiken-kleur-51\/#primaryimage","url":"https:\/\/partsandpieces.nl\/wp-content\/uploads\/2020\/09\/Borma-Wachs-Profix-retoucheerstift-1.jpg","contentUrl":"https:\/\/partsandpieces.nl\/wp-content\/uploads\/2020\/09\/Borma-Wachs-Profix-retoucheerstift-1.jpg","width":698,"height":699,"caption":"Borma Wachs Profix retoucheerstift"},{"@type":"BreadcrumbList","@id":"https:\/\/partsandpieces.nl\/product\/borma-wachs-profix-retoucheerstift-licht-eiken-kleur-51\/#breadcrumb","itemListElement":[{"@type":"ListItem","position":1,"name":"Home","item":"https:\/\/partsandpieces.nl\/home\/"},{"@type":"ListItem","position":2,"name":"Winkel","item":"https:\/\/partsandpieces.nl\/winkel\/"},{"@type":"ListItem","position":3,"name":"Borma Wachs Profix Retoucheerstift Licht Eiken (kleur 51)"}]},{"@type":"WebSite","@id":"https:\/\/partsandpieces.nl\/#website","url":"https:\/\/partsandpieces.nl\/","name":"Teile &amp; St\u00fccke","description":"Alles f\u00fcr Ihre M\u00f6belrestaurierung und -pflege!","potentialAction":[{"@type":"SearchAction","target":{"@type":"EntryPoint","urlTemplate":"https:\/\/partsandpieces.nl\/?s={search_term_string}"},"query-input":{"@type":"PropertyValueSpecification","valueRequired":true,"valueName":"search_term_string"}}],"inLanguage":"de"}]}},"_links":{"self":[{"href":"https:\/\/partsandpieces.nl\/de\/wp-json\/wp\/v2\/product\/2168","targetHints":{"allow":["GET"]}}],"collection":[{"href":"https:\/\/partsandpieces.nl\/de\/wp-json\/wp\/v2\/product"}],"about":[{"href":"https:\/\/partsandpieces.nl\/de\/wp-json\/wp\/v2\/types\/product"}],"wp:featuredmedia":[{"embeddable":true,"href":"https:\/\/partsandpieces.nl\/de\/wp-json\/wp\/v2\/media\/10047"}],"wp:attachment":[{"href":"https:\/\/partsandpieces.nl\/de\/wp-json\/wp\/v2\/media?parent=2168"}],"wp:term":[{"taxonomy":"product_brand","embeddable":true,"href":"https:\/\/partsandpieces.nl\/de\/wp-json\/wp\/v2\/product_brand?post=2168"},{"taxonomy":"product_cat","embeddable":true,"href":"https:\/\/partsandpieces.nl\/de\/wp-json\/wp\/v2\/product_cat?post=2168"},{"taxonomy":"product_tag","embeddable":true,"href":"https:\/\/partsandpieces.nl\/de\/wp-json\/wp\/v2\/product_tag?post=2168"}],"curies":[{"name":"wp","href":"https:\/\/api.w.org\/{rel}","templated":true}]}}