{"id":2194,"date":"2020-09-09T19:34:14","date_gmt":"2020-09-09T19:34:14","guid":{"rendered":"https:\/\/partsandpieces.bonsaidev.nl\/?product=hardtop-finish-politoer-500-ml"},"modified":"2026-04-04T12:32:31","modified_gmt":"2026-04-04T10:32:31","slug":"borma-wachs-hardtop-politur-kratzfeste-schellack-politur-500-ml","status":"publish","type":"product","link":"https:\/\/partsandpieces.nl\/de\/product\/borma-wachs-hard-top-polish-krasbestendige-schellak-politoer-500ml\/","title":{"rendered":"Borma Wachs Hardtop-Politur Kratzfeste Schellack-Politur 500ml"},"content":{"rendered":"<p><strong>Hardtop-Politur, kratzfeste Shellac-Politur<\/strong> von <a href=\"http:\/\/www.bormawachs.com\">Borma Wachs<\/a> ist einsatzbereit <strong>transparent<\/strong> Schellack, der Ihren Holzm\u00f6beln eine kratzfeste und verschlei\u00dffeste Oberfl\u00e4che verleiht. Besonders geeignet f\u00fcr stark beanspruchte Fl\u00e4chen.<br \/>\nHergestellt aus nat\u00fcrlich entwachstem Schellack und Zelluloseharzen. Bietet eine sch\u00fctzende Behandlung mit <strong>Hochglanz<\/strong> und Geschmeidigkeit auf allen Holzoberfl\u00e4chen. Zur Verwendung im Innenbereich. Mit diesem kratzfesten Schellack kann eingef\u00e4rbt werden <a href=\"https:\/\/partsandpieces.nl\/de\/produktkategorie-2\/oberflachenbehandlung-2\/holzfarbstoffkonzentrat\/\"><span style=\"text-decoration: underline;\">Holzfarbstoffkonzentrat<\/span><\/a>. Das Produkt ist formaldehydfrei.<\/p>\n<p><strong>Anweisungen<\/strong><br \/>\n\u2013 Mit einem Pinsel auf eine trockene und vollst\u00e4ndig saubere Oberfl\u00e4che auftragen<br \/>\n\u2013 Mehrere Schichten im Abstand von ca. 1 bis 2 Stunden auftragen<br \/>\n\u2013 Warten Sie zwischen den Behandlungen, bis die vorherige Schicht vollst\u00e4ndig getrocknet ist<br \/>\n\u2013 Nach ca. 3 Schichten k\u00f6nnen Sie die Oberfl\u00e4che weiter bearbeiten<br \/>\n\u2013 Verwendung in einem trockenen Raum bei Raumtemperatur<br \/>\n\u2013 Die Hard Top Polish Scratch Resistant Shellac Polish kann mit verd\u00fcnnt werden <a href=\"https:\/\/partsandpieces.nl\/de\/produkt\/bormawachs-schellack-99-losungsmittel-fur-schellack-99\/\"><span style=\"text-decoration: underline;\">Borma Wachs Schellack 99 L\u00f6sungsmittel<\/span><\/a>.<\/p>","protected":false},"excerpt":{"rendered":"<p>Hard Top Polish Krasbestendige Schellak Politoer van Borma Wachs is een gebruiksklare transparante schellak die zorgt voor een krasbestendig en slijtvast oppervlak op je houten meubel. Vooral geschikt voor oppervlakken die veel gebruikt worden. Gemaakt van natuurlijk van was ontdane schellak en celluloseharsen. Geeft een beschermende behandeling met hoogglans en soepelheid aan alle houten oppervlakken. [&hellip;]<\/p>\n","protected":false},"featured_media":4278,"template":"","meta":{"_acf_changed":false},"product_brand":[],"product_cat":[64,79],"product_tag":[],"class_list":{"0":"post-2194","1":"product","2":"type-product","3":"status-publish","4":"has-post-thumbnail","6":"product_cat-oppervlakte-behandeling-borma-wachs","7":"product_cat-schellak-en-politoer","9":"first","10":"instock","11":"taxable","12":"shipping-taxable","13":"purchasable","14":"product-type-simple"},"acf":[],"yoast_head":"<!-- This site is optimized with the Yoast SEO plugin v27.3 - https:\/\/yoast.com\/product\/yoast-seo-wordpress\/ -->\n<title>Krasbestendige Schellak Politoer van Borma Wachs<\/title>\n<meta name=\"description\" content=\"Krasbestendige Schellak Politoer van Borma Wachs is een gebruiksklare transparante schellak die zorgt voor een krasbestendig oppervlak op je houten meubel.\" \/>\n<meta name=\"robots\" content=\"index, follow, max-snippet:-1, max-image-preview:large, max-video-preview:-1\" \/>\n<link rel=\"canonical\" href=\"https:\/\/partsandpieces.nl\/de\/produkt\/borma-wachs-hardtop-politur-kratzfeste-schellack-politur-500-ml\/\" \/>\n<meta property=\"og:locale\" content=\"de_DE\" \/>\n<meta property=\"og:type\" content=\"article\" \/>\n<meta property=\"og:title\" content=\"Krasbestendige Schellak Politoer van Borma Wachs\" \/>\n<meta property=\"og:description\" content=\"Krasbestendige Schellak Politoer van Borma Wachs is een gebruiksklare transparante schellak die zorgt voor een krasbestendig oppervlak op je houten meubel.\" \/>\n<meta property=\"og:url\" content=\"https:\/\/partsandpieces.nl\/de\/produkt\/borma-wachs-hardtop-politur-kratzfeste-schellack-politur-500-ml\/\" \/>\n<meta property=\"og:site_name\" content=\"Parts &amp; Pieces\" \/>\n<meta property=\"article:modified_time\" content=\"2026-04-04T10:32:31+00:00\" \/>\n<meta property=\"og:image\" content=\"https:\/\/partsandpieces.nl\/wp-content\/uploads\/2020\/09\/3921N.jpg\" \/>\n\t<meta property=\"og:image:width\" content=\"800\" \/>\n\t<meta property=\"og:image:height\" content=\"800\" \/>\n\t<meta property=\"og:image:type\" content=\"image\/jpeg\" \/>\n<meta name=\"twitter:card\" content=\"summary_large_image\" \/>\n<meta name=\"twitter:label1\" content=\"Gesch\u00e4tzte Lesezeit\" \/>\n\t<meta name=\"twitter:data1\" content=\"1\u00a0Minute\" \/>\n<script type=\"application\/ld+json\" class=\"yoast-schema-graph\">{\"@context\":\"https:\\\/\\\/schema.org\",\"@graph\":[{\"@type\":\"WebPage\",\"@id\":\"https:\\\/\\\/partsandpieces.nl\\\/product\\\/borma-wachs-hard-top-polish-krasbestendige-schellak-politoer-500ml\\\/\",\"url\":\"https:\\\/\\\/partsandpieces.nl\\\/product\\\/borma-wachs-hard-top-polish-krasbestendige-schellak-politoer-500ml\\\/\",\"name\":\"Krasbestendige Schellak Politoer van Borma Wachs\",\"isPartOf\":{\"@id\":\"https:\\\/\\\/partsandpieces.nl\\\/#website\"},\"primaryImageOfPage\":{\"@id\":\"https:\\\/\\\/partsandpieces.nl\\\/product\\\/borma-wachs-hard-top-polish-krasbestendige-schellak-politoer-500ml\\\/#primaryimage\"},\"image\":{\"@id\":\"https:\\\/\\\/partsandpieces.nl\\\/product\\\/borma-wachs-hard-top-polish-krasbestendige-schellak-politoer-500ml\\\/#primaryimage\"},\"thumbnailUrl\":\"https:\\\/\\\/partsandpieces.nl\\\/wp-content\\\/uploads\\\/2020\\\/09\\\/3921N.jpg\",\"datePublished\":\"2020-09-09T19:34:14+00:00\",\"dateModified\":\"2026-04-04T10:32:31+00:00\",\"description\":\"Krasbestendige Schellak Politoer van Borma Wachs is een gebruiksklare transparante schellak die zorgt voor een krasbestendig oppervlak op je houten meubel.\",\"breadcrumb\":{\"@id\":\"https:\\\/\\\/partsandpieces.nl\\\/product\\\/borma-wachs-hard-top-polish-krasbestendige-schellak-politoer-500ml\\\/#breadcrumb\"},\"inLanguage\":\"de\",\"potentialAction\":[{\"@type\":\"ReadAction\",\"target\":[\"https:\\\/\\\/partsandpieces.nl\\\/product\\\/borma-wachs-hard-top-polish-krasbestendige-schellak-politoer-500ml\\\/\"]}]},{\"@type\":\"ImageObject\",\"inLanguage\":\"de\",\"@id\":\"https:\\\/\\\/partsandpieces.nl\\\/product\\\/borma-wachs-hard-top-polish-krasbestendige-schellak-politoer-500ml\\\/#primaryimage\",\"url\":\"https:\\\/\\\/partsandpieces.nl\\\/wp-content\\\/uploads\\\/2020\\\/09\\\/3921N.jpg\",\"contentUrl\":\"https:\\\/\\\/partsandpieces.nl\\\/wp-content\\\/uploads\\\/2020\\\/09\\\/3921N.jpg\",\"width\":800,\"height\":800,\"caption\":\"Borma Wachs Hard Top Polish Krasbestendige Schellak Politoer\"},{\"@type\":\"BreadcrumbList\",\"@id\":\"https:\\\/\\\/partsandpieces.nl\\\/product\\\/borma-wachs-hard-top-polish-krasbestendige-schellak-politoer-500ml\\\/#breadcrumb\",\"itemListElement\":[{\"@type\":\"ListItem\",\"position\":1,\"name\":\"Home\",\"item\":\"https:\\\/\\\/partsandpieces.nl\\\/home\\\/\"},{\"@type\":\"ListItem\",\"position\":2,\"name\":\"Winkel\",\"item\":\"https:\\\/\\\/partsandpieces.nl\\\/winkel\\\/\"},{\"@type\":\"ListItem\",\"position\":3,\"name\":\"Borma Wachs Hard Top Polish Krasbestendige Schellak Politoer 500ml\"}]},{\"@type\":\"WebSite\",\"@id\":\"https:\\\/\\\/partsandpieces.nl\\\/#website\",\"url\":\"https:\\\/\\\/partsandpieces.nl\\\/\",\"name\":\"Parts &amp; Pieces\",\"description\":\"Alles voor uw meubelrestauratie en -onderhoud!\",\"potentialAction\":[{\"@type\":\"SearchAction\",\"target\":{\"@type\":\"EntryPoint\",\"urlTemplate\":\"https:\\\/\\\/partsandpieces.nl\\\/?s={search_term_string}\"},\"query-input\":{\"@type\":\"PropertyValueSpecification\",\"valueRequired\":true,\"valueName\":\"search_term_string\"}}],\"inLanguage\":\"de\"}]}<\/script>\n<!-- \/ Yoast SEO plugin. -->","yoast_head_json":{"title":"Kratzfeste Schellackpolitur von Borma Wachs","description":"Kratzfester Schellack von Borma Wachs ist ein gebrauchsfertiger transparenter Schellack, der Ihren Holzm\u00f6beln eine kratzfeste Oberfl\u00e4che verleiht.","robots":{"index":"index","follow":"follow","max-snippet":"max-snippet:-1","max-image-preview":"max-image-preview:large","max-video-preview":"max-video-preview:-1"},"canonical":"https:\/\/partsandpieces.nl\/de\/produkt\/borma-wachs-hardtop-politur-kratzfeste-schellack-politur-500-ml\/","og_locale":"de_DE","og_type":"article","og_title":"Krasbestendige Schellak Politoer van Borma Wachs","og_description":"Krasbestendige Schellak Politoer van Borma Wachs is een gebruiksklare transparante schellak die zorgt voor een krasbestendig oppervlak op je houten meubel.","og_url":"https:\/\/partsandpieces.nl\/de\/produkt\/borma-wachs-hardtop-politur-kratzfeste-schellack-politur-500-ml\/","og_site_name":"Parts &amp; Pieces","article_modified_time":"2026-04-04T10:32:31+00:00","og_image":[{"width":800,"height":800,"url":"https:\/\/partsandpieces.nl\/wp-content\/uploads\/2020\/09\/3921N.jpg","type":"image\/jpeg"}],"twitter_card":"summary_large_image","twitter_misc":{"Gesch\u00e4tzte Lesezeit":"1\u00a0Minute"},"schema":{"@context":"https:\/\/schema.org","@graph":[{"@type":"WebPage","@id":"https:\/\/partsandpieces.nl\/product\/borma-wachs-hard-top-polish-krasbestendige-schellak-politoer-500ml\/","url":"https:\/\/partsandpieces.nl\/product\/borma-wachs-hard-top-polish-krasbestendige-schellak-politoer-500ml\/","name":"Kratzfeste Schellackpolitur von Borma Wachs","isPartOf":{"@id":"https:\/\/partsandpieces.nl\/#website"},"primaryImageOfPage":{"@id":"https:\/\/partsandpieces.nl\/product\/borma-wachs-hard-top-polish-krasbestendige-schellak-politoer-500ml\/#primaryimage"},"image":{"@id":"https:\/\/partsandpieces.nl\/product\/borma-wachs-hard-top-polish-krasbestendige-schellak-politoer-500ml\/#primaryimage"},"thumbnailUrl":"https:\/\/partsandpieces.nl\/wp-content\/uploads\/2020\/09\/3921N.jpg","datePublished":"2020-09-09T19:34:14+00:00","dateModified":"2026-04-04T10:32:31+00:00","description":"Kratzfester Schellack von Borma Wachs ist ein gebrauchsfertiger transparenter Schellack, der Ihren Holzm\u00f6beln eine kratzfeste Oberfl\u00e4che verleiht.","breadcrumb":{"@id":"https:\/\/partsandpieces.nl\/product\/borma-wachs-hard-top-polish-krasbestendige-schellak-politoer-500ml\/#breadcrumb"},"inLanguage":"de","potentialAction":[{"@type":"ReadAction","target":["https:\/\/partsandpieces.nl\/product\/borma-wachs-hard-top-polish-krasbestendige-schellak-politoer-500ml\/"]}]},{"@type":"ImageObject","inLanguage":"de","@id":"https:\/\/partsandpieces.nl\/product\/borma-wachs-hard-top-polish-krasbestendige-schellak-politoer-500ml\/#primaryimage","url":"https:\/\/partsandpieces.nl\/wp-content\/uploads\/2020\/09\/3921N.jpg","contentUrl":"https:\/\/partsandpieces.nl\/wp-content\/uploads\/2020\/09\/3921N.jpg","width":800,"height":800,"caption":"Borma Wachs Hard Top Polish Krasbestendige Schellak Politoer"},{"@type":"BreadcrumbList","@id":"https:\/\/partsandpieces.nl\/product\/borma-wachs-hard-top-polish-krasbestendige-schellak-politoer-500ml\/#breadcrumb","itemListElement":[{"@type":"ListItem","position":1,"name":"Home","item":"https:\/\/partsandpieces.nl\/home\/"},{"@type":"ListItem","position":2,"name":"Winkel","item":"https:\/\/partsandpieces.nl\/winkel\/"},{"@type":"ListItem","position":3,"name":"Borma Wachs Hard Top Polish Krasbestendige Schellak Politoer 500ml"}]},{"@type":"WebSite","@id":"https:\/\/partsandpieces.nl\/#website","url":"https:\/\/partsandpieces.nl\/","name":"Teile &amp; St\u00fccke","description":"Alles f\u00fcr Ihre M\u00f6belrestaurierung und -pflege!","potentialAction":[{"@type":"SearchAction","target":{"@type":"EntryPoint","urlTemplate":"https:\/\/partsandpieces.nl\/?s={search_term_string}"},"query-input":{"@type":"PropertyValueSpecification","valueRequired":true,"valueName":"search_term_string"}}],"inLanguage":"de"}]}},"_links":{"self":[{"href":"https:\/\/partsandpieces.nl\/de\/wp-json\/wp\/v2\/product\/2194","targetHints":{"allow":["GET"]}}],"collection":[{"href":"https:\/\/partsandpieces.nl\/de\/wp-json\/wp\/v2\/product"}],"about":[{"href":"https:\/\/partsandpieces.nl\/de\/wp-json\/wp\/v2\/types\/product"}],"wp:featuredmedia":[{"embeddable":true,"href":"https:\/\/partsandpieces.nl\/de\/wp-json\/wp\/v2\/media\/4278"}],"wp:attachment":[{"href":"https:\/\/partsandpieces.nl\/de\/wp-json\/wp\/v2\/media?parent=2194"}],"wp:term":[{"taxonomy":"product_brand","embeddable":true,"href":"https:\/\/partsandpieces.nl\/de\/wp-json\/wp\/v2\/product_brand?post=2194"},{"taxonomy":"product_cat","embeddable":true,"href":"https:\/\/partsandpieces.nl\/de\/wp-json\/wp\/v2\/product_cat?post=2194"},{"taxonomy":"product_tag","embeddable":true,"href":"https:\/\/partsandpieces.nl\/de\/wp-json\/wp\/v2\/product_tag?post=2194"}],"curies":[{"name":"wp","href":"https:\/\/api.w.org\/{rel}","templated":true}]}}