{"id":221,"date":"2020-07-10T11:20:58","date_gmt":"2020-07-10T11:20:58","guid":{"rendered":"https:\/\/partsandpieces.bonsaidev.nl\/?product=greep-zam-32-vintage-nikkel-140x55-mm"},"modified":"2025-09-30T10:55:59","modified_gmt":"2025-09-30T08:55:59","slug":"griff-evolve-serie-777-nickel-140mm","status":"publish","type":"product","link":"https:\/\/partsandpieces.nl\/de\/product\/greep-evolve-serie-777-nikkel-140mm\/","title":{"rendered":"Griff Evolve-Serie 777 Nickel 140 mm"},"content":{"rendered":"<p><strong>Griff Evolve-Serie 777 Nickel 140 mm<\/strong> ist ein robuster Industriegriff. Der Griff hat eine mattnickelfarbene Oberfl\u00e4che, die als \u201eVintage-Nickel\u201c bezeichnet wird. Es handelt sich um einen Griff und nicht um ein Scharnier zum Schlie\u00dfen einer T\u00fcr.<\/p>\n<p>Dieser hochwertige Griff wird in Italien hergestellt.<\/p>\n<p><strong>Gr\u00f6\u00dfe<br \/>\n<\/strong>Der Griff Evolve Serie 777 Nickel 140 mm ist 140 mm breit. Die Bohrergr\u00f6\u00dfe betr\u00e4gt 32 mm und der Griff ist 55 mm hoch. Nach der Installation steht dieser Griff 40 mm hervor.<\/p>\n<p><strong>Bearbeiten<br \/>\n<\/strong>Sie k\u00f6nnen den Griff mit blind montieren\u00a0<span style=\"text-decoration: underline;\"><a href=\"https:\/\/partsandpieces.nl\/de\/produkt\/schraube-edelstahl-zur-blindmontage-von-mobelbeschlagen-45x4mm-20-stuck\/\">Edelstahlschraube zur Blindbefestigung von M\u00f6belbeschl\u00e4gen (45x4mm)<\/a><\/span>. Ich schicke diese Schrauben\u00a0<strong>FREI<\/strong>\u00a0mit Ihrer Bestellung.<\/p>","protected":false},"excerpt":{"rendered":"<p>Greep Evolve serie 777 Nikkel 140mm is een stoere industri\u00eble greep. De greep heeft een mat nikkel kleurige afwerking genaamd &#8216;vintage nickel&#8217;. Het is een greep en geen scharnier om een deur mee af te sluiten. Deze kwalitatief uitstekende greep is gemaakt in Itali\u00eb. Afmeting Greep Evolve serie 777 Nikkel 140mm is 140mm breed. De [&hellip;]<\/p>\n","protected":false},"featured_media":6218,"template":"","meta":{"_acf_changed":false},"product_brand":[],"product_cat":[29,23,53],"product_tag":[],"class_list":{"0":"post-221","1":"product","2":"type-product","3":"status-publish","4":"has-post-thumbnail","6":"product_cat-deurtrekkers","7":"product_cat-meubelbeslag","8":"product_cat-vintage-grepen","10":"first","11":"instock","12":"taxable","13":"shipping-taxable","14":"purchasable","15":"product-type-simple"},"acf":[],"yoast_head":"<!-- This site is optimized with the Yoast SEO plugin v27.3 - https:\/\/yoast.com\/product\/yoast-seo-wordpress\/ -->\n<title>Greep Evolve 777 Nikkel<\/title>\n<meta name=\"description\" content=\"Greep Evolve serie 777 Nikkel 140mm is een stoere industri\u00eble greep. De greep heeft een mat nikkel kleurige afwerking genaamd &#039;vintage nickel&#039;.\" \/>\n<meta name=\"robots\" content=\"index, follow, max-snippet:-1, max-image-preview:large, max-video-preview:-1\" \/>\n<link rel=\"canonical\" href=\"https:\/\/partsandpieces.nl\/de\/produkt\/griff-evolve-serie-777-nickel-140mm\/\" \/>\n<meta property=\"og:locale\" content=\"de_DE\" \/>\n<meta property=\"og:type\" content=\"article\" \/>\n<meta property=\"og:title\" content=\"Greep Evolve 777 Nikkel\" \/>\n<meta property=\"og:description\" content=\"Greep Evolve serie 777 Nikkel 140mm is een stoere industri\u00eble greep. De greep heeft een mat nikkel kleurige afwerking genaamd &#039;vintage nickel&#039;.\" \/>\n<meta property=\"og:url\" content=\"https:\/\/partsandpieces.nl\/de\/produkt\/griff-evolve-serie-777-nickel-140mm\/\" \/>\n<meta property=\"og:site_name\" content=\"Parts &amp; Pieces\" \/>\n<meta property=\"article:modified_time\" content=\"2025-09-30T08:55:59+00:00\" \/>\n<meta property=\"og:image\" content=\"https:\/\/partsandpieces.nl\/wp-content\/uploads\/2020\/07\/Greep-Evolve-serie-777-Nikkel-140mm.jpg\" \/>\n\t<meta property=\"og:image:width\" content=\"480\" \/>\n\t<meta property=\"og:image:height\" content=\"480\" \/>\n\t<meta property=\"og:image:type\" content=\"image\/jpeg\" \/>\n<meta name=\"twitter:card\" content=\"summary_large_image\" \/>\n<meta name=\"twitter:label1\" content=\"Gesch\u00e4tzte Lesezeit\" \/>\n\t<meta name=\"twitter:data1\" content=\"1\u00a0Minute\" \/>\n<script type=\"application\/ld+json\" class=\"yoast-schema-graph\">{\"@context\":\"https:\\\/\\\/schema.org\",\"@graph\":[{\"@type\":\"WebPage\",\"@id\":\"https:\\\/\\\/partsandpieces.nl\\\/product\\\/greep-evolve-serie-777-nikkel-140mm\\\/\",\"url\":\"https:\\\/\\\/partsandpieces.nl\\\/product\\\/greep-evolve-serie-777-nikkel-140mm\\\/\",\"name\":\"Greep Evolve 777 Nikkel\",\"isPartOf\":{\"@id\":\"https:\\\/\\\/partsandpieces.nl\\\/#website\"},\"primaryImageOfPage\":{\"@id\":\"https:\\\/\\\/partsandpieces.nl\\\/product\\\/greep-evolve-serie-777-nikkel-140mm\\\/#primaryimage\"},\"image\":{\"@id\":\"https:\\\/\\\/partsandpieces.nl\\\/product\\\/greep-evolve-serie-777-nikkel-140mm\\\/#primaryimage\"},\"thumbnailUrl\":\"https:\\\/\\\/partsandpieces.nl\\\/wp-content\\\/uploads\\\/2020\\\/07\\\/Greep-Evolve-serie-777-Nikkel-140mm.jpg\",\"datePublished\":\"2020-07-10T11:20:58+00:00\",\"dateModified\":\"2025-09-30T08:55:59+00:00\",\"description\":\"Greep Evolve serie 777 Nikkel 140mm is een stoere industri\u00eble greep. De greep heeft een mat nikkel kleurige afwerking genaamd 'vintage nickel'.\",\"breadcrumb\":{\"@id\":\"https:\\\/\\\/partsandpieces.nl\\\/product\\\/greep-evolve-serie-777-nikkel-140mm\\\/#breadcrumb\"},\"inLanguage\":\"de\",\"potentialAction\":[{\"@type\":\"ReadAction\",\"target\":[\"https:\\\/\\\/partsandpieces.nl\\\/product\\\/greep-evolve-serie-777-nikkel-140mm\\\/\"]}]},{\"@type\":\"ImageObject\",\"inLanguage\":\"de\",\"@id\":\"https:\\\/\\\/partsandpieces.nl\\\/product\\\/greep-evolve-serie-777-nikkel-140mm\\\/#primaryimage\",\"url\":\"https:\\\/\\\/partsandpieces.nl\\\/wp-content\\\/uploads\\\/2020\\\/07\\\/Greep-Evolve-serie-777-Nikkel-140mm.jpg\",\"contentUrl\":\"https:\\\/\\\/partsandpieces.nl\\\/wp-content\\\/uploads\\\/2020\\\/07\\\/Greep-Evolve-serie-777-Nikkel-140mm.jpg\",\"width\":480,\"height\":480,\"caption\":\"Greep Evolve serie 777 Nikkel 140mm\"},{\"@type\":\"BreadcrumbList\",\"@id\":\"https:\\\/\\\/partsandpieces.nl\\\/product\\\/greep-evolve-serie-777-nikkel-140mm\\\/#breadcrumb\",\"itemListElement\":[{\"@type\":\"ListItem\",\"position\":1,\"name\":\"Home\",\"item\":\"https:\\\/\\\/partsandpieces.nl\\\/home\\\/\"},{\"@type\":\"ListItem\",\"position\":2,\"name\":\"Winkel\",\"item\":\"https:\\\/\\\/partsandpieces.nl\\\/winkel\\\/\"},{\"@type\":\"ListItem\",\"position\":3,\"name\":\"Greep Evolve serie 777 Nikkel 140mm\"}]},{\"@type\":\"WebSite\",\"@id\":\"https:\\\/\\\/partsandpieces.nl\\\/#website\",\"url\":\"https:\\\/\\\/partsandpieces.nl\\\/\",\"name\":\"Parts &amp; Pieces\",\"description\":\"Alles voor uw meubelrestauratie en -onderhoud!\",\"potentialAction\":[{\"@type\":\"SearchAction\",\"target\":{\"@type\":\"EntryPoint\",\"urlTemplate\":\"https:\\\/\\\/partsandpieces.nl\\\/?s={search_term_string}\"},\"query-input\":{\"@type\":\"PropertyValueSpecification\",\"valueRequired\":true,\"valueName\":\"search_term_string\"}}],\"inLanguage\":\"de\"}]}<\/script>\n<!-- \/ Yoast SEO plugin. -->","yoast_head_json":{"title":"Griff Evolve 777 Nickel","description":"Der Griff Evolve Serie 777 Nickel 140 mm ist ein robuster Industriegriff. Der Griff hat eine mattnickelfarbene Oberfl\u00e4che, die als \u201eVintage-Nickel\u201c bezeichnet wird.","robots":{"index":"index","follow":"follow","max-snippet":"max-snippet:-1","max-image-preview":"max-image-preview:large","max-video-preview":"max-video-preview:-1"},"canonical":"https:\/\/partsandpieces.nl\/de\/produkt\/griff-evolve-serie-777-nickel-140mm\/","og_locale":"de_DE","og_type":"article","og_title":"Greep Evolve 777 Nikkel","og_description":"Greep Evolve serie 777 Nikkel 140mm is een stoere industri\u00eble greep. De greep heeft een mat nikkel kleurige afwerking genaamd 'vintage nickel'.","og_url":"https:\/\/partsandpieces.nl\/de\/produkt\/griff-evolve-serie-777-nickel-140mm\/","og_site_name":"Parts &amp; Pieces","article_modified_time":"2025-09-30T08:55:59+00:00","og_image":[{"width":480,"height":480,"url":"https:\/\/partsandpieces.nl\/wp-content\/uploads\/2020\/07\/Greep-Evolve-serie-777-Nikkel-140mm.jpg","type":"image\/jpeg"}],"twitter_card":"summary_large_image","twitter_misc":{"Gesch\u00e4tzte Lesezeit":"1\u00a0Minute"},"schema":{"@context":"https:\/\/schema.org","@graph":[{"@type":"WebPage","@id":"https:\/\/partsandpieces.nl\/product\/greep-evolve-serie-777-nikkel-140mm\/","url":"https:\/\/partsandpieces.nl\/product\/greep-evolve-serie-777-nikkel-140mm\/","name":"Griff Evolve 777 Nickel","isPartOf":{"@id":"https:\/\/partsandpieces.nl\/#website"},"primaryImageOfPage":{"@id":"https:\/\/partsandpieces.nl\/product\/greep-evolve-serie-777-nikkel-140mm\/#primaryimage"},"image":{"@id":"https:\/\/partsandpieces.nl\/product\/greep-evolve-serie-777-nikkel-140mm\/#primaryimage"},"thumbnailUrl":"https:\/\/partsandpieces.nl\/wp-content\/uploads\/2020\/07\/Greep-Evolve-serie-777-Nikkel-140mm.jpg","datePublished":"2020-07-10T11:20:58+00:00","dateModified":"2025-09-30T08:55:59+00:00","description":"Der Griff Evolve Serie 777 Nickel 140 mm ist ein robuster Industriegriff. Der Griff hat eine mattnickelfarbene Oberfl\u00e4che, die als \u201eVintage-Nickel\u201c bezeichnet wird.","breadcrumb":{"@id":"https:\/\/partsandpieces.nl\/product\/greep-evolve-serie-777-nikkel-140mm\/#breadcrumb"},"inLanguage":"de","potentialAction":[{"@type":"ReadAction","target":["https:\/\/partsandpieces.nl\/product\/greep-evolve-serie-777-nikkel-140mm\/"]}]},{"@type":"ImageObject","inLanguage":"de","@id":"https:\/\/partsandpieces.nl\/product\/greep-evolve-serie-777-nikkel-140mm\/#primaryimage","url":"https:\/\/partsandpieces.nl\/wp-content\/uploads\/2020\/07\/Greep-Evolve-serie-777-Nikkel-140mm.jpg","contentUrl":"https:\/\/partsandpieces.nl\/wp-content\/uploads\/2020\/07\/Greep-Evolve-serie-777-Nikkel-140mm.jpg","width":480,"height":480,"caption":"Greep Evolve serie 777 Nikkel 140mm"},{"@type":"BreadcrumbList","@id":"https:\/\/partsandpieces.nl\/product\/greep-evolve-serie-777-nikkel-140mm\/#breadcrumb","itemListElement":[{"@type":"ListItem","position":1,"name":"Home","item":"https:\/\/partsandpieces.nl\/home\/"},{"@type":"ListItem","position":2,"name":"Winkel","item":"https:\/\/partsandpieces.nl\/winkel\/"},{"@type":"ListItem","position":3,"name":"Greep Evolve serie 777 Nikkel 140mm"}]},{"@type":"WebSite","@id":"https:\/\/partsandpieces.nl\/#website","url":"https:\/\/partsandpieces.nl\/","name":"Teile &amp; St\u00fccke","description":"Alles f\u00fcr Ihre M\u00f6belrestaurierung und -pflege!","potentialAction":[{"@type":"SearchAction","target":{"@type":"EntryPoint","urlTemplate":"https:\/\/partsandpieces.nl\/?s={search_term_string}"},"query-input":{"@type":"PropertyValueSpecification","valueRequired":true,"valueName":"search_term_string"}}],"inLanguage":"de"}]}},"_links":{"self":[{"href":"https:\/\/partsandpieces.nl\/de\/wp-json\/wp\/v2\/product\/221","targetHints":{"allow":["GET"]}}],"collection":[{"href":"https:\/\/partsandpieces.nl\/de\/wp-json\/wp\/v2\/product"}],"about":[{"href":"https:\/\/partsandpieces.nl\/de\/wp-json\/wp\/v2\/types\/product"}],"wp:featuredmedia":[{"embeddable":true,"href":"https:\/\/partsandpieces.nl\/de\/wp-json\/wp\/v2\/media\/6218"}],"wp:attachment":[{"href":"https:\/\/partsandpieces.nl\/de\/wp-json\/wp\/v2\/media?parent=221"}],"wp:term":[{"taxonomy":"product_brand","embeddable":true,"href":"https:\/\/partsandpieces.nl\/de\/wp-json\/wp\/v2\/product_brand?post=221"},{"taxonomy":"product_cat","embeddable":true,"href":"https:\/\/partsandpieces.nl\/de\/wp-json\/wp\/v2\/product_cat?post=221"},{"taxonomy":"product_tag","embeddable":true,"href":"https:\/\/partsandpieces.nl\/de\/wp-json\/wp\/v2\/product_tag?post=221"}],"curies":[{"name":"wp","href":"https:\/\/api.w.org\/{rel}","templated":true}]}}