{"id":2218,"date":"2020-09-17T09:20:03","date_gmt":"2020-09-17T07:20:03","guid":{"rendered":"https:\/\/partsandpieces.bonsaidev.nl\/?product=harde-stopwas-eiken-middel-30gr-48"},"modified":"2026-04-01T14:15:23","modified_gmt":"2026-04-01T12:15:23","slug":"bormawachs-hartstoppwachs-fur-holz-mittlere-eiche-farbe-48","status":"publish","type":"product","link":"https:\/\/partsandpieces.nl\/de\/product\/borma-wachs-harde-stopwas-voor-hout-midden-eiken-kleur-48\/","title":{"rendered":"Borma Wachs Hartwachs f\u00fcr Holz Mittlere Eiche (Farbe 48)"},"content":{"rendered":"<p><strong>Hartes Stoppwachs f\u00fcr Holz Mittlere Eiche<\/strong>\u00a0von <a href=\"http:\/\/www.bormawachs.com\">Borma Wachs<\/a> sind Wachsstangen, die f\u00fcr den Einsatz in stark frequentierten Bereichen vorgesehen sind. Mit Schmelzger\u00e4t zu verarbeiten. Besonders geeignet f\u00fcr Fensterrahmen und M\u00f6bel sowie f\u00fcr Kunststoffoberfl\u00e4chen. Der Schmelzpunkt des Kerzenwachses liegt bei 95\u00b0C. Das Spachtelwachs hat eine sehr gute Haftung zum Untergrund, gute Plastizit\u00e4t und H\u00e4rte. Nach dem Auftragen \u00fcberstreichbar. Der Riegel wiegt 20 Gramm.<\/p>\n<p>Ich habe\u00a0<a href=\"https:\/\/partsandpieces.nl\/de\/produktkategorie-2\/oberflachenbehandlung-2\/hartstopp-wachsstifte\/\"><span style=\"text-decoration: underline;\">verschiedene Farben<\/span><\/a>\u00a0auf Lager.<\/p>\n<p><strong>Anweisungen<\/strong><br \/>\n\u2013 Verwenden Sie ein scharfes Werkzeug, um Splitter oder besch\u00e4digtes Holz von der zu reparierenden Stelle zu entfernen<br \/>\n\u2013 F\u00fcllen Sie das Wachs mit dem Schmelzeisen in die besch\u00e4digte Stelle<br \/>\n\u2013 Warten Sie, bis das Wachs abgek\u00fchlt ist und verwenden Sie einen Spachtel oder feine Stahlwolle, um \u00fcbersch\u00fcssiges Material zu entfernen<br \/>\n\u2013 Um die beste Farbwirkung zu erzielen, k\u00f6nnen Sie die Stelle mit einem Retuschierstift retuschieren.<\/p>","protected":false},"excerpt":{"rendered":"<p>Harde Stopwas voor hout Midden Eiken\u00a0van Borma Wachs zijn wasstaven bedoeld om te gebruiken bij veel gebruikte plekken. Te verwerken met een smelter. Bijzonder geschikt voor zowel bijvoorbeeld raamkozijnen en meubels als voor kunststof oppervlakken. Het smeltpunt van de stopwas is 95\u00b0C. De stopwas heeft een zeer goede hechting aan de ondergrond, goede plasticiteit en [&hellip;]<\/p>\n","protected":false},"featured_media":73,"template":"","meta":{"_acf_changed":false},"product_brand":[],"product_cat":[81,64],"product_tag":[],"class_list":{"0":"post-2218","1":"product","2":"type-product","3":"status-publish","4":"has-post-thumbnail","6":"product_cat-harde-stopwas-staven","7":"product_cat-oppervlakte-behandeling-borma-wachs","9":"first","10":"instock","11":"taxable","12":"shipping-taxable","13":"purchasable","14":"product-type-simple"},"acf":[],"yoast_head":"<!-- This site is optimized with the Yoast SEO plugin v27.3 - https:\/\/yoast.com\/product\/yoast-seo-wordpress\/ -->\n<title>Harde stopwas Midden Eiken van Borma Wachs<\/title>\n<meta name=\"description\" content=\"Harde Stopwas voor hout Midden Eiken van Borma Wachs zijn wasstaven bedoeld om te gebruiken bij veel gebruikte plekken. Te verwerken met een smelter.\" \/>\n<meta name=\"robots\" content=\"index, follow, max-snippet:-1, max-image-preview:large, max-video-preview:-1\" \/>\n<link rel=\"canonical\" href=\"https:\/\/partsandpieces.nl\/de\/produkt\/bormawachs-hartstoppwachs-fur-holz-mittlere-eiche-farbe-48\/\" \/>\n<meta property=\"og:locale\" content=\"de_DE\" \/>\n<meta property=\"og:type\" content=\"article\" \/>\n<meta property=\"og:title\" content=\"Harde stopwas Midden Eiken van Borma Wachs\" \/>\n<meta property=\"og:description\" content=\"Harde Stopwas voor hout Midden Eiken van Borma Wachs zijn wasstaven bedoeld om te gebruiken bij veel gebruikte plekken. Te verwerken met een smelter.\" \/>\n<meta property=\"og:url\" content=\"https:\/\/partsandpieces.nl\/de\/produkt\/bormawachs-hartstoppwachs-fur-holz-mittlere-eiche-farbe-48\/\" \/>\n<meta property=\"og:site_name\" content=\"Parts &amp; Pieces\" \/>\n<meta property=\"article:modified_time\" content=\"2026-04-01T12:15:23+00:00\" \/>\n<meta property=\"og:image\" content=\"https:\/\/partsandpieces.nl\/wp-content\/uploads\/2022\/09\/203605633.jpg\" \/>\n\t<meta property=\"og:image:width\" content=\"800\" \/>\n\t<meta property=\"og:image:height\" content=\"533\" \/>\n\t<meta property=\"og:image:type\" content=\"image\/jpeg\" \/>\n<meta name=\"twitter:card\" content=\"summary_large_image\" \/>\n<meta name=\"twitter:label1\" content=\"Gesch\u00e4tzte Lesezeit\" \/>\n\t<meta name=\"twitter:data1\" content=\"1\u00a0Minute\" \/>\n<script type=\"application\/ld+json\" class=\"yoast-schema-graph\">{\"@context\":\"https:\\\/\\\/schema.org\",\"@graph\":[{\"@type\":\"WebPage\",\"@id\":\"https:\\\/\\\/partsandpieces.nl\\\/product\\\/borma-wachs-harde-stopwas-voor-hout-midden-eiken-kleur-48\\\/\",\"url\":\"https:\\\/\\\/partsandpieces.nl\\\/product\\\/borma-wachs-harde-stopwas-voor-hout-midden-eiken-kleur-48\\\/\",\"name\":\"Harde stopwas Midden Eiken van Borma Wachs\",\"isPartOf\":{\"@id\":\"https:\\\/\\\/partsandpieces.nl\\\/#website\"},\"primaryImageOfPage\":{\"@id\":\"https:\\\/\\\/partsandpieces.nl\\\/product\\\/borma-wachs-harde-stopwas-voor-hout-midden-eiken-kleur-48\\\/#primaryimage\"},\"image\":{\"@id\":\"https:\\\/\\\/partsandpieces.nl\\\/product\\\/borma-wachs-harde-stopwas-voor-hout-midden-eiken-kleur-48\\\/#primaryimage\"},\"thumbnailUrl\":\"https:\\\/\\\/partsandpieces.nl\\\/wp-content\\\/uploads\\\/2022\\\/09\\\/203605633.jpg\",\"datePublished\":\"2020-09-17T07:20:03+00:00\",\"dateModified\":\"2026-04-01T12:15:23+00:00\",\"description\":\"Harde Stopwas voor hout Midden Eiken van Borma Wachs zijn wasstaven bedoeld om te gebruiken bij veel gebruikte plekken. Te verwerken met een smelter.\",\"breadcrumb\":{\"@id\":\"https:\\\/\\\/partsandpieces.nl\\\/product\\\/borma-wachs-harde-stopwas-voor-hout-midden-eiken-kleur-48\\\/#breadcrumb\"},\"inLanguage\":\"de\",\"potentialAction\":[{\"@type\":\"ReadAction\",\"target\":[\"https:\\\/\\\/partsandpieces.nl\\\/product\\\/borma-wachs-harde-stopwas-voor-hout-midden-eiken-kleur-48\\\/\"]}]},{\"@type\":\"ImageObject\",\"inLanguage\":\"de\",\"@id\":\"https:\\\/\\\/partsandpieces.nl\\\/product\\\/borma-wachs-harde-stopwas-voor-hout-midden-eiken-kleur-48\\\/#primaryimage\",\"url\":\"https:\\\/\\\/partsandpieces.nl\\\/wp-content\\\/uploads\\\/2022\\\/09\\\/203605633.jpg\",\"contentUrl\":\"https:\\\/\\\/partsandpieces.nl\\\/wp-content\\\/uploads\\\/2022\\\/09\\\/203605633.jpg\",\"width\":800,\"height\":533,\"caption\":\"Borma Wachs Harde Stopwas\"},{\"@type\":\"BreadcrumbList\",\"@id\":\"https:\\\/\\\/partsandpieces.nl\\\/product\\\/borma-wachs-harde-stopwas-voor-hout-midden-eiken-kleur-48\\\/#breadcrumb\",\"itemListElement\":[{\"@type\":\"ListItem\",\"position\":1,\"name\":\"Home\",\"item\":\"https:\\\/\\\/partsandpieces.nl\\\/home\\\/\"},{\"@type\":\"ListItem\",\"position\":2,\"name\":\"Winkel\",\"item\":\"https:\\\/\\\/partsandpieces.nl\\\/winkel\\\/\"},{\"@type\":\"ListItem\",\"position\":3,\"name\":\"Borma Wachs Harde Stopwas voor hout Midden Eiken (kleur 48)\"}]},{\"@type\":\"WebSite\",\"@id\":\"https:\\\/\\\/partsandpieces.nl\\\/#website\",\"url\":\"https:\\\/\\\/partsandpieces.nl\\\/\",\"name\":\"Parts &amp; Pieces\",\"description\":\"Alles voor uw meubelrestauratie en -onderhoud!\",\"potentialAction\":[{\"@type\":\"SearchAction\",\"target\":{\"@type\":\"EntryPoint\",\"urlTemplate\":\"https:\\\/\\\/partsandpieces.nl\\\/?s={search_term_string}\"},\"query-input\":{\"@type\":\"PropertyValueSpecification\",\"valueRequired\":true,\"valueName\":\"search_term_string\"}}],\"inLanguage\":\"de\"}]}<\/script>\n<!-- \/ Yoast SEO plugin. -->","yoast_head_json":{"title":"Hartkittwachs Middle Oak von Borma Wachs","description":"Hard Stop Wax for Wood Middle Oak von Borma Wachs sind Wachsstifte, die f\u00fcr den Einsatz an h\u00e4ufig genutzten Stellen bestimmt sind. Mit Schmelzger\u00e4t zu verarbeiten.","robots":{"index":"index","follow":"follow","max-snippet":"max-snippet:-1","max-image-preview":"max-image-preview:large","max-video-preview":"max-video-preview:-1"},"canonical":"https:\/\/partsandpieces.nl\/de\/produkt\/bormawachs-hartstoppwachs-fur-holz-mittlere-eiche-farbe-48\/","og_locale":"de_DE","og_type":"article","og_title":"Harde stopwas Midden Eiken van Borma Wachs","og_description":"Harde Stopwas voor hout Midden Eiken van Borma Wachs zijn wasstaven bedoeld om te gebruiken bij veel gebruikte plekken. Te verwerken met een smelter.","og_url":"https:\/\/partsandpieces.nl\/de\/produkt\/bormawachs-hartstoppwachs-fur-holz-mittlere-eiche-farbe-48\/","og_site_name":"Parts &amp; Pieces","article_modified_time":"2026-04-01T12:15:23+00:00","og_image":[{"width":800,"height":533,"url":"https:\/\/partsandpieces.nl\/wp-content\/uploads\/2022\/09\/203605633.jpg","type":"image\/jpeg"}],"twitter_card":"summary_large_image","twitter_misc":{"Gesch\u00e4tzte Lesezeit":"1\u00a0Minute"},"schema":{"@context":"https:\/\/schema.org","@graph":[{"@type":"WebPage","@id":"https:\/\/partsandpieces.nl\/product\/borma-wachs-harde-stopwas-voor-hout-midden-eiken-kleur-48\/","url":"https:\/\/partsandpieces.nl\/product\/borma-wachs-harde-stopwas-voor-hout-midden-eiken-kleur-48\/","name":"Hartkittwachs Middle Oak von Borma Wachs","isPartOf":{"@id":"https:\/\/partsandpieces.nl\/#website"},"primaryImageOfPage":{"@id":"https:\/\/partsandpieces.nl\/product\/borma-wachs-harde-stopwas-voor-hout-midden-eiken-kleur-48\/#primaryimage"},"image":{"@id":"https:\/\/partsandpieces.nl\/product\/borma-wachs-harde-stopwas-voor-hout-midden-eiken-kleur-48\/#primaryimage"},"thumbnailUrl":"https:\/\/partsandpieces.nl\/wp-content\/uploads\/2022\/09\/203605633.jpg","datePublished":"2020-09-17T07:20:03+00:00","dateModified":"2026-04-01T12:15:23+00:00","description":"Hard Stop Wax for Wood Middle Oak von Borma Wachs sind Wachsstifte, die f\u00fcr den Einsatz an h\u00e4ufig genutzten Stellen bestimmt sind. Mit Schmelzger\u00e4t zu verarbeiten.","breadcrumb":{"@id":"https:\/\/partsandpieces.nl\/product\/borma-wachs-harde-stopwas-voor-hout-midden-eiken-kleur-48\/#breadcrumb"},"inLanguage":"de","potentialAction":[{"@type":"ReadAction","target":["https:\/\/partsandpieces.nl\/product\/borma-wachs-harde-stopwas-voor-hout-midden-eiken-kleur-48\/"]}]},{"@type":"ImageObject","inLanguage":"de","@id":"https:\/\/partsandpieces.nl\/product\/borma-wachs-harde-stopwas-voor-hout-midden-eiken-kleur-48\/#primaryimage","url":"https:\/\/partsandpieces.nl\/wp-content\/uploads\/2022\/09\/203605633.jpg","contentUrl":"https:\/\/partsandpieces.nl\/wp-content\/uploads\/2022\/09\/203605633.jpg","width":800,"height":533,"caption":"Borma Wachs Harde Stopwas"},{"@type":"BreadcrumbList","@id":"https:\/\/partsandpieces.nl\/product\/borma-wachs-harde-stopwas-voor-hout-midden-eiken-kleur-48\/#breadcrumb","itemListElement":[{"@type":"ListItem","position":1,"name":"Home","item":"https:\/\/partsandpieces.nl\/home\/"},{"@type":"ListItem","position":2,"name":"Winkel","item":"https:\/\/partsandpieces.nl\/winkel\/"},{"@type":"ListItem","position":3,"name":"Borma Wachs Harde Stopwas voor hout Midden Eiken (kleur 48)"}]},{"@type":"WebSite","@id":"https:\/\/partsandpieces.nl\/#website","url":"https:\/\/partsandpieces.nl\/","name":"Teile &amp; St\u00fccke","description":"Alles f\u00fcr Ihre M\u00f6belrestaurierung und -pflege!","potentialAction":[{"@type":"SearchAction","target":{"@type":"EntryPoint","urlTemplate":"https:\/\/partsandpieces.nl\/?s={search_term_string}"},"query-input":{"@type":"PropertyValueSpecification","valueRequired":true,"valueName":"search_term_string"}}],"inLanguage":"de"}]}},"_links":{"self":[{"href":"https:\/\/partsandpieces.nl\/de\/wp-json\/wp\/v2\/product\/2218","targetHints":{"allow":["GET"]}}],"collection":[{"href":"https:\/\/partsandpieces.nl\/de\/wp-json\/wp\/v2\/product"}],"about":[{"href":"https:\/\/partsandpieces.nl\/de\/wp-json\/wp\/v2\/types\/product"}],"wp:featuredmedia":[{"embeddable":true,"href":"https:\/\/partsandpieces.nl\/de\/wp-json\/wp\/v2\/media\/73"}],"wp:attachment":[{"href":"https:\/\/partsandpieces.nl\/de\/wp-json\/wp\/v2\/media?parent=2218"}],"wp:term":[{"taxonomy":"product_brand","embeddable":true,"href":"https:\/\/partsandpieces.nl\/de\/wp-json\/wp\/v2\/product_brand?post=2218"},{"taxonomy":"product_cat","embeddable":true,"href":"https:\/\/partsandpieces.nl\/de\/wp-json\/wp\/v2\/product_cat?post=2218"},{"taxonomy":"product_tag","embeddable":true,"href":"https:\/\/partsandpieces.nl\/de\/wp-json\/wp\/v2\/product_tag?post=2218"}],"curies":[{"name":"wp","href":"https:\/\/api.w.org\/{rel}","templated":true}]}}