{"id":223,"date":"2020-07-10T11:25:27","date_gmt":"2020-07-10T09:25:27","guid":{"rendered":"https:\/\/partsandpieces.bonsaidev.nl\/?product=scharnier-zam-vintage-nikkel-125-x-76-mm"},"modified":"2026-02-04T16:17:28","modified_gmt":"2026-02-04T15:17:28","slug":"scharnier-aluminium-industrie-110mm","status":"publish","type":"product","link":"https:\/\/partsandpieces.nl\/de\/product\/scharnier-aluminium-industrieel-110mm\/","title":{"rendered":"Scharnier Aluminium Industrie 110mm"},"content":{"rendered":"<p><strong>Scharnier Aluminium Industrie 110mm<\/strong> ist ein robustes Scharnier aus Zamak mit Aluminiumoberfl\u00e4che. Das Scharnier \u00e4hnelt den Scharnieren, die in K\u00fchlh\u00e4usern verwendet werden. Das Erscheinungsbild des Scharniers ist seidenmatt. Dieses Scharnier passt gut zu einem stabilen Schrank im Industrie-Look.<\/p>\n<p>Dieses hochwertige Scharnier wird in Italien hergestellt.<\/p>\n<p><strong>Ma\u00dfe<br \/>\n<\/strong>Das Scharnier Aluminium Industrial 110 mm hat eine Gesamtbreite von 125 mm. Der Teil, den Sie am Geh\u00e4use befestigen, ist 77 mm hoch und 25 mm breit. Der Teil, den Sie an der T\u00fcr befestigen, ist 110 mm breit und 48 mm bis 31 mm hoch.<\/p>\n<p><strong>Bearbeiten<br \/>\n<\/strong>Das Scharnier befestigen Sie mit insgesamt 6 Schrauben. Ich liefere dies NICHT mit dem Scharnier.<\/p>\n<p>* Zamak ist eine Legierung mit Zink als Hauptbestandteil. Es hat einen relativ niedrigen Schmelzpunkt und ist leicht zu gie\u00dfen. Der Name ist ein Akronym, abgeleitet von den Anfangsbuchstaben der deutschen Bezeichnungen f\u00fcr die Metalle, aus denen sich der Werkstoff zusammensetzt: Zink, Aluminium, MAGnesium, Kupfer. Zamak wird in der Auto- und M\u00f6belindustrie f\u00fcr T\u00fcrgriffe, Griffe, Logos und Zierleisten verwendet. Es wird auch h\u00e4ufig als Ersatz f\u00fcr das giftige Blei verwendet.<\/p>","protected":false},"excerpt":{"rendered":"<p>Scharnier Aluminium Industrieel 110mm is een stoer scharnier gemaakt van zamak met een aliminium finish. Het scharnier lijkt op de scharnieren zoals gebruikt in koelcellen. De uitstraling van het scharnier is semi glanzend. Dit scharnier past goed op stoere kast met industri\u00eble look. Dit kwalitatief uitstekende scharnier is gemaakt in Itali\u00eb. Afmetingen Het Scharnier Aluminium [&hellip;]<\/p>\n","protected":false},"featured_media":6338,"template":"","meta":{"_acf_changed":false},"product_brand":[],"product_cat":[25,45,23,53],"product_tag":[],"class_list":{"0":"post-223","1":"product","2":"type-product","3":"status-publish","4":"has-post-thumbnail","6":"product_cat-aluminium-en-rvs","7":"product_cat-antieke-scharnieren","8":"product_cat-meubelbeslag","9":"product_cat-vintage-grepen","11":"first","12":"instock","13":"taxable","14":"shipping-taxable","15":"purchasable","16":"product-type-simple"},"acf":[],"yoast_head":"<!-- This site is optimized with the Yoast SEO plugin v27.3 - https:\/\/yoast.com\/product\/yoast-seo-wordpress\/ -->\n<title>Scharnier Aluminium Industrieel 110mm<\/title>\n<meta name=\"description\" content=\"Scharnier Aluminium Industrieel 110mm is gemaakt van zamak met een aliminium finish. Lijkt op de scharnieren zoals gebruikt in koelcellen.\" \/>\n<meta name=\"robots\" content=\"index, follow, max-snippet:-1, max-image-preview:large, max-video-preview:-1\" \/>\n<link rel=\"canonical\" href=\"https:\/\/partsandpieces.nl\/de\/produkt\/scharnier-aluminium-industrie-110mm\/\" \/>\n<meta property=\"og:locale\" content=\"de_DE\" \/>\n<meta property=\"og:type\" content=\"article\" \/>\n<meta property=\"og:title\" content=\"Scharnier Aluminium Industrieel 110mm\" \/>\n<meta property=\"og:description\" content=\"Scharnier Aluminium Industrieel 110mm is gemaakt van zamak met een aliminium finish. Lijkt op de scharnieren zoals gebruikt in koelcellen.\" \/>\n<meta property=\"og:url\" content=\"https:\/\/partsandpieces.nl\/de\/produkt\/scharnier-aluminium-industrie-110mm\/\" \/>\n<meta property=\"og:site_name\" content=\"Parts &amp; Pieces\" \/>\n<meta property=\"article:modified_time\" content=\"2026-02-04T15:17:28+00:00\" \/>\n<meta property=\"og:image\" content=\"https:\/\/partsandpieces.nl\/wp-content\/uploads\/2020\/07\/Scharnier-Aluminium-Industrieel-110mm-1.jpg\" \/>\n\t<meta property=\"og:image:width\" content=\"1440\" \/>\n\t<meta property=\"og:image:height\" content=\"1440\" \/>\n\t<meta property=\"og:image:type\" content=\"image\/jpeg\" \/>\n<meta name=\"twitter:card\" content=\"summary_large_image\" \/>\n<meta name=\"twitter:label1\" content=\"Gesch\u00e4tzte Lesezeit\" \/>\n\t<meta name=\"twitter:data1\" content=\"1\u00a0Minute\" \/>\n<script type=\"application\/ld+json\" class=\"yoast-schema-graph\">{\"@context\":\"https:\\\/\\\/schema.org\",\"@graph\":[{\"@type\":\"WebPage\",\"@id\":\"https:\\\/\\\/partsandpieces.nl\\\/product\\\/scharnier-aluminium-industrieel-110mm\\\/\",\"url\":\"https:\\\/\\\/partsandpieces.nl\\\/product\\\/scharnier-aluminium-industrieel-110mm\\\/\",\"name\":\"Scharnier Aluminium Industrieel 110mm\",\"isPartOf\":{\"@id\":\"https:\\\/\\\/partsandpieces.nl\\\/#website\"},\"primaryImageOfPage\":{\"@id\":\"https:\\\/\\\/partsandpieces.nl\\\/product\\\/scharnier-aluminium-industrieel-110mm\\\/#primaryimage\"},\"image\":{\"@id\":\"https:\\\/\\\/partsandpieces.nl\\\/product\\\/scharnier-aluminium-industrieel-110mm\\\/#primaryimage\"},\"thumbnailUrl\":\"https:\\\/\\\/partsandpieces.nl\\\/wp-content\\\/uploads\\\/2020\\\/07\\\/Scharnier-Aluminium-Industrieel-110mm-1.jpg\",\"datePublished\":\"2020-07-10T09:25:27+00:00\",\"dateModified\":\"2026-02-04T15:17:28+00:00\",\"description\":\"Scharnier Aluminium Industrieel 110mm is gemaakt van zamak met een aliminium finish. Lijkt op de scharnieren zoals gebruikt in koelcellen.\",\"breadcrumb\":{\"@id\":\"https:\\\/\\\/partsandpieces.nl\\\/product\\\/scharnier-aluminium-industrieel-110mm\\\/#breadcrumb\"},\"inLanguage\":\"de\",\"potentialAction\":[{\"@type\":\"ReadAction\",\"target\":[\"https:\\\/\\\/partsandpieces.nl\\\/product\\\/scharnier-aluminium-industrieel-110mm\\\/\"]}]},{\"@type\":\"ImageObject\",\"inLanguage\":\"de\",\"@id\":\"https:\\\/\\\/partsandpieces.nl\\\/product\\\/scharnier-aluminium-industrieel-110mm\\\/#primaryimage\",\"url\":\"https:\\\/\\\/partsandpieces.nl\\\/wp-content\\\/uploads\\\/2020\\\/07\\\/Scharnier-Aluminium-Industrieel-110mm-1.jpg\",\"contentUrl\":\"https:\\\/\\\/partsandpieces.nl\\\/wp-content\\\/uploads\\\/2020\\\/07\\\/Scharnier-Aluminium-Industrieel-110mm-1.jpg\",\"width\":1440,\"height\":1440},{\"@type\":\"BreadcrumbList\",\"@id\":\"https:\\\/\\\/partsandpieces.nl\\\/product\\\/scharnier-aluminium-industrieel-110mm\\\/#breadcrumb\",\"itemListElement\":[{\"@type\":\"ListItem\",\"position\":1,\"name\":\"Home\",\"item\":\"https:\\\/\\\/partsandpieces.nl\\\/home\\\/\"},{\"@type\":\"ListItem\",\"position\":2,\"name\":\"Winkel\",\"item\":\"https:\\\/\\\/partsandpieces.nl\\\/winkel\\\/\"},{\"@type\":\"ListItem\",\"position\":3,\"name\":\"Scharnier Aluminium Industrieel 110mm\"}]},{\"@type\":\"WebSite\",\"@id\":\"https:\\\/\\\/partsandpieces.nl\\\/#website\",\"url\":\"https:\\\/\\\/partsandpieces.nl\\\/\",\"name\":\"Parts &amp; Pieces\",\"description\":\"Alles voor uw meubelrestauratie en -onderhoud!\",\"potentialAction\":[{\"@type\":\"SearchAction\",\"target\":{\"@type\":\"EntryPoint\",\"urlTemplate\":\"https:\\\/\\\/partsandpieces.nl\\\/?s={search_term_string}\"},\"query-input\":{\"@type\":\"PropertyValueSpecification\",\"valueRequired\":true,\"valueName\":\"search_term_string\"}}],\"inLanguage\":\"de\"}]}<\/script>\n<!-- \/ Yoast SEO plugin. -->","yoast_head_json":{"title":"Scharnier Aluminium Industrie 110mm","description":"Das Aluminium-Industriescharnier 110 mm besteht aus Zamak mit einer Aluminiumoberfl\u00e4che. \u00c4hnelt den Scharnieren, die in K\u00fchlh\u00e4usern verwendet werden.","robots":{"index":"index","follow":"follow","max-snippet":"max-snippet:-1","max-image-preview":"max-image-preview:large","max-video-preview":"max-video-preview:-1"},"canonical":"https:\/\/partsandpieces.nl\/de\/produkt\/scharnier-aluminium-industrie-110mm\/","og_locale":"de_DE","og_type":"article","og_title":"Scharnier Aluminium Industrieel 110mm","og_description":"Scharnier Aluminium Industrieel 110mm is gemaakt van zamak met een aliminium finish. Lijkt op de scharnieren zoals gebruikt in koelcellen.","og_url":"https:\/\/partsandpieces.nl\/de\/produkt\/scharnier-aluminium-industrie-110mm\/","og_site_name":"Parts &amp; Pieces","article_modified_time":"2026-02-04T15:17:28+00:00","og_image":[{"width":1440,"height":1440,"url":"https:\/\/partsandpieces.nl\/wp-content\/uploads\/2020\/07\/Scharnier-Aluminium-Industrieel-110mm-1.jpg","type":"image\/jpeg"}],"twitter_card":"summary_large_image","twitter_misc":{"Gesch\u00e4tzte Lesezeit":"1\u00a0Minute"},"schema":{"@context":"https:\/\/schema.org","@graph":[{"@type":"WebPage","@id":"https:\/\/partsandpieces.nl\/product\/scharnier-aluminium-industrieel-110mm\/","url":"https:\/\/partsandpieces.nl\/product\/scharnier-aluminium-industrieel-110mm\/","name":"Scharnier Aluminium Industrie 110mm","isPartOf":{"@id":"https:\/\/partsandpieces.nl\/#website"},"primaryImageOfPage":{"@id":"https:\/\/partsandpieces.nl\/product\/scharnier-aluminium-industrieel-110mm\/#primaryimage"},"image":{"@id":"https:\/\/partsandpieces.nl\/product\/scharnier-aluminium-industrieel-110mm\/#primaryimage"},"thumbnailUrl":"https:\/\/partsandpieces.nl\/wp-content\/uploads\/2020\/07\/Scharnier-Aluminium-Industrieel-110mm-1.jpg","datePublished":"2020-07-10T09:25:27+00:00","dateModified":"2026-02-04T15:17:28+00:00","description":"Das Aluminium-Industriescharnier 110 mm besteht aus Zamak mit einer Aluminiumoberfl\u00e4che. \u00c4hnelt den Scharnieren, die in K\u00fchlh\u00e4usern verwendet werden.","breadcrumb":{"@id":"https:\/\/partsandpieces.nl\/product\/scharnier-aluminium-industrieel-110mm\/#breadcrumb"},"inLanguage":"de","potentialAction":[{"@type":"ReadAction","target":["https:\/\/partsandpieces.nl\/product\/scharnier-aluminium-industrieel-110mm\/"]}]},{"@type":"ImageObject","inLanguage":"de","@id":"https:\/\/partsandpieces.nl\/product\/scharnier-aluminium-industrieel-110mm\/#primaryimage","url":"https:\/\/partsandpieces.nl\/wp-content\/uploads\/2020\/07\/Scharnier-Aluminium-Industrieel-110mm-1.jpg","contentUrl":"https:\/\/partsandpieces.nl\/wp-content\/uploads\/2020\/07\/Scharnier-Aluminium-Industrieel-110mm-1.jpg","width":1440,"height":1440},{"@type":"BreadcrumbList","@id":"https:\/\/partsandpieces.nl\/product\/scharnier-aluminium-industrieel-110mm\/#breadcrumb","itemListElement":[{"@type":"ListItem","position":1,"name":"Home","item":"https:\/\/partsandpieces.nl\/home\/"},{"@type":"ListItem","position":2,"name":"Winkel","item":"https:\/\/partsandpieces.nl\/winkel\/"},{"@type":"ListItem","position":3,"name":"Scharnier Aluminium Industrieel 110mm"}]},{"@type":"WebSite","@id":"https:\/\/partsandpieces.nl\/#website","url":"https:\/\/partsandpieces.nl\/","name":"Teile &amp; St\u00fccke","description":"Alles f\u00fcr Ihre M\u00f6belrestaurierung und -pflege!","potentialAction":[{"@type":"SearchAction","target":{"@type":"EntryPoint","urlTemplate":"https:\/\/partsandpieces.nl\/?s={search_term_string}"},"query-input":{"@type":"PropertyValueSpecification","valueRequired":true,"valueName":"search_term_string"}}],"inLanguage":"de"}]}},"_links":{"self":[{"href":"https:\/\/partsandpieces.nl\/de\/wp-json\/wp\/v2\/product\/223","targetHints":{"allow":["GET"]}}],"collection":[{"href":"https:\/\/partsandpieces.nl\/de\/wp-json\/wp\/v2\/product"}],"about":[{"href":"https:\/\/partsandpieces.nl\/de\/wp-json\/wp\/v2\/types\/product"}],"wp:featuredmedia":[{"embeddable":true,"href":"https:\/\/partsandpieces.nl\/de\/wp-json\/wp\/v2\/media\/6338"}],"wp:attachment":[{"href":"https:\/\/partsandpieces.nl\/de\/wp-json\/wp\/v2\/media?parent=223"}],"wp:term":[{"taxonomy":"product_brand","embeddable":true,"href":"https:\/\/partsandpieces.nl\/de\/wp-json\/wp\/v2\/product_brand?post=223"},{"taxonomy":"product_cat","embeddable":true,"href":"https:\/\/partsandpieces.nl\/de\/wp-json\/wp\/v2\/product_cat?post=223"},{"taxonomy":"product_tag","embeddable":true,"href":"https:\/\/partsandpieces.nl\/de\/wp-json\/wp\/v2\/product_tag?post=223"}],"curies":[{"name":"wp","href":"https:\/\/api.w.org\/{rel}","templated":true}]}}