{"id":2238,"date":"2020-09-17T10:08:30","date_gmt":"2020-09-17T10:08:30","guid":{"rendered":"https:\/\/partsandpieces.bonsaidev.nl\/?product=borma-wachs-teak-olie-voor-binnen-en-buiten-kleurloos-500ml"},"modified":"2026-04-04T17:25:25","modified_gmt":"2026-04-04T15:25:25","slug":"bormawachs-teakol-farblos","status":"publish","type":"product","link":"https:\/\/partsandpieces.nl\/de\/product\/borma-wachs-teak-olie-kleurloos\/","title":{"rendered":"Borma Wachs Teak\u00f6l farblos"},"content":{"rendered":"<p><strong>Teak\u00f6l farblos<\/strong> von <a href=\"http:\/\/www.bormawachs.com\">Borma Wachs<\/a> auf \u00d6lbasis ist gebrauchsfertig und f\u00fcr alle Holzoberfl\u00e4chen im Innen- und Au\u00dfenbereich geeignet. Es macht die Oberfl\u00e4che wasserabweisend und verleiht der Oberfl\u00e4che ein angenehm nat\u00fcrliches Aussehen. Sch\u00fctzt vor Witterungseinfl\u00fcssen und unterstreicht die nat\u00fcrliche Sch\u00f6nheit des Holzes. Es bl\u00e4ttert nicht ab und muss nicht geschliffen werden. Es kann als periodische Behandlung der Oberfl\u00e4chen verwendet werden.<\/p>\n<p>ich habe auch <a href=\"https:\/\/partsandpieces.nl\/de\/produkt\/bormawachs-teakol-teakpigmentfarbe-172\/\"><span style=\"text-decoration: underline;\">Borma Wachs Teak\u00f6l mit Teak-Farbpigment<\/span><\/a> auf Lager. Dieses hat die gleichen Eigenschaften wie dieses transparente Teak\u00f6l, aber die Verwendung dieser Pigmente verst\u00e4rkt die Farbe Ihrer Teakholzm\u00f6bel.<\/p>\n<p><b>Anweisungen<\/b><br \/>\n\u2013 Reinigen Sie die Oberfl\u00e4che von Fett, \u00d6l und Wachs.<br \/>\n\u2013 Tragen Sie das Teak\u00f6l farblos direkt mit einem Pinsel auf.<br \/>\n\u2013 Tragen Sie mindestens zwei Schichten auf und warten Sie zwischen den aufeinanderfolgenden Behandlungen 4 bis 6 Stunden.<br \/>\n\u2013 Trockenzeit: 8-12 Stunden bei 20\u00b0C.<br \/>\n\u2013 Gesamttrocknungszeit: 24 Stunden.<\/p>","protected":false},"excerpt":{"rendered":"<p>Teak Olie kleurloos van Borma Wachs op oliebasis is gebruiksklaar en geschikt voor alle houten oppervlakken, zowel binnen als buiten. Het maakt het oppervlak waterafstotend en geeft het oppervlak een aangenaam natuurlijke uitstraling. Beschermt tegen weersinvloeden en versterkt de natuurlijke schoonheid van het hout. Het schilfert niet en hoeft niet geschuurd te worden. Het kan [&hellip;]<\/p>\n","protected":false},"featured_media":4289,"template":"","meta":{"_acf_changed":false},"product_brand":[],"product_cat":[64,83],"product_tag":[],"class_list":{"0":"post-2238","1":"product","2":"type-product","3":"status-publish","4":"has-post-thumbnail","6":"product_cat-oppervlakte-behandeling-borma-wachs","7":"product_cat-teakolie-en-sealer","9":"first","10":"onbackorder","11":"taxable","12":"shipping-taxable","13":"purchasable","14":"product-type-variable","15":"has-default-attributes"},"acf":[],"yoast_head":"<!-- This site is optimized with the Yoast SEO plugin v27.3 - https:\/\/yoast.com\/product\/yoast-seo-wordpress\/ -->\n<title>Borma Wachs Teak Olie kleurloos<\/title>\n<meta name=\"description\" content=\"Borma Wachs Teak Olie kleurloos is gebruiksklaar en geschikt voor alle houten oppervlakken, zowel binnen als buiten. Beschermt tegen weersinvloeden.\" \/>\n<meta name=\"robots\" content=\"index, follow, max-snippet:-1, max-image-preview:large, max-video-preview:-1\" \/>\n<link rel=\"canonical\" href=\"https:\/\/partsandpieces.nl\/de\/produkt\/bormawachs-teakol-farblos\/\" \/>\n<meta property=\"og:locale\" content=\"de_DE\" \/>\n<meta property=\"og:type\" content=\"article\" \/>\n<meta property=\"og:title\" content=\"Borma Wachs Teak Olie kleurloos\" \/>\n<meta property=\"og:description\" content=\"Borma Wachs Teak Olie kleurloos is gebruiksklaar en geschikt voor alle houten oppervlakken, zowel binnen als buiten. Beschermt tegen weersinvloeden.\" \/>\n<meta property=\"og:url\" content=\"https:\/\/partsandpieces.nl\/de\/produkt\/bormawachs-teakol-farblos\/\" \/>\n<meta property=\"og:site_name\" content=\"Parts &amp; Pieces\" \/>\n<meta property=\"article:modified_time\" content=\"2026-04-04T15:25:25+00:00\" \/>\n<meta property=\"og:image\" content=\"https:\/\/partsandpieces.nl\/wp-content\/uploads\/2020\/09\/0360XX.jpg\" \/>\n\t<meta property=\"og:image:width\" content=\"800\" \/>\n\t<meta property=\"og:image:height\" content=\"800\" \/>\n\t<meta property=\"og:image:type\" content=\"image\/jpeg\" \/>\n<meta name=\"twitter:card\" content=\"summary_large_image\" \/>\n<meta name=\"twitter:label1\" content=\"Gesch\u00e4tzte Lesezeit\" \/>\n\t<meta name=\"twitter:data1\" content=\"1\u00a0Minute\" \/>\n<script type=\"application\/ld+json\" class=\"yoast-schema-graph\">{\"@context\":\"https:\\\/\\\/schema.org\",\"@graph\":[{\"@type\":\"WebPage\",\"@id\":\"https:\\\/\\\/partsandpieces.nl\\\/product\\\/borma-wachs-teak-olie-kleurloos\\\/\",\"url\":\"https:\\\/\\\/partsandpieces.nl\\\/product\\\/borma-wachs-teak-olie-kleurloos\\\/\",\"name\":\"Borma Wachs Teak Olie kleurloos\",\"isPartOf\":{\"@id\":\"https:\\\/\\\/partsandpieces.nl\\\/#website\"},\"primaryImageOfPage\":{\"@id\":\"https:\\\/\\\/partsandpieces.nl\\\/product\\\/borma-wachs-teak-olie-kleurloos\\\/#primaryimage\"},\"image\":{\"@id\":\"https:\\\/\\\/partsandpieces.nl\\\/product\\\/borma-wachs-teak-olie-kleurloos\\\/#primaryimage\"},\"thumbnailUrl\":\"https:\\\/\\\/partsandpieces.nl\\\/wp-content\\\/uploads\\\/2020\\\/09\\\/0360XX.jpg\",\"datePublished\":\"2020-09-17T10:08:30+00:00\",\"dateModified\":\"2026-04-04T15:25:25+00:00\",\"description\":\"Borma Wachs Teak Olie kleurloos is gebruiksklaar en geschikt voor alle houten oppervlakken, zowel binnen als buiten. Beschermt tegen weersinvloeden.\",\"breadcrumb\":{\"@id\":\"https:\\\/\\\/partsandpieces.nl\\\/product\\\/borma-wachs-teak-olie-kleurloos\\\/#breadcrumb\"},\"inLanguage\":\"de\",\"potentialAction\":[{\"@type\":\"ReadAction\",\"target\":[\"https:\\\/\\\/partsandpieces.nl\\\/product\\\/borma-wachs-teak-olie-kleurloos\\\/\"]}]},{\"@type\":\"ImageObject\",\"inLanguage\":\"de\",\"@id\":\"https:\\\/\\\/partsandpieces.nl\\\/product\\\/borma-wachs-teak-olie-kleurloos\\\/#primaryimage\",\"url\":\"https:\\\/\\\/partsandpieces.nl\\\/wp-content\\\/uploads\\\/2020\\\/09\\\/0360XX.jpg\",\"contentUrl\":\"https:\\\/\\\/partsandpieces.nl\\\/wp-content\\\/uploads\\\/2020\\\/09\\\/0360XX.jpg\",\"width\":800,\"height\":800,\"caption\":\"Borma Wachs Teak Olie\"},{\"@type\":\"BreadcrumbList\",\"@id\":\"https:\\\/\\\/partsandpieces.nl\\\/product\\\/borma-wachs-teak-olie-kleurloos\\\/#breadcrumb\",\"itemListElement\":[{\"@type\":\"ListItem\",\"position\":1,\"name\":\"Home\",\"item\":\"https:\\\/\\\/partsandpieces.nl\\\/home\\\/\"},{\"@type\":\"ListItem\",\"position\":2,\"name\":\"Winkel\",\"item\":\"https:\\\/\\\/partsandpieces.nl\\\/winkel\\\/\"},{\"@type\":\"ListItem\",\"position\":3,\"name\":\"Borma Wachs Teak Olie kleurloos\"}]},{\"@type\":\"WebSite\",\"@id\":\"https:\\\/\\\/partsandpieces.nl\\\/#website\",\"url\":\"https:\\\/\\\/partsandpieces.nl\\\/\",\"name\":\"Parts &amp; Pieces\",\"description\":\"Alles voor uw meubelrestauratie en -onderhoud!\",\"potentialAction\":[{\"@type\":\"SearchAction\",\"target\":{\"@type\":\"EntryPoint\",\"urlTemplate\":\"https:\\\/\\\/partsandpieces.nl\\\/?s={search_term_string}\"},\"query-input\":{\"@type\":\"PropertyValueSpecification\",\"valueRequired\":true,\"valueName\":\"search_term_string\"}}],\"inLanguage\":\"de\"}]}<\/script>\n<!-- \/ Yoast SEO plugin. -->","yoast_head_json":{"title":"Borma Wachs Teak\u00f6l farblos","description":"Borma Wachs Teak\u00f6l farblos ist gebrauchsfertig und f\u00fcr alle Holzoberfl\u00e4chen im Innen- und Au\u00dfenbereich geeignet. Sch\u00fctzt vor Witterungseinfl\u00fcssen.","robots":{"index":"index","follow":"follow","max-snippet":"max-snippet:-1","max-image-preview":"max-image-preview:large","max-video-preview":"max-video-preview:-1"},"canonical":"https:\/\/partsandpieces.nl\/de\/produkt\/bormawachs-teakol-farblos\/","og_locale":"de_DE","og_type":"article","og_title":"Borma Wachs Teak Olie kleurloos","og_description":"Borma Wachs Teak Olie kleurloos is gebruiksklaar en geschikt voor alle houten oppervlakken, zowel binnen als buiten. Beschermt tegen weersinvloeden.","og_url":"https:\/\/partsandpieces.nl\/de\/produkt\/bormawachs-teakol-farblos\/","og_site_name":"Parts &amp; Pieces","article_modified_time":"2026-04-04T15:25:25+00:00","og_image":[{"width":800,"height":800,"url":"https:\/\/partsandpieces.nl\/wp-content\/uploads\/2020\/09\/0360XX.jpg","type":"image\/jpeg"}],"twitter_card":"summary_large_image","twitter_misc":{"Gesch\u00e4tzte Lesezeit":"1\u00a0Minute"},"schema":{"@context":"https:\/\/schema.org","@graph":[{"@type":"WebPage","@id":"https:\/\/partsandpieces.nl\/product\/borma-wachs-teak-olie-kleurloos\/","url":"https:\/\/partsandpieces.nl\/product\/borma-wachs-teak-olie-kleurloos\/","name":"Borma Wachs Teak\u00f6l farblos","isPartOf":{"@id":"https:\/\/partsandpieces.nl\/#website"},"primaryImageOfPage":{"@id":"https:\/\/partsandpieces.nl\/product\/borma-wachs-teak-olie-kleurloos\/#primaryimage"},"image":{"@id":"https:\/\/partsandpieces.nl\/product\/borma-wachs-teak-olie-kleurloos\/#primaryimage"},"thumbnailUrl":"https:\/\/partsandpieces.nl\/wp-content\/uploads\/2020\/09\/0360XX.jpg","datePublished":"2020-09-17T10:08:30+00:00","dateModified":"2026-04-04T15:25:25+00:00","description":"Borma Wachs Teak\u00f6l farblos ist gebrauchsfertig und f\u00fcr alle Holzoberfl\u00e4chen im Innen- und Au\u00dfenbereich geeignet. Sch\u00fctzt vor Witterungseinfl\u00fcssen.","breadcrumb":{"@id":"https:\/\/partsandpieces.nl\/product\/borma-wachs-teak-olie-kleurloos\/#breadcrumb"},"inLanguage":"de","potentialAction":[{"@type":"ReadAction","target":["https:\/\/partsandpieces.nl\/product\/borma-wachs-teak-olie-kleurloos\/"]}]},{"@type":"ImageObject","inLanguage":"de","@id":"https:\/\/partsandpieces.nl\/product\/borma-wachs-teak-olie-kleurloos\/#primaryimage","url":"https:\/\/partsandpieces.nl\/wp-content\/uploads\/2020\/09\/0360XX.jpg","contentUrl":"https:\/\/partsandpieces.nl\/wp-content\/uploads\/2020\/09\/0360XX.jpg","width":800,"height":800,"caption":"Borma Wachs Teak Olie"},{"@type":"BreadcrumbList","@id":"https:\/\/partsandpieces.nl\/product\/borma-wachs-teak-olie-kleurloos\/#breadcrumb","itemListElement":[{"@type":"ListItem","position":1,"name":"Home","item":"https:\/\/partsandpieces.nl\/home\/"},{"@type":"ListItem","position":2,"name":"Winkel","item":"https:\/\/partsandpieces.nl\/winkel\/"},{"@type":"ListItem","position":3,"name":"Borma Wachs Teak Olie kleurloos"}]},{"@type":"WebSite","@id":"https:\/\/partsandpieces.nl\/#website","url":"https:\/\/partsandpieces.nl\/","name":"Teile &amp; St\u00fccke","description":"Alles f\u00fcr Ihre M\u00f6belrestaurierung und -pflege!","potentialAction":[{"@type":"SearchAction","target":{"@type":"EntryPoint","urlTemplate":"https:\/\/partsandpieces.nl\/?s={search_term_string}"},"query-input":{"@type":"PropertyValueSpecification","valueRequired":true,"valueName":"search_term_string"}}],"inLanguage":"de"}]}},"_links":{"self":[{"href":"https:\/\/partsandpieces.nl\/de\/wp-json\/wp\/v2\/product\/2238","targetHints":{"allow":["GET"]}}],"collection":[{"href":"https:\/\/partsandpieces.nl\/de\/wp-json\/wp\/v2\/product"}],"about":[{"href":"https:\/\/partsandpieces.nl\/de\/wp-json\/wp\/v2\/types\/product"}],"wp:featuredmedia":[{"embeddable":true,"href":"https:\/\/partsandpieces.nl\/de\/wp-json\/wp\/v2\/media\/4289"}],"wp:attachment":[{"href":"https:\/\/partsandpieces.nl\/de\/wp-json\/wp\/v2\/media?parent=2238"}],"wp:term":[{"taxonomy":"product_brand","embeddable":true,"href":"https:\/\/partsandpieces.nl\/de\/wp-json\/wp\/v2\/product_brand?post=2238"},{"taxonomy":"product_cat","embeddable":true,"href":"https:\/\/partsandpieces.nl\/de\/wp-json\/wp\/v2\/product_cat?post=2238"},{"taxonomy":"product_tag","embeddable":true,"href":"https:\/\/partsandpieces.nl\/de\/wp-json\/wp\/v2\/product_tag?post=2238"}],"curies":[{"name":"wp","href":"https:\/\/api.w.org\/{rel}","templated":true}]}}