{"id":2241,"date":"2020-09-17T10:20:29","date_gmt":"2020-09-17T08:20:29","guid":{"rendered":"https:\/\/partsandpieces.bonsaidev.nl\/?product=borma-wachs-houteinde-sealer-log-sealer-750ml"},"modified":"2026-01-20T11:45:25","modified_gmt":"2026-01-20T10:45:25","slug":"borma-wachs-holzendversiegelung-holzversiegelung-750-ml","status":"publish","type":"product","link":"https:\/\/partsandpieces.nl\/de\/product\/borma-wachs-houteinde-sealer-log-sealer-750ml\/","title":{"rendered":"Borma Wachs Holzendenversiegelung \/ Holzversiegelung 750ml"},"content":{"rendered":"<p><strong>Holzendversiegler \/ Log Sealer<\/strong> von <a href=\"http:\/\/www.bormawachs.com\">Borma Wachs<\/a> ist eine Versiegelung auf Wasserbasis, die entwickelt wurde, um die Enden von Balken, Pfosten und anderen Holzkonstruktionen zu sch\u00fctzen, die Feuchtigkeit und widrigen Wetterbedingungen ausgesetzt sind. Auch zum Abdichten von Rissen geeignet. Es verhindert das Eindringen von Feuchtigkeit in das Holz, verhindert Schimmelbildung und verl\u00e4ngert dadurch die Lebensdauer der Schutzbeschichtung und des gefertigten Teils im Allgemeinen. Es hat eine ausgezeichnete Best\u00e4ndigkeit gegen UV-Strahlen.<\/p>\n<p><b>Anweisungen<br \/>\n<\/b>\u2013 Achten Sie darauf, dass die zu behandelnden Teile trocken und m\u00f6glichst sauber sind<br \/>\n\u2013 Tragen Sie die Holzendversiegelung \/ Blockversiegelung mit einem Spray oder einem Pinsel auf den Kopf der Teile (Balken, Bretter, Baumst\u00e4mme) auf<br \/>\n\u2013 Das Produkt ist nach 2 Stunden trocken und \u00fcberstreichbar, mit oder ohne Zwischenschliff.<\/p>","protected":false},"excerpt":{"rendered":"<p>Houteinde sealer \/ Log Sealer van Borma Wachs is een sealer op waterbasis, ontwikkeld om het uiteinde van balken, palen en andere houten constructies te beschermen die zijn blootgesteld aan vochtige en ongunstige weersomstandigheden. Ook geschikt voor het afdichten van scheuren. Het blokkeert vocht dat het hout binnendringt, voorkomt schimmelvorming en verlengt daardoor de levensduur [&hellip;]<\/p>\n","protected":false},"featured_media":4299,"template":"","meta":{"_acf_changed":false},"product_brand":[],"product_cat":[64,83],"product_tag":[],"class_list":{"0":"post-2241","1":"product","2":"type-product","3":"status-publish","4":"has-post-thumbnail","6":"product_cat-oppervlakte-behandeling-borma-wachs","7":"product_cat-teakolie-en-sealer","9":"first","10":"instock","11":"taxable","12":"shipping-taxable","13":"purchasable","14":"product-type-simple"},"acf":[],"yoast_head":"<!-- This site is optimized with the Yoast SEO plugin v27.3 - https:\/\/yoast.com\/product\/yoast-seo-wordpress\/ -->\n<title>Houteinde sealer \/ Log Sealer van Borma Wachs<\/title>\n<meta name=\"description\" content=\"Houteinde sealer \/ Log Sealer van Borma Wachs is bedoeld om het uiteinde van balken, palen etc. te beschermen tegen weersomstandigheden.\" \/>\n<meta name=\"robots\" content=\"index, follow, max-snippet:-1, max-image-preview:large, max-video-preview:-1\" \/>\n<link rel=\"canonical\" href=\"https:\/\/partsandpieces.nl\/de\/produkt\/borma-wachs-holzendversiegelung-holzversiegelung-750-ml\/\" \/>\n<meta property=\"og:locale\" content=\"de_DE\" \/>\n<meta property=\"og:type\" content=\"article\" \/>\n<meta property=\"og:title\" content=\"Houteinde sealer \/ Log Sealer van Borma Wachs\" \/>\n<meta property=\"og:description\" content=\"Houteinde sealer \/ Log Sealer van Borma Wachs is bedoeld om het uiteinde van balken, palen etc. te beschermen tegen weersomstandigheden.\" \/>\n<meta property=\"og:url\" content=\"https:\/\/partsandpieces.nl\/de\/produkt\/borma-wachs-holzendversiegelung-holzversiegelung-750-ml\/\" \/>\n<meta property=\"og:site_name\" content=\"Parts &amp; Pieces\" \/>\n<meta property=\"article:modified_time\" content=\"2026-01-20T10:45:25+00:00\" \/>\n<meta property=\"og:image\" content=\"https:\/\/partsandpieces.nl\/wp-content\/uploads\/2020\/09\/0310.jpg\" \/>\n\t<meta property=\"og:image:width\" content=\"800\" \/>\n\t<meta property=\"og:image:height\" content=\"800\" \/>\n\t<meta property=\"og:image:type\" content=\"image\/jpeg\" \/>\n<meta name=\"twitter:card\" content=\"summary_large_image\" \/>\n<meta name=\"twitter:label1\" content=\"Gesch\u00e4tzte Lesezeit\" \/>\n\t<meta name=\"twitter:data1\" content=\"1\u00a0Minute\" \/>\n<script type=\"application\/ld+json\" class=\"yoast-schema-graph\">{\"@context\":\"https:\\\/\\\/schema.org\",\"@graph\":[{\"@type\":\"WebPage\",\"@id\":\"https:\\\/\\\/partsandpieces.nl\\\/product\\\/borma-wachs-houteinde-sealer-log-sealer-750ml\\\/\",\"url\":\"https:\\\/\\\/partsandpieces.nl\\\/product\\\/borma-wachs-houteinde-sealer-log-sealer-750ml\\\/\",\"name\":\"Houteinde sealer \\\/ Log Sealer van Borma Wachs\",\"isPartOf\":{\"@id\":\"https:\\\/\\\/partsandpieces.nl\\\/#website\"},\"primaryImageOfPage\":{\"@id\":\"https:\\\/\\\/partsandpieces.nl\\\/product\\\/borma-wachs-houteinde-sealer-log-sealer-750ml\\\/#primaryimage\"},\"image\":{\"@id\":\"https:\\\/\\\/partsandpieces.nl\\\/product\\\/borma-wachs-houteinde-sealer-log-sealer-750ml\\\/#primaryimage\"},\"thumbnailUrl\":\"https:\\\/\\\/partsandpieces.nl\\\/wp-content\\\/uploads\\\/2020\\\/09\\\/0310.jpg\",\"datePublished\":\"2020-09-17T08:20:29+00:00\",\"dateModified\":\"2026-01-20T10:45:25+00:00\",\"description\":\"Houteinde sealer \\\/ Log Sealer van Borma Wachs is bedoeld om het uiteinde van balken, palen etc. te beschermen tegen weersomstandigheden.\",\"breadcrumb\":{\"@id\":\"https:\\\/\\\/partsandpieces.nl\\\/product\\\/borma-wachs-houteinde-sealer-log-sealer-750ml\\\/#breadcrumb\"},\"inLanguage\":\"de\",\"potentialAction\":[{\"@type\":\"ReadAction\",\"target\":[\"https:\\\/\\\/partsandpieces.nl\\\/product\\\/borma-wachs-houteinde-sealer-log-sealer-750ml\\\/\"]}]},{\"@type\":\"ImageObject\",\"inLanguage\":\"de\",\"@id\":\"https:\\\/\\\/partsandpieces.nl\\\/product\\\/borma-wachs-houteinde-sealer-log-sealer-750ml\\\/#primaryimage\",\"url\":\"https:\\\/\\\/partsandpieces.nl\\\/wp-content\\\/uploads\\\/2020\\\/09\\\/0310.jpg\",\"contentUrl\":\"https:\\\/\\\/partsandpieces.nl\\\/wp-content\\\/uploads\\\/2020\\\/09\\\/0310.jpg\",\"width\":800,\"height\":800,\"caption\":\"Borma Wachs Houteinde sealer \\\/ Log Sealer\"},{\"@type\":\"BreadcrumbList\",\"@id\":\"https:\\\/\\\/partsandpieces.nl\\\/product\\\/borma-wachs-houteinde-sealer-log-sealer-750ml\\\/#breadcrumb\",\"itemListElement\":[{\"@type\":\"ListItem\",\"position\":1,\"name\":\"Home\",\"item\":\"https:\\\/\\\/partsandpieces.nl\\\/home\\\/\"},{\"@type\":\"ListItem\",\"position\":2,\"name\":\"Winkel\",\"item\":\"https:\\\/\\\/partsandpieces.nl\\\/winkel\\\/\"},{\"@type\":\"ListItem\",\"position\":3,\"name\":\"Borma Wachs Houteinde sealer \\\/ Log Sealer 750ml\"}]},{\"@type\":\"WebSite\",\"@id\":\"https:\\\/\\\/partsandpieces.nl\\\/#website\",\"url\":\"https:\\\/\\\/partsandpieces.nl\\\/\",\"name\":\"Parts &amp; Pieces\",\"description\":\"Alles voor uw meubelrestauratie en -onderhoud!\",\"potentialAction\":[{\"@type\":\"SearchAction\",\"target\":{\"@type\":\"EntryPoint\",\"urlTemplate\":\"https:\\\/\\\/partsandpieces.nl\\\/?s={search_term_string}\"},\"query-input\":{\"@type\":\"PropertyValueSpecification\",\"valueRequired\":true,\"valueName\":\"search_term_string\"}}],\"inLanguage\":\"de\"}]}<\/script>\n<!-- \/ Yoast SEO plugin. -->","yoast_head_json":{"title":"Holzendversiegler \/ Log Sealer von Borma Wachs","description":"Wood End Sealer \/ Log Sealer von Borma Wachs soll das Ende von Balken, Pfosten usw. vor Witterungseinfl\u00fcssen sch\u00fctzen.","robots":{"index":"index","follow":"follow","max-snippet":"max-snippet:-1","max-image-preview":"max-image-preview:large","max-video-preview":"max-video-preview:-1"},"canonical":"https:\/\/partsandpieces.nl\/de\/produkt\/borma-wachs-holzendversiegelung-holzversiegelung-750-ml\/","og_locale":"de_DE","og_type":"article","og_title":"Houteinde sealer \/ Log Sealer van Borma Wachs","og_description":"Houteinde sealer \/ Log Sealer van Borma Wachs is bedoeld om het uiteinde van balken, palen etc. te beschermen tegen weersomstandigheden.","og_url":"https:\/\/partsandpieces.nl\/de\/produkt\/borma-wachs-holzendversiegelung-holzversiegelung-750-ml\/","og_site_name":"Parts &amp; Pieces","article_modified_time":"2026-01-20T10:45:25+00:00","og_image":[{"width":800,"height":800,"url":"https:\/\/partsandpieces.nl\/wp-content\/uploads\/2020\/09\/0310.jpg","type":"image\/jpeg"}],"twitter_card":"summary_large_image","twitter_misc":{"Gesch\u00e4tzte Lesezeit":"1\u00a0Minute"},"schema":{"@context":"https:\/\/schema.org","@graph":[{"@type":"WebPage","@id":"https:\/\/partsandpieces.nl\/product\/borma-wachs-houteinde-sealer-log-sealer-750ml\/","url":"https:\/\/partsandpieces.nl\/product\/borma-wachs-houteinde-sealer-log-sealer-750ml\/","name":"Holzendversiegler \/ Log Sealer von Borma Wachs","isPartOf":{"@id":"https:\/\/partsandpieces.nl\/#website"},"primaryImageOfPage":{"@id":"https:\/\/partsandpieces.nl\/product\/borma-wachs-houteinde-sealer-log-sealer-750ml\/#primaryimage"},"image":{"@id":"https:\/\/partsandpieces.nl\/product\/borma-wachs-houteinde-sealer-log-sealer-750ml\/#primaryimage"},"thumbnailUrl":"https:\/\/partsandpieces.nl\/wp-content\/uploads\/2020\/09\/0310.jpg","datePublished":"2020-09-17T08:20:29+00:00","dateModified":"2026-01-20T10:45:25+00:00","description":"Wood End Sealer \/ Log Sealer von Borma Wachs soll das Ende von Balken, Pfosten usw. vor Witterungseinfl\u00fcssen sch\u00fctzen.","breadcrumb":{"@id":"https:\/\/partsandpieces.nl\/product\/borma-wachs-houteinde-sealer-log-sealer-750ml\/#breadcrumb"},"inLanguage":"de","potentialAction":[{"@type":"ReadAction","target":["https:\/\/partsandpieces.nl\/product\/borma-wachs-houteinde-sealer-log-sealer-750ml\/"]}]},{"@type":"ImageObject","inLanguage":"de","@id":"https:\/\/partsandpieces.nl\/product\/borma-wachs-houteinde-sealer-log-sealer-750ml\/#primaryimage","url":"https:\/\/partsandpieces.nl\/wp-content\/uploads\/2020\/09\/0310.jpg","contentUrl":"https:\/\/partsandpieces.nl\/wp-content\/uploads\/2020\/09\/0310.jpg","width":800,"height":800,"caption":"Borma Wachs Houteinde sealer \/ Log Sealer"},{"@type":"BreadcrumbList","@id":"https:\/\/partsandpieces.nl\/product\/borma-wachs-houteinde-sealer-log-sealer-750ml\/#breadcrumb","itemListElement":[{"@type":"ListItem","position":1,"name":"Home","item":"https:\/\/partsandpieces.nl\/home\/"},{"@type":"ListItem","position":2,"name":"Winkel","item":"https:\/\/partsandpieces.nl\/winkel\/"},{"@type":"ListItem","position":3,"name":"Borma Wachs Houteinde sealer \/ Log Sealer 750ml"}]},{"@type":"WebSite","@id":"https:\/\/partsandpieces.nl\/#website","url":"https:\/\/partsandpieces.nl\/","name":"Teile &amp; St\u00fccke","description":"Alles f\u00fcr Ihre M\u00f6belrestaurierung und -pflege!","potentialAction":[{"@type":"SearchAction","target":{"@type":"EntryPoint","urlTemplate":"https:\/\/partsandpieces.nl\/?s={search_term_string}"},"query-input":{"@type":"PropertyValueSpecification","valueRequired":true,"valueName":"search_term_string"}}],"inLanguage":"de"}]}},"_links":{"self":[{"href":"https:\/\/partsandpieces.nl\/de\/wp-json\/wp\/v2\/product\/2241","targetHints":{"allow":["GET"]}}],"collection":[{"href":"https:\/\/partsandpieces.nl\/de\/wp-json\/wp\/v2\/product"}],"about":[{"href":"https:\/\/partsandpieces.nl\/de\/wp-json\/wp\/v2\/types\/product"}],"wp:featuredmedia":[{"embeddable":true,"href":"https:\/\/partsandpieces.nl\/de\/wp-json\/wp\/v2\/media\/4299"}],"wp:attachment":[{"href":"https:\/\/partsandpieces.nl\/de\/wp-json\/wp\/v2\/media?parent=2241"}],"wp:term":[{"taxonomy":"product_brand","embeddable":true,"href":"https:\/\/partsandpieces.nl\/de\/wp-json\/wp\/v2\/product_brand?post=2241"},{"taxonomy":"product_cat","embeddable":true,"href":"https:\/\/partsandpieces.nl\/de\/wp-json\/wp\/v2\/product_cat?post=2241"},{"taxonomy":"product_tag","embeddable":true,"href":"https:\/\/partsandpieces.nl\/de\/wp-json\/wp\/v2\/product_tag?post=2241"}],"curies":[{"name":"wp","href":"https:\/\/api.w.org\/{rel}","templated":true}]}}