{"id":226,"date":"2020-07-10T11:33:43","date_gmt":"2020-07-10T11:33:43","guid":{"rendered":"https:\/\/partsandpieces.bonsaidev.nl\/?product=sleutelplaatje-been-34x52mm"},"modified":"2025-09-23T22:39:15","modified_gmt":"2025-09-23T20:39:15","slug":"schlusselplattenbein-schwarz-vertikal-35x55mm","status":"publish","type":"product","link":"https:\/\/partsandpieces.nl\/de\/product\/sleutelplaat-been-zwart-verticaal-35x55mm\/","title":{"rendered":"Schl\u00fcsselplatte Bein Schwarz vertikal 35x55mm"},"content":{"rendered":"<p><strong>Schl\u00fcsselplatte Bein Schwarz vertikal 35x55mm<\/strong> ist eine spezielle Schl\u00fcsselplatte f\u00fcr M\u00f6belschubladen aus Knochen. Die Schl\u00fcsselplatte ist vertikal ausgerichtet und hat eine achtzackige Form.<\/p>\n<p><strong>Ma\u00dfe<br \/>\n<\/strong>Das Schl\u00fcsselplattenbein Schwarz vertikal 35 x 55 mm hat eine Breite von 35 mm und eine H\u00f6he von 55 mm. Das Schl\u00fcsselloch ist 18 mm hoch.<\/p>\n<p><strong>Bearbeiten<\/strong><br \/>\nSie k\u00f6nnen die Schl\u00fcsselplatte mit montieren\u00a0<span style=\"text-decoration: underline;\"><a href=\"https:\/\/partsandpieces.nl\/de\/produkt\/schrauben-mit-rundkopf-antikbronze-mit-schlitz-2-x-14-mm\/\">Schraube Rundkopf Antik Bronze mit Schlitz (2x14mm)<\/a><\/span>. Ich schicke diese Schrauben\u00a0<strong>FREI<\/strong>\u00a0mit Ihrer Bestellung.<\/p>","protected":false},"excerpt":{"rendered":"<p>Sleutelplaat Been Zwart verticaal 35x55mm is een bijzonder sleutelplaat voor meubellades gemaakt van been. De sleutelplaat is verticaal gericht en is acht puntig van vorm. Afmetingen Sleutelplaat Been Zwart verticaal 35x55mm heeft een breedte van 35mm en een hoogte van 55mm. Het sleutelgat is 18mm hoog. Montage Je kunt de sleutelplaat monteren met\u00a0Schroef Bolkop Antiek [&hellip;]<\/p>\n","protected":false},"featured_media":7547,"template":"","meta":{"_acf_changed":false},"product_brand":[],"product_cat":[26,23,48],"product_tag":[],"class_list":{"0":"post-226","1":"product","2":"type-product","3":"status-publish","4":"has-post-thumbnail","6":"product_cat-been-en-hoorn","7":"product_cat-meubelbeslag","8":"product_cat-sleutelplaten","10":"first","11":"instock","12":"taxable","13":"shipping-taxable","14":"purchasable","15":"product-type-simple"},"acf":[],"yoast_head":"<!-- This site is optimized with the Yoast SEO plugin v27.3 - https:\/\/yoast.com\/product\/yoast-seo-wordpress\/ -->\n<title>Sleutelplaat Been Zwart verticaal<\/title>\n<meta name=\"description\" content=\"Sleutelplaat Been Zwart verticaal 35x55mm is een bijzonder sleutelplaat voor meubellades gemaakt van been en is acht puntig van vorm.\" \/>\n<meta name=\"robots\" content=\"index, follow, max-snippet:-1, max-image-preview:large, max-video-preview:-1\" \/>\n<link rel=\"canonical\" href=\"https:\/\/partsandpieces.nl\/de\/produkt\/schlusselplattenbein-schwarz-vertikal-35x55mm\/\" \/>\n<meta property=\"og:locale\" content=\"de_DE\" \/>\n<meta property=\"og:type\" content=\"article\" \/>\n<meta property=\"og:title\" content=\"Sleutelplaat Been Zwart verticaal\" \/>\n<meta property=\"og:description\" content=\"Sleutelplaat Been Zwart verticaal 35x55mm is een bijzonder sleutelplaat voor meubellades gemaakt van been en is acht puntig van vorm.\" \/>\n<meta property=\"og:url\" content=\"https:\/\/partsandpieces.nl\/de\/produkt\/schlusselplattenbein-schwarz-vertikal-35x55mm\/\" \/>\n<meta property=\"og:site_name\" content=\"Parts &amp; Pieces\" \/>\n<meta property=\"article:modified_time\" content=\"2025-09-23T20:39:15+00:00\" \/>\n<meta property=\"og:image\" content=\"https:\/\/partsandpieces.nl\/wp-content\/uploads\/2020\/07\/Sleutelplaat-Been-Zwart-verticaal-35x55mm.jpg\" \/>\n\t<meta property=\"og:image:width\" content=\"352\" \/>\n\t<meta property=\"og:image:height\" content=\"352\" \/>\n\t<meta property=\"og:image:type\" content=\"image\/jpeg\" \/>\n<meta name=\"twitter:card\" content=\"summary_large_image\" \/>\n<meta name=\"twitter:label1\" content=\"Gesch\u00e4tzte Lesezeit\" \/>\n\t<meta name=\"twitter:data1\" content=\"1\u00a0Minute\" \/>\n<script type=\"application\/ld+json\" class=\"yoast-schema-graph\">{\"@context\":\"https:\\\/\\\/schema.org\",\"@graph\":[{\"@type\":\"WebPage\",\"@id\":\"https:\\\/\\\/partsandpieces.nl\\\/product\\\/sleutelplaat-been-zwart-verticaal-35x55mm\\\/\",\"url\":\"https:\\\/\\\/partsandpieces.nl\\\/product\\\/sleutelplaat-been-zwart-verticaal-35x55mm\\\/\",\"name\":\"Sleutelplaat Been Zwart verticaal\",\"isPartOf\":{\"@id\":\"https:\\\/\\\/partsandpieces.nl\\\/#website\"},\"primaryImageOfPage\":{\"@id\":\"https:\\\/\\\/partsandpieces.nl\\\/product\\\/sleutelplaat-been-zwart-verticaal-35x55mm\\\/#primaryimage\"},\"image\":{\"@id\":\"https:\\\/\\\/partsandpieces.nl\\\/product\\\/sleutelplaat-been-zwart-verticaal-35x55mm\\\/#primaryimage\"},\"thumbnailUrl\":\"https:\\\/\\\/partsandpieces.nl\\\/wp-content\\\/uploads\\\/2020\\\/07\\\/Sleutelplaat-Been-Zwart-verticaal-35x55mm.jpg\",\"datePublished\":\"2020-07-10T11:33:43+00:00\",\"dateModified\":\"2025-09-23T20:39:15+00:00\",\"description\":\"Sleutelplaat Been Zwart verticaal 35x55mm is een bijzonder sleutelplaat voor meubellades gemaakt van been en is acht puntig van vorm.\",\"breadcrumb\":{\"@id\":\"https:\\\/\\\/partsandpieces.nl\\\/product\\\/sleutelplaat-been-zwart-verticaal-35x55mm\\\/#breadcrumb\"},\"inLanguage\":\"de\",\"potentialAction\":[{\"@type\":\"ReadAction\",\"target\":[\"https:\\\/\\\/partsandpieces.nl\\\/product\\\/sleutelplaat-been-zwart-verticaal-35x55mm\\\/\"]}]},{\"@type\":\"ImageObject\",\"inLanguage\":\"de\",\"@id\":\"https:\\\/\\\/partsandpieces.nl\\\/product\\\/sleutelplaat-been-zwart-verticaal-35x55mm\\\/#primaryimage\",\"url\":\"https:\\\/\\\/partsandpieces.nl\\\/wp-content\\\/uploads\\\/2020\\\/07\\\/Sleutelplaat-Been-Zwart-verticaal-35x55mm.jpg\",\"contentUrl\":\"https:\\\/\\\/partsandpieces.nl\\\/wp-content\\\/uploads\\\/2020\\\/07\\\/Sleutelplaat-Been-Zwart-verticaal-35x55mm.jpg\",\"width\":352,\"height\":352,\"caption\":\"Sleutelplaat Been Zwart verticaal 35x55mm\"},{\"@type\":\"BreadcrumbList\",\"@id\":\"https:\\\/\\\/partsandpieces.nl\\\/product\\\/sleutelplaat-been-zwart-verticaal-35x55mm\\\/#breadcrumb\",\"itemListElement\":[{\"@type\":\"ListItem\",\"position\":1,\"name\":\"Home\",\"item\":\"https:\\\/\\\/partsandpieces.nl\\\/home\\\/\"},{\"@type\":\"ListItem\",\"position\":2,\"name\":\"Winkel\",\"item\":\"https:\\\/\\\/partsandpieces.nl\\\/winkel\\\/\"},{\"@type\":\"ListItem\",\"position\":3,\"name\":\"Sleutelplaat Been Zwart verticaal 35x55mm\"}]},{\"@type\":\"WebSite\",\"@id\":\"https:\\\/\\\/partsandpieces.nl\\\/#website\",\"url\":\"https:\\\/\\\/partsandpieces.nl\\\/\",\"name\":\"Parts &amp; Pieces\",\"description\":\"Alles voor uw meubelrestauratie en -onderhoud!\",\"potentialAction\":[{\"@type\":\"SearchAction\",\"target\":{\"@type\":\"EntryPoint\",\"urlTemplate\":\"https:\\\/\\\/partsandpieces.nl\\\/?s={search_term_string}\"},\"query-input\":{\"@type\":\"PropertyValueSpecification\",\"valueRequired\":true,\"valueName\":\"search_term_string\"}}],\"inLanguage\":\"de\"}]}<\/script>\n<!-- \/ Yoast SEO plugin. -->","yoast_head_json":{"title":"Schl\u00fcsselplattenbein Schwarz vertikal","description":"Schl\u00fcsselplatte Bone Black vertikal 35x55mm ist eine spezielle Schl\u00fcsselplatte f\u00fcr M\u00f6belschubladen aus Knochen und hat eine achtzackige Form.","robots":{"index":"index","follow":"follow","max-snippet":"max-snippet:-1","max-image-preview":"max-image-preview:large","max-video-preview":"max-video-preview:-1"},"canonical":"https:\/\/partsandpieces.nl\/de\/produkt\/schlusselplattenbein-schwarz-vertikal-35x55mm\/","og_locale":"de_DE","og_type":"article","og_title":"Sleutelplaat Been Zwart verticaal","og_description":"Sleutelplaat Been Zwart verticaal 35x55mm is een bijzonder sleutelplaat voor meubellades gemaakt van been en is acht puntig van vorm.","og_url":"https:\/\/partsandpieces.nl\/de\/produkt\/schlusselplattenbein-schwarz-vertikal-35x55mm\/","og_site_name":"Parts &amp; Pieces","article_modified_time":"2025-09-23T20:39:15+00:00","og_image":[{"width":352,"height":352,"url":"https:\/\/partsandpieces.nl\/wp-content\/uploads\/2020\/07\/Sleutelplaat-Been-Zwart-verticaal-35x55mm.jpg","type":"image\/jpeg"}],"twitter_card":"summary_large_image","twitter_misc":{"Gesch\u00e4tzte Lesezeit":"1\u00a0Minute"},"schema":{"@context":"https:\/\/schema.org","@graph":[{"@type":"WebPage","@id":"https:\/\/partsandpieces.nl\/product\/sleutelplaat-been-zwart-verticaal-35x55mm\/","url":"https:\/\/partsandpieces.nl\/product\/sleutelplaat-been-zwart-verticaal-35x55mm\/","name":"Schl\u00fcsselplattenbein Schwarz vertikal","isPartOf":{"@id":"https:\/\/partsandpieces.nl\/#website"},"primaryImageOfPage":{"@id":"https:\/\/partsandpieces.nl\/product\/sleutelplaat-been-zwart-verticaal-35x55mm\/#primaryimage"},"image":{"@id":"https:\/\/partsandpieces.nl\/product\/sleutelplaat-been-zwart-verticaal-35x55mm\/#primaryimage"},"thumbnailUrl":"https:\/\/partsandpieces.nl\/wp-content\/uploads\/2020\/07\/Sleutelplaat-Been-Zwart-verticaal-35x55mm.jpg","datePublished":"2020-07-10T11:33:43+00:00","dateModified":"2025-09-23T20:39:15+00:00","description":"Schl\u00fcsselplatte Bone Black vertikal 35x55mm ist eine spezielle Schl\u00fcsselplatte f\u00fcr M\u00f6belschubladen aus Knochen und hat eine achtzackige Form.","breadcrumb":{"@id":"https:\/\/partsandpieces.nl\/product\/sleutelplaat-been-zwart-verticaal-35x55mm\/#breadcrumb"},"inLanguage":"de","potentialAction":[{"@type":"ReadAction","target":["https:\/\/partsandpieces.nl\/product\/sleutelplaat-been-zwart-verticaal-35x55mm\/"]}]},{"@type":"ImageObject","inLanguage":"de","@id":"https:\/\/partsandpieces.nl\/product\/sleutelplaat-been-zwart-verticaal-35x55mm\/#primaryimage","url":"https:\/\/partsandpieces.nl\/wp-content\/uploads\/2020\/07\/Sleutelplaat-Been-Zwart-verticaal-35x55mm.jpg","contentUrl":"https:\/\/partsandpieces.nl\/wp-content\/uploads\/2020\/07\/Sleutelplaat-Been-Zwart-verticaal-35x55mm.jpg","width":352,"height":352,"caption":"Sleutelplaat Been Zwart verticaal 35x55mm"},{"@type":"BreadcrumbList","@id":"https:\/\/partsandpieces.nl\/product\/sleutelplaat-been-zwart-verticaal-35x55mm\/#breadcrumb","itemListElement":[{"@type":"ListItem","position":1,"name":"Home","item":"https:\/\/partsandpieces.nl\/home\/"},{"@type":"ListItem","position":2,"name":"Winkel","item":"https:\/\/partsandpieces.nl\/winkel\/"},{"@type":"ListItem","position":3,"name":"Sleutelplaat Been Zwart verticaal 35x55mm"}]},{"@type":"WebSite","@id":"https:\/\/partsandpieces.nl\/#website","url":"https:\/\/partsandpieces.nl\/","name":"Teile &amp; St\u00fccke","description":"Alles f\u00fcr Ihre M\u00f6belrestaurierung und -pflege!","potentialAction":[{"@type":"SearchAction","target":{"@type":"EntryPoint","urlTemplate":"https:\/\/partsandpieces.nl\/?s={search_term_string}"},"query-input":{"@type":"PropertyValueSpecification","valueRequired":true,"valueName":"search_term_string"}}],"inLanguage":"de"}]}},"_links":{"self":[{"href":"https:\/\/partsandpieces.nl\/de\/wp-json\/wp\/v2\/product\/226","targetHints":{"allow":["GET"]}}],"collection":[{"href":"https:\/\/partsandpieces.nl\/de\/wp-json\/wp\/v2\/product"}],"about":[{"href":"https:\/\/partsandpieces.nl\/de\/wp-json\/wp\/v2\/types\/product"}],"wp:featuredmedia":[{"embeddable":true,"href":"https:\/\/partsandpieces.nl\/de\/wp-json\/wp\/v2\/media\/7547"}],"wp:attachment":[{"href":"https:\/\/partsandpieces.nl\/de\/wp-json\/wp\/v2\/media?parent=226"}],"wp:term":[{"taxonomy":"product_brand","embeddable":true,"href":"https:\/\/partsandpieces.nl\/de\/wp-json\/wp\/v2\/product_brand?post=226"},{"taxonomy":"product_cat","embeddable":true,"href":"https:\/\/partsandpieces.nl\/de\/wp-json\/wp\/v2\/product_cat?post=226"},{"taxonomy":"product_tag","embeddable":true,"href":"https:\/\/partsandpieces.nl\/de\/wp-json\/wp\/v2\/product_tag?post=226"}],"curies":[{"name":"wp","href":"https:\/\/api.w.org\/{rel}","templated":true}]}}