{"id":2272,"date":"2020-09-20T11:19:57","date_gmt":"2020-09-20T09:19:57","guid":{"rendered":"https:\/\/partsandpieces.bonsaidev.nl\/?product=borma-wachs-houtverharder-voor-elke-houtsoort-en-voor-binnen-en-buiten-500ml"},"modified":"2026-04-02T09:47:29","modified_gmt":"2026-04-02T07:47:29","slug":"bormawachs-holzharter-fur-jede-holzart-im-innen-und-ausenbereich","status":"publish","type":"product","link":"https:\/\/partsandpieces.nl\/de\/product\/borma-wachs-houtverharder-voor-elke-houtsoort-en-voor-binnen-en-buiten\/","title":{"rendered":"Borma Wachs Holzh\u00e4rter f\u00fcr jede Holzart im Innen- und Au\u00dfenbereich"},"content":{"rendered":"<p><strong>Holzh\u00e4rter f\u00fcr jede Holzart und f\u00fcr den Innen- und Au\u00dfenbereich<\/strong> von <a href=\"http:\/\/www.bormawachs.com\">Borma Wachs<\/a> ist ein gebrauchsfertiges, schnelltrocknendes Acrylharz-Dispersionsl\u00f6semittel. St\u00e4rkt und h\u00e4rtet jede Art von Holz, das durch Insekten oder Abnutzung geschw\u00e4cht wurde. Der Holzh\u00e4rter ist vollkommen transparent. Es ver\u00e4ndert also nicht den nat\u00fcrlichen Farbton, sondern dringt tief ein und versiegelt das Holz und stellt seine urspr\u00fcngliche Konsistenz wieder her.<\/p>\n<p>Es kann sowohl drinnen als auch drau\u00dfen verwendet werden.<\/p>\n<p><b>Anweisungen<br \/>\n<\/b>\u2013 Zur Anwendung auf naturbelassenem, staub-, fett- und wachsfreiem Holz. \u00dcberpr\u00fcfen Sie, ob eine aufgetragene Beize vollkommen trocken ist.<br \/>\n\u2013 Mit einem Pinsel eine gro\u00dfz\u00fcgige Menge gleichm\u00e4\u00dfig auftragen. Wiederholen Sie den Vorgang 2-3 Mal, um das Ergebnis zu verbessern, und warten Sie zwischen jeder Schicht etwa 30 Minuten.<br \/>\n\u2013 6-8 Stunden bei einer Temperatur von ca. 20\u00b0C trocknen lassen.<br \/>\n\u2013 Leichtes Schleifen, Lackieren oder Wachsen. Wenn ein Schellack-Finish erforderlich ist, tragen Sie das auf <a href=\"https:\/\/partsandpieces.nl\/de\/produktkategorie-2\/oberflachenbehandlung-2\/schellack-und-politur\/\" target=\"_blank\" rel=\"noopener\"><span style=\"text-decoration: underline;\">Shellac-Politur<\/span><\/a> bei. Verwenden Sie f\u00fcr ein Wachsfinish die <span style=\"text-decoration: underline;\"><a href=\"https:\/\/partsandpieces.nl\/de\/produktkategorie-2\/oberflachenbehandlung-2\/bienenwachs\/\" target=\"_blank\" rel=\"noopener\">Bienenwachs<\/a><\/span> in Pastenform, f\u00fcr ein \u00d6lfinish <a href=\"https:\/\/partsandpieces.nl\/de\/produkt\/bormawachs-hardtop-ol-fur-kuchenarbeitsplatten-transparent\/\" target=\"_blank\" rel=\"noopener\"><span style=\"text-decoration: underline;\">Hardtop-\u00d6l<\/span><\/a>.<\/p>","protected":false},"excerpt":{"rendered":"<p>Houtverharder voor elke houtsoort en voor binnen en buiten van Borma Wachs is een kant-en-klare, sneldrogende acrylhars dispersieoplosmiddel. Versterkt en verhardt elke soort hout dat is verzwakt door insecten of slijtage. De houtverharder is volledig transparant. Het verandert de natuurlijke toon dus niet, maar dringt diep door en verzegelt het hout en herstelt de oorspronkelijke [&hellip;]<\/p>\n","protected":false},"featured_media":2273,"template":"","meta":{"_acf_changed":false},"product_brand":[],"product_cat":[148,64],"product_tag":[],"class_list":{"0":"post-2272","1":"product","2":"type-product","3":"status-publish","4":"has-post-thumbnail","6":"product_cat-houtvuller-op-waterbasis","7":"product_cat-oppervlakte-behandeling-borma-wachs","9":"first","10":"instock","11":"taxable","12":"shipping-taxable","13":"purchasable","14":"product-type-variable","15":"has-default-attributes"},"acf":[],"yoast_head":"<!-- This site is optimized with the Yoast SEO plugin v27.3 - https:\/\/yoast.com\/product\/yoast-seo-wordpress\/ -->\n<title>Houtverharder voor binnen en buiten van Borma Wachs<\/title>\n<meta name=\"description\" content=\"Houtverharder voor elke houtsoort en voor binnen en buiten van Borma Wachs versterkt en verhardt elke soort hout dat is verzwakt door insecten of slijtage.\" \/>\n<meta name=\"robots\" content=\"index, follow, max-snippet:-1, max-image-preview:large, max-video-preview:-1\" \/>\n<link rel=\"canonical\" href=\"https:\/\/partsandpieces.nl\/de\/produkt\/bormawachs-holzharter-fur-jede-holzart-im-innen-und-ausenbereich\/\" \/>\n<meta property=\"og:locale\" content=\"de_DE\" \/>\n<meta property=\"og:type\" content=\"article\" \/>\n<meta property=\"og:title\" content=\"Houtverharder voor binnen en buiten van Borma Wachs\" \/>\n<meta property=\"og:description\" content=\"Houtverharder voor elke houtsoort en voor binnen en buiten van Borma Wachs versterkt en verhardt elke soort hout dat is verzwakt door insecten of slijtage.\" \/>\n<meta property=\"og:url\" content=\"https:\/\/partsandpieces.nl\/de\/produkt\/bormawachs-holzharter-fur-jede-holzart-im-innen-und-ausenbereich\/\" \/>\n<meta property=\"og:site_name\" content=\"Parts &amp; Pieces\" \/>\n<meta property=\"article:modified_time\" content=\"2026-04-02T07:47:29+00:00\" \/>\n<meta property=\"og:image\" content=\"https:\/\/partsandpieces.nl\/wp-content\/uploads\/2022\/09\/Houtverharderhardnerkleurloos500ml..jpg\" \/>\n\t<meta property=\"og:image:width\" content=\"600\" \/>\n\t<meta property=\"og:image:height\" content=\"600\" \/>\n\t<meta property=\"og:image:type\" content=\"image\/jpeg\" \/>\n<meta name=\"twitter:card\" content=\"summary_large_image\" \/>\n<meta name=\"twitter:label1\" content=\"Gesch\u00e4tzte Lesezeit\" \/>\n\t<meta name=\"twitter:data1\" content=\"1\u00a0Minute\" \/>\n<script type=\"application\/ld+json\" class=\"yoast-schema-graph\">{\"@context\":\"https:\\\/\\\/schema.org\",\"@graph\":[{\"@type\":\"WebPage\",\"@id\":\"https:\\\/\\\/partsandpieces.nl\\\/product\\\/borma-wachs-houtverharder-voor-elke-houtsoort-en-voor-binnen-en-buiten\\\/\",\"url\":\"https:\\\/\\\/partsandpieces.nl\\\/product\\\/borma-wachs-houtverharder-voor-elke-houtsoort-en-voor-binnen-en-buiten\\\/\",\"name\":\"Houtverharder voor binnen en buiten van Borma Wachs\",\"isPartOf\":{\"@id\":\"https:\\\/\\\/partsandpieces.nl\\\/#website\"},\"primaryImageOfPage\":{\"@id\":\"https:\\\/\\\/partsandpieces.nl\\\/product\\\/borma-wachs-houtverharder-voor-elke-houtsoort-en-voor-binnen-en-buiten\\\/#primaryimage\"},\"image\":{\"@id\":\"https:\\\/\\\/partsandpieces.nl\\\/product\\\/borma-wachs-houtverharder-voor-elke-houtsoort-en-voor-binnen-en-buiten\\\/#primaryimage\"},\"thumbnailUrl\":\"https:\\\/\\\/partsandpieces.nl\\\/wp-content\\\/uploads\\\/2022\\\/09\\\/Houtverharderhardnerkleurloos500ml..jpg\",\"datePublished\":\"2020-09-20T09:19:57+00:00\",\"dateModified\":\"2026-04-02T07:47:29+00:00\",\"description\":\"Houtverharder voor elke houtsoort en voor binnen en buiten van Borma Wachs versterkt en verhardt elke soort hout dat is verzwakt door insecten of slijtage.\",\"breadcrumb\":{\"@id\":\"https:\\\/\\\/partsandpieces.nl\\\/product\\\/borma-wachs-houtverharder-voor-elke-houtsoort-en-voor-binnen-en-buiten\\\/#breadcrumb\"},\"inLanguage\":\"de\",\"potentialAction\":[{\"@type\":\"ReadAction\",\"target\":[\"https:\\\/\\\/partsandpieces.nl\\\/product\\\/borma-wachs-houtverharder-voor-elke-houtsoort-en-voor-binnen-en-buiten\\\/\"]}]},{\"@type\":\"ImageObject\",\"inLanguage\":\"de\",\"@id\":\"https:\\\/\\\/partsandpieces.nl\\\/product\\\/borma-wachs-houtverharder-voor-elke-houtsoort-en-voor-binnen-en-buiten\\\/#primaryimage\",\"url\":\"https:\\\/\\\/partsandpieces.nl\\\/wp-content\\\/uploads\\\/2022\\\/09\\\/Houtverharderhardnerkleurloos500ml..jpg\",\"contentUrl\":\"https:\\\/\\\/partsandpieces.nl\\\/wp-content\\\/uploads\\\/2022\\\/09\\\/Houtverharderhardnerkleurloos500ml..jpg\",\"width\":600,\"height\":600},{\"@type\":\"BreadcrumbList\",\"@id\":\"https:\\\/\\\/partsandpieces.nl\\\/product\\\/borma-wachs-houtverharder-voor-elke-houtsoort-en-voor-binnen-en-buiten\\\/#breadcrumb\",\"itemListElement\":[{\"@type\":\"ListItem\",\"position\":1,\"name\":\"Home\",\"item\":\"https:\\\/\\\/partsandpieces.nl\\\/home\\\/\"},{\"@type\":\"ListItem\",\"position\":2,\"name\":\"Winkel\",\"item\":\"https:\\\/\\\/partsandpieces.nl\\\/winkel\\\/\"},{\"@type\":\"ListItem\",\"position\":3,\"name\":\"Borma Wachs Houtverharder voor elke houtsoort en voor binnen en buiten\"}]},{\"@type\":\"WebSite\",\"@id\":\"https:\\\/\\\/partsandpieces.nl\\\/#website\",\"url\":\"https:\\\/\\\/partsandpieces.nl\\\/\",\"name\":\"Parts &amp; Pieces\",\"description\":\"Alles voor uw meubelrestauratie en -onderhoud!\",\"potentialAction\":[{\"@type\":\"SearchAction\",\"target\":{\"@type\":\"EntryPoint\",\"urlTemplate\":\"https:\\\/\\\/partsandpieces.nl\\\/?s={search_term_string}\"},\"query-input\":{\"@type\":\"PropertyValueSpecification\",\"valueRequired\":true,\"valueName\":\"search_term_string\"}}],\"inLanguage\":\"de\"}]}<\/script>\n<!-- \/ Yoast SEO plugin. -->","yoast_head_json":{"title":"Holzh\u00e4rter f\u00fcr den Innen- und Au\u00dfenbereich von Borma Wachs","description":"Borma Wachs Holzh\u00e4rter f\u00fcr alle Holzarten und f\u00fcr den Innen- und Au\u00dfenbereich st\u00e4rkt und h\u00e4rtet jede Art von Holz, das durch Insekten oder Abnutzung geschw\u00e4cht wurde.","robots":{"index":"index","follow":"follow","max-snippet":"max-snippet:-1","max-image-preview":"max-image-preview:large","max-video-preview":"max-video-preview:-1"},"canonical":"https:\/\/partsandpieces.nl\/de\/produkt\/bormawachs-holzharter-fur-jede-holzart-im-innen-und-ausenbereich\/","og_locale":"de_DE","og_type":"article","og_title":"Houtverharder voor binnen en buiten van Borma Wachs","og_description":"Houtverharder voor elke houtsoort en voor binnen en buiten van Borma Wachs versterkt en verhardt elke soort hout dat is verzwakt door insecten of slijtage.","og_url":"https:\/\/partsandpieces.nl\/de\/produkt\/bormawachs-holzharter-fur-jede-holzart-im-innen-und-ausenbereich\/","og_site_name":"Parts &amp; Pieces","article_modified_time":"2026-04-02T07:47:29+00:00","og_image":[{"width":600,"height":600,"url":"https:\/\/partsandpieces.nl\/wp-content\/uploads\/2022\/09\/Houtverharderhardnerkleurloos500ml..jpg","type":"image\/jpeg"}],"twitter_card":"summary_large_image","twitter_misc":{"Gesch\u00e4tzte Lesezeit":"1\u00a0Minute"},"schema":{"@context":"https:\/\/schema.org","@graph":[{"@type":"WebPage","@id":"https:\/\/partsandpieces.nl\/product\/borma-wachs-houtverharder-voor-elke-houtsoort-en-voor-binnen-en-buiten\/","url":"https:\/\/partsandpieces.nl\/product\/borma-wachs-houtverharder-voor-elke-houtsoort-en-voor-binnen-en-buiten\/","name":"Holzh\u00e4rter f\u00fcr den Innen- und Au\u00dfenbereich von Borma Wachs","isPartOf":{"@id":"https:\/\/partsandpieces.nl\/#website"},"primaryImageOfPage":{"@id":"https:\/\/partsandpieces.nl\/product\/borma-wachs-houtverharder-voor-elke-houtsoort-en-voor-binnen-en-buiten\/#primaryimage"},"image":{"@id":"https:\/\/partsandpieces.nl\/product\/borma-wachs-houtverharder-voor-elke-houtsoort-en-voor-binnen-en-buiten\/#primaryimage"},"thumbnailUrl":"https:\/\/partsandpieces.nl\/wp-content\/uploads\/2022\/09\/Houtverharderhardnerkleurloos500ml..jpg","datePublished":"2020-09-20T09:19:57+00:00","dateModified":"2026-04-02T07:47:29+00:00","description":"Borma Wachs Holzh\u00e4rter f\u00fcr alle Holzarten und f\u00fcr den Innen- und Au\u00dfenbereich st\u00e4rkt und h\u00e4rtet jede Art von Holz, das durch Insekten oder Abnutzung geschw\u00e4cht wurde.","breadcrumb":{"@id":"https:\/\/partsandpieces.nl\/product\/borma-wachs-houtverharder-voor-elke-houtsoort-en-voor-binnen-en-buiten\/#breadcrumb"},"inLanguage":"de","potentialAction":[{"@type":"ReadAction","target":["https:\/\/partsandpieces.nl\/product\/borma-wachs-houtverharder-voor-elke-houtsoort-en-voor-binnen-en-buiten\/"]}]},{"@type":"ImageObject","inLanguage":"de","@id":"https:\/\/partsandpieces.nl\/product\/borma-wachs-houtverharder-voor-elke-houtsoort-en-voor-binnen-en-buiten\/#primaryimage","url":"https:\/\/partsandpieces.nl\/wp-content\/uploads\/2022\/09\/Houtverharderhardnerkleurloos500ml..jpg","contentUrl":"https:\/\/partsandpieces.nl\/wp-content\/uploads\/2022\/09\/Houtverharderhardnerkleurloos500ml..jpg","width":600,"height":600},{"@type":"BreadcrumbList","@id":"https:\/\/partsandpieces.nl\/product\/borma-wachs-houtverharder-voor-elke-houtsoort-en-voor-binnen-en-buiten\/#breadcrumb","itemListElement":[{"@type":"ListItem","position":1,"name":"Home","item":"https:\/\/partsandpieces.nl\/home\/"},{"@type":"ListItem","position":2,"name":"Winkel","item":"https:\/\/partsandpieces.nl\/winkel\/"},{"@type":"ListItem","position":3,"name":"Borma Wachs Houtverharder voor elke houtsoort en voor binnen en buiten"}]},{"@type":"WebSite","@id":"https:\/\/partsandpieces.nl\/#website","url":"https:\/\/partsandpieces.nl\/","name":"Teile &amp; St\u00fccke","description":"Alles f\u00fcr Ihre M\u00f6belrestaurierung und -pflege!","potentialAction":[{"@type":"SearchAction","target":{"@type":"EntryPoint","urlTemplate":"https:\/\/partsandpieces.nl\/?s={search_term_string}"},"query-input":{"@type":"PropertyValueSpecification","valueRequired":true,"valueName":"search_term_string"}}],"inLanguage":"de"}]}},"_links":{"self":[{"href":"https:\/\/partsandpieces.nl\/de\/wp-json\/wp\/v2\/product\/2272","targetHints":{"allow":["GET"]}}],"collection":[{"href":"https:\/\/partsandpieces.nl\/de\/wp-json\/wp\/v2\/product"}],"about":[{"href":"https:\/\/partsandpieces.nl\/de\/wp-json\/wp\/v2\/types\/product"}],"wp:featuredmedia":[{"embeddable":true,"href":"https:\/\/partsandpieces.nl\/de\/wp-json\/wp\/v2\/media\/2273"}],"wp:attachment":[{"href":"https:\/\/partsandpieces.nl\/de\/wp-json\/wp\/v2\/media?parent=2272"}],"wp:term":[{"taxonomy":"product_brand","embeddable":true,"href":"https:\/\/partsandpieces.nl\/de\/wp-json\/wp\/v2\/product_brand?post=2272"},{"taxonomy":"product_cat","embeddable":true,"href":"https:\/\/partsandpieces.nl\/de\/wp-json\/wp\/v2\/product_cat?post=2272"},{"taxonomy":"product_tag","embeddable":true,"href":"https:\/\/partsandpieces.nl\/de\/wp-json\/wp\/v2\/product_tag?post=2272"}],"curies":[{"name":"wp","href":"https:\/\/api.w.org\/{rel}","templated":true}]}}