{"id":2276,"date":"2020-09-20T11:36:50","date_gmt":"2020-09-20T11:36:50","guid":{"rendered":"https:\/\/partsandpieces.bonsaidev.nl\/?product=borma-wachs-basis-voor-sneldrogende-houtkit-1-liter"},"modified":"2026-03-18T23:10:13","modified_gmt":"2026-03-18T22:10:13","slug":"bormawachs-basis-fur-schnell-trocknende-holzspachtelmasse","status":"publish","type":"product","link":"https:\/\/partsandpieces.nl\/de\/product\/borma-wachs-basis-voor-sneldrogende-houtvuller\/","title":{"rendered":"Borma Wachs Basis f\u00fcr schnelltrocknende Holzmasse \/ Holzmassel\u00f6sung 1 Liter"},"content":{"rendered":"<p><strong>Grundlage f\u00fcr schnelltrocknende Holzspachtelmasse \/ Holzmassel\u00f6sung<\/strong> von <a href=\"http:\/\/www.bormawachs.com\">Borma Wachs<\/a> ist ein gebrauchsfertiges Bindemittel zur Herstellung Ihrer eigenen Holzspachtelmasse. Zusammen mit S\u00e4gemehl k\u00f6nnen Sie leicht einen streichf\u00e4higen, schnell trocknenden Holzspachtel nach Farbe herstellen. Das Bindeharz ver\u00e4ndert die urspr\u00fcngliche Farbe des Holzes nicht und daher hat die Paste die gleiche Farbe wie das Holz, aus dem das S\u00e4gemehl stammt. Die Paste kann sowohl mit l\u00f6sungsmittel- als auch wasserbasierten Produkten eingef\u00e4rbt oder lackiert werden.<\/p>\n<p>Machen Sie Holzspachtel in Ihrer eigenen Farbe.<\/p>\n<p>Habe ich nat\u00fcrlich auch <a href=\"https:\/\/partsandpieces.nl\/de\/produktkategorie-2\/oberflachenbehandlung-2\/flussiges-holz\/\"><span style=\"text-decoration: underline;\">Gebrauchsfertiger Holzspachtel \/ Fl\u00fcssigholz<\/span><\/a> in verschiedenen Farben auf Lager!<\/p>\n<p><strong>Anweisungen<\/strong><br \/>\n\u2013 Abh\u00e4ngig von der Holzart, der Saugf\u00e4higkeit, der Pulvergr\u00f6\u00dfe und der gew\u00fcnschten Konsistenz des Kleisters liegt das Verh\u00e4ltnis von Harz und S\u00e4gemehl zwischen 1 Teil Pulver und 3\/4 Teilen Harz, damit sich das Produkt verteilen l\u00e4sst mit einem Spatel.<br \/>\n\u2013 Tragen Sie die schnell trocknende Holzkittbasis direkt auf die geeignete saubere Oberfl\u00e4che auf und dr\u00fccken Sie sie fest an.<br \/>\n\u2013 Je nach Dicke zwischen 5 und 45 Minuten trocknen.<br \/>\n\u2013 Wenn die Oberfl\u00e4che getrocknet ist, k\u00f6nnen Sie mit dem Schleifen beginnen und eventuell weiter ausarbeiten.<\/p>","protected":false},"excerpt":{"rendered":"<p>Basis voor sneldrogende houtvuller \/ Holzmassel\u00f6sung van Borma Wachs is een kant-en-klaar bindmiddel voor het zelf maken van houtvuller. Samen met zaagsel maak je gemakkelijk een smeerbare sneldrogende houtvuller op kleur. De bindhars verandert de oorspronkelijke kleur van het hout niet en daarom heeft de pasta dezelfde kleur als het hout waarvan het zaagsel is. [&hellip;]<\/p>\n","protected":false},"featured_media":2277,"template":"","meta":{"_acf_changed":false},"product_brand":[],"product_cat":[147,148,64],"product_tag":[],"class_list":{"0":"post-2276","1":"product","2":"type-product","3":"status-publish","4":"has-post-thumbnail","6":"product_cat-houtplamuur-2-componenten","7":"product_cat-houtvuller-op-waterbasis","8":"product_cat-oppervlakte-behandeling-borma-wachs","10":"first","11":"instock","12":"taxable","13":"shipping-taxable","14":"purchasable","15":"product-type-simple"},"acf":[],"yoast_head":"<!-- This site is optimized with the Yoast SEO plugin v27.3 - https:\/\/yoast.com\/product\/yoast-seo-wordpress\/ -->\n<title>Basis voor sneldrogende houtvuller \/ Holzmassel\u00f6sung van Borma<\/title>\n<meta name=\"description\" content=\"Basis voor sneldrogende houtvuller\u00a0van Borma Wachs is een kant-en-klaar bindmiddel voor het zelf maken van houtvuller. Maak houtvuller in je eigen kleur.\" \/>\n<meta name=\"robots\" content=\"index, follow, max-snippet:-1, max-image-preview:large, max-video-preview:-1\" \/>\n<link rel=\"canonical\" href=\"https:\/\/partsandpieces.nl\/de\/produkt\/bormawachs-basis-fur-schnell-trocknende-holzspachtelmasse\/\" \/>\n<meta property=\"og:locale\" content=\"de_DE\" \/>\n<meta property=\"og:type\" content=\"article\" \/>\n<meta property=\"og:title\" content=\"Basis voor sneldrogende houtvuller \/ Holzmassel\u00f6sung van Borma\" \/>\n<meta property=\"og:description\" content=\"Basis voor sneldrogende houtvuller\u00a0van Borma Wachs is een kant-en-klaar bindmiddel voor het zelf maken van houtvuller. Maak houtvuller in je eigen kleur.\" \/>\n<meta property=\"og:url\" content=\"https:\/\/partsandpieces.nl\/de\/produkt\/bormawachs-basis-fur-schnell-trocknende-holzspachtelmasse\/\" \/>\n<meta property=\"og:site_name\" content=\"Parts &amp; Pieces\" \/>\n<meta property=\"article:modified_time\" content=\"2026-03-18T22:10:13+00:00\" \/>\n<meta property=\"og:image\" content=\"https:\/\/partsandpieces.nl\/wp-content\/uploads\/2022\/09\/0052.jpg\" \/>\n\t<meta property=\"og:image:width\" content=\"800\" \/>\n\t<meta property=\"og:image:height\" content=\"800\" \/>\n\t<meta property=\"og:image:type\" content=\"image\/jpeg\" \/>\n<meta name=\"twitter:card\" content=\"summary_large_image\" \/>\n<meta name=\"twitter:label1\" content=\"Gesch\u00e4tzte Lesezeit\" \/>\n\t<meta name=\"twitter:data1\" content=\"1\u00a0Minute\" \/>\n<script type=\"application\/ld+json\" class=\"yoast-schema-graph\">{\"@context\":\"https:\\\/\\\/schema.org\",\"@graph\":[{\"@type\":\"WebPage\",\"@id\":\"https:\\\/\\\/partsandpieces.nl\\\/product\\\/borma-wachs-basis-voor-sneldrogende-houtvuller\\\/\",\"url\":\"https:\\\/\\\/partsandpieces.nl\\\/product\\\/borma-wachs-basis-voor-sneldrogende-houtvuller\\\/\",\"name\":\"Basis voor sneldrogende houtvuller \\\/ Holzmassel\u00f6sung van Borma\",\"isPartOf\":{\"@id\":\"https:\\\/\\\/partsandpieces.nl\\\/#website\"},\"primaryImageOfPage\":{\"@id\":\"https:\\\/\\\/partsandpieces.nl\\\/product\\\/borma-wachs-basis-voor-sneldrogende-houtvuller\\\/#primaryimage\"},\"image\":{\"@id\":\"https:\\\/\\\/partsandpieces.nl\\\/product\\\/borma-wachs-basis-voor-sneldrogende-houtvuller\\\/#primaryimage\"},\"thumbnailUrl\":\"https:\\\/\\\/partsandpieces.nl\\\/wp-content\\\/uploads\\\/2022\\\/09\\\/0052.jpg\",\"datePublished\":\"2020-09-20T11:36:50+00:00\",\"dateModified\":\"2026-03-18T22:10:13+00:00\",\"description\":\"Basis voor sneldrogende houtvuller\u00a0van Borma Wachs is een kant-en-klaar bindmiddel voor het zelf maken van houtvuller. Maak houtvuller in je eigen kleur.\",\"breadcrumb\":{\"@id\":\"https:\\\/\\\/partsandpieces.nl\\\/product\\\/borma-wachs-basis-voor-sneldrogende-houtvuller\\\/#breadcrumb\"},\"inLanguage\":\"de\",\"potentialAction\":[{\"@type\":\"ReadAction\",\"target\":[\"https:\\\/\\\/partsandpieces.nl\\\/product\\\/borma-wachs-basis-voor-sneldrogende-houtvuller\\\/\"]}]},{\"@type\":\"ImageObject\",\"inLanguage\":\"de\",\"@id\":\"https:\\\/\\\/partsandpieces.nl\\\/product\\\/borma-wachs-basis-voor-sneldrogende-houtvuller\\\/#primaryimage\",\"url\":\"https:\\\/\\\/partsandpieces.nl\\\/wp-content\\\/uploads\\\/2022\\\/09\\\/0052.jpg\",\"contentUrl\":\"https:\\\/\\\/partsandpieces.nl\\\/wp-content\\\/uploads\\\/2022\\\/09\\\/0052.jpg\",\"width\":800,\"height\":800},{\"@type\":\"BreadcrumbList\",\"@id\":\"https:\\\/\\\/partsandpieces.nl\\\/product\\\/borma-wachs-basis-voor-sneldrogende-houtvuller\\\/#breadcrumb\",\"itemListElement\":[{\"@type\":\"ListItem\",\"position\":1,\"name\":\"Home\",\"item\":\"https:\\\/\\\/partsandpieces.nl\\\/home\\\/\"},{\"@type\":\"ListItem\",\"position\":2,\"name\":\"Winkel\",\"item\":\"https:\\\/\\\/partsandpieces.nl\\\/winkel\\\/\"},{\"@type\":\"ListItem\",\"position\":3,\"name\":\"Borma Wachs Basis voor sneldrogende houtvuller \\\/ Holzmassel\u00f6sung 1 Liter\"}]},{\"@type\":\"WebSite\",\"@id\":\"https:\\\/\\\/partsandpieces.nl\\\/#website\",\"url\":\"https:\\\/\\\/partsandpieces.nl\\\/\",\"name\":\"Parts &amp; Pieces\",\"description\":\"Alles voor uw meubelrestauratie en -onderhoud!\",\"potentialAction\":[{\"@type\":\"SearchAction\",\"target\":{\"@type\":\"EntryPoint\",\"urlTemplate\":\"https:\\\/\\\/partsandpieces.nl\\\/?s={search_term_string}\"},\"query-input\":{\"@type\":\"PropertyValueSpecification\",\"valueRequired\":true,\"valueName\":\"search_term_string\"}}],\"inLanguage\":\"de\"}]}<\/script>\n<!-- \/ Yoast SEO plugin. -->","yoast_head_json":{"title":"Grundlage f\u00fcr schnelltrocknende Holzspachtelmasse \/ Holzmassel\u00f6sung von Borma","description":"Borma Wachs Fast Drying Wood Filler Base ist ein gebrauchsfertiges Bindemittel f\u00fcr die DIY-Holzf\u00fcllerherstellung. Machen Sie Holzspachtel in Ihrer eigenen Farbe.","robots":{"index":"index","follow":"follow","max-snippet":"max-snippet:-1","max-image-preview":"max-image-preview:large","max-video-preview":"max-video-preview:-1"},"canonical":"https:\/\/partsandpieces.nl\/de\/produkt\/bormawachs-basis-fur-schnell-trocknende-holzspachtelmasse\/","og_locale":"de_DE","og_type":"article","og_title":"Basis voor sneldrogende houtvuller \/ Holzmassel\u00f6sung van Borma","og_description":"Basis voor sneldrogende houtvuller\u00a0van Borma Wachs is een kant-en-klaar bindmiddel voor het zelf maken van houtvuller. Maak houtvuller in je eigen kleur.","og_url":"https:\/\/partsandpieces.nl\/de\/produkt\/bormawachs-basis-fur-schnell-trocknende-holzspachtelmasse\/","og_site_name":"Parts &amp; Pieces","article_modified_time":"2026-03-18T22:10:13+00:00","og_image":[{"width":800,"height":800,"url":"https:\/\/partsandpieces.nl\/wp-content\/uploads\/2022\/09\/0052.jpg","type":"image\/jpeg"}],"twitter_card":"summary_large_image","twitter_misc":{"Gesch\u00e4tzte Lesezeit":"1\u00a0Minute"},"schema":{"@context":"https:\/\/schema.org","@graph":[{"@type":"WebPage","@id":"https:\/\/partsandpieces.nl\/product\/borma-wachs-basis-voor-sneldrogende-houtvuller\/","url":"https:\/\/partsandpieces.nl\/product\/borma-wachs-basis-voor-sneldrogende-houtvuller\/","name":"Grundlage f\u00fcr schnelltrocknende Holzspachtelmasse \/ Holzmassel\u00f6sung von Borma","isPartOf":{"@id":"https:\/\/partsandpieces.nl\/#website"},"primaryImageOfPage":{"@id":"https:\/\/partsandpieces.nl\/product\/borma-wachs-basis-voor-sneldrogende-houtvuller\/#primaryimage"},"image":{"@id":"https:\/\/partsandpieces.nl\/product\/borma-wachs-basis-voor-sneldrogende-houtvuller\/#primaryimage"},"thumbnailUrl":"https:\/\/partsandpieces.nl\/wp-content\/uploads\/2022\/09\/0052.jpg","datePublished":"2020-09-20T11:36:50+00:00","dateModified":"2026-03-18T22:10:13+00:00","description":"Borma Wachs Fast Drying Wood Filler Base ist ein gebrauchsfertiges Bindemittel f\u00fcr die DIY-Holzf\u00fcllerherstellung. Machen Sie Holzspachtel in Ihrer eigenen Farbe.","breadcrumb":{"@id":"https:\/\/partsandpieces.nl\/product\/borma-wachs-basis-voor-sneldrogende-houtvuller\/#breadcrumb"},"inLanguage":"de","potentialAction":[{"@type":"ReadAction","target":["https:\/\/partsandpieces.nl\/product\/borma-wachs-basis-voor-sneldrogende-houtvuller\/"]}]},{"@type":"ImageObject","inLanguage":"de","@id":"https:\/\/partsandpieces.nl\/product\/borma-wachs-basis-voor-sneldrogende-houtvuller\/#primaryimage","url":"https:\/\/partsandpieces.nl\/wp-content\/uploads\/2022\/09\/0052.jpg","contentUrl":"https:\/\/partsandpieces.nl\/wp-content\/uploads\/2022\/09\/0052.jpg","width":800,"height":800},{"@type":"BreadcrumbList","@id":"https:\/\/partsandpieces.nl\/product\/borma-wachs-basis-voor-sneldrogende-houtvuller\/#breadcrumb","itemListElement":[{"@type":"ListItem","position":1,"name":"Home","item":"https:\/\/partsandpieces.nl\/home\/"},{"@type":"ListItem","position":2,"name":"Winkel","item":"https:\/\/partsandpieces.nl\/winkel\/"},{"@type":"ListItem","position":3,"name":"Borma Wachs Basis voor sneldrogende houtvuller \/ Holzmassel\u00f6sung 1 Liter"}]},{"@type":"WebSite","@id":"https:\/\/partsandpieces.nl\/#website","url":"https:\/\/partsandpieces.nl\/","name":"Teile &amp; St\u00fccke","description":"Alles f\u00fcr Ihre M\u00f6belrestaurierung und -pflege!","potentialAction":[{"@type":"SearchAction","target":{"@type":"EntryPoint","urlTemplate":"https:\/\/partsandpieces.nl\/?s={search_term_string}"},"query-input":{"@type":"PropertyValueSpecification","valueRequired":true,"valueName":"search_term_string"}}],"inLanguage":"de"}]}},"_links":{"self":[{"href":"https:\/\/partsandpieces.nl\/de\/wp-json\/wp\/v2\/product\/2276","targetHints":{"allow":["GET"]}}],"collection":[{"href":"https:\/\/partsandpieces.nl\/de\/wp-json\/wp\/v2\/product"}],"about":[{"href":"https:\/\/partsandpieces.nl\/de\/wp-json\/wp\/v2\/types\/product"}],"wp:featuredmedia":[{"embeddable":true,"href":"https:\/\/partsandpieces.nl\/de\/wp-json\/wp\/v2\/media\/2277"}],"wp:attachment":[{"href":"https:\/\/partsandpieces.nl\/de\/wp-json\/wp\/v2\/media?parent=2276"}],"wp:term":[{"taxonomy":"product_brand","embeddable":true,"href":"https:\/\/partsandpieces.nl\/de\/wp-json\/wp\/v2\/product_brand?post=2276"},{"taxonomy":"product_cat","embeddable":true,"href":"https:\/\/partsandpieces.nl\/de\/wp-json\/wp\/v2\/product_cat?post=2276"},{"taxonomy":"product_tag","embeddable":true,"href":"https:\/\/partsandpieces.nl\/de\/wp-json\/wp\/v2\/product_tag?post=2276"}],"curies":[{"name":"wp","href":"https:\/\/api.w.org\/{rel}","templated":true}]}}