{"id":228,"date":"2020-07-10T11:38:19","date_gmt":"2020-07-10T11:38:19","guid":{"rendered":"https:\/\/partsandpieces.bonsaidev.nl\/?product=sleutelplaatje-been-48x34-mm"},"modified":"2026-02-23T11:32:28","modified_gmt":"2026-02-23T10:32:28","slug":"schlusselplattenbein-schwarz-horizontal-50x32mm","status":"publish","type":"product","link":"https:\/\/partsandpieces.nl\/de\/product\/sleutelplaat-been-zwart-horizontaal-50x32mm\/","title":{"rendered":"Schl\u00fcsselplatte Bein Schwarz horizontal 50x32mm"},"content":{"rendered":"<p><strong>Schl\u00fcsselplatte Bein Schwarz horizontal 50x32mm<\/strong> ist eine spezielle Schl\u00fcsselplatte f\u00fcr M\u00f6belschubladen aus Knochen. Die Schl\u00fcsselplatte ist horizontal ausgerichtet und hat eine ovale Form.<\/p>\n<p><strong>Ma\u00dfe<br \/>\n<\/strong>Das Schl\u00fcsselplattenbein Schwarz horizontal 50 x 32 mm hat eine Breite von 50 mm und eine H\u00f6he von 32 mm. Das Schl\u00fcsselloch ist 18 mm hoch.<\/p>\n<p><strong>Bearbeiten<\/strong><br \/>\nSie k\u00f6nnen die Schl\u00fcsselplatte mit montieren\u00a0<span style=\"text-decoration: underline;\"><a href=\"https:\/\/partsandpieces.nl\/de\/produkt\/schrauben-mit-rundkopf-antikbronze-mit-schlitz-2-x-14-mm\/\">Schraube Rundkopf Antik Bronze mit Schlitz (2x14mm)<\/a><\/span>. Ich schicke diese Schrauben\u00a0<strong>FREI<\/strong>\u00a0mit Ihrer Bestellung.<\/p>","protected":false},"excerpt":{"rendered":"<p>Sleutelplaat Been Zwart horizontaal 50x32mm is een bijzonder sleutelplaat voor meubellades gemaakt van been. De sleutelplaat is horizontaal gericht en is ovaal van vorm. Afmetingen Sleutelplaat Been Zwart horizontaal 50x32mm heeft een breedte van 50mm en een hoogte van 32mm. Het sleutelgat is 18mm hoog. Montage Je kunt de sleutelplaat monteren met\u00a0Schroef Bolkop Antiek Brons [&hellip;]<\/p>\n","protected":false},"featured_media":7553,"template":"","meta":{"_acf_changed":false},"product_brand":[],"product_cat":[26,23,48],"product_tag":[],"class_list":{"0":"post-228","1":"product","2":"type-product","3":"status-publish","4":"has-post-thumbnail","6":"product_cat-been-en-hoorn","7":"product_cat-meubelbeslag","8":"product_cat-sleutelplaten","10":"first","11":"instock","12":"taxable","13":"shipping-taxable","14":"purchasable","15":"product-type-simple"},"acf":[],"yoast_head":"<!-- This site is optimized with the Yoast SEO plugin v27.3 - https:\/\/yoast.com\/product\/yoast-seo-wordpress\/ -->\n<title>Sleutelplaat Been Zwart horizontaal 50x32mm<\/title>\n<meta name=\"description\" content=\"Sleutelplaat Been Zwart horizontaal 50x32mm is een bijzonder sleutelplaat gemaakt van been. De sleutelplaat is horizontaal gericht en is ovaal van vorm.\" \/>\n<meta name=\"robots\" content=\"index, follow, max-snippet:-1, max-image-preview:large, max-video-preview:-1\" \/>\n<link rel=\"canonical\" href=\"https:\/\/partsandpieces.nl\/de\/produkt\/schlusselplattenbein-schwarz-horizontal-50x32mm\/\" \/>\n<meta property=\"og:locale\" content=\"de_DE\" \/>\n<meta property=\"og:type\" content=\"article\" \/>\n<meta property=\"og:title\" content=\"Sleutelplaat Been Zwart horizontaal 50x32mm\" \/>\n<meta property=\"og:description\" content=\"Sleutelplaat Been Zwart horizontaal 50x32mm is een bijzonder sleutelplaat gemaakt van been. De sleutelplaat is horizontaal gericht en is ovaal van vorm.\" \/>\n<meta property=\"og:url\" content=\"https:\/\/partsandpieces.nl\/de\/produkt\/schlusselplattenbein-schwarz-horizontal-50x32mm\/\" \/>\n<meta property=\"og:site_name\" content=\"Parts &amp; Pieces\" \/>\n<meta property=\"article:modified_time\" content=\"2026-02-23T10:32:28+00:00\" \/>\n<meta property=\"og:image\" content=\"https:\/\/partsandpieces.nl\/wp-content\/uploads\/2020\/07\/Sleutelplaat-Been-Zwart-horizontaal-50x32mm.jpg\" \/>\n\t<meta property=\"og:image:width\" content=\"350\" \/>\n\t<meta property=\"og:image:height\" content=\"350\" \/>\n\t<meta property=\"og:image:type\" content=\"image\/jpeg\" \/>\n<meta name=\"twitter:card\" content=\"summary_large_image\" \/>\n<meta name=\"twitter:label1\" content=\"Gesch\u00e4tzte Lesezeit\" \/>\n\t<meta name=\"twitter:data1\" content=\"1\u00a0Minute\" \/>\n<script type=\"application\/ld+json\" class=\"yoast-schema-graph\">{\"@context\":\"https:\\\/\\\/schema.org\",\"@graph\":[{\"@type\":\"WebPage\",\"@id\":\"https:\\\/\\\/partsandpieces.nl\\\/product\\\/sleutelplaat-been-zwart-horizontaal-50x32mm\\\/\",\"url\":\"https:\\\/\\\/partsandpieces.nl\\\/product\\\/sleutelplaat-been-zwart-horizontaal-50x32mm\\\/\",\"name\":\"Sleutelplaat Been Zwart horizontaal 50x32mm\",\"isPartOf\":{\"@id\":\"https:\\\/\\\/partsandpieces.nl\\\/#website\"},\"primaryImageOfPage\":{\"@id\":\"https:\\\/\\\/partsandpieces.nl\\\/product\\\/sleutelplaat-been-zwart-horizontaal-50x32mm\\\/#primaryimage\"},\"image\":{\"@id\":\"https:\\\/\\\/partsandpieces.nl\\\/product\\\/sleutelplaat-been-zwart-horizontaal-50x32mm\\\/#primaryimage\"},\"thumbnailUrl\":\"https:\\\/\\\/partsandpieces.nl\\\/wp-content\\\/uploads\\\/2020\\\/07\\\/Sleutelplaat-Been-Zwart-horizontaal-50x32mm.jpg\",\"datePublished\":\"2020-07-10T11:38:19+00:00\",\"dateModified\":\"2026-02-23T10:32:28+00:00\",\"description\":\"Sleutelplaat Been Zwart horizontaal 50x32mm is een bijzonder sleutelplaat gemaakt van been. De sleutelplaat is horizontaal gericht en is ovaal van vorm.\",\"breadcrumb\":{\"@id\":\"https:\\\/\\\/partsandpieces.nl\\\/product\\\/sleutelplaat-been-zwart-horizontaal-50x32mm\\\/#breadcrumb\"},\"inLanguage\":\"de\",\"potentialAction\":[{\"@type\":\"ReadAction\",\"target\":[\"https:\\\/\\\/partsandpieces.nl\\\/product\\\/sleutelplaat-been-zwart-horizontaal-50x32mm\\\/\"]}]},{\"@type\":\"ImageObject\",\"inLanguage\":\"de\",\"@id\":\"https:\\\/\\\/partsandpieces.nl\\\/product\\\/sleutelplaat-been-zwart-horizontaal-50x32mm\\\/#primaryimage\",\"url\":\"https:\\\/\\\/partsandpieces.nl\\\/wp-content\\\/uploads\\\/2020\\\/07\\\/Sleutelplaat-Been-Zwart-horizontaal-50x32mm.jpg\",\"contentUrl\":\"https:\\\/\\\/partsandpieces.nl\\\/wp-content\\\/uploads\\\/2020\\\/07\\\/Sleutelplaat-Been-Zwart-horizontaal-50x32mm.jpg\",\"width\":350,\"height\":350,\"caption\":\"Sleutelplaat Been Zwart horizontaal 50x32mm\"},{\"@type\":\"BreadcrumbList\",\"@id\":\"https:\\\/\\\/partsandpieces.nl\\\/product\\\/sleutelplaat-been-zwart-horizontaal-50x32mm\\\/#breadcrumb\",\"itemListElement\":[{\"@type\":\"ListItem\",\"position\":1,\"name\":\"Home\",\"item\":\"https:\\\/\\\/partsandpieces.nl\\\/home\\\/\"},{\"@type\":\"ListItem\",\"position\":2,\"name\":\"Winkel\",\"item\":\"https:\\\/\\\/partsandpieces.nl\\\/winkel\\\/\"},{\"@type\":\"ListItem\",\"position\":3,\"name\":\"Sleutelplaat Been Zwart horizontaal 50x32mm\"}]},{\"@type\":\"WebSite\",\"@id\":\"https:\\\/\\\/partsandpieces.nl\\\/#website\",\"url\":\"https:\\\/\\\/partsandpieces.nl\\\/\",\"name\":\"Parts &amp; Pieces\",\"description\":\"Alles voor uw meubelrestauratie en -onderhoud!\",\"potentialAction\":[{\"@type\":\"SearchAction\",\"target\":{\"@type\":\"EntryPoint\",\"urlTemplate\":\"https:\\\/\\\/partsandpieces.nl\\\/?s={search_term_string}\"},\"query-input\":{\"@type\":\"PropertyValueSpecification\",\"valueRequired\":true,\"valueName\":\"search_term_string\"}}],\"inLanguage\":\"de\"}]}<\/script>\n<!-- \/ Yoast SEO plugin. -->","yoast_head_json":{"title":"Schl\u00fcsselplatte Bein Schwarz horizontal 50x32mm","description":"Schl\u00fcsselplatte Bein Schwarz horizontal 50x32mm ist eine spezielle Schl\u00fcsselplatte aus Knochen. Die Schl\u00fcsselplatte ist horizontal ausgerichtet und hat eine ovale Form.","robots":{"index":"index","follow":"follow","max-snippet":"max-snippet:-1","max-image-preview":"max-image-preview:large","max-video-preview":"max-video-preview:-1"},"canonical":"https:\/\/partsandpieces.nl\/de\/produkt\/schlusselplattenbein-schwarz-horizontal-50x32mm\/","og_locale":"de_DE","og_type":"article","og_title":"Sleutelplaat Been Zwart horizontaal 50x32mm","og_description":"Sleutelplaat Been Zwart horizontaal 50x32mm is een bijzonder sleutelplaat gemaakt van been. De sleutelplaat is horizontaal gericht en is ovaal van vorm.","og_url":"https:\/\/partsandpieces.nl\/de\/produkt\/schlusselplattenbein-schwarz-horizontal-50x32mm\/","og_site_name":"Parts &amp; Pieces","article_modified_time":"2026-02-23T10:32:28+00:00","og_image":[{"width":350,"height":350,"url":"https:\/\/partsandpieces.nl\/wp-content\/uploads\/2020\/07\/Sleutelplaat-Been-Zwart-horizontaal-50x32mm.jpg","type":"image\/jpeg"}],"twitter_card":"summary_large_image","twitter_misc":{"Gesch\u00e4tzte Lesezeit":"1\u00a0Minute"},"schema":{"@context":"https:\/\/schema.org","@graph":[{"@type":"WebPage","@id":"https:\/\/partsandpieces.nl\/product\/sleutelplaat-been-zwart-horizontaal-50x32mm\/","url":"https:\/\/partsandpieces.nl\/product\/sleutelplaat-been-zwart-horizontaal-50x32mm\/","name":"Schl\u00fcsselplatte Bein Schwarz horizontal 50x32mm","isPartOf":{"@id":"https:\/\/partsandpieces.nl\/#website"},"primaryImageOfPage":{"@id":"https:\/\/partsandpieces.nl\/product\/sleutelplaat-been-zwart-horizontaal-50x32mm\/#primaryimage"},"image":{"@id":"https:\/\/partsandpieces.nl\/product\/sleutelplaat-been-zwart-horizontaal-50x32mm\/#primaryimage"},"thumbnailUrl":"https:\/\/partsandpieces.nl\/wp-content\/uploads\/2020\/07\/Sleutelplaat-Been-Zwart-horizontaal-50x32mm.jpg","datePublished":"2020-07-10T11:38:19+00:00","dateModified":"2026-02-23T10:32:28+00:00","description":"Schl\u00fcsselplatte Bein Schwarz horizontal 50x32mm ist eine spezielle Schl\u00fcsselplatte aus Knochen. Die Schl\u00fcsselplatte ist horizontal ausgerichtet und hat eine ovale Form.","breadcrumb":{"@id":"https:\/\/partsandpieces.nl\/product\/sleutelplaat-been-zwart-horizontaal-50x32mm\/#breadcrumb"},"inLanguage":"de","potentialAction":[{"@type":"ReadAction","target":["https:\/\/partsandpieces.nl\/product\/sleutelplaat-been-zwart-horizontaal-50x32mm\/"]}]},{"@type":"ImageObject","inLanguage":"de","@id":"https:\/\/partsandpieces.nl\/product\/sleutelplaat-been-zwart-horizontaal-50x32mm\/#primaryimage","url":"https:\/\/partsandpieces.nl\/wp-content\/uploads\/2020\/07\/Sleutelplaat-Been-Zwart-horizontaal-50x32mm.jpg","contentUrl":"https:\/\/partsandpieces.nl\/wp-content\/uploads\/2020\/07\/Sleutelplaat-Been-Zwart-horizontaal-50x32mm.jpg","width":350,"height":350,"caption":"Sleutelplaat Been Zwart horizontaal 50x32mm"},{"@type":"BreadcrumbList","@id":"https:\/\/partsandpieces.nl\/product\/sleutelplaat-been-zwart-horizontaal-50x32mm\/#breadcrumb","itemListElement":[{"@type":"ListItem","position":1,"name":"Home","item":"https:\/\/partsandpieces.nl\/home\/"},{"@type":"ListItem","position":2,"name":"Winkel","item":"https:\/\/partsandpieces.nl\/winkel\/"},{"@type":"ListItem","position":3,"name":"Sleutelplaat Been Zwart horizontaal 50x32mm"}]},{"@type":"WebSite","@id":"https:\/\/partsandpieces.nl\/#website","url":"https:\/\/partsandpieces.nl\/","name":"Teile &amp; St\u00fccke","description":"Alles f\u00fcr Ihre M\u00f6belrestaurierung und -pflege!","potentialAction":[{"@type":"SearchAction","target":{"@type":"EntryPoint","urlTemplate":"https:\/\/partsandpieces.nl\/?s={search_term_string}"},"query-input":{"@type":"PropertyValueSpecification","valueRequired":true,"valueName":"search_term_string"}}],"inLanguage":"de"}]}},"_links":{"self":[{"href":"https:\/\/partsandpieces.nl\/de\/wp-json\/wp\/v2\/product\/228","targetHints":{"allow":["GET"]}}],"collection":[{"href":"https:\/\/partsandpieces.nl\/de\/wp-json\/wp\/v2\/product"}],"about":[{"href":"https:\/\/partsandpieces.nl\/de\/wp-json\/wp\/v2\/types\/product"}],"wp:featuredmedia":[{"embeddable":true,"href":"https:\/\/partsandpieces.nl\/de\/wp-json\/wp\/v2\/media\/7553"}],"wp:attachment":[{"href":"https:\/\/partsandpieces.nl\/de\/wp-json\/wp\/v2\/media?parent=228"}],"wp:term":[{"taxonomy":"product_brand","embeddable":true,"href":"https:\/\/partsandpieces.nl\/de\/wp-json\/wp\/v2\/product_brand?post=228"},{"taxonomy":"product_cat","embeddable":true,"href":"https:\/\/partsandpieces.nl\/de\/wp-json\/wp\/v2\/product_cat?post=228"},{"taxonomy":"product_tag","embeddable":true,"href":"https:\/\/partsandpieces.nl\/de\/wp-json\/wp\/v2\/product_tag?post=228"}],"curies":[{"name":"wp","href":"https:\/\/api.w.org\/{rel}","templated":true}]}}