{"id":2289,"date":"2020-09-20T11:54:10","date_gmt":"2020-09-20T11:54:10","guid":{"rendered":"https:\/\/partsandpieces.bonsaidev.nl\/?product=laminaat-reviver-onderhoud-1-lit"},"modified":"2026-04-05T10:59:23","modified_gmt":"2026-04-05T08:59:23","slug":"bormawachs-laminat-war-1-liter","status":"publish","type":"product","link":"https:\/\/partsandpieces.nl\/de\/product\/borma-wachs-laminaat-was-1-liter\/","title":{"rendered":"Borma Wachs Laminat war 1 Liter"},"content":{"rendered":"<p><strong>Laminat waschen<\/strong> von <a href=\"http:\/\/www.bormawachs.com\">Borma Wachs<\/a> ist eine Politur auf Wachsbasis, die sich besonders eignet, um Laminat neues Leben einzuhauchen. F\u00fcr den t\u00e4glichen Gebrauch gegen Verschlei\u00df des Laminatbodens. Das Wachs im Produkt kaschiert kleine Kratzer und Unebenheiten im Laminatboden. Laminatwachs ist wasserl\u00f6slich, formaldehydfrei und geruchlos.<\/p>\n<p><strong>Anweisungen<\/strong><br \/>\n\u2013 Tragen Sie die Laminatwachspolitur auf eine saubere und trockene Oberfl\u00e4che auf<br \/>\n\u2013 Produkt mit einem fusselfreien Tuch gleichm\u00e4\u00dfig verteilen<br \/>\n\u2013 15-30 Minuten einwirken lassen und trocknen lassen. Auf Ihrem Laminatboden entsteht ein starker und transparenter Film<br \/>\n\u2013 Wiederholen Sie die Behandlung, wenn der Boden stumpf wird und\/oder Abnutzungserscheinungen zeigt.<\/p>","protected":false},"excerpt":{"rendered":"<p>Laminaat was van Borma Wachs is een glansmiddel op wasbasis dat speciaal geschikt is om laminaat nieuw leven in te blazen. Bedoeld voor dagelijks gebruik tegen slijtage van de laminaat vloer. Door de was in het product maskeert het kleine krasjes en oneffenheden in de laminaat vloer. Laminaat was is in water oplosbaar, formaldehydevrij en [&hellip;]<\/p>\n","protected":false},"featured_media":2290,"template":"","meta":{"_acf_changed":false},"product_brand":[],"product_cat":[64,85],"product_tag":[],"class_list":{"0":"post-2289","1":"product","2":"type-product","3":"status-publish","4":"has-post-thumbnail","6":"product_cat-oppervlakte-behandeling-borma-wachs","7":"product_cat-vloerwas-duurzame-bescherming","9":"first","10":"instock","11":"taxable","12":"shipping-taxable","13":"purchasable","14":"product-type-simple"},"acf":[],"yoast_head":"<!-- This site is optimized with the Yoast SEO plugin v27.3 - https:\/\/yoast.com\/product\/yoast-seo-wordpress\/ -->\n<title>Laminaat was glansmiddel 1 liter van Borma Wachs<\/title>\n<meta name=\"description\" content=\"Laminaat was glansmiddel van Borma Wachs is speciaal geschikt om laminaat op te frissen. Geeft nieuwe glans en maskeert lichte krasjes.\" \/>\n<meta name=\"robots\" content=\"index, follow, max-snippet:-1, max-image-preview:large, max-video-preview:-1\" \/>\n<link rel=\"canonical\" href=\"https:\/\/partsandpieces.nl\/de\/produkt\/bormawachs-laminat-war-1-liter\/\" \/>\n<meta property=\"og:locale\" content=\"de_DE\" \/>\n<meta property=\"og:type\" content=\"article\" \/>\n<meta property=\"og:title\" content=\"Laminaat was glansmiddel 1 liter van Borma Wachs\" \/>\n<meta property=\"og:description\" content=\"Laminaat was glansmiddel van Borma Wachs is speciaal geschikt om laminaat op te frissen. Geeft nieuwe glans en maskeert lichte krasjes.\" \/>\n<meta property=\"og:url\" content=\"https:\/\/partsandpieces.nl\/de\/produkt\/bormawachs-laminat-war-1-liter\/\" \/>\n<meta property=\"og:site_name\" content=\"Parts &amp; Pieces\" \/>\n<meta property=\"article:modified_time\" content=\"2026-04-05T08:59:23+00:00\" \/>\n<meta property=\"og:image\" content=\"https:\/\/partsandpieces.nl\/wp-content\/uploads\/2022\/09\/Laminaatreviveronderhoud1lit..jpg\" \/>\n\t<meta property=\"og:image:width\" content=\"600\" \/>\n\t<meta property=\"og:image:height\" content=\"600\" \/>\n\t<meta property=\"og:image:type\" content=\"image\/jpeg\" \/>\n<meta name=\"twitter:card\" content=\"summary_large_image\" \/>\n<meta name=\"twitter:label1\" content=\"Gesch\u00e4tzte Lesezeit\" \/>\n\t<meta name=\"twitter:data1\" content=\"1\u00a0Minute\" \/>\n<script type=\"application\/ld+json\" class=\"yoast-schema-graph\">{\"@context\":\"https:\\\/\\\/schema.org\",\"@graph\":[{\"@type\":\"WebPage\",\"@id\":\"https:\\\/\\\/partsandpieces.nl\\\/product\\\/borma-wachs-laminaat-was-1-liter\\\/\",\"url\":\"https:\\\/\\\/partsandpieces.nl\\\/product\\\/borma-wachs-laminaat-was-1-liter\\\/\",\"name\":\"Laminaat was glansmiddel 1 liter van Borma Wachs\",\"isPartOf\":{\"@id\":\"https:\\\/\\\/partsandpieces.nl\\\/#website\"},\"primaryImageOfPage\":{\"@id\":\"https:\\\/\\\/partsandpieces.nl\\\/product\\\/borma-wachs-laminaat-was-1-liter\\\/#primaryimage\"},\"image\":{\"@id\":\"https:\\\/\\\/partsandpieces.nl\\\/product\\\/borma-wachs-laminaat-was-1-liter\\\/#primaryimage\"},\"thumbnailUrl\":\"https:\\\/\\\/partsandpieces.nl\\\/wp-content\\\/uploads\\\/2022\\\/09\\\/Laminaatreviveronderhoud1lit..jpg\",\"datePublished\":\"2020-09-20T11:54:10+00:00\",\"dateModified\":\"2026-04-05T08:59:23+00:00\",\"description\":\"Laminaat was glansmiddel van Borma Wachs is speciaal geschikt om laminaat op te frissen. Geeft nieuwe glans en maskeert lichte krasjes.\",\"breadcrumb\":{\"@id\":\"https:\\\/\\\/partsandpieces.nl\\\/product\\\/borma-wachs-laminaat-was-1-liter\\\/#breadcrumb\"},\"inLanguage\":\"de\",\"potentialAction\":[{\"@type\":\"ReadAction\",\"target\":[\"https:\\\/\\\/partsandpieces.nl\\\/product\\\/borma-wachs-laminaat-was-1-liter\\\/\"]}]},{\"@type\":\"ImageObject\",\"inLanguage\":\"de\",\"@id\":\"https:\\\/\\\/partsandpieces.nl\\\/product\\\/borma-wachs-laminaat-was-1-liter\\\/#primaryimage\",\"url\":\"https:\\\/\\\/partsandpieces.nl\\\/wp-content\\\/uploads\\\/2022\\\/09\\\/Laminaatreviveronderhoud1lit..jpg\",\"contentUrl\":\"https:\\\/\\\/partsandpieces.nl\\\/wp-content\\\/uploads\\\/2022\\\/09\\\/Laminaatreviveronderhoud1lit..jpg\",\"width\":600,\"height\":600},{\"@type\":\"BreadcrumbList\",\"@id\":\"https:\\\/\\\/partsandpieces.nl\\\/product\\\/borma-wachs-laminaat-was-1-liter\\\/#breadcrumb\",\"itemListElement\":[{\"@type\":\"ListItem\",\"position\":1,\"name\":\"Home\",\"item\":\"https:\\\/\\\/partsandpieces.nl\\\/home\\\/\"},{\"@type\":\"ListItem\",\"position\":2,\"name\":\"Winkel\",\"item\":\"https:\\\/\\\/partsandpieces.nl\\\/winkel\\\/\"},{\"@type\":\"ListItem\",\"position\":3,\"name\":\"Borma Wachs Laminaat was 1 liter\"}]},{\"@type\":\"WebSite\",\"@id\":\"https:\\\/\\\/partsandpieces.nl\\\/#website\",\"url\":\"https:\\\/\\\/partsandpieces.nl\\\/\",\"name\":\"Parts &amp; Pieces\",\"description\":\"Alles voor uw meubelrestauratie en -onderhoud!\",\"potentialAction\":[{\"@type\":\"SearchAction\",\"target\":{\"@type\":\"EntryPoint\",\"urlTemplate\":\"https:\\\/\\\/partsandpieces.nl\\\/?s={search_term_string}\"},\"query-input\":{\"@type\":\"PropertyValueSpecification\",\"valueRequired\":true,\"valueName\":\"search_term_string\"}}],\"inLanguage\":\"de\"}]}<\/script>\n<!-- \/ Yoast SEO plugin. -->","yoast_head_json":{"title":"Laminatwaschpolitur 1 Liter Borma Wachs","description":"Laminatwachspolitur von Borma Wachs eignet sich besonders zum Auffrischen von Laminat. Verleiht neuen Glanz und kaschiert leichte Kratzer.","robots":{"index":"index","follow":"follow","max-snippet":"max-snippet:-1","max-image-preview":"max-image-preview:large","max-video-preview":"max-video-preview:-1"},"canonical":"https:\/\/partsandpieces.nl\/de\/produkt\/bormawachs-laminat-war-1-liter\/","og_locale":"de_DE","og_type":"article","og_title":"Laminaat was glansmiddel 1 liter van Borma Wachs","og_description":"Laminaat was glansmiddel van Borma Wachs is speciaal geschikt om laminaat op te frissen. Geeft nieuwe glans en maskeert lichte krasjes.","og_url":"https:\/\/partsandpieces.nl\/de\/produkt\/bormawachs-laminat-war-1-liter\/","og_site_name":"Parts &amp; Pieces","article_modified_time":"2026-04-05T08:59:23+00:00","og_image":[{"width":600,"height":600,"url":"https:\/\/partsandpieces.nl\/wp-content\/uploads\/2022\/09\/Laminaatreviveronderhoud1lit..jpg","type":"image\/jpeg"}],"twitter_card":"summary_large_image","twitter_misc":{"Gesch\u00e4tzte Lesezeit":"1\u00a0Minute"},"schema":{"@context":"https:\/\/schema.org","@graph":[{"@type":"WebPage","@id":"https:\/\/partsandpieces.nl\/product\/borma-wachs-laminaat-was-1-liter\/","url":"https:\/\/partsandpieces.nl\/product\/borma-wachs-laminaat-was-1-liter\/","name":"Laminatwaschpolitur 1 Liter Borma Wachs","isPartOf":{"@id":"https:\/\/partsandpieces.nl\/#website"},"primaryImageOfPage":{"@id":"https:\/\/partsandpieces.nl\/product\/borma-wachs-laminaat-was-1-liter\/#primaryimage"},"image":{"@id":"https:\/\/partsandpieces.nl\/product\/borma-wachs-laminaat-was-1-liter\/#primaryimage"},"thumbnailUrl":"https:\/\/partsandpieces.nl\/wp-content\/uploads\/2022\/09\/Laminaatreviveronderhoud1lit..jpg","datePublished":"2020-09-20T11:54:10+00:00","dateModified":"2026-04-05T08:59:23+00:00","description":"Laminatwachspolitur von Borma Wachs eignet sich besonders zum Auffrischen von Laminat. Verleiht neuen Glanz und kaschiert leichte Kratzer.","breadcrumb":{"@id":"https:\/\/partsandpieces.nl\/product\/borma-wachs-laminaat-was-1-liter\/#breadcrumb"},"inLanguage":"de","potentialAction":[{"@type":"ReadAction","target":["https:\/\/partsandpieces.nl\/product\/borma-wachs-laminaat-was-1-liter\/"]}]},{"@type":"ImageObject","inLanguage":"de","@id":"https:\/\/partsandpieces.nl\/product\/borma-wachs-laminaat-was-1-liter\/#primaryimage","url":"https:\/\/partsandpieces.nl\/wp-content\/uploads\/2022\/09\/Laminaatreviveronderhoud1lit..jpg","contentUrl":"https:\/\/partsandpieces.nl\/wp-content\/uploads\/2022\/09\/Laminaatreviveronderhoud1lit..jpg","width":600,"height":600},{"@type":"BreadcrumbList","@id":"https:\/\/partsandpieces.nl\/product\/borma-wachs-laminaat-was-1-liter\/#breadcrumb","itemListElement":[{"@type":"ListItem","position":1,"name":"Home","item":"https:\/\/partsandpieces.nl\/home\/"},{"@type":"ListItem","position":2,"name":"Winkel","item":"https:\/\/partsandpieces.nl\/winkel\/"},{"@type":"ListItem","position":3,"name":"Borma Wachs Laminaat was 1 liter"}]},{"@type":"WebSite","@id":"https:\/\/partsandpieces.nl\/#website","url":"https:\/\/partsandpieces.nl\/","name":"Teile &amp; St\u00fccke","description":"Alles f\u00fcr Ihre M\u00f6belrestaurierung und -pflege!","potentialAction":[{"@type":"SearchAction","target":{"@type":"EntryPoint","urlTemplate":"https:\/\/partsandpieces.nl\/?s={search_term_string}"},"query-input":{"@type":"PropertyValueSpecification","valueRequired":true,"valueName":"search_term_string"}}],"inLanguage":"de"}]}},"_links":{"self":[{"href":"https:\/\/partsandpieces.nl\/de\/wp-json\/wp\/v2\/product\/2289","targetHints":{"allow":["GET"]}}],"collection":[{"href":"https:\/\/partsandpieces.nl\/de\/wp-json\/wp\/v2\/product"}],"about":[{"href":"https:\/\/partsandpieces.nl\/de\/wp-json\/wp\/v2\/types\/product"}],"wp:featuredmedia":[{"embeddable":true,"href":"https:\/\/partsandpieces.nl\/de\/wp-json\/wp\/v2\/media\/2290"}],"wp:attachment":[{"href":"https:\/\/partsandpieces.nl\/de\/wp-json\/wp\/v2\/media?parent=2289"}],"wp:term":[{"taxonomy":"product_brand","embeddable":true,"href":"https:\/\/partsandpieces.nl\/de\/wp-json\/wp\/v2\/product_brand?post=2289"},{"taxonomy":"product_cat","embeddable":true,"href":"https:\/\/partsandpieces.nl\/de\/wp-json\/wp\/v2\/product_cat?post=2289"},{"taxonomy":"product_tag","embeddable":true,"href":"https:\/\/partsandpieces.nl\/de\/wp-json\/wp\/v2\/product_tag?post=2289"}],"curies":[{"name":"wp","href":"https:\/\/api.w.org\/{rel}","templated":true}]}}