{"id":2293,"date":"2020-09-20T11:59:26","date_gmt":"2020-09-20T11:59:26","guid":{"rendered":"https:\/\/partsandpieces.bonsaidev.nl\/?product=parketwas-parwachs-vloeibaar-v-vloeren-5lit-blank"},"modified":"2026-04-07T09:15:35","modified_gmt":"2026-04-07T07:15:35","slug":"borma-wachs-parkettwachs-flussiges-wachs-auf-wasserbasis-fur-boden-tiefmatt-farblos","status":"publish","type":"product","link":"https:\/\/partsandpieces.nl\/de\/product\/borma-wachs-parketwas-vloeibare-was-op-waterbasis-voor-vloeren-diep-mat-kleurloos\/","title":{"rendered":"Borma Wachs Parkettwachs fl\u00fcssiges Wachs auf Wasserbasis Tiefmatt (10 GU) farblos"},"content":{"rendered":"<p><strong>Borma Wachs Parkettwachs fl\u00fcssiges Wachs auf Wasserbasis Tiefmatt (10 GU) farblos<\/strong> von <a href=\"https:\/\/bormawachs.com\/dettaglio_new.php?idprod=0490-XX&amp;cat1=4&amp;lang=2\">Borma Wachs<\/a> ist eine l\u00f6sungsmittelfreie Wachsemulsion zum Schutz und zur Erneuerung von durch Abnutzung besch\u00e4digtem Parkett. Die Zusammensetzung aus nat\u00fcrlichen Wachsen mit Tensiden sorgt f\u00fcr einen angenehmen Glanz und Schutz vor h\u00e4ufiger Nutzung des Bodens. Dieses Wachs ist v\u00f6llig geruchs- und farblos und macht Ihren Boden langlebig.<br \/>\nIdeal zum Schutz ge\u00f6lter und lackierter Parkettb\u00f6den. Sie k\u00f6nnen das Wachs pur als Parkettwachs und verd\u00fcnnt als Pflegemittel verwenden.<\/p>\n<p>Dieses Borma Wachs Parkettwachs f\u00fcr B\u00f6den hat einen tiefen Matteffekt (null Glanz, 0-10 GU)<\/p>\n<p>Gesch\u00e4tzter Verbrauch: 60\u201370 m\u00b2\/Liter<\/p>\n<p><strong>Anweisungen<\/strong><br \/>\n\u2013 Gleichm\u00e4\u00dfig auftragen und \u00dcberlappungen vermeiden.<br \/>\n\u2013 Eventuelle R\u00fcckst\u00e4nde absp\u00fclen und das Wachs mit einem Tuch gleichm\u00e4\u00dfig auf der gesamten Oberfl\u00e4che trocknen.<br \/>\n\u2013 1-2 Stunden trocknen lassen.<br \/>\n\u2013 Das Produkt erzeugt einen tiefmatten Film, der resistent gegen Reinigungsmittel und Fingerabdr\u00fccke ist. Wiederholen Sie den Vorgang bei Bedarf.<\/p>","protected":false},"excerpt":{"rendered":"<p>Borma Wachs Parketwas vloeibare was op waterbasis Diep mat (10 GU) kleurloos van Borma Wachs is een oplosmiddelvrije wasemulsie voor bescherming en vernieuwing van door slijtage beschadigd parket. De samenstelling van natuurlijke wassen met oppervlakte-actieve stoffen zorgt voor een aangename glans en bescherming tegen veelvuldig gebruik van de vloer. Deze was is volledig geur- en [&hellip;]<\/p>\n","protected":false},"featured_media":6464,"template":"","meta":{"_acf_changed":false},"product_brand":[],"product_cat":[64,159,85],"product_tag":[],"class_list":{"0":"post-2293","1":"product","2":"type-product","3":"status-publish","4":"has-post-thumbnail","6":"product_cat-oppervlakte-behandeling-borma-wachs","7":"product_cat-parketwas-vloeibare-was-op-waterbasis","8":"product_cat-vloerwas-duurzame-bescherming","10":"first","11":"instock","12":"taxable","13":"shipping-taxable","14":"purchasable","15":"product-type-variable","16":"has-default-attributes"},"acf":[],"yoast_head":"<!-- This site is optimized with the Yoast SEO plugin v27.3 - https:\/\/yoast.com\/product\/yoast-seo-wordpress\/ -->\n<title>Borma Wachs Parketwas vloer<\/title>\n<meta name=\"description\" content=\"Borma Wachs Parketwas vloeibare was op waterbasis Diep mat (10 GU) kleurloos van Borma Wachs is een wasemulsie voor beschadigd parket.\" \/>\n<meta name=\"robots\" content=\"index, follow, max-snippet:-1, max-image-preview:large, max-video-preview:-1\" \/>\n<link rel=\"canonical\" href=\"https:\/\/partsandpieces.nl\/de\/produkt\/borma-wachs-parkettwachs-flussiges-wachs-auf-wasserbasis-fur-boden-tiefmatt-farblos\/\" \/>\n<meta property=\"og:locale\" content=\"de_DE\" \/>\n<meta property=\"og:type\" content=\"article\" \/>\n<meta property=\"og:title\" content=\"Borma Wachs Parketwas vloer\" \/>\n<meta property=\"og:description\" content=\"Borma Wachs Parketwas vloeibare was op waterbasis Diep mat (10 GU) kleurloos van Borma Wachs is een wasemulsie voor beschadigd parket.\" \/>\n<meta property=\"og:url\" content=\"https:\/\/partsandpieces.nl\/de\/produkt\/borma-wachs-parkettwachs-flussiges-wachs-auf-wasserbasis-fur-boden-tiefmatt-farblos\/\" \/>\n<meta property=\"og:site_name\" content=\"Parts &amp; Pieces\" \/>\n<meta property=\"article:modified_time\" content=\"2026-04-07T07:15:35+00:00\" \/>\n<meta property=\"og:image\" content=\"https:\/\/partsandpieces.nl\/wp-content\/uploads\/2020\/09\/Borma-Wachs-Parketwas-vloeibare-was-op-waterbasis-voor-vloeren-diep-mat-kleurloos-5-liter.jpg\" \/>\n\t<meta property=\"og:image:width\" content=\"800\" \/>\n\t<meta property=\"og:image:height\" content=\"800\" \/>\n\t<meta property=\"og:image:type\" content=\"image\/jpeg\" \/>\n<meta name=\"twitter:card\" content=\"summary_large_image\" \/>\n<meta name=\"twitter:label1\" content=\"Gesch\u00e4tzte Lesezeit\" \/>\n\t<meta name=\"twitter:data1\" content=\"1\u00a0Minute\" \/>\n<script type=\"application\/ld+json\" class=\"yoast-schema-graph\">{\"@context\":\"https:\\\/\\\/schema.org\",\"@graph\":[{\"@type\":\"WebPage\",\"@id\":\"https:\\\/\\\/partsandpieces.nl\\\/product\\\/borma-wachs-parketwas-vloeibare-was-op-waterbasis-voor-vloeren-diep-mat-kleurloos\\\/\",\"url\":\"https:\\\/\\\/partsandpieces.nl\\\/product\\\/borma-wachs-parketwas-vloeibare-was-op-waterbasis-voor-vloeren-diep-mat-kleurloos\\\/\",\"name\":\"Borma Wachs Parketwas vloer\",\"isPartOf\":{\"@id\":\"https:\\\/\\\/partsandpieces.nl\\\/#website\"},\"primaryImageOfPage\":{\"@id\":\"https:\\\/\\\/partsandpieces.nl\\\/product\\\/borma-wachs-parketwas-vloeibare-was-op-waterbasis-voor-vloeren-diep-mat-kleurloos\\\/#primaryimage\"},\"image\":{\"@id\":\"https:\\\/\\\/partsandpieces.nl\\\/product\\\/borma-wachs-parketwas-vloeibare-was-op-waterbasis-voor-vloeren-diep-mat-kleurloos\\\/#primaryimage\"},\"thumbnailUrl\":\"https:\\\/\\\/partsandpieces.nl\\\/wp-content\\\/uploads\\\/2020\\\/09\\\/Borma-Wachs-Parketwas-vloeibare-was-op-waterbasis-voor-vloeren-diep-mat-kleurloos-5-liter.jpg\",\"datePublished\":\"2020-09-20T11:59:26+00:00\",\"dateModified\":\"2026-04-07T07:15:35+00:00\",\"description\":\"Borma Wachs Parketwas vloeibare was op waterbasis Diep mat (10 GU) kleurloos van Borma Wachs is een wasemulsie voor beschadigd parket.\",\"breadcrumb\":{\"@id\":\"https:\\\/\\\/partsandpieces.nl\\\/product\\\/borma-wachs-parketwas-vloeibare-was-op-waterbasis-voor-vloeren-diep-mat-kleurloos\\\/#breadcrumb\"},\"inLanguage\":\"de\",\"potentialAction\":[{\"@type\":\"ReadAction\",\"target\":[\"https:\\\/\\\/partsandpieces.nl\\\/product\\\/borma-wachs-parketwas-vloeibare-was-op-waterbasis-voor-vloeren-diep-mat-kleurloos\\\/\"]}]},{\"@type\":\"ImageObject\",\"inLanguage\":\"de\",\"@id\":\"https:\\\/\\\/partsandpieces.nl\\\/product\\\/borma-wachs-parketwas-vloeibare-was-op-waterbasis-voor-vloeren-diep-mat-kleurloos\\\/#primaryimage\",\"url\":\"https:\\\/\\\/partsandpieces.nl\\\/wp-content\\\/uploads\\\/2020\\\/09\\\/Borma-Wachs-Parketwas-vloeibare-was-op-waterbasis-voor-vloeren-diep-mat-kleurloos-5-liter.jpg\",\"contentUrl\":\"https:\\\/\\\/partsandpieces.nl\\\/wp-content\\\/uploads\\\/2020\\\/09\\\/Borma-Wachs-Parketwas-vloeibare-was-op-waterbasis-voor-vloeren-diep-mat-kleurloos-5-liter.jpg\",\"width\":800,\"height\":800,\"caption\":\"Borma Wachs Parketwas vloeibare was op waterbasis voor vloeren diep mat (kleurloos) 5 liter\"},{\"@type\":\"BreadcrumbList\",\"@id\":\"https:\\\/\\\/partsandpieces.nl\\\/product\\\/borma-wachs-parketwas-vloeibare-was-op-waterbasis-voor-vloeren-diep-mat-kleurloos\\\/#breadcrumb\",\"itemListElement\":[{\"@type\":\"ListItem\",\"position\":1,\"name\":\"Home\",\"item\":\"https:\\\/\\\/partsandpieces.nl\\\/home\\\/\"},{\"@type\":\"ListItem\",\"position\":2,\"name\":\"Winkel\",\"item\":\"https:\\\/\\\/partsandpieces.nl\\\/winkel\\\/\"},{\"@type\":\"ListItem\",\"position\":3,\"name\":\"Borma Wachs Parketwas vloeibare was op waterbasis Diep mat (10 GU) kleurloos\"}]},{\"@type\":\"WebSite\",\"@id\":\"https:\\\/\\\/partsandpieces.nl\\\/#website\",\"url\":\"https:\\\/\\\/partsandpieces.nl\\\/\",\"name\":\"Parts &amp; Pieces\",\"description\":\"Alles voor uw meubelrestauratie en -onderhoud!\",\"potentialAction\":[{\"@type\":\"SearchAction\",\"target\":{\"@type\":\"EntryPoint\",\"urlTemplate\":\"https:\\\/\\\/partsandpieces.nl\\\/?s={search_term_string}\"},\"query-input\":{\"@type\":\"PropertyValueSpecification\",\"valueRequired\":true,\"valueName\":\"search_term_string\"}}],\"inLanguage\":\"de\"}]}<\/script>\n<!-- \/ Yoast SEO plugin. -->","yoast_head_json":{"title":"Borma Wachs Parkettwachsboden","description":"Borma Wachs Parkettwachs Fl\u00fcssigwachs auf Wasserbasis Tiefmatt (10 GU) farblos von Borma Wachs ist eine Wachsemulsion f\u00fcr besch\u00e4digtes Parkett.","robots":{"index":"index","follow":"follow","max-snippet":"max-snippet:-1","max-image-preview":"max-image-preview:large","max-video-preview":"max-video-preview:-1"},"canonical":"https:\/\/partsandpieces.nl\/de\/produkt\/borma-wachs-parkettwachs-flussiges-wachs-auf-wasserbasis-fur-boden-tiefmatt-farblos\/","og_locale":"de_DE","og_type":"article","og_title":"Borma Wachs Parketwas vloer","og_description":"Borma Wachs Parketwas vloeibare was op waterbasis Diep mat (10 GU) kleurloos van Borma Wachs is een wasemulsie voor beschadigd parket.","og_url":"https:\/\/partsandpieces.nl\/de\/produkt\/borma-wachs-parkettwachs-flussiges-wachs-auf-wasserbasis-fur-boden-tiefmatt-farblos\/","og_site_name":"Parts &amp; Pieces","article_modified_time":"2026-04-07T07:15:35+00:00","og_image":[{"width":800,"height":800,"url":"https:\/\/partsandpieces.nl\/wp-content\/uploads\/2020\/09\/Borma-Wachs-Parketwas-vloeibare-was-op-waterbasis-voor-vloeren-diep-mat-kleurloos-5-liter.jpg","type":"image\/jpeg"}],"twitter_card":"summary_large_image","twitter_misc":{"Gesch\u00e4tzte Lesezeit":"1\u00a0Minute"},"schema":{"@context":"https:\/\/schema.org","@graph":[{"@type":"WebPage","@id":"https:\/\/partsandpieces.nl\/product\/borma-wachs-parketwas-vloeibare-was-op-waterbasis-voor-vloeren-diep-mat-kleurloos\/","url":"https:\/\/partsandpieces.nl\/product\/borma-wachs-parketwas-vloeibare-was-op-waterbasis-voor-vloeren-diep-mat-kleurloos\/","name":"Borma Wachs Parkettwachsboden","isPartOf":{"@id":"https:\/\/partsandpieces.nl\/#website"},"primaryImageOfPage":{"@id":"https:\/\/partsandpieces.nl\/product\/borma-wachs-parketwas-vloeibare-was-op-waterbasis-voor-vloeren-diep-mat-kleurloos\/#primaryimage"},"image":{"@id":"https:\/\/partsandpieces.nl\/product\/borma-wachs-parketwas-vloeibare-was-op-waterbasis-voor-vloeren-diep-mat-kleurloos\/#primaryimage"},"thumbnailUrl":"https:\/\/partsandpieces.nl\/wp-content\/uploads\/2020\/09\/Borma-Wachs-Parketwas-vloeibare-was-op-waterbasis-voor-vloeren-diep-mat-kleurloos-5-liter.jpg","datePublished":"2020-09-20T11:59:26+00:00","dateModified":"2026-04-07T07:15:35+00:00","description":"Borma Wachs Parkettwachs Fl\u00fcssigwachs auf Wasserbasis Tiefmatt (10 GU) farblos von Borma Wachs ist eine Wachsemulsion f\u00fcr besch\u00e4digtes Parkett.","breadcrumb":{"@id":"https:\/\/partsandpieces.nl\/product\/borma-wachs-parketwas-vloeibare-was-op-waterbasis-voor-vloeren-diep-mat-kleurloos\/#breadcrumb"},"inLanguage":"de","potentialAction":[{"@type":"ReadAction","target":["https:\/\/partsandpieces.nl\/product\/borma-wachs-parketwas-vloeibare-was-op-waterbasis-voor-vloeren-diep-mat-kleurloos\/"]}]},{"@type":"ImageObject","inLanguage":"de","@id":"https:\/\/partsandpieces.nl\/product\/borma-wachs-parketwas-vloeibare-was-op-waterbasis-voor-vloeren-diep-mat-kleurloos\/#primaryimage","url":"https:\/\/partsandpieces.nl\/wp-content\/uploads\/2020\/09\/Borma-Wachs-Parketwas-vloeibare-was-op-waterbasis-voor-vloeren-diep-mat-kleurloos-5-liter.jpg","contentUrl":"https:\/\/partsandpieces.nl\/wp-content\/uploads\/2020\/09\/Borma-Wachs-Parketwas-vloeibare-was-op-waterbasis-voor-vloeren-diep-mat-kleurloos-5-liter.jpg","width":800,"height":800,"caption":"Borma Wachs Parketwas vloeibare was op waterbasis voor vloeren diep mat (kleurloos) 5 liter"},{"@type":"BreadcrumbList","@id":"https:\/\/partsandpieces.nl\/product\/borma-wachs-parketwas-vloeibare-was-op-waterbasis-voor-vloeren-diep-mat-kleurloos\/#breadcrumb","itemListElement":[{"@type":"ListItem","position":1,"name":"Home","item":"https:\/\/partsandpieces.nl\/home\/"},{"@type":"ListItem","position":2,"name":"Winkel","item":"https:\/\/partsandpieces.nl\/winkel\/"},{"@type":"ListItem","position":3,"name":"Borma Wachs Parketwas vloeibare was op waterbasis Diep mat (10 GU) kleurloos"}]},{"@type":"WebSite","@id":"https:\/\/partsandpieces.nl\/#website","url":"https:\/\/partsandpieces.nl\/","name":"Teile &amp; St\u00fccke","description":"Alles f\u00fcr Ihre M\u00f6belrestaurierung und -pflege!","potentialAction":[{"@type":"SearchAction","target":{"@type":"EntryPoint","urlTemplate":"https:\/\/partsandpieces.nl\/?s={search_term_string}"},"query-input":{"@type":"PropertyValueSpecification","valueRequired":true,"valueName":"search_term_string"}}],"inLanguage":"de"}]}},"_links":{"self":[{"href":"https:\/\/partsandpieces.nl\/de\/wp-json\/wp\/v2\/product\/2293","targetHints":{"allow":["GET"]}}],"collection":[{"href":"https:\/\/partsandpieces.nl\/de\/wp-json\/wp\/v2\/product"}],"about":[{"href":"https:\/\/partsandpieces.nl\/de\/wp-json\/wp\/v2\/types\/product"}],"wp:featuredmedia":[{"embeddable":true,"href":"https:\/\/partsandpieces.nl\/de\/wp-json\/wp\/v2\/media\/6464"}],"wp:attachment":[{"href":"https:\/\/partsandpieces.nl\/de\/wp-json\/wp\/v2\/media?parent=2293"}],"wp:term":[{"taxonomy":"product_brand","embeddable":true,"href":"https:\/\/partsandpieces.nl\/de\/wp-json\/wp\/v2\/product_brand?post=2293"},{"taxonomy":"product_cat","embeddable":true,"href":"https:\/\/partsandpieces.nl\/de\/wp-json\/wp\/v2\/product_cat?post=2293"},{"taxonomy":"product_tag","embeddable":true,"href":"https:\/\/partsandpieces.nl\/de\/wp-json\/wp\/v2\/product_tag?post=2293"}],"curies":[{"name":"wp","href":"https:\/\/api.w.org\/{rel}","templated":true}]}}