{"id":232,"date":"2020-07-10T11:42:37","date_gmt":"2020-07-10T11:42:37","guid":{"rendered":"https:\/\/partsandpieces.bonsaidev.nl\/?product=sleutelplaat-been-zwart-28x40-mm"},"modified":"2025-09-17T22:02:05","modified_gmt":"2025-09-17T20:02:05","slug":"schlusselplattenbein-schwarzes-schild-29-x-42-mm","status":"publish","type":"product","link":"https:\/\/partsandpieces.nl\/de\/product\/sleutelplaat-been-zwart-schild-29x42mm\/","title":{"rendered":"Schl\u00fcsselplattenbein, schwarzer Schild, 29 x 42 mm"},"content":{"rendered":"<p><strong>Schl\u00fcsselplattenbein, schwarzer Schild, 29 x 42 mm<\/strong> ist eine spezielle Schl\u00fcsselplatte f\u00fcr M\u00f6belschubladen aus Knochen. Das Schl\u00fcsselschild hat die Form eines mittelalterlichen Schildes.<\/p>\n<p><strong>Ma\u00dfe<br \/>\n<\/strong>Das Schl\u00fcsselplattenbein mit schwarzem Schild 29 x 42 mm hat eine Breite von 29 mm und eine H\u00f6he von 42 mm. Das Schl\u00fcsselloch ist 18 mm hoch.<\/p>\n<p><strong>Bearbeiten<\/strong><br \/>\nSie k\u00f6nnen die Schl\u00fcsselplatte mit montieren\u00a0<a href=\"https:\/\/partsandpieces.nl\/de\/produkt\/schrauben-mit-rundkopf-antikbronze-mit-schlitz-2-x-14-mm\/\">S<span style=\"text-decoration: underline;\">Schraube Rundkopf Antik Bronze mit Schlitz (2x14mm)<\/span><\/a>. Ich schicke diese Schrauben\u00a0<strong>FREI<\/strong>\u00a0mit Ihrer Bestellung.<\/p>","protected":false},"excerpt":{"rendered":"<p>Sleutelplaat Been Zwart Schild 29x42mm is een bijzonder sleutelplaat voor meubellades gemaakt van been. De sleutelplaat heeft de vorm van een Middeleeuws schild. Afmetingen Sleutelplaat Been Zwart Schild 29x42mm heeft een breedte van 29mm en een hoogte van 42mm. Het sleutelgat is 18mm hoog. Montage Je kunt de sleutelplaat monteren met\u00a0Schroef Bolkop Antiek Brons met [&hellip;]<\/p>\n","protected":false},"featured_media":7556,"template":"","meta":{"_acf_changed":false},"product_brand":[],"product_cat":[26,23,48],"product_tag":[],"class_list":{"0":"post-232","1":"product","2":"type-product","3":"status-publish","4":"has-post-thumbnail","6":"product_cat-been-en-hoorn","7":"product_cat-meubelbeslag","8":"product_cat-sleutelplaten","10":"first","11":"instock","12":"taxable","13":"shipping-taxable","14":"purchasable","15":"product-type-simple"},"acf":[],"yoast_head":"<!-- This site is optimized with the Yoast SEO plugin v27.3 - https:\/\/yoast.com\/product\/yoast-seo-wordpress\/ -->\n<title>Sleutelplaat Been Zwart Schild 29x42mm<\/title>\n<meta name=\"description\" content=\"Sleutelplaat Been Zwart Schild 29x42mm is een sleutelplaat voor meubellades gemaakt van been. De sleutelplaat heeft de vorm van een Middeleeuws schild.\" \/>\n<meta name=\"robots\" content=\"index, follow, max-snippet:-1, max-image-preview:large, max-video-preview:-1\" \/>\n<link rel=\"canonical\" href=\"https:\/\/partsandpieces.nl\/de\/produkt\/schlusselplattenbein-schwarzes-schild-29-x-42-mm\/\" \/>\n<meta property=\"og:locale\" content=\"de_DE\" \/>\n<meta property=\"og:type\" content=\"article\" \/>\n<meta property=\"og:title\" content=\"Sleutelplaat Been Zwart Schild 29x42mm\" \/>\n<meta property=\"og:description\" content=\"Sleutelplaat Been Zwart Schild 29x42mm is een sleutelplaat voor meubellades gemaakt van been. De sleutelplaat heeft de vorm van een Middeleeuws schild.\" \/>\n<meta property=\"og:url\" content=\"https:\/\/partsandpieces.nl\/de\/produkt\/schlusselplattenbein-schwarzes-schild-29-x-42-mm\/\" \/>\n<meta property=\"og:site_name\" content=\"Parts &amp; Pieces\" \/>\n<meta property=\"article:modified_time\" content=\"2025-09-17T20:02:05+00:00\" \/>\n<meta property=\"og:image\" content=\"https:\/\/partsandpieces.nl\/wp-content\/uploads\/2020\/07\/Sleutelplaat-Been-Zwart-Schild-29x42mm.jpg\" \/>\n\t<meta property=\"og:image:width\" content=\"400\" \/>\n\t<meta property=\"og:image:height\" content=\"400\" \/>\n\t<meta property=\"og:image:type\" content=\"image\/jpeg\" \/>\n<meta name=\"twitter:card\" content=\"summary_large_image\" \/>\n<meta name=\"twitter:label1\" content=\"Gesch\u00e4tzte Lesezeit\" \/>\n\t<meta name=\"twitter:data1\" content=\"1\u00a0Minute\" \/>\n<script type=\"application\/ld+json\" class=\"yoast-schema-graph\">{\"@context\":\"https:\\\/\\\/schema.org\",\"@graph\":[{\"@type\":\"WebPage\",\"@id\":\"https:\\\/\\\/partsandpieces.nl\\\/product\\\/sleutelplaat-been-zwart-schild-29x42mm\\\/\",\"url\":\"https:\\\/\\\/partsandpieces.nl\\\/product\\\/sleutelplaat-been-zwart-schild-29x42mm\\\/\",\"name\":\"Sleutelplaat Been Zwart Schild 29x42mm\",\"isPartOf\":{\"@id\":\"https:\\\/\\\/partsandpieces.nl\\\/#website\"},\"primaryImageOfPage\":{\"@id\":\"https:\\\/\\\/partsandpieces.nl\\\/product\\\/sleutelplaat-been-zwart-schild-29x42mm\\\/#primaryimage\"},\"image\":{\"@id\":\"https:\\\/\\\/partsandpieces.nl\\\/product\\\/sleutelplaat-been-zwart-schild-29x42mm\\\/#primaryimage\"},\"thumbnailUrl\":\"https:\\\/\\\/partsandpieces.nl\\\/wp-content\\\/uploads\\\/2020\\\/07\\\/Sleutelplaat-Been-Zwart-Schild-29x42mm.jpg\",\"datePublished\":\"2020-07-10T11:42:37+00:00\",\"dateModified\":\"2025-09-17T20:02:05+00:00\",\"description\":\"Sleutelplaat Been Zwart Schild 29x42mm is een sleutelplaat voor meubellades gemaakt van been. De sleutelplaat heeft de vorm van een Middeleeuws schild.\",\"breadcrumb\":{\"@id\":\"https:\\\/\\\/partsandpieces.nl\\\/product\\\/sleutelplaat-been-zwart-schild-29x42mm\\\/#breadcrumb\"},\"inLanguage\":\"de\",\"potentialAction\":[{\"@type\":\"ReadAction\",\"target\":[\"https:\\\/\\\/partsandpieces.nl\\\/product\\\/sleutelplaat-been-zwart-schild-29x42mm\\\/\"]}]},{\"@type\":\"ImageObject\",\"inLanguage\":\"de\",\"@id\":\"https:\\\/\\\/partsandpieces.nl\\\/product\\\/sleutelplaat-been-zwart-schild-29x42mm\\\/#primaryimage\",\"url\":\"https:\\\/\\\/partsandpieces.nl\\\/wp-content\\\/uploads\\\/2020\\\/07\\\/Sleutelplaat-Been-Zwart-Schild-29x42mm.jpg\",\"contentUrl\":\"https:\\\/\\\/partsandpieces.nl\\\/wp-content\\\/uploads\\\/2020\\\/07\\\/Sleutelplaat-Been-Zwart-Schild-29x42mm.jpg\",\"width\":400,\"height\":400,\"caption\":\"Sleutelplaat Been Zwart Schild 29x42mm\"},{\"@type\":\"BreadcrumbList\",\"@id\":\"https:\\\/\\\/partsandpieces.nl\\\/product\\\/sleutelplaat-been-zwart-schild-29x42mm\\\/#breadcrumb\",\"itemListElement\":[{\"@type\":\"ListItem\",\"position\":1,\"name\":\"Home\",\"item\":\"https:\\\/\\\/partsandpieces.nl\\\/home\\\/\"},{\"@type\":\"ListItem\",\"position\":2,\"name\":\"Winkel\",\"item\":\"https:\\\/\\\/partsandpieces.nl\\\/winkel\\\/\"},{\"@type\":\"ListItem\",\"position\":3,\"name\":\"Sleutelplaat Been Zwart Schild 29x42mm\"}]},{\"@type\":\"WebSite\",\"@id\":\"https:\\\/\\\/partsandpieces.nl\\\/#website\",\"url\":\"https:\\\/\\\/partsandpieces.nl\\\/\",\"name\":\"Parts &amp; Pieces\",\"description\":\"Alles voor uw meubelrestauratie en -onderhoud!\",\"potentialAction\":[{\"@type\":\"SearchAction\",\"target\":{\"@type\":\"EntryPoint\",\"urlTemplate\":\"https:\\\/\\\/partsandpieces.nl\\\/?s={search_term_string}\"},\"query-input\":{\"@type\":\"PropertyValueSpecification\",\"valueRequired\":true,\"valueName\":\"search_term_string\"}}],\"inLanguage\":\"de\"}]}<\/script>\n<!-- \/ Yoast SEO plugin. -->","yoast_head_json":{"title":"Schl\u00fcsselplattenbein, schwarzer Schild, 29 x 42 mm","description":"Schl\u00fcsselplatte Bone Black Shield 29x42mm ist eine Schl\u00fcsselplatte f\u00fcr M\u00f6belschubladen aus Knochen. Das Schl\u00fcsselschild hat die Form eines mittelalterlichen Schildes.","robots":{"index":"index","follow":"follow","max-snippet":"max-snippet:-1","max-image-preview":"max-image-preview:large","max-video-preview":"max-video-preview:-1"},"canonical":"https:\/\/partsandpieces.nl\/de\/produkt\/schlusselplattenbein-schwarzes-schild-29-x-42-mm\/","og_locale":"de_DE","og_type":"article","og_title":"Sleutelplaat Been Zwart Schild 29x42mm","og_description":"Sleutelplaat Been Zwart Schild 29x42mm is een sleutelplaat voor meubellades gemaakt van been. De sleutelplaat heeft de vorm van een Middeleeuws schild.","og_url":"https:\/\/partsandpieces.nl\/de\/produkt\/schlusselplattenbein-schwarzes-schild-29-x-42-mm\/","og_site_name":"Parts &amp; Pieces","article_modified_time":"2025-09-17T20:02:05+00:00","og_image":[{"width":400,"height":400,"url":"https:\/\/partsandpieces.nl\/wp-content\/uploads\/2020\/07\/Sleutelplaat-Been-Zwart-Schild-29x42mm.jpg","type":"image\/jpeg"}],"twitter_card":"summary_large_image","twitter_misc":{"Gesch\u00e4tzte Lesezeit":"1\u00a0Minute"},"schema":{"@context":"https:\/\/schema.org","@graph":[{"@type":"WebPage","@id":"https:\/\/partsandpieces.nl\/product\/sleutelplaat-been-zwart-schild-29x42mm\/","url":"https:\/\/partsandpieces.nl\/product\/sleutelplaat-been-zwart-schild-29x42mm\/","name":"Schl\u00fcsselplattenbein, schwarzer Schild, 29 x 42 mm","isPartOf":{"@id":"https:\/\/partsandpieces.nl\/#website"},"primaryImageOfPage":{"@id":"https:\/\/partsandpieces.nl\/product\/sleutelplaat-been-zwart-schild-29x42mm\/#primaryimage"},"image":{"@id":"https:\/\/partsandpieces.nl\/product\/sleutelplaat-been-zwart-schild-29x42mm\/#primaryimage"},"thumbnailUrl":"https:\/\/partsandpieces.nl\/wp-content\/uploads\/2020\/07\/Sleutelplaat-Been-Zwart-Schild-29x42mm.jpg","datePublished":"2020-07-10T11:42:37+00:00","dateModified":"2025-09-17T20:02:05+00:00","description":"Schl\u00fcsselplatte Bone Black Shield 29x42mm ist eine Schl\u00fcsselplatte f\u00fcr M\u00f6belschubladen aus Knochen. Das Schl\u00fcsselschild hat die Form eines mittelalterlichen Schildes.","breadcrumb":{"@id":"https:\/\/partsandpieces.nl\/product\/sleutelplaat-been-zwart-schild-29x42mm\/#breadcrumb"},"inLanguage":"de","potentialAction":[{"@type":"ReadAction","target":["https:\/\/partsandpieces.nl\/product\/sleutelplaat-been-zwart-schild-29x42mm\/"]}]},{"@type":"ImageObject","inLanguage":"de","@id":"https:\/\/partsandpieces.nl\/product\/sleutelplaat-been-zwart-schild-29x42mm\/#primaryimage","url":"https:\/\/partsandpieces.nl\/wp-content\/uploads\/2020\/07\/Sleutelplaat-Been-Zwart-Schild-29x42mm.jpg","contentUrl":"https:\/\/partsandpieces.nl\/wp-content\/uploads\/2020\/07\/Sleutelplaat-Been-Zwart-Schild-29x42mm.jpg","width":400,"height":400,"caption":"Sleutelplaat Been Zwart Schild 29x42mm"},{"@type":"BreadcrumbList","@id":"https:\/\/partsandpieces.nl\/product\/sleutelplaat-been-zwart-schild-29x42mm\/#breadcrumb","itemListElement":[{"@type":"ListItem","position":1,"name":"Home","item":"https:\/\/partsandpieces.nl\/home\/"},{"@type":"ListItem","position":2,"name":"Winkel","item":"https:\/\/partsandpieces.nl\/winkel\/"},{"@type":"ListItem","position":3,"name":"Sleutelplaat Been Zwart Schild 29x42mm"}]},{"@type":"WebSite","@id":"https:\/\/partsandpieces.nl\/#website","url":"https:\/\/partsandpieces.nl\/","name":"Teile &amp; St\u00fccke","description":"Alles f\u00fcr Ihre M\u00f6belrestaurierung und -pflege!","potentialAction":[{"@type":"SearchAction","target":{"@type":"EntryPoint","urlTemplate":"https:\/\/partsandpieces.nl\/?s={search_term_string}"},"query-input":{"@type":"PropertyValueSpecification","valueRequired":true,"valueName":"search_term_string"}}],"inLanguage":"de"}]}},"_links":{"self":[{"href":"https:\/\/partsandpieces.nl\/de\/wp-json\/wp\/v2\/product\/232","targetHints":{"allow":["GET"]}}],"collection":[{"href":"https:\/\/partsandpieces.nl\/de\/wp-json\/wp\/v2\/product"}],"about":[{"href":"https:\/\/partsandpieces.nl\/de\/wp-json\/wp\/v2\/types\/product"}],"wp:featuredmedia":[{"embeddable":true,"href":"https:\/\/partsandpieces.nl\/de\/wp-json\/wp\/v2\/media\/7556"}],"wp:attachment":[{"href":"https:\/\/partsandpieces.nl\/de\/wp-json\/wp\/v2\/media?parent=232"}],"wp:term":[{"taxonomy":"product_brand","embeddable":true,"href":"https:\/\/partsandpieces.nl\/de\/wp-json\/wp\/v2\/product_brand?post=232"},{"taxonomy":"product_cat","embeddable":true,"href":"https:\/\/partsandpieces.nl\/de\/wp-json\/wp\/v2\/product_cat?post=232"},{"taxonomy":"product_tag","embeddable":true,"href":"https:\/\/partsandpieces.nl\/de\/wp-json\/wp\/v2\/product_tag?post=232"}],"curies":[{"name":"wp","href":"https:\/\/api.w.org\/{rel}","templated":true}]}}