{"id":2335,"date":"2020-09-22T20:15:58","date_gmt":"2020-09-22T20:15:58","guid":{"rendered":"https:\/\/partsandpieces.bonsaidev.nl\/?product=wasverwijderaar-cleaner-spuitbus-borma-400ml"},"modified":"2026-02-19T13:36:04","modified_gmt":"2026-02-19T12:36:04","slug":"borma-wachs-radikal-wachsentferner-spray-400ml","status":"publish","type":"product","link":"https:\/\/partsandpieces.nl\/de\/product\/borma-wachs-radikal-wasverwijderaar-spray-400ml\/","title":{"rendered":"Borma Wachs Radikal Wachsentferner Spray 400ml"},"content":{"rendered":"<p><strong>Radikal Wachsentferner-Spray<\/strong> f\u00fcr M\u00f6bel aus <a href=\"http:\/\/www.bormawachs.com\/\">Borma Wachs<\/a>\u00a0richtet sich an den professionellen Handwerker. Es ist zum Entfernen von Wachs von M\u00f6beln bestimmt. Denken Sie an Wachs, antikes Wachs, Bienenwachs usw. Da es sich um ein reines L\u00f6sungsmittel handelt, verhindert es Korrosion. Der Wachsentferner ist gebrauchsfertig. Ideal f\u00fcr die schnelle und effiziente Reinigung aller Holzoberfl\u00e4chen. Es greift die alten Wachsschichten an und entfernt Schmutz und Ablagerungen vom Holz, ohne die darunter liegende Schicht anzugreifen.<\/p>\n<p>Ich habe auch eine fl\u00fcssige Form davon <a href=\"https:\/\/partsandpieces.nl\/de\/produkt\/borma-wachs-radikal-wachsentferner\/\"><span style=\"text-decoration: underline;\">Radikal Wachsentferner<\/span><\/a> auf Lager. Diese tragen Sie mit einem fusselfreien Tuch auf Ihre M\u00f6bel auf.<\/p>\n<p><strong>Anweisungen<\/strong><br \/>\n- Vor Gebrauch gut sch\u00fctteln<br \/>\n\u2013 Spr\u00fchen Sie das M\u00f6belwachs-Entferner-Spray auf die zu behandelnde Oberfl\u00e4che<br \/>\n\u2013 Falls gew\u00fcnscht, wiederholen Sie den Vorgang<br \/>\n\u2013 Sobald die Oberfl\u00e4che getrocknet ist, ist sie bereit f\u00fcr eine neue Wachsschicht oder andere Behandlung.<\/p>","protected":false},"excerpt":{"rendered":"<p>Radikal Wasverwijderaar Spray voor meubels van Borma Wachs\u00a0is bedoeld voor de professionele vakman. Het is bedoeld voor het verwijderen van was op meubels. Denk aan boenwas, antiekwas, bijenwas etc. Omdat het een puur oplosmiddel is, voorkomt het corrosie. De wasverwijderaar is klaar voor gebruik. Ideaal voor het snel en effici\u00ebnt reinigen van elk houten oppervlak. [&hellip;]<\/p>\n","protected":false},"featured_media":2336,"template":"","meta":{"_acf_changed":false},"product_brand":[],"product_cat":[89,91,88],"product_tag":[],"class_list":{"0":"post-2335","1":"product","2":"type-product","3":"status-publish","4":"has-post-thumbnail","6":"product_cat-sterk-verfafbijtmiddel-voor-houten-meubels","7":"product_cat-meubelreiniger","8":"product_cat-reinigers-en-verdunners","10":"first","11":"instock","12":"taxable","13":"shipping-taxable","14":"purchasable","15":"product-type-simple"},"acf":[],"yoast_head":"<!-- This site is optimized with the Yoast SEO plugin v27.3 - https:\/\/yoast.com\/product\/yoast-seo-wordpress\/ -->\n<title>Wasverwijderaar spray voor meubels van Borma Wachs<\/title>\n<meta name=\"description\" content=\"Radikal Wasverwijderaar Spray voor meubels van Borma Wachs\u00a0is ideaal voor het snel en effici\u00ebnt reinigen van elk houten meubel. Voor professioneel gebruik,\" \/>\n<meta name=\"robots\" content=\"index, follow, max-snippet:-1, max-image-preview:large, max-video-preview:-1\" \/>\n<link rel=\"canonical\" href=\"https:\/\/partsandpieces.nl\/de\/produkt\/borma-wachs-radikal-wachsentferner-spray-400ml\/\" \/>\n<meta property=\"og:locale\" content=\"de_DE\" \/>\n<meta property=\"og:type\" content=\"article\" \/>\n<meta property=\"og:title\" content=\"Wasverwijderaar spray voor meubels van Borma Wachs\" \/>\n<meta property=\"og:description\" content=\"Radikal Wasverwijderaar Spray voor meubels van Borma Wachs\u00a0is ideaal voor het snel en effici\u00ebnt reinigen van elk houten meubel. Voor professioneel gebruik,\" \/>\n<meta property=\"og:url\" content=\"https:\/\/partsandpieces.nl\/de\/produkt\/borma-wachs-radikal-wachsentferner-spray-400ml\/\" \/>\n<meta property=\"og:site_name\" content=\"Parts &amp; Pieces\" \/>\n<meta property=\"article:modified_time\" content=\"2026-02-19T12:36:04+00:00\" \/>\n<meta property=\"og:image\" content=\"https:\/\/partsandpieces.nl\/wp-content\/uploads\/2022\/09\/WasverwijderaarCleanerSpuitbusBorma400ml.jpg\" \/>\n\t<meta property=\"og:image:width\" content=\"600\" \/>\n\t<meta property=\"og:image:height\" content=\"600\" \/>\n\t<meta property=\"og:image:type\" content=\"image\/jpeg\" \/>\n<meta name=\"twitter:card\" content=\"summary_large_image\" \/>\n<meta name=\"twitter:label1\" content=\"Gesch\u00e4tzte Lesezeit\" \/>\n\t<meta name=\"twitter:data1\" content=\"1\u00a0Minute\" \/>\n<script type=\"application\/ld+json\" class=\"yoast-schema-graph\">{\"@context\":\"https:\\\/\\\/schema.org\",\"@graph\":[{\"@type\":\"WebPage\",\"@id\":\"https:\\\/\\\/partsandpieces.nl\\\/product\\\/borma-wachs-radikal-wasverwijderaar-spray-400ml\\\/\",\"url\":\"https:\\\/\\\/partsandpieces.nl\\\/product\\\/borma-wachs-radikal-wasverwijderaar-spray-400ml\\\/\",\"name\":\"Wasverwijderaar spray voor meubels van Borma Wachs\",\"isPartOf\":{\"@id\":\"https:\\\/\\\/partsandpieces.nl\\\/#website\"},\"primaryImageOfPage\":{\"@id\":\"https:\\\/\\\/partsandpieces.nl\\\/product\\\/borma-wachs-radikal-wasverwijderaar-spray-400ml\\\/#primaryimage\"},\"image\":{\"@id\":\"https:\\\/\\\/partsandpieces.nl\\\/product\\\/borma-wachs-radikal-wasverwijderaar-spray-400ml\\\/#primaryimage\"},\"thumbnailUrl\":\"https:\\\/\\\/partsandpieces.nl\\\/wp-content\\\/uploads\\\/2022\\\/09\\\/WasverwijderaarCleanerSpuitbusBorma400ml.jpg\",\"datePublished\":\"2020-09-22T20:15:58+00:00\",\"dateModified\":\"2026-02-19T12:36:04+00:00\",\"description\":\"Radikal Wasverwijderaar Spray voor meubels van Borma Wachs\u00a0is ideaal voor het snel en effici\u00ebnt reinigen van elk houten meubel. Voor professioneel gebruik,\",\"breadcrumb\":{\"@id\":\"https:\\\/\\\/partsandpieces.nl\\\/product\\\/borma-wachs-radikal-wasverwijderaar-spray-400ml\\\/#breadcrumb\"},\"inLanguage\":\"de\",\"potentialAction\":[{\"@type\":\"ReadAction\",\"target\":[\"https:\\\/\\\/partsandpieces.nl\\\/product\\\/borma-wachs-radikal-wasverwijderaar-spray-400ml\\\/\"]}]},{\"@type\":\"ImageObject\",\"inLanguage\":\"de\",\"@id\":\"https:\\\/\\\/partsandpieces.nl\\\/product\\\/borma-wachs-radikal-wasverwijderaar-spray-400ml\\\/#primaryimage\",\"url\":\"https:\\\/\\\/partsandpieces.nl\\\/wp-content\\\/uploads\\\/2022\\\/09\\\/WasverwijderaarCleanerSpuitbusBorma400ml.jpg\",\"contentUrl\":\"https:\\\/\\\/partsandpieces.nl\\\/wp-content\\\/uploads\\\/2022\\\/09\\\/WasverwijderaarCleanerSpuitbusBorma400ml.jpg\",\"width\":600,\"height\":600},{\"@type\":\"BreadcrumbList\",\"@id\":\"https:\\\/\\\/partsandpieces.nl\\\/product\\\/borma-wachs-radikal-wasverwijderaar-spray-400ml\\\/#breadcrumb\",\"itemListElement\":[{\"@type\":\"ListItem\",\"position\":1,\"name\":\"Home\",\"item\":\"https:\\\/\\\/partsandpieces.nl\\\/home\\\/\"},{\"@type\":\"ListItem\",\"position\":2,\"name\":\"Winkel\",\"item\":\"https:\\\/\\\/partsandpieces.nl\\\/winkel\\\/\"},{\"@type\":\"ListItem\",\"position\":3,\"name\":\"Borma Wachs Radikal Wasverwijderaar Spray 400ml\"}]},{\"@type\":\"WebSite\",\"@id\":\"https:\\\/\\\/partsandpieces.nl\\\/#website\",\"url\":\"https:\\\/\\\/partsandpieces.nl\\\/\",\"name\":\"Parts &amp; Pieces\",\"description\":\"Alles voor uw meubelrestauratie en -onderhoud!\",\"potentialAction\":[{\"@type\":\"SearchAction\",\"target\":{\"@type\":\"EntryPoint\",\"urlTemplate\":\"https:\\\/\\\/partsandpieces.nl\\\/?s={search_term_string}\"},\"query-input\":{\"@type\":\"PropertyValueSpecification\",\"valueRequired\":true,\"valueName\":\"search_term_string\"}}],\"inLanguage\":\"de\"}]}<\/script>\n<!-- \/ Yoast SEO plugin. -->","yoast_head_json":{"title":"Wachsentfernerspray f\u00fcr M\u00f6bel von Borma Wachs","description":"Radikal Wachsentferner-Spray f\u00fcr M\u00f6bel von Borma Wachs ist ideal f\u00fcr die schnelle und effiziente Reinigung aller Holzm\u00f6bel. F\u00fcr den professionellen Einsatz,","robots":{"index":"index","follow":"follow","max-snippet":"max-snippet:-1","max-image-preview":"max-image-preview:large","max-video-preview":"max-video-preview:-1"},"canonical":"https:\/\/partsandpieces.nl\/de\/produkt\/borma-wachs-radikal-wachsentferner-spray-400ml\/","og_locale":"de_DE","og_type":"article","og_title":"Wasverwijderaar spray voor meubels van Borma Wachs","og_description":"Radikal Wasverwijderaar Spray voor meubels van Borma Wachs\u00a0is ideaal voor het snel en effici\u00ebnt reinigen van elk houten meubel. Voor professioneel gebruik,","og_url":"https:\/\/partsandpieces.nl\/de\/produkt\/borma-wachs-radikal-wachsentferner-spray-400ml\/","og_site_name":"Parts &amp; Pieces","article_modified_time":"2026-02-19T12:36:04+00:00","og_image":[{"width":600,"height":600,"url":"https:\/\/partsandpieces.nl\/wp-content\/uploads\/2022\/09\/WasverwijderaarCleanerSpuitbusBorma400ml.jpg","type":"image\/jpeg"}],"twitter_card":"summary_large_image","twitter_misc":{"Gesch\u00e4tzte Lesezeit":"1\u00a0Minute"},"schema":{"@context":"https:\/\/schema.org","@graph":[{"@type":"WebPage","@id":"https:\/\/partsandpieces.nl\/product\/borma-wachs-radikal-wasverwijderaar-spray-400ml\/","url":"https:\/\/partsandpieces.nl\/product\/borma-wachs-radikal-wasverwijderaar-spray-400ml\/","name":"Wachsentfernerspray f\u00fcr M\u00f6bel von Borma Wachs","isPartOf":{"@id":"https:\/\/partsandpieces.nl\/#website"},"primaryImageOfPage":{"@id":"https:\/\/partsandpieces.nl\/product\/borma-wachs-radikal-wasverwijderaar-spray-400ml\/#primaryimage"},"image":{"@id":"https:\/\/partsandpieces.nl\/product\/borma-wachs-radikal-wasverwijderaar-spray-400ml\/#primaryimage"},"thumbnailUrl":"https:\/\/partsandpieces.nl\/wp-content\/uploads\/2022\/09\/WasverwijderaarCleanerSpuitbusBorma400ml.jpg","datePublished":"2020-09-22T20:15:58+00:00","dateModified":"2026-02-19T12:36:04+00:00","description":"Radikal Wachsentferner-Spray f\u00fcr M\u00f6bel von Borma Wachs ist ideal f\u00fcr die schnelle und effiziente Reinigung aller Holzm\u00f6bel. F\u00fcr den professionellen Einsatz,","breadcrumb":{"@id":"https:\/\/partsandpieces.nl\/product\/borma-wachs-radikal-wasverwijderaar-spray-400ml\/#breadcrumb"},"inLanguage":"de","potentialAction":[{"@type":"ReadAction","target":["https:\/\/partsandpieces.nl\/product\/borma-wachs-radikal-wasverwijderaar-spray-400ml\/"]}]},{"@type":"ImageObject","inLanguage":"de","@id":"https:\/\/partsandpieces.nl\/product\/borma-wachs-radikal-wasverwijderaar-spray-400ml\/#primaryimage","url":"https:\/\/partsandpieces.nl\/wp-content\/uploads\/2022\/09\/WasverwijderaarCleanerSpuitbusBorma400ml.jpg","contentUrl":"https:\/\/partsandpieces.nl\/wp-content\/uploads\/2022\/09\/WasverwijderaarCleanerSpuitbusBorma400ml.jpg","width":600,"height":600},{"@type":"BreadcrumbList","@id":"https:\/\/partsandpieces.nl\/product\/borma-wachs-radikal-wasverwijderaar-spray-400ml\/#breadcrumb","itemListElement":[{"@type":"ListItem","position":1,"name":"Home","item":"https:\/\/partsandpieces.nl\/home\/"},{"@type":"ListItem","position":2,"name":"Winkel","item":"https:\/\/partsandpieces.nl\/winkel\/"},{"@type":"ListItem","position":3,"name":"Borma Wachs Radikal Wasverwijderaar Spray 400ml"}]},{"@type":"WebSite","@id":"https:\/\/partsandpieces.nl\/#website","url":"https:\/\/partsandpieces.nl\/","name":"Teile &amp; St\u00fccke","description":"Alles f\u00fcr Ihre M\u00f6belrestaurierung und -pflege!","potentialAction":[{"@type":"SearchAction","target":{"@type":"EntryPoint","urlTemplate":"https:\/\/partsandpieces.nl\/?s={search_term_string}"},"query-input":{"@type":"PropertyValueSpecification","valueRequired":true,"valueName":"search_term_string"}}],"inLanguage":"de"}]}},"_links":{"self":[{"href":"https:\/\/partsandpieces.nl\/de\/wp-json\/wp\/v2\/product\/2335","targetHints":{"allow":["GET"]}}],"collection":[{"href":"https:\/\/partsandpieces.nl\/de\/wp-json\/wp\/v2\/product"}],"about":[{"href":"https:\/\/partsandpieces.nl\/de\/wp-json\/wp\/v2\/types\/product"}],"wp:featuredmedia":[{"embeddable":true,"href":"https:\/\/partsandpieces.nl\/de\/wp-json\/wp\/v2\/media\/2336"}],"wp:attachment":[{"href":"https:\/\/partsandpieces.nl\/de\/wp-json\/wp\/v2\/media?parent=2335"}],"wp:term":[{"taxonomy":"product_brand","embeddable":true,"href":"https:\/\/partsandpieces.nl\/de\/wp-json\/wp\/v2\/product_brand?post=2335"},{"taxonomy":"product_cat","embeddable":true,"href":"https:\/\/partsandpieces.nl\/de\/wp-json\/wp\/v2\/product_cat?post=2335"},{"taxonomy":"product_tag","embeddable":true,"href":"https:\/\/partsandpieces.nl\/de\/wp-json\/wp\/v2\/product_tag?post=2335"}],"curies":[{"name":"wp","href":"https:\/\/api.w.org\/{rel}","templated":true}]}}