{"id":2337,"date":"2020-09-22T20:19:08","date_gmt":"2020-09-22T20:19:08","guid":{"rendered":"https:\/\/partsandpieces.bonsaidev.nl\/?product=borma-wachs-radicaal-afbijtmiddel-extra-sterk-in-gel-vorm-750ml"},"modified":"2026-04-07T19:24:30","modified_gmt":"2026-04-07T17:24:30","slug":"borma-wachs-radikalentferner-extra-stark-in-gelform","status":"publish","type":"product","link":"https:\/\/partsandpieces.nl\/de\/product\/borma-wachs-radikal-afbijtmiddel-extra-sterk-in-gel-vorm\/","title":{"rendered":"Borma Wachs Radikal Farbentferner, extra stark, in Gelform"},"content":{"rendered":"<p><strong>Radikal Farbentferner, extra stark, in Gelform<\/strong> von <a href=\"http:\/\/www.bormawachs.com\">Borma Wachs<\/a> richtet sich an den professionellen Handwerker. Es wird aus einer speziellen Verd\u00fcnnungsmischung speziell f\u00fcr Holzoberfl\u00e4chen hergestellt. Radikal Stripper extra stark ist ein gelartiges Produkt, das frei von Methylenchlorid ist. Es wurde entwickelt, um jede Holzoberfl\u00e4che leicht zu entfernen. Das Produkt ist frei von Natriumhydroxid und ver\u00e4ndert daher nicht die nat\u00fcrliche Farbe des Holzes.<\/p>\n<p><strong>\u2013 F\u00fcr den professionellen Einsatz<\/strong><br \/>\n<strong>\u2013 tropft nicht, ideal f\u00fcr senkrechte Fl\u00e4chen<\/strong><br \/>\n<strong>\u2013 Ver\u00e4ndert nicht die nat\u00fcrliche Farbe des Holzes<\/strong><br \/>\n<strong>\u2013 Frei von Methylenchlorid und Natriumhydroxid<\/strong><\/p>\n<p>Es ist ratsam, in einem gut bel\u00fcfteten Bereich zu arbeiten.<\/p>\n<h5>Beschreibung Borma Wachs Radikal Abbeizmittel extra stark in Gelform<\/h5>\n<p>Borma Wachs Radikal Abbeizmittel extra stark in Gelform ist ein kraftvoller Abbeizmittel, das speziell zum Entfernen von Farb- und Lackschichten entwickelt wurde. Es ist ideal f\u00fcr Sie als Profi, der ein wirksames und effizientes Produkt zum Entfernen alter Beschichtungen sucht. Die Gelform sorgt daf\u00fcr, dass der Abbeizer nicht tropft und erm\u00f6glicht so ein einfaches und pr\u00e4zises Auftragen auf senkrechte Fl\u00e4chen wie T\u00fcren, Rahmen und M\u00f6bel.<br \/>\nMit diesem extra starken Abbeizmittel entfernen Sie selbst hartn\u00e4ckigste Farb- und Lackschichten.<br \/>\nWenn Sie nach einem professionellen Abbeizmittel suchen, das schnell und effektiv wirkt, dann ist Borma Wachs Radikal Paint Stripper Extra Strong in Gelform die ideale Wahl f\u00fcr Sie.<\/p>\n<h5>Vorteile von Borma Wachs Radikal Abbeizmittel extra stark in Gelform<\/h5>\n<p>Borma Wachs Radikal Extra Strong Paint Stripper in Gelform bietet mehrere Vorteile gegen\u00fcber herk\u00f6mmlichen Abbeizmitteln.<\/p>\n<ul>\n<li>Dieser Abbeizer ist frei von Methylenchlorid und Natriumhydroxid. Dadurch ist die Anwendung sicher und die nat\u00fcrliche Farbe Ihres Holzes wird nicht ver\u00e4ndert.<\/li>\n<li>Zudem l\u00e4sst sich der Abbeizer dank seiner Gelform leicht auftragen. Dadurch tropft das Produkt nicht und l\u00e4sst sich gut dosieren. Dadurch wird der Abfall verringert und das Entfernen von Farbe und Beschichtungen wird wesentlich einfacher.<\/li>\n<li>Dank der schnellen Wirkung des Borma Wachs Radikal Extra Strong Paint Stripper in Gelform wird weniger Zeit zum Abbeizen ben\u00f6tigt. Die leistungsstarke Formel gew\u00e4hrleistet eine effektive und schnelle Entfernung von Farbe und Beschichtungen.<\/li>\n<li>Dadurch eignet sich der Abbeizer sehr gut f\u00fcr den professionellen Einsatz, bei dem es auf Effizienz und Qualit\u00e4t ankommt.<\/li>\n<\/ul>\n<h5>Anwendung von Borma Wachs Radikal Abbeizmittel extra stark in Gelform<\/h5>\n<p>Die Anwendung des Borma Wachs Radikal Abbeizmittel extra stark in Gelform ist sehr einfach und effektiv. Wichtig ist zun\u00e4chst, den Abbeizer mit einem Pinsel oder Spachtel auf die zu behandelnde Fl\u00e4che aufzutragen. Die Gelform verhindert das Tropfen des Abbeizmittels und gew\u00e4hrleistet so ein pr\u00e4zises und kontrolliertes Auftragen. Anschlie\u00dfend ist es wichtig, den Abbeizer, je nach Dicke der zu entfernenden Schicht, einige Zeit einwirken zu lassen. Nach der Einwirkung des Abbeizmittels lassen sich die gel\u00f6sten Farbschichten problemlos mit einem Spachtel oder einem Schaber entfernen. Die extra starke Formel des Borma Wachs Radikal Abbeizmittels erm\u00f6glicht es, selbst hartn\u00e4ckigste Farbschichten zu entfernen. Dadurch eignet sich der Abbeizer optimal f\u00fcr den professionellen Einsatz, beispielsweise zum Entfernen von Farbschichten auf Holzoberfl\u00e4chen. Mit diesem Gel-Farbentferner k\u00f6nnen Sie Farbe schnell und effizient entfernen.<\/p>\n<p><strong>Anweisungen<\/strong><br \/>\n\u2013 Produkt mit einem Pinsel gleichm\u00e4\u00dfig auftragen oder eintauchen<br \/>\n\u2013 Lassen Sie den Stripper 15-30 Minuten einwirken<br \/>\n\u2013 Verwenden Sie einen Spachtel oder Stahlwolle, um die alte Farbe vom Holz zu entfernen<br \/>\n\u2013 Reinigen Sie die Oberfl\u00e4che von R\u00fcckst\u00e4nden mit einem mit angefeuchteten Tuch <a href=\"https:\/\/partsandpieces.nl\/de\/produkt\/bormawachs-schellack-99-losungsmittel-fur-schellack-99\/\"><span style=\"text-decoration: underline;\">Schellack 99<\/span><\/a> Alkohol.<\/p>","protected":false},"excerpt":{"rendered":"<p>Radikal Afbijtmiddel extra sterk in GEL vorm van Borma Wachs is bedoeld voor de professionele vakman. Het is gemaakt van een speciale mix van verdunners speciaal voor houten oppervlakken. Radikal afbijtmiddel extra sterk is een geleiachtig product dat vrij is van methyleenchloride. Het is ontwikkeld om elke houtafwerking gemakkelijk te verwijderen. Het product is vrij [&hellip;]<\/p>\n","protected":false},"featured_media":2338,"template":"","meta":{"_acf_changed":false},"product_brand":[],"product_cat":[89,64],"product_tag":[],"class_list":{"0":"post-2337","1":"product","2":"type-product","3":"status-publish","4":"has-post-thumbnail","6":"product_cat-sterk-verfafbijtmiddel-voor-houten-meubels","7":"product_cat-oppervlakte-behandeling-borma-wachs","9":"first","10":"instock","11":"taxable","12":"shipping-taxable","13":"purchasable","14":"product-type-variable","15":"has-default-attributes"},"acf":[],"yoast_head":"<!-- This site is optimized with the Yoast SEO plugin v27.3 - https:\/\/yoast.com\/product\/yoast-seo-wordpress\/ -->\n<title>Afbijtmiddel extra sterk in gel vorm van Borma Wachs<\/title>\n<meta name=\"description\" content=\"Radikal Afbijtmiddel extra sterk in gel vorm van Borma Wachs is bedoeld voor de professionele vakman. Verandert de natuurlijke kleur van het hout niet.\" \/>\n<meta name=\"robots\" content=\"index, follow, max-snippet:-1, max-image-preview:large, max-video-preview:-1\" \/>\n<link rel=\"canonical\" href=\"https:\/\/partsandpieces.nl\/de\/produkt\/borma-wachs-radikalentferner-extra-stark-in-gelform\/\" \/>\n<meta property=\"og:locale\" content=\"de_DE\" \/>\n<meta property=\"og:type\" content=\"article\" \/>\n<meta property=\"og:title\" content=\"Afbijtmiddel extra sterk in gel vorm van Borma Wachs\" \/>\n<meta property=\"og:description\" content=\"Radikal Afbijtmiddel extra sterk in gel vorm van Borma Wachs is bedoeld voor de professionele vakman. Verandert de natuurlijke kleur van het hout niet.\" \/>\n<meta property=\"og:url\" content=\"https:\/\/partsandpieces.nl\/de\/produkt\/borma-wachs-radikalentferner-extra-stark-in-gelform\/\" \/>\n<meta property=\"og:site_name\" content=\"Parts &amp; Pieces\" \/>\n<meta property=\"article:modified_time\" content=\"2026-04-07T17:24:30+00:00\" \/>\n<meta property=\"og:image\" content=\"https:\/\/partsandpieces.nl\/wp-content\/uploads\/2022\/09\/0031ES.jpg\" \/>\n\t<meta property=\"og:image:width\" content=\"800\" \/>\n\t<meta property=\"og:image:height\" content=\"800\" \/>\n\t<meta property=\"og:image:type\" content=\"image\/jpeg\" \/>\n<meta name=\"twitter:card\" content=\"summary_large_image\" \/>\n<meta name=\"twitter:label1\" content=\"Gesch\u00e4tzte Lesezeit\" \/>\n\t<meta name=\"twitter:data1\" content=\"3\u00a0Minuten\" \/>\n<script type=\"application\/ld+json\" class=\"yoast-schema-graph\">{\"@context\":\"https:\\\/\\\/schema.org\",\"@graph\":[{\"@type\":\"WebPage\",\"@id\":\"https:\\\/\\\/partsandpieces.nl\\\/product\\\/borma-wachs-radikal-afbijtmiddel-extra-sterk-in-gel-vorm\\\/\",\"url\":\"https:\\\/\\\/partsandpieces.nl\\\/product\\\/borma-wachs-radikal-afbijtmiddel-extra-sterk-in-gel-vorm\\\/\",\"name\":\"Afbijtmiddel extra sterk in gel vorm van Borma Wachs\",\"isPartOf\":{\"@id\":\"https:\\\/\\\/partsandpieces.nl\\\/#website\"},\"primaryImageOfPage\":{\"@id\":\"https:\\\/\\\/partsandpieces.nl\\\/product\\\/borma-wachs-radikal-afbijtmiddel-extra-sterk-in-gel-vorm\\\/#primaryimage\"},\"image\":{\"@id\":\"https:\\\/\\\/partsandpieces.nl\\\/product\\\/borma-wachs-radikal-afbijtmiddel-extra-sterk-in-gel-vorm\\\/#primaryimage\"},\"thumbnailUrl\":\"https:\\\/\\\/partsandpieces.nl\\\/wp-content\\\/uploads\\\/2022\\\/09\\\/0031ES.jpg\",\"datePublished\":\"2020-09-22T20:19:08+00:00\",\"dateModified\":\"2026-04-07T17:24:30+00:00\",\"description\":\"Radikal Afbijtmiddel extra sterk in gel vorm van Borma Wachs is bedoeld voor de professionele vakman. Verandert de natuurlijke kleur van het hout niet.\",\"breadcrumb\":{\"@id\":\"https:\\\/\\\/partsandpieces.nl\\\/product\\\/borma-wachs-radikal-afbijtmiddel-extra-sterk-in-gel-vorm\\\/#breadcrumb\"},\"inLanguage\":\"de\",\"potentialAction\":[{\"@type\":\"ReadAction\",\"target\":[\"https:\\\/\\\/partsandpieces.nl\\\/product\\\/borma-wachs-radikal-afbijtmiddel-extra-sterk-in-gel-vorm\\\/\"]}]},{\"@type\":\"ImageObject\",\"inLanguage\":\"de\",\"@id\":\"https:\\\/\\\/partsandpieces.nl\\\/product\\\/borma-wachs-radikal-afbijtmiddel-extra-sterk-in-gel-vorm\\\/#primaryimage\",\"url\":\"https:\\\/\\\/partsandpieces.nl\\\/wp-content\\\/uploads\\\/2022\\\/09\\\/0031ES.jpg\",\"contentUrl\":\"https:\\\/\\\/partsandpieces.nl\\\/wp-content\\\/uploads\\\/2022\\\/09\\\/0031ES.jpg\",\"width\":800,\"height\":800},{\"@type\":\"BreadcrumbList\",\"@id\":\"https:\\\/\\\/partsandpieces.nl\\\/product\\\/borma-wachs-radikal-afbijtmiddel-extra-sterk-in-gel-vorm\\\/#breadcrumb\",\"itemListElement\":[{\"@type\":\"ListItem\",\"position\":1,\"name\":\"Home\",\"item\":\"https:\\\/\\\/partsandpieces.nl\\\/home\\\/\"},{\"@type\":\"ListItem\",\"position\":2,\"name\":\"Winkel\",\"item\":\"https:\\\/\\\/partsandpieces.nl\\\/winkel\\\/\"},{\"@type\":\"ListItem\",\"position\":3,\"name\":\"Borma Wachs Radikal Afbijtmiddel extra sterk in GEL vorm\"}]},{\"@type\":\"WebSite\",\"@id\":\"https:\\\/\\\/partsandpieces.nl\\\/#website\",\"url\":\"https:\\\/\\\/partsandpieces.nl\\\/\",\"name\":\"Parts &amp; Pieces\",\"description\":\"Alles voor uw meubelrestauratie en -onderhoud!\",\"potentialAction\":[{\"@type\":\"SearchAction\",\"target\":{\"@type\":\"EntryPoint\",\"urlTemplate\":\"https:\\\/\\\/partsandpieces.nl\\\/?s={search_term_string}\"},\"query-input\":{\"@type\":\"PropertyValueSpecification\",\"valueRequired\":true,\"valueName\":\"search_term_string\"}}],\"inLanguage\":\"de\"}]}<\/script>\n<!-- \/ Yoast SEO plugin. -->","yoast_head_json":{"title":"Stripper extra stark in Gelform von Borma Wachs","description":"Radikal Stripper extra stark in Gelform von Borma Wachs ist f\u00fcr den professionellen Handwerker bestimmt. Ver\u00e4ndert nicht die nat\u00fcrliche Farbe des Holzes.","robots":{"index":"index","follow":"follow","max-snippet":"max-snippet:-1","max-image-preview":"max-image-preview:large","max-video-preview":"max-video-preview:-1"},"canonical":"https:\/\/partsandpieces.nl\/de\/produkt\/borma-wachs-radikalentferner-extra-stark-in-gelform\/","og_locale":"de_DE","og_type":"article","og_title":"Afbijtmiddel extra sterk in gel vorm van Borma Wachs","og_description":"Radikal Afbijtmiddel extra sterk in gel vorm van Borma Wachs is bedoeld voor de professionele vakman. Verandert de natuurlijke kleur van het hout niet.","og_url":"https:\/\/partsandpieces.nl\/de\/produkt\/borma-wachs-radikalentferner-extra-stark-in-gelform\/","og_site_name":"Parts &amp; Pieces","article_modified_time":"2026-04-07T17:24:30+00:00","og_image":[{"width":800,"height":800,"url":"https:\/\/partsandpieces.nl\/wp-content\/uploads\/2022\/09\/0031ES.jpg","type":"image\/jpeg"}],"twitter_card":"summary_large_image","twitter_misc":{"Gesch\u00e4tzte Lesezeit":"3\u00a0Minuten"},"schema":{"@context":"https:\/\/schema.org","@graph":[{"@type":"WebPage","@id":"https:\/\/partsandpieces.nl\/product\/borma-wachs-radikal-afbijtmiddel-extra-sterk-in-gel-vorm\/","url":"https:\/\/partsandpieces.nl\/product\/borma-wachs-radikal-afbijtmiddel-extra-sterk-in-gel-vorm\/","name":"Stripper extra stark in Gelform von Borma Wachs","isPartOf":{"@id":"https:\/\/partsandpieces.nl\/#website"},"primaryImageOfPage":{"@id":"https:\/\/partsandpieces.nl\/product\/borma-wachs-radikal-afbijtmiddel-extra-sterk-in-gel-vorm\/#primaryimage"},"image":{"@id":"https:\/\/partsandpieces.nl\/product\/borma-wachs-radikal-afbijtmiddel-extra-sterk-in-gel-vorm\/#primaryimage"},"thumbnailUrl":"https:\/\/partsandpieces.nl\/wp-content\/uploads\/2022\/09\/0031ES.jpg","datePublished":"2020-09-22T20:19:08+00:00","dateModified":"2026-04-07T17:24:30+00:00","description":"Radikal Stripper extra stark in Gelform von Borma Wachs ist f\u00fcr den professionellen Handwerker bestimmt. Ver\u00e4ndert nicht die nat\u00fcrliche Farbe des Holzes.","breadcrumb":{"@id":"https:\/\/partsandpieces.nl\/product\/borma-wachs-radikal-afbijtmiddel-extra-sterk-in-gel-vorm\/#breadcrumb"},"inLanguage":"de","potentialAction":[{"@type":"ReadAction","target":["https:\/\/partsandpieces.nl\/product\/borma-wachs-radikal-afbijtmiddel-extra-sterk-in-gel-vorm\/"]}]},{"@type":"ImageObject","inLanguage":"de","@id":"https:\/\/partsandpieces.nl\/product\/borma-wachs-radikal-afbijtmiddel-extra-sterk-in-gel-vorm\/#primaryimage","url":"https:\/\/partsandpieces.nl\/wp-content\/uploads\/2022\/09\/0031ES.jpg","contentUrl":"https:\/\/partsandpieces.nl\/wp-content\/uploads\/2022\/09\/0031ES.jpg","width":800,"height":800},{"@type":"BreadcrumbList","@id":"https:\/\/partsandpieces.nl\/product\/borma-wachs-radikal-afbijtmiddel-extra-sterk-in-gel-vorm\/#breadcrumb","itemListElement":[{"@type":"ListItem","position":1,"name":"Home","item":"https:\/\/partsandpieces.nl\/home\/"},{"@type":"ListItem","position":2,"name":"Winkel","item":"https:\/\/partsandpieces.nl\/winkel\/"},{"@type":"ListItem","position":3,"name":"Borma Wachs Radikal Afbijtmiddel extra sterk in GEL vorm"}]},{"@type":"WebSite","@id":"https:\/\/partsandpieces.nl\/#website","url":"https:\/\/partsandpieces.nl\/","name":"Teile &amp; St\u00fccke","description":"Alles f\u00fcr Ihre M\u00f6belrestaurierung und -pflege!","potentialAction":[{"@type":"SearchAction","target":{"@type":"EntryPoint","urlTemplate":"https:\/\/partsandpieces.nl\/?s={search_term_string}"},"query-input":{"@type":"PropertyValueSpecification","valueRequired":true,"valueName":"search_term_string"}}],"inLanguage":"de"}]}},"_links":{"self":[{"href":"https:\/\/partsandpieces.nl\/de\/wp-json\/wp\/v2\/product\/2337","targetHints":{"allow":["GET"]}}],"collection":[{"href":"https:\/\/partsandpieces.nl\/de\/wp-json\/wp\/v2\/product"}],"about":[{"href":"https:\/\/partsandpieces.nl\/de\/wp-json\/wp\/v2\/types\/product"}],"wp:featuredmedia":[{"embeddable":true,"href":"https:\/\/partsandpieces.nl\/de\/wp-json\/wp\/v2\/media\/2338"}],"wp:attachment":[{"href":"https:\/\/partsandpieces.nl\/de\/wp-json\/wp\/v2\/media?parent=2337"}],"wp:term":[{"taxonomy":"product_brand","embeddable":true,"href":"https:\/\/partsandpieces.nl\/de\/wp-json\/wp\/v2\/product_brand?post=2337"},{"taxonomy":"product_cat","embeddable":true,"href":"https:\/\/partsandpieces.nl\/de\/wp-json\/wp\/v2\/product_cat?post=2337"},{"taxonomy":"product_tag","embeddable":true,"href":"https:\/\/partsandpieces.nl\/de\/wp-json\/wp\/v2\/product_tag?post=2337"}],"curies":[{"name":"wp","href":"https:\/\/api.w.org\/{rel}","templated":true}]}}