{"id":2339,"date":"2020-09-26T14:04:25","date_gmt":"2020-09-26T14:04:25","guid":{"rendered":"https:\/\/partsandpieces.bonsaidev.nl\/?product=rad-ab-wachser-was-verwijderaar-v-hout-cleaner-1-lit"},"modified":"2026-02-19T10:37:24","modified_gmt":"2026-02-19T09:37:24","slug":"borma-wachs-radikalwachsentferner-1-liter","status":"publish","type":"product","link":"https:\/\/partsandpieces.nl\/de\/product\/borma-wachs-radikal-wasverwijderaar-1-liter\/","title":{"rendered":"Borma Wachs Radikal Wachsentferner 1 Liter"},"content":{"rendered":"<p><strong>Radikal Wachsentferner<\/strong> f\u00fcr Holzm\u00f6bel <a href=\"http:\/\/www.bormawachs.com\">Borma Wachs<\/a> richtet sich an den professionellen Handwerker. Es ist zum Entfernen von Wachs von M\u00f6beln bestimmt. Denken Sie an Wachs, antikes Wachs, Bienenwachs usw. Da es sich um ein reines L\u00f6sungsmittel handelt, verhindert es Korrosion. Der Wachsentferner ist gebrauchsfertig. Ideal f\u00fcr die schnelle und effiziente Reinigung aller Holzoberfl\u00e4chen. Es greift die alten Wachsschichten an und entfernt Schmutz und Ablagerungen vom Holz, ohne die darunter liegende Schicht anzugreifen.<\/p>\n<p><strong>Anweisungen<\/strong><br \/>\n\u2013 Gie\u00dfen Sie den Wachsentferner f\u00fcr Holzm\u00f6bel in ein weiches Tuch<br \/>\n\u2013 Mit Druck gleichm\u00e4\u00dfig auf der zu behandelnden Fl\u00e4che verteilen<br \/>\n\u2013 Wiederholen Sie ggf. den Vorgang und tauschen Sie ggf. das Tuch aus <a href=\"https:\/\/partsandpieces.nl\/de\/produkt\/bormawachs-stahlwolle-extrafein-0000-200-gramm\/\"><span style=\"text-decoration: underline;\">sehr feine Stahlwolle<\/span><\/a><br \/>\n\u2013 Sobald die Oberfl\u00e4che getrocknet ist, ist sie bereit f\u00fcr eine neue Wachsschicht oder andere Behandlung.<\/p>","protected":false},"excerpt":{"rendered":"<p>Radikal Wasverwijderaar voor houten meubels van Borma Wachs is bedoeld voor de professionele vakman. Het is bedoeld voor het verwijderen van was op meubels. Denk aan boenwas, antiekwas, bijenwas etc. Omdat het een puur oplosmiddel is, voorkomt het corrosie. De wasverwijderaar is klaar voor gebruik. Ideaal voor het snel en effici\u00ebnt reinigen van elk houten [&hellip;]<\/p>\n","protected":false},"featured_media":81,"template":"","meta":{"_acf_changed":false},"product_brand":[],"product_cat":[89,91,88],"product_tag":[],"class_list":{"0":"post-2339","1":"product","2":"type-product","3":"status-publish","4":"has-post-thumbnail","6":"product_cat-sterk-verfafbijtmiddel-voor-houten-meubels","7":"product_cat-meubelreiniger","8":"product_cat-reinigers-en-verdunners","10":"first","11":"instock","12":"taxable","13":"shipping-taxable","14":"purchasable","15":"product-type-simple"},"acf":[],"yoast_head":"<!-- This site is optimized with the Yoast SEO plugin v27.3 - https:\/\/yoast.com\/product\/yoast-seo-wordpress\/ -->\n<title>Wasverwijderaar voor houten meubels van Borma Wachs 1 liter<\/title>\n<meta name=\"description\" content=\"Radikal Wasverwijderaar voor houten meubels van Borma Wachs is ideaal voor het snel en effici\u00ebnt verwijderen van een waslaag op een houten oppervlak..\" \/>\n<meta name=\"robots\" content=\"index, follow, max-snippet:-1, max-image-preview:large, max-video-preview:-1\" \/>\n<link rel=\"canonical\" href=\"https:\/\/partsandpieces.nl\/de\/produkt\/borma-wachs-radikalwachsentferner-1-liter\/\" \/>\n<meta property=\"og:locale\" content=\"de_DE\" \/>\n<meta property=\"og:type\" content=\"article\" \/>\n<meta property=\"og:title\" content=\"Wasverwijderaar voor houten meubels van Borma Wachs 1 liter\" \/>\n<meta property=\"og:description\" content=\"Radikal Wasverwijderaar voor houten meubels van Borma Wachs is ideaal voor het snel en effici\u00ebnt verwijderen van een waslaag op een houten oppervlak..\" \/>\n<meta property=\"og:url\" content=\"https:\/\/partsandpieces.nl\/de\/produkt\/borma-wachs-radikalwachsentferner-1-liter\/\" \/>\n<meta property=\"og:site_name\" content=\"Parts &amp; Pieces\" \/>\n<meta property=\"article:modified_time\" content=\"2026-02-19T09:37:24+00:00\" \/>\n<meta property=\"og:image\" content=\"https:\/\/partsandpieces.nl\/wp-content\/uploads\/2022\/09\/Rad.Abwachserwasverwijderaarv.houtcleaner1lit..jpg\" \/>\n\t<meta property=\"og:image:width\" content=\"600\" \/>\n\t<meta property=\"og:image:height\" content=\"600\" \/>\n\t<meta property=\"og:image:type\" content=\"image\/jpeg\" \/>\n<meta name=\"twitter:card\" content=\"summary_large_image\" \/>\n<meta name=\"twitter:label1\" content=\"Gesch\u00e4tzte Lesezeit\" \/>\n\t<meta name=\"twitter:data1\" content=\"1\u00a0Minute\" \/>\n<script type=\"application\/ld+json\" class=\"yoast-schema-graph\">{\"@context\":\"https:\\\/\\\/schema.org\",\"@graph\":[{\"@type\":\"WebPage\",\"@id\":\"https:\\\/\\\/partsandpieces.nl\\\/product\\\/borma-wachs-radikal-wasverwijderaar-1-liter\\\/\",\"url\":\"https:\\\/\\\/partsandpieces.nl\\\/product\\\/borma-wachs-radikal-wasverwijderaar-1-liter\\\/\",\"name\":\"Wasverwijderaar voor houten meubels van Borma Wachs 1 liter\",\"isPartOf\":{\"@id\":\"https:\\\/\\\/partsandpieces.nl\\\/#website\"},\"primaryImageOfPage\":{\"@id\":\"https:\\\/\\\/partsandpieces.nl\\\/product\\\/borma-wachs-radikal-wasverwijderaar-1-liter\\\/#primaryimage\"},\"image\":{\"@id\":\"https:\\\/\\\/partsandpieces.nl\\\/product\\\/borma-wachs-radikal-wasverwijderaar-1-liter\\\/#primaryimage\"},\"thumbnailUrl\":\"https:\\\/\\\/partsandpieces.nl\\\/wp-content\\\/uploads\\\/2022\\\/09\\\/Rad.Abwachserwasverwijderaarv.houtcleaner1lit..jpg\",\"datePublished\":\"2020-09-26T14:04:25+00:00\",\"dateModified\":\"2026-02-19T09:37:24+00:00\",\"description\":\"Radikal Wasverwijderaar voor houten meubels van Borma Wachs is ideaal voor het snel en effici\u00ebnt verwijderen van een waslaag op een houten oppervlak..\",\"breadcrumb\":{\"@id\":\"https:\\\/\\\/partsandpieces.nl\\\/product\\\/borma-wachs-radikal-wasverwijderaar-1-liter\\\/#breadcrumb\"},\"inLanguage\":\"de\",\"potentialAction\":[{\"@type\":\"ReadAction\",\"target\":[\"https:\\\/\\\/partsandpieces.nl\\\/product\\\/borma-wachs-radikal-wasverwijderaar-1-liter\\\/\"]}]},{\"@type\":\"ImageObject\",\"inLanguage\":\"de\",\"@id\":\"https:\\\/\\\/partsandpieces.nl\\\/product\\\/borma-wachs-radikal-wasverwijderaar-1-liter\\\/#primaryimage\",\"url\":\"https:\\\/\\\/partsandpieces.nl\\\/wp-content\\\/uploads\\\/2022\\\/09\\\/Rad.Abwachserwasverwijderaarv.houtcleaner1lit..jpg\",\"contentUrl\":\"https:\\\/\\\/partsandpieces.nl\\\/wp-content\\\/uploads\\\/2022\\\/09\\\/Rad.Abwachserwasverwijderaarv.houtcleaner1lit..jpg\",\"width\":600,\"height\":600},{\"@type\":\"BreadcrumbList\",\"@id\":\"https:\\\/\\\/partsandpieces.nl\\\/product\\\/borma-wachs-radikal-wasverwijderaar-1-liter\\\/#breadcrumb\",\"itemListElement\":[{\"@type\":\"ListItem\",\"position\":1,\"name\":\"Home\",\"item\":\"https:\\\/\\\/partsandpieces.nl\\\/home\\\/\"},{\"@type\":\"ListItem\",\"position\":2,\"name\":\"Winkel\",\"item\":\"https:\\\/\\\/partsandpieces.nl\\\/winkel\\\/\"},{\"@type\":\"ListItem\",\"position\":3,\"name\":\"Borma Wachs Radikal Wasverwijderaar 1 liter\"}]},{\"@type\":\"WebSite\",\"@id\":\"https:\\\/\\\/partsandpieces.nl\\\/#website\",\"url\":\"https:\\\/\\\/partsandpieces.nl\\\/\",\"name\":\"Parts &amp; Pieces\",\"description\":\"Alles voor uw meubelrestauratie en -onderhoud!\",\"potentialAction\":[{\"@type\":\"SearchAction\",\"target\":{\"@type\":\"EntryPoint\",\"urlTemplate\":\"https:\\\/\\\/partsandpieces.nl\\\/?s={search_term_string}\"},\"query-input\":{\"@type\":\"PropertyValueSpecification\",\"valueRequired\":true,\"valueName\":\"search_term_string\"}}],\"inLanguage\":\"de\"}]}<\/script>\n<!-- \/ Yoast SEO plugin. -->","yoast_head_json":{"title":"Wachsentferner f\u00fcr Holzm\u00f6bel von Borma Wachs 1 Liter","description":"Radikal Wachsentferner f\u00fcr Holzm\u00f6bel von Borma Wachs ist ideal zum schnellen und effizienten Entfernen einer Wachsschicht auf einer Holzoberfl\u00e4che.","robots":{"index":"index","follow":"follow","max-snippet":"max-snippet:-1","max-image-preview":"max-image-preview:large","max-video-preview":"max-video-preview:-1"},"canonical":"https:\/\/partsandpieces.nl\/de\/produkt\/borma-wachs-radikalwachsentferner-1-liter\/","og_locale":"de_DE","og_type":"article","og_title":"Wasverwijderaar voor houten meubels van Borma Wachs 1 liter","og_description":"Radikal Wasverwijderaar voor houten meubels van Borma Wachs is ideaal voor het snel en effici\u00ebnt verwijderen van een waslaag op een houten oppervlak..","og_url":"https:\/\/partsandpieces.nl\/de\/produkt\/borma-wachs-radikalwachsentferner-1-liter\/","og_site_name":"Parts &amp; Pieces","article_modified_time":"2026-02-19T09:37:24+00:00","og_image":[{"width":600,"height":600,"url":"https:\/\/partsandpieces.nl\/wp-content\/uploads\/2022\/09\/Rad.Abwachserwasverwijderaarv.houtcleaner1lit..jpg","type":"image\/jpeg"}],"twitter_card":"summary_large_image","twitter_misc":{"Gesch\u00e4tzte Lesezeit":"1\u00a0Minute"},"schema":{"@context":"https:\/\/schema.org","@graph":[{"@type":"WebPage","@id":"https:\/\/partsandpieces.nl\/product\/borma-wachs-radikal-wasverwijderaar-1-liter\/","url":"https:\/\/partsandpieces.nl\/product\/borma-wachs-radikal-wasverwijderaar-1-liter\/","name":"Wachsentferner f\u00fcr Holzm\u00f6bel von Borma Wachs 1 Liter","isPartOf":{"@id":"https:\/\/partsandpieces.nl\/#website"},"primaryImageOfPage":{"@id":"https:\/\/partsandpieces.nl\/product\/borma-wachs-radikal-wasverwijderaar-1-liter\/#primaryimage"},"image":{"@id":"https:\/\/partsandpieces.nl\/product\/borma-wachs-radikal-wasverwijderaar-1-liter\/#primaryimage"},"thumbnailUrl":"https:\/\/partsandpieces.nl\/wp-content\/uploads\/2022\/09\/Rad.Abwachserwasverwijderaarv.houtcleaner1lit..jpg","datePublished":"2020-09-26T14:04:25+00:00","dateModified":"2026-02-19T09:37:24+00:00","description":"Radikal Wachsentferner f\u00fcr Holzm\u00f6bel von Borma Wachs ist ideal zum schnellen und effizienten Entfernen einer Wachsschicht auf einer Holzoberfl\u00e4che.","breadcrumb":{"@id":"https:\/\/partsandpieces.nl\/product\/borma-wachs-radikal-wasverwijderaar-1-liter\/#breadcrumb"},"inLanguage":"de","potentialAction":[{"@type":"ReadAction","target":["https:\/\/partsandpieces.nl\/product\/borma-wachs-radikal-wasverwijderaar-1-liter\/"]}]},{"@type":"ImageObject","inLanguage":"de","@id":"https:\/\/partsandpieces.nl\/product\/borma-wachs-radikal-wasverwijderaar-1-liter\/#primaryimage","url":"https:\/\/partsandpieces.nl\/wp-content\/uploads\/2022\/09\/Rad.Abwachserwasverwijderaarv.houtcleaner1lit..jpg","contentUrl":"https:\/\/partsandpieces.nl\/wp-content\/uploads\/2022\/09\/Rad.Abwachserwasverwijderaarv.houtcleaner1lit..jpg","width":600,"height":600},{"@type":"BreadcrumbList","@id":"https:\/\/partsandpieces.nl\/product\/borma-wachs-radikal-wasverwijderaar-1-liter\/#breadcrumb","itemListElement":[{"@type":"ListItem","position":1,"name":"Home","item":"https:\/\/partsandpieces.nl\/home\/"},{"@type":"ListItem","position":2,"name":"Winkel","item":"https:\/\/partsandpieces.nl\/winkel\/"},{"@type":"ListItem","position":3,"name":"Borma Wachs Radikal Wasverwijderaar 1 liter"}]},{"@type":"WebSite","@id":"https:\/\/partsandpieces.nl\/#website","url":"https:\/\/partsandpieces.nl\/","name":"Teile &amp; St\u00fccke","description":"Alles f\u00fcr Ihre M\u00f6belrestaurierung und -pflege!","potentialAction":[{"@type":"SearchAction","target":{"@type":"EntryPoint","urlTemplate":"https:\/\/partsandpieces.nl\/?s={search_term_string}"},"query-input":{"@type":"PropertyValueSpecification","valueRequired":true,"valueName":"search_term_string"}}],"inLanguage":"de"}]}},"_links":{"self":[{"href":"https:\/\/partsandpieces.nl\/de\/wp-json\/wp\/v2\/product\/2339","targetHints":{"allow":["GET"]}}],"collection":[{"href":"https:\/\/partsandpieces.nl\/de\/wp-json\/wp\/v2\/product"}],"about":[{"href":"https:\/\/partsandpieces.nl\/de\/wp-json\/wp\/v2\/types\/product"}],"wp:featuredmedia":[{"embeddable":true,"href":"https:\/\/partsandpieces.nl\/de\/wp-json\/wp\/v2\/media\/81"}],"wp:attachment":[{"href":"https:\/\/partsandpieces.nl\/de\/wp-json\/wp\/v2\/media?parent=2339"}],"wp:term":[{"taxonomy":"product_brand","embeddable":true,"href":"https:\/\/partsandpieces.nl\/de\/wp-json\/wp\/v2\/product_brand?post=2339"},{"taxonomy":"product_cat","embeddable":true,"href":"https:\/\/partsandpieces.nl\/de\/wp-json\/wp\/v2\/product_cat?post=2339"},{"taxonomy":"product_tag","embeddable":true,"href":"https:\/\/partsandpieces.nl\/de\/wp-json\/wp\/v2\/product_tag?post=2339"}],"curies":[{"name":"wp","href":"https:\/\/api.w.org\/{rel}","templated":true}]}}