{"id":2340,"date":"2020-09-26T14:07:01","date_gmt":"2020-09-26T12:07:01","guid":{"rendered":"https:\/\/partsandpieces.bonsaidev.nl\/?product=ab-wachser-was-olie-verwijderaar-v-vloeren-eco-1-ltr"},"modified":"2026-03-24T11:15:10","modified_gmt":"2026-03-24T10:15:10","slug":"borma-wachs-wachsentferner-auf-wasserbasis-fur-boden-1-liter","status":"publish","type":"product","link":"https:\/\/partsandpieces.nl\/de\/product\/borma-wachs-wasverwijderaar-op-waterbasis-voor-vloeren-1-liter\/","title":{"rendered":"Borma Wachs Wachsentferner auf Wasserbasis f\u00fcr Fu\u00dfb\u00f6den 1 Liter"},"content":{"rendered":"<p><strong>Wachsentferner auf Wasserbasis f\u00fcr Fu\u00dfb\u00f6den <\/strong>von\u00a0<a href=\"http:\/\/www.bormawachs.com\/\">Borma Wachs<\/a> ist zum Entfernen von Wachsschichten von Fu\u00dfb\u00f6den bestimmt. Der Wachsentferner ist gebrauchsfertig. F\u00fcr hellere Wachsschichten maximal 1 : 6 mit Wasser verd\u00fcnnen. Ideal auch zur schnellen und effizienten Reinigung anderer Holzoberfl\u00e4chen. Es greift die alten Wachsschichten an und entfernt Schmutz und Ablagerungen vom Holz, ohne die darunter liegende Schicht anzugreifen.<\/p>\n<p><strong>Anweisungen<\/strong><br \/>\n\u2013 Gie\u00dfen Sie den Wachsentferner gleichm\u00e4\u00dfig \u00fcber Ihren Holzboden<br \/>\n\u2013 Lassen Sie den wasserbasierten Wachsentferner f\u00fcr Fu\u00dfb\u00f6den einige Minuten einwirken<br \/>\n\u2013 Entfernen Sie das Produkt mit dem gel\u00f6sten Wachs und anderen Verschmutzungen und Ablagerungen mit einem feuchten Tuch<br \/>\n\u2013 Sp\u00fclen Sie den Boden, bis das gesamte Produkt verschwunden ist<br \/>\n\u2013 Der Boden kann nun mit einer neuen Wachsschicht behandelt werden, <a href=\"https:\/\/partsandpieces.nl\/de\/produktkategorie-2\/oberflachenbehandlung-2\/parkettol\/\"><span style=\"text-decoration: underline;\">\u00d6l<\/span><\/a> oder <a href=\"https:\/\/partsandpieces.nl\/de\/produktkategorie-2\/oberflachenbehandlung-2\/parkettlack\/\"><span style=\"text-decoration: underline;\">Lack<\/span><\/a>.<\/p>","protected":false},"excerpt":{"rendered":"<p>Wasverwijderaar op waterbasis voor vloeren van\u00a0Borma Wachs is bedoeld voor het verwijderen van waslagen op vloeren. De wasverwijderaar is kant-en-klaar. Bij lichtere waslagen eventueel te verdunnen met water tot maximaal 1 : 6. Ook ideaal voor het snel en effici\u00ebnt reinigen van andere houten oppervlakken. Het tast de oude waslagen aan en verwijdert vuil en [&hellip;]<\/p>\n","protected":false},"featured_media":11044,"template":"","meta":{"_acf_changed":false},"product_brand":[],"product_cat":[89,91,88],"product_tag":[],"class_list":{"0":"post-2340","1":"product","2":"type-product","3":"status-publish","4":"has-post-thumbnail","6":"product_cat-sterk-verfafbijtmiddel-voor-houten-meubels","7":"product_cat-meubelreiniger","8":"product_cat-reinigers-en-verdunners","10":"first","11":"instock","12":"taxable","13":"shipping-taxable","14":"purchasable","15":"product-type-simple"},"acf":[],"yoast_head":"<!-- This site is optimized with the Yoast SEO plugin v27.3 - https:\/\/yoast.com\/product\/yoast-seo-wordpress\/ -->\n<title>Wasverwijderaar voor vloeren van Borma Wachs<\/title>\n<meta name=\"description\" content=\"Wasverwijderaar op waterbasis voor vloeren van\u00a0Borma Wachs is bedoeld voor het verwijderen van waslagen op vloeren. De wasverwijderaar is kant-en-klaar.\" \/>\n<meta name=\"robots\" content=\"index, follow, max-snippet:-1, max-image-preview:large, max-video-preview:-1\" \/>\n<link rel=\"canonical\" href=\"https:\/\/partsandpieces.nl\/de\/produkt\/borma-wachs-wachsentferner-auf-wasserbasis-fur-boden-1-liter\/\" \/>\n<meta property=\"og:locale\" content=\"de_DE\" \/>\n<meta property=\"og:type\" content=\"article\" \/>\n<meta property=\"og:title\" content=\"Wasverwijderaar voor vloeren van Borma Wachs\" \/>\n<meta property=\"og:description\" content=\"Wasverwijderaar op waterbasis voor vloeren van\u00a0Borma Wachs is bedoeld voor het verwijderen van waslagen op vloeren. De wasverwijderaar is kant-en-klaar.\" \/>\n<meta property=\"og:url\" content=\"https:\/\/partsandpieces.nl\/de\/produkt\/borma-wachs-wachsentferner-auf-wasserbasis-fur-boden-1-liter\/\" \/>\n<meta property=\"og:site_name\" content=\"Parts &amp; Pieces\" \/>\n<meta property=\"article:modified_time\" content=\"2026-03-24T10:15:10+00:00\" \/>\n<meta property=\"og:image\" content=\"https:\/\/partsandpieces.nl\/wp-content\/uploads\/2020\/09\/Borma-Wachs-Wasverwijderaar-op-waterbasis-voor-vloeren.jpg\" \/>\n\t<meta property=\"og:image:width\" content=\"800\" \/>\n\t<meta property=\"og:image:height\" content=\"800\" \/>\n\t<meta property=\"og:image:type\" content=\"image\/jpeg\" \/>\n<meta name=\"twitter:card\" content=\"summary_large_image\" \/>\n<meta name=\"twitter:label1\" content=\"Gesch\u00e4tzte Lesezeit\" \/>\n\t<meta name=\"twitter:data1\" content=\"1\u00a0Minute\" \/>\n<script type=\"application\/ld+json\" class=\"yoast-schema-graph\">{\"@context\":\"https:\\\/\\\/schema.org\",\"@graph\":[{\"@type\":\"WebPage\",\"@id\":\"https:\\\/\\\/partsandpieces.nl\\\/product\\\/borma-wachs-wasverwijderaar-op-waterbasis-voor-vloeren-1-liter\\\/\",\"url\":\"https:\\\/\\\/partsandpieces.nl\\\/product\\\/borma-wachs-wasverwijderaar-op-waterbasis-voor-vloeren-1-liter\\\/\",\"name\":\"Wasverwijderaar voor vloeren van Borma Wachs\",\"isPartOf\":{\"@id\":\"https:\\\/\\\/partsandpieces.nl\\\/#website\"},\"primaryImageOfPage\":{\"@id\":\"https:\\\/\\\/partsandpieces.nl\\\/product\\\/borma-wachs-wasverwijderaar-op-waterbasis-voor-vloeren-1-liter\\\/#primaryimage\"},\"image\":{\"@id\":\"https:\\\/\\\/partsandpieces.nl\\\/product\\\/borma-wachs-wasverwijderaar-op-waterbasis-voor-vloeren-1-liter\\\/#primaryimage\"},\"thumbnailUrl\":\"https:\\\/\\\/partsandpieces.nl\\\/wp-content\\\/uploads\\\/2020\\\/09\\\/Borma-Wachs-Wasverwijderaar-op-waterbasis-voor-vloeren.jpg\",\"datePublished\":\"2020-09-26T12:07:01+00:00\",\"dateModified\":\"2026-03-24T10:15:10+00:00\",\"description\":\"Wasverwijderaar op waterbasis voor vloeren van\u00a0Borma Wachs is bedoeld voor het verwijderen van waslagen op vloeren. De wasverwijderaar is kant-en-klaar.\",\"breadcrumb\":{\"@id\":\"https:\\\/\\\/partsandpieces.nl\\\/product\\\/borma-wachs-wasverwijderaar-op-waterbasis-voor-vloeren-1-liter\\\/#breadcrumb\"},\"inLanguage\":\"de\",\"potentialAction\":[{\"@type\":\"ReadAction\",\"target\":[\"https:\\\/\\\/partsandpieces.nl\\\/product\\\/borma-wachs-wasverwijderaar-op-waterbasis-voor-vloeren-1-liter\\\/\"]}]},{\"@type\":\"ImageObject\",\"inLanguage\":\"de\",\"@id\":\"https:\\\/\\\/partsandpieces.nl\\\/product\\\/borma-wachs-wasverwijderaar-op-waterbasis-voor-vloeren-1-liter\\\/#primaryimage\",\"url\":\"https:\\\/\\\/partsandpieces.nl\\\/wp-content\\\/uploads\\\/2020\\\/09\\\/Borma-Wachs-Wasverwijderaar-op-waterbasis-voor-vloeren.jpg\",\"contentUrl\":\"https:\\\/\\\/partsandpieces.nl\\\/wp-content\\\/uploads\\\/2020\\\/09\\\/Borma-Wachs-Wasverwijderaar-op-waterbasis-voor-vloeren.jpg\",\"width\":800,\"height\":800,\"caption\":\"Borma Wachs Wasverwijderaar op waterbasis voor vloeren\"},{\"@type\":\"BreadcrumbList\",\"@id\":\"https:\\\/\\\/partsandpieces.nl\\\/product\\\/borma-wachs-wasverwijderaar-op-waterbasis-voor-vloeren-1-liter\\\/#breadcrumb\",\"itemListElement\":[{\"@type\":\"ListItem\",\"position\":1,\"name\":\"Home\",\"item\":\"https:\\\/\\\/partsandpieces.nl\\\/home\\\/\"},{\"@type\":\"ListItem\",\"position\":2,\"name\":\"Winkel\",\"item\":\"https:\\\/\\\/partsandpieces.nl\\\/winkel\\\/\"},{\"@type\":\"ListItem\",\"position\":3,\"name\":\"Borma Wachs Wasverwijderaar op waterbasis voor vloeren 1 liter\"}]},{\"@type\":\"WebSite\",\"@id\":\"https:\\\/\\\/partsandpieces.nl\\\/#website\",\"url\":\"https:\\\/\\\/partsandpieces.nl\\\/\",\"name\":\"Parts &amp; Pieces\",\"description\":\"Alles voor uw meubelrestauratie en -onderhoud!\",\"potentialAction\":[{\"@type\":\"SearchAction\",\"target\":{\"@type\":\"EntryPoint\",\"urlTemplate\":\"https:\\\/\\\/partsandpieces.nl\\\/?s={search_term_string}\"},\"query-input\":{\"@type\":\"PropertyValueSpecification\",\"valueRequired\":true,\"valueName\":\"search_term_string\"}}],\"inLanguage\":\"de\"}]}<\/script>\n<!-- \/ Yoast SEO plugin. -->","yoast_head_json":{"title":"Wachsentferner f\u00fcr Fu\u00dfb\u00f6den von Borma Wachs","description":"Der wasserbasierte Wachsentferner f\u00fcr Fu\u00dfb\u00f6den von Borma Wachs ist f\u00fcr die Entfernung von Wachsschichten von Fu\u00dfb\u00f6den bestimmt. Der Wachsentferner ist gebrauchsfertig.","robots":{"index":"index","follow":"follow","max-snippet":"max-snippet:-1","max-image-preview":"max-image-preview:large","max-video-preview":"max-video-preview:-1"},"canonical":"https:\/\/partsandpieces.nl\/de\/produkt\/borma-wachs-wachsentferner-auf-wasserbasis-fur-boden-1-liter\/","og_locale":"de_DE","og_type":"article","og_title":"Wasverwijderaar voor vloeren van Borma Wachs","og_description":"Wasverwijderaar op waterbasis voor vloeren van\u00a0Borma Wachs is bedoeld voor het verwijderen van waslagen op vloeren. De wasverwijderaar is kant-en-klaar.","og_url":"https:\/\/partsandpieces.nl\/de\/produkt\/borma-wachs-wachsentferner-auf-wasserbasis-fur-boden-1-liter\/","og_site_name":"Parts &amp; Pieces","article_modified_time":"2026-03-24T10:15:10+00:00","og_image":[{"width":800,"height":800,"url":"https:\/\/partsandpieces.nl\/wp-content\/uploads\/2020\/09\/Borma-Wachs-Wasverwijderaar-op-waterbasis-voor-vloeren.jpg","type":"image\/jpeg"}],"twitter_card":"summary_large_image","twitter_misc":{"Gesch\u00e4tzte Lesezeit":"1\u00a0Minute"},"schema":{"@context":"https:\/\/schema.org","@graph":[{"@type":"WebPage","@id":"https:\/\/partsandpieces.nl\/product\/borma-wachs-wasverwijderaar-op-waterbasis-voor-vloeren-1-liter\/","url":"https:\/\/partsandpieces.nl\/product\/borma-wachs-wasverwijderaar-op-waterbasis-voor-vloeren-1-liter\/","name":"Wachsentferner f\u00fcr Fu\u00dfb\u00f6den von Borma Wachs","isPartOf":{"@id":"https:\/\/partsandpieces.nl\/#website"},"primaryImageOfPage":{"@id":"https:\/\/partsandpieces.nl\/product\/borma-wachs-wasverwijderaar-op-waterbasis-voor-vloeren-1-liter\/#primaryimage"},"image":{"@id":"https:\/\/partsandpieces.nl\/product\/borma-wachs-wasverwijderaar-op-waterbasis-voor-vloeren-1-liter\/#primaryimage"},"thumbnailUrl":"https:\/\/partsandpieces.nl\/wp-content\/uploads\/2020\/09\/Borma-Wachs-Wasverwijderaar-op-waterbasis-voor-vloeren.jpg","datePublished":"2020-09-26T12:07:01+00:00","dateModified":"2026-03-24T10:15:10+00:00","description":"Der wasserbasierte Wachsentferner f\u00fcr Fu\u00dfb\u00f6den von Borma Wachs ist f\u00fcr die Entfernung von Wachsschichten von Fu\u00dfb\u00f6den bestimmt. Der Wachsentferner ist gebrauchsfertig.","breadcrumb":{"@id":"https:\/\/partsandpieces.nl\/product\/borma-wachs-wasverwijderaar-op-waterbasis-voor-vloeren-1-liter\/#breadcrumb"},"inLanguage":"de","potentialAction":[{"@type":"ReadAction","target":["https:\/\/partsandpieces.nl\/product\/borma-wachs-wasverwijderaar-op-waterbasis-voor-vloeren-1-liter\/"]}]},{"@type":"ImageObject","inLanguage":"de","@id":"https:\/\/partsandpieces.nl\/product\/borma-wachs-wasverwijderaar-op-waterbasis-voor-vloeren-1-liter\/#primaryimage","url":"https:\/\/partsandpieces.nl\/wp-content\/uploads\/2020\/09\/Borma-Wachs-Wasverwijderaar-op-waterbasis-voor-vloeren.jpg","contentUrl":"https:\/\/partsandpieces.nl\/wp-content\/uploads\/2020\/09\/Borma-Wachs-Wasverwijderaar-op-waterbasis-voor-vloeren.jpg","width":800,"height":800,"caption":"Borma Wachs Wasverwijderaar op waterbasis voor vloeren"},{"@type":"BreadcrumbList","@id":"https:\/\/partsandpieces.nl\/product\/borma-wachs-wasverwijderaar-op-waterbasis-voor-vloeren-1-liter\/#breadcrumb","itemListElement":[{"@type":"ListItem","position":1,"name":"Home","item":"https:\/\/partsandpieces.nl\/home\/"},{"@type":"ListItem","position":2,"name":"Winkel","item":"https:\/\/partsandpieces.nl\/winkel\/"},{"@type":"ListItem","position":3,"name":"Borma Wachs Wasverwijderaar op waterbasis voor vloeren 1 liter"}]},{"@type":"WebSite","@id":"https:\/\/partsandpieces.nl\/#website","url":"https:\/\/partsandpieces.nl\/","name":"Teile &amp; St\u00fccke","description":"Alles f\u00fcr Ihre M\u00f6belrestaurierung und -pflege!","potentialAction":[{"@type":"SearchAction","target":{"@type":"EntryPoint","urlTemplate":"https:\/\/partsandpieces.nl\/?s={search_term_string}"},"query-input":{"@type":"PropertyValueSpecification","valueRequired":true,"valueName":"search_term_string"}}],"inLanguage":"de"}]}},"_links":{"self":[{"href":"https:\/\/partsandpieces.nl\/de\/wp-json\/wp\/v2\/product\/2340","targetHints":{"allow":["GET"]}}],"collection":[{"href":"https:\/\/partsandpieces.nl\/de\/wp-json\/wp\/v2\/product"}],"about":[{"href":"https:\/\/partsandpieces.nl\/de\/wp-json\/wp\/v2\/types\/product"}],"wp:featuredmedia":[{"embeddable":true,"href":"https:\/\/partsandpieces.nl\/de\/wp-json\/wp\/v2\/media\/11044"}],"wp:attachment":[{"href":"https:\/\/partsandpieces.nl\/de\/wp-json\/wp\/v2\/media?parent=2340"}],"wp:term":[{"taxonomy":"product_brand","embeddable":true,"href":"https:\/\/partsandpieces.nl\/de\/wp-json\/wp\/v2\/product_brand?post=2340"},{"taxonomy":"product_cat","embeddable":true,"href":"https:\/\/partsandpieces.nl\/de\/wp-json\/wp\/v2\/product_cat?post=2340"},{"taxonomy":"product_tag","embeddable":true,"href":"https:\/\/partsandpieces.nl\/de\/wp-json\/wp\/v2\/product_tag?post=2340"}],"curies":[{"name":"wp","href":"https:\/\/api.w.org\/{rel}","templated":true}]}}