{"id":238,"date":"2020-07-10T11:55:19","date_gmt":"2020-07-10T11:55:19","guid":{"rendered":"https:\/\/partsandpieces.bonsaidev.nl\/?product=deco-plaat-150x135-mm"},"modified":"2024-12-06T13:05:41","modified_gmt":"2024-12-06T12:05:41","slug":"mobeldeko-engel-mit-2-fackeln-155x140mm","status":"publish","type":"product","link":"https:\/\/partsandpieces.nl\/de\/product\/meubeldecoratie-engel-met-2-toortsen-155x140mm\/","title":{"rendered":"M\u00f6beldekorationsengel mit 2 Fackeln 155x140mm"},"content":{"rendered":"<p><strong>M\u00f6beldekorationsengel mit 2 Fackeln 155x140mm<\/strong> ist ein dekoratives Bild f\u00fcr Ihr klassisches oder antikes M\u00f6belst\u00fcck. Das Bild zeigt einen weiblichen Engel mit einem Band in der Hand. Auf beiden Seiten befindet sich eine brennende Fackel. Die Dekoration besteht aus Zamak* und hat eine gl\u00e4nzende Messingoberfl\u00e4che.<\/p>\n<p>Diese hochwertige Dekoration wird in Italien hergestellt.<\/p>\n<p><strong>Ma\u00dfe<br \/>\n<\/strong>Der M\u00f6beldeko-Engel mit 2 Fackeln 155x140mm hat eine Breite von 155mm und ist 140mm hoch.<\/p>\n<p><strong>Bearbeiten<br \/>\n<\/strong>Sie montieren die Dekoration mit 4 Schrauben. Ich liefere diese Schrauben NICHT.<\/p>\n<p>* Zamak ist eine Legierung mit Zink als Hauptbestandteil. Es hat einen relativ niedrigen Schmelzpunkt und ist leicht zu gie\u00dfen. Der Name ist ein Akronym, abgeleitet von den Anfangsbuchstaben der deutschen Bezeichnungen f\u00fcr die Metalle, aus denen sich der Werkstoff zusammensetzt: Zink, Aluminium, MAGnesium, Kupfer. Zamak wird in der Auto- und M\u00f6belindustrie f\u00fcr T\u00fcrgriffe, Griffe, Logos und Zierleisten verwendet. Es wird auch h\u00e4ufig als Ersatz f\u00fcr das giftige Blei verwendet.<\/p>","protected":false},"excerpt":{"rendered":"<p>Meubeldecoratie engel met 2 toortsen 155x140mm is een decoratief plaatje voor op je klassieke of antieke meubelstuk. De afbeelding stelt vrouwelijke engel voor met in de hand een lint. Aan weerszijde staat een brandende toorts. De decoratie is gemaakt van zamak* en heeft een glanzende messing finish. Deze kwalitatief uitstekende decoratie is gemaakt in Itali\u00eb. [&hellip;]<\/p>\n","protected":false},"featured_media":5249,"template":"","meta":{"_acf_changed":false},"product_brand":[],"product_cat":[27,23],"product_tag":[],"class_list":{"0":"post-238","1":"product","2":"type-product","3":"status-publish","4":"has-post-thumbnail","6":"product_cat-decoratieve-plaatjes-en-rozetten","7":"product_cat-meubelbeslag","9":"first","10":"instock","11":"taxable","12":"shipping-taxable","13":"purchasable","14":"product-type-simple"},"acf":[],"yoast_head":"<!-- This site is optimized with the Yoast SEO plugin v27.3 - https:\/\/yoast.com\/product\/yoast-seo-wordpress\/ -->\n<title>Meubeldecoratie engel met 2 toortsen<\/title>\n<meta name=\"description\" content=\"Meubeldecoratie engel met 2 toortsen 155x140mm is een decoratief plaatje voor op je klassieke of antieke meubelstuk. Het heeft een glanzende messing finish.\" \/>\n<meta name=\"robots\" content=\"index, follow, max-snippet:-1, max-image-preview:large, max-video-preview:-1\" \/>\n<link rel=\"canonical\" href=\"https:\/\/partsandpieces.nl\/de\/produkt\/mobeldeko-engel-mit-2-fackeln-155x140mm\/\" \/>\n<meta property=\"og:locale\" content=\"de_DE\" \/>\n<meta property=\"og:type\" content=\"article\" \/>\n<meta property=\"og:title\" content=\"Meubeldecoratie engel met 2 toortsen\" \/>\n<meta property=\"og:description\" content=\"Meubeldecoratie engel met 2 toortsen 155x140mm is een decoratief plaatje voor op je klassieke of antieke meubelstuk. Het heeft een glanzende messing finish.\" \/>\n<meta property=\"og:url\" content=\"https:\/\/partsandpieces.nl\/de\/produkt\/mobeldeko-engel-mit-2-fackeln-155x140mm\/\" \/>\n<meta property=\"og:site_name\" content=\"Parts &amp; Pieces\" \/>\n<meta property=\"article:modified_time\" content=\"2024-12-06T12:05:41+00:00\" \/>\n<meta property=\"og:image\" content=\"https:\/\/partsandpieces.nl\/wp-content\/uploads\/2020\/07\/Decoratie-engel-met-2-toortsen-155x140mm.jpg\" \/>\n\t<meta property=\"og:image:width\" content=\"480\" \/>\n\t<meta property=\"og:image:height\" content=\"481\" \/>\n\t<meta property=\"og:image:type\" content=\"image\/jpeg\" \/>\n<meta name=\"twitter:card\" content=\"summary_large_image\" \/>\n<meta name=\"twitter:label1\" content=\"Gesch\u00e4tzte Lesezeit\" \/>\n\t<meta name=\"twitter:data1\" content=\"1\u00a0Minute\" \/>\n<script type=\"application\/ld+json\" class=\"yoast-schema-graph\">{\"@context\":\"https:\\\/\\\/schema.org\",\"@graph\":[{\"@type\":\"WebPage\",\"@id\":\"https:\\\/\\\/partsandpieces.nl\\\/product\\\/meubeldecoratie-engel-met-2-toortsen-155x140mm\\\/\",\"url\":\"https:\\\/\\\/partsandpieces.nl\\\/product\\\/meubeldecoratie-engel-met-2-toortsen-155x140mm\\\/\",\"name\":\"Meubeldecoratie engel met 2 toortsen\",\"isPartOf\":{\"@id\":\"https:\\\/\\\/partsandpieces.nl\\\/#website\"},\"primaryImageOfPage\":{\"@id\":\"https:\\\/\\\/partsandpieces.nl\\\/product\\\/meubeldecoratie-engel-met-2-toortsen-155x140mm\\\/#primaryimage\"},\"image\":{\"@id\":\"https:\\\/\\\/partsandpieces.nl\\\/product\\\/meubeldecoratie-engel-met-2-toortsen-155x140mm\\\/#primaryimage\"},\"thumbnailUrl\":\"https:\\\/\\\/partsandpieces.nl\\\/wp-content\\\/uploads\\\/2020\\\/07\\\/Decoratie-engel-met-2-toortsen-155x140mm.jpg\",\"datePublished\":\"2020-07-10T11:55:19+00:00\",\"dateModified\":\"2024-12-06T12:05:41+00:00\",\"description\":\"Meubeldecoratie engel met 2 toortsen 155x140mm is een decoratief plaatje voor op je klassieke of antieke meubelstuk. Het heeft een glanzende messing finish.\",\"breadcrumb\":{\"@id\":\"https:\\\/\\\/partsandpieces.nl\\\/product\\\/meubeldecoratie-engel-met-2-toortsen-155x140mm\\\/#breadcrumb\"},\"inLanguage\":\"de\",\"potentialAction\":[{\"@type\":\"ReadAction\",\"target\":[\"https:\\\/\\\/partsandpieces.nl\\\/product\\\/meubeldecoratie-engel-met-2-toortsen-155x140mm\\\/\"]}]},{\"@type\":\"ImageObject\",\"inLanguage\":\"de\",\"@id\":\"https:\\\/\\\/partsandpieces.nl\\\/product\\\/meubeldecoratie-engel-met-2-toortsen-155x140mm\\\/#primaryimage\",\"url\":\"https:\\\/\\\/partsandpieces.nl\\\/wp-content\\\/uploads\\\/2020\\\/07\\\/Decoratie-engel-met-2-toortsen-155x140mm.jpg\",\"contentUrl\":\"https:\\\/\\\/partsandpieces.nl\\\/wp-content\\\/uploads\\\/2020\\\/07\\\/Decoratie-engel-met-2-toortsen-155x140mm.jpg\",\"width\":480,\"height\":481,\"caption\":\"Decoratie engel met 2 toortsen 155x140mm\"},{\"@type\":\"BreadcrumbList\",\"@id\":\"https:\\\/\\\/partsandpieces.nl\\\/product\\\/meubeldecoratie-engel-met-2-toortsen-155x140mm\\\/#breadcrumb\",\"itemListElement\":[{\"@type\":\"ListItem\",\"position\":1,\"name\":\"Home\",\"item\":\"https:\\\/\\\/partsandpieces.nl\\\/home\\\/\"},{\"@type\":\"ListItem\",\"position\":2,\"name\":\"Winkel\",\"item\":\"https:\\\/\\\/partsandpieces.nl\\\/winkel\\\/\"},{\"@type\":\"ListItem\",\"position\":3,\"name\":\"Meubeldecoratie engel met 2 toortsen 155x140mm\"}]},{\"@type\":\"WebSite\",\"@id\":\"https:\\\/\\\/partsandpieces.nl\\\/#website\",\"url\":\"https:\\\/\\\/partsandpieces.nl\\\/\",\"name\":\"Parts &amp; Pieces\",\"description\":\"Alles voor uw meubelrestauratie en -onderhoud!\",\"potentialAction\":[{\"@type\":\"SearchAction\",\"target\":{\"@type\":\"EntryPoint\",\"urlTemplate\":\"https:\\\/\\\/partsandpieces.nl\\\/?s={search_term_string}\"},\"query-input\":{\"@type\":\"PropertyValueSpecification\",\"valueRequired\":true,\"valueName\":\"search_term_string\"}}],\"inLanguage\":\"de\"}]}<\/script>\n<!-- \/ Yoast SEO plugin. -->","yoast_head_json":{"title":"M\u00f6beldeko-Engel mit 2 Fackeln","description":"M\u00f6beldeko Engel mit 2 Fackeln 155x140mm ist ein Dekobild f\u00fcr Ihr klassisches oder antikes M\u00f6belst\u00fcck. Es hat eine gl\u00e4nzende Messingoberfl\u00e4che.","robots":{"index":"index","follow":"follow","max-snippet":"max-snippet:-1","max-image-preview":"max-image-preview:large","max-video-preview":"max-video-preview:-1"},"canonical":"https:\/\/partsandpieces.nl\/de\/produkt\/mobeldeko-engel-mit-2-fackeln-155x140mm\/","og_locale":"de_DE","og_type":"article","og_title":"Meubeldecoratie engel met 2 toortsen","og_description":"Meubeldecoratie engel met 2 toortsen 155x140mm is een decoratief plaatje voor op je klassieke of antieke meubelstuk. Het heeft een glanzende messing finish.","og_url":"https:\/\/partsandpieces.nl\/de\/produkt\/mobeldeko-engel-mit-2-fackeln-155x140mm\/","og_site_name":"Parts &amp; Pieces","article_modified_time":"2024-12-06T12:05:41+00:00","og_image":[{"width":480,"height":481,"url":"https:\/\/partsandpieces.nl\/wp-content\/uploads\/2020\/07\/Decoratie-engel-met-2-toortsen-155x140mm.jpg","type":"image\/jpeg"}],"twitter_card":"summary_large_image","twitter_misc":{"Gesch\u00e4tzte Lesezeit":"1\u00a0Minute"},"schema":{"@context":"https:\/\/schema.org","@graph":[{"@type":"WebPage","@id":"https:\/\/partsandpieces.nl\/product\/meubeldecoratie-engel-met-2-toortsen-155x140mm\/","url":"https:\/\/partsandpieces.nl\/product\/meubeldecoratie-engel-met-2-toortsen-155x140mm\/","name":"M\u00f6beldeko-Engel mit 2 Fackeln","isPartOf":{"@id":"https:\/\/partsandpieces.nl\/#website"},"primaryImageOfPage":{"@id":"https:\/\/partsandpieces.nl\/product\/meubeldecoratie-engel-met-2-toortsen-155x140mm\/#primaryimage"},"image":{"@id":"https:\/\/partsandpieces.nl\/product\/meubeldecoratie-engel-met-2-toortsen-155x140mm\/#primaryimage"},"thumbnailUrl":"https:\/\/partsandpieces.nl\/wp-content\/uploads\/2020\/07\/Decoratie-engel-met-2-toortsen-155x140mm.jpg","datePublished":"2020-07-10T11:55:19+00:00","dateModified":"2024-12-06T12:05:41+00:00","description":"M\u00f6beldeko Engel mit 2 Fackeln 155x140mm ist ein Dekobild f\u00fcr Ihr klassisches oder antikes M\u00f6belst\u00fcck. Es hat eine gl\u00e4nzende Messingoberfl\u00e4che.","breadcrumb":{"@id":"https:\/\/partsandpieces.nl\/product\/meubeldecoratie-engel-met-2-toortsen-155x140mm\/#breadcrumb"},"inLanguage":"de","potentialAction":[{"@type":"ReadAction","target":["https:\/\/partsandpieces.nl\/product\/meubeldecoratie-engel-met-2-toortsen-155x140mm\/"]}]},{"@type":"ImageObject","inLanguage":"de","@id":"https:\/\/partsandpieces.nl\/product\/meubeldecoratie-engel-met-2-toortsen-155x140mm\/#primaryimage","url":"https:\/\/partsandpieces.nl\/wp-content\/uploads\/2020\/07\/Decoratie-engel-met-2-toortsen-155x140mm.jpg","contentUrl":"https:\/\/partsandpieces.nl\/wp-content\/uploads\/2020\/07\/Decoratie-engel-met-2-toortsen-155x140mm.jpg","width":480,"height":481,"caption":"Decoratie engel met 2 toortsen 155x140mm"},{"@type":"BreadcrumbList","@id":"https:\/\/partsandpieces.nl\/product\/meubeldecoratie-engel-met-2-toortsen-155x140mm\/#breadcrumb","itemListElement":[{"@type":"ListItem","position":1,"name":"Home","item":"https:\/\/partsandpieces.nl\/home\/"},{"@type":"ListItem","position":2,"name":"Winkel","item":"https:\/\/partsandpieces.nl\/winkel\/"},{"@type":"ListItem","position":3,"name":"Meubeldecoratie engel met 2 toortsen 155x140mm"}]},{"@type":"WebSite","@id":"https:\/\/partsandpieces.nl\/#website","url":"https:\/\/partsandpieces.nl\/","name":"Teile &amp; St\u00fccke","description":"Alles f\u00fcr Ihre M\u00f6belrestaurierung und -pflege!","potentialAction":[{"@type":"SearchAction","target":{"@type":"EntryPoint","urlTemplate":"https:\/\/partsandpieces.nl\/?s={search_term_string}"},"query-input":{"@type":"PropertyValueSpecification","valueRequired":true,"valueName":"search_term_string"}}],"inLanguage":"de"}]}},"_links":{"self":[{"href":"https:\/\/partsandpieces.nl\/de\/wp-json\/wp\/v2\/product\/238","targetHints":{"allow":["GET"]}}],"collection":[{"href":"https:\/\/partsandpieces.nl\/de\/wp-json\/wp\/v2\/product"}],"about":[{"href":"https:\/\/partsandpieces.nl\/de\/wp-json\/wp\/v2\/types\/product"}],"wp:featuredmedia":[{"embeddable":true,"href":"https:\/\/partsandpieces.nl\/de\/wp-json\/wp\/v2\/media\/5249"}],"wp:attachment":[{"href":"https:\/\/partsandpieces.nl\/de\/wp-json\/wp\/v2\/media?parent=238"}],"wp:term":[{"taxonomy":"product_brand","embeddable":true,"href":"https:\/\/partsandpieces.nl\/de\/wp-json\/wp\/v2\/product_brand?post=238"},{"taxonomy":"product_cat","embeddable":true,"href":"https:\/\/partsandpieces.nl\/de\/wp-json\/wp\/v2\/product_cat?post=238"},{"taxonomy":"product_tag","embeddable":true,"href":"https:\/\/partsandpieces.nl\/de\/wp-json\/wp\/v2\/product_tag?post=238"}],"curies":[{"name":"wp","href":"https:\/\/api.w.org\/{rel}","templated":true}]}}