{"id":2393,"date":"2020-09-27T09:23:26","date_gmt":"2020-09-27T07:23:26","guid":{"rendered":"https:\/\/partsandpieces.bonsaidev.nl\/?product=borma-wachs-cilindrische-boorpolijstborstel-100x125mm"},"modified":"2024-01-19T09:36:03","modified_gmt":"2024-01-19T08:36:03","slug":"borma-wachs-zylindrische-polierburste-100x125mm","status":"publish","type":"product","link":"https:\/\/partsandpieces.nl\/de\/product\/borma-wachs-cilindrische-polijstborstel-100x125mm\/","title":{"rendered":"Borma Wachs Zylindrische Polierb\u00fcrste (100x125mm)"},"content":{"rendered":"<p>Die <strong>Zylindrische Polierb\u00fcrste<\/strong> von <a href=\"http:\/\/www.bormawachs.com\">Borma Wachs<\/a> ist ein Bohraufsatz, um beim Polieren von Wachs professionellen Glanz zu erzielen. Es ist das perfekte Werkzeug zum Polieren von gewaschenem Holz wie Holzm\u00f6beln. L\u00e4sst sich einfach an einer Bohrmaschine mit variabler Geschwindigkeit befestigen, um eine Vielzahl von Holzwachsen schnell und einfach zu polieren.<\/p>\n<p>\u2013 Eine zylindrische Polierb\u00fcrste zum Polieren gro\u00dfer flacher Oberfl\u00e4chen<br \/>\n\u2013 Ideal f\u00fcr den Einsatz mit M\u00f6belwachsen und Polituren<br \/>\n\u2013 100 mm Durchmesser, 125 mm L\u00e4nge, 22 mm Borstenl\u00e4nge<br \/>\n\u2013 Zur Verwendung mit Bohrmaschinen mit variabler Drehzahl<\/p>\n<p><b>Vorbereitung<\/b><br \/>\nAchten Sie darauf, die Umgebung zu sch\u00fctzen und abzudecken, wenn Sie die zylindrische Polierb\u00fcrste verwenden. Wachs- oder Politurreste k\u00f6nnen spritzen, wenn Sie zu viel Produkt verwenden oder zu viel Druck aus\u00fcben. Tragen Sie immer eine Schutzbrille, wenn Sie die B\u00fcrste verwenden.<\/p>\n<p><b>Anwendung<\/b><br \/>\nHinweis: Wenn Sie diese B\u00fcrste zum Polieren von Wachs auf Holzoberfl\u00e4chen verwenden, sollten die Borsten der B\u00fcrste nur leicht mit dem Wachs in Ber\u00fchrung kommen. Wenn Sie zu viel Druck aus\u00fcben, besteht eine gute Chance, dass Sie das Wachs vom Holz abschleifen.<\/p>","protected":false},"excerpt":{"rendered":"<p>De Cilindrische Polijstborstel van Borma Wachs is een booropzetstuk om een \u200b\u200bprofessionele glans te krijgen bij het polijsten van wax. Het is het perfecte gereedschap voor het polijsten van gewast hout zoals houten meubels. Eenvoudig te bevestigen aan een boormachine met variabele snelheden om snel en gemakkelijk een verscheidenheid aan houtwassen te polijsten. &#8211; Een [&hellip;]<\/p>\n","protected":false},"featured_media":2394,"template":"","meta":{"_acf_changed":false},"product_brand":[],"product_cat":[94,93],"product_tag":[],"class_list":{"0":"post-2393","1":"product","2":"type-product","3":"status-publish","4":"has-post-thumbnail","6":"product_cat-borstels-en-kwasten","7":"product_cat-diversen","9":"first","10":"outofstock","11":"taxable","12":"shipping-taxable","13":"purchasable","14":"product-type-simple"},"acf":[],"yoast_head":"<!-- This site is optimized with the Yoast SEO plugin v27.3 - https:\/\/yoast.com\/product\/yoast-seo-wordpress\/ -->\n<title>Cilindrische Polijstborstel van Borma Wachs<\/title>\n<meta name=\"description\" content=\"De Cilindrische Polijstborstel van Borma Wachs is een booropzetstuk om een \u200b\u200bprofessionele glans te krijgen bij het polijsten van wax.\" \/>\n<meta name=\"robots\" content=\"index, follow, max-snippet:-1, max-image-preview:large, max-video-preview:-1\" \/>\n<link rel=\"canonical\" href=\"https:\/\/partsandpieces.nl\/de\/produkt\/borma-wachs-zylindrische-polierburste-100x125mm\/\" \/>\n<meta property=\"og:locale\" content=\"de_DE\" \/>\n<meta property=\"og:type\" content=\"article\" \/>\n<meta property=\"og:title\" content=\"Cilindrische Polijstborstel van Borma Wachs\" \/>\n<meta property=\"og:description\" content=\"De Cilindrische Polijstborstel van Borma Wachs is een booropzetstuk om een \u200b\u200bprofessionele glans te krijgen bij het polijsten van wax.\" \/>\n<meta property=\"og:url\" content=\"https:\/\/partsandpieces.nl\/de\/produkt\/borma-wachs-zylindrische-polierburste-100x125mm\/\" \/>\n<meta property=\"og:site_name\" content=\"Parts &amp; Pieces\" \/>\n<meta property=\"article:modified_time\" content=\"2024-01-19T08:36:03+00:00\" \/>\n<meta property=\"og:image\" content=\"https:\/\/partsandpieces.nl\/wp-content\/uploads\/2022\/09\/201166.jpg\" \/>\n\t<meta property=\"og:image:width\" content=\"600\" \/>\n\t<meta property=\"og:image:height\" content=\"600\" \/>\n\t<meta property=\"og:image:type\" content=\"image\/jpeg\" \/>\n<meta name=\"twitter:card\" content=\"summary_large_image\" \/>\n<meta name=\"twitter:label1\" content=\"Gesch\u00e4tzte Lesezeit\" \/>\n\t<meta name=\"twitter:data1\" content=\"1\u00a0Minute\" \/>\n<script type=\"application\/ld+json\" class=\"yoast-schema-graph\">{\"@context\":\"https:\\\/\\\/schema.org\",\"@graph\":[{\"@type\":\"WebPage\",\"@id\":\"https:\\\/\\\/partsandpieces.nl\\\/product\\\/borma-wachs-cilindrische-polijstborstel-100x125mm\\\/\",\"url\":\"https:\\\/\\\/partsandpieces.nl\\\/product\\\/borma-wachs-cilindrische-polijstborstel-100x125mm\\\/\",\"name\":\"Cilindrische Polijstborstel van Borma Wachs\",\"isPartOf\":{\"@id\":\"https:\\\/\\\/partsandpieces.nl\\\/#website\"},\"primaryImageOfPage\":{\"@id\":\"https:\\\/\\\/partsandpieces.nl\\\/product\\\/borma-wachs-cilindrische-polijstborstel-100x125mm\\\/#primaryimage\"},\"image\":{\"@id\":\"https:\\\/\\\/partsandpieces.nl\\\/product\\\/borma-wachs-cilindrische-polijstborstel-100x125mm\\\/#primaryimage\"},\"thumbnailUrl\":\"https:\\\/\\\/partsandpieces.nl\\\/wp-content\\\/uploads\\\/2022\\\/09\\\/201166.jpg\",\"datePublished\":\"2020-09-27T07:23:26+00:00\",\"dateModified\":\"2024-01-19T08:36:03+00:00\",\"description\":\"De Cilindrische Polijstborstel van Borma Wachs is een booropzetstuk om een \u200b\u200bprofessionele glans te krijgen bij het polijsten van wax.\",\"breadcrumb\":{\"@id\":\"https:\\\/\\\/partsandpieces.nl\\\/product\\\/borma-wachs-cilindrische-polijstborstel-100x125mm\\\/#breadcrumb\"},\"inLanguage\":\"de\",\"potentialAction\":[{\"@type\":\"ReadAction\",\"target\":[\"https:\\\/\\\/partsandpieces.nl\\\/product\\\/borma-wachs-cilindrische-polijstborstel-100x125mm\\\/\"]}]},{\"@type\":\"ImageObject\",\"inLanguage\":\"de\",\"@id\":\"https:\\\/\\\/partsandpieces.nl\\\/product\\\/borma-wachs-cilindrische-polijstborstel-100x125mm\\\/#primaryimage\",\"url\":\"https:\\\/\\\/partsandpieces.nl\\\/wp-content\\\/uploads\\\/2022\\\/09\\\/201166.jpg\",\"contentUrl\":\"https:\\\/\\\/partsandpieces.nl\\\/wp-content\\\/uploads\\\/2022\\\/09\\\/201166.jpg\",\"width\":600,\"height\":600},{\"@type\":\"BreadcrumbList\",\"@id\":\"https:\\\/\\\/partsandpieces.nl\\\/product\\\/borma-wachs-cilindrische-polijstborstel-100x125mm\\\/#breadcrumb\",\"itemListElement\":[{\"@type\":\"ListItem\",\"position\":1,\"name\":\"Home\",\"item\":\"https:\\\/\\\/partsandpieces.nl\\\/home\\\/\"},{\"@type\":\"ListItem\",\"position\":2,\"name\":\"Winkel\",\"item\":\"https:\\\/\\\/partsandpieces.nl\\\/winkel\\\/\"},{\"@type\":\"ListItem\",\"position\":3,\"name\":\"Borma Wachs Cilindrische Polijstborstel (100x125mm)\"}]},{\"@type\":\"WebSite\",\"@id\":\"https:\\\/\\\/partsandpieces.nl\\\/#website\",\"url\":\"https:\\\/\\\/partsandpieces.nl\\\/\",\"name\":\"Parts &amp; Pieces\",\"description\":\"Alles voor uw meubelrestauratie en -onderhoud!\",\"potentialAction\":[{\"@type\":\"SearchAction\",\"target\":{\"@type\":\"EntryPoint\",\"urlTemplate\":\"https:\\\/\\\/partsandpieces.nl\\\/?s={search_term_string}\"},\"query-input\":{\"@type\":\"PropertyValueSpecification\",\"valueRequired\":true,\"valueName\":\"search_term_string\"}}],\"inLanguage\":\"de\"}]}<\/script>\n<!-- \/ Yoast SEO plugin. -->","yoast_head_json":{"title":"Zylindrische Polierb\u00fcrste aus Borma Wachs","description":"Die zylindrische Polierb\u00fcrste Borma Wachs ist ein Bohreraufsatz, um beim Polieren von Wachs einen professionellen Glanz zu erzielen.","robots":{"index":"index","follow":"follow","max-snippet":"max-snippet:-1","max-image-preview":"max-image-preview:large","max-video-preview":"max-video-preview:-1"},"canonical":"https:\/\/partsandpieces.nl\/de\/produkt\/borma-wachs-zylindrische-polierburste-100x125mm\/","og_locale":"de_DE","og_type":"article","og_title":"Cilindrische Polijstborstel van Borma Wachs","og_description":"De Cilindrische Polijstborstel van Borma Wachs is een booropzetstuk om een \u200b\u200bprofessionele glans te krijgen bij het polijsten van wax.","og_url":"https:\/\/partsandpieces.nl\/de\/produkt\/borma-wachs-zylindrische-polierburste-100x125mm\/","og_site_name":"Parts &amp; Pieces","article_modified_time":"2024-01-19T08:36:03+00:00","og_image":[{"width":600,"height":600,"url":"https:\/\/partsandpieces.nl\/wp-content\/uploads\/2022\/09\/201166.jpg","type":"image\/jpeg"}],"twitter_card":"summary_large_image","twitter_misc":{"Gesch\u00e4tzte Lesezeit":"1\u00a0Minute"},"schema":{"@context":"https:\/\/schema.org","@graph":[{"@type":"WebPage","@id":"https:\/\/partsandpieces.nl\/product\/borma-wachs-cilindrische-polijstborstel-100x125mm\/","url":"https:\/\/partsandpieces.nl\/product\/borma-wachs-cilindrische-polijstborstel-100x125mm\/","name":"Zylindrische Polierb\u00fcrste aus Borma Wachs","isPartOf":{"@id":"https:\/\/partsandpieces.nl\/#website"},"primaryImageOfPage":{"@id":"https:\/\/partsandpieces.nl\/product\/borma-wachs-cilindrische-polijstborstel-100x125mm\/#primaryimage"},"image":{"@id":"https:\/\/partsandpieces.nl\/product\/borma-wachs-cilindrische-polijstborstel-100x125mm\/#primaryimage"},"thumbnailUrl":"https:\/\/partsandpieces.nl\/wp-content\/uploads\/2022\/09\/201166.jpg","datePublished":"2020-09-27T07:23:26+00:00","dateModified":"2024-01-19T08:36:03+00:00","description":"Die zylindrische Polierb\u00fcrste Borma Wachs ist ein Bohreraufsatz, um beim Polieren von Wachs einen professionellen Glanz zu erzielen.","breadcrumb":{"@id":"https:\/\/partsandpieces.nl\/product\/borma-wachs-cilindrische-polijstborstel-100x125mm\/#breadcrumb"},"inLanguage":"de","potentialAction":[{"@type":"ReadAction","target":["https:\/\/partsandpieces.nl\/product\/borma-wachs-cilindrische-polijstborstel-100x125mm\/"]}]},{"@type":"ImageObject","inLanguage":"de","@id":"https:\/\/partsandpieces.nl\/product\/borma-wachs-cilindrische-polijstborstel-100x125mm\/#primaryimage","url":"https:\/\/partsandpieces.nl\/wp-content\/uploads\/2022\/09\/201166.jpg","contentUrl":"https:\/\/partsandpieces.nl\/wp-content\/uploads\/2022\/09\/201166.jpg","width":600,"height":600},{"@type":"BreadcrumbList","@id":"https:\/\/partsandpieces.nl\/product\/borma-wachs-cilindrische-polijstborstel-100x125mm\/#breadcrumb","itemListElement":[{"@type":"ListItem","position":1,"name":"Home","item":"https:\/\/partsandpieces.nl\/home\/"},{"@type":"ListItem","position":2,"name":"Winkel","item":"https:\/\/partsandpieces.nl\/winkel\/"},{"@type":"ListItem","position":3,"name":"Borma Wachs Cilindrische Polijstborstel (100x125mm)"}]},{"@type":"WebSite","@id":"https:\/\/partsandpieces.nl\/#website","url":"https:\/\/partsandpieces.nl\/","name":"Teile &amp; St\u00fccke","description":"Alles f\u00fcr Ihre M\u00f6belrestaurierung und -pflege!","potentialAction":[{"@type":"SearchAction","target":{"@type":"EntryPoint","urlTemplate":"https:\/\/partsandpieces.nl\/?s={search_term_string}"},"query-input":{"@type":"PropertyValueSpecification","valueRequired":true,"valueName":"search_term_string"}}],"inLanguage":"de"}]}},"_links":{"self":[{"href":"https:\/\/partsandpieces.nl\/de\/wp-json\/wp\/v2\/product\/2393","targetHints":{"allow":["GET"]}}],"collection":[{"href":"https:\/\/partsandpieces.nl\/de\/wp-json\/wp\/v2\/product"}],"about":[{"href":"https:\/\/partsandpieces.nl\/de\/wp-json\/wp\/v2\/types\/product"}],"wp:featuredmedia":[{"embeddable":true,"href":"https:\/\/partsandpieces.nl\/de\/wp-json\/wp\/v2\/media\/2394"}],"wp:attachment":[{"href":"https:\/\/partsandpieces.nl\/de\/wp-json\/wp\/v2\/media?parent=2393"}],"wp:term":[{"taxonomy":"product_brand","embeddable":true,"href":"https:\/\/partsandpieces.nl\/de\/wp-json\/wp\/v2\/product_brand?post=2393"},{"taxonomy":"product_cat","embeddable":true,"href":"https:\/\/partsandpieces.nl\/de\/wp-json\/wp\/v2\/product_cat?post=2393"},{"taxonomy":"product_tag","embeddable":true,"href":"https:\/\/partsandpieces.nl\/de\/wp-json\/wp\/v2\/product_tag?post=2393"}],"curies":[{"name":"wp","href":"https:\/\/api.w.org\/{rel}","templated":true}]}}