{"id":2403,"date":"2020-09-27T09:34:06","date_gmt":"2020-09-27T07:34:06","guid":{"rendered":"https:\/\/partsandpieces.bonsaidev.nl\/?product=hand-borstel-brush-soft-met-hout-120-x45-mm"},"modified":"2026-03-18T20:49:07","modified_gmt":"2026-03-18T19:49:07","slug":"handburste-weich-mit-holz-120-x-45-mm","status":"publish","type":"product","link":"https:\/\/partsandpieces.nl\/de\/product\/hand-borstel-brush-soft-met-hout-120-x45-mm\/","title":{"rendered":"Scheuerb\u00fcrste aus Holz (weich) 120x45mm"},"content":{"rendered":"<p><strong>Scheuerb\u00fcrste aus Holz<\/strong> mit einer Gr\u00f6\u00dfe von 120x45mm. Die Handb\u00fcrste hat weiche Borsten. Die B\u00fcrste hat 7 Borstenreihen. Die Haare der \u00e4u\u00dferen 2 Reihen sind l\u00e4nger als die der inneren 3 Reihen. Diese Polierb\u00fcrste eignet sich besonders gut f\u00fcr Ecken und Kanten.<\/p>\n<p>Die B\u00fcrste eignet sich zum Polieren von gewachsten oder ge\u00f6lten M\u00f6beln. Mit der Verwendung dieser B\u00fcrste erhalten Sie ein sch\u00f6nes glattes und poliertes Ergebnis.<\/p>","protected":false},"excerpt":{"rendered":"<p>Houten boenborstel met een afmeting van 120x45mm. De handborstel heeft zachte haren. De borstel heeft 7 rijen met haren. De haren van de buitenste 2 rijen zijn langer dan die van de binnenste 3 rijen. Deze boenborstel is met name geschikt voor\u00a0hoeken en kanten. De borstel is geschikt voor het boenen van in de was [&hellip;]<\/p>\n","protected":false},"featured_media":8437,"template":"","meta":{"_acf_changed":false},"product_brand":[],"product_cat":[94,93],"product_tag":[],"class_list":{"0":"post-2403","1":"product","2":"type-product","3":"status-publish","4":"has-post-thumbnail","6":"product_cat-borstels-en-kwasten","7":"product_cat-diversen","9":"first","10":"instock","11":"taxable","12":"shipping-taxable","13":"purchasable","14":"product-type-simple"},"acf":[],"yoast_head":"<!-- This site is optimized with the Yoast SEO plugin v27.3 - https:\/\/yoast.com\/product\/yoast-seo-wordpress\/ -->\n<title>Hand borstel - brush Soft met hout 120 x45 mm<\/title>\n<meta name=\"robots\" content=\"index, follow, max-snippet:-1, max-image-preview:large, max-video-preview:-1\" \/>\n<link rel=\"canonical\" href=\"https:\/\/partsandpieces.nl\/de\/produkt\/handburste-weich-mit-holz-120-x-45-mm\/\" \/>\n<meta property=\"og:locale\" content=\"de_DE\" \/>\n<meta property=\"og:type\" content=\"article\" \/>\n<meta property=\"og:title\" content=\"Hand borstel - brush Soft met hout 120 x45 mm\" \/>\n<meta property=\"og:description\" content=\"Houten boenborstel met een afmeting van 120x45mm. De handborstel heeft zachte haren. De borstel heeft 7 rijen met haren. De haren van de buitenste 2 rijen zijn langer dan die van de binnenste 3 rijen. Deze boenborstel is met name geschikt voor\u00a0hoeken en kanten. De borstel is geschikt voor het boenen van in de was [&hellip;]\" \/>\n<meta property=\"og:url\" content=\"https:\/\/partsandpieces.nl\/de\/produkt\/handburste-weich-mit-holz-120-x-45-mm\/\" \/>\n<meta property=\"og:site_name\" content=\"Parts &amp; Pieces\" \/>\n<meta property=\"article:modified_time\" content=\"2026-03-18T19:49:07+00:00\" \/>\n<meta property=\"og:image\" content=\"https:\/\/partsandpieces.nl\/wp-content\/uploads\/2020\/09\/Houten-boenborstel-zacht-120x45mm.jpg\" \/>\n\t<meta property=\"og:image:width\" content=\"417\" \/>\n\t<meta property=\"og:image:height\" content=\"419\" \/>\n\t<meta property=\"og:image:type\" content=\"image\/jpeg\" \/>\n<meta name=\"twitter:card\" content=\"summary_large_image\" \/>\n<meta name=\"twitter:label1\" content=\"Gesch\u00e4tzte Lesezeit\" \/>\n\t<meta name=\"twitter:data1\" content=\"1\u00a0Minute\" \/>\n<script type=\"application\/ld+json\" class=\"yoast-schema-graph\">{\"@context\":\"https:\\\/\\\/schema.org\",\"@graph\":[{\"@type\":\"WebPage\",\"@id\":\"https:\\\/\\\/partsandpieces.nl\\\/product\\\/hand-borstel-brush-soft-met-hout-120-x45-mm\\\/\",\"url\":\"https:\\\/\\\/partsandpieces.nl\\\/product\\\/hand-borstel-brush-soft-met-hout-120-x45-mm\\\/\",\"name\":\"Hand borstel - brush Soft met hout 120 x45 mm\",\"isPartOf\":{\"@id\":\"https:\\\/\\\/partsandpieces.nl\\\/#website\"},\"primaryImageOfPage\":{\"@id\":\"https:\\\/\\\/partsandpieces.nl\\\/product\\\/hand-borstel-brush-soft-met-hout-120-x45-mm\\\/#primaryimage\"},\"image\":{\"@id\":\"https:\\\/\\\/partsandpieces.nl\\\/product\\\/hand-borstel-brush-soft-met-hout-120-x45-mm\\\/#primaryimage\"},\"thumbnailUrl\":\"https:\\\/\\\/partsandpieces.nl\\\/wp-content\\\/uploads\\\/2020\\\/09\\\/Houten-boenborstel-zacht-120x45mm.jpg\",\"datePublished\":\"2020-09-27T07:34:06+00:00\",\"dateModified\":\"2026-03-18T19:49:07+00:00\",\"breadcrumb\":{\"@id\":\"https:\\\/\\\/partsandpieces.nl\\\/product\\\/hand-borstel-brush-soft-met-hout-120-x45-mm\\\/#breadcrumb\"},\"inLanguage\":\"de\",\"potentialAction\":[{\"@type\":\"ReadAction\",\"target\":[\"https:\\\/\\\/partsandpieces.nl\\\/product\\\/hand-borstel-brush-soft-met-hout-120-x45-mm\\\/\"]}]},{\"@type\":\"ImageObject\",\"inLanguage\":\"de\",\"@id\":\"https:\\\/\\\/partsandpieces.nl\\\/product\\\/hand-borstel-brush-soft-met-hout-120-x45-mm\\\/#primaryimage\",\"url\":\"https:\\\/\\\/partsandpieces.nl\\\/wp-content\\\/uploads\\\/2020\\\/09\\\/Houten-boenborstel-zacht-120x45mm.jpg\",\"contentUrl\":\"https:\\\/\\\/partsandpieces.nl\\\/wp-content\\\/uploads\\\/2020\\\/09\\\/Houten-boenborstel-zacht-120x45mm.jpg\",\"width\":417,\"height\":419,\"caption\":\"Houten boenborstel (zacht) 120x45mm\"},{\"@type\":\"BreadcrumbList\",\"@id\":\"https:\\\/\\\/partsandpieces.nl\\\/product\\\/hand-borstel-brush-soft-met-hout-120-x45-mm\\\/#breadcrumb\",\"itemListElement\":[{\"@type\":\"ListItem\",\"position\":1,\"name\":\"Home\",\"item\":\"https:\\\/\\\/partsandpieces.nl\\\/home\\\/\"},{\"@type\":\"ListItem\",\"position\":2,\"name\":\"Winkel\",\"item\":\"https:\\\/\\\/partsandpieces.nl\\\/winkel\\\/\"},{\"@type\":\"ListItem\",\"position\":3,\"name\":\"Houten boenborstel (zacht) 120x45mm\"}]},{\"@type\":\"WebSite\",\"@id\":\"https:\\\/\\\/partsandpieces.nl\\\/#website\",\"url\":\"https:\\\/\\\/partsandpieces.nl\\\/\",\"name\":\"Parts &amp; Pieces\",\"description\":\"Alles voor uw meubelrestauratie en -onderhoud!\",\"potentialAction\":[{\"@type\":\"SearchAction\",\"target\":{\"@type\":\"EntryPoint\",\"urlTemplate\":\"https:\\\/\\\/partsandpieces.nl\\\/?s={search_term_string}\"},\"query-input\":{\"@type\":\"PropertyValueSpecification\",\"valueRequired\":true,\"valueName\":\"search_term_string\"}}],\"inLanguage\":\"de\"}]}<\/script>\n<!-- \/ Yoast SEO plugin. -->","yoast_head_json":{"title":"Handb\u00fcrste - B\u00fcrste Soft mit Holz 120 x45 mm","robots":{"index":"index","follow":"follow","max-snippet":"max-snippet:-1","max-image-preview":"max-image-preview:large","max-video-preview":"max-video-preview:-1"},"canonical":"https:\/\/partsandpieces.nl\/de\/produkt\/handburste-weich-mit-holz-120-x-45-mm\/","og_locale":"de_DE","og_type":"article","og_title":"Hand borstel - brush Soft met hout 120 x45 mm","og_description":"Houten boenborstel met een afmeting van 120x45mm. De handborstel heeft zachte haren. De borstel heeft 7 rijen met haren. De haren van de buitenste 2 rijen zijn langer dan die van de binnenste 3 rijen. Deze boenborstel is met name geschikt voor\u00a0hoeken en kanten. De borstel is geschikt voor het boenen van in de was [&hellip;]","og_url":"https:\/\/partsandpieces.nl\/de\/produkt\/handburste-weich-mit-holz-120-x-45-mm\/","og_site_name":"Parts &amp; Pieces","article_modified_time":"2026-03-18T19:49:07+00:00","og_image":[{"width":417,"height":419,"url":"https:\/\/partsandpieces.nl\/wp-content\/uploads\/2020\/09\/Houten-boenborstel-zacht-120x45mm.jpg","type":"image\/jpeg"}],"twitter_card":"summary_large_image","twitter_misc":{"Gesch\u00e4tzte Lesezeit":"1\u00a0Minute"},"schema":{"@context":"https:\/\/schema.org","@graph":[{"@type":"WebPage","@id":"https:\/\/partsandpieces.nl\/product\/hand-borstel-brush-soft-met-hout-120-x45-mm\/","url":"https:\/\/partsandpieces.nl\/product\/hand-borstel-brush-soft-met-hout-120-x45-mm\/","name":"Handb\u00fcrste - B\u00fcrste Soft mit Holz 120 x45 mm","isPartOf":{"@id":"https:\/\/partsandpieces.nl\/#website"},"primaryImageOfPage":{"@id":"https:\/\/partsandpieces.nl\/product\/hand-borstel-brush-soft-met-hout-120-x45-mm\/#primaryimage"},"image":{"@id":"https:\/\/partsandpieces.nl\/product\/hand-borstel-brush-soft-met-hout-120-x45-mm\/#primaryimage"},"thumbnailUrl":"https:\/\/partsandpieces.nl\/wp-content\/uploads\/2020\/09\/Houten-boenborstel-zacht-120x45mm.jpg","datePublished":"2020-09-27T07:34:06+00:00","dateModified":"2026-03-18T19:49:07+00:00","breadcrumb":{"@id":"https:\/\/partsandpieces.nl\/product\/hand-borstel-brush-soft-met-hout-120-x45-mm\/#breadcrumb"},"inLanguage":"de","potentialAction":[{"@type":"ReadAction","target":["https:\/\/partsandpieces.nl\/product\/hand-borstel-brush-soft-met-hout-120-x45-mm\/"]}]},{"@type":"ImageObject","inLanguage":"de","@id":"https:\/\/partsandpieces.nl\/product\/hand-borstel-brush-soft-met-hout-120-x45-mm\/#primaryimage","url":"https:\/\/partsandpieces.nl\/wp-content\/uploads\/2020\/09\/Houten-boenborstel-zacht-120x45mm.jpg","contentUrl":"https:\/\/partsandpieces.nl\/wp-content\/uploads\/2020\/09\/Houten-boenborstel-zacht-120x45mm.jpg","width":417,"height":419,"caption":"Houten boenborstel (zacht) 120x45mm"},{"@type":"BreadcrumbList","@id":"https:\/\/partsandpieces.nl\/product\/hand-borstel-brush-soft-met-hout-120-x45-mm\/#breadcrumb","itemListElement":[{"@type":"ListItem","position":1,"name":"Home","item":"https:\/\/partsandpieces.nl\/home\/"},{"@type":"ListItem","position":2,"name":"Winkel","item":"https:\/\/partsandpieces.nl\/winkel\/"},{"@type":"ListItem","position":3,"name":"Houten boenborstel (zacht) 120x45mm"}]},{"@type":"WebSite","@id":"https:\/\/partsandpieces.nl\/#website","url":"https:\/\/partsandpieces.nl\/","name":"Teile &amp; St\u00fccke","description":"Alles f\u00fcr Ihre M\u00f6belrestaurierung und -pflege!","potentialAction":[{"@type":"SearchAction","target":{"@type":"EntryPoint","urlTemplate":"https:\/\/partsandpieces.nl\/?s={search_term_string}"},"query-input":{"@type":"PropertyValueSpecification","valueRequired":true,"valueName":"search_term_string"}}],"inLanguage":"de"}]}},"_links":{"self":[{"href":"https:\/\/partsandpieces.nl\/de\/wp-json\/wp\/v2\/product\/2403","targetHints":{"allow":["GET"]}}],"collection":[{"href":"https:\/\/partsandpieces.nl\/de\/wp-json\/wp\/v2\/product"}],"about":[{"href":"https:\/\/partsandpieces.nl\/de\/wp-json\/wp\/v2\/types\/product"}],"wp:featuredmedia":[{"embeddable":true,"href":"https:\/\/partsandpieces.nl\/de\/wp-json\/wp\/v2\/media\/8437"}],"wp:attachment":[{"href":"https:\/\/partsandpieces.nl\/de\/wp-json\/wp\/v2\/media?parent=2403"}],"wp:term":[{"taxonomy":"product_brand","embeddable":true,"href":"https:\/\/partsandpieces.nl\/de\/wp-json\/wp\/v2\/product_brand?post=2403"},{"taxonomy":"product_cat","embeddable":true,"href":"https:\/\/partsandpieces.nl\/de\/wp-json\/wp\/v2\/product_cat?post=2403"},{"taxonomy":"product_tag","embeddable":true,"href":"https:\/\/partsandpieces.nl\/de\/wp-json\/wp\/v2\/product_tag?post=2403"}],"curies":[{"name":"wp","href":"https:\/\/api.w.org\/{rel}","templated":true}]}}