{"id":2411,"date":"2020-09-27T09:48:16","date_gmt":"2020-09-27T09:48:16","guid":{"rendered":"https:\/\/partsandpieces.bonsaidev.nl\/?product=pvc-coated-glove-30-cm"},"modified":"2024-05-14T11:33:10","modified_gmt":"2024-05-14T09:33:10","slug":"arbeitshandschuhe-pvc-rot-grose-xxl-1-paar","status":"publish","type":"product","link":"https:\/\/partsandpieces.nl\/de\/product\/werkhandschoenen-pvc-rood-maat-xxl-1-paar\/","title":{"rendered":"Arbeitshandschuhe PVC Rot Gr\u00f6\u00dfe XXL (1 Paar)"},"content":{"rendered":"<p><strong>Arbeitshandschuhe PVC Rot Gr\u00f6\u00dfe XXL<\/strong> ist ein vollbeschichteter Arbeitshandschuh. Der Handschuh ist \u00f6l- und fettbest\u00e4ndig und hat eine L\u00e4nge von 32 cm. Ich liefere diese Arbeitshandschuhe paarweise (links und rechts).<\/p>","protected":false},"excerpt":{"rendered":"<p>Arbeitshandschuhe PVC Rot Gr\u00f6\u00dfe XXL ist ein vollbeschichteter Arbeitshandschuh. Der Handschuh ist \u00f6l- und fettbest\u00e4ndig und hat eine L\u00e4nge von 32 cm. Ich liefere diese Arbeitshandschuhe paarweise (links und rechts).<\/p>","protected":false},"featured_media":8458,"template":"","meta":{"_acf_changed":false},"product_brand":[],"product_cat":[93,96],"product_tag":[],"class_list":{"0":"post-2411","1":"product","2":"type-product","3":"status-publish","4":"has-post-thumbnail","6":"product_cat-diversen","7":"product_cat-werkhandschoenen","9":"first","10":"instock","11":"taxable","12":"shipping-taxable","13":"purchasable","14":"product-type-simple"},"acf":[],"yoast_head":"<!-- This site is optimized with the Yoast SEO plugin v27.3 - https:\/\/yoast.com\/product\/yoast-seo-wordpress\/ -->\n<title>Werkhandschoenen PVC Rood XXL<\/title>\n<meta name=\"description\" content=\"Werkhandschoenen PVC Rood maat XXL is een volledig gecoate werkhandschoen. De handschoen is olie- en vetbestendig en heeft een lengte van 32cm.\" \/>\n<meta name=\"robots\" content=\"index, follow, max-snippet:-1, max-image-preview:large, max-video-preview:-1\" \/>\n<link rel=\"canonical\" href=\"https:\/\/partsandpieces.nl\/de\/produkt\/arbeitshandschuhe-pvc-rot-grose-xxl-1-paar\/\" \/>\n<meta property=\"og:locale\" content=\"de_DE\" \/>\n<meta property=\"og:type\" content=\"article\" \/>\n<meta property=\"og:title\" content=\"Werkhandschoenen PVC Rood XXL\" \/>\n<meta property=\"og:description\" content=\"Werkhandschoenen PVC Rood maat XXL is een volledig gecoate werkhandschoen. De handschoen is olie- en vetbestendig en heeft een lengte van 32cm.\" \/>\n<meta property=\"og:url\" content=\"https:\/\/partsandpieces.nl\/de\/produkt\/arbeitshandschuhe-pvc-rot-grose-xxl-1-paar\/\" \/>\n<meta property=\"og:site_name\" content=\"Parts &amp; Pieces\" \/>\n<meta property=\"article:modified_time\" content=\"2024-05-14T09:33:10+00:00\" \/>\n<meta property=\"og:image\" content=\"https:\/\/partsandpieces.nl\/wp-content\/uploads\/2020\/09\/Werkhandschoenen-PVC-Rood-maat-XXL.png\" \/>\n\t<meta property=\"og:image:width\" content=\"1000\" \/>\n\t<meta property=\"og:image:height\" content=\"1000\" \/>\n\t<meta property=\"og:image:type\" content=\"image\/png\" \/>\n<meta name=\"twitter:card\" content=\"summary_large_image\" \/>\n<meta name=\"twitter:label1\" content=\"Gesch\u00e4tzte Lesezeit\" \/>\n\t<meta name=\"twitter:data1\" content=\"1\u00a0Minute\" \/>\n<script type=\"application\/ld+json\" class=\"yoast-schema-graph\">{\"@context\":\"https:\\\/\\\/schema.org\",\"@graph\":[{\"@type\":\"WebPage\",\"@id\":\"https:\\\/\\\/partsandpieces.nl\\\/product\\\/werkhandschoenen-pvc-rood-maat-xxl-1-paar\\\/\",\"url\":\"https:\\\/\\\/partsandpieces.nl\\\/product\\\/werkhandschoenen-pvc-rood-maat-xxl-1-paar\\\/\",\"name\":\"Werkhandschoenen PVC Rood XXL\",\"isPartOf\":{\"@id\":\"https:\\\/\\\/partsandpieces.nl\\\/#website\"},\"primaryImageOfPage\":{\"@id\":\"https:\\\/\\\/partsandpieces.nl\\\/product\\\/werkhandschoenen-pvc-rood-maat-xxl-1-paar\\\/#primaryimage\"},\"image\":{\"@id\":\"https:\\\/\\\/partsandpieces.nl\\\/product\\\/werkhandschoenen-pvc-rood-maat-xxl-1-paar\\\/#primaryimage\"},\"thumbnailUrl\":\"https:\\\/\\\/partsandpieces.nl\\\/wp-content\\\/uploads\\\/2020\\\/09\\\/Werkhandschoenen-PVC-Rood-maat-XXL.png\",\"datePublished\":\"2020-09-27T09:48:16+00:00\",\"dateModified\":\"2024-05-14T09:33:10+00:00\",\"description\":\"Werkhandschoenen PVC Rood maat XXL is een volledig gecoate werkhandschoen. De handschoen is olie- en vetbestendig en heeft een lengte van 32cm.\",\"breadcrumb\":{\"@id\":\"https:\\\/\\\/partsandpieces.nl\\\/product\\\/werkhandschoenen-pvc-rood-maat-xxl-1-paar\\\/#breadcrumb\"},\"inLanguage\":\"de\",\"potentialAction\":[{\"@type\":\"ReadAction\",\"target\":[\"https:\\\/\\\/partsandpieces.nl\\\/product\\\/werkhandschoenen-pvc-rood-maat-xxl-1-paar\\\/\"]}]},{\"@type\":\"ImageObject\",\"inLanguage\":\"de\",\"@id\":\"https:\\\/\\\/partsandpieces.nl\\\/product\\\/werkhandschoenen-pvc-rood-maat-xxl-1-paar\\\/#primaryimage\",\"url\":\"https:\\\/\\\/partsandpieces.nl\\\/wp-content\\\/uploads\\\/2020\\\/09\\\/Werkhandschoenen-PVC-Rood-maat-XXL.png\",\"contentUrl\":\"https:\\\/\\\/partsandpieces.nl\\\/wp-content\\\/uploads\\\/2020\\\/09\\\/Werkhandschoenen-PVC-Rood-maat-XXL.png\",\"width\":1000,\"height\":1000,\"caption\":\"Werkhandschoenen PVC Rood maat XXL\"},{\"@type\":\"BreadcrumbList\",\"@id\":\"https:\\\/\\\/partsandpieces.nl\\\/product\\\/werkhandschoenen-pvc-rood-maat-xxl-1-paar\\\/#breadcrumb\",\"itemListElement\":[{\"@type\":\"ListItem\",\"position\":1,\"name\":\"Home\",\"item\":\"https:\\\/\\\/partsandpieces.nl\\\/home\\\/\"},{\"@type\":\"ListItem\",\"position\":2,\"name\":\"Winkel\",\"item\":\"https:\\\/\\\/partsandpieces.nl\\\/winkel\\\/\"},{\"@type\":\"ListItem\",\"position\":3,\"name\":\"Werkhandschoenen PVC Rood maat XXL (1 paar)\"}]},{\"@type\":\"WebSite\",\"@id\":\"https:\\\/\\\/partsandpieces.nl\\\/#website\",\"url\":\"https:\\\/\\\/partsandpieces.nl\\\/\",\"name\":\"Parts &amp; Pieces\",\"description\":\"Alles voor uw meubelrestauratie en -onderhoud!\",\"potentialAction\":[{\"@type\":\"SearchAction\",\"target\":{\"@type\":\"EntryPoint\",\"urlTemplate\":\"https:\\\/\\\/partsandpieces.nl\\\/?s={search_term_string}\"},\"query-input\":{\"@type\":\"PropertyValueSpecification\",\"valueRequired\":true,\"valueName\":\"search_term_string\"}}],\"inLanguage\":\"de\"}]}<\/script>\n<!-- \/ Yoast SEO plugin. -->","yoast_head_json":{"title":"Arbeitshandschuhe PVC Rot XXL","description":"Arbeitshandschuhe PVC Rot Gr\u00f6\u00dfe XXL ist ein vollbeschichteter Arbeitshandschuh. Der Handschuh ist \u00f6l- und fettbest\u00e4ndig und hat eine L\u00e4nge von 32 cm.","robots":{"index":"index","follow":"follow","max-snippet":"max-snippet:-1","max-image-preview":"max-image-preview:large","max-video-preview":"max-video-preview:-1"},"canonical":"https:\/\/partsandpieces.nl\/de\/produkt\/arbeitshandschuhe-pvc-rot-grose-xxl-1-paar\/","og_locale":"de_DE","og_type":"article","og_title":"Werkhandschoenen PVC Rood XXL","og_description":"Werkhandschoenen PVC Rood maat XXL is een volledig gecoate werkhandschoen. De handschoen is olie- en vetbestendig en heeft een lengte van 32cm.","og_url":"https:\/\/partsandpieces.nl\/de\/produkt\/arbeitshandschuhe-pvc-rot-grose-xxl-1-paar\/","og_site_name":"Parts &amp; Pieces","article_modified_time":"2024-05-14T09:33:10+00:00","og_image":[{"width":1000,"height":1000,"url":"https:\/\/partsandpieces.nl\/wp-content\/uploads\/2020\/09\/Werkhandschoenen-PVC-Rood-maat-XXL.png","type":"image\/png"}],"twitter_card":"summary_large_image","twitter_misc":{"Gesch\u00e4tzte Lesezeit":"1\u00a0Minute"},"schema":{"@context":"https:\/\/schema.org","@graph":[{"@type":"WebPage","@id":"https:\/\/partsandpieces.nl\/product\/werkhandschoenen-pvc-rood-maat-xxl-1-paar\/","url":"https:\/\/partsandpieces.nl\/product\/werkhandschoenen-pvc-rood-maat-xxl-1-paar\/","name":"Arbeitshandschuhe PVC Rot XXL","isPartOf":{"@id":"https:\/\/partsandpieces.nl\/#website"},"primaryImageOfPage":{"@id":"https:\/\/partsandpieces.nl\/product\/werkhandschoenen-pvc-rood-maat-xxl-1-paar\/#primaryimage"},"image":{"@id":"https:\/\/partsandpieces.nl\/product\/werkhandschoenen-pvc-rood-maat-xxl-1-paar\/#primaryimage"},"thumbnailUrl":"https:\/\/partsandpieces.nl\/wp-content\/uploads\/2020\/09\/Werkhandschoenen-PVC-Rood-maat-XXL.png","datePublished":"2020-09-27T09:48:16+00:00","dateModified":"2024-05-14T09:33:10+00:00","description":"Arbeitshandschuhe PVC Rot Gr\u00f6\u00dfe XXL ist ein vollbeschichteter Arbeitshandschuh. Der Handschuh ist \u00f6l- und fettbest\u00e4ndig und hat eine L\u00e4nge von 32 cm.","breadcrumb":{"@id":"https:\/\/partsandpieces.nl\/product\/werkhandschoenen-pvc-rood-maat-xxl-1-paar\/#breadcrumb"},"inLanguage":"de","potentialAction":[{"@type":"ReadAction","target":["https:\/\/partsandpieces.nl\/product\/werkhandschoenen-pvc-rood-maat-xxl-1-paar\/"]}]},{"@type":"ImageObject","inLanguage":"de","@id":"https:\/\/partsandpieces.nl\/product\/werkhandschoenen-pvc-rood-maat-xxl-1-paar\/#primaryimage","url":"https:\/\/partsandpieces.nl\/wp-content\/uploads\/2020\/09\/Werkhandschoenen-PVC-Rood-maat-XXL.png","contentUrl":"https:\/\/partsandpieces.nl\/wp-content\/uploads\/2020\/09\/Werkhandschoenen-PVC-Rood-maat-XXL.png","width":1000,"height":1000,"caption":"Werkhandschoenen PVC Rood maat XXL"},{"@type":"BreadcrumbList","@id":"https:\/\/partsandpieces.nl\/product\/werkhandschoenen-pvc-rood-maat-xxl-1-paar\/#breadcrumb","itemListElement":[{"@type":"ListItem","position":1,"name":"Home","item":"https:\/\/partsandpieces.nl\/home\/"},{"@type":"ListItem","position":2,"name":"Winkel","item":"https:\/\/partsandpieces.nl\/winkel\/"},{"@type":"ListItem","position":3,"name":"Werkhandschoenen PVC Rood maat XXL (1 paar)"}]},{"@type":"WebSite","@id":"https:\/\/partsandpieces.nl\/#website","url":"https:\/\/partsandpieces.nl\/","name":"Teile &amp; St\u00fccke","description":"Alles f\u00fcr Ihre M\u00f6belrestaurierung und -pflege!","potentialAction":[{"@type":"SearchAction","target":{"@type":"EntryPoint","urlTemplate":"https:\/\/partsandpieces.nl\/?s={search_term_string}"},"query-input":{"@type":"PropertyValueSpecification","valueRequired":true,"valueName":"search_term_string"}}],"inLanguage":"de"}]}},"_links":{"self":[{"href":"https:\/\/partsandpieces.nl\/de\/wp-json\/wp\/v2\/product\/2411","targetHints":{"allow":["GET"]}}],"collection":[{"href":"https:\/\/partsandpieces.nl\/de\/wp-json\/wp\/v2\/product"}],"about":[{"href":"https:\/\/partsandpieces.nl\/de\/wp-json\/wp\/v2\/types\/product"}],"wp:featuredmedia":[{"embeddable":true,"href":"https:\/\/partsandpieces.nl\/de\/wp-json\/wp\/v2\/media\/8458"}],"wp:attachment":[{"href":"https:\/\/partsandpieces.nl\/de\/wp-json\/wp\/v2\/media?parent=2411"}],"wp:term":[{"taxonomy":"product_brand","embeddable":true,"href":"https:\/\/partsandpieces.nl\/de\/wp-json\/wp\/v2\/product_brand?post=2411"},{"taxonomy":"product_cat","embeddable":true,"href":"https:\/\/partsandpieces.nl\/de\/wp-json\/wp\/v2\/product_cat?post=2411"},{"taxonomy":"product_tag","embeddable":true,"href":"https:\/\/partsandpieces.nl\/de\/wp-json\/wp\/v2\/product_tag?post=2411"}],"curies":[{"name":"wp","href":"https:\/\/api.w.org\/{rel}","templated":true}]}}