{"id":2427,"date":"2022-02-04T11:56:18","date_gmt":"2022-02-04T11:56:18","guid":{"rendered":"https:\/\/partsandpieces.bonsaidev.nl\/?product=borma-wachs-aluminium-poeder-250-gram"},"modified":"2025-06-25T14:43:43","modified_gmt":"2025-06-25T12:43:43","slug":"borma-wachs-silberpulver-zur-restaurierung-250-gramm","status":"publish","type":"product","link":"https:\/\/partsandpieces.nl\/de\/product\/borma-wachs-zilver-poeder-voor-restauratie-250-gram\/","title":{"rendered":"Borma Wachs Silberpulver zur Restaurierung (250 Gramm)"},"content":{"rendered":"<p>Borma Wachs Silberpulver von <a href=\"http:\/\/www.bormawachs.com\/\">Borma Wachs<\/a> ist ein sehr feines Pulver aus einer Metalllegierung in der Farbe Silber\/Aluminium. Es eignet sich f\u00fcr Metalleffekte auf allen Oberfl\u00e4chen. Das Pulver kann mit \u00d6l, Beize, Wachs oder Lack der Serie Borma Wachs gemischt werden.<\/p>\n<p>Ich habe dieses Pulver in den Farben auf Lager\u00a0<a href=\"https:\/\/partsandpieces.nl\/de\/produktkategorie-2\/oberflachenbehandlung-2\/flecken-und-patina\/\">Gold und Aluminium<\/a>.<\/p>\n<p><strong>Anweisungen<\/strong><br \/>\n\u2013 Geben Sie das Pulver in der gew\u00fcnschten Menge (von 1:100 bis 1:5) zum gew\u00fcnschten Produkt (\u00d6l, Beize, Wachs oder Lack), je nach gew\u00fcnschter Menge und Intensit\u00e4t<br \/>\n- Gut mischen<br \/>\n\u2013 Tragen Sie die Mischung mit Borma Wachs Aluminiumpulver je nach Verwendungsart des farbigen Produkts mit einem Pinsel oder Tuch auf.<\/p>","protected":false},"excerpt":{"rendered":"<p>Borma Wachs Zilver Poeder van Borma Wachs is een zeer fijn poeder gemaakt van een metaallegering in de kleur zilver \/ aluminium. Het is geschikt voor het maken van gemetalliseerde effecten op alle oppervlakken. Het poeder kun je mengen met olie, beits, was of lak uit het assortiment van Borma Wachs. Ik heb dit poeder [&hellip;]<\/p>\n","protected":false},"featured_media":2428,"template":"","meta":{"_acf_changed":false},"product_brand":[],"product_cat":[64,65],"product_tag":[],"class_list":{"0":"post-2427","1":"product","2":"type-product","3":"status-publish","4":"has-post-thumbnail","6":"product_cat-oppervlakte-behandeling-borma-wachs","7":"product_cat-patina","9":"first","10":"instock","11":"sale","12":"featured","13":"taxable","14":"shipping-taxable","15":"purchasable","16":"product-type-simple"},"acf":[],"yoast_head":"<!-- This site is optimized with the Yoast SEO plugin v27.3 - https:\/\/yoast.com\/product\/yoast-seo-wordpress\/ -->\n<title>Borma Wachs Zilver Poeder (250 gram)<\/title>\n<meta name=\"description\" content=\"Zilver poeder\u00a0van\u00a0Borma Wachs voor het maken van gemetalliseerde effecten op alle oppervlakken. Het poeder kun je mengen met olie, beits, was of lak.\" \/>\n<meta name=\"robots\" content=\"index, follow, max-snippet:-1, max-image-preview:large, max-video-preview:-1\" \/>\n<link rel=\"canonical\" href=\"https:\/\/partsandpieces.nl\/de\/produkt\/borma-wachs-silberpulver-zur-restaurierung-250-gramm\/\" \/>\n<meta property=\"og:locale\" content=\"de_DE\" \/>\n<meta property=\"og:type\" content=\"article\" \/>\n<meta property=\"og:title\" content=\"Borma Wachs Zilver Poeder (250 gram)\" \/>\n<meta property=\"og:description\" content=\"Zilver poeder\u00a0van\u00a0Borma Wachs voor het maken van gemetalliseerde effecten op alle oppervlakken. Het poeder kun je mengen met olie, beits, was of lak.\" \/>\n<meta property=\"og:url\" content=\"https:\/\/partsandpieces.nl\/de\/produkt\/borma-wachs-silberpulver-zur-restaurierung-250-gramm\/\" \/>\n<meta property=\"og:site_name\" content=\"Parts &amp; Pieces\" \/>\n<meta property=\"article:modified_time\" content=\"2025-06-25T12:43:43+00:00\" \/>\n<meta property=\"og:image\" content=\"https:\/\/partsandpieces.nl\/wp-content\/uploads\/2022\/09\/imitationgoldsilver_powder_1.jpg\" \/>\n\t<meta property=\"og:image:width\" content=\"600\" \/>\n\t<meta property=\"og:image:height\" content=\"600\" \/>\n\t<meta property=\"og:image:type\" content=\"image\/jpeg\" \/>\n<meta name=\"twitter:card\" content=\"summary_large_image\" \/>\n<meta name=\"twitter:label1\" content=\"Gesch\u00e4tzte Lesezeit\" \/>\n\t<meta name=\"twitter:data1\" content=\"1\u00a0Minute\" \/>\n<script type=\"application\/ld+json\" class=\"yoast-schema-graph\">{\"@context\":\"https:\\\/\\\/schema.org\",\"@graph\":[{\"@type\":\"WebPage\",\"@id\":\"https:\\\/\\\/partsandpieces.nl\\\/product\\\/borma-wachs-zilver-poeder-voor-restauratie-250-gram\\\/\",\"url\":\"https:\\\/\\\/partsandpieces.nl\\\/product\\\/borma-wachs-zilver-poeder-voor-restauratie-250-gram\\\/\",\"name\":\"Borma Wachs Zilver Poeder (250 gram)\",\"isPartOf\":{\"@id\":\"https:\\\/\\\/partsandpieces.nl\\\/#website\"},\"primaryImageOfPage\":{\"@id\":\"https:\\\/\\\/partsandpieces.nl\\\/product\\\/borma-wachs-zilver-poeder-voor-restauratie-250-gram\\\/#primaryimage\"},\"image\":{\"@id\":\"https:\\\/\\\/partsandpieces.nl\\\/product\\\/borma-wachs-zilver-poeder-voor-restauratie-250-gram\\\/#primaryimage\"},\"thumbnailUrl\":\"https:\\\/\\\/partsandpieces.nl\\\/wp-content\\\/uploads\\\/2022\\\/09\\\/imitationgoldsilver_powder_1.jpg\",\"datePublished\":\"2022-02-04T11:56:18+00:00\",\"dateModified\":\"2025-06-25T12:43:43+00:00\",\"description\":\"Zilver poeder\u00a0van\u00a0Borma Wachs voor het maken van gemetalliseerde effecten op alle oppervlakken. Het poeder kun je mengen met olie, beits, was of lak.\",\"breadcrumb\":{\"@id\":\"https:\\\/\\\/partsandpieces.nl\\\/product\\\/borma-wachs-zilver-poeder-voor-restauratie-250-gram\\\/#breadcrumb\"},\"inLanguage\":\"de\",\"potentialAction\":[{\"@type\":\"ReadAction\",\"target\":[\"https:\\\/\\\/partsandpieces.nl\\\/product\\\/borma-wachs-zilver-poeder-voor-restauratie-250-gram\\\/\"]}]},{\"@type\":\"ImageObject\",\"inLanguage\":\"de\",\"@id\":\"https:\\\/\\\/partsandpieces.nl\\\/product\\\/borma-wachs-zilver-poeder-voor-restauratie-250-gram\\\/#primaryimage\",\"url\":\"https:\\\/\\\/partsandpieces.nl\\\/wp-content\\\/uploads\\\/2022\\\/09\\\/imitationgoldsilver_powder_1.jpg\",\"contentUrl\":\"https:\\\/\\\/partsandpieces.nl\\\/wp-content\\\/uploads\\\/2022\\\/09\\\/imitationgoldsilver_powder_1.jpg\",\"width\":600,\"height\":600},{\"@type\":\"BreadcrumbList\",\"@id\":\"https:\\\/\\\/partsandpieces.nl\\\/product\\\/borma-wachs-zilver-poeder-voor-restauratie-250-gram\\\/#breadcrumb\",\"itemListElement\":[{\"@type\":\"ListItem\",\"position\":1,\"name\":\"Home\",\"item\":\"https:\\\/\\\/partsandpieces.nl\\\/home\\\/\"},{\"@type\":\"ListItem\",\"position\":2,\"name\":\"Winkel\",\"item\":\"https:\\\/\\\/partsandpieces.nl\\\/winkel\\\/\"},{\"@type\":\"ListItem\",\"position\":3,\"name\":\"Borma Wachs Zilver Poeder voor restauratie (250 gram)\"}]},{\"@type\":\"WebSite\",\"@id\":\"https:\\\/\\\/partsandpieces.nl\\\/#website\",\"url\":\"https:\\\/\\\/partsandpieces.nl\\\/\",\"name\":\"Parts &amp; Pieces\",\"description\":\"Alles voor uw meubelrestauratie en -onderhoud!\",\"potentialAction\":[{\"@type\":\"SearchAction\",\"target\":{\"@type\":\"EntryPoint\",\"urlTemplate\":\"https:\\\/\\\/partsandpieces.nl\\\/?s={search_term_string}\"},\"query-input\":{\"@type\":\"PropertyValueSpecification\",\"valueRequired\":true,\"valueName\":\"search_term_string\"}}],\"inLanguage\":\"de\"}]}<\/script>\n<!-- \/ Yoast SEO plugin. -->","yoast_head_json":{"title":"Borma Wachs Silberpulver (250 Gramm)","description":"Silberpulver von Borma Wachs f\u00fcr metallische Effekte auf allen Oberfl\u00e4chen. Das Pulver kann mit \u00d6l, Beize, Wachs oder Lack gemischt werden.","robots":{"index":"index","follow":"follow","max-snippet":"max-snippet:-1","max-image-preview":"max-image-preview:large","max-video-preview":"max-video-preview:-1"},"canonical":"https:\/\/partsandpieces.nl\/de\/produkt\/borma-wachs-silberpulver-zur-restaurierung-250-gramm\/","og_locale":"de_DE","og_type":"article","og_title":"Borma Wachs Zilver Poeder (250 gram)","og_description":"Zilver poeder\u00a0van\u00a0Borma Wachs voor het maken van gemetalliseerde effecten op alle oppervlakken. Het poeder kun je mengen met olie, beits, was of lak.","og_url":"https:\/\/partsandpieces.nl\/de\/produkt\/borma-wachs-silberpulver-zur-restaurierung-250-gramm\/","og_site_name":"Parts &amp; Pieces","article_modified_time":"2025-06-25T12:43:43+00:00","og_image":[{"width":600,"height":600,"url":"https:\/\/partsandpieces.nl\/wp-content\/uploads\/2022\/09\/imitationgoldsilver_powder_1.jpg","type":"image\/jpeg"}],"twitter_card":"summary_large_image","twitter_misc":{"Gesch\u00e4tzte Lesezeit":"1\u00a0Minute"},"schema":{"@context":"https:\/\/schema.org","@graph":[{"@type":"WebPage","@id":"https:\/\/partsandpieces.nl\/product\/borma-wachs-zilver-poeder-voor-restauratie-250-gram\/","url":"https:\/\/partsandpieces.nl\/product\/borma-wachs-zilver-poeder-voor-restauratie-250-gram\/","name":"Borma Wachs Silberpulver (250 Gramm)","isPartOf":{"@id":"https:\/\/partsandpieces.nl\/#website"},"primaryImageOfPage":{"@id":"https:\/\/partsandpieces.nl\/product\/borma-wachs-zilver-poeder-voor-restauratie-250-gram\/#primaryimage"},"image":{"@id":"https:\/\/partsandpieces.nl\/product\/borma-wachs-zilver-poeder-voor-restauratie-250-gram\/#primaryimage"},"thumbnailUrl":"https:\/\/partsandpieces.nl\/wp-content\/uploads\/2022\/09\/imitationgoldsilver_powder_1.jpg","datePublished":"2022-02-04T11:56:18+00:00","dateModified":"2025-06-25T12:43:43+00:00","description":"Silberpulver von Borma Wachs f\u00fcr metallische Effekte auf allen Oberfl\u00e4chen. Das Pulver kann mit \u00d6l, Beize, Wachs oder Lack gemischt werden.","breadcrumb":{"@id":"https:\/\/partsandpieces.nl\/product\/borma-wachs-zilver-poeder-voor-restauratie-250-gram\/#breadcrumb"},"inLanguage":"de","potentialAction":[{"@type":"ReadAction","target":["https:\/\/partsandpieces.nl\/product\/borma-wachs-zilver-poeder-voor-restauratie-250-gram\/"]}]},{"@type":"ImageObject","inLanguage":"de","@id":"https:\/\/partsandpieces.nl\/product\/borma-wachs-zilver-poeder-voor-restauratie-250-gram\/#primaryimage","url":"https:\/\/partsandpieces.nl\/wp-content\/uploads\/2022\/09\/imitationgoldsilver_powder_1.jpg","contentUrl":"https:\/\/partsandpieces.nl\/wp-content\/uploads\/2022\/09\/imitationgoldsilver_powder_1.jpg","width":600,"height":600},{"@type":"BreadcrumbList","@id":"https:\/\/partsandpieces.nl\/product\/borma-wachs-zilver-poeder-voor-restauratie-250-gram\/#breadcrumb","itemListElement":[{"@type":"ListItem","position":1,"name":"Home","item":"https:\/\/partsandpieces.nl\/home\/"},{"@type":"ListItem","position":2,"name":"Winkel","item":"https:\/\/partsandpieces.nl\/winkel\/"},{"@type":"ListItem","position":3,"name":"Borma Wachs Zilver Poeder voor restauratie (250 gram)"}]},{"@type":"WebSite","@id":"https:\/\/partsandpieces.nl\/#website","url":"https:\/\/partsandpieces.nl\/","name":"Teile &amp; St\u00fccke","description":"Alles f\u00fcr Ihre M\u00f6belrestaurierung und -pflege!","potentialAction":[{"@type":"SearchAction","target":{"@type":"EntryPoint","urlTemplate":"https:\/\/partsandpieces.nl\/?s={search_term_string}"},"query-input":{"@type":"PropertyValueSpecification","valueRequired":true,"valueName":"search_term_string"}}],"inLanguage":"de"}]}},"_links":{"self":[{"href":"https:\/\/partsandpieces.nl\/de\/wp-json\/wp\/v2\/product\/2427","targetHints":{"allow":["GET"]}}],"collection":[{"href":"https:\/\/partsandpieces.nl\/de\/wp-json\/wp\/v2\/product"}],"about":[{"href":"https:\/\/partsandpieces.nl\/de\/wp-json\/wp\/v2\/types\/product"}],"wp:featuredmedia":[{"embeddable":true,"href":"https:\/\/partsandpieces.nl\/de\/wp-json\/wp\/v2\/media\/2428"}],"wp:attachment":[{"href":"https:\/\/partsandpieces.nl\/de\/wp-json\/wp\/v2\/media?parent=2427"}],"wp:term":[{"taxonomy":"product_brand","embeddable":true,"href":"https:\/\/partsandpieces.nl\/de\/wp-json\/wp\/v2\/product_brand?post=2427"},{"taxonomy":"product_cat","embeddable":true,"href":"https:\/\/partsandpieces.nl\/de\/wp-json\/wp\/v2\/product_cat?post=2427"},{"taxonomy":"product_tag","embeddable":true,"href":"https:\/\/partsandpieces.nl\/de\/wp-json\/wp\/v2\/product_tag?post=2427"}],"curies":[{"name":"wp","href":"https:\/\/api.w.org\/{rel}","templated":true}]}}