{"id":2434,"date":"2022-02-04T14:29:57","date_gmt":"2022-02-04T14:29:57","guid":{"rendered":"https:\/\/partsandpieces.bonsaidev.nl\/?product=messing-decoratief-meubelplaatje-muziek-40x66mm"},"modified":"2025-06-30T13:18:14","modified_gmt":"2025-06-30T11:18:14","slug":"mobeldekoration-messing-antik-musik-40x66mm","status":"publish","type":"product","link":"https:\/\/partsandpieces.nl\/de\/product\/meubeldecoratie-messing-antiek-muziek-40x66mm\/","title":{"rendered":"M\u00f6beldekoration Messing antik &#039;Musik&#039; 40x66mm"},"content":{"rendered":"<p><strong>M\u00f6beldekoration Messing antik &#039;Musik&#039; 40x66mm<\/strong> ist ein dekoratives Bild zur Versch\u00f6nerung Ihrer antiken M\u00f6bel. Die M\u00f6belapplikation besteht aus massivem Messingguss und hat ein sch\u00f6nes antikes Finish.<\/p>\n<p>Diese hochwertige M\u00f6beldekoration aus Messing wird in Italien hergestellt.<\/p>\n<p><strong>Ma\u00dfe<\/strong><br \/>\nM\u00f6beldekoration Messing antik &#039;Musik&#039; 40x66mm ist 40mm breit und 66mm hoch.<\/p>\n<p><strong>Bearbeiten<\/strong><br \/>\nSie k\u00f6nnen die M\u00f6beldekoration mit zusammenbauen\u00a0<span style=\"text-decoration: underline;\"><a href=\"https:\/\/partsandpieces.nl\/de\/produkt\/schrauben-mit-rundkopf-antikbronze-mit-schlitz-2-x-14-mm\/\">Schraube Rundkopf Antik Bronze mit Schlitz (2x14mm)<\/a><\/span>. Ich schicke diese Schrauben\u00a0<strong>FREI<\/strong>\u00a0mit Ihrer Bestellung.<\/p>","protected":false},"excerpt":{"rendered":"<p>Meubeldecoratie Messing antiek &#8216;Muziek&#8217; 40x66mm is een decoratief plaatje om je antieke meubel meet te verfraaien. De meubelapplicatie is gemaakt van massief gegoten messing en heeft een mooie antieke finish. Deze kwalitatief uitstekende messing meubeldecoratie is gemaakt in Itali\u00eb. Afmetingen Meubeldecoratie Messing antiek &#8216;Muziek&#8217; 40x66mm is 40mm breed en 66mm hoog. Montage Je kunt de [&hellip;]<\/p>\n","protected":false},"featured_media":7200,"template":"","meta":{"_acf_changed":false},"product_brand":[],"product_cat":[27,23],"product_tag":[],"class_list":{"0":"post-2434","1":"product","2":"type-product","3":"status-publish","4":"has-post-thumbnail","6":"product_cat-decoratieve-plaatjes-en-rozetten","7":"product_cat-meubelbeslag","9":"first","10":"instock","11":"taxable","12":"shipping-taxable","13":"purchasable","14":"product-type-simple"},"acf":[],"yoast_head":"<!-- This site is optimized with the Yoast SEO plugin v27.3 - https:\/\/yoast.com\/product\/yoast-seo-wordpress\/ -->\n<title>Meubeldecoratie Messing antiek Muziek<\/title>\n<meta name=\"description\" content=\"Meubeldecoratie Messing antiek &#039;Muziek&#039; 40x66mm is een decoratief plaatje om je antieke meubel meet te verfraaien, gemaakt van massief gegoten messing.\" \/>\n<meta name=\"robots\" content=\"index, follow, max-snippet:-1, max-image-preview:large, max-video-preview:-1\" \/>\n<link rel=\"canonical\" href=\"https:\/\/partsandpieces.nl\/de\/produkt\/mobeldekoration-messing-antik-musik-40x66mm\/\" \/>\n<meta property=\"og:locale\" content=\"de_DE\" \/>\n<meta property=\"og:type\" content=\"article\" \/>\n<meta property=\"og:title\" content=\"Meubeldecoratie Messing antiek Muziek\" \/>\n<meta property=\"og:description\" content=\"Meubeldecoratie Messing antiek &#039;Muziek&#039; 40x66mm is een decoratief plaatje om je antieke meubel meet te verfraaien, gemaakt van massief gegoten messing.\" \/>\n<meta property=\"og:url\" content=\"https:\/\/partsandpieces.nl\/de\/produkt\/mobeldekoration-messing-antik-musik-40x66mm\/\" \/>\n<meta property=\"og:site_name\" content=\"Parts &amp; Pieces\" \/>\n<meta property=\"article:modified_time\" content=\"2025-06-30T11:18:14+00:00\" \/>\n<meta property=\"og:image\" content=\"https:\/\/partsandpieces.nl\/wp-content\/uploads\/2022\/02\/Meubeldecoratie-Messing-antiek-Muziek-40x66mm.jpg\" \/>\n\t<meta property=\"og:image:width\" content=\"399\" \/>\n\t<meta property=\"og:image:height\" content=\"399\" \/>\n\t<meta property=\"og:image:type\" content=\"image\/jpeg\" \/>\n<meta name=\"twitter:card\" content=\"summary_large_image\" \/>\n<meta name=\"twitter:label1\" content=\"Gesch\u00e4tzte Lesezeit\" \/>\n\t<meta name=\"twitter:data1\" content=\"1\u00a0Minute\" \/>\n<script type=\"application\/ld+json\" class=\"yoast-schema-graph\">{\"@context\":\"https:\\\/\\\/schema.org\",\"@graph\":[{\"@type\":\"WebPage\",\"@id\":\"https:\\\/\\\/partsandpieces.nl\\\/product\\\/meubeldecoratie-messing-antiek-muziek-40x66mm\\\/\",\"url\":\"https:\\\/\\\/partsandpieces.nl\\\/product\\\/meubeldecoratie-messing-antiek-muziek-40x66mm\\\/\",\"name\":\"Meubeldecoratie Messing antiek Muziek\",\"isPartOf\":{\"@id\":\"https:\\\/\\\/partsandpieces.nl\\\/#website\"},\"primaryImageOfPage\":{\"@id\":\"https:\\\/\\\/partsandpieces.nl\\\/product\\\/meubeldecoratie-messing-antiek-muziek-40x66mm\\\/#primaryimage\"},\"image\":{\"@id\":\"https:\\\/\\\/partsandpieces.nl\\\/product\\\/meubeldecoratie-messing-antiek-muziek-40x66mm\\\/#primaryimage\"},\"thumbnailUrl\":\"https:\\\/\\\/partsandpieces.nl\\\/wp-content\\\/uploads\\\/2022\\\/02\\\/Meubeldecoratie-Messing-antiek-Muziek-40x66mm.jpg\",\"datePublished\":\"2022-02-04T14:29:57+00:00\",\"dateModified\":\"2025-06-30T11:18:14+00:00\",\"description\":\"Meubeldecoratie Messing antiek 'Muziek' 40x66mm is een decoratief plaatje om je antieke meubel meet te verfraaien, gemaakt van massief gegoten messing.\",\"breadcrumb\":{\"@id\":\"https:\\\/\\\/partsandpieces.nl\\\/product\\\/meubeldecoratie-messing-antiek-muziek-40x66mm\\\/#breadcrumb\"},\"inLanguage\":\"de\",\"potentialAction\":[{\"@type\":\"ReadAction\",\"target\":[\"https:\\\/\\\/partsandpieces.nl\\\/product\\\/meubeldecoratie-messing-antiek-muziek-40x66mm\\\/\"]}]},{\"@type\":\"ImageObject\",\"inLanguage\":\"de\",\"@id\":\"https:\\\/\\\/partsandpieces.nl\\\/product\\\/meubeldecoratie-messing-antiek-muziek-40x66mm\\\/#primaryimage\",\"url\":\"https:\\\/\\\/partsandpieces.nl\\\/wp-content\\\/uploads\\\/2022\\\/02\\\/Meubeldecoratie-Messing-antiek-Muziek-40x66mm.jpg\",\"contentUrl\":\"https:\\\/\\\/partsandpieces.nl\\\/wp-content\\\/uploads\\\/2022\\\/02\\\/Meubeldecoratie-Messing-antiek-Muziek-40x66mm.jpg\",\"width\":399,\"height\":399,\"caption\":\"Meubeldecoratie Messing antiek 'Muziek' 40x66mm\"},{\"@type\":\"BreadcrumbList\",\"@id\":\"https:\\\/\\\/partsandpieces.nl\\\/product\\\/meubeldecoratie-messing-antiek-muziek-40x66mm\\\/#breadcrumb\",\"itemListElement\":[{\"@type\":\"ListItem\",\"position\":1,\"name\":\"Home\",\"item\":\"https:\\\/\\\/partsandpieces.nl\\\/home\\\/\"},{\"@type\":\"ListItem\",\"position\":2,\"name\":\"Winkel\",\"item\":\"https:\\\/\\\/partsandpieces.nl\\\/winkel\\\/\"},{\"@type\":\"ListItem\",\"position\":3,\"name\":\"Meubeldecoratie Messing antiek &#8216;Muziek&#8217; 40x66mm\"}]},{\"@type\":\"WebSite\",\"@id\":\"https:\\\/\\\/partsandpieces.nl\\\/#website\",\"url\":\"https:\\\/\\\/partsandpieces.nl\\\/\",\"name\":\"Parts &amp; Pieces\",\"description\":\"Alles voor uw meubelrestauratie en -onderhoud!\",\"potentialAction\":[{\"@type\":\"SearchAction\",\"target\":{\"@type\":\"EntryPoint\",\"urlTemplate\":\"https:\\\/\\\/partsandpieces.nl\\\/?s={search_term_string}\"},\"query-input\":{\"@type\":\"PropertyValueSpecification\",\"valueRequired\":true,\"valueName\":\"search_term_string\"}}],\"inLanguage\":\"de\"}]}<\/script>\n<!-- \/ Yoast SEO plugin. -->","yoast_head_json":{"title":"M\u00f6beldekoration Messing antik Musik","description":"M\u00f6beldekoration Messing antik \u201eMusik\u201c 40x66mm ist ein dekoratives Bild zur Versch\u00f6nerung Ihrer antiken M\u00f6bel, hergestellt aus massivem Messingguss.","robots":{"index":"index","follow":"follow","max-snippet":"max-snippet:-1","max-image-preview":"max-image-preview:large","max-video-preview":"max-video-preview:-1"},"canonical":"https:\/\/partsandpieces.nl\/de\/produkt\/mobeldekoration-messing-antik-musik-40x66mm\/","og_locale":"de_DE","og_type":"article","og_title":"Meubeldecoratie Messing antiek Muziek","og_description":"Meubeldecoratie Messing antiek 'Muziek' 40x66mm is een decoratief plaatje om je antieke meubel meet te verfraaien, gemaakt van massief gegoten messing.","og_url":"https:\/\/partsandpieces.nl\/de\/produkt\/mobeldekoration-messing-antik-musik-40x66mm\/","og_site_name":"Parts &amp; Pieces","article_modified_time":"2025-06-30T11:18:14+00:00","og_image":[{"width":399,"height":399,"url":"https:\/\/partsandpieces.nl\/wp-content\/uploads\/2022\/02\/Meubeldecoratie-Messing-antiek-Muziek-40x66mm.jpg","type":"image\/jpeg"}],"twitter_card":"summary_large_image","twitter_misc":{"Gesch\u00e4tzte Lesezeit":"1\u00a0Minute"},"schema":{"@context":"https:\/\/schema.org","@graph":[{"@type":"WebPage","@id":"https:\/\/partsandpieces.nl\/product\/meubeldecoratie-messing-antiek-muziek-40x66mm\/","url":"https:\/\/partsandpieces.nl\/product\/meubeldecoratie-messing-antiek-muziek-40x66mm\/","name":"M\u00f6beldekoration Messing antik Musik","isPartOf":{"@id":"https:\/\/partsandpieces.nl\/#website"},"primaryImageOfPage":{"@id":"https:\/\/partsandpieces.nl\/product\/meubeldecoratie-messing-antiek-muziek-40x66mm\/#primaryimage"},"image":{"@id":"https:\/\/partsandpieces.nl\/product\/meubeldecoratie-messing-antiek-muziek-40x66mm\/#primaryimage"},"thumbnailUrl":"https:\/\/partsandpieces.nl\/wp-content\/uploads\/2022\/02\/Meubeldecoratie-Messing-antiek-Muziek-40x66mm.jpg","datePublished":"2022-02-04T14:29:57+00:00","dateModified":"2025-06-30T11:18:14+00:00","description":"M\u00f6beldekoration Messing antik \u201eMusik\u201c 40x66mm ist ein dekoratives Bild zur Versch\u00f6nerung Ihrer antiken M\u00f6bel, hergestellt aus massivem Messingguss.","breadcrumb":{"@id":"https:\/\/partsandpieces.nl\/product\/meubeldecoratie-messing-antiek-muziek-40x66mm\/#breadcrumb"},"inLanguage":"de","potentialAction":[{"@type":"ReadAction","target":["https:\/\/partsandpieces.nl\/product\/meubeldecoratie-messing-antiek-muziek-40x66mm\/"]}]},{"@type":"ImageObject","inLanguage":"de","@id":"https:\/\/partsandpieces.nl\/product\/meubeldecoratie-messing-antiek-muziek-40x66mm\/#primaryimage","url":"https:\/\/partsandpieces.nl\/wp-content\/uploads\/2022\/02\/Meubeldecoratie-Messing-antiek-Muziek-40x66mm.jpg","contentUrl":"https:\/\/partsandpieces.nl\/wp-content\/uploads\/2022\/02\/Meubeldecoratie-Messing-antiek-Muziek-40x66mm.jpg","width":399,"height":399,"caption":"Meubeldecoratie Messing antiek 'Muziek' 40x66mm"},{"@type":"BreadcrumbList","@id":"https:\/\/partsandpieces.nl\/product\/meubeldecoratie-messing-antiek-muziek-40x66mm\/#breadcrumb","itemListElement":[{"@type":"ListItem","position":1,"name":"Home","item":"https:\/\/partsandpieces.nl\/home\/"},{"@type":"ListItem","position":2,"name":"Winkel","item":"https:\/\/partsandpieces.nl\/winkel\/"},{"@type":"ListItem","position":3,"name":"Meubeldecoratie Messing antiek &#8216;Muziek&#8217; 40x66mm"}]},{"@type":"WebSite","@id":"https:\/\/partsandpieces.nl\/#website","url":"https:\/\/partsandpieces.nl\/","name":"Teile &amp; St\u00fccke","description":"Alles f\u00fcr Ihre M\u00f6belrestaurierung und -pflege!","potentialAction":[{"@type":"SearchAction","target":{"@type":"EntryPoint","urlTemplate":"https:\/\/partsandpieces.nl\/?s={search_term_string}"},"query-input":{"@type":"PropertyValueSpecification","valueRequired":true,"valueName":"search_term_string"}}],"inLanguage":"de"}]}},"_links":{"self":[{"href":"https:\/\/partsandpieces.nl\/de\/wp-json\/wp\/v2\/product\/2434","targetHints":{"allow":["GET"]}}],"collection":[{"href":"https:\/\/partsandpieces.nl\/de\/wp-json\/wp\/v2\/product"}],"about":[{"href":"https:\/\/partsandpieces.nl\/de\/wp-json\/wp\/v2\/types\/product"}],"wp:featuredmedia":[{"embeddable":true,"href":"https:\/\/partsandpieces.nl\/de\/wp-json\/wp\/v2\/media\/7200"}],"wp:attachment":[{"href":"https:\/\/partsandpieces.nl\/de\/wp-json\/wp\/v2\/media?parent=2434"}],"wp:term":[{"taxonomy":"product_brand","embeddable":true,"href":"https:\/\/partsandpieces.nl\/de\/wp-json\/wp\/v2\/product_brand?post=2434"},{"taxonomy":"product_cat","embeddable":true,"href":"https:\/\/partsandpieces.nl\/de\/wp-json\/wp\/v2\/product_cat?post=2434"},{"taxonomy":"product_tag","embeddable":true,"href":"https:\/\/partsandpieces.nl\/de\/wp-json\/wp\/v2\/product_tag?post=2434"}],"curies":[{"name":"wp","href":"https:\/\/api.w.org\/{rel}","templated":true}]}}