{"id":2436,"date":"2022-02-04T14:37:17","date_gmt":"2022-02-04T14:37:17","guid":{"rendered":"https:\/\/partsandpieces.bonsaidev.nl\/?product=messing-decoratief-meubelplaatje-muziek-40x66mm-1664452299"},"modified":"2026-03-18T20:01:24","modified_gmt":"2026-03-18T19:01:24","slug":"messing-dekorative-mobelplatte-musik-40x66mm-1664452299","status":"publish","type":"product","link":"https:\/\/partsandpieces.nl\/de\/product\/messing-decoratief-meubelplaatje-muziek-40x66mm-1664452299\/","title":{"rendered":"M\u00f6beldekoration Messing gl\u00e4nzend oval Gro\u00df 60x120mm"},"content":{"rendered":"<p><strong>M\u00f6beldekoration Messing gl\u00e4nzend oval Gro\u00df 60x120mm<\/strong> ist ein wundersch\u00f6ner, massiver Dekoteller aus Eisen mit gl\u00e4nzendem Messingfinish. Der Dekoteller ist vertikal ausgerichtet und hat ein sch\u00f6nes Dekor. Ein echter Hingucker f\u00fcr Ihre antiken oder klassischen M\u00f6bel.<\/p>\n<p><strong>Ma\u00dfe<br \/>\n<\/strong>M\u00f6beldekoration Messing gl\u00e4nzend oval Large 60x120mm hat eine Breite von 60mm und eine H\u00f6he von 120mm.<\/p>\n<p><strong>Bearbeiten<br \/>\n<\/strong>Sie k\u00f6nnen die Schl\u00fcsselplatte mit 2 kleinen Schrauben befestigen. Ich werde diese Schrauben NICHT mit Ihrer Bestellung mitsenden.<\/p>","protected":false},"excerpt":{"rendered":"<p>Meubeldecoratie Messing glanzend ovaal Groot 60x120mm is een prachtige, massieve sierplaat gemaakt van ijzer met een glanzende messing afwerking. De sierplaat is verticaal gericht en heeft een mooie versiering. Echt een eye-catcher voor op je antieke of klassieke meubel. Afmetingen Meubeldecoratie Messing glanzend ovaal Groot 60x120mm heeft een breedte van 60mm en een hoogte van [&hellip;]<\/p>\n","protected":false},"featured_media":7845,"template":"","meta":{"_acf_changed":false},"product_brand":[],"product_cat":[27,23],"product_tag":[],"class_list":{"0":"post-2436","1":"product","2":"type-product","3":"status-publish","4":"has-post-thumbnail","6":"product_cat-decoratieve-plaatjes-en-rozetten","7":"product_cat-meubelbeslag","9":"first","10":"instock","11":"taxable","12":"shipping-taxable","13":"purchasable","14":"product-type-simple"},"acf":[],"yoast_head":"<!-- This site is optimized with the Yoast SEO plugin v27.3 - https:\/\/yoast.com\/product\/yoast-seo-wordpress\/ -->\n<title>Meubeldecoratie Messing ovaal Groot 60x120mm glanzend<\/title>\n<meta name=\"description\" content=\"Meubeldecoratie Messing glanzend ovaal Groot 60x120mm is een prachtige, massieve sierplaat gemaakt van ijzer met een glanzende messing afwerking.\" \/>\n<meta name=\"robots\" content=\"index, follow, max-snippet:-1, max-image-preview:large, max-video-preview:-1\" \/>\n<link rel=\"canonical\" href=\"https:\/\/partsandpieces.nl\/de\/produkt\/messing-dekorative-mobelplatte-musik-40x66mm-1664452299\/\" \/>\n<meta property=\"og:locale\" content=\"de_DE\" \/>\n<meta property=\"og:type\" content=\"article\" \/>\n<meta property=\"og:title\" content=\"Meubeldecoratie Messing ovaal Groot 60x120mm glanzend\" \/>\n<meta property=\"og:description\" content=\"Meubeldecoratie Messing glanzend ovaal Groot 60x120mm is een prachtige, massieve sierplaat gemaakt van ijzer met een glanzende messing afwerking.\" \/>\n<meta property=\"og:url\" content=\"https:\/\/partsandpieces.nl\/de\/produkt\/messing-dekorative-mobelplatte-musik-40x66mm-1664452299\/\" \/>\n<meta property=\"og:site_name\" content=\"Parts &amp; Pieces\" \/>\n<meta property=\"article:modified_time\" content=\"2026-03-18T19:01:24+00:00\" \/>\n<meta property=\"og:image\" content=\"https:\/\/partsandpieces.nl\/wp-content\/uploads\/2022\/02\/Meubeldecoratie-Messing-glanzend-ovaal-Groot-60x120mm.jpg\" \/>\n\t<meta property=\"og:image:width\" content=\"400\" \/>\n\t<meta property=\"og:image:height\" content=\"401\" \/>\n\t<meta property=\"og:image:type\" content=\"image\/jpeg\" \/>\n<meta name=\"twitter:card\" content=\"summary_large_image\" \/>\n<meta name=\"twitter:label1\" content=\"Gesch\u00e4tzte Lesezeit\" \/>\n\t<meta name=\"twitter:data1\" content=\"1\u00a0Minute\" \/>\n<script type=\"application\/ld+json\" class=\"yoast-schema-graph\">{\"@context\":\"https:\\\/\\\/schema.org\",\"@graph\":[{\"@type\":\"WebPage\",\"@id\":\"https:\\\/\\\/partsandpieces.nl\\\/product\\\/messing-decoratief-meubelplaatje-muziek-40x66mm-1664452299\\\/\",\"url\":\"https:\\\/\\\/partsandpieces.nl\\\/product\\\/messing-decoratief-meubelplaatje-muziek-40x66mm-1664452299\\\/\",\"name\":\"Meubeldecoratie Messing ovaal Groot 60x120mm glanzend\",\"isPartOf\":{\"@id\":\"https:\\\/\\\/partsandpieces.nl\\\/#website\"},\"primaryImageOfPage\":{\"@id\":\"https:\\\/\\\/partsandpieces.nl\\\/product\\\/messing-decoratief-meubelplaatje-muziek-40x66mm-1664452299\\\/#primaryimage\"},\"image\":{\"@id\":\"https:\\\/\\\/partsandpieces.nl\\\/product\\\/messing-decoratief-meubelplaatje-muziek-40x66mm-1664452299\\\/#primaryimage\"},\"thumbnailUrl\":\"https:\\\/\\\/partsandpieces.nl\\\/wp-content\\\/uploads\\\/2022\\\/02\\\/Meubeldecoratie-Messing-glanzend-ovaal-Groot-60x120mm.jpg\",\"datePublished\":\"2022-02-04T14:37:17+00:00\",\"dateModified\":\"2026-03-18T19:01:24+00:00\",\"description\":\"Meubeldecoratie Messing glanzend ovaal Groot 60x120mm is een prachtige, massieve sierplaat gemaakt van ijzer met een glanzende messing afwerking.\",\"breadcrumb\":{\"@id\":\"https:\\\/\\\/partsandpieces.nl\\\/product\\\/messing-decoratief-meubelplaatje-muziek-40x66mm-1664452299\\\/#breadcrumb\"},\"inLanguage\":\"de\",\"potentialAction\":[{\"@type\":\"ReadAction\",\"target\":[\"https:\\\/\\\/partsandpieces.nl\\\/product\\\/messing-decoratief-meubelplaatje-muziek-40x66mm-1664452299\\\/\"]}]},{\"@type\":\"ImageObject\",\"inLanguage\":\"de\",\"@id\":\"https:\\\/\\\/partsandpieces.nl\\\/product\\\/messing-decoratief-meubelplaatje-muziek-40x66mm-1664452299\\\/#primaryimage\",\"url\":\"https:\\\/\\\/partsandpieces.nl\\\/wp-content\\\/uploads\\\/2022\\\/02\\\/Meubeldecoratie-Messing-glanzend-ovaal-Groot-60x120mm.jpg\",\"contentUrl\":\"https:\\\/\\\/partsandpieces.nl\\\/wp-content\\\/uploads\\\/2022\\\/02\\\/Meubeldecoratie-Messing-glanzend-ovaal-Groot-60x120mm.jpg\",\"width\":400,\"height\":401,\"caption\":\"Meubeldecoratie Messing glanzend ovaal Groot 60x120mm\"},{\"@type\":\"BreadcrumbList\",\"@id\":\"https:\\\/\\\/partsandpieces.nl\\\/product\\\/messing-decoratief-meubelplaatje-muziek-40x66mm-1664452299\\\/#breadcrumb\",\"itemListElement\":[{\"@type\":\"ListItem\",\"position\":1,\"name\":\"Home\",\"item\":\"https:\\\/\\\/partsandpieces.nl\\\/home\\\/\"},{\"@type\":\"ListItem\",\"position\":2,\"name\":\"Winkel\",\"item\":\"https:\\\/\\\/partsandpieces.nl\\\/winkel\\\/\"},{\"@type\":\"ListItem\",\"position\":3,\"name\":\"Meubeldecoratie Messing glanzend ovaal Groot 60x120mm\"}]},{\"@type\":\"WebSite\",\"@id\":\"https:\\\/\\\/partsandpieces.nl\\\/#website\",\"url\":\"https:\\\/\\\/partsandpieces.nl\\\/\",\"name\":\"Parts &amp; Pieces\",\"description\":\"Alles voor uw meubelrestauratie en -onderhoud!\",\"potentialAction\":[{\"@type\":\"SearchAction\",\"target\":{\"@type\":\"EntryPoint\",\"urlTemplate\":\"https:\\\/\\\/partsandpieces.nl\\\/?s={search_term_string}\"},\"query-input\":{\"@type\":\"PropertyValueSpecification\",\"valueRequired\":true,\"valueName\":\"search_term_string\"}}],\"inLanguage\":\"de\"}]}<\/script>\n<!-- \/ Yoast SEO plugin. -->","yoast_head_json":{"title":"M\u00f6beldekoration Messing oval gro\u00df 60x120mm gl\u00e4nzend","description":"M\u00f6beldekoration Messing gl\u00e4nzend oval Gro\u00df 60x120mm ist eine sch\u00f6ne, solide Dekoplatte aus Eisen mit gl\u00e4nzendem Messingfinish.","robots":{"index":"index","follow":"follow","max-snippet":"max-snippet:-1","max-image-preview":"max-image-preview:large","max-video-preview":"max-video-preview:-1"},"canonical":"https:\/\/partsandpieces.nl\/de\/produkt\/messing-dekorative-mobelplatte-musik-40x66mm-1664452299\/","og_locale":"de_DE","og_type":"article","og_title":"Meubeldecoratie Messing ovaal Groot 60x120mm glanzend","og_description":"Meubeldecoratie Messing glanzend ovaal Groot 60x120mm is een prachtige, massieve sierplaat gemaakt van ijzer met een glanzende messing afwerking.","og_url":"https:\/\/partsandpieces.nl\/de\/produkt\/messing-dekorative-mobelplatte-musik-40x66mm-1664452299\/","og_site_name":"Parts &amp; Pieces","article_modified_time":"2026-03-18T19:01:24+00:00","og_image":[{"width":400,"height":401,"url":"https:\/\/partsandpieces.nl\/wp-content\/uploads\/2022\/02\/Meubeldecoratie-Messing-glanzend-ovaal-Groot-60x120mm.jpg","type":"image\/jpeg"}],"twitter_card":"summary_large_image","twitter_misc":{"Gesch\u00e4tzte Lesezeit":"1\u00a0Minute"},"schema":{"@context":"https:\/\/schema.org","@graph":[{"@type":"WebPage","@id":"https:\/\/partsandpieces.nl\/product\/messing-decoratief-meubelplaatje-muziek-40x66mm-1664452299\/","url":"https:\/\/partsandpieces.nl\/product\/messing-decoratief-meubelplaatje-muziek-40x66mm-1664452299\/","name":"M\u00f6beldekoration Messing oval gro\u00df 60x120mm gl\u00e4nzend","isPartOf":{"@id":"https:\/\/partsandpieces.nl\/#website"},"primaryImageOfPage":{"@id":"https:\/\/partsandpieces.nl\/product\/messing-decoratief-meubelplaatje-muziek-40x66mm-1664452299\/#primaryimage"},"image":{"@id":"https:\/\/partsandpieces.nl\/product\/messing-decoratief-meubelplaatje-muziek-40x66mm-1664452299\/#primaryimage"},"thumbnailUrl":"https:\/\/partsandpieces.nl\/wp-content\/uploads\/2022\/02\/Meubeldecoratie-Messing-glanzend-ovaal-Groot-60x120mm.jpg","datePublished":"2022-02-04T14:37:17+00:00","dateModified":"2026-03-18T19:01:24+00:00","description":"M\u00f6beldekoration Messing gl\u00e4nzend oval Gro\u00df 60x120mm ist eine sch\u00f6ne, solide Dekoplatte aus Eisen mit gl\u00e4nzendem Messingfinish.","breadcrumb":{"@id":"https:\/\/partsandpieces.nl\/product\/messing-decoratief-meubelplaatje-muziek-40x66mm-1664452299\/#breadcrumb"},"inLanguage":"de","potentialAction":[{"@type":"ReadAction","target":["https:\/\/partsandpieces.nl\/product\/messing-decoratief-meubelplaatje-muziek-40x66mm-1664452299\/"]}]},{"@type":"ImageObject","inLanguage":"de","@id":"https:\/\/partsandpieces.nl\/product\/messing-decoratief-meubelplaatje-muziek-40x66mm-1664452299\/#primaryimage","url":"https:\/\/partsandpieces.nl\/wp-content\/uploads\/2022\/02\/Meubeldecoratie-Messing-glanzend-ovaal-Groot-60x120mm.jpg","contentUrl":"https:\/\/partsandpieces.nl\/wp-content\/uploads\/2022\/02\/Meubeldecoratie-Messing-glanzend-ovaal-Groot-60x120mm.jpg","width":400,"height":401,"caption":"Meubeldecoratie Messing glanzend ovaal Groot 60x120mm"},{"@type":"BreadcrumbList","@id":"https:\/\/partsandpieces.nl\/product\/messing-decoratief-meubelplaatje-muziek-40x66mm-1664452299\/#breadcrumb","itemListElement":[{"@type":"ListItem","position":1,"name":"Home","item":"https:\/\/partsandpieces.nl\/home\/"},{"@type":"ListItem","position":2,"name":"Winkel","item":"https:\/\/partsandpieces.nl\/winkel\/"},{"@type":"ListItem","position":3,"name":"Meubeldecoratie Messing glanzend ovaal Groot 60x120mm"}]},{"@type":"WebSite","@id":"https:\/\/partsandpieces.nl\/#website","url":"https:\/\/partsandpieces.nl\/","name":"Teile &amp; St\u00fccke","description":"Alles f\u00fcr Ihre M\u00f6belrestaurierung und -pflege!","potentialAction":[{"@type":"SearchAction","target":{"@type":"EntryPoint","urlTemplate":"https:\/\/partsandpieces.nl\/?s={search_term_string}"},"query-input":{"@type":"PropertyValueSpecification","valueRequired":true,"valueName":"search_term_string"}}],"inLanguage":"de"}]}},"_links":{"self":[{"href":"https:\/\/partsandpieces.nl\/de\/wp-json\/wp\/v2\/product\/2436","targetHints":{"allow":["GET"]}}],"collection":[{"href":"https:\/\/partsandpieces.nl\/de\/wp-json\/wp\/v2\/product"}],"about":[{"href":"https:\/\/partsandpieces.nl\/de\/wp-json\/wp\/v2\/types\/product"}],"wp:featuredmedia":[{"embeddable":true,"href":"https:\/\/partsandpieces.nl\/de\/wp-json\/wp\/v2\/media\/7845"}],"wp:attachment":[{"href":"https:\/\/partsandpieces.nl\/de\/wp-json\/wp\/v2\/media?parent=2436"}],"wp:term":[{"taxonomy":"product_brand","embeddable":true,"href":"https:\/\/partsandpieces.nl\/de\/wp-json\/wp\/v2\/product_brand?post=2436"},{"taxonomy":"product_cat","embeddable":true,"href":"https:\/\/partsandpieces.nl\/de\/wp-json\/wp\/v2\/product_cat?post=2436"},{"taxonomy":"product_tag","embeddable":true,"href":"https:\/\/partsandpieces.nl\/de\/wp-json\/wp\/v2\/product_tag?post=2436"}],"curies":[{"name":"wp","href":"https:\/\/api.w.org\/{rel}","templated":true}]}}