{"id":2438,"date":"2022-02-07T09:38:44","date_gmt":"2022-02-07T09:38:44","guid":{"rendered":"https:\/\/partsandpieces.bonsaidev.nl\/?product=messing-decoratief-meubelplaatje-bacchus-hoofd-185x70mm"},"modified":"2026-03-05T10:53:14","modified_gmt":"2026-03-05T09:53:14","slug":"mobeldekoration-messing-antik-bacchuskopf-185x70mm","status":"publish","type":"product","link":"https:\/\/partsandpieces.nl\/de\/product\/meubeldecoratie-messing-antiek-bacchus-hoofd-185x70mm\/","title":{"rendered":"M\u00f6beldekoration Messing antik &#039;Bacchuskopf&#039; (185x70mm)"},"content":{"rendered":"<p>M\u00f6beldekoration Messing antik &#039;Bacchuskopf&#039; (185x70mm) ist eine sch\u00f6ne massive Messingdekoration f\u00fcr Ihre M\u00f6bel. Dies ist eine schwere Qualit\u00e4tsdekoration. Es wiegt satte 240 Gramm! Die Dekoration zeigt den r\u00f6mischen Gott Bacchus, flankiert von Weinreben.<\/p>\n<p><strong>Bearbeiten<\/strong><br \/>\nSie k\u00f6nnen die Schl\u00fcsselplatte mit montieren\u00a0<span style=\"text-decoration: underline;\"><a href=\"https:\/\/partsandpieces.nl\/de\/produkt\/schrauben-mit-rundkopf-antikbronze-mit-schlitz-2-x-14-mm\/\">Schraube Rundkopf Antik Bronze mit Schlitz (2x14mm)<\/a><\/span>. Ich schicke diese Schrauben\u00a0<strong>FREI<\/strong>\u00a0mit Ihrer Bestellung.<\/p>","protected":false},"excerpt":{"rendered":"<p>Meubeldecoratie Messing antiek &#8216;Bacchus hoofd&#8217; (185x70mm) is een prachtige massief messing decoratie voor op je meubel. Het betreft een decoratie van zware kwaliteit. Het weegt maar liefst 240 gram! De decoratie stelt de Romeinse God Bacchus voor geflankeerd door wijnranken. Montage Je kunt de sleutelplaat monteren met\u00a0Schroef Bolkop Antiek Brons met gleuf (2x14mm). Deze schroeven [&hellip;]<\/p>\n","protected":false},"featured_media":7170,"template":"","meta":{"_acf_changed":false},"product_brand":[],"product_cat":[27,23],"product_tag":[],"class_list":{"0":"post-2438","1":"product","2":"type-product","3":"status-publish","4":"has-post-thumbnail","6":"product_cat-decoratieve-plaatjes-en-rozetten","7":"product_cat-meubelbeslag","9":"first","10":"instock","11":"taxable","12":"shipping-taxable","13":"purchasable","14":"product-type-simple"},"acf":[],"yoast_head":"<!-- This site is optimized with the Yoast SEO plugin v27.3 - https:\/\/yoast.com\/product\/yoast-seo-wordpress\/ -->\n<title>Meubeldecoratie Messing antiek Bacchus<\/title>\n<meta name=\"description\" content=\"Meubeldecoratie Messing antiek &#039;Bacchus hoofd&#039; (185x70mm) stelt de Romeinse God Bacchus voor geflankeerd door wijnranken.\" \/>\n<meta name=\"robots\" content=\"index, follow, max-snippet:-1, max-image-preview:large, max-video-preview:-1\" \/>\n<link rel=\"canonical\" href=\"https:\/\/partsandpieces.nl\/de\/produkt\/mobeldekoration-messing-antik-bacchuskopf-185x70mm\/\" \/>\n<meta property=\"og:locale\" content=\"de_DE\" \/>\n<meta property=\"og:type\" content=\"article\" \/>\n<meta property=\"og:title\" content=\"Meubeldecoratie Messing antiek Bacchus\" \/>\n<meta property=\"og:description\" content=\"Meubeldecoratie Messing antiek &#039;Bacchus hoofd&#039; (185x70mm) stelt de Romeinse God Bacchus voor geflankeerd door wijnranken.\" \/>\n<meta property=\"og:url\" content=\"https:\/\/partsandpieces.nl\/de\/produkt\/mobeldekoration-messing-antik-bacchuskopf-185x70mm\/\" \/>\n<meta property=\"og:site_name\" content=\"Parts &amp; Pieces\" \/>\n<meta property=\"article:modified_time\" content=\"2026-03-05T09:53:14+00:00\" \/>\n<meta property=\"og:image\" content=\"https:\/\/partsandpieces.nl\/wp-content\/uploads\/2022\/02\/Meubeldecoratie-Messing-antiek-Bacchus-hoofd-185x70mm.jpg\" \/>\n\t<meta property=\"og:image:width\" content=\"446\" \/>\n\t<meta property=\"og:image:height\" content=\"447\" \/>\n\t<meta property=\"og:image:type\" content=\"image\/jpeg\" \/>\n<meta name=\"twitter:card\" content=\"summary_large_image\" \/>\n<meta name=\"twitter:label1\" content=\"Gesch\u00e4tzte Lesezeit\" \/>\n\t<meta name=\"twitter:data1\" content=\"1\u00a0Minute\" \/>\n<script type=\"application\/ld+json\" class=\"yoast-schema-graph\">{\"@context\":\"https:\\\/\\\/schema.org\",\"@graph\":[{\"@type\":\"WebPage\",\"@id\":\"https:\\\/\\\/partsandpieces.nl\\\/product\\\/meubeldecoratie-messing-antiek-bacchus-hoofd-185x70mm\\\/\",\"url\":\"https:\\\/\\\/partsandpieces.nl\\\/product\\\/meubeldecoratie-messing-antiek-bacchus-hoofd-185x70mm\\\/\",\"name\":\"Meubeldecoratie Messing antiek Bacchus\",\"isPartOf\":{\"@id\":\"https:\\\/\\\/partsandpieces.nl\\\/#website\"},\"primaryImageOfPage\":{\"@id\":\"https:\\\/\\\/partsandpieces.nl\\\/product\\\/meubeldecoratie-messing-antiek-bacchus-hoofd-185x70mm\\\/#primaryimage\"},\"image\":{\"@id\":\"https:\\\/\\\/partsandpieces.nl\\\/product\\\/meubeldecoratie-messing-antiek-bacchus-hoofd-185x70mm\\\/#primaryimage\"},\"thumbnailUrl\":\"https:\\\/\\\/partsandpieces.nl\\\/wp-content\\\/uploads\\\/2022\\\/02\\\/Meubeldecoratie-Messing-antiek-Bacchus-hoofd-185x70mm.jpg\",\"datePublished\":\"2022-02-07T09:38:44+00:00\",\"dateModified\":\"2026-03-05T09:53:14+00:00\",\"description\":\"Meubeldecoratie Messing antiek 'Bacchus hoofd' (185x70mm) stelt de Romeinse God Bacchus voor geflankeerd door wijnranken.\",\"breadcrumb\":{\"@id\":\"https:\\\/\\\/partsandpieces.nl\\\/product\\\/meubeldecoratie-messing-antiek-bacchus-hoofd-185x70mm\\\/#breadcrumb\"},\"inLanguage\":\"de\",\"potentialAction\":[{\"@type\":\"ReadAction\",\"target\":[\"https:\\\/\\\/partsandpieces.nl\\\/product\\\/meubeldecoratie-messing-antiek-bacchus-hoofd-185x70mm\\\/\"]}]},{\"@type\":\"ImageObject\",\"inLanguage\":\"de\",\"@id\":\"https:\\\/\\\/partsandpieces.nl\\\/product\\\/meubeldecoratie-messing-antiek-bacchus-hoofd-185x70mm\\\/#primaryimage\",\"url\":\"https:\\\/\\\/partsandpieces.nl\\\/wp-content\\\/uploads\\\/2022\\\/02\\\/Meubeldecoratie-Messing-antiek-Bacchus-hoofd-185x70mm.jpg\",\"contentUrl\":\"https:\\\/\\\/partsandpieces.nl\\\/wp-content\\\/uploads\\\/2022\\\/02\\\/Meubeldecoratie-Messing-antiek-Bacchus-hoofd-185x70mm.jpg\",\"width\":446,\"height\":447,\"caption\":\"Meubeldecoratie Messing antiek 'Bacchus hoofd' (185x70mm)\"},{\"@type\":\"BreadcrumbList\",\"@id\":\"https:\\\/\\\/partsandpieces.nl\\\/product\\\/meubeldecoratie-messing-antiek-bacchus-hoofd-185x70mm\\\/#breadcrumb\",\"itemListElement\":[{\"@type\":\"ListItem\",\"position\":1,\"name\":\"Home\",\"item\":\"https:\\\/\\\/partsandpieces.nl\\\/home\\\/\"},{\"@type\":\"ListItem\",\"position\":2,\"name\":\"Winkel\",\"item\":\"https:\\\/\\\/partsandpieces.nl\\\/winkel\\\/\"},{\"@type\":\"ListItem\",\"position\":3,\"name\":\"Meubeldecoratie Messing antiek &#8216;Bacchus hoofd&#8217; (185x70mm)\"}]},{\"@type\":\"WebSite\",\"@id\":\"https:\\\/\\\/partsandpieces.nl\\\/#website\",\"url\":\"https:\\\/\\\/partsandpieces.nl\\\/\",\"name\":\"Parts &amp; Pieces\",\"description\":\"Alles voor uw meubelrestauratie en -onderhoud!\",\"potentialAction\":[{\"@type\":\"SearchAction\",\"target\":{\"@type\":\"EntryPoint\",\"urlTemplate\":\"https:\\\/\\\/partsandpieces.nl\\\/?s={search_term_string}\"},\"query-input\":{\"@type\":\"PropertyValueSpecification\",\"valueRequired\":true,\"valueName\":\"search_term_string\"}}],\"inLanguage\":\"de\"}]}<\/script>\n<!-- \/ Yoast SEO plugin. -->","yoast_head_json":{"title":"M\u00f6beldekoration Messing antik Bacchus","description":"M\u00f6beldekoration Messing antik \u201eBacchus-Kopf\u201c (185 x 70 mm) stellt den r\u00f6mischen Gott Bacchus dar, flankiert von Ranken.","robots":{"index":"index","follow":"follow","max-snippet":"max-snippet:-1","max-image-preview":"max-image-preview:large","max-video-preview":"max-video-preview:-1"},"canonical":"https:\/\/partsandpieces.nl\/de\/produkt\/mobeldekoration-messing-antik-bacchuskopf-185x70mm\/","og_locale":"de_DE","og_type":"article","og_title":"Meubeldecoratie Messing antiek Bacchus","og_description":"Meubeldecoratie Messing antiek 'Bacchus hoofd' (185x70mm) stelt de Romeinse God Bacchus voor geflankeerd door wijnranken.","og_url":"https:\/\/partsandpieces.nl\/de\/produkt\/mobeldekoration-messing-antik-bacchuskopf-185x70mm\/","og_site_name":"Parts &amp; Pieces","article_modified_time":"2026-03-05T09:53:14+00:00","og_image":[{"width":446,"height":447,"url":"https:\/\/partsandpieces.nl\/wp-content\/uploads\/2022\/02\/Meubeldecoratie-Messing-antiek-Bacchus-hoofd-185x70mm.jpg","type":"image\/jpeg"}],"twitter_card":"summary_large_image","twitter_misc":{"Gesch\u00e4tzte Lesezeit":"1\u00a0Minute"},"schema":{"@context":"https:\/\/schema.org","@graph":[{"@type":"WebPage","@id":"https:\/\/partsandpieces.nl\/product\/meubeldecoratie-messing-antiek-bacchus-hoofd-185x70mm\/","url":"https:\/\/partsandpieces.nl\/product\/meubeldecoratie-messing-antiek-bacchus-hoofd-185x70mm\/","name":"M\u00f6beldekoration Messing antik Bacchus","isPartOf":{"@id":"https:\/\/partsandpieces.nl\/#website"},"primaryImageOfPage":{"@id":"https:\/\/partsandpieces.nl\/product\/meubeldecoratie-messing-antiek-bacchus-hoofd-185x70mm\/#primaryimage"},"image":{"@id":"https:\/\/partsandpieces.nl\/product\/meubeldecoratie-messing-antiek-bacchus-hoofd-185x70mm\/#primaryimage"},"thumbnailUrl":"https:\/\/partsandpieces.nl\/wp-content\/uploads\/2022\/02\/Meubeldecoratie-Messing-antiek-Bacchus-hoofd-185x70mm.jpg","datePublished":"2022-02-07T09:38:44+00:00","dateModified":"2026-03-05T09:53:14+00:00","description":"M\u00f6beldekoration Messing antik \u201eBacchus-Kopf\u201c (185 x 70 mm) stellt den r\u00f6mischen Gott Bacchus dar, flankiert von Ranken.","breadcrumb":{"@id":"https:\/\/partsandpieces.nl\/product\/meubeldecoratie-messing-antiek-bacchus-hoofd-185x70mm\/#breadcrumb"},"inLanguage":"de","potentialAction":[{"@type":"ReadAction","target":["https:\/\/partsandpieces.nl\/product\/meubeldecoratie-messing-antiek-bacchus-hoofd-185x70mm\/"]}]},{"@type":"ImageObject","inLanguage":"de","@id":"https:\/\/partsandpieces.nl\/product\/meubeldecoratie-messing-antiek-bacchus-hoofd-185x70mm\/#primaryimage","url":"https:\/\/partsandpieces.nl\/wp-content\/uploads\/2022\/02\/Meubeldecoratie-Messing-antiek-Bacchus-hoofd-185x70mm.jpg","contentUrl":"https:\/\/partsandpieces.nl\/wp-content\/uploads\/2022\/02\/Meubeldecoratie-Messing-antiek-Bacchus-hoofd-185x70mm.jpg","width":446,"height":447,"caption":"Meubeldecoratie Messing antiek 'Bacchus hoofd' (185x70mm)"},{"@type":"BreadcrumbList","@id":"https:\/\/partsandpieces.nl\/product\/meubeldecoratie-messing-antiek-bacchus-hoofd-185x70mm\/#breadcrumb","itemListElement":[{"@type":"ListItem","position":1,"name":"Home","item":"https:\/\/partsandpieces.nl\/home\/"},{"@type":"ListItem","position":2,"name":"Winkel","item":"https:\/\/partsandpieces.nl\/winkel\/"},{"@type":"ListItem","position":3,"name":"Meubeldecoratie Messing antiek &#8216;Bacchus hoofd&#8217; (185x70mm)"}]},{"@type":"WebSite","@id":"https:\/\/partsandpieces.nl\/#website","url":"https:\/\/partsandpieces.nl\/","name":"Teile &amp; St\u00fccke","description":"Alles f\u00fcr Ihre M\u00f6belrestaurierung und -pflege!","potentialAction":[{"@type":"SearchAction","target":{"@type":"EntryPoint","urlTemplate":"https:\/\/partsandpieces.nl\/?s={search_term_string}"},"query-input":{"@type":"PropertyValueSpecification","valueRequired":true,"valueName":"search_term_string"}}],"inLanguage":"de"}]}},"_links":{"self":[{"href":"https:\/\/partsandpieces.nl\/de\/wp-json\/wp\/v2\/product\/2438","targetHints":{"allow":["GET"]}}],"collection":[{"href":"https:\/\/partsandpieces.nl\/de\/wp-json\/wp\/v2\/product"}],"about":[{"href":"https:\/\/partsandpieces.nl\/de\/wp-json\/wp\/v2\/types\/product"}],"wp:featuredmedia":[{"embeddable":true,"href":"https:\/\/partsandpieces.nl\/de\/wp-json\/wp\/v2\/media\/7170"}],"wp:attachment":[{"href":"https:\/\/partsandpieces.nl\/de\/wp-json\/wp\/v2\/media?parent=2438"}],"wp:term":[{"taxonomy":"product_brand","embeddable":true,"href":"https:\/\/partsandpieces.nl\/de\/wp-json\/wp\/v2\/product_brand?post=2438"},{"taxonomy":"product_cat","embeddable":true,"href":"https:\/\/partsandpieces.nl\/de\/wp-json\/wp\/v2\/product_cat?post=2438"},{"taxonomy":"product_tag","embeddable":true,"href":"https:\/\/partsandpieces.nl\/de\/wp-json\/wp\/v2\/product_tag?post=2438"}],"curies":[{"name":"wp","href":"https:\/\/api.w.org\/{rel}","templated":true}]}}