{"id":244,"date":"2020-07-10T12:13:38","date_gmt":"2020-07-10T12:13:38","guid":{"rendered":"https:\/\/partsandpieces.bonsaidev.nl\/?product=deco-plaat-145x45-mm"},"modified":"2024-11-26T12:11:42","modified_gmt":"2024-11-26T11:11:42","slug":"dekoration-2-jungen-und-korb-messing-145mm","status":"publish","type":"product","link":"https:\/\/partsandpieces.nl\/de\/product\/decoratie-2-jongens-en-mand-messing-145mm\/","title":{"rendered":"M\u00f6beldekoration 2 Jungen und Korb Messing 145mm"},"content":{"rendered":"<p><strong>M\u00f6beldekoration 2 Jungen und Korb Messing 145mm<\/strong> ist ein dekoratives Bild f\u00fcr Ihr klassisches oder antikes M\u00f6belst\u00fcck. Das Bild zeigt zwei laufende Jungen oder Engel, die ihren Krug in einen gro\u00dfen Korb gie\u00dfen. Die Dekoration besteht aus Zamak* und hat eine gl\u00e4nzende Messingoberfl\u00e4che.<\/p>\n<p>Diese hochwertige Dekoration wird in Italien hergestellt.<\/p>\n<p><strong>Ma\u00dfe<br \/>\n<\/strong>Die M\u00f6beldekoration 2 Jungen und Korb Messing 145 mm hat eine Breite von 145 mm und ist 50 mm hoch.<\/p>\n<p><strong>Bearbeiten<br \/>\n<\/strong>Sie montieren diese M\u00f6beldekoration mit 3 Schrauben. Ich liefere diese Schrauben NICHT.<\/p>\n<p>* Zamak ist eine Legierung mit Zink als Hauptbestandteil. Es hat einen relativ niedrigen Schmelzpunkt und ist leicht zu gie\u00dfen. Der Name ist ein Akronym, abgeleitet von den Anfangsbuchstaben der deutschen Bezeichnungen f\u00fcr die Metalle, aus denen sich der Werkstoff zusammensetzt: Zink, Aluminium, MAGnesium, Kupfer. Zamak wird in der Auto- und M\u00f6belindustrie f\u00fcr T\u00fcrgriffe, Griffe, Logos und Zierleisten verwendet. Es wird auch h\u00e4ufig als Ersatz f\u00fcr das giftige Blei verwendet.<\/p>","protected":false},"excerpt":{"rendered":"<p>Meubeldecoratie 2 jongens en mand Messing 145mm is een decoratief plaatje voor op je klassieke of antieke meubelstuk. De afbeelding stelt 2 rennende jongens of engeltjes voor die hun kan uitstorten in een grote mand. De decoratie is gemaakt van zamak* en heeft een glanzende messing finish. Deze kwalitatief uitstekende decoratie is gemaakt in Itali\u00eb. [&hellip;]<\/p>\n","protected":false},"featured_media":5243,"template":"","meta":{"_acf_changed":false},"product_brand":[],"product_cat":[27,23],"product_tag":[],"class_list":{"0":"post-244","1":"product","2":"type-product","3":"status-publish","4":"has-post-thumbnail","6":"product_cat-decoratieve-plaatjes-en-rozetten","7":"product_cat-meubelbeslag","9":"first","10":"instock","11":"taxable","12":"shipping-taxable","13":"purchasable","14":"product-type-simple"},"acf":[],"yoast_head":"<!-- This site is optimized with the Yoast SEO plugin v27.3 - https:\/\/yoast.com\/product\/yoast-seo-wordpress\/ -->\n<title>Meubeldecoratie jongens Messing 145mm<\/title>\n<meta name=\"description\" content=\"Meubeldecoratie jongens Messing 145mm is een decoratief plaatje voor op je klassieke of antieke meubelstuk. De decoratie heeft een glanzende messing finish.\" \/>\n<meta name=\"robots\" content=\"index, follow, max-snippet:-1, max-image-preview:large, max-video-preview:-1\" \/>\n<link rel=\"canonical\" href=\"https:\/\/partsandpieces.nl\/de\/produkt\/dekoration-2-jungen-und-korb-messing-145mm\/\" \/>\n<meta property=\"og:locale\" content=\"de_DE\" \/>\n<meta property=\"og:type\" content=\"article\" \/>\n<meta property=\"og:title\" content=\"Meubeldecoratie jongens Messing 145mm\" \/>\n<meta property=\"og:description\" content=\"Meubeldecoratie jongens Messing 145mm is een decoratief plaatje voor op je klassieke of antieke meubelstuk. De decoratie heeft een glanzende messing finish.\" \/>\n<meta property=\"og:url\" content=\"https:\/\/partsandpieces.nl\/de\/produkt\/dekoration-2-jungen-und-korb-messing-145mm\/\" \/>\n<meta property=\"og:site_name\" content=\"Parts &amp; Pieces\" \/>\n<meta property=\"article:modified_time\" content=\"2024-11-26T11:11:42+00:00\" \/>\n<meta property=\"og:image\" content=\"https:\/\/partsandpieces.nl\/wp-content\/uploads\/2020\/07\/Decoratie-2-jongens-en-mand-Messing-145mm.jpg\" \/>\n\t<meta property=\"og:image:width\" content=\"480\" \/>\n\t<meta property=\"og:image:height\" content=\"487\" \/>\n\t<meta property=\"og:image:type\" content=\"image\/jpeg\" \/>\n<meta name=\"twitter:card\" content=\"summary_large_image\" \/>\n<meta name=\"twitter:label1\" content=\"Gesch\u00e4tzte Lesezeit\" \/>\n\t<meta name=\"twitter:data1\" content=\"1\u00a0Minute\" \/>\n<script type=\"application\/ld+json\" class=\"yoast-schema-graph\">{\"@context\":\"https:\\\/\\\/schema.org\",\"@graph\":[{\"@type\":\"WebPage\",\"@id\":\"https:\\\/\\\/partsandpieces.nl\\\/product\\\/decoratie-2-jongens-en-mand-messing-145mm\\\/\",\"url\":\"https:\\\/\\\/partsandpieces.nl\\\/product\\\/decoratie-2-jongens-en-mand-messing-145mm\\\/\",\"name\":\"Meubeldecoratie jongens Messing 145mm\",\"isPartOf\":{\"@id\":\"https:\\\/\\\/partsandpieces.nl\\\/#website\"},\"primaryImageOfPage\":{\"@id\":\"https:\\\/\\\/partsandpieces.nl\\\/product\\\/decoratie-2-jongens-en-mand-messing-145mm\\\/#primaryimage\"},\"image\":{\"@id\":\"https:\\\/\\\/partsandpieces.nl\\\/product\\\/decoratie-2-jongens-en-mand-messing-145mm\\\/#primaryimage\"},\"thumbnailUrl\":\"https:\\\/\\\/partsandpieces.nl\\\/wp-content\\\/uploads\\\/2020\\\/07\\\/Decoratie-2-jongens-en-mand-Messing-145mm.jpg\",\"datePublished\":\"2020-07-10T12:13:38+00:00\",\"dateModified\":\"2024-11-26T11:11:42+00:00\",\"description\":\"Meubeldecoratie jongens Messing 145mm is een decoratief plaatje voor op je klassieke of antieke meubelstuk. De decoratie heeft een glanzende messing finish.\",\"breadcrumb\":{\"@id\":\"https:\\\/\\\/partsandpieces.nl\\\/product\\\/decoratie-2-jongens-en-mand-messing-145mm\\\/#breadcrumb\"},\"inLanguage\":\"de\",\"potentialAction\":[{\"@type\":\"ReadAction\",\"target\":[\"https:\\\/\\\/partsandpieces.nl\\\/product\\\/decoratie-2-jongens-en-mand-messing-145mm\\\/\"]}]},{\"@type\":\"ImageObject\",\"inLanguage\":\"de\",\"@id\":\"https:\\\/\\\/partsandpieces.nl\\\/product\\\/decoratie-2-jongens-en-mand-messing-145mm\\\/#primaryimage\",\"url\":\"https:\\\/\\\/partsandpieces.nl\\\/wp-content\\\/uploads\\\/2020\\\/07\\\/Decoratie-2-jongens-en-mand-Messing-145mm.jpg\",\"contentUrl\":\"https:\\\/\\\/partsandpieces.nl\\\/wp-content\\\/uploads\\\/2020\\\/07\\\/Decoratie-2-jongens-en-mand-Messing-145mm.jpg\",\"width\":480,\"height\":487,\"caption\":\"Decoratie 2 jongens en mand Messing 145mm\"},{\"@type\":\"BreadcrumbList\",\"@id\":\"https:\\\/\\\/partsandpieces.nl\\\/product\\\/decoratie-2-jongens-en-mand-messing-145mm\\\/#breadcrumb\",\"itemListElement\":[{\"@type\":\"ListItem\",\"position\":1,\"name\":\"Home\",\"item\":\"https:\\\/\\\/partsandpieces.nl\\\/home\\\/\"},{\"@type\":\"ListItem\",\"position\":2,\"name\":\"Winkel\",\"item\":\"https:\\\/\\\/partsandpieces.nl\\\/winkel\\\/\"},{\"@type\":\"ListItem\",\"position\":3,\"name\":\"Meubeldecoratie 2 jongens en mand Messing 145mm\"}]},{\"@type\":\"WebSite\",\"@id\":\"https:\\\/\\\/partsandpieces.nl\\\/#website\",\"url\":\"https:\\\/\\\/partsandpieces.nl\\\/\",\"name\":\"Parts &amp; Pieces\",\"description\":\"Alles voor uw meubelrestauratie en -onderhoud!\",\"potentialAction\":[{\"@type\":\"SearchAction\",\"target\":{\"@type\":\"EntryPoint\",\"urlTemplate\":\"https:\\\/\\\/partsandpieces.nl\\\/?s={search_term_string}\"},\"query-input\":{\"@type\":\"PropertyValueSpecification\",\"valueRequired\":true,\"valueName\":\"search_term_string\"}}],\"inLanguage\":\"de\"}]}<\/script>\n<!-- \/ Yoast SEO plugin. -->","yoast_head_json":{"title":"M\u00f6beldekoration Jungen Messing 145mm","description":"M\u00f6beldekoration Jungen Messing 145 mm ist ein dekoratives Bild f\u00fcr Ihr klassisches oder antikes M\u00f6belst\u00fcck. Die Dekoration hat eine gl\u00e4nzende Messingoberfl\u00e4che.","robots":{"index":"index","follow":"follow","max-snippet":"max-snippet:-1","max-image-preview":"max-image-preview:large","max-video-preview":"max-video-preview:-1"},"canonical":"https:\/\/partsandpieces.nl\/de\/produkt\/dekoration-2-jungen-und-korb-messing-145mm\/","og_locale":"de_DE","og_type":"article","og_title":"Meubeldecoratie jongens Messing 145mm","og_description":"Meubeldecoratie jongens Messing 145mm is een decoratief plaatje voor op je klassieke of antieke meubelstuk. De decoratie heeft een glanzende messing finish.","og_url":"https:\/\/partsandpieces.nl\/de\/produkt\/dekoration-2-jungen-und-korb-messing-145mm\/","og_site_name":"Parts &amp; Pieces","article_modified_time":"2024-11-26T11:11:42+00:00","og_image":[{"width":480,"height":487,"url":"https:\/\/partsandpieces.nl\/wp-content\/uploads\/2020\/07\/Decoratie-2-jongens-en-mand-Messing-145mm.jpg","type":"image\/jpeg"}],"twitter_card":"summary_large_image","twitter_misc":{"Gesch\u00e4tzte Lesezeit":"1\u00a0Minute"},"schema":{"@context":"https:\/\/schema.org","@graph":[{"@type":"WebPage","@id":"https:\/\/partsandpieces.nl\/product\/decoratie-2-jongens-en-mand-messing-145mm\/","url":"https:\/\/partsandpieces.nl\/product\/decoratie-2-jongens-en-mand-messing-145mm\/","name":"M\u00f6beldekoration Jungen Messing 145mm","isPartOf":{"@id":"https:\/\/partsandpieces.nl\/#website"},"primaryImageOfPage":{"@id":"https:\/\/partsandpieces.nl\/product\/decoratie-2-jongens-en-mand-messing-145mm\/#primaryimage"},"image":{"@id":"https:\/\/partsandpieces.nl\/product\/decoratie-2-jongens-en-mand-messing-145mm\/#primaryimage"},"thumbnailUrl":"https:\/\/partsandpieces.nl\/wp-content\/uploads\/2020\/07\/Decoratie-2-jongens-en-mand-Messing-145mm.jpg","datePublished":"2020-07-10T12:13:38+00:00","dateModified":"2024-11-26T11:11:42+00:00","description":"M\u00f6beldekoration Jungen Messing 145 mm ist ein dekoratives Bild f\u00fcr Ihr klassisches oder antikes M\u00f6belst\u00fcck. Die Dekoration hat eine gl\u00e4nzende Messingoberfl\u00e4che.","breadcrumb":{"@id":"https:\/\/partsandpieces.nl\/product\/decoratie-2-jongens-en-mand-messing-145mm\/#breadcrumb"},"inLanguage":"de","potentialAction":[{"@type":"ReadAction","target":["https:\/\/partsandpieces.nl\/product\/decoratie-2-jongens-en-mand-messing-145mm\/"]}]},{"@type":"ImageObject","inLanguage":"de","@id":"https:\/\/partsandpieces.nl\/product\/decoratie-2-jongens-en-mand-messing-145mm\/#primaryimage","url":"https:\/\/partsandpieces.nl\/wp-content\/uploads\/2020\/07\/Decoratie-2-jongens-en-mand-Messing-145mm.jpg","contentUrl":"https:\/\/partsandpieces.nl\/wp-content\/uploads\/2020\/07\/Decoratie-2-jongens-en-mand-Messing-145mm.jpg","width":480,"height":487,"caption":"Decoratie 2 jongens en mand Messing 145mm"},{"@type":"BreadcrumbList","@id":"https:\/\/partsandpieces.nl\/product\/decoratie-2-jongens-en-mand-messing-145mm\/#breadcrumb","itemListElement":[{"@type":"ListItem","position":1,"name":"Home","item":"https:\/\/partsandpieces.nl\/home\/"},{"@type":"ListItem","position":2,"name":"Winkel","item":"https:\/\/partsandpieces.nl\/winkel\/"},{"@type":"ListItem","position":3,"name":"Meubeldecoratie 2 jongens en mand Messing 145mm"}]},{"@type":"WebSite","@id":"https:\/\/partsandpieces.nl\/#website","url":"https:\/\/partsandpieces.nl\/","name":"Teile &amp; St\u00fccke","description":"Alles f\u00fcr Ihre M\u00f6belrestaurierung und -pflege!","potentialAction":[{"@type":"SearchAction","target":{"@type":"EntryPoint","urlTemplate":"https:\/\/partsandpieces.nl\/?s={search_term_string}"},"query-input":{"@type":"PropertyValueSpecification","valueRequired":true,"valueName":"search_term_string"}}],"inLanguage":"de"}]}},"_links":{"self":[{"href":"https:\/\/partsandpieces.nl\/de\/wp-json\/wp\/v2\/product\/244","targetHints":{"allow":["GET"]}}],"collection":[{"href":"https:\/\/partsandpieces.nl\/de\/wp-json\/wp\/v2\/product"}],"about":[{"href":"https:\/\/partsandpieces.nl\/de\/wp-json\/wp\/v2\/types\/product"}],"wp:featuredmedia":[{"embeddable":true,"href":"https:\/\/partsandpieces.nl\/de\/wp-json\/wp\/v2\/media\/5243"}],"wp:attachment":[{"href":"https:\/\/partsandpieces.nl\/de\/wp-json\/wp\/v2\/media?parent=244"}],"wp:term":[{"taxonomy":"product_brand","embeddable":true,"href":"https:\/\/partsandpieces.nl\/de\/wp-json\/wp\/v2\/product_brand?post=244"},{"taxonomy":"product_cat","embeddable":true,"href":"https:\/\/partsandpieces.nl\/de\/wp-json\/wp\/v2\/product_cat?post=244"},{"taxonomy":"product_tag","embeddable":true,"href":"https:\/\/partsandpieces.nl\/de\/wp-json\/wp\/v2\/product_tag?post=244"}],"curies":[{"name":"wp","href":"https:\/\/api.w.org\/{rel}","templated":true}]}}