{"id":2455,"date":"2022-02-07T11:56:00","date_gmt":"2022-02-07T11:56:00","guid":{"rendered":"https:\/\/partsandpieces.bonsaidev.nl\/?product=set-van-4-grenen-knoppen-45x40mm"},"modified":"2026-01-07T10:02:23","modified_gmt":"2026-01-07T09:02:23","slug":"holzknopf-kiefer-rund-mit-stift-gros-45mm","status":"publish","type":"product","link":"https:\/\/partsandpieces.nl\/de\/product\/houten-knop-grenen-rond-met-stift-groot-45mm\/","title":{"rendered":"Holzknopf Kiefer rund mit Stift Gro\u00df 45mm"},"content":{"rendered":"<p><strong>Holzknopf Kiefer rund mit Stift Gro\u00df 45mm<\/strong> ist ein gro\u00dfer runder M\u00f6belknopf aus Kiefernholz. Der Knopf hat die Form eines Pilzes: Die Oberseite ist kugelf\u00f6rmig. Dieser Knauf passt gut zu Ihren klassischen oder Vintage-M\u00f6beln.<\/p>\n<p><strong>Ma\u00dfe<br \/>\n<\/strong>Holzknauf aus Kiefernholz, rund mit Stift, gro\u00df, 45 mm, hat einen Durchmesser von ca. 45 mm. Nach der Installation steht dieser Knopf ca. 42 mm hervor. Der Stift ist 10 mm hoch und hat einen Durchmesser von 20 mm.<\/p>\n<p>Bitte beachten Sie: Dies ist ein handgefertigter Knopf. Ma\u00dfe und Maserung k\u00f6nnen daher abweichen.<\/p>","protected":false},"excerpt":{"rendered":"<p>Houten knop Grenen rond met stift Groot 45mm is een grote ronde meubelknop gemaakt van grenen. De knop heeft de vorm van een paddenstoel: de bovenkant is bolvormig. Deze knop past goed op je klassieke of brocante meubel. Afmetingen Houten knop Grenen rond met stift Groot 45mm heeft een diameter van ongeveer 45mm. Na montage [&hellip;]<\/p>\n","protected":false},"featured_media":8136,"template":"","meta":{"_acf_changed":false},"product_brand":[],"product_cat":[55,54],"product_tag":[],"class_list":{"0":"post-2455","1":"product","2":"type-product","3":"status-publish","4":"has-post-thumbnail","6":"product_cat-houten-knoppen","7":"product_cat-houten-snij-en-draaiwerk","9":"first","10":"instock","11":"taxable","12":"shipping-taxable","13":"purchasable","14":"product-type-simple"},"acf":[],"yoast_head":"<!-- This site is optimized with the Yoast SEO plugin v27.3 - https:\/\/yoast.com\/product\/yoast-seo-wordpress\/ -->\n<title>Houten knop rond 45mm Grenen met stift Groot<\/title>\n<meta name=\"description\" content=\"Houten knop Grenen rond met stift Groot 45mm is een grote ronde meubelknop gemaakt van grenen. De knop heeft de vorm van een paddenstoel.\" \/>\n<meta name=\"robots\" content=\"index, follow, max-snippet:-1, max-image-preview:large, max-video-preview:-1\" \/>\n<link rel=\"canonical\" href=\"https:\/\/partsandpieces.nl\/de\/produkt\/holzknopf-kiefer-rund-mit-stift-gros-45mm\/\" \/>\n<meta property=\"og:locale\" content=\"de_DE\" \/>\n<meta property=\"og:type\" content=\"article\" \/>\n<meta property=\"og:title\" content=\"Houten knop rond 45mm Grenen met stift Groot\" \/>\n<meta property=\"og:description\" content=\"Houten knop Grenen rond met stift Groot 45mm is een grote ronde meubelknop gemaakt van grenen. De knop heeft de vorm van een paddenstoel.\" \/>\n<meta property=\"og:url\" content=\"https:\/\/partsandpieces.nl\/de\/produkt\/holzknopf-kiefer-rund-mit-stift-gros-45mm\/\" \/>\n<meta property=\"og:site_name\" content=\"Parts &amp; Pieces\" \/>\n<meta property=\"article:modified_time\" content=\"2026-01-07T09:02:23+00:00\" \/>\n<meta property=\"og:image\" content=\"https:\/\/partsandpieces.nl\/wp-content\/uploads\/2022\/02\/Houten-knop-Grenen-rond-met-stift-Groot-45mm.jpg\" \/>\n\t<meta property=\"og:image:width\" content=\"399\" \/>\n\t<meta property=\"og:image:height\" content=\"400\" \/>\n\t<meta property=\"og:image:type\" content=\"image\/jpeg\" \/>\n<meta name=\"twitter:card\" content=\"summary_large_image\" \/>\n<meta name=\"twitter:label1\" content=\"Gesch\u00e4tzte Lesezeit\" \/>\n\t<meta name=\"twitter:data1\" content=\"1\u00a0Minute\" \/>\n<script type=\"application\/ld+json\" class=\"yoast-schema-graph\">{\"@context\":\"https:\\\/\\\/schema.org\",\"@graph\":[{\"@type\":\"WebPage\",\"@id\":\"https:\\\/\\\/partsandpieces.nl\\\/product\\\/houten-knop-grenen-rond-met-stift-groot-45mm\\\/\",\"url\":\"https:\\\/\\\/partsandpieces.nl\\\/product\\\/houten-knop-grenen-rond-met-stift-groot-45mm\\\/\",\"name\":\"Houten knop rond 45mm Grenen met stift Groot\",\"isPartOf\":{\"@id\":\"https:\\\/\\\/partsandpieces.nl\\\/#website\"},\"primaryImageOfPage\":{\"@id\":\"https:\\\/\\\/partsandpieces.nl\\\/product\\\/houten-knop-grenen-rond-met-stift-groot-45mm\\\/#primaryimage\"},\"image\":{\"@id\":\"https:\\\/\\\/partsandpieces.nl\\\/product\\\/houten-knop-grenen-rond-met-stift-groot-45mm\\\/#primaryimage\"},\"thumbnailUrl\":\"https:\\\/\\\/partsandpieces.nl\\\/wp-content\\\/uploads\\\/2022\\\/02\\\/Houten-knop-Grenen-rond-met-stift-Groot-45mm.jpg\",\"datePublished\":\"2022-02-07T11:56:00+00:00\",\"dateModified\":\"2026-01-07T09:02:23+00:00\",\"description\":\"Houten knop Grenen rond met stift Groot 45mm is een grote ronde meubelknop gemaakt van grenen. De knop heeft de vorm van een paddenstoel.\",\"breadcrumb\":{\"@id\":\"https:\\\/\\\/partsandpieces.nl\\\/product\\\/houten-knop-grenen-rond-met-stift-groot-45mm\\\/#breadcrumb\"},\"inLanguage\":\"de\",\"potentialAction\":[{\"@type\":\"ReadAction\",\"target\":[\"https:\\\/\\\/partsandpieces.nl\\\/product\\\/houten-knop-grenen-rond-met-stift-groot-45mm\\\/\"]}]},{\"@type\":\"ImageObject\",\"inLanguage\":\"de\",\"@id\":\"https:\\\/\\\/partsandpieces.nl\\\/product\\\/houten-knop-grenen-rond-met-stift-groot-45mm\\\/#primaryimage\",\"url\":\"https:\\\/\\\/partsandpieces.nl\\\/wp-content\\\/uploads\\\/2022\\\/02\\\/Houten-knop-Grenen-rond-met-stift-Groot-45mm.jpg\",\"contentUrl\":\"https:\\\/\\\/partsandpieces.nl\\\/wp-content\\\/uploads\\\/2022\\\/02\\\/Houten-knop-Grenen-rond-met-stift-Groot-45mm.jpg\",\"width\":399,\"height\":400,\"caption\":\"Houten knop Grenen rond met stift Groot 45mm\"},{\"@type\":\"BreadcrumbList\",\"@id\":\"https:\\\/\\\/partsandpieces.nl\\\/product\\\/houten-knop-grenen-rond-met-stift-groot-45mm\\\/#breadcrumb\",\"itemListElement\":[{\"@type\":\"ListItem\",\"position\":1,\"name\":\"Home\",\"item\":\"https:\\\/\\\/partsandpieces.nl\\\/home\\\/\"},{\"@type\":\"ListItem\",\"position\":2,\"name\":\"Winkel\",\"item\":\"https:\\\/\\\/partsandpieces.nl\\\/winkel\\\/\"},{\"@type\":\"ListItem\",\"position\":3,\"name\":\"Houten knop Grenen rond met stift Groot 45mm\"}]},{\"@type\":\"WebSite\",\"@id\":\"https:\\\/\\\/partsandpieces.nl\\\/#website\",\"url\":\"https:\\\/\\\/partsandpieces.nl\\\/\",\"name\":\"Parts &amp; Pieces\",\"description\":\"Alles voor uw meubelrestauratie en -onderhoud!\",\"potentialAction\":[{\"@type\":\"SearchAction\",\"target\":{\"@type\":\"EntryPoint\",\"urlTemplate\":\"https:\\\/\\\/partsandpieces.nl\\\/?s={search_term_string}\"},\"query-input\":{\"@type\":\"PropertyValueSpecification\",\"valueRequired\":true,\"valueName\":\"search_term_string\"}}],\"inLanguage\":\"de\"}]}<\/script>\n<!-- \/ Yoast SEO plugin. -->","yoast_head_json":{"title":"Holzknopf rund 45 mm Kiefer mit Stift gro\u00df","description":"Holzknopf Kiefer rund mit Stift Gro\u00df 45 mm ist ein gro\u00dfer runder M\u00f6belknopf aus Kiefer. Der Knopf hat die Form eines Pilzes.","robots":{"index":"index","follow":"follow","max-snippet":"max-snippet:-1","max-image-preview":"max-image-preview:large","max-video-preview":"max-video-preview:-1"},"canonical":"https:\/\/partsandpieces.nl\/de\/produkt\/holzknopf-kiefer-rund-mit-stift-gros-45mm\/","og_locale":"de_DE","og_type":"article","og_title":"Houten knop rond 45mm Grenen met stift Groot","og_description":"Houten knop Grenen rond met stift Groot 45mm is een grote ronde meubelknop gemaakt van grenen. De knop heeft de vorm van een paddenstoel.","og_url":"https:\/\/partsandpieces.nl\/de\/produkt\/holzknopf-kiefer-rund-mit-stift-gros-45mm\/","og_site_name":"Parts &amp; Pieces","article_modified_time":"2026-01-07T09:02:23+00:00","og_image":[{"width":399,"height":400,"url":"https:\/\/partsandpieces.nl\/wp-content\/uploads\/2022\/02\/Houten-knop-Grenen-rond-met-stift-Groot-45mm.jpg","type":"image\/jpeg"}],"twitter_card":"summary_large_image","twitter_misc":{"Gesch\u00e4tzte Lesezeit":"1\u00a0Minute"},"schema":{"@context":"https:\/\/schema.org","@graph":[{"@type":"WebPage","@id":"https:\/\/partsandpieces.nl\/product\/houten-knop-grenen-rond-met-stift-groot-45mm\/","url":"https:\/\/partsandpieces.nl\/product\/houten-knop-grenen-rond-met-stift-groot-45mm\/","name":"Holzknopf rund 45 mm Kiefer mit Stift gro\u00df","isPartOf":{"@id":"https:\/\/partsandpieces.nl\/#website"},"primaryImageOfPage":{"@id":"https:\/\/partsandpieces.nl\/product\/houten-knop-grenen-rond-met-stift-groot-45mm\/#primaryimage"},"image":{"@id":"https:\/\/partsandpieces.nl\/product\/houten-knop-grenen-rond-met-stift-groot-45mm\/#primaryimage"},"thumbnailUrl":"https:\/\/partsandpieces.nl\/wp-content\/uploads\/2022\/02\/Houten-knop-Grenen-rond-met-stift-Groot-45mm.jpg","datePublished":"2022-02-07T11:56:00+00:00","dateModified":"2026-01-07T09:02:23+00:00","description":"Holzknopf Kiefer rund mit Stift Gro\u00df 45 mm ist ein gro\u00dfer runder M\u00f6belknopf aus Kiefer. Der Knopf hat die Form eines Pilzes.","breadcrumb":{"@id":"https:\/\/partsandpieces.nl\/product\/houten-knop-grenen-rond-met-stift-groot-45mm\/#breadcrumb"},"inLanguage":"de","potentialAction":[{"@type":"ReadAction","target":["https:\/\/partsandpieces.nl\/product\/houten-knop-grenen-rond-met-stift-groot-45mm\/"]}]},{"@type":"ImageObject","inLanguage":"de","@id":"https:\/\/partsandpieces.nl\/product\/houten-knop-grenen-rond-met-stift-groot-45mm\/#primaryimage","url":"https:\/\/partsandpieces.nl\/wp-content\/uploads\/2022\/02\/Houten-knop-Grenen-rond-met-stift-Groot-45mm.jpg","contentUrl":"https:\/\/partsandpieces.nl\/wp-content\/uploads\/2022\/02\/Houten-knop-Grenen-rond-met-stift-Groot-45mm.jpg","width":399,"height":400,"caption":"Houten knop Grenen rond met stift Groot 45mm"},{"@type":"BreadcrumbList","@id":"https:\/\/partsandpieces.nl\/product\/houten-knop-grenen-rond-met-stift-groot-45mm\/#breadcrumb","itemListElement":[{"@type":"ListItem","position":1,"name":"Home","item":"https:\/\/partsandpieces.nl\/home\/"},{"@type":"ListItem","position":2,"name":"Winkel","item":"https:\/\/partsandpieces.nl\/winkel\/"},{"@type":"ListItem","position":3,"name":"Houten knop Grenen rond met stift Groot 45mm"}]},{"@type":"WebSite","@id":"https:\/\/partsandpieces.nl\/#website","url":"https:\/\/partsandpieces.nl\/","name":"Teile &amp; St\u00fccke","description":"Alles f\u00fcr Ihre M\u00f6belrestaurierung und -pflege!","potentialAction":[{"@type":"SearchAction","target":{"@type":"EntryPoint","urlTemplate":"https:\/\/partsandpieces.nl\/?s={search_term_string}"},"query-input":{"@type":"PropertyValueSpecification","valueRequired":true,"valueName":"search_term_string"}}],"inLanguage":"de"}]}},"_links":{"self":[{"href":"https:\/\/partsandpieces.nl\/de\/wp-json\/wp\/v2\/product\/2455","targetHints":{"allow":["GET"]}}],"collection":[{"href":"https:\/\/partsandpieces.nl\/de\/wp-json\/wp\/v2\/product"}],"about":[{"href":"https:\/\/partsandpieces.nl\/de\/wp-json\/wp\/v2\/types\/product"}],"wp:featuredmedia":[{"embeddable":true,"href":"https:\/\/partsandpieces.nl\/de\/wp-json\/wp\/v2\/media\/8136"}],"wp:attachment":[{"href":"https:\/\/partsandpieces.nl\/de\/wp-json\/wp\/v2\/media?parent=2455"}],"wp:term":[{"taxonomy":"product_brand","embeddable":true,"href":"https:\/\/partsandpieces.nl\/de\/wp-json\/wp\/v2\/product_brand?post=2455"},{"taxonomy":"product_cat","embeddable":true,"href":"https:\/\/partsandpieces.nl\/de\/wp-json\/wp\/v2\/product_cat?post=2455"},{"taxonomy":"product_tag","embeddable":true,"href":"https:\/\/partsandpieces.nl\/de\/wp-json\/wp\/v2\/product_tag?post=2455"}],"curies":[{"name":"wp","href":"https:\/\/api.w.org\/{rel}","templated":true}]}}