{"id":2459,"date":"2022-02-07T16:27:41","date_gmt":"2022-02-07T16:27:41","guid":{"rendered":"https:\/\/partsandpieces.bonsaidev.nl\/?product=aluminium-handgreep-voor-lade-of-kast-14x14cm"},"modified":"2024-11-26T12:06:59","modified_gmt":"2024-11-26T11:06:59","slug":"griff-aluminium-matt-design-serie-142-96mm","status":"publish","type":"product","link":"https:\/\/partsandpieces.nl\/de\/product\/greep-aluminium-mat-design-serie-142-96mm\/","title":{"rendered":"Griff Alu Matt Design Serie 142 96mm"},"content":{"rendered":"<p><strong>Griff Alu Matt Design Serie 142 96mm<\/strong> ist ein sch\u00f6ner, schlanker Griff aus der Design-Linie-Serie 142. Der Griff hat eine matt lackierte Aluminiumoberfl\u00e4che.<\/p>\n<p>Dieser hochwertige Griff wird in Italien hergestellt.<\/p>\n<p><strong>Ma\u00dfe<br \/>\n<\/strong>Die Handle Aluminium Mat Design-Serie 142 96 mm ist 132 mm breit und 16 mm hoch. Nach der Installation steht dieser Griff 24 mm hervor. Die Bohrl\u00f6cher haben einen Abstand von 96 mm.<\/p>\n<p><strong>Bearbeiten<br \/>\n<\/strong>Sie k\u00f6nnen den Griff mit blind montieren\u00a0<span style=\"text-decoration: underline;\"><a href=\"https:\/\/partsandpieces.nl\/de\/produkt\/schraube-edelstahl-zur-blindmontage-von-mobelbeschlagen-45x4mm-20-stuck\/\">Edelstahlschraube zur Blindbefestigung von M\u00f6belbeschl\u00e4gen (45x4mm)<\/a><\/span>. Ich schicke diese Schraube\u00a0<strong>FREI<\/strong>\u00a0mit Ihrer Bestellung.<\/p>","protected":false},"excerpt":{"rendered":"<p>Greep Aluminium Mat Design serie 142 96mm is een mooie, strakke greep uit de Design lijn serie 142. De greep heeft een gelakte matte aluminium finish. Deze kwalitatief uitstekende greep is gemaakt in Itali\u00eb. Afmetingen De Greep Aluminium Mat Design serie 142 96mm is 132mm breed en 16mm hoog. Na montage steekt deze greep 24mm [&hellip;]<\/p>\n","protected":false},"featured_media":5498,"template":"","meta":{"_acf_changed":false},"product_brand":[],"product_cat":[25,29,41,23],"product_tag":[],"class_list":{"0":"post-2459","1":"product","2":"type-product","3":"status-publish","4":"has-post-thumbnail","6":"product_cat-aluminium-en-rvs","7":"product_cat-deurtrekkers","8":"product_cat-ladetrekkers","9":"product_cat-meubelbeslag","11":"first","12":"instock","13":"taxable","14":"shipping-taxable","15":"purchasable","16":"product-type-simple"},"acf":[],"yoast_head":"<!-- This site is optimized with the Yoast SEO plugin v27.3 - https:\/\/yoast.com\/product\/yoast-seo-wordpress\/ -->\n<title>Greep Aluminium Design 96mm<\/title>\n<meta name=\"description\" content=\"Greep Aluminium Mat Design serie 142 96mm is een mooie, strakke greep uit de Design lijn serie 142. De greep heeft een gelakte matte aluminium finish.\" \/>\n<meta name=\"robots\" content=\"index, follow, max-snippet:-1, max-image-preview:large, max-video-preview:-1\" \/>\n<link rel=\"canonical\" href=\"https:\/\/partsandpieces.nl\/de\/produkt\/griff-aluminium-matt-design-serie-142-96mm\/\" \/>\n<meta property=\"og:locale\" content=\"de_DE\" \/>\n<meta property=\"og:type\" content=\"article\" \/>\n<meta property=\"og:title\" content=\"Greep Aluminium Design 96mm\" \/>\n<meta property=\"og:description\" content=\"Greep Aluminium Mat Design serie 142 96mm is een mooie, strakke greep uit de Design lijn serie 142. De greep heeft een gelakte matte aluminium finish.\" \/>\n<meta property=\"og:url\" content=\"https:\/\/partsandpieces.nl\/de\/produkt\/griff-aluminium-matt-design-serie-142-96mm\/\" \/>\n<meta property=\"og:site_name\" content=\"Parts &amp; Pieces\" \/>\n<meta property=\"article:modified_time\" content=\"2024-11-26T11:06:59+00:00\" \/>\n<meta property=\"og:image\" content=\"https:\/\/partsandpieces.nl\/wp-content\/uploads\/2022\/02\/Greep-Aluminium-Mat-Design-serie-142-96mm.jpg\" \/>\n\t<meta property=\"og:image:width\" content=\"480\" \/>\n\t<meta property=\"og:image:height\" content=\"480\" \/>\n\t<meta property=\"og:image:type\" content=\"image\/jpeg\" \/>\n<meta name=\"twitter:card\" content=\"summary_large_image\" \/>\n<meta name=\"twitter:label1\" content=\"Gesch\u00e4tzte Lesezeit\" \/>\n\t<meta name=\"twitter:data1\" content=\"1\u00a0Minute\" \/>\n<script type=\"application\/ld+json\" class=\"yoast-schema-graph\">{\"@context\":\"https:\\\/\\\/schema.org\",\"@graph\":[{\"@type\":\"WebPage\",\"@id\":\"https:\\\/\\\/partsandpieces.nl\\\/product\\\/greep-aluminium-mat-design-serie-142-96mm\\\/\",\"url\":\"https:\\\/\\\/partsandpieces.nl\\\/product\\\/greep-aluminium-mat-design-serie-142-96mm\\\/\",\"name\":\"Greep Aluminium Design 96mm\",\"isPartOf\":{\"@id\":\"https:\\\/\\\/partsandpieces.nl\\\/#website\"},\"primaryImageOfPage\":{\"@id\":\"https:\\\/\\\/partsandpieces.nl\\\/product\\\/greep-aluminium-mat-design-serie-142-96mm\\\/#primaryimage\"},\"image\":{\"@id\":\"https:\\\/\\\/partsandpieces.nl\\\/product\\\/greep-aluminium-mat-design-serie-142-96mm\\\/#primaryimage\"},\"thumbnailUrl\":\"https:\\\/\\\/partsandpieces.nl\\\/wp-content\\\/uploads\\\/2022\\\/02\\\/Greep-Aluminium-Mat-Design-serie-142-96mm.jpg\",\"datePublished\":\"2022-02-07T16:27:41+00:00\",\"dateModified\":\"2024-11-26T11:06:59+00:00\",\"description\":\"Greep Aluminium Mat Design serie 142 96mm is een mooie, strakke greep uit de Design lijn serie 142. De greep heeft een gelakte matte aluminium finish.\",\"breadcrumb\":{\"@id\":\"https:\\\/\\\/partsandpieces.nl\\\/product\\\/greep-aluminium-mat-design-serie-142-96mm\\\/#breadcrumb\"},\"inLanguage\":\"de\",\"potentialAction\":[{\"@type\":\"ReadAction\",\"target\":[\"https:\\\/\\\/partsandpieces.nl\\\/product\\\/greep-aluminium-mat-design-serie-142-96mm\\\/\"]}]},{\"@type\":\"ImageObject\",\"inLanguage\":\"de\",\"@id\":\"https:\\\/\\\/partsandpieces.nl\\\/product\\\/greep-aluminium-mat-design-serie-142-96mm\\\/#primaryimage\",\"url\":\"https:\\\/\\\/partsandpieces.nl\\\/wp-content\\\/uploads\\\/2022\\\/02\\\/Greep-Aluminium-Mat-Design-serie-142-96mm.jpg\",\"contentUrl\":\"https:\\\/\\\/partsandpieces.nl\\\/wp-content\\\/uploads\\\/2022\\\/02\\\/Greep-Aluminium-Mat-Design-serie-142-96mm.jpg\",\"width\":480,\"height\":480,\"caption\":\"Greep Aluminium Mat Design serie 142 96mm\"},{\"@type\":\"BreadcrumbList\",\"@id\":\"https:\\\/\\\/partsandpieces.nl\\\/product\\\/greep-aluminium-mat-design-serie-142-96mm\\\/#breadcrumb\",\"itemListElement\":[{\"@type\":\"ListItem\",\"position\":1,\"name\":\"Home\",\"item\":\"https:\\\/\\\/partsandpieces.nl\\\/home\\\/\"},{\"@type\":\"ListItem\",\"position\":2,\"name\":\"Winkel\",\"item\":\"https:\\\/\\\/partsandpieces.nl\\\/winkel\\\/\"},{\"@type\":\"ListItem\",\"position\":3,\"name\":\"Greep Aluminium Mat Design serie 142 96mm\"}]},{\"@type\":\"WebSite\",\"@id\":\"https:\\\/\\\/partsandpieces.nl\\\/#website\",\"url\":\"https:\\\/\\\/partsandpieces.nl\\\/\",\"name\":\"Parts &amp; Pieces\",\"description\":\"Alles voor uw meubelrestauratie en -onderhoud!\",\"potentialAction\":[{\"@type\":\"SearchAction\",\"target\":{\"@type\":\"EntryPoint\",\"urlTemplate\":\"https:\\\/\\\/partsandpieces.nl\\\/?s={search_term_string}\"},\"query-input\":{\"@type\":\"PropertyValueSpecification\",\"valueRequired\":true,\"valueName\":\"search_term_string\"}}],\"inLanguage\":\"de\"}]}<\/script>\n<!-- \/ Yoast SEO plugin. -->","yoast_head_json":{"title":"Griff Aluminium-Design 96 mm","description":"Griff Aluminium Matt Design Serie 142 96 mm ist ein sch\u00f6ner, schlanker Griff aus der Design-Linie Serie 142. Der Griff hat eine matt lackierte Aluminiumoberfl\u00e4che.","robots":{"index":"index","follow":"follow","max-snippet":"max-snippet:-1","max-image-preview":"max-image-preview:large","max-video-preview":"max-video-preview:-1"},"canonical":"https:\/\/partsandpieces.nl\/de\/produkt\/griff-aluminium-matt-design-serie-142-96mm\/","og_locale":"de_DE","og_type":"article","og_title":"Greep Aluminium Design 96mm","og_description":"Greep Aluminium Mat Design serie 142 96mm is een mooie, strakke greep uit de Design lijn serie 142. De greep heeft een gelakte matte aluminium finish.","og_url":"https:\/\/partsandpieces.nl\/de\/produkt\/griff-aluminium-matt-design-serie-142-96mm\/","og_site_name":"Parts &amp; Pieces","article_modified_time":"2024-11-26T11:06:59+00:00","og_image":[{"width":480,"height":480,"url":"https:\/\/partsandpieces.nl\/wp-content\/uploads\/2022\/02\/Greep-Aluminium-Mat-Design-serie-142-96mm.jpg","type":"image\/jpeg"}],"twitter_card":"summary_large_image","twitter_misc":{"Gesch\u00e4tzte Lesezeit":"1\u00a0Minute"},"schema":{"@context":"https:\/\/schema.org","@graph":[{"@type":"WebPage","@id":"https:\/\/partsandpieces.nl\/product\/greep-aluminium-mat-design-serie-142-96mm\/","url":"https:\/\/partsandpieces.nl\/product\/greep-aluminium-mat-design-serie-142-96mm\/","name":"Griff Aluminium-Design 96 mm","isPartOf":{"@id":"https:\/\/partsandpieces.nl\/#website"},"primaryImageOfPage":{"@id":"https:\/\/partsandpieces.nl\/product\/greep-aluminium-mat-design-serie-142-96mm\/#primaryimage"},"image":{"@id":"https:\/\/partsandpieces.nl\/product\/greep-aluminium-mat-design-serie-142-96mm\/#primaryimage"},"thumbnailUrl":"https:\/\/partsandpieces.nl\/wp-content\/uploads\/2022\/02\/Greep-Aluminium-Mat-Design-serie-142-96mm.jpg","datePublished":"2022-02-07T16:27:41+00:00","dateModified":"2024-11-26T11:06:59+00:00","description":"Griff Aluminium Matt Design Serie 142 96 mm ist ein sch\u00f6ner, schlanker Griff aus der Design-Linie Serie 142. Der Griff hat eine matt lackierte Aluminiumoberfl\u00e4che.","breadcrumb":{"@id":"https:\/\/partsandpieces.nl\/product\/greep-aluminium-mat-design-serie-142-96mm\/#breadcrumb"},"inLanguage":"de","potentialAction":[{"@type":"ReadAction","target":["https:\/\/partsandpieces.nl\/product\/greep-aluminium-mat-design-serie-142-96mm\/"]}]},{"@type":"ImageObject","inLanguage":"de","@id":"https:\/\/partsandpieces.nl\/product\/greep-aluminium-mat-design-serie-142-96mm\/#primaryimage","url":"https:\/\/partsandpieces.nl\/wp-content\/uploads\/2022\/02\/Greep-Aluminium-Mat-Design-serie-142-96mm.jpg","contentUrl":"https:\/\/partsandpieces.nl\/wp-content\/uploads\/2022\/02\/Greep-Aluminium-Mat-Design-serie-142-96mm.jpg","width":480,"height":480,"caption":"Greep Aluminium Mat Design serie 142 96mm"},{"@type":"BreadcrumbList","@id":"https:\/\/partsandpieces.nl\/product\/greep-aluminium-mat-design-serie-142-96mm\/#breadcrumb","itemListElement":[{"@type":"ListItem","position":1,"name":"Home","item":"https:\/\/partsandpieces.nl\/home\/"},{"@type":"ListItem","position":2,"name":"Winkel","item":"https:\/\/partsandpieces.nl\/winkel\/"},{"@type":"ListItem","position":3,"name":"Greep Aluminium Mat Design serie 142 96mm"}]},{"@type":"WebSite","@id":"https:\/\/partsandpieces.nl\/#website","url":"https:\/\/partsandpieces.nl\/","name":"Teile &amp; St\u00fccke","description":"Alles f\u00fcr Ihre M\u00f6belrestaurierung und -pflege!","potentialAction":[{"@type":"SearchAction","target":{"@type":"EntryPoint","urlTemplate":"https:\/\/partsandpieces.nl\/?s={search_term_string}"},"query-input":{"@type":"PropertyValueSpecification","valueRequired":true,"valueName":"search_term_string"}}],"inLanguage":"de"}]}},"_links":{"self":[{"href":"https:\/\/partsandpieces.nl\/de\/wp-json\/wp\/v2\/product\/2459","targetHints":{"allow":["GET"]}}],"collection":[{"href":"https:\/\/partsandpieces.nl\/de\/wp-json\/wp\/v2\/product"}],"about":[{"href":"https:\/\/partsandpieces.nl\/de\/wp-json\/wp\/v2\/types\/product"}],"wp:featuredmedia":[{"embeddable":true,"href":"https:\/\/partsandpieces.nl\/de\/wp-json\/wp\/v2\/media\/5498"}],"wp:attachment":[{"href":"https:\/\/partsandpieces.nl\/de\/wp-json\/wp\/v2\/media?parent=2459"}],"wp:term":[{"taxonomy":"product_brand","embeddable":true,"href":"https:\/\/partsandpieces.nl\/de\/wp-json\/wp\/v2\/product_brand?post=2459"},{"taxonomy":"product_cat","embeddable":true,"href":"https:\/\/partsandpieces.nl\/de\/wp-json\/wp\/v2\/product_cat?post=2459"},{"taxonomy":"product_tag","embeddable":true,"href":"https:\/\/partsandpieces.nl\/de\/wp-json\/wp\/v2\/product_tag?post=2459"}],"curies":[{"name":"wp","href":"https:\/\/api.w.org\/{rel}","templated":true}]}}