{"id":2463,"date":"2022-02-08T13:43:48","date_gmt":"2022-02-08T13:43:48","guid":{"rendered":"https:\/\/partsandpieces.bonsaidev.nl\/?product=hout-meubelbeslag-schroefjes-gepatineerd-50-stuks-2x14mm"},"modified":"2026-03-19T21:14:45","modified_gmt":"2026-03-19T20:14:45","slug":"schrauben-flachkopf-antik-bronze-mit-schlitz-2x14mm-200-stuck","status":"publish","type":"product","link":"https:\/\/partsandpieces.nl\/de\/product\/schroeven-bolkop-antiek-brons-met-gleuf-2x14mm-200-stuks\/","title":{"rendered":"Schrauben Rundkopf Antikbronze mit Schlitz (2x14mm) 200 St\u00fcck"},"content":{"rendered":"<p><strong>Schrauben Kugelkopf Antikbronze mit Schlitz (2x14mm) 200 St\u00fcck<\/strong>. Halbrundkopfschrauben mit einer L\u00e4nge von 14 mm und einer Dicke von 2 mm. Die Schrauben bestehen aus Messing und haben eine antike bronzefarbene Patinafarbe. Sie k\u00f6nnen die Schrauben pro 200 St\u00fcck (Karton) bestellen.<\/p>\n<p>Diese Schrauben eignen sich ideal zur Befestigung antiker M\u00f6belbeschl\u00e4ge an Ihren M\u00f6beln.<\/p>\n<p>Die gleichen Schrauben habe ich auch im Lager vorr\u00e4tig <span style=\"text-decoration: underline;\"><a href=\"https:\/\/partsandpieces.nl\/de\/produkt\/schrauben-flachkopf-antik-bronze-mit-schlitz-3x12mm\/\">Gr\u00f6\u00dfe 3x12mm<\/a><\/span>.<\/p>","protected":false},"excerpt":{"rendered":"<p>Schroeven Bolkop Antiek Brons kleur met gleuf (2x14mm) 200 stuks. Bolkopschroeven met een lengte van 14 mm en een dikte van 2mm. De schroeven zijn gemaakt van messing en hebben een antiek brons patina kleur. De schroeven kun je bestellen per 200 stuks (doosje). Deze schroeven zijn ideaal voor het bevestigen van antiek meubelbeslag op [&hellip;]<\/p>\n","protected":false},"featured_media":8448,"template":"","meta":{"_acf_changed":false},"product_brand":[],"product_cat":[93,99],"product_tag":[],"class_list":{"0":"post-2463","1":"product","2":"type-product","3":"status-publish","4":"has-post-thumbnail","6":"product_cat-diversen","7":"product_cat-spijkers-en-schroeven","9":"first","10":"instock","11":"taxable","12":"shipping-taxable","13":"purchasable","14":"product-type-simple"},"acf":[],"yoast_head":"<!-- This site is optimized with the Yoast SEO plugin v27.3 - https:\/\/yoast.com\/product\/yoast-seo-wordpress\/ -->\n<title>Schroeven Antiek Brons kleur Bolkop met gleuf (2x14mm)<\/title>\n<meta name=\"description\" content=\"Schroeven Bolkop Antiek Brons kleur met gleuf (2x14mm) 200 stuks. De schroeven zijn gemaakt van messing en hebben een antiek brons patina kleur.\" \/>\n<meta name=\"robots\" content=\"index, follow, max-snippet:-1, max-image-preview:large, max-video-preview:-1\" \/>\n<link rel=\"canonical\" href=\"https:\/\/partsandpieces.nl\/de\/produkt\/schrauben-flachkopf-antik-bronze-mit-schlitz-2x14mm-200-stuck\/\" \/>\n<meta property=\"og:locale\" content=\"de_DE\" \/>\n<meta property=\"og:type\" content=\"article\" \/>\n<meta property=\"og:title\" content=\"Schroeven Antiek Brons kleur Bolkop met gleuf (2x14mm)\" \/>\n<meta property=\"og:description\" content=\"Schroeven Bolkop Antiek Brons kleur met gleuf (2x14mm) 200 stuks. De schroeven zijn gemaakt van messing en hebben een antiek brons patina kleur.\" \/>\n<meta property=\"og:url\" content=\"https:\/\/partsandpieces.nl\/de\/produkt\/schrauben-flachkopf-antik-bronze-mit-schlitz-2x14mm-200-stuck\/\" \/>\n<meta property=\"og:site_name\" content=\"Parts &amp; Pieces\" \/>\n<meta property=\"article:modified_time\" content=\"2026-03-19T20:14:45+00:00\" \/>\n<meta property=\"og:image\" content=\"https:\/\/partsandpieces.nl\/wp-content\/uploads\/2022\/02\/Schroeven-Bolkop-Antiek-Brons-met-gleuf-2x14mm.jpg\" \/>\n\t<meta property=\"og:image:width\" content=\"325\" \/>\n\t<meta property=\"og:image:height\" content=\"322\" \/>\n\t<meta property=\"og:image:type\" content=\"image\/jpeg\" \/>\n<meta name=\"twitter:card\" content=\"summary_large_image\" \/>\n<meta name=\"twitter:label1\" content=\"Gesch\u00e4tzte Lesezeit\" \/>\n\t<meta name=\"twitter:data1\" content=\"1\u00a0Minute\" \/>\n<script type=\"application\/ld+json\" class=\"yoast-schema-graph\">{\"@context\":\"https:\\\/\\\/schema.org\",\"@graph\":[{\"@type\":\"WebPage\",\"@id\":\"https:\\\/\\\/partsandpieces.nl\\\/product\\\/schroeven-bolkop-antiek-brons-met-gleuf-2x14mm-200-stuks\\\/\",\"url\":\"https:\\\/\\\/partsandpieces.nl\\\/product\\\/schroeven-bolkop-antiek-brons-met-gleuf-2x14mm-200-stuks\\\/\",\"name\":\"Schroeven Antiek Brons kleur Bolkop met gleuf (2x14mm)\",\"isPartOf\":{\"@id\":\"https:\\\/\\\/partsandpieces.nl\\\/#website\"},\"primaryImageOfPage\":{\"@id\":\"https:\\\/\\\/partsandpieces.nl\\\/product\\\/schroeven-bolkop-antiek-brons-met-gleuf-2x14mm-200-stuks\\\/#primaryimage\"},\"image\":{\"@id\":\"https:\\\/\\\/partsandpieces.nl\\\/product\\\/schroeven-bolkop-antiek-brons-met-gleuf-2x14mm-200-stuks\\\/#primaryimage\"},\"thumbnailUrl\":\"https:\\\/\\\/partsandpieces.nl\\\/wp-content\\\/uploads\\\/2022\\\/02\\\/Schroeven-Bolkop-Antiek-Brons-met-gleuf-2x14mm.jpg\",\"datePublished\":\"2022-02-08T13:43:48+00:00\",\"dateModified\":\"2026-03-19T20:14:45+00:00\",\"description\":\"Schroeven Bolkop Antiek Brons kleur met gleuf (2x14mm) 200 stuks. De schroeven zijn gemaakt van messing en hebben een antiek brons patina kleur.\",\"breadcrumb\":{\"@id\":\"https:\\\/\\\/partsandpieces.nl\\\/product\\\/schroeven-bolkop-antiek-brons-met-gleuf-2x14mm-200-stuks\\\/#breadcrumb\"},\"inLanguage\":\"de\",\"potentialAction\":[{\"@type\":\"ReadAction\",\"target\":[\"https:\\\/\\\/partsandpieces.nl\\\/product\\\/schroeven-bolkop-antiek-brons-met-gleuf-2x14mm-200-stuks\\\/\"]}]},{\"@type\":\"ImageObject\",\"inLanguage\":\"de\",\"@id\":\"https:\\\/\\\/partsandpieces.nl\\\/product\\\/schroeven-bolkop-antiek-brons-met-gleuf-2x14mm-200-stuks\\\/#primaryimage\",\"url\":\"https:\\\/\\\/partsandpieces.nl\\\/wp-content\\\/uploads\\\/2022\\\/02\\\/Schroeven-Bolkop-Antiek-Brons-met-gleuf-2x14mm.jpg\",\"contentUrl\":\"https:\\\/\\\/partsandpieces.nl\\\/wp-content\\\/uploads\\\/2022\\\/02\\\/Schroeven-Bolkop-Antiek-Brons-met-gleuf-2x14mm.jpg\",\"width\":325,\"height\":322,\"caption\":\"Schroeven Bolkop Antiek Brons met gleuf (2x14mm)\"},{\"@type\":\"BreadcrumbList\",\"@id\":\"https:\\\/\\\/partsandpieces.nl\\\/product\\\/schroeven-bolkop-antiek-brons-met-gleuf-2x14mm-200-stuks\\\/#breadcrumb\",\"itemListElement\":[{\"@type\":\"ListItem\",\"position\":1,\"name\":\"Home\",\"item\":\"https:\\\/\\\/partsandpieces.nl\\\/home\\\/\"},{\"@type\":\"ListItem\",\"position\":2,\"name\":\"Winkel\",\"item\":\"https:\\\/\\\/partsandpieces.nl\\\/winkel\\\/\"},{\"@type\":\"ListItem\",\"position\":3,\"name\":\"Schroeven Bolkop Antiek Brons met gleuf (2x14mm) 200 stuks\"}]},{\"@type\":\"WebSite\",\"@id\":\"https:\\\/\\\/partsandpieces.nl\\\/#website\",\"url\":\"https:\\\/\\\/partsandpieces.nl\\\/\",\"name\":\"Parts &amp; Pieces\",\"description\":\"Alles voor uw meubelrestauratie en -onderhoud!\",\"potentialAction\":[{\"@type\":\"SearchAction\",\"target\":{\"@type\":\"EntryPoint\",\"urlTemplate\":\"https:\\\/\\\/partsandpieces.nl\\\/?s={search_term_string}\"},\"query-input\":{\"@type\":\"PropertyValueSpecification\",\"valueRequired\":true,\"valueName\":\"search_term_string\"}}],\"inLanguage\":\"de\"}]}<\/script>\n<!-- \/ Yoast SEO plugin. -->","yoast_head_json":{"title":"Schrauben antik bronzefarben Rundkopf mit Schlitz (2x14mm)","description":"Schrauben Kugelkopf Antikbronze mit Schlitz (2x14mm) 200 St\u00fcck. Die Schrauben bestehen aus Messing und haben eine antike bronzefarbene Patinafarbe.","robots":{"index":"index","follow":"follow","max-snippet":"max-snippet:-1","max-image-preview":"max-image-preview:large","max-video-preview":"max-video-preview:-1"},"canonical":"https:\/\/partsandpieces.nl\/de\/produkt\/schrauben-flachkopf-antik-bronze-mit-schlitz-2x14mm-200-stuck\/","og_locale":"de_DE","og_type":"article","og_title":"Schroeven Antiek Brons kleur Bolkop met gleuf (2x14mm)","og_description":"Schroeven Bolkop Antiek Brons kleur met gleuf (2x14mm) 200 stuks. De schroeven zijn gemaakt van messing en hebben een antiek brons patina kleur.","og_url":"https:\/\/partsandpieces.nl\/de\/produkt\/schrauben-flachkopf-antik-bronze-mit-schlitz-2x14mm-200-stuck\/","og_site_name":"Parts &amp; Pieces","article_modified_time":"2026-03-19T20:14:45+00:00","og_image":[{"width":325,"height":322,"url":"https:\/\/partsandpieces.nl\/wp-content\/uploads\/2022\/02\/Schroeven-Bolkop-Antiek-Brons-met-gleuf-2x14mm.jpg","type":"image\/jpeg"}],"twitter_card":"summary_large_image","twitter_misc":{"Gesch\u00e4tzte Lesezeit":"1\u00a0Minute"},"schema":{"@context":"https:\/\/schema.org","@graph":[{"@type":"WebPage","@id":"https:\/\/partsandpieces.nl\/product\/schroeven-bolkop-antiek-brons-met-gleuf-2x14mm-200-stuks\/","url":"https:\/\/partsandpieces.nl\/product\/schroeven-bolkop-antiek-brons-met-gleuf-2x14mm-200-stuks\/","name":"Schrauben antik bronzefarben Rundkopf mit Schlitz (2x14mm)","isPartOf":{"@id":"https:\/\/partsandpieces.nl\/#website"},"primaryImageOfPage":{"@id":"https:\/\/partsandpieces.nl\/product\/schroeven-bolkop-antiek-brons-met-gleuf-2x14mm-200-stuks\/#primaryimage"},"image":{"@id":"https:\/\/partsandpieces.nl\/product\/schroeven-bolkop-antiek-brons-met-gleuf-2x14mm-200-stuks\/#primaryimage"},"thumbnailUrl":"https:\/\/partsandpieces.nl\/wp-content\/uploads\/2022\/02\/Schroeven-Bolkop-Antiek-Brons-met-gleuf-2x14mm.jpg","datePublished":"2022-02-08T13:43:48+00:00","dateModified":"2026-03-19T20:14:45+00:00","description":"Schrauben Kugelkopf Antikbronze mit Schlitz (2x14mm) 200 St\u00fcck. Die Schrauben bestehen aus Messing und haben eine antike bronzefarbene Patinafarbe.","breadcrumb":{"@id":"https:\/\/partsandpieces.nl\/product\/schroeven-bolkop-antiek-brons-met-gleuf-2x14mm-200-stuks\/#breadcrumb"},"inLanguage":"de","potentialAction":[{"@type":"ReadAction","target":["https:\/\/partsandpieces.nl\/product\/schroeven-bolkop-antiek-brons-met-gleuf-2x14mm-200-stuks\/"]}]},{"@type":"ImageObject","inLanguage":"de","@id":"https:\/\/partsandpieces.nl\/product\/schroeven-bolkop-antiek-brons-met-gleuf-2x14mm-200-stuks\/#primaryimage","url":"https:\/\/partsandpieces.nl\/wp-content\/uploads\/2022\/02\/Schroeven-Bolkop-Antiek-Brons-met-gleuf-2x14mm.jpg","contentUrl":"https:\/\/partsandpieces.nl\/wp-content\/uploads\/2022\/02\/Schroeven-Bolkop-Antiek-Brons-met-gleuf-2x14mm.jpg","width":325,"height":322,"caption":"Schroeven Bolkop Antiek Brons met gleuf (2x14mm)"},{"@type":"BreadcrumbList","@id":"https:\/\/partsandpieces.nl\/product\/schroeven-bolkop-antiek-brons-met-gleuf-2x14mm-200-stuks\/#breadcrumb","itemListElement":[{"@type":"ListItem","position":1,"name":"Home","item":"https:\/\/partsandpieces.nl\/home\/"},{"@type":"ListItem","position":2,"name":"Winkel","item":"https:\/\/partsandpieces.nl\/winkel\/"},{"@type":"ListItem","position":3,"name":"Schroeven Bolkop Antiek Brons met gleuf (2x14mm) 200 stuks"}]},{"@type":"WebSite","@id":"https:\/\/partsandpieces.nl\/#website","url":"https:\/\/partsandpieces.nl\/","name":"Teile &amp; St\u00fccke","description":"Alles f\u00fcr Ihre M\u00f6belrestaurierung und -pflege!","potentialAction":[{"@type":"SearchAction","target":{"@type":"EntryPoint","urlTemplate":"https:\/\/partsandpieces.nl\/?s={search_term_string}"},"query-input":{"@type":"PropertyValueSpecification","valueRequired":true,"valueName":"search_term_string"}}],"inLanguage":"de"}]}},"_links":{"self":[{"href":"https:\/\/partsandpieces.nl\/de\/wp-json\/wp\/v2\/product\/2463","targetHints":{"allow":["GET"]}}],"collection":[{"href":"https:\/\/partsandpieces.nl\/de\/wp-json\/wp\/v2\/product"}],"about":[{"href":"https:\/\/partsandpieces.nl\/de\/wp-json\/wp\/v2\/types\/product"}],"wp:featuredmedia":[{"embeddable":true,"href":"https:\/\/partsandpieces.nl\/de\/wp-json\/wp\/v2\/media\/8448"}],"wp:attachment":[{"href":"https:\/\/partsandpieces.nl\/de\/wp-json\/wp\/v2\/media?parent=2463"}],"wp:term":[{"taxonomy":"product_brand","embeddable":true,"href":"https:\/\/partsandpieces.nl\/de\/wp-json\/wp\/v2\/product_brand?post=2463"},{"taxonomy":"product_cat","embeddable":true,"href":"https:\/\/partsandpieces.nl\/de\/wp-json\/wp\/v2\/product_cat?post=2463"},{"taxonomy":"product_tag","embeddable":true,"href":"https:\/\/partsandpieces.nl\/de\/wp-json\/wp\/v2\/product_tag?post=2463"}],"curies":[{"name":"wp","href":"https:\/\/api.w.org\/{rel}","templated":true}]}}