{"id":2467,"date":"2022-02-08T15:13:18","date_gmt":"2022-02-08T14:13:18","guid":{"rendered":"https:\/\/partsandpieces.bonsaidev.nl\/?product=houten-ladeknopje-van-lindehout-rond-18x20mm"},"modified":"2026-03-11T11:10:20","modified_gmt":"2026-03-11T10:10:20","slug":"holzknauf-aus-lindenholz-rund-mit-stift-18mm-10-stuck","status":"publish","type":"product","link":"https:\/\/partsandpieces.nl\/de\/product\/houten-knopje-van-lindehout-rond-met-stift-18mm-10-stuks\/","title":{"rendered":"Runder Holzknauf aus Lindenholz mit Stift 18mm (10 St\u00fcck)"},"content":{"rendered":"<p><strong>Runder Holzknauf aus Lindenholz mit Stift 18mm (10 St\u00fcck)<\/strong> ist ein runder M\u00f6belknopf aus Lindenholz. Der Knopf hat die Form eines Pilzes: Die Oberseite ist kugelf\u00f6rmig. Dieser Knauf passt gut zu Ihren klassischen oder antiken M\u00f6beln.<\/p>\n<p><strong>Ma\u00dfe<br \/>\n<\/strong>Runder Holzknauf aus Lindenholz mit Stift 18mm (10 St\u00fcck) hat einen Durchmesser von 18mm. Nach der Installation steht dieser Knopf 25 mm hervor. Der Stift ist 7 mm hoch und hat einen Durchmesser von 8 mm.<\/p>","protected":false},"excerpt":{"rendered":"<p>Houten knopje van lindehout rond met stift 18mm (10 stuks) is een ronde meubelknop gemaakt van lindehout. De knop heeft de vorm van een paddenstoel: de bovenkant is bolvormig. Deze knop past goed op je klassieke of brocante meubel. Afmetingen Houten knopje van lindehout rond met stift 18mm (10 stuks) heeft een diameter van 18mm. [&hellip;]<\/p>\n","protected":false},"featured_media":8132,"template":"","meta":{"_acf_changed":false},"product_brand":[],"product_cat":[55,54,37,23],"product_tag":[],"class_list":{"0":"post-2467","1":"product","2":"type-product","3":"status-publish","4":"has-post-thumbnail","6":"product_cat-houten-knoppen","7":"product_cat-houten-snij-en-draaiwerk","8":"product_cat-knoppen","9":"product_cat-meubelbeslag","11":"first","12":"instock","13":"taxable","14":"shipping-taxable","15":"purchasable","16":"product-type-simple"},"acf":[],"yoast_head":"<!-- This site is optimized with the Yoast SEO plugin v27.3 - https:\/\/yoast.com\/product\/yoast-seo-wordpress\/ -->\n<title>Houten knopje rond 18mm van lindehout met stift (10 stuks)<\/title>\n<meta name=\"description\" content=\"Houten knopje van lindehout rond met stift 18mm (10 stuks) is gemaakt van lindehout en heeft de vorm van een paddenstoel: de bovenkant is bolvormig.\" \/>\n<meta name=\"robots\" content=\"index, follow, max-snippet:-1, max-image-preview:large, max-video-preview:-1\" \/>\n<link rel=\"canonical\" href=\"https:\/\/partsandpieces.nl\/de\/produkt\/holzknauf-aus-lindenholz-rund-mit-stift-18mm-10-stuck\/\" \/>\n<meta property=\"og:locale\" content=\"de_DE\" \/>\n<meta property=\"og:type\" content=\"article\" \/>\n<meta property=\"og:title\" content=\"Houten knopje rond 18mm van lindehout met stift (10 stuks)\" \/>\n<meta property=\"og:description\" content=\"Houten knopje van lindehout rond met stift 18mm (10 stuks) is gemaakt van lindehout en heeft de vorm van een paddenstoel: de bovenkant is bolvormig.\" \/>\n<meta property=\"og:url\" content=\"https:\/\/partsandpieces.nl\/de\/produkt\/holzknauf-aus-lindenholz-rund-mit-stift-18mm-10-stuck\/\" \/>\n<meta property=\"og:site_name\" content=\"Parts &amp; Pieces\" \/>\n<meta property=\"article:modified_time\" content=\"2026-03-11T10:10:20+00:00\" \/>\n<meta property=\"og:image\" content=\"https:\/\/partsandpieces.nl\/wp-content\/uploads\/2022\/02\/Houten-knopje-van-lindehout-rond-met-stift-18mm.jpg\" \/>\n\t<meta property=\"og:image:width\" content=\"401\" \/>\n\t<meta property=\"og:image:height\" content=\"402\" \/>\n\t<meta property=\"og:image:type\" content=\"image\/jpeg\" \/>\n<meta name=\"twitter:card\" content=\"summary_large_image\" \/>\n<meta name=\"twitter:label1\" content=\"Gesch\u00e4tzte Lesezeit\" \/>\n\t<meta name=\"twitter:data1\" content=\"1\u00a0Minute\" \/>\n<script type=\"application\/ld+json\" class=\"yoast-schema-graph\">{\"@context\":\"https:\\\/\\\/schema.org\",\"@graph\":[{\"@type\":\"WebPage\",\"@id\":\"https:\\\/\\\/partsandpieces.nl\\\/product\\\/houten-knopje-van-lindehout-rond-met-stift-18mm-10-stuks\\\/\",\"url\":\"https:\\\/\\\/partsandpieces.nl\\\/product\\\/houten-knopje-van-lindehout-rond-met-stift-18mm-10-stuks\\\/\",\"name\":\"Houten knopje rond 18mm van lindehout met stift (10 stuks)\",\"isPartOf\":{\"@id\":\"https:\\\/\\\/partsandpieces.nl\\\/#website\"},\"primaryImageOfPage\":{\"@id\":\"https:\\\/\\\/partsandpieces.nl\\\/product\\\/houten-knopje-van-lindehout-rond-met-stift-18mm-10-stuks\\\/#primaryimage\"},\"image\":{\"@id\":\"https:\\\/\\\/partsandpieces.nl\\\/product\\\/houten-knopje-van-lindehout-rond-met-stift-18mm-10-stuks\\\/#primaryimage\"},\"thumbnailUrl\":\"https:\\\/\\\/partsandpieces.nl\\\/wp-content\\\/uploads\\\/2022\\\/02\\\/Houten-knopje-van-lindehout-rond-met-stift-18mm.jpg\",\"datePublished\":\"2022-02-08T14:13:18+00:00\",\"dateModified\":\"2026-03-11T10:10:20+00:00\",\"description\":\"Houten knopje van lindehout rond met stift 18mm (10 stuks) is gemaakt van lindehout en heeft de vorm van een paddenstoel: de bovenkant is bolvormig.\",\"breadcrumb\":{\"@id\":\"https:\\\/\\\/partsandpieces.nl\\\/product\\\/houten-knopje-van-lindehout-rond-met-stift-18mm-10-stuks\\\/#breadcrumb\"},\"inLanguage\":\"de\",\"potentialAction\":[{\"@type\":\"ReadAction\",\"target\":[\"https:\\\/\\\/partsandpieces.nl\\\/product\\\/houten-knopje-van-lindehout-rond-met-stift-18mm-10-stuks\\\/\"]}]},{\"@type\":\"ImageObject\",\"inLanguage\":\"de\",\"@id\":\"https:\\\/\\\/partsandpieces.nl\\\/product\\\/houten-knopje-van-lindehout-rond-met-stift-18mm-10-stuks\\\/#primaryimage\",\"url\":\"https:\\\/\\\/partsandpieces.nl\\\/wp-content\\\/uploads\\\/2022\\\/02\\\/Houten-knopje-van-lindehout-rond-met-stift-18mm.jpg\",\"contentUrl\":\"https:\\\/\\\/partsandpieces.nl\\\/wp-content\\\/uploads\\\/2022\\\/02\\\/Houten-knopje-van-lindehout-rond-met-stift-18mm.jpg\",\"width\":401,\"height\":402,\"caption\":\"Houten knopje van lindehout rond met stift 18mm\"},{\"@type\":\"BreadcrumbList\",\"@id\":\"https:\\\/\\\/partsandpieces.nl\\\/product\\\/houten-knopje-van-lindehout-rond-met-stift-18mm-10-stuks\\\/#breadcrumb\",\"itemListElement\":[{\"@type\":\"ListItem\",\"position\":1,\"name\":\"Home\",\"item\":\"https:\\\/\\\/partsandpieces.nl\\\/home\\\/\"},{\"@type\":\"ListItem\",\"position\":2,\"name\":\"Winkel\",\"item\":\"https:\\\/\\\/partsandpieces.nl\\\/winkel\\\/\"},{\"@type\":\"ListItem\",\"position\":3,\"name\":\"Houten knopje van lindehout rond met stift 18mm (10 stuks)\"}]},{\"@type\":\"WebSite\",\"@id\":\"https:\\\/\\\/partsandpieces.nl\\\/#website\",\"url\":\"https:\\\/\\\/partsandpieces.nl\\\/\",\"name\":\"Parts &amp; Pieces\",\"description\":\"Alles voor uw meubelrestauratie en -onderhoud!\",\"potentialAction\":[{\"@type\":\"SearchAction\",\"target\":{\"@type\":\"EntryPoint\",\"urlTemplate\":\"https:\\\/\\\/partsandpieces.nl\\\/?s={search_term_string}\"},\"query-input\":{\"@type\":\"PropertyValueSpecification\",\"valueRequired\":true,\"valueName\":\"search_term_string\"}}],\"inLanguage\":\"de\"}]}<\/script>\n<!-- \/ Yoast SEO plugin. -->","yoast_head_json":{"title":"Holzknauf rund 18mm aus Lindenholz mit Stift (10 St\u00fcck)","description":"Holzknauf aus Lindenholz rund mit Stift 18mm (10 St\u00fcck) besteht aus Lindenholz und hat die Form eines Pilzes: Die Oberseite ist kugelf\u00f6rmig.","robots":{"index":"index","follow":"follow","max-snippet":"max-snippet:-1","max-image-preview":"max-image-preview:large","max-video-preview":"max-video-preview:-1"},"canonical":"https:\/\/partsandpieces.nl\/de\/produkt\/holzknauf-aus-lindenholz-rund-mit-stift-18mm-10-stuck\/","og_locale":"de_DE","og_type":"article","og_title":"Houten knopje rond 18mm van lindehout met stift (10 stuks)","og_description":"Houten knopje van lindehout rond met stift 18mm (10 stuks) is gemaakt van lindehout en heeft de vorm van een paddenstoel: de bovenkant is bolvormig.","og_url":"https:\/\/partsandpieces.nl\/de\/produkt\/holzknauf-aus-lindenholz-rund-mit-stift-18mm-10-stuck\/","og_site_name":"Parts &amp; Pieces","article_modified_time":"2026-03-11T10:10:20+00:00","og_image":[{"width":401,"height":402,"url":"https:\/\/partsandpieces.nl\/wp-content\/uploads\/2022\/02\/Houten-knopje-van-lindehout-rond-met-stift-18mm.jpg","type":"image\/jpeg"}],"twitter_card":"summary_large_image","twitter_misc":{"Gesch\u00e4tzte Lesezeit":"1\u00a0Minute"},"schema":{"@context":"https:\/\/schema.org","@graph":[{"@type":"WebPage","@id":"https:\/\/partsandpieces.nl\/product\/houten-knopje-van-lindehout-rond-met-stift-18mm-10-stuks\/","url":"https:\/\/partsandpieces.nl\/product\/houten-knopje-van-lindehout-rond-met-stift-18mm-10-stuks\/","name":"Holzknauf rund 18mm aus Lindenholz mit Stift (10 St\u00fcck)","isPartOf":{"@id":"https:\/\/partsandpieces.nl\/#website"},"primaryImageOfPage":{"@id":"https:\/\/partsandpieces.nl\/product\/houten-knopje-van-lindehout-rond-met-stift-18mm-10-stuks\/#primaryimage"},"image":{"@id":"https:\/\/partsandpieces.nl\/product\/houten-knopje-van-lindehout-rond-met-stift-18mm-10-stuks\/#primaryimage"},"thumbnailUrl":"https:\/\/partsandpieces.nl\/wp-content\/uploads\/2022\/02\/Houten-knopje-van-lindehout-rond-met-stift-18mm.jpg","datePublished":"2022-02-08T14:13:18+00:00","dateModified":"2026-03-11T10:10:20+00:00","description":"Holzknauf aus Lindenholz rund mit Stift 18mm (10 St\u00fcck) besteht aus Lindenholz und hat die Form eines Pilzes: Die Oberseite ist kugelf\u00f6rmig.","breadcrumb":{"@id":"https:\/\/partsandpieces.nl\/product\/houten-knopje-van-lindehout-rond-met-stift-18mm-10-stuks\/#breadcrumb"},"inLanguage":"de","potentialAction":[{"@type":"ReadAction","target":["https:\/\/partsandpieces.nl\/product\/houten-knopje-van-lindehout-rond-met-stift-18mm-10-stuks\/"]}]},{"@type":"ImageObject","inLanguage":"de","@id":"https:\/\/partsandpieces.nl\/product\/houten-knopje-van-lindehout-rond-met-stift-18mm-10-stuks\/#primaryimage","url":"https:\/\/partsandpieces.nl\/wp-content\/uploads\/2022\/02\/Houten-knopje-van-lindehout-rond-met-stift-18mm.jpg","contentUrl":"https:\/\/partsandpieces.nl\/wp-content\/uploads\/2022\/02\/Houten-knopje-van-lindehout-rond-met-stift-18mm.jpg","width":401,"height":402,"caption":"Houten knopje van lindehout rond met stift 18mm"},{"@type":"BreadcrumbList","@id":"https:\/\/partsandpieces.nl\/product\/houten-knopje-van-lindehout-rond-met-stift-18mm-10-stuks\/#breadcrumb","itemListElement":[{"@type":"ListItem","position":1,"name":"Home","item":"https:\/\/partsandpieces.nl\/home\/"},{"@type":"ListItem","position":2,"name":"Winkel","item":"https:\/\/partsandpieces.nl\/winkel\/"},{"@type":"ListItem","position":3,"name":"Houten knopje van lindehout rond met stift 18mm (10 stuks)"}]},{"@type":"WebSite","@id":"https:\/\/partsandpieces.nl\/#website","url":"https:\/\/partsandpieces.nl\/","name":"Teile &amp; St\u00fccke","description":"Alles f\u00fcr Ihre M\u00f6belrestaurierung und -pflege!","potentialAction":[{"@type":"SearchAction","target":{"@type":"EntryPoint","urlTemplate":"https:\/\/partsandpieces.nl\/?s={search_term_string}"},"query-input":{"@type":"PropertyValueSpecification","valueRequired":true,"valueName":"search_term_string"}}],"inLanguage":"de"}]}},"_links":{"self":[{"href":"https:\/\/partsandpieces.nl\/de\/wp-json\/wp\/v2\/product\/2467","targetHints":{"allow":["GET"]}}],"collection":[{"href":"https:\/\/partsandpieces.nl\/de\/wp-json\/wp\/v2\/product"}],"about":[{"href":"https:\/\/partsandpieces.nl\/de\/wp-json\/wp\/v2\/types\/product"}],"wp:featuredmedia":[{"embeddable":true,"href":"https:\/\/partsandpieces.nl\/de\/wp-json\/wp\/v2\/media\/8132"}],"wp:attachment":[{"href":"https:\/\/partsandpieces.nl\/de\/wp-json\/wp\/v2\/media?parent=2467"}],"wp:term":[{"taxonomy":"product_brand","embeddable":true,"href":"https:\/\/partsandpieces.nl\/de\/wp-json\/wp\/v2\/product_brand?post=2467"},{"taxonomy":"product_cat","embeddable":true,"href":"https:\/\/partsandpieces.nl\/de\/wp-json\/wp\/v2\/product_cat?post=2467"},{"taxonomy":"product_tag","embeddable":true,"href":"https:\/\/partsandpieces.nl\/de\/wp-json\/wp\/v2\/product_tag?post=2467"}],"curies":[{"name":"wp","href":"https:\/\/api.w.org\/{rel}","templated":true}]}}