{"id":2478,"date":"2022-02-11T12:01:06","date_gmt":"2022-02-11T12:01:06","guid":{"rendered":"https:\/\/partsandpieces.bonsaidev.nl\/?product=meubeldecoratie-plaatje-gegoten-messing-antiek-strik-100x70mm"},"modified":"2024-11-26T12:05:02","modified_gmt":"2024-11-26T11:05:02","slug":"mobeldekoration-massiver-messingguss-antiker-bogen-100x70mm","status":"publish","type":"product","link":"https:\/\/partsandpieces.nl\/de\/product\/meubeldecoratie-massief-messing-gegoten-antiek-strik-100x70mm\/","title":{"rendered":"M\u00f6beldekoration massiver Messingguss antik Schleife 100x70mm"},"content":{"rendered":"<p><strong>M\u00f6beldekoration massiver Messingguss antik Schleife 100x70mm<\/strong> ist eine Dekoration zur Aufwertung Ihrer antiken M\u00f6bel. Die M\u00f6belapplikation besteht aus massivem Messing und hat ein sch\u00f6nes, dunkles Antik-Finish.<\/p>\n<p><strong>Ma\u00dfe<\/strong><br \/>\nM\u00f6beldekoration aus massivem Messingguss im Antik-Stil. Die Schleife 100 x 70 mm ist 100 mm breit und 70 mm hoch.<\/p>\n<p><strong>Bearbeiten<\/strong><br \/>\nSie k\u00f6nnen den Taster mit blind montieren <span style=\"text-decoration: underline;\"><a href=\"https:\/\/partsandpieces.nl\/de\/produkt\/schraube-edelstahl-zur-blindmontage-von-mobelbeschlagen-45x4mm-20-stuck\/\">Edelstahlschraube zur Blindbefestigung von M\u00f6belbeschl\u00e4gen (45x4mm)<\/a><\/span>. Ich schicke diese Schraube <strong>FREI<\/strong> mit Ihrer Bestellung.<\/p>","protected":false},"excerpt":{"rendered":"<p>Meubeldecoratie massief Messing gegoten antiek Strik 100x70mm is een decoratie om je antieke meubel meet te verfraaien. De meubelapplicatie is gemaakt van massief messing en heeft een mooie, donkere antieke finish. Afmetingen Meubeldecoratie massief Messing gegoten antiek Strik 100x70mm is 100mm breed en 70mm hoog. Montage Je kunt de knop blind monteren met Schroef RVS [&hellip;]<\/p>\n","protected":false},"featured_media":7627,"template":"","meta":{"_acf_changed":false},"product_brand":[],"product_cat":[27,23],"product_tag":[],"class_list":{"0":"post-2478","1":"product","2":"type-product","3":"status-publish","4":"has-post-thumbnail","6":"product_cat-decoratieve-plaatjes-en-rozetten","7":"product_cat-meubelbeslag","9":"first","10":"instock","11":"taxable","12":"shipping-taxable","13":"purchasable","14":"product-type-simple"},"acf":[],"yoast_head":"<!-- This site is optimized with the Yoast SEO plugin v27.3 - https:\/\/yoast.com\/product\/yoast-seo-wordpress\/ -->\n<title>Meubeldecoratie Messing antiek Strik<\/title>\n<meta name=\"description\" content=\"Meubeldecoratie massief Messing gegoten antiek Strik 100x70mm is gemaakt van massief messing en heeft een mooie, donkere antieke finish.\" \/>\n<meta name=\"robots\" content=\"index, follow, max-snippet:-1, max-image-preview:large, max-video-preview:-1\" \/>\n<link rel=\"canonical\" href=\"https:\/\/partsandpieces.nl\/de\/produkt\/mobeldekoration-massiver-messingguss-antiker-bogen-100x70mm\/\" \/>\n<meta property=\"og:locale\" content=\"de_DE\" \/>\n<meta property=\"og:type\" content=\"article\" \/>\n<meta property=\"og:title\" content=\"Meubeldecoratie Messing antiek Strik\" \/>\n<meta property=\"og:description\" content=\"Meubeldecoratie massief Messing gegoten antiek Strik 100x70mm is gemaakt van massief messing en heeft een mooie, donkere antieke finish.\" \/>\n<meta property=\"og:url\" content=\"https:\/\/partsandpieces.nl\/de\/produkt\/mobeldekoration-massiver-messingguss-antiker-bogen-100x70mm\/\" \/>\n<meta property=\"og:site_name\" content=\"Parts &amp; Pieces\" \/>\n<meta property=\"article:modified_time\" content=\"2024-11-26T11:05:02+00:00\" \/>\n<meta property=\"og:image\" content=\"https:\/\/partsandpieces.nl\/wp-content\/uploads\/2022\/02\/Meubeldecoratie-massief-Messing-gegoten-antiek-Strik-100x70mm.jpg\" \/>\n\t<meta property=\"og:image:width\" content=\"392\" \/>\n\t<meta property=\"og:image:height\" content=\"392\" \/>\n\t<meta property=\"og:image:type\" content=\"image\/jpeg\" \/>\n<meta name=\"twitter:card\" content=\"summary_large_image\" \/>\n<meta name=\"twitter:label1\" content=\"Gesch\u00e4tzte Lesezeit\" \/>\n\t<meta name=\"twitter:data1\" content=\"1\u00a0Minute\" \/>\n<script type=\"application\/ld+json\" class=\"yoast-schema-graph\">{\"@context\":\"https:\\\/\\\/schema.org\",\"@graph\":[{\"@type\":\"WebPage\",\"@id\":\"https:\\\/\\\/partsandpieces.nl\\\/product\\\/meubeldecoratie-massief-messing-gegoten-antiek-strik-100x70mm\\\/\",\"url\":\"https:\\\/\\\/partsandpieces.nl\\\/product\\\/meubeldecoratie-massief-messing-gegoten-antiek-strik-100x70mm\\\/\",\"name\":\"Meubeldecoratie Messing antiek Strik\",\"isPartOf\":{\"@id\":\"https:\\\/\\\/partsandpieces.nl\\\/#website\"},\"primaryImageOfPage\":{\"@id\":\"https:\\\/\\\/partsandpieces.nl\\\/product\\\/meubeldecoratie-massief-messing-gegoten-antiek-strik-100x70mm\\\/#primaryimage\"},\"image\":{\"@id\":\"https:\\\/\\\/partsandpieces.nl\\\/product\\\/meubeldecoratie-massief-messing-gegoten-antiek-strik-100x70mm\\\/#primaryimage\"},\"thumbnailUrl\":\"https:\\\/\\\/partsandpieces.nl\\\/wp-content\\\/uploads\\\/2022\\\/02\\\/Meubeldecoratie-massief-Messing-gegoten-antiek-Strik-100x70mm.jpg\",\"datePublished\":\"2022-02-11T12:01:06+00:00\",\"dateModified\":\"2024-11-26T11:05:02+00:00\",\"description\":\"Meubeldecoratie massief Messing gegoten antiek Strik 100x70mm is gemaakt van massief messing en heeft een mooie, donkere antieke finish.\",\"breadcrumb\":{\"@id\":\"https:\\\/\\\/partsandpieces.nl\\\/product\\\/meubeldecoratie-massief-messing-gegoten-antiek-strik-100x70mm\\\/#breadcrumb\"},\"inLanguage\":\"de\",\"potentialAction\":[{\"@type\":\"ReadAction\",\"target\":[\"https:\\\/\\\/partsandpieces.nl\\\/product\\\/meubeldecoratie-massief-messing-gegoten-antiek-strik-100x70mm\\\/\"]}]},{\"@type\":\"ImageObject\",\"inLanguage\":\"de\",\"@id\":\"https:\\\/\\\/partsandpieces.nl\\\/product\\\/meubeldecoratie-massief-messing-gegoten-antiek-strik-100x70mm\\\/#primaryimage\",\"url\":\"https:\\\/\\\/partsandpieces.nl\\\/wp-content\\\/uploads\\\/2022\\\/02\\\/Meubeldecoratie-massief-Messing-gegoten-antiek-Strik-100x70mm.jpg\",\"contentUrl\":\"https:\\\/\\\/partsandpieces.nl\\\/wp-content\\\/uploads\\\/2022\\\/02\\\/Meubeldecoratie-massief-Messing-gegoten-antiek-Strik-100x70mm.jpg\",\"width\":392,\"height\":392,\"caption\":\"Meubeldecoratie massief Messing gegoten antiek Strik 100x70mm\"},{\"@type\":\"BreadcrumbList\",\"@id\":\"https:\\\/\\\/partsandpieces.nl\\\/product\\\/meubeldecoratie-massief-messing-gegoten-antiek-strik-100x70mm\\\/#breadcrumb\",\"itemListElement\":[{\"@type\":\"ListItem\",\"position\":1,\"name\":\"Home\",\"item\":\"https:\\\/\\\/partsandpieces.nl\\\/home\\\/\"},{\"@type\":\"ListItem\",\"position\":2,\"name\":\"Winkel\",\"item\":\"https:\\\/\\\/partsandpieces.nl\\\/winkel\\\/\"},{\"@type\":\"ListItem\",\"position\":3,\"name\":\"Meubeldecoratie massief Messing gegoten antiek Strik 100x70mm\"}]},{\"@type\":\"WebSite\",\"@id\":\"https:\\\/\\\/partsandpieces.nl\\\/#website\",\"url\":\"https:\\\/\\\/partsandpieces.nl\\\/\",\"name\":\"Parts &amp; Pieces\",\"description\":\"Alles voor uw meubelrestauratie en -onderhoud!\",\"potentialAction\":[{\"@type\":\"SearchAction\",\"target\":{\"@type\":\"EntryPoint\",\"urlTemplate\":\"https:\\\/\\\/partsandpieces.nl\\\/?s={search_term_string}\"},\"query-input\":{\"@type\":\"PropertyValueSpecification\",\"valueRequired\":true,\"valueName\":\"search_term_string\"}}],\"inLanguage\":\"de\"}]}<\/script>\n<!-- \/ Yoast SEO plugin. -->","yoast_head_json":{"title":"M\u00f6beldekoration Messing antiker Bogen","description":"M\u00f6beldekoration massiver Messingguss Antikbogen 100x70mm ist aus massivem Messing gefertigt und hat ein sch\u00f6nes, dunkles Antik-Finish.","robots":{"index":"index","follow":"follow","max-snippet":"max-snippet:-1","max-image-preview":"max-image-preview:large","max-video-preview":"max-video-preview:-1"},"canonical":"https:\/\/partsandpieces.nl\/de\/produkt\/mobeldekoration-massiver-messingguss-antiker-bogen-100x70mm\/","og_locale":"de_DE","og_type":"article","og_title":"Meubeldecoratie Messing antiek Strik","og_description":"Meubeldecoratie massief Messing gegoten antiek Strik 100x70mm is gemaakt van massief messing en heeft een mooie, donkere antieke finish.","og_url":"https:\/\/partsandpieces.nl\/de\/produkt\/mobeldekoration-massiver-messingguss-antiker-bogen-100x70mm\/","og_site_name":"Parts &amp; Pieces","article_modified_time":"2024-11-26T11:05:02+00:00","og_image":[{"width":392,"height":392,"url":"https:\/\/partsandpieces.nl\/wp-content\/uploads\/2022\/02\/Meubeldecoratie-massief-Messing-gegoten-antiek-Strik-100x70mm.jpg","type":"image\/jpeg"}],"twitter_card":"summary_large_image","twitter_misc":{"Gesch\u00e4tzte Lesezeit":"1\u00a0Minute"},"schema":{"@context":"https:\/\/schema.org","@graph":[{"@type":"WebPage","@id":"https:\/\/partsandpieces.nl\/product\/meubeldecoratie-massief-messing-gegoten-antiek-strik-100x70mm\/","url":"https:\/\/partsandpieces.nl\/product\/meubeldecoratie-massief-messing-gegoten-antiek-strik-100x70mm\/","name":"M\u00f6beldekoration Messing antiker Bogen","isPartOf":{"@id":"https:\/\/partsandpieces.nl\/#website"},"primaryImageOfPage":{"@id":"https:\/\/partsandpieces.nl\/product\/meubeldecoratie-massief-messing-gegoten-antiek-strik-100x70mm\/#primaryimage"},"image":{"@id":"https:\/\/partsandpieces.nl\/product\/meubeldecoratie-massief-messing-gegoten-antiek-strik-100x70mm\/#primaryimage"},"thumbnailUrl":"https:\/\/partsandpieces.nl\/wp-content\/uploads\/2022\/02\/Meubeldecoratie-massief-Messing-gegoten-antiek-Strik-100x70mm.jpg","datePublished":"2022-02-11T12:01:06+00:00","dateModified":"2024-11-26T11:05:02+00:00","description":"M\u00f6beldekoration massiver Messingguss Antikbogen 100x70mm ist aus massivem Messing gefertigt und hat ein sch\u00f6nes, dunkles Antik-Finish.","breadcrumb":{"@id":"https:\/\/partsandpieces.nl\/product\/meubeldecoratie-massief-messing-gegoten-antiek-strik-100x70mm\/#breadcrumb"},"inLanguage":"de","potentialAction":[{"@type":"ReadAction","target":["https:\/\/partsandpieces.nl\/product\/meubeldecoratie-massief-messing-gegoten-antiek-strik-100x70mm\/"]}]},{"@type":"ImageObject","inLanguage":"de","@id":"https:\/\/partsandpieces.nl\/product\/meubeldecoratie-massief-messing-gegoten-antiek-strik-100x70mm\/#primaryimage","url":"https:\/\/partsandpieces.nl\/wp-content\/uploads\/2022\/02\/Meubeldecoratie-massief-Messing-gegoten-antiek-Strik-100x70mm.jpg","contentUrl":"https:\/\/partsandpieces.nl\/wp-content\/uploads\/2022\/02\/Meubeldecoratie-massief-Messing-gegoten-antiek-Strik-100x70mm.jpg","width":392,"height":392,"caption":"Meubeldecoratie massief Messing gegoten antiek Strik 100x70mm"},{"@type":"BreadcrumbList","@id":"https:\/\/partsandpieces.nl\/product\/meubeldecoratie-massief-messing-gegoten-antiek-strik-100x70mm\/#breadcrumb","itemListElement":[{"@type":"ListItem","position":1,"name":"Home","item":"https:\/\/partsandpieces.nl\/home\/"},{"@type":"ListItem","position":2,"name":"Winkel","item":"https:\/\/partsandpieces.nl\/winkel\/"},{"@type":"ListItem","position":3,"name":"Meubeldecoratie massief Messing gegoten antiek Strik 100x70mm"}]},{"@type":"WebSite","@id":"https:\/\/partsandpieces.nl\/#website","url":"https:\/\/partsandpieces.nl\/","name":"Teile &amp; St\u00fccke","description":"Alles f\u00fcr Ihre M\u00f6belrestaurierung und -pflege!","potentialAction":[{"@type":"SearchAction","target":{"@type":"EntryPoint","urlTemplate":"https:\/\/partsandpieces.nl\/?s={search_term_string}"},"query-input":{"@type":"PropertyValueSpecification","valueRequired":true,"valueName":"search_term_string"}}],"inLanguage":"de"}]}},"_links":{"self":[{"href":"https:\/\/partsandpieces.nl\/de\/wp-json\/wp\/v2\/product\/2478","targetHints":{"allow":["GET"]}}],"collection":[{"href":"https:\/\/partsandpieces.nl\/de\/wp-json\/wp\/v2\/product"}],"about":[{"href":"https:\/\/partsandpieces.nl\/de\/wp-json\/wp\/v2\/types\/product"}],"wp:featuredmedia":[{"embeddable":true,"href":"https:\/\/partsandpieces.nl\/de\/wp-json\/wp\/v2\/media\/7627"}],"wp:attachment":[{"href":"https:\/\/partsandpieces.nl\/de\/wp-json\/wp\/v2\/media?parent=2478"}],"wp:term":[{"taxonomy":"product_brand","embeddable":true,"href":"https:\/\/partsandpieces.nl\/de\/wp-json\/wp\/v2\/product_brand?post=2478"},{"taxonomy":"product_cat","embeddable":true,"href":"https:\/\/partsandpieces.nl\/de\/wp-json\/wp\/v2\/product_cat?post=2478"},{"taxonomy":"product_tag","embeddable":true,"href":"https:\/\/partsandpieces.nl\/de\/wp-json\/wp\/v2\/product_tag?post=2478"}],"curies":[{"name":"wp","href":"https:\/\/api.w.org\/{rel}","templated":true}]}}