{"id":2480,"date":"2022-02-11T13:24:13","date_gmt":"2022-02-11T12:24:13","guid":{"rendered":"https:\/\/partsandpieces.bonsaidev.nl\/?product=hoekijzer-messing-glanzend-50x50mm"},"modified":"2026-03-20T16:03:20","modified_gmt":"2026-03-20T15:03:20","slug":"eckenschutz-messing-glanzend-45mm","status":"publish","type":"product","link":"https:\/\/partsandpieces.nl\/de\/product\/hoekbeschermer-messing-glanzend-45mm\/","title":{"rendered":"Eckenschutz, gl\u00e4nzendes Messing, 45 mm"},"content":{"rendered":"<p><strong>Eckenschutz, gl\u00e4nzendes Messing, 45 mm<\/strong> ist ein zweidimensionaler Eckenschutz mit gl\u00e4nzendem Messing-Finish.<\/p>\n<p><strong>Ma\u00dfe<br \/>\n<\/strong>Der Kantenschutz ist ca. 45 mm hoch und 45 mm breit. Die Tiefe betr\u00e4gt etwa 8 mm.<\/p>\n<p><strong>Bearbeiten<br \/>\n<\/strong>Sie befestigen den Eckenschutz mit 4 Schrauben oder N\u00e4geln. Ich werde dies NICHT liefern.<\/p>","protected":false},"excerpt":{"rendered":"<p>Eckenschutz Messing gl\u00e4nzend 45 mm ist ein zweidimensionaler Eckenschutz mit gl\u00e4nzender Messingoberfl\u00e4che. Abmessungen Der Eckenschutz ist ca. 45 mm hoch und 45 mm breit. Die Tiefe betr\u00e4gt ca. 8mm. Montage Sie befestigen den Eckenschutz mit 4 Schrauben oder N\u00e4geln. Ich werde dies NICHT liefern.<\/p>","protected":false},"featured_media":5168,"template":"","meta":{"_acf_changed":false},"product_brand":[],"product_cat":[32,23],"product_tag":[],"class_list":{"0":"post-2480","1":"product","2":"type-product","3":"status-publish","4":"has-post-thumbnail","6":"product_cat-kabinetbeslag","7":"product_cat-meubelbeslag","9":"first","10":"instock","11":"taxable","12":"shipping-taxable","13":"purchasable","14":"product-type-simple"},"acf":[],"yoast_head":"<!-- This site is optimized with the Yoast SEO plugin v27.3 - https:\/\/yoast.com\/product\/yoast-seo-wordpress\/ -->\n<title>Hoekbeschermer messing glanzend 45mm<\/title>\n<meta name=\"description\" content=\"Hoekbeschermer messing glanzend 45mm is een 2 dimensionale hoekbeschermer met een glanzende messing finish. De hoekbeschermer is ongeveer 45x45mm groot.\" \/>\n<meta name=\"robots\" content=\"index, follow, max-snippet:-1, max-image-preview:large, max-video-preview:-1\" \/>\n<link rel=\"canonical\" href=\"https:\/\/partsandpieces.nl\/de\/produkt\/eckenschutz-messing-glanzend-45mm\/\" \/>\n<meta property=\"og:locale\" content=\"de_DE\" \/>\n<meta property=\"og:type\" content=\"article\" \/>\n<meta property=\"og:title\" content=\"Hoekbeschermer messing glanzend 45mm\" \/>\n<meta property=\"og:description\" content=\"Hoekbeschermer messing glanzend 45mm is een 2 dimensionale hoekbeschermer met een glanzende messing finish. De hoekbeschermer is ongeveer 45x45mm groot.\" \/>\n<meta property=\"og:url\" content=\"https:\/\/partsandpieces.nl\/de\/produkt\/eckenschutz-messing-glanzend-45mm\/\" \/>\n<meta property=\"og:site_name\" content=\"Parts &amp; Pieces\" \/>\n<meta property=\"article:modified_time\" content=\"2026-03-20T15:03:20+00:00\" \/>\n<meta property=\"og:image\" content=\"https:\/\/partsandpieces.nl\/wp-content\/uploads\/2022\/02\/Hoekbeschermer-messing-glanzend-45mm.jpg\" \/>\n\t<meta property=\"og:image:width\" content=\"480\" \/>\n\t<meta property=\"og:image:height\" content=\"481\" \/>\n\t<meta property=\"og:image:type\" content=\"image\/jpeg\" \/>\n<meta name=\"twitter:card\" content=\"summary_large_image\" \/>\n<meta name=\"twitter:label1\" content=\"Gesch\u00e4tzte Lesezeit\" \/>\n\t<meta name=\"twitter:data1\" content=\"1\u00a0Minute\" \/>\n<script type=\"application\/ld+json\" class=\"yoast-schema-graph\">{\"@context\":\"https:\\\/\\\/schema.org\",\"@graph\":[{\"@type\":\"WebPage\",\"@id\":\"https:\\\/\\\/partsandpieces.nl\\\/product\\\/hoekbeschermer-messing-glanzend-45mm\\\/\",\"url\":\"https:\\\/\\\/partsandpieces.nl\\\/product\\\/hoekbeschermer-messing-glanzend-45mm\\\/\",\"name\":\"Hoekbeschermer messing glanzend 45mm\",\"isPartOf\":{\"@id\":\"https:\\\/\\\/partsandpieces.nl\\\/#website\"},\"primaryImageOfPage\":{\"@id\":\"https:\\\/\\\/partsandpieces.nl\\\/product\\\/hoekbeschermer-messing-glanzend-45mm\\\/#primaryimage\"},\"image\":{\"@id\":\"https:\\\/\\\/partsandpieces.nl\\\/product\\\/hoekbeschermer-messing-glanzend-45mm\\\/#primaryimage\"},\"thumbnailUrl\":\"https:\\\/\\\/partsandpieces.nl\\\/wp-content\\\/uploads\\\/2022\\\/02\\\/Hoekbeschermer-messing-glanzend-45mm.jpg\",\"datePublished\":\"2022-02-11T12:24:13+00:00\",\"dateModified\":\"2026-03-20T15:03:20+00:00\",\"description\":\"Hoekbeschermer messing glanzend 45mm is een 2 dimensionale hoekbeschermer met een glanzende messing finish. De hoekbeschermer is ongeveer 45x45mm groot.\",\"breadcrumb\":{\"@id\":\"https:\\\/\\\/partsandpieces.nl\\\/product\\\/hoekbeschermer-messing-glanzend-45mm\\\/#breadcrumb\"},\"inLanguage\":\"de\",\"potentialAction\":[{\"@type\":\"ReadAction\",\"target\":[\"https:\\\/\\\/partsandpieces.nl\\\/product\\\/hoekbeschermer-messing-glanzend-45mm\\\/\"]}]},{\"@type\":\"ImageObject\",\"inLanguage\":\"de\",\"@id\":\"https:\\\/\\\/partsandpieces.nl\\\/product\\\/hoekbeschermer-messing-glanzend-45mm\\\/#primaryimage\",\"url\":\"https:\\\/\\\/partsandpieces.nl\\\/wp-content\\\/uploads\\\/2022\\\/02\\\/Hoekbeschermer-messing-glanzend-45mm.jpg\",\"contentUrl\":\"https:\\\/\\\/partsandpieces.nl\\\/wp-content\\\/uploads\\\/2022\\\/02\\\/Hoekbeschermer-messing-glanzend-45mm.jpg\",\"width\":480,\"height\":481,\"caption\":\"Hoekbeschermer messing glanzend 45mm\"},{\"@type\":\"BreadcrumbList\",\"@id\":\"https:\\\/\\\/partsandpieces.nl\\\/product\\\/hoekbeschermer-messing-glanzend-45mm\\\/#breadcrumb\",\"itemListElement\":[{\"@type\":\"ListItem\",\"position\":1,\"name\":\"Home\",\"item\":\"https:\\\/\\\/partsandpieces.nl\\\/home\\\/\"},{\"@type\":\"ListItem\",\"position\":2,\"name\":\"Winkel\",\"item\":\"https:\\\/\\\/partsandpieces.nl\\\/winkel\\\/\"},{\"@type\":\"ListItem\",\"position\":3,\"name\":\"Hoekbeschermer Messing glanzend 45mm\"}]},{\"@type\":\"WebSite\",\"@id\":\"https:\\\/\\\/partsandpieces.nl\\\/#website\",\"url\":\"https:\\\/\\\/partsandpieces.nl\\\/\",\"name\":\"Parts &amp; Pieces\",\"description\":\"Alles voor uw meubelrestauratie en -onderhoud!\",\"potentialAction\":[{\"@type\":\"SearchAction\",\"target\":{\"@type\":\"EntryPoint\",\"urlTemplate\":\"https:\\\/\\\/partsandpieces.nl\\\/?s={search_term_string}\"},\"query-input\":{\"@type\":\"PropertyValueSpecification\",\"valueRequired\":true,\"valueName\":\"search_term_string\"}}],\"inLanguage\":\"de\"}]}<\/script>\n<!-- \/ Yoast SEO plugin. -->","yoast_head_json":{"title":"Kantenschutz Messing gl\u00e4nzend 45mm","description":"Eckenschutz Messing gl\u00e4nzend 45 mm ist ein 2-dimensionaler Eckenschutz mit gl\u00e4nzendem Messing-Finish. Der Kantenschutz ist ca. 45x45mm gro\u00df.","robots":{"index":"index","follow":"follow","max-snippet":"max-snippet:-1","max-image-preview":"max-image-preview:large","max-video-preview":"max-video-preview:-1"},"canonical":"https:\/\/partsandpieces.nl\/de\/produkt\/eckenschutz-messing-glanzend-45mm\/","og_locale":"de_DE","og_type":"article","og_title":"Hoekbeschermer messing glanzend 45mm","og_description":"Hoekbeschermer messing glanzend 45mm is een 2 dimensionale hoekbeschermer met een glanzende messing finish. De hoekbeschermer is ongeveer 45x45mm groot.","og_url":"https:\/\/partsandpieces.nl\/de\/produkt\/eckenschutz-messing-glanzend-45mm\/","og_site_name":"Parts &amp; Pieces","article_modified_time":"2026-03-20T15:03:20+00:00","og_image":[{"width":480,"height":481,"url":"https:\/\/partsandpieces.nl\/wp-content\/uploads\/2022\/02\/Hoekbeschermer-messing-glanzend-45mm.jpg","type":"image\/jpeg"}],"twitter_card":"summary_large_image","twitter_misc":{"Gesch\u00e4tzte Lesezeit":"1\u00a0Minute"},"schema":{"@context":"https:\/\/schema.org","@graph":[{"@type":"WebPage","@id":"https:\/\/partsandpieces.nl\/product\/hoekbeschermer-messing-glanzend-45mm\/","url":"https:\/\/partsandpieces.nl\/product\/hoekbeschermer-messing-glanzend-45mm\/","name":"Kantenschutz Messing gl\u00e4nzend 45mm","isPartOf":{"@id":"https:\/\/partsandpieces.nl\/#website"},"primaryImageOfPage":{"@id":"https:\/\/partsandpieces.nl\/product\/hoekbeschermer-messing-glanzend-45mm\/#primaryimage"},"image":{"@id":"https:\/\/partsandpieces.nl\/product\/hoekbeschermer-messing-glanzend-45mm\/#primaryimage"},"thumbnailUrl":"https:\/\/partsandpieces.nl\/wp-content\/uploads\/2022\/02\/Hoekbeschermer-messing-glanzend-45mm.jpg","datePublished":"2022-02-11T12:24:13+00:00","dateModified":"2026-03-20T15:03:20+00:00","description":"Eckenschutz Messing gl\u00e4nzend 45 mm ist ein 2-dimensionaler Eckenschutz mit gl\u00e4nzendem Messing-Finish. Der Kantenschutz ist ca. 45x45mm gro\u00df.","breadcrumb":{"@id":"https:\/\/partsandpieces.nl\/product\/hoekbeschermer-messing-glanzend-45mm\/#breadcrumb"},"inLanguage":"de","potentialAction":[{"@type":"ReadAction","target":["https:\/\/partsandpieces.nl\/product\/hoekbeschermer-messing-glanzend-45mm\/"]}]},{"@type":"ImageObject","inLanguage":"de","@id":"https:\/\/partsandpieces.nl\/product\/hoekbeschermer-messing-glanzend-45mm\/#primaryimage","url":"https:\/\/partsandpieces.nl\/wp-content\/uploads\/2022\/02\/Hoekbeschermer-messing-glanzend-45mm.jpg","contentUrl":"https:\/\/partsandpieces.nl\/wp-content\/uploads\/2022\/02\/Hoekbeschermer-messing-glanzend-45mm.jpg","width":480,"height":481,"caption":"Hoekbeschermer messing glanzend 45mm"},{"@type":"BreadcrumbList","@id":"https:\/\/partsandpieces.nl\/product\/hoekbeschermer-messing-glanzend-45mm\/#breadcrumb","itemListElement":[{"@type":"ListItem","position":1,"name":"Home","item":"https:\/\/partsandpieces.nl\/home\/"},{"@type":"ListItem","position":2,"name":"Winkel","item":"https:\/\/partsandpieces.nl\/winkel\/"},{"@type":"ListItem","position":3,"name":"Hoekbeschermer Messing glanzend 45mm"}]},{"@type":"WebSite","@id":"https:\/\/partsandpieces.nl\/#website","url":"https:\/\/partsandpieces.nl\/","name":"Teile &amp; St\u00fccke","description":"Alles f\u00fcr Ihre M\u00f6belrestaurierung und -pflege!","potentialAction":[{"@type":"SearchAction","target":{"@type":"EntryPoint","urlTemplate":"https:\/\/partsandpieces.nl\/?s={search_term_string}"},"query-input":{"@type":"PropertyValueSpecification","valueRequired":true,"valueName":"search_term_string"}}],"inLanguage":"de"}]}},"_links":{"self":[{"href":"https:\/\/partsandpieces.nl\/de\/wp-json\/wp\/v2\/product\/2480","targetHints":{"allow":["GET"]}}],"collection":[{"href":"https:\/\/partsandpieces.nl\/de\/wp-json\/wp\/v2\/product"}],"about":[{"href":"https:\/\/partsandpieces.nl\/de\/wp-json\/wp\/v2\/types\/product"}],"wp:featuredmedia":[{"embeddable":true,"href":"https:\/\/partsandpieces.nl\/de\/wp-json\/wp\/v2\/media\/5168"}],"wp:attachment":[{"href":"https:\/\/partsandpieces.nl\/de\/wp-json\/wp\/v2\/media?parent=2480"}],"wp:term":[{"taxonomy":"product_brand","embeddable":true,"href":"https:\/\/partsandpieces.nl\/de\/wp-json\/wp\/v2\/product_brand?post=2480"},{"taxonomy":"product_cat","embeddable":true,"href":"https:\/\/partsandpieces.nl\/de\/wp-json\/wp\/v2\/product_cat?post=2480"},{"taxonomy":"product_tag","embeddable":true,"href":"https:\/\/partsandpieces.nl\/de\/wp-json\/wp\/v2\/product_tag?post=2480"}],"curies":[{"name":"wp","href":"https:\/\/api.w.org\/{rel}","templated":true}]}}