{"id":2482,"date":"2022-02-11T13:26:45","date_gmt":"2022-02-11T13:26:45","guid":{"rendered":"https:\/\/partsandpieces.bonsaidev.nl\/?product=meubeldecoratie-plaatje-gegoten-messing-glans-strik-100x70mm"},"modified":"2024-11-26T12:04:36","modified_gmt":"2024-11-26T11:04:36","slug":"mobeldekoration-aus-massivem-messingguss-glanzende-schleife-100-x-70-mm","status":"publish","type":"product","link":"https:\/\/partsandpieces.nl\/de\/product\/meubeldecoratie-massief-messing-gegoten-glanzend-strik-100x70mm\/","title":{"rendered":"M\u00f6beldekoration massiver Messingguss gl\u00e4nzend Schleife 100x70mm"},"content":{"rendered":"<p><strong>M\u00f6beldekoration massiver Messingguss gl\u00e4nzend Schleife 100x70mm<\/strong> ist eine Dekoration zur Aufwertung Ihrer antiken M\u00f6bel. Die M\u00f6belapplikation besteht aus massivem Messing und hat eine sch\u00f6ne, gl\u00e4nzende Messingoberfl\u00e4che.<\/p>\n<p><strong>Ma\u00dfe<\/strong><br \/>\nM\u00f6beldekoration massiver Messingguss gl\u00e4nzend Bogen 100x70mm ist 100mm breit und 70mm hoch.<\/p>\n<p><strong>Bearbeiten<\/strong><br \/>\nSie k\u00f6nnen den Taster mit blind montieren\u00a0<span style=\"text-decoration: underline;\"><a href=\"https:\/\/partsandpieces.nl\/de\/produkt\/schraube-edelstahl-zur-blindmontage-von-mobelbeschlagen-45x4mm-20-stuck\/\">Edelstahlschraube zur Blindbefestigung von M\u00f6belbeschl\u00e4gen (45x4mm)<\/a><\/span>. Ich schicke diese Schraube\u00a0<strong>FREI<\/strong>\u00a0mit Ihrer Bestellung.<\/p>","protected":false},"excerpt":{"rendered":"<p>Meubeldecoratie massief Messing gegoten glanzend Strik 100x70mm is een decoratie om je antieke meubel meet te verfraaien. De meubelapplicatie is gemaakt van massief messing en heeft een mooie, glanzende messing finish. Afmetingen Meubeldecoratie massief Messing gegoten glanzend Strik 100x70mm is 100mm breed en 70mm hoog. Montage Je kunt de knop blind monteren met\u00a0Schroef RVS voor [&hellip;]<\/p>\n","protected":false},"featured_media":7651,"template":"","meta":{"_acf_changed":false},"product_brand":[],"product_cat":[27,23],"product_tag":[],"class_list":{"0":"post-2482","1":"product","2":"type-product","3":"status-publish","4":"has-post-thumbnail","6":"product_cat-decoratieve-plaatjes-en-rozetten","7":"product_cat-meubelbeslag","9":"first","10":"instock","11":"taxable","12":"shipping-taxable","13":"purchasable","14":"product-type-simple"},"acf":[],"yoast_head":"<!-- This site is optimized with the Yoast SEO plugin v27.3 - https:\/\/yoast.com\/product\/yoast-seo-wordpress\/ -->\n<title>Meubeldecoratie Messing glanzend Strik (100x70mm)<\/title>\n<meta name=\"description\" content=\"Meubeldecoratie massief Messing gegoten glanzend Strik 100x70mm is een decoratie om je antieke meubel meet te verfraaien. Heeft glanzende messing finish.\" \/>\n<meta name=\"robots\" content=\"index, follow, max-snippet:-1, max-image-preview:large, max-video-preview:-1\" \/>\n<link rel=\"canonical\" href=\"https:\/\/partsandpieces.nl\/de\/produkt\/mobeldekoration-aus-massivem-messingguss-glanzende-schleife-100-x-70-mm\/\" \/>\n<meta property=\"og:locale\" content=\"de_DE\" \/>\n<meta property=\"og:type\" content=\"article\" \/>\n<meta property=\"og:title\" content=\"Meubeldecoratie Messing glanzend Strik (100x70mm)\" \/>\n<meta property=\"og:description\" content=\"Meubeldecoratie massief Messing gegoten glanzend Strik 100x70mm is een decoratie om je antieke meubel meet te verfraaien. Heeft glanzende messing finish.\" \/>\n<meta property=\"og:url\" content=\"https:\/\/partsandpieces.nl\/de\/produkt\/mobeldekoration-aus-massivem-messingguss-glanzende-schleife-100-x-70-mm\/\" \/>\n<meta property=\"og:site_name\" content=\"Parts &amp; Pieces\" \/>\n<meta property=\"article:modified_time\" content=\"2024-11-26T11:04:36+00:00\" \/>\n<meta property=\"og:image\" content=\"https:\/\/partsandpieces.nl\/wp-content\/uploads\/2022\/02\/Meubeldecoratie-massief-Messing-gegoten-glanzend-Strik-100x70mm.jpg\" \/>\n\t<meta property=\"og:image:width\" content=\"409\" \/>\n\t<meta property=\"og:image:height\" content=\"409\" \/>\n\t<meta property=\"og:image:type\" content=\"image\/jpeg\" \/>\n<meta name=\"twitter:card\" content=\"summary_large_image\" \/>\n<meta name=\"twitter:label1\" content=\"Gesch\u00e4tzte Lesezeit\" \/>\n\t<meta name=\"twitter:data1\" content=\"1\u00a0Minute\" \/>\n<script type=\"application\/ld+json\" class=\"yoast-schema-graph\">{\"@context\":\"https:\\\/\\\/schema.org\",\"@graph\":[{\"@type\":\"WebPage\",\"@id\":\"https:\\\/\\\/partsandpieces.nl\\\/product\\\/meubeldecoratie-massief-messing-gegoten-glanzend-strik-100x70mm\\\/\",\"url\":\"https:\\\/\\\/partsandpieces.nl\\\/product\\\/meubeldecoratie-massief-messing-gegoten-glanzend-strik-100x70mm\\\/\",\"name\":\"Meubeldecoratie Messing glanzend Strik (100x70mm)\",\"isPartOf\":{\"@id\":\"https:\\\/\\\/partsandpieces.nl\\\/#website\"},\"primaryImageOfPage\":{\"@id\":\"https:\\\/\\\/partsandpieces.nl\\\/product\\\/meubeldecoratie-massief-messing-gegoten-glanzend-strik-100x70mm\\\/#primaryimage\"},\"image\":{\"@id\":\"https:\\\/\\\/partsandpieces.nl\\\/product\\\/meubeldecoratie-massief-messing-gegoten-glanzend-strik-100x70mm\\\/#primaryimage\"},\"thumbnailUrl\":\"https:\\\/\\\/partsandpieces.nl\\\/wp-content\\\/uploads\\\/2022\\\/02\\\/Meubeldecoratie-massief-Messing-gegoten-glanzend-Strik-100x70mm.jpg\",\"datePublished\":\"2022-02-11T13:26:45+00:00\",\"dateModified\":\"2024-11-26T11:04:36+00:00\",\"description\":\"Meubeldecoratie massief Messing gegoten glanzend Strik 100x70mm is een decoratie om je antieke meubel meet te verfraaien. Heeft glanzende messing finish.\",\"breadcrumb\":{\"@id\":\"https:\\\/\\\/partsandpieces.nl\\\/product\\\/meubeldecoratie-massief-messing-gegoten-glanzend-strik-100x70mm\\\/#breadcrumb\"},\"inLanguage\":\"de\",\"potentialAction\":[{\"@type\":\"ReadAction\",\"target\":[\"https:\\\/\\\/partsandpieces.nl\\\/product\\\/meubeldecoratie-massief-messing-gegoten-glanzend-strik-100x70mm\\\/\"]}]},{\"@type\":\"ImageObject\",\"inLanguage\":\"de\",\"@id\":\"https:\\\/\\\/partsandpieces.nl\\\/product\\\/meubeldecoratie-massief-messing-gegoten-glanzend-strik-100x70mm\\\/#primaryimage\",\"url\":\"https:\\\/\\\/partsandpieces.nl\\\/wp-content\\\/uploads\\\/2022\\\/02\\\/Meubeldecoratie-massief-Messing-gegoten-glanzend-Strik-100x70mm.jpg\",\"contentUrl\":\"https:\\\/\\\/partsandpieces.nl\\\/wp-content\\\/uploads\\\/2022\\\/02\\\/Meubeldecoratie-massief-Messing-gegoten-glanzend-Strik-100x70mm.jpg\",\"width\":409,\"height\":409,\"caption\":\"Meubeldecoratie massief Messing gegoten glanzend Strik 100x70mm\"},{\"@type\":\"BreadcrumbList\",\"@id\":\"https:\\\/\\\/partsandpieces.nl\\\/product\\\/meubeldecoratie-massief-messing-gegoten-glanzend-strik-100x70mm\\\/#breadcrumb\",\"itemListElement\":[{\"@type\":\"ListItem\",\"position\":1,\"name\":\"Home\",\"item\":\"https:\\\/\\\/partsandpieces.nl\\\/home\\\/\"},{\"@type\":\"ListItem\",\"position\":2,\"name\":\"Winkel\",\"item\":\"https:\\\/\\\/partsandpieces.nl\\\/winkel\\\/\"},{\"@type\":\"ListItem\",\"position\":3,\"name\":\"Meubeldecoratie massief Messing gegoten glanzend Strik 100x70mm\"}]},{\"@type\":\"WebSite\",\"@id\":\"https:\\\/\\\/partsandpieces.nl\\\/#website\",\"url\":\"https:\\\/\\\/partsandpieces.nl\\\/\",\"name\":\"Parts &amp; Pieces\",\"description\":\"Alles voor uw meubelrestauratie en -onderhoud!\",\"potentialAction\":[{\"@type\":\"SearchAction\",\"target\":{\"@type\":\"EntryPoint\",\"urlTemplate\":\"https:\\\/\\\/partsandpieces.nl\\\/?s={search_term_string}\"},\"query-input\":{\"@type\":\"PropertyValueSpecification\",\"valueRequired\":true,\"valueName\":\"search_term_string\"}}],\"inLanguage\":\"de\"}]}<\/script>\n<!-- \/ Yoast SEO plugin. -->","yoast_head_json":{"title":"M\u00f6beldekoration Schleife aus gl\u00e4nzendem Messing (100x70mm)","description":"M\u00f6beldekoration aus massivem Messingguss, gl\u00e4nzend, Schleife 100 x 70 mm ist eine Dekoration zur Versch\u00f6nerung Ihrer antiken M\u00f6bel. Hat eine gl\u00e4nzende Messingoberfl\u00e4che.","robots":{"index":"index","follow":"follow","max-snippet":"max-snippet:-1","max-image-preview":"max-image-preview:large","max-video-preview":"max-video-preview:-1"},"canonical":"https:\/\/partsandpieces.nl\/de\/produkt\/mobeldekoration-aus-massivem-messingguss-glanzende-schleife-100-x-70-mm\/","og_locale":"de_DE","og_type":"article","og_title":"Meubeldecoratie Messing glanzend Strik (100x70mm)","og_description":"Meubeldecoratie massief Messing gegoten glanzend Strik 100x70mm is een decoratie om je antieke meubel meet te verfraaien. Heeft glanzende messing finish.","og_url":"https:\/\/partsandpieces.nl\/de\/produkt\/mobeldekoration-aus-massivem-messingguss-glanzende-schleife-100-x-70-mm\/","og_site_name":"Parts &amp; Pieces","article_modified_time":"2024-11-26T11:04:36+00:00","og_image":[{"width":409,"height":409,"url":"https:\/\/partsandpieces.nl\/wp-content\/uploads\/2022\/02\/Meubeldecoratie-massief-Messing-gegoten-glanzend-Strik-100x70mm.jpg","type":"image\/jpeg"}],"twitter_card":"summary_large_image","twitter_misc":{"Gesch\u00e4tzte Lesezeit":"1\u00a0Minute"},"schema":{"@context":"https:\/\/schema.org","@graph":[{"@type":"WebPage","@id":"https:\/\/partsandpieces.nl\/product\/meubeldecoratie-massief-messing-gegoten-glanzend-strik-100x70mm\/","url":"https:\/\/partsandpieces.nl\/product\/meubeldecoratie-massief-messing-gegoten-glanzend-strik-100x70mm\/","name":"M\u00f6beldekoration Schleife aus gl\u00e4nzendem Messing (100x70mm)","isPartOf":{"@id":"https:\/\/partsandpieces.nl\/#website"},"primaryImageOfPage":{"@id":"https:\/\/partsandpieces.nl\/product\/meubeldecoratie-massief-messing-gegoten-glanzend-strik-100x70mm\/#primaryimage"},"image":{"@id":"https:\/\/partsandpieces.nl\/product\/meubeldecoratie-massief-messing-gegoten-glanzend-strik-100x70mm\/#primaryimage"},"thumbnailUrl":"https:\/\/partsandpieces.nl\/wp-content\/uploads\/2022\/02\/Meubeldecoratie-massief-Messing-gegoten-glanzend-Strik-100x70mm.jpg","datePublished":"2022-02-11T13:26:45+00:00","dateModified":"2024-11-26T11:04:36+00:00","description":"M\u00f6beldekoration aus massivem Messingguss, gl\u00e4nzend, Schleife 100 x 70 mm ist eine Dekoration zur Versch\u00f6nerung Ihrer antiken M\u00f6bel. Hat eine gl\u00e4nzende Messingoberfl\u00e4che.","breadcrumb":{"@id":"https:\/\/partsandpieces.nl\/product\/meubeldecoratie-massief-messing-gegoten-glanzend-strik-100x70mm\/#breadcrumb"},"inLanguage":"de","potentialAction":[{"@type":"ReadAction","target":["https:\/\/partsandpieces.nl\/product\/meubeldecoratie-massief-messing-gegoten-glanzend-strik-100x70mm\/"]}]},{"@type":"ImageObject","inLanguage":"de","@id":"https:\/\/partsandpieces.nl\/product\/meubeldecoratie-massief-messing-gegoten-glanzend-strik-100x70mm\/#primaryimage","url":"https:\/\/partsandpieces.nl\/wp-content\/uploads\/2022\/02\/Meubeldecoratie-massief-Messing-gegoten-glanzend-Strik-100x70mm.jpg","contentUrl":"https:\/\/partsandpieces.nl\/wp-content\/uploads\/2022\/02\/Meubeldecoratie-massief-Messing-gegoten-glanzend-Strik-100x70mm.jpg","width":409,"height":409,"caption":"Meubeldecoratie massief Messing gegoten glanzend Strik 100x70mm"},{"@type":"BreadcrumbList","@id":"https:\/\/partsandpieces.nl\/product\/meubeldecoratie-massief-messing-gegoten-glanzend-strik-100x70mm\/#breadcrumb","itemListElement":[{"@type":"ListItem","position":1,"name":"Home","item":"https:\/\/partsandpieces.nl\/home\/"},{"@type":"ListItem","position":2,"name":"Winkel","item":"https:\/\/partsandpieces.nl\/winkel\/"},{"@type":"ListItem","position":3,"name":"Meubeldecoratie massief Messing gegoten glanzend Strik 100x70mm"}]},{"@type":"WebSite","@id":"https:\/\/partsandpieces.nl\/#website","url":"https:\/\/partsandpieces.nl\/","name":"Teile &amp; St\u00fccke","description":"Alles f\u00fcr Ihre M\u00f6belrestaurierung und -pflege!","potentialAction":[{"@type":"SearchAction","target":{"@type":"EntryPoint","urlTemplate":"https:\/\/partsandpieces.nl\/?s={search_term_string}"},"query-input":{"@type":"PropertyValueSpecification","valueRequired":true,"valueName":"search_term_string"}}],"inLanguage":"de"}]}},"_links":{"self":[{"href":"https:\/\/partsandpieces.nl\/de\/wp-json\/wp\/v2\/product\/2482","targetHints":{"allow":["GET"]}}],"collection":[{"href":"https:\/\/partsandpieces.nl\/de\/wp-json\/wp\/v2\/product"}],"about":[{"href":"https:\/\/partsandpieces.nl\/de\/wp-json\/wp\/v2\/types\/product"}],"wp:featuredmedia":[{"embeddable":true,"href":"https:\/\/partsandpieces.nl\/de\/wp-json\/wp\/v2\/media\/7651"}],"wp:attachment":[{"href":"https:\/\/partsandpieces.nl\/de\/wp-json\/wp\/v2\/media?parent=2482"}],"wp:term":[{"taxonomy":"product_brand","embeddable":true,"href":"https:\/\/partsandpieces.nl\/de\/wp-json\/wp\/v2\/product_brand?post=2482"},{"taxonomy":"product_cat","embeddable":true,"href":"https:\/\/partsandpieces.nl\/de\/wp-json\/wp\/v2\/product_cat?post=2482"},{"taxonomy":"product_tag","embeddable":true,"href":"https:\/\/partsandpieces.nl\/de\/wp-json\/wp\/v2\/product_tag?post=2482"}],"curies":[{"name":"wp","href":"https:\/\/api.w.org\/{rel}","templated":true}]}}