{"id":2488,"date":"2022-02-14T10:01:22","date_gmt":"2022-02-14T10:01:22","guid":{"rendered":"https:\/\/partsandpieces.bonsaidev.nl\/?product=plamuurmes-met-houten-grip-4cm"},"modified":"2025-12-06T21:49:15","modified_gmt":"2025-12-06T20:49:15","slug":"veba-spachtelmesser-mit-holzgriff-4-cm","status":"publish","type":"product","link":"https:\/\/partsandpieces.nl\/de\/product\/veba-plamuurmes-met-houten-grip-4cm\/","title":{"rendered":"VEBA Spachtel mit Holzgriff (4cm)"},"content":{"rendered":"<p><strong>VEBA Spachtelmesser 4 cm breit<\/strong>\u00a0hat eine Klingenbreite von 4 cm und einen Holzgriff. Der Spachtel eignet sich zum F\u00fcllen von Unebenheiten im Holz <a href=\"https:\/\/partsandpieces.nl\/de\/produktkategorie-2\/oberflachenbehandlung-2\/flussiges-holz\/\"><span style=\"text-decoration: underline;\">Holzspachtel und Holzkitt<\/span><\/a>.<\/p>\n<p>Ich habe Spachtelmesser mit einer Breite von auf Lager <a href=\"https:\/\/partsandpieces.nl\/de\/produktkategorie-2\/sonstiges\/spachtelmesser\/\"><span style=\"text-decoration: underline;\">4cm, 6cm und 10cm<\/span><\/a>.<\/p>","protected":false},"excerpt":{"rendered":"<p>Das 4 cm breite Spachtelmesser von VEBA hat eine Klingenbreite von 4 cm und einen Holzgriff. Das Spachtelmesser eignet sich zum F\u00fcllen von Unebenheiten im Holz mit Holzspachtelmasse und Holzspachtelmasse. Ich habe Spachtelmesser in den Breiten 4cm, 6cm und 10cm auf Lager.<\/p>","protected":false},"featured_media":4649,"template":"","meta":{"_acf_changed":false},"product_brand":[],"product_cat":[93,130],"product_tag":[],"class_list":{"0":"post-2488","1":"product","2":"type-product","3":"status-publish","4":"has-post-thumbnail","6":"product_cat-diversen","7":"product_cat-plamuurmessen","9":"first","10":"instock","11":"taxable","12":"shipping-taxable","13":"purchasable","14":"product-type-simple"},"acf":[],"yoast_head":"<!-- This site is optimized with the Yoast SEO plugin v27.3 - https:\/\/yoast.com\/product\/yoast-seo-wordpress\/ -->\n<title>VEBA Plamuurmes 4cm breed met houten grip<\/title>\n<meta name=\"description\" content=\"VEBA Plamuurmes 4cm breed\u00a0heeft een bladbreedte van 4cm. Het plamuurmes is geschikt voor het vullen van oneffenheden in hout met houtvuller en houtplamuur.\" \/>\n<meta name=\"robots\" content=\"index, follow, max-snippet:-1, max-image-preview:large, max-video-preview:-1\" \/>\n<link rel=\"canonical\" href=\"https:\/\/partsandpieces.nl\/de\/produkt\/veba-spachtelmesser-mit-holzgriff-4-cm\/\" \/>\n<meta property=\"og:locale\" content=\"de_DE\" \/>\n<meta property=\"og:type\" content=\"article\" \/>\n<meta property=\"og:title\" content=\"VEBA Plamuurmes 4cm breed met houten grip\" \/>\n<meta property=\"og:description\" content=\"VEBA Plamuurmes 4cm breed\u00a0heeft een bladbreedte van 4cm. Het plamuurmes is geschikt voor het vullen van oneffenheden in hout met houtvuller en houtplamuur.\" \/>\n<meta property=\"og:url\" content=\"https:\/\/partsandpieces.nl\/de\/produkt\/veba-spachtelmesser-mit-holzgriff-4-cm\/\" \/>\n<meta property=\"og:site_name\" content=\"Parts &amp; Pieces\" \/>\n<meta property=\"article:modified_time\" content=\"2025-12-06T20:49:15+00:00\" \/>\n<meta property=\"og:image\" content=\"https:\/\/partsandpieces.nl\/wp-content\/uploads\/2022\/02\/VEBA-plamuurmes-4cm.jpg\" \/>\n\t<meta property=\"og:image:width\" content=\"438\" \/>\n\t<meta property=\"og:image:height\" content=\"438\" \/>\n\t<meta property=\"og:image:type\" content=\"image\/jpeg\" \/>\n<meta name=\"twitter:card\" content=\"summary_large_image\" \/>\n<meta name=\"twitter:label1\" content=\"Gesch\u00e4tzte Lesezeit\" \/>\n\t<meta name=\"twitter:data1\" content=\"1\u00a0Minute\" \/>\n<script type=\"application\/ld+json\" class=\"yoast-schema-graph\">{\"@context\":\"https:\\\/\\\/schema.org\",\"@graph\":[{\"@type\":\"WebPage\",\"@id\":\"https:\\\/\\\/partsandpieces.nl\\\/product\\\/veba-plamuurmes-met-houten-grip-4cm\\\/\",\"url\":\"https:\\\/\\\/partsandpieces.nl\\\/product\\\/veba-plamuurmes-met-houten-grip-4cm\\\/\",\"name\":\"VEBA Plamuurmes 4cm breed met houten grip\",\"isPartOf\":{\"@id\":\"https:\\\/\\\/partsandpieces.nl\\\/#website\"},\"primaryImageOfPage\":{\"@id\":\"https:\\\/\\\/partsandpieces.nl\\\/product\\\/veba-plamuurmes-met-houten-grip-4cm\\\/#primaryimage\"},\"image\":{\"@id\":\"https:\\\/\\\/partsandpieces.nl\\\/product\\\/veba-plamuurmes-met-houten-grip-4cm\\\/#primaryimage\"},\"thumbnailUrl\":\"https:\\\/\\\/partsandpieces.nl\\\/wp-content\\\/uploads\\\/2022\\\/02\\\/VEBA-plamuurmes-4cm.jpg\",\"datePublished\":\"2022-02-14T10:01:22+00:00\",\"dateModified\":\"2025-12-06T20:49:15+00:00\",\"description\":\"VEBA Plamuurmes 4cm breed\u00a0heeft een bladbreedte van 4cm. Het plamuurmes is geschikt voor het vullen van oneffenheden in hout met houtvuller en houtplamuur.\",\"breadcrumb\":{\"@id\":\"https:\\\/\\\/partsandpieces.nl\\\/product\\\/veba-plamuurmes-met-houten-grip-4cm\\\/#breadcrumb\"},\"inLanguage\":\"de\",\"potentialAction\":[{\"@type\":\"ReadAction\",\"target\":[\"https:\\\/\\\/partsandpieces.nl\\\/product\\\/veba-plamuurmes-met-houten-grip-4cm\\\/\"]}]},{\"@type\":\"ImageObject\",\"inLanguage\":\"de\",\"@id\":\"https:\\\/\\\/partsandpieces.nl\\\/product\\\/veba-plamuurmes-met-houten-grip-4cm\\\/#primaryimage\",\"url\":\"https:\\\/\\\/partsandpieces.nl\\\/wp-content\\\/uploads\\\/2022\\\/02\\\/VEBA-plamuurmes-4cm.jpg\",\"contentUrl\":\"https:\\\/\\\/partsandpieces.nl\\\/wp-content\\\/uploads\\\/2022\\\/02\\\/VEBA-plamuurmes-4cm.jpg\",\"width\":438,\"height\":438,\"caption\":\"VEBA plamuurmes 4cm\"},{\"@type\":\"BreadcrumbList\",\"@id\":\"https:\\\/\\\/partsandpieces.nl\\\/product\\\/veba-plamuurmes-met-houten-grip-4cm\\\/#breadcrumb\",\"itemListElement\":[{\"@type\":\"ListItem\",\"position\":1,\"name\":\"Home\",\"item\":\"https:\\\/\\\/partsandpieces.nl\\\/home\\\/\"},{\"@type\":\"ListItem\",\"position\":2,\"name\":\"Winkel\",\"item\":\"https:\\\/\\\/partsandpieces.nl\\\/winkel\\\/\"},{\"@type\":\"ListItem\",\"position\":3,\"name\":\"VEBA Plamuurmes met houten grip (4cm)\"}]},{\"@type\":\"WebSite\",\"@id\":\"https:\\\/\\\/partsandpieces.nl\\\/#website\",\"url\":\"https:\\\/\\\/partsandpieces.nl\\\/\",\"name\":\"Parts &amp; Pieces\",\"description\":\"Alles voor uw meubelrestauratie en -onderhoud!\",\"potentialAction\":[{\"@type\":\"SearchAction\",\"target\":{\"@type\":\"EntryPoint\",\"urlTemplate\":\"https:\\\/\\\/partsandpieces.nl\\\/?s={search_term_string}\"},\"query-input\":{\"@type\":\"PropertyValueSpecification\",\"valueRequired\":true,\"valueName\":\"search_term_string\"}}],\"inLanguage\":\"de\"}]}<\/script>\n<!-- \/ Yoast SEO plugin. -->","yoast_head_json":{"title":"VEBA Spachtelmesser 4 cm breit mit Holzgriff","description":"Das 4 cm breite VEBA Spachtelmesser hat eine Klingenbreite von 4 cm. Das Spachtelmesser eignet sich zum F\u00fcllen von Unebenheiten im Holz mit Holzspachtelmasse und Holzspachtelmasse.","robots":{"index":"index","follow":"follow","max-snippet":"max-snippet:-1","max-image-preview":"max-image-preview:large","max-video-preview":"max-video-preview:-1"},"canonical":"https:\/\/partsandpieces.nl\/de\/produkt\/veba-spachtelmesser-mit-holzgriff-4-cm\/","og_locale":"de_DE","og_type":"article","og_title":"VEBA Plamuurmes 4cm breed met houten grip","og_description":"VEBA Plamuurmes 4cm breed\u00a0heeft een bladbreedte van 4cm. Het plamuurmes is geschikt voor het vullen van oneffenheden in hout met houtvuller en houtplamuur.","og_url":"https:\/\/partsandpieces.nl\/de\/produkt\/veba-spachtelmesser-mit-holzgriff-4-cm\/","og_site_name":"Parts &amp; Pieces","article_modified_time":"2025-12-06T20:49:15+00:00","og_image":[{"width":438,"height":438,"url":"https:\/\/partsandpieces.nl\/wp-content\/uploads\/2022\/02\/VEBA-plamuurmes-4cm.jpg","type":"image\/jpeg"}],"twitter_card":"summary_large_image","twitter_misc":{"Gesch\u00e4tzte Lesezeit":"1\u00a0Minute"},"schema":{"@context":"https:\/\/schema.org","@graph":[{"@type":"WebPage","@id":"https:\/\/partsandpieces.nl\/product\/veba-plamuurmes-met-houten-grip-4cm\/","url":"https:\/\/partsandpieces.nl\/product\/veba-plamuurmes-met-houten-grip-4cm\/","name":"VEBA Spachtelmesser 4 cm breit mit Holzgriff","isPartOf":{"@id":"https:\/\/partsandpieces.nl\/#website"},"primaryImageOfPage":{"@id":"https:\/\/partsandpieces.nl\/product\/veba-plamuurmes-met-houten-grip-4cm\/#primaryimage"},"image":{"@id":"https:\/\/partsandpieces.nl\/product\/veba-plamuurmes-met-houten-grip-4cm\/#primaryimage"},"thumbnailUrl":"https:\/\/partsandpieces.nl\/wp-content\/uploads\/2022\/02\/VEBA-plamuurmes-4cm.jpg","datePublished":"2022-02-14T10:01:22+00:00","dateModified":"2025-12-06T20:49:15+00:00","description":"Das 4 cm breite VEBA Spachtelmesser hat eine Klingenbreite von 4 cm. Das Spachtelmesser eignet sich zum F\u00fcllen von Unebenheiten im Holz mit Holzspachtelmasse und Holzspachtelmasse.","breadcrumb":{"@id":"https:\/\/partsandpieces.nl\/product\/veba-plamuurmes-met-houten-grip-4cm\/#breadcrumb"},"inLanguage":"de","potentialAction":[{"@type":"ReadAction","target":["https:\/\/partsandpieces.nl\/product\/veba-plamuurmes-met-houten-grip-4cm\/"]}]},{"@type":"ImageObject","inLanguage":"de","@id":"https:\/\/partsandpieces.nl\/product\/veba-plamuurmes-met-houten-grip-4cm\/#primaryimage","url":"https:\/\/partsandpieces.nl\/wp-content\/uploads\/2022\/02\/VEBA-plamuurmes-4cm.jpg","contentUrl":"https:\/\/partsandpieces.nl\/wp-content\/uploads\/2022\/02\/VEBA-plamuurmes-4cm.jpg","width":438,"height":438,"caption":"VEBA plamuurmes 4cm"},{"@type":"BreadcrumbList","@id":"https:\/\/partsandpieces.nl\/product\/veba-plamuurmes-met-houten-grip-4cm\/#breadcrumb","itemListElement":[{"@type":"ListItem","position":1,"name":"Home","item":"https:\/\/partsandpieces.nl\/home\/"},{"@type":"ListItem","position":2,"name":"Winkel","item":"https:\/\/partsandpieces.nl\/winkel\/"},{"@type":"ListItem","position":3,"name":"VEBA Plamuurmes met houten grip (4cm)"}]},{"@type":"WebSite","@id":"https:\/\/partsandpieces.nl\/#website","url":"https:\/\/partsandpieces.nl\/","name":"Teile &amp; St\u00fccke","description":"Alles f\u00fcr Ihre M\u00f6belrestaurierung und -pflege!","potentialAction":[{"@type":"SearchAction","target":{"@type":"EntryPoint","urlTemplate":"https:\/\/partsandpieces.nl\/?s={search_term_string}"},"query-input":{"@type":"PropertyValueSpecification","valueRequired":true,"valueName":"search_term_string"}}],"inLanguage":"de"}]}},"_links":{"self":[{"href":"https:\/\/partsandpieces.nl\/de\/wp-json\/wp\/v2\/product\/2488","targetHints":{"allow":["GET"]}}],"collection":[{"href":"https:\/\/partsandpieces.nl\/de\/wp-json\/wp\/v2\/product"}],"about":[{"href":"https:\/\/partsandpieces.nl\/de\/wp-json\/wp\/v2\/types\/product"}],"wp:featuredmedia":[{"embeddable":true,"href":"https:\/\/partsandpieces.nl\/de\/wp-json\/wp\/v2\/media\/4649"}],"wp:attachment":[{"href":"https:\/\/partsandpieces.nl\/de\/wp-json\/wp\/v2\/media?parent=2488"}],"wp:term":[{"taxonomy":"product_brand","embeddable":true,"href":"https:\/\/partsandpieces.nl\/de\/wp-json\/wp\/v2\/product_brand?post=2488"},{"taxonomy":"product_cat","embeddable":true,"href":"https:\/\/partsandpieces.nl\/de\/wp-json\/wp\/v2\/product_cat?post=2488"},{"taxonomy":"product_tag","embeddable":true,"href":"https:\/\/partsandpieces.nl\/de\/wp-json\/wp\/v2\/product_tag?post=2488"}],"curies":[{"name":"wp","href":"https:\/\/api.w.org\/{rel}","templated":true}]}}