{"id":2496,"date":"2022-02-14T15:43:21","date_gmt":"2022-02-14T15:43:21","guid":{"rendered":"https:\/\/partsandpieces.bonsaidev.nl\/?product=windhaak-ijzer-geroest-inclusief-oog-24x100mm"},"modified":"2025-09-05T09:38:03","modified_gmt":"2025-09-05T07:38:03","slug":"windhaken-eisen-verrostet-inkl-ose-100mm","status":"publish","type":"product","link":"https:\/\/partsandpieces.nl\/de\/product\/windhaak-ijzer-geroest-inclusief-oog-100mm\/","title":{"rendered":"Windhaken Eisen verrostet inklusive \u00d6se 100mm"},"content":{"rendered":"<p><strong>Windhaken Eisen verrostet inklusive \u00d6se 100mm<\/strong> ist ein Windhaken, um Ihr Fenster leicht zu \u00f6ffnen. Der Haken besteht aus Eisen mit Rostfinish. Bitte beachten: Markierungen!<\/p>\n<p><strong>Ma\u00dfe<br \/>\n<\/strong>Abmessungen: L\u00e4nge: 100 mm, H\u00f6he: 24 mm<\/p>\n<p><strong>Bearbeiten<br \/>\n<\/strong>Ich liefere Ihnen den Windhaken inklusive der \u00d6sen zur Befestigung. Die L\u00e4nge der Augen betr\u00e4gt 40 mm.<\/p>","protected":false},"excerpt":{"rendered":"<p>Windhaak ijzer geroest inclusief oog 100mm is een windhaak om je raam mee op een kier te kunnen zetten. De haak is gemaakt van ijzer met een roest finish. Let op: geeft af! Afmetingen Afmetingen: lengte: 100mm, hoogte: 24mm Montage De windhaak lever ik je inclusief de oogjes om deze te bevestigen. De lengte van [&hellip;]<\/p>\n","protected":false},"featured_media":6893,"template":"","meta":{"_acf_changed":false},"product_brand":[],"product_cat":[58,62],"product_tag":[],"class_list":{"0":"post-2496","1":"product","2":"type-product","3":"status-publish","4":"has-post-thumbnail","6":"product_cat-deurbeslag","7":"product_cat-raamgrepen-en-sluiters","9":"first","10":"instock","11":"taxable","12":"shipping-taxable","13":"purchasable","14":"product-type-simple"},"acf":[],"yoast_head":"<!-- This site is optimized with the Yoast SEO plugin v27.3 - https:\/\/yoast.com\/product\/yoast-seo-wordpress\/ -->\n<title>Windhaak ijzer geroest 100mm<\/title>\n<meta name=\"description\" content=\"Windhaak ijzer geroest inclusief oog 100mm is een windhaak om je raam mee op een kier te kunnen zetten. De haak i gemaakt van ijzer met een roest finish.\" \/>\n<meta name=\"robots\" content=\"index, follow, max-snippet:-1, max-image-preview:large, max-video-preview:-1\" \/>\n<link rel=\"canonical\" href=\"https:\/\/partsandpieces.nl\/de\/produkt\/windhaken-eisen-verrostet-inkl-ose-100mm\/\" \/>\n<meta property=\"og:locale\" content=\"de_DE\" \/>\n<meta property=\"og:type\" content=\"article\" \/>\n<meta property=\"og:title\" content=\"Windhaak ijzer geroest 100mm\" \/>\n<meta property=\"og:description\" content=\"Windhaak ijzer geroest inclusief oog 100mm is een windhaak om je raam mee op een kier te kunnen zetten. De haak i gemaakt van ijzer met een roest finish.\" \/>\n<meta property=\"og:url\" content=\"https:\/\/partsandpieces.nl\/de\/produkt\/windhaken-eisen-verrostet-inkl-ose-100mm\/\" \/>\n<meta property=\"og:site_name\" content=\"Parts &amp; Pieces\" \/>\n<meta property=\"article:modified_time\" content=\"2025-09-05T07:38:03+00:00\" \/>\n<meta property=\"og:image\" content=\"https:\/\/partsandpieces.nl\/wp-content\/uploads\/2022\/02\/Windhaak-ijzer-geroest-inclusief-oog-100mm.jpg\" \/>\n\t<meta property=\"og:image:width\" content=\"443\" \/>\n\t<meta property=\"og:image:height\" content=\"444\" \/>\n\t<meta property=\"og:image:type\" content=\"image\/jpeg\" \/>\n<meta name=\"twitter:card\" content=\"summary_large_image\" \/>\n<meta name=\"twitter:label1\" content=\"Gesch\u00e4tzte Lesezeit\" \/>\n\t<meta name=\"twitter:data1\" content=\"1\u00a0Minute\" \/>\n<script type=\"application\/ld+json\" class=\"yoast-schema-graph\">{\"@context\":\"https:\\\/\\\/schema.org\",\"@graph\":[{\"@type\":\"WebPage\",\"@id\":\"https:\\\/\\\/partsandpieces.nl\\\/product\\\/windhaak-ijzer-geroest-inclusief-oog-100mm\\\/\",\"url\":\"https:\\\/\\\/partsandpieces.nl\\\/product\\\/windhaak-ijzer-geroest-inclusief-oog-100mm\\\/\",\"name\":\"Windhaak ijzer geroest 100mm\",\"isPartOf\":{\"@id\":\"https:\\\/\\\/partsandpieces.nl\\\/#website\"},\"primaryImageOfPage\":{\"@id\":\"https:\\\/\\\/partsandpieces.nl\\\/product\\\/windhaak-ijzer-geroest-inclusief-oog-100mm\\\/#primaryimage\"},\"image\":{\"@id\":\"https:\\\/\\\/partsandpieces.nl\\\/product\\\/windhaak-ijzer-geroest-inclusief-oog-100mm\\\/#primaryimage\"},\"thumbnailUrl\":\"https:\\\/\\\/partsandpieces.nl\\\/wp-content\\\/uploads\\\/2022\\\/02\\\/Windhaak-ijzer-geroest-inclusief-oog-100mm.jpg\",\"datePublished\":\"2022-02-14T15:43:21+00:00\",\"dateModified\":\"2025-09-05T07:38:03+00:00\",\"description\":\"Windhaak ijzer geroest inclusief oog 100mm is een windhaak om je raam mee op een kier te kunnen zetten. De haak i gemaakt van ijzer met een roest finish.\",\"breadcrumb\":{\"@id\":\"https:\\\/\\\/partsandpieces.nl\\\/product\\\/windhaak-ijzer-geroest-inclusief-oog-100mm\\\/#breadcrumb\"},\"inLanguage\":\"de\",\"potentialAction\":[{\"@type\":\"ReadAction\",\"target\":[\"https:\\\/\\\/partsandpieces.nl\\\/product\\\/windhaak-ijzer-geroest-inclusief-oog-100mm\\\/\"]}]},{\"@type\":\"ImageObject\",\"inLanguage\":\"de\",\"@id\":\"https:\\\/\\\/partsandpieces.nl\\\/product\\\/windhaak-ijzer-geroest-inclusief-oog-100mm\\\/#primaryimage\",\"url\":\"https:\\\/\\\/partsandpieces.nl\\\/wp-content\\\/uploads\\\/2022\\\/02\\\/Windhaak-ijzer-geroest-inclusief-oog-100mm.jpg\",\"contentUrl\":\"https:\\\/\\\/partsandpieces.nl\\\/wp-content\\\/uploads\\\/2022\\\/02\\\/Windhaak-ijzer-geroest-inclusief-oog-100mm.jpg\",\"width\":443,\"height\":444,\"caption\":\"Windhaak ijzer geroest inclusief oog 100mm\"},{\"@type\":\"BreadcrumbList\",\"@id\":\"https:\\\/\\\/partsandpieces.nl\\\/product\\\/windhaak-ijzer-geroest-inclusief-oog-100mm\\\/#breadcrumb\",\"itemListElement\":[{\"@type\":\"ListItem\",\"position\":1,\"name\":\"Home\",\"item\":\"https:\\\/\\\/partsandpieces.nl\\\/home\\\/\"},{\"@type\":\"ListItem\",\"position\":2,\"name\":\"Winkel\",\"item\":\"https:\\\/\\\/partsandpieces.nl\\\/winkel\\\/\"},{\"@type\":\"ListItem\",\"position\":3,\"name\":\"Windhaak ijzer geroest inclusief oog 100mm\"}]},{\"@type\":\"WebSite\",\"@id\":\"https:\\\/\\\/partsandpieces.nl\\\/#website\",\"url\":\"https:\\\/\\\/partsandpieces.nl\\\/\",\"name\":\"Parts &amp; Pieces\",\"description\":\"Alles voor uw meubelrestauratie en -onderhoud!\",\"potentialAction\":[{\"@type\":\"SearchAction\",\"target\":{\"@type\":\"EntryPoint\",\"urlTemplate\":\"https:\\\/\\\/partsandpieces.nl\\\/?s={search_term_string}\"},\"query-input\":{\"@type\":\"PropertyValueSpecification\",\"valueRequired\":true,\"valueName\":\"search_term_string\"}}],\"inLanguage\":\"de\"}]}<\/script>\n<!-- \/ Yoast SEO plugin. -->","yoast_head_json":{"title":"Windhaken Eisen verrostet 100mm","description":"Windhaken aus verrostetem Eisen inklusive \u00d6se 100 mm ist ein Windhaken zum \u00d6ffnen Ihres Fensters. Der Haken besteht aus Eisen mit Rostfinish.","robots":{"index":"index","follow":"follow","max-snippet":"max-snippet:-1","max-image-preview":"max-image-preview:large","max-video-preview":"max-video-preview:-1"},"canonical":"https:\/\/partsandpieces.nl\/de\/produkt\/windhaken-eisen-verrostet-inkl-ose-100mm\/","og_locale":"de_DE","og_type":"article","og_title":"Windhaak ijzer geroest 100mm","og_description":"Windhaak ijzer geroest inclusief oog 100mm is een windhaak om je raam mee op een kier te kunnen zetten. De haak i gemaakt van ijzer met een roest finish.","og_url":"https:\/\/partsandpieces.nl\/de\/produkt\/windhaken-eisen-verrostet-inkl-ose-100mm\/","og_site_name":"Parts &amp; Pieces","article_modified_time":"2025-09-05T07:38:03+00:00","og_image":[{"width":443,"height":444,"url":"https:\/\/partsandpieces.nl\/wp-content\/uploads\/2022\/02\/Windhaak-ijzer-geroest-inclusief-oog-100mm.jpg","type":"image\/jpeg"}],"twitter_card":"summary_large_image","twitter_misc":{"Gesch\u00e4tzte Lesezeit":"1\u00a0Minute"},"schema":{"@context":"https:\/\/schema.org","@graph":[{"@type":"WebPage","@id":"https:\/\/partsandpieces.nl\/product\/windhaak-ijzer-geroest-inclusief-oog-100mm\/","url":"https:\/\/partsandpieces.nl\/product\/windhaak-ijzer-geroest-inclusief-oog-100mm\/","name":"Windhaken Eisen verrostet 100mm","isPartOf":{"@id":"https:\/\/partsandpieces.nl\/#website"},"primaryImageOfPage":{"@id":"https:\/\/partsandpieces.nl\/product\/windhaak-ijzer-geroest-inclusief-oog-100mm\/#primaryimage"},"image":{"@id":"https:\/\/partsandpieces.nl\/product\/windhaak-ijzer-geroest-inclusief-oog-100mm\/#primaryimage"},"thumbnailUrl":"https:\/\/partsandpieces.nl\/wp-content\/uploads\/2022\/02\/Windhaak-ijzer-geroest-inclusief-oog-100mm.jpg","datePublished":"2022-02-14T15:43:21+00:00","dateModified":"2025-09-05T07:38:03+00:00","description":"Windhaken aus verrostetem Eisen inklusive \u00d6se 100 mm ist ein Windhaken zum \u00d6ffnen Ihres Fensters. Der Haken besteht aus Eisen mit Rostfinish.","breadcrumb":{"@id":"https:\/\/partsandpieces.nl\/product\/windhaak-ijzer-geroest-inclusief-oog-100mm\/#breadcrumb"},"inLanguage":"de","potentialAction":[{"@type":"ReadAction","target":["https:\/\/partsandpieces.nl\/product\/windhaak-ijzer-geroest-inclusief-oog-100mm\/"]}]},{"@type":"ImageObject","inLanguage":"de","@id":"https:\/\/partsandpieces.nl\/product\/windhaak-ijzer-geroest-inclusief-oog-100mm\/#primaryimage","url":"https:\/\/partsandpieces.nl\/wp-content\/uploads\/2022\/02\/Windhaak-ijzer-geroest-inclusief-oog-100mm.jpg","contentUrl":"https:\/\/partsandpieces.nl\/wp-content\/uploads\/2022\/02\/Windhaak-ijzer-geroest-inclusief-oog-100mm.jpg","width":443,"height":444,"caption":"Windhaak ijzer geroest inclusief oog 100mm"},{"@type":"BreadcrumbList","@id":"https:\/\/partsandpieces.nl\/product\/windhaak-ijzer-geroest-inclusief-oog-100mm\/#breadcrumb","itemListElement":[{"@type":"ListItem","position":1,"name":"Home","item":"https:\/\/partsandpieces.nl\/home\/"},{"@type":"ListItem","position":2,"name":"Winkel","item":"https:\/\/partsandpieces.nl\/winkel\/"},{"@type":"ListItem","position":3,"name":"Windhaak ijzer geroest inclusief oog 100mm"}]},{"@type":"WebSite","@id":"https:\/\/partsandpieces.nl\/#website","url":"https:\/\/partsandpieces.nl\/","name":"Teile &amp; St\u00fccke","description":"Alles f\u00fcr Ihre M\u00f6belrestaurierung und -pflege!","potentialAction":[{"@type":"SearchAction","target":{"@type":"EntryPoint","urlTemplate":"https:\/\/partsandpieces.nl\/?s={search_term_string}"},"query-input":{"@type":"PropertyValueSpecification","valueRequired":true,"valueName":"search_term_string"}}],"inLanguage":"de"}]}},"_links":{"self":[{"href":"https:\/\/partsandpieces.nl\/de\/wp-json\/wp\/v2\/product\/2496","targetHints":{"allow":["GET"]}}],"collection":[{"href":"https:\/\/partsandpieces.nl\/de\/wp-json\/wp\/v2\/product"}],"about":[{"href":"https:\/\/partsandpieces.nl\/de\/wp-json\/wp\/v2\/types\/product"}],"wp:featuredmedia":[{"embeddable":true,"href":"https:\/\/partsandpieces.nl\/de\/wp-json\/wp\/v2\/media\/6893"}],"wp:attachment":[{"href":"https:\/\/partsandpieces.nl\/de\/wp-json\/wp\/v2\/media?parent=2496"}],"wp:term":[{"taxonomy":"product_brand","embeddable":true,"href":"https:\/\/partsandpieces.nl\/de\/wp-json\/wp\/v2\/product_brand?post=2496"},{"taxonomy":"product_cat","embeddable":true,"href":"https:\/\/partsandpieces.nl\/de\/wp-json\/wp\/v2\/product_cat?post=2496"},{"taxonomy":"product_tag","embeddable":true,"href":"https:\/\/partsandpieces.nl\/de\/wp-json\/wp\/v2\/product_tag?post=2496"}],"curies":[{"name":"wp","href":"https:\/\/api.w.org\/{rel}","templated":true}]}}