{"id":250,"date":"2020-07-10T12:23:28","date_gmt":"2020-07-10T12:23:28","guid":{"rendered":"https:\/\/partsandpieces.bonsaidev.nl\/?product=deco-plaat-165x50-mm"},"modified":"2025-10-09T10:33:52","modified_gmt":"2025-10-09T08:33:52","slug":"mobeldekoration-mann-in-kutsche-mit-2-engeln-165mm","status":"publish","type":"product","link":"https:\/\/partsandpieces.nl\/de\/product\/meubeldecoratie-man-in-wagen-met-2-engeltjes-165mm\/","title":{"rendered":"M\u00f6beldeko Mann im Auto mit 2 Engeln 165mm"},"content":{"rendered":"<p><strong>M\u00f6beldeko Mann im Auto mit 2 Engeln 165mm<\/strong> ist ein dekorativer Teller f\u00fcr Ihr klassisches oder antikes M\u00f6belst\u00fcck. Das Bild stellt einen r\u00f6mischen Mann in einem Streitwagen dar, begleitet von zwei Engeln. Die Dekoration besteht aus Zamak* und hat eine gl\u00e4nzende Messingoberfl\u00e4che.<\/p>\n<p>Diese hochwertige Dekoration wird in Italien hergestellt.<\/p>\n<p><strong>Ma\u00dfe<br \/>\n<\/strong>Der Dekomann im Streitwagen mit 2 Engeln 165mm hat eine Breite von 165mm und ist 50mm hoch.<\/p>\n<p><strong>Bearbeiten<br \/>\n<\/strong>Sie montieren die M\u00f6beldekoration mit 3 Schrauben. Ich liefere diese Schrauben NICHT.<\/p>\n<p>* Zamak ist eine Legierung mit Zink als Hauptbestandteil. Es hat einen relativ niedrigen Schmelzpunkt und ist leicht zu gie\u00dfen. Der Name ist ein Akronym, abgeleitet von den Anfangsbuchstaben der deutschen Bezeichnungen f\u00fcr die Metalle, aus denen sich der Werkstoff zusammensetzt: Zink, Aluminium, MAGnesium, Kupfer. Zamak wird in der Auto- und M\u00f6belindustrie f\u00fcr T\u00fcrgriffe, Griffe, Logos und Zierleisten verwendet. Es wird auch h\u00e4ufig als Ersatz f\u00fcr das giftige Blei verwendet.<\/p>","protected":false},"excerpt":{"rendered":"<p>Meubeldecoratie man in wagen met 2 engeltjes 165mm is een decoratief plaatje voor op je klassieke of antieke meubelstuk. De afbeelding stelt een Romeinse man in een wagen voor die wordt begeleid door 2 engeltjes. De decoratie is gemaakt van zamak* en heeft een glanzende messing finish. Deze kwalitatief uitstekende decoratie is gemaakt in Itali\u00eb. [&hellip;]<\/p>\n","protected":false},"featured_media":5246,"template":"","meta":{"_acf_changed":false},"product_brand":[],"product_cat":[27,23],"product_tag":[],"class_list":{"0":"post-250","1":"product","2":"type-product","3":"status-publish","4":"has-post-thumbnail","6":"product_cat-decoratieve-plaatjes-en-rozetten","7":"product_cat-meubelbeslag","9":"first","10":"instock","11":"taxable","12":"shipping-taxable","13":"purchasable","14":"product-type-simple"},"acf":[],"yoast_head":"<!-- This site is optimized with the Yoast SEO plugin v27.3 - https:\/\/yoast.com\/product\/yoast-seo-wordpress\/ -->\n<title>Meubeldecoratie man in wagen 165mm<\/title>\n<meta name=\"description\" content=\"Meubeldecoratie man in wagen met 2 engeltjes 165mm is een decoratief plaatje voor op je klassieke of antieke meubelstuk. Heeft een glanzende messing finish.\" \/>\n<meta name=\"robots\" content=\"index, follow, max-snippet:-1, max-image-preview:large, max-video-preview:-1\" \/>\n<link rel=\"canonical\" href=\"https:\/\/partsandpieces.nl\/de\/produkt\/mobeldekoration-mann-in-kutsche-mit-2-engeln-165mm\/\" \/>\n<meta property=\"og:locale\" content=\"de_DE\" \/>\n<meta property=\"og:type\" content=\"article\" \/>\n<meta property=\"og:title\" content=\"Meubeldecoratie man in wagen 165mm\" \/>\n<meta property=\"og:description\" content=\"Meubeldecoratie man in wagen met 2 engeltjes 165mm is een decoratief plaatje voor op je klassieke of antieke meubelstuk. Heeft een glanzende messing finish.\" \/>\n<meta property=\"og:url\" content=\"https:\/\/partsandpieces.nl\/de\/produkt\/mobeldekoration-mann-in-kutsche-mit-2-engeln-165mm\/\" \/>\n<meta property=\"og:site_name\" content=\"Parts &amp; Pieces\" \/>\n<meta property=\"article:modified_time\" content=\"2025-10-09T08:33:52+00:00\" \/>\n<meta property=\"og:image\" content=\"https:\/\/partsandpieces.nl\/wp-content\/uploads\/2020\/07\/Decoratie-man-in-wagen-met-2-engeltjes-165mm.jpg\" \/>\n\t<meta property=\"og:image:width\" content=\"480\" \/>\n\t<meta property=\"og:image:height\" content=\"480\" \/>\n\t<meta property=\"og:image:type\" content=\"image\/jpeg\" \/>\n<meta name=\"twitter:card\" content=\"summary_large_image\" \/>\n<meta name=\"twitter:label1\" content=\"Gesch\u00e4tzte Lesezeit\" \/>\n\t<meta name=\"twitter:data1\" content=\"1\u00a0Minute\" \/>\n<script type=\"application\/ld+json\" class=\"yoast-schema-graph\">{\"@context\":\"https:\\\/\\\/schema.org\",\"@graph\":[{\"@type\":\"WebPage\",\"@id\":\"https:\\\/\\\/partsandpieces.nl\\\/product\\\/meubeldecoratie-man-in-wagen-met-2-engeltjes-165mm\\\/\",\"url\":\"https:\\\/\\\/partsandpieces.nl\\\/product\\\/meubeldecoratie-man-in-wagen-met-2-engeltjes-165mm\\\/\",\"name\":\"Meubeldecoratie man in wagen 165mm\",\"isPartOf\":{\"@id\":\"https:\\\/\\\/partsandpieces.nl\\\/#website\"},\"primaryImageOfPage\":{\"@id\":\"https:\\\/\\\/partsandpieces.nl\\\/product\\\/meubeldecoratie-man-in-wagen-met-2-engeltjes-165mm\\\/#primaryimage\"},\"image\":{\"@id\":\"https:\\\/\\\/partsandpieces.nl\\\/product\\\/meubeldecoratie-man-in-wagen-met-2-engeltjes-165mm\\\/#primaryimage\"},\"thumbnailUrl\":\"https:\\\/\\\/partsandpieces.nl\\\/wp-content\\\/uploads\\\/2020\\\/07\\\/Decoratie-man-in-wagen-met-2-engeltjes-165mm.jpg\",\"datePublished\":\"2020-07-10T12:23:28+00:00\",\"dateModified\":\"2025-10-09T08:33:52+00:00\",\"description\":\"Meubeldecoratie man in wagen met 2 engeltjes 165mm is een decoratief plaatje voor op je klassieke of antieke meubelstuk. Heeft een glanzende messing finish.\",\"breadcrumb\":{\"@id\":\"https:\\\/\\\/partsandpieces.nl\\\/product\\\/meubeldecoratie-man-in-wagen-met-2-engeltjes-165mm\\\/#breadcrumb\"},\"inLanguage\":\"de\",\"potentialAction\":[{\"@type\":\"ReadAction\",\"target\":[\"https:\\\/\\\/partsandpieces.nl\\\/product\\\/meubeldecoratie-man-in-wagen-met-2-engeltjes-165mm\\\/\"]}]},{\"@type\":\"ImageObject\",\"inLanguage\":\"de\",\"@id\":\"https:\\\/\\\/partsandpieces.nl\\\/product\\\/meubeldecoratie-man-in-wagen-met-2-engeltjes-165mm\\\/#primaryimage\",\"url\":\"https:\\\/\\\/partsandpieces.nl\\\/wp-content\\\/uploads\\\/2020\\\/07\\\/Decoratie-man-in-wagen-met-2-engeltjes-165mm.jpg\",\"contentUrl\":\"https:\\\/\\\/partsandpieces.nl\\\/wp-content\\\/uploads\\\/2020\\\/07\\\/Decoratie-man-in-wagen-met-2-engeltjes-165mm.jpg\",\"width\":480,\"height\":480,\"caption\":\"Decoratie man in wagen met 2 engeltjes 165mm\"},{\"@type\":\"BreadcrumbList\",\"@id\":\"https:\\\/\\\/partsandpieces.nl\\\/product\\\/meubeldecoratie-man-in-wagen-met-2-engeltjes-165mm\\\/#breadcrumb\",\"itemListElement\":[{\"@type\":\"ListItem\",\"position\":1,\"name\":\"Home\",\"item\":\"https:\\\/\\\/partsandpieces.nl\\\/home\\\/\"},{\"@type\":\"ListItem\",\"position\":2,\"name\":\"Winkel\",\"item\":\"https:\\\/\\\/partsandpieces.nl\\\/winkel\\\/\"},{\"@type\":\"ListItem\",\"position\":3,\"name\":\"Meubeldecoratie man in wagen met 2 engeltjes 165mm\"}]},{\"@type\":\"WebSite\",\"@id\":\"https:\\\/\\\/partsandpieces.nl\\\/#website\",\"url\":\"https:\\\/\\\/partsandpieces.nl\\\/\",\"name\":\"Parts &amp; Pieces\",\"description\":\"Alles voor uw meubelrestauratie en -onderhoud!\",\"potentialAction\":[{\"@type\":\"SearchAction\",\"target\":{\"@type\":\"EntryPoint\",\"urlTemplate\":\"https:\\\/\\\/partsandpieces.nl\\\/?s={search_term_string}\"},\"query-input\":{\"@type\":\"PropertyValueSpecification\",\"valueRequired\":true,\"valueName\":\"search_term_string\"}}],\"inLanguage\":\"de\"}]}<\/script>\n<!-- \/ Yoast SEO plugin. -->","yoast_head_json":{"title":"M\u00f6beldekoration Mann im Auto 165mm","description":"M\u00f6beldekoration Mann in der Kutsche mit 2 Engeln 165 mm ist eine dekorative Platte f\u00fcr Ihr klassisches oder antikes M\u00f6belst\u00fcck. Hat eine gl\u00e4nzende Messingoberfl\u00e4che.","robots":{"index":"index","follow":"follow","max-snippet":"max-snippet:-1","max-image-preview":"max-image-preview:large","max-video-preview":"max-video-preview:-1"},"canonical":"https:\/\/partsandpieces.nl\/de\/produkt\/mobeldekoration-mann-in-kutsche-mit-2-engeln-165mm\/","og_locale":"de_DE","og_type":"article","og_title":"Meubeldecoratie man in wagen 165mm","og_description":"Meubeldecoratie man in wagen met 2 engeltjes 165mm is een decoratief plaatje voor op je klassieke of antieke meubelstuk. Heeft een glanzende messing finish.","og_url":"https:\/\/partsandpieces.nl\/de\/produkt\/mobeldekoration-mann-in-kutsche-mit-2-engeln-165mm\/","og_site_name":"Parts &amp; Pieces","article_modified_time":"2025-10-09T08:33:52+00:00","og_image":[{"width":480,"height":480,"url":"https:\/\/partsandpieces.nl\/wp-content\/uploads\/2020\/07\/Decoratie-man-in-wagen-met-2-engeltjes-165mm.jpg","type":"image\/jpeg"}],"twitter_card":"summary_large_image","twitter_misc":{"Gesch\u00e4tzte Lesezeit":"1\u00a0Minute"},"schema":{"@context":"https:\/\/schema.org","@graph":[{"@type":"WebPage","@id":"https:\/\/partsandpieces.nl\/product\/meubeldecoratie-man-in-wagen-met-2-engeltjes-165mm\/","url":"https:\/\/partsandpieces.nl\/product\/meubeldecoratie-man-in-wagen-met-2-engeltjes-165mm\/","name":"M\u00f6beldekoration Mann im Auto 165mm","isPartOf":{"@id":"https:\/\/partsandpieces.nl\/#website"},"primaryImageOfPage":{"@id":"https:\/\/partsandpieces.nl\/product\/meubeldecoratie-man-in-wagen-met-2-engeltjes-165mm\/#primaryimage"},"image":{"@id":"https:\/\/partsandpieces.nl\/product\/meubeldecoratie-man-in-wagen-met-2-engeltjes-165mm\/#primaryimage"},"thumbnailUrl":"https:\/\/partsandpieces.nl\/wp-content\/uploads\/2020\/07\/Decoratie-man-in-wagen-met-2-engeltjes-165mm.jpg","datePublished":"2020-07-10T12:23:28+00:00","dateModified":"2025-10-09T08:33:52+00:00","description":"M\u00f6beldekoration Mann in der Kutsche mit 2 Engeln 165 mm ist eine dekorative Platte f\u00fcr Ihr klassisches oder antikes M\u00f6belst\u00fcck. Hat eine gl\u00e4nzende Messingoberfl\u00e4che.","breadcrumb":{"@id":"https:\/\/partsandpieces.nl\/product\/meubeldecoratie-man-in-wagen-met-2-engeltjes-165mm\/#breadcrumb"},"inLanguage":"de","potentialAction":[{"@type":"ReadAction","target":["https:\/\/partsandpieces.nl\/product\/meubeldecoratie-man-in-wagen-met-2-engeltjes-165mm\/"]}]},{"@type":"ImageObject","inLanguage":"de","@id":"https:\/\/partsandpieces.nl\/product\/meubeldecoratie-man-in-wagen-met-2-engeltjes-165mm\/#primaryimage","url":"https:\/\/partsandpieces.nl\/wp-content\/uploads\/2020\/07\/Decoratie-man-in-wagen-met-2-engeltjes-165mm.jpg","contentUrl":"https:\/\/partsandpieces.nl\/wp-content\/uploads\/2020\/07\/Decoratie-man-in-wagen-met-2-engeltjes-165mm.jpg","width":480,"height":480,"caption":"Decoratie man in wagen met 2 engeltjes 165mm"},{"@type":"BreadcrumbList","@id":"https:\/\/partsandpieces.nl\/product\/meubeldecoratie-man-in-wagen-met-2-engeltjes-165mm\/#breadcrumb","itemListElement":[{"@type":"ListItem","position":1,"name":"Home","item":"https:\/\/partsandpieces.nl\/home\/"},{"@type":"ListItem","position":2,"name":"Winkel","item":"https:\/\/partsandpieces.nl\/winkel\/"},{"@type":"ListItem","position":3,"name":"Meubeldecoratie man in wagen met 2 engeltjes 165mm"}]},{"@type":"WebSite","@id":"https:\/\/partsandpieces.nl\/#website","url":"https:\/\/partsandpieces.nl\/","name":"Teile &amp; St\u00fccke","description":"Alles f\u00fcr Ihre M\u00f6belrestaurierung und -pflege!","potentialAction":[{"@type":"SearchAction","target":{"@type":"EntryPoint","urlTemplate":"https:\/\/partsandpieces.nl\/?s={search_term_string}"},"query-input":{"@type":"PropertyValueSpecification","valueRequired":true,"valueName":"search_term_string"}}],"inLanguage":"de"}]}},"_links":{"self":[{"href":"https:\/\/partsandpieces.nl\/de\/wp-json\/wp\/v2\/product\/250","targetHints":{"allow":["GET"]}}],"collection":[{"href":"https:\/\/partsandpieces.nl\/de\/wp-json\/wp\/v2\/product"}],"about":[{"href":"https:\/\/partsandpieces.nl\/de\/wp-json\/wp\/v2\/types\/product"}],"wp:featuredmedia":[{"embeddable":true,"href":"https:\/\/partsandpieces.nl\/de\/wp-json\/wp\/v2\/media\/5246"}],"wp:attachment":[{"href":"https:\/\/partsandpieces.nl\/de\/wp-json\/wp\/v2\/media?parent=250"}],"wp:term":[{"taxonomy":"product_brand","embeddable":true,"href":"https:\/\/partsandpieces.nl\/de\/wp-json\/wp\/v2\/product_brand?post=250"},{"taxonomy":"product_cat","embeddable":true,"href":"https:\/\/partsandpieces.nl\/de\/wp-json\/wp\/v2\/product_cat?post=250"},{"taxonomy":"product_tag","embeddable":true,"href":"https:\/\/partsandpieces.nl\/de\/wp-json\/wp\/v2\/product_tag?post=250"}],"curies":[{"name":"wp","href":"https:\/\/api.w.org\/{rel}","templated":true}]}}