{"id":2501,"date":"2022-02-15T10:22:22","date_gmt":"2022-02-15T10:22:22","guid":{"rendered":"https:\/\/partsandpieces.bonsaidev.nl\/?product=schuurpapier-op-rol-korrel-180-5-meter"},"modified":"2025-11-24T18:17:27","modified_gmt":"2025-11-24T17:17:27","slug":"schleifpapier-auf-rolle-kornung-p180-10-cm-x-5-meter","status":"publish","type":"product","link":"https:\/\/partsandpieces.nl\/de\/product\/schuurpapier-op-rol-korrel-p180-10cm-x-5meter\/","title":{"rendered":"Schleifpapier auf Rolle, K\u00f6rnung P180, 10 cm x 5 Meter"},"content":{"rendered":"<p><strong>Schleifpapier auf Rolle, K\u00f6rnung P180, 10 cm x 5 Meter<\/strong>\u00a0ist zum Schleifen von (unbehandeltem) Holz bestimmt. Ich habe Schleifpapier auf einer Rolle in den K\u00f6rnungen:\u00a0<span style=\"text-decoration: underline;\"><a href=\"https:\/\/partsandpieces.nl\/de\/produktkategorie-2\/sonstiges\/sandpapier\/\">P180, P150, P120, P100, P80 und P60<\/a><\/span>.<\/p>\n<p><strong>Von Hand schleifen<\/strong><br \/>\nEine Schleifmaschine ist eine L\u00f6sung f\u00fcr gro\u00dfe Fl\u00e4chen. F\u00fcr pr\u00e4zise Arbeiten oder kleine Ecken ist das Schleifen von Hand jedoch oft die beste L\u00f6sung.<\/p>\n<p><strong>Vorbereiten<\/strong><br \/>\nBevor Sie M\u00f6bel schleifen, ist es wichtig, dass Sie immer zuerst die alte Schicht entfernen. Dies kann mit dem Stripper Borma Wachs erfolgen. Anschlie\u00dfend ist es wichtig, die Oberfl\u00e4che fettfrei zu machen. Wenn Sie auf das Entfetten verzichten und direkt mit dem Schleifen beginnen, f\u00fcllt sich Ihr Schleifpapier schnell und Ihr Verbrauch ist deutlich h\u00f6her. Dar\u00fcber hinaus besteht die Gefahr, dass das Fett in die Oberfl\u00e4che hinein und nicht hinausgeschliffen wird, was zu einer holprigen Oberfl\u00e4che f\u00fchrt.<\/p>\n<p><strong>Grobheit<\/strong><br \/>\nDie unterschiedlichen K\u00f6rnungen des Schleifpapiers bestimmen die Oberfl\u00e4che des Holzes. Je niedriger die Nummer des Schleifpapiers, desto gr\u00f6ber ist die K\u00f6rnung. Die Bestimmung der K\u00f6rnung Ihres Schleifpapiers h\u00e4ngt stark von der Oberfl\u00e4che ab, die Sie schleifen m\u00f6chten. Schauen Sie sich die Oberfl\u00e4che genau an: Wie tief sind die Kratzer und wie glatt soll die Oberfl\u00e4che sein? Bestimmen Sie die K\u00f6rnung des Schleifpapiers anhand der Oberfl\u00e4che.<\/p>","protected":false},"excerpt":{"rendered":"<p>Schuurpapier op rol Korrel P180 10cm x 5meter\u00a0is bedoeld voor het schuren van (onbehandeld) hout. Ik heb schuurpapier op rol in de korrels:\u00a0P180, P150, P120, P100, P80 en P60. Schuren met de hand Voor grote oppervlakken is een schuurmachine een uitkomst. Echter voor nauwkeurig werk of kleine hoekjes zal met de hand schuren toch vaak [&hellip;]<\/p>\n","protected":false},"featured_media":8455,"template":"","meta":{"_acf_changed":false},"product_brand":[],"product_cat":[93,97],"product_tag":[],"class_list":{"0":"post-2501","1":"product","2":"type-product","3":"status-publish","4":"has-post-thumbnail","6":"product_cat-diversen","7":"product_cat-schuurpapier","9":"first","10":"instock","11":"taxable","12":"shipping-taxable","13":"purchasable","14":"product-type-simple"},"acf":[],"yoast_head":"<!-- This site is optimized with the Yoast SEO plugin v27.3 - https:\/\/yoast.com\/product\/yoast-seo-wordpress\/ -->\n<title>Schuurpapier op rol Korrel P180 10cm x 5meter<\/title>\n<meta name=\"description\" content=\"Schuurpapier op rol Korrel P180 10cm x 5meter\u00a0is bedoeld voor het schuren van (onbehandeld) hout. Ik heb de korrels:\u00a0P180, P150, P120, P100, P80 en P60.\" \/>\n<meta name=\"robots\" content=\"index, follow, max-snippet:-1, max-image-preview:large, max-video-preview:-1\" \/>\n<link rel=\"canonical\" href=\"https:\/\/partsandpieces.nl\/de\/produkt\/schleifpapier-auf-rolle-kornung-p180-10-cm-x-5-meter\/\" \/>\n<meta property=\"og:locale\" content=\"de_DE\" \/>\n<meta property=\"og:type\" content=\"article\" \/>\n<meta property=\"og:title\" content=\"Schuurpapier op rol Korrel P180 10cm x 5meter\" \/>\n<meta property=\"og:description\" content=\"Schuurpapier op rol Korrel P180 10cm x 5meter\u00a0is bedoeld voor het schuren van (onbehandeld) hout. Ik heb de korrels:\u00a0P180, P150, P120, P100, P80 en P60.\" \/>\n<meta property=\"og:url\" content=\"https:\/\/partsandpieces.nl\/de\/produkt\/schleifpapier-auf-rolle-kornung-p180-10-cm-x-5-meter\/\" \/>\n<meta property=\"og:site_name\" content=\"Parts &amp; Pieces\" \/>\n<meta property=\"article:modified_time\" content=\"2025-11-24T17:17:27+00:00\" \/>\n<meta property=\"og:image\" content=\"https:\/\/partsandpieces.nl\/wp-content\/uploads\/2022\/02\/Schuurpapier-op-rol-Korrel-P.jpg\" \/>\n\t<meta property=\"og:image:width\" content=\"411\" \/>\n\t<meta property=\"og:image:height\" content=\"410\" \/>\n\t<meta property=\"og:image:type\" content=\"image\/jpeg\" \/>\n<meta name=\"twitter:card\" content=\"summary_large_image\" \/>\n<meta name=\"twitter:label1\" content=\"Gesch\u00e4tzte Lesezeit\" \/>\n\t<meta name=\"twitter:data1\" content=\"2\u00a0Minuten\" \/>\n<script type=\"application\/ld+json\" class=\"yoast-schema-graph\">{\"@context\":\"https:\\\/\\\/schema.org\",\"@graph\":[{\"@type\":\"WebPage\",\"@id\":\"https:\\\/\\\/partsandpieces.nl\\\/product\\\/schuurpapier-op-rol-korrel-p180-10cm-x-5meter\\\/\",\"url\":\"https:\\\/\\\/partsandpieces.nl\\\/product\\\/schuurpapier-op-rol-korrel-p180-10cm-x-5meter\\\/\",\"name\":\"Schuurpapier op rol Korrel P180 10cm x 5meter\",\"isPartOf\":{\"@id\":\"https:\\\/\\\/partsandpieces.nl\\\/#website\"},\"primaryImageOfPage\":{\"@id\":\"https:\\\/\\\/partsandpieces.nl\\\/product\\\/schuurpapier-op-rol-korrel-p180-10cm-x-5meter\\\/#primaryimage\"},\"image\":{\"@id\":\"https:\\\/\\\/partsandpieces.nl\\\/product\\\/schuurpapier-op-rol-korrel-p180-10cm-x-5meter\\\/#primaryimage\"},\"thumbnailUrl\":\"https:\\\/\\\/partsandpieces.nl\\\/wp-content\\\/uploads\\\/2022\\\/02\\\/Schuurpapier-op-rol-Korrel-P.jpg\",\"datePublished\":\"2022-02-15T10:22:22+00:00\",\"dateModified\":\"2025-11-24T17:17:27+00:00\",\"description\":\"Schuurpapier op rol Korrel P180 10cm x 5meter\u00a0is bedoeld voor het schuren van (onbehandeld) hout. Ik heb de korrels:\u00a0P180, P150, P120, P100, P80 en P60.\",\"breadcrumb\":{\"@id\":\"https:\\\/\\\/partsandpieces.nl\\\/product\\\/schuurpapier-op-rol-korrel-p180-10cm-x-5meter\\\/#breadcrumb\"},\"inLanguage\":\"de\",\"potentialAction\":[{\"@type\":\"ReadAction\",\"target\":[\"https:\\\/\\\/partsandpieces.nl\\\/product\\\/schuurpapier-op-rol-korrel-p180-10cm-x-5meter\\\/\"]}]},{\"@type\":\"ImageObject\",\"inLanguage\":\"de\",\"@id\":\"https:\\\/\\\/partsandpieces.nl\\\/product\\\/schuurpapier-op-rol-korrel-p180-10cm-x-5meter\\\/#primaryimage\",\"url\":\"https:\\\/\\\/partsandpieces.nl\\\/wp-content\\\/uploads\\\/2022\\\/02\\\/Schuurpapier-op-rol-Korrel-P.jpg\",\"contentUrl\":\"https:\\\/\\\/partsandpieces.nl\\\/wp-content\\\/uploads\\\/2022\\\/02\\\/Schuurpapier-op-rol-Korrel-P.jpg\",\"width\":411,\"height\":410,\"caption\":\"Schuurpapier op rol Korrel P\"},{\"@type\":\"BreadcrumbList\",\"@id\":\"https:\\\/\\\/partsandpieces.nl\\\/product\\\/schuurpapier-op-rol-korrel-p180-10cm-x-5meter\\\/#breadcrumb\",\"itemListElement\":[{\"@type\":\"ListItem\",\"position\":1,\"name\":\"Home\",\"item\":\"https:\\\/\\\/partsandpieces.nl\\\/home\\\/\"},{\"@type\":\"ListItem\",\"position\":2,\"name\":\"Winkel\",\"item\":\"https:\\\/\\\/partsandpieces.nl\\\/winkel\\\/\"},{\"@type\":\"ListItem\",\"position\":3,\"name\":\"Schuurpapier op rol Korrel P180 10cm x 5meter\"}]},{\"@type\":\"WebSite\",\"@id\":\"https:\\\/\\\/partsandpieces.nl\\\/#website\",\"url\":\"https:\\\/\\\/partsandpieces.nl\\\/\",\"name\":\"Parts &amp; Pieces\",\"description\":\"Alles voor uw meubelrestauratie en -onderhoud!\",\"potentialAction\":[{\"@type\":\"SearchAction\",\"target\":{\"@type\":\"EntryPoint\",\"urlTemplate\":\"https:\\\/\\\/partsandpieces.nl\\\/?s={search_term_string}\"},\"query-input\":{\"@type\":\"PropertyValueSpecification\",\"valueRequired\":true,\"valueName\":\"search_term_string\"}}],\"inLanguage\":\"de\"}]}<\/script>\n<!-- \/ Yoast SEO plugin. -->","yoast_head_json":{"title":"Schleifpapier auf Rolle, K\u00f6rnung P180, 10 cm x 5 Meter","description":"Schleifpapier auf Rolle, K\u00f6rnung P180, 10 cm x 5 Meter, ist zum Schleifen von (unbehandeltem) Holz bestimmt. Ich habe die K\u00f6rnungen: P180, P150, P120, P100, P80 und P60.","robots":{"index":"index","follow":"follow","max-snippet":"max-snippet:-1","max-image-preview":"max-image-preview:large","max-video-preview":"max-video-preview:-1"},"canonical":"https:\/\/partsandpieces.nl\/de\/produkt\/schleifpapier-auf-rolle-kornung-p180-10-cm-x-5-meter\/","og_locale":"de_DE","og_type":"article","og_title":"Schuurpapier op rol Korrel P180 10cm x 5meter","og_description":"Schuurpapier op rol Korrel P180 10cm x 5meter\u00a0is bedoeld voor het schuren van (onbehandeld) hout. Ik heb de korrels:\u00a0P180, P150, P120, P100, P80 en P60.","og_url":"https:\/\/partsandpieces.nl\/de\/produkt\/schleifpapier-auf-rolle-kornung-p180-10-cm-x-5-meter\/","og_site_name":"Parts &amp; Pieces","article_modified_time":"2025-11-24T17:17:27+00:00","og_image":[{"width":411,"height":410,"url":"https:\/\/partsandpieces.nl\/wp-content\/uploads\/2022\/02\/Schuurpapier-op-rol-Korrel-P.jpg","type":"image\/jpeg"}],"twitter_card":"summary_large_image","twitter_misc":{"Gesch\u00e4tzte Lesezeit":"2\u00a0Minuten"},"schema":{"@context":"https:\/\/schema.org","@graph":[{"@type":"WebPage","@id":"https:\/\/partsandpieces.nl\/product\/schuurpapier-op-rol-korrel-p180-10cm-x-5meter\/","url":"https:\/\/partsandpieces.nl\/product\/schuurpapier-op-rol-korrel-p180-10cm-x-5meter\/","name":"Schleifpapier auf Rolle, K\u00f6rnung P180, 10 cm x 5 Meter","isPartOf":{"@id":"https:\/\/partsandpieces.nl\/#website"},"primaryImageOfPage":{"@id":"https:\/\/partsandpieces.nl\/product\/schuurpapier-op-rol-korrel-p180-10cm-x-5meter\/#primaryimage"},"image":{"@id":"https:\/\/partsandpieces.nl\/product\/schuurpapier-op-rol-korrel-p180-10cm-x-5meter\/#primaryimage"},"thumbnailUrl":"https:\/\/partsandpieces.nl\/wp-content\/uploads\/2022\/02\/Schuurpapier-op-rol-Korrel-P.jpg","datePublished":"2022-02-15T10:22:22+00:00","dateModified":"2025-11-24T17:17:27+00:00","description":"Schleifpapier auf Rolle, K\u00f6rnung P180, 10 cm x 5 Meter, ist zum Schleifen von (unbehandeltem) Holz bestimmt. Ich habe die K\u00f6rnungen: P180, P150, P120, P100, P80 und P60.","breadcrumb":{"@id":"https:\/\/partsandpieces.nl\/product\/schuurpapier-op-rol-korrel-p180-10cm-x-5meter\/#breadcrumb"},"inLanguage":"de","potentialAction":[{"@type":"ReadAction","target":["https:\/\/partsandpieces.nl\/product\/schuurpapier-op-rol-korrel-p180-10cm-x-5meter\/"]}]},{"@type":"ImageObject","inLanguage":"de","@id":"https:\/\/partsandpieces.nl\/product\/schuurpapier-op-rol-korrel-p180-10cm-x-5meter\/#primaryimage","url":"https:\/\/partsandpieces.nl\/wp-content\/uploads\/2022\/02\/Schuurpapier-op-rol-Korrel-P.jpg","contentUrl":"https:\/\/partsandpieces.nl\/wp-content\/uploads\/2022\/02\/Schuurpapier-op-rol-Korrel-P.jpg","width":411,"height":410,"caption":"Schuurpapier op rol Korrel P"},{"@type":"BreadcrumbList","@id":"https:\/\/partsandpieces.nl\/product\/schuurpapier-op-rol-korrel-p180-10cm-x-5meter\/#breadcrumb","itemListElement":[{"@type":"ListItem","position":1,"name":"Home","item":"https:\/\/partsandpieces.nl\/home\/"},{"@type":"ListItem","position":2,"name":"Winkel","item":"https:\/\/partsandpieces.nl\/winkel\/"},{"@type":"ListItem","position":3,"name":"Schuurpapier op rol Korrel P180 10cm x 5meter"}]},{"@type":"WebSite","@id":"https:\/\/partsandpieces.nl\/#website","url":"https:\/\/partsandpieces.nl\/","name":"Teile &amp; St\u00fccke","description":"Alles f\u00fcr Ihre M\u00f6belrestaurierung und -pflege!","potentialAction":[{"@type":"SearchAction","target":{"@type":"EntryPoint","urlTemplate":"https:\/\/partsandpieces.nl\/?s={search_term_string}"},"query-input":{"@type":"PropertyValueSpecification","valueRequired":true,"valueName":"search_term_string"}}],"inLanguage":"de"}]}},"_links":{"self":[{"href":"https:\/\/partsandpieces.nl\/de\/wp-json\/wp\/v2\/product\/2501","targetHints":{"allow":["GET"]}}],"collection":[{"href":"https:\/\/partsandpieces.nl\/de\/wp-json\/wp\/v2\/product"}],"about":[{"href":"https:\/\/partsandpieces.nl\/de\/wp-json\/wp\/v2\/types\/product"}],"wp:featuredmedia":[{"embeddable":true,"href":"https:\/\/partsandpieces.nl\/de\/wp-json\/wp\/v2\/media\/8455"}],"wp:attachment":[{"href":"https:\/\/partsandpieces.nl\/de\/wp-json\/wp\/v2\/media?parent=2501"}],"wp:term":[{"taxonomy":"product_brand","embeddable":true,"href":"https:\/\/partsandpieces.nl\/de\/wp-json\/wp\/v2\/product_brand?post=2501"},{"taxonomy":"product_cat","embeddable":true,"href":"https:\/\/partsandpieces.nl\/de\/wp-json\/wp\/v2\/product_cat?post=2501"},{"taxonomy":"product_tag","embeddable":true,"href":"https:\/\/partsandpieces.nl\/de\/wp-json\/wp\/v2\/product_tag?post=2501"}],"curies":[{"name":"wp","href":"https:\/\/api.w.org\/{rel}","templated":true}]}}