{"id":2511,"date":"2022-02-15T11:24:25","date_gmt":"2022-02-15T11:24:25","guid":{"rendered":"https:\/\/partsandpieces.bonsaidev.nl\/?product=meubel-plaatje-van-zamak-fontein-60x38mm"},"modified":"2025-07-28T11:19:25","modified_gmt":"2025-07-28T09:19:25","slug":"mobeldekoration-messing-antiker-brunnen-38x60mm","status":"publish","type":"product","link":"https:\/\/partsandpieces.nl\/de\/product\/meubeldecoratie-messing-antiek-fontein-38x60mm\/","title":{"rendered":"M\u00f6beldekoration Messing antiker Brunnen 38x60mm"},"content":{"rendered":"<p><strong>M\u00f6beldekoration Messing antiker Brunnen 38x60mm<\/strong> ist ein dekoratives Bild zur Versch\u00f6nerung Ihrer antiken M\u00f6bel. Die M\u00f6belapplikation besteht aus massivem Messing und hat ein sch\u00f6nes antikes Finish.<\/p>\n<p>Diese hochwertige M\u00f6beldekoration aus Messing wird in Italien hergestellt.<\/p>\n<p><strong>Ma\u00dfe<\/strong><br \/>\nM\u00f6beldekoration Messing antiker Brunnen 38x60mm ist 38mm breit und 60mm hoch.<\/p>\n<p><strong>Bearbeiten<\/strong><br \/>\nSie k\u00f6nnen die M\u00f6beldekoration mit zusammenbauen\u00a0<span style=\"text-decoration: underline;\"><a href=\"https:\/\/partsandpieces.nl\/de\/produkt\/schrauben-mit-rundkopf-antikbronze-mit-schlitz-2-x-14-mm\/\">Schraube Rundkopf Antik Bronze mit Schlitz (2x14mm)<\/a><\/span>. Ich schicke diese Schrauben\u00a0<strong>FREI<\/strong>\u00a0mit Ihrer Bestellung.<\/p>","protected":false},"excerpt":{"rendered":"<p>Meubeldecoratie Messing antiek Fontein 38x60mm is een decoratief plaatje om je antieke meubel meet te verfraaien. De meubelapplicatie is gemaakt van massief messing en heeft een mooie antieke finish. Deze kwalitatief uitstekende messing meubeldecoratie is gemaakt in Itali\u00eb. Afmetingen Meubeldecoratie Messing antiek Fontein 38x60mm is 38mm breed en 60mm hoog. Montage Je kunt de meubeldecoratie [&hellip;]<\/p>\n","protected":false},"featured_media":7196,"template":"","meta":{"_acf_changed":false},"product_brand":[],"product_cat":[27,23],"product_tag":[],"class_list":{"0":"post-2511","1":"product","2":"type-product","3":"status-publish","4":"has-post-thumbnail","6":"product_cat-decoratieve-plaatjes-en-rozetten","7":"product_cat-meubelbeslag","9":"first","10":"instock","11":"taxable","12":"shipping-taxable","13":"purchasable","14":"product-type-simple"},"acf":[],"yoast_head":"<!-- This site is optimized with the Yoast SEO plugin v27.3 - https:\/\/yoast.com\/product\/yoast-seo-wordpress\/ -->\n<title>Meubeldecoratie Messing antiek Fontein<\/title>\n<meta name=\"description\" content=\"Meubeldecoratie Messing antiek Fontein 38x60mm is een decoratief plaatje om je antieke meubel meet te verfraaien. Gemaakt van massief messing.\" \/>\n<meta name=\"robots\" content=\"index, follow, max-snippet:-1, max-image-preview:large, max-video-preview:-1\" \/>\n<link rel=\"canonical\" href=\"https:\/\/partsandpieces.nl\/de\/produkt\/mobeldekoration-messing-antiker-brunnen-38x60mm\/\" \/>\n<meta property=\"og:locale\" content=\"de_DE\" \/>\n<meta property=\"og:type\" content=\"article\" \/>\n<meta property=\"og:title\" content=\"Meubeldecoratie Messing antiek Fontein\" \/>\n<meta property=\"og:description\" content=\"Meubeldecoratie Messing antiek Fontein 38x60mm is een decoratief plaatje om je antieke meubel meet te verfraaien. Gemaakt van massief messing.\" \/>\n<meta property=\"og:url\" content=\"https:\/\/partsandpieces.nl\/de\/produkt\/mobeldekoration-messing-antiker-brunnen-38x60mm\/\" \/>\n<meta property=\"og:site_name\" content=\"Parts &amp; Pieces\" \/>\n<meta property=\"article:modified_time\" content=\"2025-07-28T09:19:25+00:00\" \/>\n<meta property=\"og:image\" content=\"https:\/\/partsandpieces.nl\/wp-content\/uploads\/2022\/02\/Meubeldecoratie-Messing-antiek-Fontein-38x60mm.jpg\" \/>\n\t<meta property=\"og:image:width\" content=\"390\" \/>\n\t<meta property=\"og:image:height\" content=\"390\" \/>\n\t<meta property=\"og:image:type\" content=\"image\/jpeg\" \/>\n<meta name=\"twitter:card\" content=\"summary_large_image\" \/>\n<meta name=\"twitter:label1\" content=\"Gesch\u00e4tzte Lesezeit\" \/>\n\t<meta name=\"twitter:data1\" content=\"1\u00a0Minute\" \/>\n<script type=\"application\/ld+json\" class=\"yoast-schema-graph\">{\"@context\":\"https:\\\/\\\/schema.org\",\"@graph\":[{\"@type\":\"WebPage\",\"@id\":\"https:\\\/\\\/partsandpieces.nl\\\/product\\\/meubeldecoratie-messing-antiek-fontein-38x60mm\\\/\",\"url\":\"https:\\\/\\\/partsandpieces.nl\\\/product\\\/meubeldecoratie-messing-antiek-fontein-38x60mm\\\/\",\"name\":\"Meubeldecoratie Messing antiek Fontein\",\"isPartOf\":{\"@id\":\"https:\\\/\\\/partsandpieces.nl\\\/#website\"},\"primaryImageOfPage\":{\"@id\":\"https:\\\/\\\/partsandpieces.nl\\\/product\\\/meubeldecoratie-messing-antiek-fontein-38x60mm\\\/#primaryimage\"},\"image\":{\"@id\":\"https:\\\/\\\/partsandpieces.nl\\\/product\\\/meubeldecoratie-messing-antiek-fontein-38x60mm\\\/#primaryimage\"},\"thumbnailUrl\":\"https:\\\/\\\/partsandpieces.nl\\\/wp-content\\\/uploads\\\/2022\\\/02\\\/Meubeldecoratie-Messing-antiek-Fontein-38x60mm.jpg\",\"datePublished\":\"2022-02-15T11:24:25+00:00\",\"dateModified\":\"2025-07-28T09:19:25+00:00\",\"description\":\"Meubeldecoratie Messing antiek Fontein 38x60mm is een decoratief plaatje om je antieke meubel meet te verfraaien. Gemaakt van massief messing.\",\"breadcrumb\":{\"@id\":\"https:\\\/\\\/partsandpieces.nl\\\/product\\\/meubeldecoratie-messing-antiek-fontein-38x60mm\\\/#breadcrumb\"},\"inLanguage\":\"de\",\"potentialAction\":[{\"@type\":\"ReadAction\",\"target\":[\"https:\\\/\\\/partsandpieces.nl\\\/product\\\/meubeldecoratie-messing-antiek-fontein-38x60mm\\\/\"]}]},{\"@type\":\"ImageObject\",\"inLanguage\":\"de\",\"@id\":\"https:\\\/\\\/partsandpieces.nl\\\/product\\\/meubeldecoratie-messing-antiek-fontein-38x60mm\\\/#primaryimage\",\"url\":\"https:\\\/\\\/partsandpieces.nl\\\/wp-content\\\/uploads\\\/2022\\\/02\\\/Meubeldecoratie-Messing-antiek-Fontein-38x60mm.jpg\",\"contentUrl\":\"https:\\\/\\\/partsandpieces.nl\\\/wp-content\\\/uploads\\\/2022\\\/02\\\/Meubeldecoratie-Messing-antiek-Fontein-38x60mm.jpg\",\"width\":390,\"height\":390,\"caption\":\"Meubeldecoratie Messing antiek Fontein 38x60mm\"},{\"@type\":\"BreadcrumbList\",\"@id\":\"https:\\\/\\\/partsandpieces.nl\\\/product\\\/meubeldecoratie-messing-antiek-fontein-38x60mm\\\/#breadcrumb\",\"itemListElement\":[{\"@type\":\"ListItem\",\"position\":1,\"name\":\"Home\",\"item\":\"https:\\\/\\\/partsandpieces.nl\\\/home\\\/\"},{\"@type\":\"ListItem\",\"position\":2,\"name\":\"Winkel\",\"item\":\"https:\\\/\\\/partsandpieces.nl\\\/winkel\\\/\"},{\"@type\":\"ListItem\",\"position\":3,\"name\":\"Meubeldecoratie Messing antiek Fontein 38x60mm\"}]},{\"@type\":\"WebSite\",\"@id\":\"https:\\\/\\\/partsandpieces.nl\\\/#website\",\"url\":\"https:\\\/\\\/partsandpieces.nl\\\/\",\"name\":\"Parts &amp; Pieces\",\"description\":\"Alles voor uw meubelrestauratie en -onderhoud!\",\"potentialAction\":[{\"@type\":\"SearchAction\",\"target\":{\"@type\":\"EntryPoint\",\"urlTemplate\":\"https:\\\/\\\/partsandpieces.nl\\\/?s={search_term_string}\"},\"query-input\":{\"@type\":\"PropertyValueSpecification\",\"valueRequired\":true,\"valueName\":\"search_term_string\"}}],\"inLanguage\":\"de\"}]}<\/script>\n<!-- \/ Yoast SEO plugin. -->","yoast_head_json":{"title":"M\u00f6beldekoration Messing antiker Brunnen","description":"M\u00f6beldekoration Messing antiker Brunnen 38x60mm ist ein dekoratives Bild zur Versch\u00f6nerung Ihrer antiken M\u00f6bel. Aus massivem Messing.","robots":{"index":"index","follow":"follow","max-snippet":"max-snippet:-1","max-image-preview":"max-image-preview:large","max-video-preview":"max-video-preview:-1"},"canonical":"https:\/\/partsandpieces.nl\/de\/produkt\/mobeldekoration-messing-antiker-brunnen-38x60mm\/","og_locale":"de_DE","og_type":"article","og_title":"Meubeldecoratie Messing antiek Fontein","og_description":"Meubeldecoratie Messing antiek Fontein 38x60mm is een decoratief plaatje om je antieke meubel meet te verfraaien. Gemaakt van massief messing.","og_url":"https:\/\/partsandpieces.nl\/de\/produkt\/mobeldekoration-messing-antiker-brunnen-38x60mm\/","og_site_name":"Parts &amp; Pieces","article_modified_time":"2025-07-28T09:19:25+00:00","og_image":[{"width":390,"height":390,"url":"https:\/\/partsandpieces.nl\/wp-content\/uploads\/2022\/02\/Meubeldecoratie-Messing-antiek-Fontein-38x60mm.jpg","type":"image\/jpeg"}],"twitter_card":"summary_large_image","twitter_misc":{"Gesch\u00e4tzte Lesezeit":"1\u00a0Minute"},"schema":{"@context":"https:\/\/schema.org","@graph":[{"@type":"WebPage","@id":"https:\/\/partsandpieces.nl\/product\/meubeldecoratie-messing-antiek-fontein-38x60mm\/","url":"https:\/\/partsandpieces.nl\/product\/meubeldecoratie-messing-antiek-fontein-38x60mm\/","name":"M\u00f6beldekoration Messing antiker Brunnen","isPartOf":{"@id":"https:\/\/partsandpieces.nl\/#website"},"primaryImageOfPage":{"@id":"https:\/\/partsandpieces.nl\/product\/meubeldecoratie-messing-antiek-fontein-38x60mm\/#primaryimage"},"image":{"@id":"https:\/\/partsandpieces.nl\/product\/meubeldecoratie-messing-antiek-fontein-38x60mm\/#primaryimage"},"thumbnailUrl":"https:\/\/partsandpieces.nl\/wp-content\/uploads\/2022\/02\/Meubeldecoratie-Messing-antiek-Fontein-38x60mm.jpg","datePublished":"2022-02-15T11:24:25+00:00","dateModified":"2025-07-28T09:19:25+00:00","description":"M\u00f6beldekoration Messing antiker Brunnen 38x60mm ist ein dekoratives Bild zur Versch\u00f6nerung Ihrer antiken M\u00f6bel. Aus massivem Messing.","breadcrumb":{"@id":"https:\/\/partsandpieces.nl\/product\/meubeldecoratie-messing-antiek-fontein-38x60mm\/#breadcrumb"},"inLanguage":"de","potentialAction":[{"@type":"ReadAction","target":["https:\/\/partsandpieces.nl\/product\/meubeldecoratie-messing-antiek-fontein-38x60mm\/"]}]},{"@type":"ImageObject","inLanguage":"de","@id":"https:\/\/partsandpieces.nl\/product\/meubeldecoratie-messing-antiek-fontein-38x60mm\/#primaryimage","url":"https:\/\/partsandpieces.nl\/wp-content\/uploads\/2022\/02\/Meubeldecoratie-Messing-antiek-Fontein-38x60mm.jpg","contentUrl":"https:\/\/partsandpieces.nl\/wp-content\/uploads\/2022\/02\/Meubeldecoratie-Messing-antiek-Fontein-38x60mm.jpg","width":390,"height":390,"caption":"Meubeldecoratie Messing antiek Fontein 38x60mm"},{"@type":"BreadcrumbList","@id":"https:\/\/partsandpieces.nl\/product\/meubeldecoratie-messing-antiek-fontein-38x60mm\/#breadcrumb","itemListElement":[{"@type":"ListItem","position":1,"name":"Home","item":"https:\/\/partsandpieces.nl\/home\/"},{"@type":"ListItem","position":2,"name":"Winkel","item":"https:\/\/partsandpieces.nl\/winkel\/"},{"@type":"ListItem","position":3,"name":"Meubeldecoratie Messing antiek Fontein 38x60mm"}]},{"@type":"WebSite","@id":"https:\/\/partsandpieces.nl\/#website","url":"https:\/\/partsandpieces.nl\/","name":"Teile &amp; St\u00fccke","description":"Alles f\u00fcr Ihre M\u00f6belrestaurierung und -pflege!","potentialAction":[{"@type":"SearchAction","target":{"@type":"EntryPoint","urlTemplate":"https:\/\/partsandpieces.nl\/?s={search_term_string}"},"query-input":{"@type":"PropertyValueSpecification","valueRequired":true,"valueName":"search_term_string"}}],"inLanguage":"de"}]}},"_links":{"self":[{"href":"https:\/\/partsandpieces.nl\/de\/wp-json\/wp\/v2\/product\/2511","targetHints":{"allow":["GET"]}}],"collection":[{"href":"https:\/\/partsandpieces.nl\/de\/wp-json\/wp\/v2\/product"}],"about":[{"href":"https:\/\/partsandpieces.nl\/de\/wp-json\/wp\/v2\/types\/product"}],"wp:featuredmedia":[{"embeddable":true,"href":"https:\/\/partsandpieces.nl\/de\/wp-json\/wp\/v2\/media\/7196"}],"wp:attachment":[{"href":"https:\/\/partsandpieces.nl\/de\/wp-json\/wp\/v2\/media?parent=2511"}],"wp:term":[{"taxonomy":"product_brand","embeddable":true,"href":"https:\/\/partsandpieces.nl\/de\/wp-json\/wp\/v2\/product_brand?post=2511"},{"taxonomy":"product_cat","embeddable":true,"href":"https:\/\/partsandpieces.nl\/de\/wp-json\/wp\/v2\/product_cat?post=2511"},{"taxonomy":"product_tag","embeddable":true,"href":"https:\/\/partsandpieces.nl\/de\/wp-json\/wp\/v2\/product_tag?post=2511"}],"curies":[{"name":"wp","href":"https:\/\/api.w.org\/{rel}","templated":true}]}}