{"id":2513,"date":"2022-02-15T11:33:29","date_gmt":"2022-02-15T11:33:29","guid":{"rendered":"https:\/\/partsandpieces.bonsaidev.nl\/?product=sleutelplaat-messing-antiek-gezichtje-met-ketting-105x69mm"},"modified":"2025-10-02T12:39:12","modified_gmt":"2025-10-02T10:39:12","slug":"schlusselschild-messing-glanzendes-gesicht-mit-kette-70x105mm","status":"publish","type":"product","link":"https:\/\/partsandpieces.nl\/de\/product\/sleutelplaat-messing-glanzend-gezicht-met-ketting-70x105mm\/","title":{"rendered":"Schl\u00fcsselschild Messing gl\u00e4nzend &#039;Gesicht mit Kette&#039; 70x105mm"},"content":{"rendered":"<p><strong>Schl\u00fcsselschild Messing gl\u00e4nzend &#039;Gesicht mit Kette&#039; 70x105mm<\/strong> ist ein gro\u00dfes Schl\u00fcsselschild f\u00fcr Ihre Schubladen- oder M\u00f6belt\u00fcren. Das Schl\u00fcsselschild hat eine gl\u00e4nzende Messingoberfl\u00e4che und ist aufwendig mit Wellen, einem Gesicht oben und einer Kette um das Schl\u00fcsselloch verziert. Die Schl\u00fcsselplatte besteht aus Zamak*.<\/p>\n<p><strong>Ma\u00dfe<br \/>\n<\/strong>Schl\u00fcsselschild \u201eGesicht mit Kette\u201c aus gl\u00e4nzendem Messing 70x105mm hat eine Breite von 70mm und eine H\u00f6he von 105mm. Die H\u00f6he des Schl\u00fcssellochs betr\u00e4gt 20 mm.<\/p>\n<p><strong>Bearbeiten<br \/>\n<\/strong>Sie k\u00f6nnen die Schl\u00fcsselplatte mit 3 kleinen Schrauben befestigen. Ich werde diese Schrauben NICHT mit Ihrer Bestellung verschicken.<\/p>\n<p>* Zamak ist eine Legierung mit Zink als Hauptbestandteil. Es hat einen relativ niedrigen Schmelzpunkt und ist leicht zu gie\u00dfen. Der Name ist ein Akronym, abgeleitet von den Anfangsbuchstaben der deutschen Bezeichnungen f\u00fcr die Metalle, aus denen sich der Werkstoff zusammensetzt: Zink, Aluminium, MAGnesium, Kupfer. Zamak wird in der Auto- und M\u00f6belindustrie f\u00fcr T\u00fcrgriffe, Griffe, Logos und Zierleisten verwendet. Es wird auch h\u00e4ufig als Ersatz f\u00fcr das giftige Blei verwendet.<\/p>","protected":false},"excerpt":{"rendered":"<p>Sleutelplaat Messing glanzend &#8216;Gezicht met ketting&#8217; 70x105mm is een grote sleutelplaat voor je lade- of meubeldeuren. De sleutelplaat heeft een glanzende messing afwerking en is uitbundig versierd met golven, een gezicht aan de bovenkant en een ketting rond het sleutelgat. De sleutelplaat is gemaakt van Zamak*. Afmetingen Sleutelplaat Messing glanzend &#8216;Gezicht met ketting&#8217; 70x105mm heeft [&hellip;]<\/p>\n","protected":false},"featured_media":7649,"template":"","meta":{"_acf_changed":false},"product_brand":[],"product_cat":[23,48],"product_tag":[],"class_list":{"0":"post-2513","1":"product","2":"type-product","3":"status-publish","4":"has-post-thumbnail","6":"product_cat-meubelbeslag","7":"product_cat-sleutelplaten","9":"first","10":"instock","11":"taxable","12":"shipping-taxable","13":"purchasable","14":"product-type-simple"},"acf":[],"yoast_head":"<!-- This site is optimized with the Yoast SEO plugin v27.3 - https:\/\/yoast.com\/product\/yoast-seo-wordpress\/ -->\n<title>Sleutelplaat Messing glanzend 70x105mm<\/title>\n<meta name=\"description\" content=\"Sleutelplaat Messing glanzend &#039;Gezicht met ketting&#039; 70x105mm heeft een glanzende messing afwerking en is versierd met golven, een gezicht en een ketting.\" \/>\n<meta name=\"robots\" content=\"index, follow, max-snippet:-1, max-image-preview:large, max-video-preview:-1\" \/>\n<link rel=\"canonical\" href=\"https:\/\/partsandpieces.nl\/de\/produkt\/schlusselschild-messing-glanzendes-gesicht-mit-kette-70x105mm\/\" \/>\n<meta property=\"og:locale\" content=\"de_DE\" \/>\n<meta property=\"og:type\" content=\"article\" \/>\n<meta property=\"og:title\" content=\"Sleutelplaat Messing glanzend 70x105mm\" \/>\n<meta property=\"og:description\" content=\"Sleutelplaat Messing glanzend &#039;Gezicht met ketting&#039; 70x105mm heeft een glanzende messing afwerking en is versierd met golven, een gezicht en een ketting.\" \/>\n<meta property=\"og:url\" content=\"https:\/\/partsandpieces.nl\/de\/produkt\/schlusselschild-messing-glanzendes-gesicht-mit-kette-70x105mm\/\" \/>\n<meta property=\"og:site_name\" content=\"Parts &amp; Pieces\" \/>\n<meta property=\"article:modified_time\" content=\"2025-10-02T10:39:12+00:00\" \/>\n<meta property=\"og:image\" content=\"https:\/\/partsandpieces.nl\/wp-content\/uploads\/2022\/02\/Sleutelplaat-Messing-glanzend-Gezicht-met-ketting-70x105mm.jpg\" \/>\n\t<meta property=\"og:image:width\" content=\"368\" \/>\n\t<meta property=\"og:image:height\" content=\"369\" \/>\n\t<meta property=\"og:image:type\" content=\"image\/jpeg\" \/>\n<meta name=\"twitter:card\" content=\"summary_large_image\" \/>\n<meta name=\"twitter:label1\" content=\"Gesch\u00e4tzte Lesezeit\" \/>\n\t<meta name=\"twitter:data1\" content=\"1\u00a0Minute\" \/>\n<script type=\"application\/ld+json\" class=\"yoast-schema-graph\">{\"@context\":\"https:\\\/\\\/schema.org\",\"@graph\":[{\"@type\":\"WebPage\",\"@id\":\"https:\\\/\\\/partsandpieces.nl\\\/product\\\/sleutelplaat-messing-glanzend-gezicht-met-ketting-70x105mm\\\/\",\"url\":\"https:\\\/\\\/partsandpieces.nl\\\/product\\\/sleutelplaat-messing-glanzend-gezicht-met-ketting-70x105mm\\\/\",\"name\":\"Sleutelplaat Messing glanzend 70x105mm\",\"isPartOf\":{\"@id\":\"https:\\\/\\\/partsandpieces.nl\\\/#website\"},\"primaryImageOfPage\":{\"@id\":\"https:\\\/\\\/partsandpieces.nl\\\/product\\\/sleutelplaat-messing-glanzend-gezicht-met-ketting-70x105mm\\\/#primaryimage\"},\"image\":{\"@id\":\"https:\\\/\\\/partsandpieces.nl\\\/product\\\/sleutelplaat-messing-glanzend-gezicht-met-ketting-70x105mm\\\/#primaryimage\"},\"thumbnailUrl\":\"https:\\\/\\\/partsandpieces.nl\\\/wp-content\\\/uploads\\\/2022\\\/02\\\/Sleutelplaat-Messing-glanzend-Gezicht-met-ketting-70x105mm.jpg\",\"datePublished\":\"2022-02-15T11:33:29+00:00\",\"dateModified\":\"2025-10-02T10:39:12+00:00\",\"description\":\"Sleutelplaat Messing glanzend 'Gezicht met ketting' 70x105mm heeft een glanzende messing afwerking en is versierd met golven, een gezicht en een ketting.\",\"breadcrumb\":{\"@id\":\"https:\\\/\\\/partsandpieces.nl\\\/product\\\/sleutelplaat-messing-glanzend-gezicht-met-ketting-70x105mm\\\/#breadcrumb\"},\"inLanguage\":\"de\",\"potentialAction\":[{\"@type\":\"ReadAction\",\"target\":[\"https:\\\/\\\/partsandpieces.nl\\\/product\\\/sleutelplaat-messing-glanzend-gezicht-met-ketting-70x105mm\\\/\"]}]},{\"@type\":\"ImageObject\",\"inLanguage\":\"de\",\"@id\":\"https:\\\/\\\/partsandpieces.nl\\\/product\\\/sleutelplaat-messing-glanzend-gezicht-met-ketting-70x105mm\\\/#primaryimage\",\"url\":\"https:\\\/\\\/partsandpieces.nl\\\/wp-content\\\/uploads\\\/2022\\\/02\\\/Sleutelplaat-Messing-glanzend-Gezicht-met-ketting-70x105mm.jpg\",\"contentUrl\":\"https:\\\/\\\/partsandpieces.nl\\\/wp-content\\\/uploads\\\/2022\\\/02\\\/Sleutelplaat-Messing-glanzend-Gezicht-met-ketting-70x105mm.jpg\",\"width\":368,\"height\":369,\"caption\":\"Sleutelplaat Messing glanzend 'Gezicht met ketting' 70x105mm\"},{\"@type\":\"BreadcrumbList\",\"@id\":\"https:\\\/\\\/partsandpieces.nl\\\/product\\\/sleutelplaat-messing-glanzend-gezicht-met-ketting-70x105mm\\\/#breadcrumb\",\"itemListElement\":[{\"@type\":\"ListItem\",\"position\":1,\"name\":\"Home\",\"item\":\"https:\\\/\\\/partsandpieces.nl\\\/home\\\/\"},{\"@type\":\"ListItem\",\"position\":2,\"name\":\"Winkel\",\"item\":\"https:\\\/\\\/partsandpieces.nl\\\/winkel\\\/\"},{\"@type\":\"ListItem\",\"position\":3,\"name\":\"Sleutelplaat Messing glanzend &#8216;Gezicht met ketting&#8217; 70x105mm\"}]},{\"@type\":\"WebSite\",\"@id\":\"https:\\\/\\\/partsandpieces.nl\\\/#website\",\"url\":\"https:\\\/\\\/partsandpieces.nl\\\/\",\"name\":\"Parts &amp; Pieces\",\"description\":\"Alles voor uw meubelrestauratie en -onderhoud!\",\"potentialAction\":[{\"@type\":\"SearchAction\",\"target\":{\"@type\":\"EntryPoint\",\"urlTemplate\":\"https:\\\/\\\/partsandpieces.nl\\\/?s={search_term_string}\"},\"query-input\":{\"@type\":\"PropertyValueSpecification\",\"valueRequired\":true,\"valueName\":\"search_term_string\"}}],\"inLanguage\":\"de\"}]}<\/script>\n<!-- \/ Yoast SEO plugin. -->","yoast_head_json":{"title":"Schl\u00fcsselplatte Messing gl\u00e4nzend 70x105mm","description":"Das Schl\u00fcsselschild \u201eGesicht mit Kette\u201c aus gl\u00e4nzendem Messing (70 x 105 mm) hat eine gl\u00e4nzende Messingoberfl\u00e4che und ist mit Wellen, einem Gesicht und einer Kette verziert.","robots":{"index":"index","follow":"follow","max-snippet":"max-snippet:-1","max-image-preview":"max-image-preview:large","max-video-preview":"max-video-preview:-1"},"canonical":"https:\/\/partsandpieces.nl\/de\/produkt\/schlusselschild-messing-glanzendes-gesicht-mit-kette-70x105mm\/","og_locale":"de_DE","og_type":"article","og_title":"Sleutelplaat Messing glanzend 70x105mm","og_description":"Sleutelplaat Messing glanzend 'Gezicht met ketting' 70x105mm heeft een glanzende messing afwerking en is versierd met golven, een gezicht en een ketting.","og_url":"https:\/\/partsandpieces.nl\/de\/produkt\/schlusselschild-messing-glanzendes-gesicht-mit-kette-70x105mm\/","og_site_name":"Parts &amp; Pieces","article_modified_time":"2025-10-02T10:39:12+00:00","og_image":[{"width":368,"height":369,"url":"https:\/\/partsandpieces.nl\/wp-content\/uploads\/2022\/02\/Sleutelplaat-Messing-glanzend-Gezicht-met-ketting-70x105mm.jpg","type":"image\/jpeg"}],"twitter_card":"summary_large_image","twitter_misc":{"Gesch\u00e4tzte Lesezeit":"1\u00a0Minute"},"schema":{"@context":"https:\/\/schema.org","@graph":[{"@type":"WebPage","@id":"https:\/\/partsandpieces.nl\/product\/sleutelplaat-messing-glanzend-gezicht-met-ketting-70x105mm\/","url":"https:\/\/partsandpieces.nl\/product\/sleutelplaat-messing-glanzend-gezicht-met-ketting-70x105mm\/","name":"Schl\u00fcsselplatte Messing gl\u00e4nzend 70x105mm","isPartOf":{"@id":"https:\/\/partsandpieces.nl\/#website"},"primaryImageOfPage":{"@id":"https:\/\/partsandpieces.nl\/product\/sleutelplaat-messing-glanzend-gezicht-met-ketting-70x105mm\/#primaryimage"},"image":{"@id":"https:\/\/partsandpieces.nl\/product\/sleutelplaat-messing-glanzend-gezicht-met-ketting-70x105mm\/#primaryimage"},"thumbnailUrl":"https:\/\/partsandpieces.nl\/wp-content\/uploads\/2022\/02\/Sleutelplaat-Messing-glanzend-Gezicht-met-ketting-70x105mm.jpg","datePublished":"2022-02-15T11:33:29+00:00","dateModified":"2025-10-02T10:39:12+00:00","description":"Das Schl\u00fcsselschild \u201eGesicht mit Kette\u201c aus gl\u00e4nzendem Messing (70 x 105 mm) hat eine gl\u00e4nzende Messingoberfl\u00e4che und ist mit Wellen, einem Gesicht und einer Kette verziert.","breadcrumb":{"@id":"https:\/\/partsandpieces.nl\/product\/sleutelplaat-messing-glanzend-gezicht-met-ketting-70x105mm\/#breadcrumb"},"inLanguage":"de","potentialAction":[{"@type":"ReadAction","target":["https:\/\/partsandpieces.nl\/product\/sleutelplaat-messing-glanzend-gezicht-met-ketting-70x105mm\/"]}]},{"@type":"ImageObject","inLanguage":"de","@id":"https:\/\/partsandpieces.nl\/product\/sleutelplaat-messing-glanzend-gezicht-met-ketting-70x105mm\/#primaryimage","url":"https:\/\/partsandpieces.nl\/wp-content\/uploads\/2022\/02\/Sleutelplaat-Messing-glanzend-Gezicht-met-ketting-70x105mm.jpg","contentUrl":"https:\/\/partsandpieces.nl\/wp-content\/uploads\/2022\/02\/Sleutelplaat-Messing-glanzend-Gezicht-met-ketting-70x105mm.jpg","width":368,"height":369,"caption":"Sleutelplaat Messing glanzend 'Gezicht met ketting' 70x105mm"},{"@type":"BreadcrumbList","@id":"https:\/\/partsandpieces.nl\/product\/sleutelplaat-messing-glanzend-gezicht-met-ketting-70x105mm\/#breadcrumb","itemListElement":[{"@type":"ListItem","position":1,"name":"Home","item":"https:\/\/partsandpieces.nl\/home\/"},{"@type":"ListItem","position":2,"name":"Winkel","item":"https:\/\/partsandpieces.nl\/winkel\/"},{"@type":"ListItem","position":3,"name":"Sleutelplaat Messing glanzend &#8216;Gezicht met ketting&#8217; 70x105mm"}]},{"@type":"WebSite","@id":"https:\/\/partsandpieces.nl\/#website","url":"https:\/\/partsandpieces.nl\/","name":"Teile &amp; St\u00fccke","description":"Alles f\u00fcr Ihre M\u00f6belrestaurierung und -pflege!","potentialAction":[{"@type":"SearchAction","target":{"@type":"EntryPoint","urlTemplate":"https:\/\/partsandpieces.nl\/?s={search_term_string}"},"query-input":{"@type":"PropertyValueSpecification","valueRequired":true,"valueName":"search_term_string"}}],"inLanguage":"de"}]}},"_links":{"self":[{"href":"https:\/\/partsandpieces.nl\/de\/wp-json\/wp\/v2\/product\/2513","targetHints":{"allow":["GET"]}}],"collection":[{"href":"https:\/\/partsandpieces.nl\/de\/wp-json\/wp\/v2\/product"}],"about":[{"href":"https:\/\/partsandpieces.nl\/de\/wp-json\/wp\/v2\/types\/product"}],"wp:featuredmedia":[{"embeddable":true,"href":"https:\/\/partsandpieces.nl\/de\/wp-json\/wp\/v2\/media\/7649"}],"wp:attachment":[{"href":"https:\/\/partsandpieces.nl\/de\/wp-json\/wp\/v2\/media?parent=2513"}],"wp:term":[{"taxonomy":"product_brand","embeddable":true,"href":"https:\/\/partsandpieces.nl\/de\/wp-json\/wp\/v2\/product_brand?post=2513"},{"taxonomy":"product_cat","embeddable":true,"href":"https:\/\/partsandpieces.nl\/de\/wp-json\/wp\/v2\/product_cat?post=2513"},{"taxonomy":"product_tag","embeddable":true,"href":"https:\/\/partsandpieces.nl\/de\/wp-json\/wp\/v2\/product_tag?post=2513"}],"curies":[{"name":"wp","href":"https:\/\/api.w.org\/{rel}","templated":true}]}}