{"id":2517,"date":"2022-02-15T14:13:35","date_gmt":"2022-02-15T14:13:35","guid":{"rendered":"https:\/\/partsandpieces.bonsaidev.nl\/?product=sleutelplaat-messing-glans-70x41mm"},"modified":"2024-11-26T12:06:09","modified_gmt":"2024-11-26T11:06:09","slug":"schlusselplatte-messing-glanzend-42x71mm","status":"publish","type":"product","link":"https:\/\/partsandpieces.nl\/de\/product\/sleutelplaat-messing-glanzend-42x71mm\/","title":{"rendered":"Schl\u00fcsselplatte Messing gl\u00e4nzend 42x71mm"},"content":{"rendered":"<p><strong>Schl\u00fcsselplatte Messing gl\u00e4nzend 42x71mm<\/strong> ist ein Schl\u00fcsselschild f\u00fcr Ihre Schubladen- oder M\u00f6belt\u00fcren. Die Schl\u00fcsselplatte hat eine gl\u00e4nzende Messingoberfl\u00e4che und ist aufwendig mit einem Wellenmuster verziert. Die Schl\u00fcsselplatte besteht aus massivem Messing.<\/p>\n<p><strong>Ma\u00dfe<br \/>\n<\/strong>Schl\u00fcsselplatte Messing gl\u00e4nzend 42x71mm hat eine Breite von 42mm und eine H\u00f6he von 71mm. Das Schl\u00fcsselloch ist mm hoch.<\/p>\n<p><strong>Bearbeiten<br \/>\n<\/strong>Sie k\u00f6nnen die Schl\u00fcsselplatte mit 2 kleinen Schrauben befestigen. Ich werde diese Schrauben NICHT mit Ihrer Bestellung verschicken.<\/p>","protected":false},"excerpt":{"rendered":"<p>Sleutelplaat Messing glanzend 42x71mm is een sleutelplaat voor je lade- of meubeldeurtjes. De sleutelplaat heeft een glanzende messing afwerking en is uitbundig versiert met een golf patroon. De sleutelplaat is gemaakt van massief messing. Afmetingen Sleutelplaat Messing glanzend 42x71mm heeft een breedte van 42mm en een hoogte van 71mm. Het sleutelgat is mm hoog. Montage [&hellip;]<\/p>\n","protected":false},"featured_media":7684,"template":"","meta":{"_acf_changed":false},"product_brand":[],"product_cat":[23,48],"product_tag":[],"class_list":{"0":"post-2517","1":"product","2":"type-product","3":"status-publish","4":"has-post-thumbnail","6":"product_cat-meubelbeslag","7":"product_cat-sleutelplaten","9":"first","10":"instock","11":"taxable","12":"shipping-taxable","13":"purchasable","14":"product-type-simple"},"acf":[],"yoast_head":"<!-- This site is optimized with the Yoast SEO plugin v27.3 - https:\/\/yoast.com\/product\/yoast-seo-wordpress\/ -->\n<title>Sleutelplaat Messing glanzend 42x71mm<\/title>\n<meta name=\"description\" content=\"Sleutelplaat Messing glanzend 42x71mm heeft een glanzende messing afwerking en is uitbundig versiert met een golf patroon.\" \/>\n<meta name=\"robots\" content=\"index, follow, max-snippet:-1, max-image-preview:large, max-video-preview:-1\" \/>\n<link rel=\"canonical\" href=\"https:\/\/partsandpieces.nl\/de\/produkt\/schlusselplatte-messing-glanzend-42x71mm\/\" \/>\n<meta property=\"og:locale\" content=\"de_DE\" \/>\n<meta property=\"og:type\" content=\"article\" \/>\n<meta property=\"og:title\" content=\"Sleutelplaat Messing glanzend 42x71mm\" \/>\n<meta property=\"og:description\" content=\"Sleutelplaat Messing glanzend 42x71mm heeft een glanzende messing afwerking en is uitbundig versiert met een golf patroon.\" \/>\n<meta property=\"og:url\" content=\"https:\/\/partsandpieces.nl\/de\/produkt\/schlusselplatte-messing-glanzend-42x71mm\/\" \/>\n<meta property=\"og:site_name\" content=\"Parts &amp; Pieces\" \/>\n<meta property=\"article:modified_time\" content=\"2024-11-26T11:06:09+00:00\" \/>\n<meta property=\"og:image\" content=\"https:\/\/partsandpieces.nl\/wp-content\/uploads\/2022\/02\/Sleutelplaat-Messing-glanzend-42x71mm.jpg\" \/>\n\t<meta property=\"og:image:width\" content=\"316\" \/>\n\t<meta property=\"og:image:height\" content=\"315\" \/>\n\t<meta property=\"og:image:type\" content=\"image\/jpeg\" \/>\n<meta name=\"twitter:card\" content=\"summary_large_image\" \/>\n<meta name=\"twitter:label1\" content=\"Gesch\u00e4tzte Lesezeit\" \/>\n\t<meta name=\"twitter:data1\" content=\"1\u00a0Minute\" \/>\n<script type=\"application\/ld+json\" class=\"yoast-schema-graph\">{\"@context\":\"https:\\\/\\\/schema.org\",\"@graph\":[{\"@type\":\"WebPage\",\"@id\":\"https:\\\/\\\/partsandpieces.nl\\\/product\\\/sleutelplaat-messing-glanzend-42x71mm\\\/\",\"url\":\"https:\\\/\\\/partsandpieces.nl\\\/product\\\/sleutelplaat-messing-glanzend-42x71mm\\\/\",\"name\":\"Sleutelplaat Messing glanzend 42x71mm\",\"isPartOf\":{\"@id\":\"https:\\\/\\\/partsandpieces.nl\\\/#website\"},\"primaryImageOfPage\":{\"@id\":\"https:\\\/\\\/partsandpieces.nl\\\/product\\\/sleutelplaat-messing-glanzend-42x71mm\\\/#primaryimage\"},\"image\":{\"@id\":\"https:\\\/\\\/partsandpieces.nl\\\/product\\\/sleutelplaat-messing-glanzend-42x71mm\\\/#primaryimage\"},\"thumbnailUrl\":\"https:\\\/\\\/partsandpieces.nl\\\/wp-content\\\/uploads\\\/2022\\\/02\\\/Sleutelplaat-Messing-glanzend-42x71mm.jpg\",\"datePublished\":\"2022-02-15T14:13:35+00:00\",\"dateModified\":\"2024-11-26T11:06:09+00:00\",\"description\":\"Sleutelplaat Messing glanzend 42x71mm heeft een glanzende messing afwerking en is uitbundig versiert met een golf patroon.\",\"breadcrumb\":{\"@id\":\"https:\\\/\\\/partsandpieces.nl\\\/product\\\/sleutelplaat-messing-glanzend-42x71mm\\\/#breadcrumb\"},\"inLanguage\":\"de\",\"potentialAction\":[{\"@type\":\"ReadAction\",\"target\":[\"https:\\\/\\\/partsandpieces.nl\\\/product\\\/sleutelplaat-messing-glanzend-42x71mm\\\/\"]}]},{\"@type\":\"ImageObject\",\"inLanguage\":\"de\",\"@id\":\"https:\\\/\\\/partsandpieces.nl\\\/product\\\/sleutelplaat-messing-glanzend-42x71mm\\\/#primaryimage\",\"url\":\"https:\\\/\\\/partsandpieces.nl\\\/wp-content\\\/uploads\\\/2022\\\/02\\\/Sleutelplaat-Messing-glanzend-42x71mm.jpg\",\"contentUrl\":\"https:\\\/\\\/partsandpieces.nl\\\/wp-content\\\/uploads\\\/2022\\\/02\\\/Sleutelplaat-Messing-glanzend-42x71mm.jpg\",\"width\":316,\"height\":315,\"caption\":\"Sleutelplaat Messing glanzend 42x71mm\"},{\"@type\":\"BreadcrumbList\",\"@id\":\"https:\\\/\\\/partsandpieces.nl\\\/product\\\/sleutelplaat-messing-glanzend-42x71mm\\\/#breadcrumb\",\"itemListElement\":[{\"@type\":\"ListItem\",\"position\":1,\"name\":\"Home\",\"item\":\"https:\\\/\\\/partsandpieces.nl\\\/home\\\/\"},{\"@type\":\"ListItem\",\"position\":2,\"name\":\"Winkel\",\"item\":\"https:\\\/\\\/partsandpieces.nl\\\/winkel\\\/\"},{\"@type\":\"ListItem\",\"position\":3,\"name\":\"Sleutelplaat Messing glanzend 42x71mm\"}]},{\"@type\":\"WebSite\",\"@id\":\"https:\\\/\\\/partsandpieces.nl\\\/#website\",\"url\":\"https:\\\/\\\/partsandpieces.nl\\\/\",\"name\":\"Parts &amp; Pieces\",\"description\":\"Alles voor uw meubelrestauratie en -onderhoud!\",\"potentialAction\":[{\"@type\":\"SearchAction\",\"target\":{\"@type\":\"EntryPoint\",\"urlTemplate\":\"https:\\\/\\\/partsandpieces.nl\\\/?s={search_term_string}\"},\"query-input\":{\"@type\":\"PropertyValueSpecification\",\"valueRequired\":true,\"valueName\":\"search_term_string\"}}],\"inLanguage\":\"de\"}]}<\/script>\n<!-- \/ Yoast SEO plugin. -->","yoast_head_json":{"title":"Schl\u00fcsselplatte Messing gl\u00e4nzend 42x71mm","description":"Das Schl\u00fcsselschild Shiny Brass 42x71mm hat eine gl\u00e4nzende Messingoberfl\u00e4che und ist aufwendig mit einem Wellenmuster verziert.","robots":{"index":"index","follow":"follow","max-snippet":"max-snippet:-1","max-image-preview":"max-image-preview:large","max-video-preview":"max-video-preview:-1"},"canonical":"https:\/\/partsandpieces.nl\/de\/produkt\/schlusselplatte-messing-glanzend-42x71mm\/","og_locale":"de_DE","og_type":"article","og_title":"Sleutelplaat Messing glanzend 42x71mm","og_description":"Sleutelplaat Messing glanzend 42x71mm heeft een glanzende messing afwerking en is uitbundig versiert met een golf patroon.","og_url":"https:\/\/partsandpieces.nl\/de\/produkt\/schlusselplatte-messing-glanzend-42x71mm\/","og_site_name":"Parts &amp; Pieces","article_modified_time":"2024-11-26T11:06:09+00:00","og_image":[{"width":316,"height":315,"url":"https:\/\/partsandpieces.nl\/wp-content\/uploads\/2022\/02\/Sleutelplaat-Messing-glanzend-42x71mm.jpg","type":"image\/jpeg"}],"twitter_card":"summary_large_image","twitter_misc":{"Gesch\u00e4tzte Lesezeit":"1\u00a0Minute"},"schema":{"@context":"https:\/\/schema.org","@graph":[{"@type":"WebPage","@id":"https:\/\/partsandpieces.nl\/product\/sleutelplaat-messing-glanzend-42x71mm\/","url":"https:\/\/partsandpieces.nl\/product\/sleutelplaat-messing-glanzend-42x71mm\/","name":"Schl\u00fcsselplatte Messing gl\u00e4nzend 42x71mm","isPartOf":{"@id":"https:\/\/partsandpieces.nl\/#website"},"primaryImageOfPage":{"@id":"https:\/\/partsandpieces.nl\/product\/sleutelplaat-messing-glanzend-42x71mm\/#primaryimage"},"image":{"@id":"https:\/\/partsandpieces.nl\/product\/sleutelplaat-messing-glanzend-42x71mm\/#primaryimage"},"thumbnailUrl":"https:\/\/partsandpieces.nl\/wp-content\/uploads\/2022\/02\/Sleutelplaat-Messing-glanzend-42x71mm.jpg","datePublished":"2022-02-15T14:13:35+00:00","dateModified":"2024-11-26T11:06:09+00:00","description":"Das Schl\u00fcsselschild Shiny Brass 42x71mm hat eine gl\u00e4nzende Messingoberfl\u00e4che und ist aufwendig mit einem Wellenmuster verziert.","breadcrumb":{"@id":"https:\/\/partsandpieces.nl\/product\/sleutelplaat-messing-glanzend-42x71mm\/#breadcrumb"},"inLanguage":"de","potentialAction":[{"@type":"ReadAction","target":["https:\/\/partsandpieces.nl\/product\/sleutelplaat-messing-glanzend-42x71mm\/"]}]},{"@type":"ImageObject","inLanguage":"de","@id":"https:\/\/partsandpieces.nl\/product\/sleutelplaat-messing-glanzend-42x71mm\/#primaryimage","url":"https:\/\/partsandpieces.nl\/wp-content\/uploads\/2022\/02\/Sleutelplaat-Messing-glanzend-42x71mm.jpg","contentUrl":"https:\/\/partsandpieces.nl\/wp-content\/uploads\/2022\/02\/Sleutelplaat-Messing-glanzend-42x71mm.jpg","width":316,"height":315,"caption":"Sleutelplaat Messing glanzend 42x71mm"},{"@type":"BreadcrumbList","@id":"https:\/\/partsandpieces.nl\/product\/sleutelplaat-messing-glanzend-42x71mm\/#breadcrumb","itemListElement":[{"@type":"ListItem","position":1,"name":"Home","item":"https:\/\/partsandpieces.nl\/home\/"},{"@type":"ListItem","position":2,"name":"Winkel","item":"https:\/\/partsandpieces.nl\/winkel\/"},{"@type":"ListItem","position":3,"name":"Sleutelplaat Messing glanzend 42x71mm"}]},{"@type":"WebSite","@id":"https:\/\/partsandpieces.nl\/#website","url":"https:\/\/partsandpieces.nl\/","name":"Teile &amp; St\u00fccke","description":"Alles f\u00fcr Ihre M\u00f6belrestaurierung und -pflege!","potentialAction":[{"@type":"SearchAction","target":{"@type":"EntryPoint","urlTemplate":"https:\/\/partsandpieces.nl\/?s={search_term_string}"},"query-input":{"@type":"PropertyValueSpecification","valueRequired":true,"valueName":"search_term_string"}}],"inLanguage":"de"}]}},"_links":{"self":[{"href":"https:\/\/partsandpieces.nl\/de\/wp-json\/wp\/v2\/product\/2517","targetHints":{"allow":["GET"]}}],"collection":[{"href":"https:\/\/partsandpieces.nl\/de\/wp-json\/wp\/v2\/product"}],"about":[{"href":"https:\/\/partsandpieces.nl\/de\/wp-json\/wp\/v2\/types\/product"}],"wp:featuredmedia":[{"embeddable":true,"href":"https:\/\/partsandpieces.nl\/de\/wp-json\/wp\/v2\/media\/7684"}],"wp:attachment":[{"href":"https:\/\/partsandpieces.nl\/de\/wp-json\/wp\/v2\/media?parent=2517"}],"wp:term":[{"taxonomy":"product_brand","embeddable":true,"href":"https:\/\/partsandpieces.nl\/de\/wp-json\/wp\/v2\/product_brand?post=2517"},{"taxonomy":"product_cat","embeddable":true,"href":"https:\/\/partsandpieces.nl\/de\/wp-json\/wp\/v2\/product_cat?post=2517"},{"taxonomy":"product_tag","embeddable":true,"href":"https:\/\/partsandpieces.nl\/de\/wp-json\/wp\/v2\/product_tag?post=2517"}],"curies":[{"name":"wp","href":"https:\/\/api.w.org\/{rel}","templated":true}]}}