{"id":2519,"date":"2022-02-15T14:53:04","date_gmt":"2022-02-15T14:53:04","guid":{"rendered":"https:\/\/partsandpieces.bonsaidev.nl\/?product=sleutelplaat-voor-cilinderslot-messing-antiek-vierkant-afgeronde-hoeken-40x40mm"},"modified":"2026-01-18T19:00:47","modified_gmt":"2026-01-18T18:00:47","slug":"schlusselplatte-fur-zylinderschloss-bronze-antik-quadratisch-abgerundete-ecken-40x40mm","status":"publish","type":"product","link":"https:\/\/partsandpieces.nl\/de\/product\/sleutelplaat-voor-cilinderslot-brons-antiek-vierkant-afgeronde-hoeken-40x40mm\/","title":{"rendered":"Schl\u00fcsselschild f\u00fcr Zylinderschloss bronze antik quadratisch abgerundete Ecken (40x40mm)"},"content":{"rendered":"<p><strong>Schl\u00fcsselschild f\u00fcr Zylinderschloss bronze antik quadratisch abgerundete Ecken (40x40mm)<\/strong> ist eine solide, schwere Schl\u00fcsselplatte, die in ein Zylinderschloss passt. Die Schl\u00fcsselplatte hat eine patinierte Messingoberfl\u00e4che.<\/p>\n<p><strong>Ma\u00dfe<br \/>\n<\/strong>Schl\u00fcsselplatte f\u00fcr Zylinderschloss, bronzefarben, antik, quadratisch, abgerundete Ecken (40 x 40 mm), hat eine Breite von 40 mm und eine H\u00f6he von 40 mm. Das Schl\u00fcsselloch ist 33 mm hoch.<\/p>\n<p><strong>Bearbeiten<br \/>\n<\/strong>Sie k\u00f6nnen die Schl\u00fcsselplatte mit 4 konischen Schrauben montieren. Die Schrauben liefere ich NICHT mit.<\/p>","protected":false},"excerpt":{"rendered":"<p>Sleutelplaat voor cilinderslot brons antiek vierkant afgeronde hoeken (40x40mm) is een massieve, zware sleutelplaat die past bij een cilinderslot. De sleutelplaat heeft een gepatineerde messing afwerking. Afmetingen Sleutelplaat voor cilinderslot brons antiek vierkant afgeronde hoeken (40x40mm) heeft een breedte van 40mm en een hoogte van 40mm. Het sleutelgat is 33mm hoog. Montage Je kunt de [&hellip;]<\/p>\n","protected":false},"featured_media":7314,"template":"","meta":{"_acf_changed":false},"product_brand":[],"product_cat":[23,48],"product_tag":[],"class_list":{"0":"post-2519","1":"product","2":"type-product","3":"status-publish","4":"has-post-thumbnail","6":"product_cat-meubelbeslag","7":"product_cat-sleutelplaten","9":"first","10":"instock","11":"sale","12":"featured","13":"taxable","14":"shipping-taxable","15":"purchasable","16":"product-type-simple"},"acf":[],"yoast_head":"<!-- This site is optimized with the Yoast SEO plugin v27.3 - https:\/\/yoast.com\/product\/yoast-seo-wordpress\/ -->\n<title>Sleutelplaat voor cilinderslot brons antiek<\/title>\n<meta name=\"description\" content=\"Sleutelplaat voor cilinderslot brons antiek vierkant afgeronde hoeken (40x40mm) is een massieve, zware sleutelplaat met een gepatineerde messing afwerking.\" \/>\n<meta name=\"robots\" content=\"index, follow, max-snippet:-1, max-image-preview:large, max-video-preview:-1\" \/>\n<link rel=\"canonical\" href=\"https:\/\/partsandpieces.nl\/de\/produkt\/schlusselplatte-fur-zylinderschloss-bronze-antik-quadratisch-abgerundete-ecken-40x40mm\/\" \/>\n<meta property=\"og:locale\" content=\"de_DE\" \/>\n<meta property=\"og:type\" content=\"article\" \/>\n<meta property=\"og:title\" content=\"Sleutelplaat voor cilinderslot brons antiek\" \/>\n<meta property=\"og:description\" content=\"Sleutelplaat voor cilinderslot brons antiek vierkant afgeronde hoeken (40x40mm) is een massieve, zware sleutelplaat met een gepatineerde messing afwerking.\" \/>\n<meta property=\"og:url\" content=\"https:\/\/partsandpieces.nl\/de\/produkt\/schlusselplatte-fur-zylinderschloss-bronze-antik-quadratisch-abgerundete-ecken-40x40mm\/\" \/>\n<meta property=\"og:site_name\" content=\"Parts &amp; Pieces\" \/>\n<meta property=\"article:modified_time\" content=\"2026-01-18T18:00:47+00:00\" \/>\n<meta property=\"og:image\" content=\"https:\/\/partsandpieces.nl\/wp-content\/uploads\/2022\/02\/Sleutelplaat-voor-cilinderslot-brons-antiek-vierkant-afgeronde-hoeken-40x40mm.jpg\" \/>\n\t<meta property=\"og:image:width\" content=\"301\" \/>\n\t<meta property=\"og:image:height\" content=\"301\" \/>\n\t<meta property=\"og:image:type\" content=\"image\/jpeg\" \/>\n<meta name=\"twitter:card\" content=\"summary_large_image\" \/>\n<meta name=\"twitter:label1\" content=\"Gesch\u00e4tzte Lesezeit\" \/>\n\t<meta name=\"twitter:data1\" content=\"1\u00a0Minute\" \/>\n<script type=\"application\/ld+json\" class=\"yoast-schema-graph\">{\"@context\":\"https:\\\/\\\/schema.org\",\"@graph\":[{\"@type\":\"WebPage\",\"@id\":\"https:\\\/\\\/partsandpieces.nl\\\/product\\\/sleutelplaat-voor-cilinderslot-brons-antiek-vierkant-afgeronde-hoeken-40x40mm\\\/\",\"url\":\"https:\\\/\\\/partsandpieces.nl\\\/product\\\/sleutelplaat-voor-cilinderslot-brons-antiek-vierkant-afgeronde-hoeken-40x40mm\\\/\",\"name\":\"Sleutelplaat voor cilinderslot brons antiek\",\"isPartOf\":{\"@id\":\"https:\\\/\\\/partsandpieces.nl\\\/#website\"},\"primaryImageOfPage\":{\"@id\":\"https:\\\/\\\/partsandpieces.nl\\\/product\\\/sleutelplaat-voor-cilinderslot-brons-antiek-vierkant-afgeronde-hoeken-40x40mm\\\/#primaryimage\"},\"image\":{\"@id\":\"https:\\\/\\\/partsandpieces.nl\\\/product\\\/sleutelplaat-voor-cilinderslot-brons-antiek-vierkant-afgeronde-hoeken-40x40mm\\\/#primaryimage\"},\"thumbnailUrl\":\"https:\\\/\\\/partsandpieces.nl\\\/wp-content\\\/uploads\\\/2022\\\/02\\\/Sleutelplaat-voor-cilinderslot-brons-antiek-vierkant-afgeronde-hoeken-40x40mm.jpg\",\"datePublished\":\"2022-02-15T14:53:04+00:00\",\"dateModified\":\"2026-01-18T18:00:47+00:00\",\"description\":\"Sleutelplaat voor cilinderslot brons antiek vierkant afgeronde hoeken (40x40mm) is een massieve, zware sleutelplaat met een gepatineerde messing afwerking.\",\"breadcrumb\":{\"@id\":\"https:\\\/\\\/partsandpieces.nl\\\/product\\\/sleutelplaat-voor-cilinderslot-brons-antiek-vierkant-afgeronde-hoeken-40x40mm\\\/#breadcrumb\"},\"inLanguage\":\"de\",\"potentialAction\":[{\"@type\":\"ReadAction\",\"target\":[\"https:\\\/\\\/partsandpieces.nl\\\/product\\\/sleutelplaat-voor-cilinderslot-brons-antiek-vierkant-afgeronde-hoeken-40x40mm\\\/\"]}]},{\"@type\":\"ImageObject\",\"inLanguage\":\"de\",\"@id\":\"https:\\\/\\\/partsandpieces.nl\\\/product\\\/sleutelplaat-voor-cilinderslot-brons-antiek-vierkant-afgeronde-hoeken-40x40mm\\\/#primaryimage\",\"url\":\"https:\\\/\\\/partsandpieces.nl\\\/wp-content\\\/uploads\\\/2022\\\/02\\\/Sleutelplaat-voor-cilinderslot-brons-antiek-vierkant-afgeronde-hoeken-40x40mm.jpg\",\"contentUrl\":\"https:\\\/\\\/partsandpieces.nl\\\/wp-content\\\/uploads\\\/2022\\\/02\\\/Sleutelplaat-voor-cilinderslot-brons-antiek-vierkant-afgeronde-hoeken-40x40mm.jpg\",\"width\":301,\"height\":301,\"caption\":\"Sleutelplaat voor cilinderslot brons antiek vierkant afgeronde hoeken (40x40mm)\"},{\"@type\":\"BreadcrumbList\",\"@id\":\"https:\\\/\\\/partsandpieces.nl\\\/product\\\/sleutelplaat-voor-cilinderslot-brons-antiek-vierkant-afgeronde-hoeken-40x40mm\\\/#breadcrumb\",\"itemListElement\":[{\"@type\":\"ListItem\",\"position\":1,\"name\":\"Home\",\"item\":\"https:\\\/\\\/partsandpieces.nl\\\/home\\\/\"},{\"@type\":\"ListItem\",\"position\":2,\"name\":\"Winkel\",\"item\":\"https:\\\/\\\/partsandpieces.nl\\\/winkel\\\/\"},{\"@type\":\"ListItem\",\"position\":3,\"name\":\"Sleutelplaat voor cilinderslot brons antiek vierkant afgeronde hoeken (40x40mm)\"}]},{\"@type\":\"WebSite\",\"@id\":\"https:\\\/\\\/partsandpieces.nl\\\/#website\",\"url\":\"https:\\\/\\\/partsandpieces.nl\\\/\",\"name\":\"Parts &amp; Pieces\",\"description\":\"Alles voor uw meubelrestauratie en -onderhoud!\",\"potentialAction\":[{\"@type\":\"SearchAction\",\"target\":{\"@type\":\"EntryPoint\",\"urlTemplate\":\"https:\\\/\\\/partsandpieces.nl\\\/?s={search_term_string}\"},\"query-input\":{\"@type\":\"PropertyValueSpecification\",\"valueRequired\":true,\"valueName\":\"search_term_string\"}}],\"inLanguage\":\"de\"}]}<\/script>\n<!-- \/ Yoast SEO plugin. -->","yoast_head_json":{"title":"Schl\u00fcsselschild f\u00fcr Zylinderschloss bronze antik","description":"Schl\u00fcsselplatte f\u00fcr Zylinderschloss, Bronze, antik, quadratisch, abgerundete Ecken (40 x 40 mm), ist eine solide, schwere Schl\u00fcsselplatte mit patiniertem Messing-Finish.","robots":{"index":"index","follow":"follow","max-snippet":"max-snippet:-1","max-image-preview":"max-image-preview:large","max-video-preview":"max-video-preview:-1"},"canonical":"https:\/\/partsandpieces.nl\/de\/produkt\/schlusselplatte-fur-zylinderschloss-bronze-antik-quadratisch-abgerundete-ecken-40x40mm\/","og_locale":"de_DE","og_type":"article","og_title":"Sleutelplaat voor cilinderslot brons antiek","og_description":"Sleutelplaat voor cilinderslot brons antiek vierkant afgeronde hoeken (40x40mm) is een massieve, zware sleutelplaat met een gepatineerde messing afwerking.","og_url":"https:\/\/partsandpieces.nl\/de\/produkt\/schlusselplatte-fur-zylinderschloss-bronze-antik-quadratisch-abgerundete-ecken-40x40mm\/","og_site_name":"Parts &amp; Pieces","article_modified_time":"2026-01-18T18:00:47+00:00","og_image":[{"width":301,"height":301,"url":"https:\/\/partsandpieces.nl\/wp-content\/uploads\/2022\/02\/Sleutelplaat-voor-cilinderslot-brons-antiek-vierkant-afgeronde-hoeken-40x40mm.jpg","type":"image\/jpeg"}],"twitter_card":"summary_large_image","twitter_misc":{"Gesch\u00e4tzte Lesezeit":"1\u00a0Minute"},"schema":{"@context":"https:\/\/schema.org","@graph":[{"@type":"WebPage","@id":"https:\/\/partsandpieces.nl\/product\/sleutelplaat-voor-cilinderslot-brons-antiek-vierkant-afgeronde-hoeken-40x40mm\/","url":"https:\/\/partsandpieces.nl\/product\/sleutelplaat-voor-cilinderslot-brons-antiek-vierkant-afgeronde-hoeken-40x40mm\/","name":"Schl\u00fcsselschild f\u00fcr Zylinderschloss bronze antik","isPartOf":{"@id":"https:\/\/partsandpieces.nl\/#website"},"primaryImageOfPage":{"@id":"https:\/\/partsandpieces.nl\/product\/sleutelplaat-voor-cilinderslot-brons-antiek-vierkant-afgeronde-hoeken-40x40mm\/#primaryimage"},"image":{"@id":"https:\/\/partsandpieces.nl\/product\/sleutelplaat-voor-cilinderslot-brons-antiek-vierkant-afgeronde-hoeken-40x40mm\/#primaryimage"},"thumbnailUrl":"https:\/\/partsandpieces.nl\/wp-content\/uploads\/2022\/02\/Sleutelplaat-voor-cilinderslot-brons-antiek-vierkant-afgeronde-hoeken-40x40mm.jpg","datePublished":"2022-02-15T14:53:04+00:00","dateModified":"2026-01-18T18:00:47+00:00","description":"Schl\u00fcsselplatte f\u00fcr Zylinderschloss, Bronze, antik, quadratisch, abgerundete Ecken (40 x 40 mm), ist eine solide, schwere Schl\u00fcsselplatte mit patiniertem Messing-Finish.","breadcrumb":{"@id":"https:\/\/partsandpieces.nl\/product\/sleutelplaat-voor-cilinderslot-brons-antiek-vierkant-afgeronde-hoeken-40x40mm\/#breadcrumb"},"inLanguage":"de","potentialAction":[{"@type":"ReadAction","target":["https:\/\/partsandpieces.nl\/product\/sleutelplaat-voor-cilinderslot-brons-antiek-vierkant-afgeronde-hoeken-40x40mm\/"]}]},{"@type":"ImageObject","inLanguage":"de","@id":"https:\/\/partsandpieces.nl\/product\/sleutelplaat-voor-cilinderslot-brons-antiek-vierkant-afgeronde-hoeken-40x40mm\/#primaryimage","url":"https:\/\/partsandpieces.nl\/wp-content\/uploads\/2022\/02\/Sleutelplaat-voor-cilinderslot-brons-antiek-vierkant-afgeronde-hoeken-40x40mm.jpg","contentUrl":"https:\/\/partsandpieces.nl\/wp-content\/uploads\/2022\/02\/Sleutelplaat-voor-cilinderslot-brons-antiek-vierkant-afgeronde-hoeken-40x40mm.jpg","width":301,"height":301,"caption":"Sleutelplaat voor cilinderslot brons antiek vierkant afgeronde hoeken (40x40mm)"},{"@type":"BreadcrumbList","@id":"https:\/\/partsandpieces.nl\/product\/sleutelplaat-voor-cilinderslot-brons-antiek-vierkant-afgeronde-hoeken-40x40mm\/#breadcrumb","itemListElement":[{"@type":"ListItem","position":1,"name":"Home","item":"https:\/\/partsandpieces.nl\/home\/"},{"@type":"ListItem","position":2,"name":"Winkel","item":"https:\/\/partsandpieces.nl\/winkel\/"},{"@type":"ListItem","position":3,"name":"Sleutelplaat voor cilinderslot brons antiek vierkant afgeronde hoeken (40x40mm)"}]},{"@type":"WebSite","@id":"https:\/\/partsandpieces.nl\/#website","url":"https:\/\/partsandpieces.nl\/","name":"Teile &amp; St\u00fccke","description":"Alles f\u00fcr Ihre M\u00f6belrestaurierung und -pflege!","potentialAction":[{"@type":"SearchAction","target":{"@type":"EntryPoint","urlTemplate":"https:\/\/partsandpieces.nl\/?s={search_term_string}"},"query-input":{"@type":"PropertyValueSpecification","valueRequired":true,"valueName":"search_term_string"}}],"inLanguage":"de"}]}},"_links":{"self":[{"href":"https:\/\/partsandpieces.nl\/de\/wp-json\/wp\/v2\/product\/2519","targetHints":{"allow":["GET"]}}],"collection":[{"href":"https:\/\/partsandpieces.nl\/de\/wp-json\/wp\/v2\/product"}],"about":[{"href":"https:\/\/partsandpieces.nl\/de\/wp-json\/wp\/v2\/types\/product"}],"wp:featuredmedia":[{"embeddable":true,"href":"https:\/\/partsandpieces.nl\/de\/wp-json\/wp\/v2\/media\/7314"}],"wp:attachment":[{"href":"https:\/\/partsandpieces.nl\/de\/wp-json\/wp\/v2\/media?parent=2519"}],"wp:term":[{"taxonomy":"product_brand","embeddable":true,"href":"https:\/\/partsandpieces.nl\/de\/wp-json\/wp\/v2\/product_brand?post=2519"},{"taxonomy":"product_cat","embeddable":true,"href":"https:\/\/partsandpieces.nl\/de\/wp-json\/wp\/v2\/product_cat?post=2519"},{"taxonomy":"product_tag","embeddable":true,"href":"https:\/\/partsandpieces.nl\/de\/wp-json\/wp\/v2\/product_tag?post=2519"}],"curies":[{"name":"wp","href":"https:\/\/api.w.org\/{rel}","templated":true}]}}