{"id":2537,"date":"2022-02-18T12:23:08","date_gmt":"2022-02-18T11:23:08","guid":{"rendered":"https:\/\/partsandpieces.bonsaidev.nl\/?product=handdoekstang-messing-gepatineerd-35cm"},"modified":"2026-02-24T03:41:09","modified_gmt":"2026-02-24T02:41:09","slug":"handtuchhalter-messing-antik-patiniert-34cm","status":"publish","type":"product","link":"https:\/\/partsandpieces.nl\/de\/product\/handdoekstang-messing-antiek-gepatineerd-34cm\/","title":{"rendered":"Handtuchhalter Messing antik patiniert (35cm)"},"content":{"rendered":"<p><strong>Handtuchhalter Messing antik patiniert (35cm)<\/strong>\u00a0ist ein wundersch\u00f6ner Handtuchhalter aus Messing und antik patiniert. Passt gut in Ihr klassisch eingerichtetes Badezimmer oder Ihre K\u00fcche. Sie befestigen diesen Handtuchhalter an 2 Punkten an der Wand. Sie verwenden an jeder Stelle 3 Schrauben. Ich liefere diese Schrauben NICHT.<\/p>\n<p><strong>Ma\u00dfe<\/strong><br \/>\nDer Handtuchhalter Antikmessing patiniert (35 cm) ist insgesamt 346 mm breit. Nach der Montage ragt die Stange (in der Mitte) 40 mm aus der Wand heraus. Die Befestigungspunkte liegen etwa 295 mm voneinander entfernt. Der Durchmesser der Stange betr\u00e4gt ca. 10 mm.<\/p>\n<p><strong>Satz<\/strong><br \/>\nIch habe diesen Handtuchhalter in den Breiten 5<strong>5 cm und 15 cm.<\/strong><\/p>","protected":false},"excerpt":{"rendered":"<p>Handdoekstang Messing antiek gepatineerd (35cm)\u00a0is een prachtige handdoekstang gemaakt van messing en antiek gepatineerd. Past mooi in je klassiek ingerichte badkamer of keuken. Je bevestigt deze handdoekstang op 2 punten aan de wand. Op elk punt gebruik je 3 schroeven. Deze schroeven lever ik NIET mee. Afmetingen Handdoekstang Messing antiek gepatineerd (35cm) is in zijn [&hellip;]<\/p>\n","protected":false},"featured_media":6734,"template":"","meta":{"_acf_changed":false},"product_brand":[],"product_cat":[58,63],"product_tag":[],"class_list":{"0":"post-2537","1":"product","2":"type-product","3":"status-publish","4":"has-post-thumbnail","6":"product_cat-deurbeslag","7":"product_cat-kapstokhaken","9":"first","10":"instock","11":"taxable","12":"shipping-taxable","13":"purchasable","14":"product-type-simple"},"acf":[],"yoast_head":"<!-- This site is optimized with the Yoast SEO plugin v27.3 - https:\/\/yoast.com\/product\/yoast-seo-wordpress\/ -->\n<title>Handdoekstang Messing antiek (35cm)<\/title>\n<meta name=\"description\" content=\"Handdoekstang Messing antiek gepatineerd (35cm)\u00a0is een prachtige handdoekstang gemaakt van messing. Past mooi in je klassiek ingerichte badkamer of keuken.\" \/>\n<meta name=\"robots\" content=\"index, follow, max-snippet:-1, max-image-preview:large, max-video-preview:-1\" \/>\n<link rel=\"canonical\" href=\"https:\/\/partsandpieces.nl\/de\/produkt\/handtuchhalter-messing-antik-patiniert-34cm\/\" \/>\n<meta property=\"og:locale\" content=\"de_DE\" \/>\n<meta property=\"og:type\" content=\"article\" \/>\n<meta property=\"og:title\" content=\"Handdoekstang Messing antiek (35cm)\" \/>\n<meta property=\"og:description\" content=\"Handdoekstang Messing antiek gepatineerd (35cm)\u00a0is een prachtige handdoekstang gemaakt van messing. Past mooi in je klassiek ingerichte badkamer of keuken.\" \/>\n<meta property=\"og:url\" content=\"https:\/\/partsandpieces.nl\/de\/produkt\/handtuchhalter-messing-antik-patiniert-34cm\/\" \/>\n<meta property=\"og:site_name\" content=\"Parts &amp; Pieces\" \/>\n<meta property=\"article:modified_time\" content=\"2026-02-24T02:41:09+00:00\" \/>\n<meta property=\"og:image\" content=\"https:\/\/partsandpieces.nl\/wp-content\/uploads\/2022\/02\/Handdoekstang-Messing-antiek-gepatineerd.jpg\" \/>\n\t<meta property=\"og:image:width\" content=\"480\" \/>\n\t<meta property=\"og:image:height\" content=\"480\" \/>\n\t<meta property=\"og:image:type\" content=\"image\/jpeg\" \/>\n<meta name=\"twitter:card\" content=\"summary_large_image\" \/>\n<meta name=\"twitter:label1\" content=\"Gesch\u00e4tzte Lesezeit\" \/>\n\t<meta name=\"twitter:data1\" content=\"1\u00a0Minute\" \/>\n<script type=\"application\/ld+json\" class=\"yoast-schema-graph\">{\"@context\":\"https:\\\/\\\/schema.org\",\"@graph\":[{\"@type\":\"WebPage\",\"@id\":\"https:\\\/\\\/partsandpieces.nl\\\/product\\\/handdoekstang-messing-antiek-gepatineerd-34cm\\\/\",\"url\":\"https:\\\/\\\/partsandpieces.nl\\\/product\\\/handdoekstang-messing-antiek-gepatineerd-34cm\\\/\",\"name\":\"Handdoekstang Messing antiek (35cm)\",\"isPartOf\":{\"@id\":\"https:\\\/\\\/partsandpieces.nl\\\/#website\"},\"primaryImageOfPage\":{\"@id\":\"https:\\\/\\\/partsandpieces.nl\\\/product\\\/handdoekstang-messing-antiek-gepatineerd-34cm\\\/#primaryimage\"},\"image\":{\"@id\":\"https:\\\/\\\/partsandpieces.nl\\\/product\\\/handdoekstang-messing-antiek-gepatineerd-34cm\\\/#primaryimage\"},\"thumbnailUrl\":\"https:\\\/\\\/partsandpieces.nl\\\/wp-content\\\/uploads\\\/2022\\\/02\\\/Handdoekstang-Messing-antiek-gepatineerd.jpg\",\"datePublished\":\"2022-02-18T11:23:08+00:00\",\"dateModified\":\"2026-02-24T02:41:09+00:00\",\"description\":\"Handdoekstang Messing antiek gepatineerd (35cm)\u00a0is een prachtige handdoekstang gemaakt van messing. Past mooi in je klassiek ingerichte badkamer of keuken.\",\"breadcrumb\":{\"@id\":\"https:\\\/\\\/partsandpieces.nl\\\/product\\\/handdoekstang-messing-antiek-gepatineerd-34cm\\\/#breadcrumb\"},\"inLanguage\":\"de\",\"potentialAction\":[{\"@type\":\"ReadAction\",\"target\":[\"https:\\\/\\\/partsandpieces.nl\\\/product\\\/handdoekstang-messing-antiek-gepatineerd-34cm\\\/\"]}]},{\"@type\":\"ImageObject\",\"inLanguage\":\"de\",\"@id\":\"https:\\\/\\\/partsandpieces.nl\\\/product\\\/handdoekstang-messing-antiek-gepatineerd-34cm\\\/#primaryimage\",\"url\":\"https:\\\/\\\/partsandpieces.nl\\\/wp-content\\\/uploads\\\/2022\\\/02\\\/Handdoekstang-Messing-antiek-gepatineerd.jpg\",\"contentUrl\":\"https:\\\/\\\/partsandpieces.nl\\\/wp-content\\\/uploads\\\/2022\\\/02\\\/Handdoekstang-Messing-antiek-gepatineerd.jpg\",\"width\":480,\"height\":480,\"caption\":\"Handdoekstang Messing antiek gepatineerd\"},{\"@type\":\"BreadcrumbList\",\"@id\":\"https:\\\/\\\/partsandpieces.nl\\\/product\\\/handdoekstang-messing-antiek-gepatineerd-34cm\\\/#breadcrumb\",\"itemListElement\":[{\"@type\":\"ListItem\",\"position\":1,\"name\":\"Home\",\"item\":\"https:\\\/\\\/partsandpieces.nl\\\/home\\\/\"},{\"@type\":\"ListItem\",\"position\":2,\"name\":\"Winkel\",\"item\":\"https:\\\/\\\/partsandpieces.nl\\\/winkel\\\/\"},{\"@type\":\"ListItem\",\"position\":3,\"name\":\"Handdoekstang Messing antiek gepatineerd (35cm)\"}]},{\"@type\":\"WebSite\",\"@id\":\"https:\\\/\\\/partsandpieces.nl\\\/#website\",\"url\":\"https:\\\/\\\/partsandpieces.nl\\\/\",\"name\":\"Parts &amp; Pieces\",\"description\":\"Alles voor uw meubelrestauratie en -onderhoud!\",\"potentialAction\":[{\"@type\":\"SearchAction\",\"target\":{\"@type\":\"EntryPoint\",\"urlTemplate\":\"https:\\\/\\\/partsandpieces.nl\\\/?s={search_term_string}\"},\"query-input\":{\"@type\":\"PropertyValueSpecification\",\"valueRequired\":true,\"valueName\":\"search_term_string\"}}],\"inLanguage\":\"de\"}]}<\/script>\n<!-- \/ Yoast SEO plugin. -->","yoast_head_json":{"title":"Handtuchhalter Messing antik (35cm)","description":"Handtuchhalter Antikmessing patiniert (35 cm) ist ein wundersch\u00f6ner Handtuchhalter aus Messing. Passt gut in Ihr klassisch eingerichtetes Badezimmer oder Ihre K\u00fcche.","robots":{"index":"index","follow":"follow","max-snippet":"max-snippet:-1","max-image-preview":"max-image-preview:large","max-video-preview":"max-video-preview:-1"},"canonical":"https:\/\/partsandpieces.nl\/de\/produkt\/handtuchhalter-messing-antik-patiniert-34cm\/","og_locale":"de_DE","og_type":"article","og_title":"Handdoekstang Messing antiek (35cm)","og_description":"Handdoekstang Messing antiek gepatineerd (35cm)\u00a0is een prachtige handdoekstang gemaakt van messing. Past mooi in je klassiek ingerichte badkamer of keuken.","og_url":"https:\/\/partsandpieces.nl\/de\/produkt\/handtuchhalter-messing-antik-patiniert-34cm\/","og_site_name":"Parts &amp; Pieces","article_modified_time":"2026-02-24T02:41:09+00:00","og_image":[{"width":480,"height":480,"url":"https:\/\/partsandpieces.nl\/wp-content\/uploads\/2022\/02\/Handdoekstang-Messing-antiek-gepatineerd.jpg","type":"image\/jpeg"}],"twitter_card":"summary_large_image","twitter_misc":{"Gesch\u00e4tzte Lesezeit":"1\u00a0Minute"},"schema":{"@context":"https:\/\/schema.org","@graph":[{"@type":"WebPage","@id":"https:\/\/partsandpieces.nl\/product\/handdoekstang-messing-antiek-gepatineerd-34cm\/","url":"https:\/\/partsandpieces.nl\/product\/handdoekstang-messing-antiek-gepatineerd-34cm\/","name":"Handtuchhalter Messing antik (35cm)","isPartOf":{"@id":"https:\/\/partsandpieces.nl\/#website"},"primaryImageOfPage":{"@id":"https:\/\/partsandpieces.nl\/product\/handdoekstang-messing-antiek-gepatineerd-34cm\/#primaryimage"},"image":{"@id":"https:\/\/partsandpieces.nl\/product\/handdoekstang-messing-antiek-gepatineerd-34cm\/#primaryimage"},"thumbnailUrl":"https:\/\/partsandpieces.nl\/wp-content\/uploads\/2022\/02\/Handdoekstang-Messing-antiek-gepatineerd.jpg","datePublished":"2022-02-18T11:23:08+00:00","dateModified":"2026-02-24T02:41:09+00:00","description":"Handtuchhalter Antikmessing patiniert (35 cm) ist ein wundersch\u00f6ner Handtuchhalter aus Messing. Passt gut in Ihr klassisch eingerichtetes Badezimmer oder Ihre K\u00fcche.","breadcrumb":{"@id":"https:\/\/partsandpieces.nl\/product\/handdoekstang-messing-antiek-gepatineerd-34cm\/#breadcrumb"},"inLanguage":"de","potentialAction":[{"@type":"ReadAction","target":["https:\/\/partsandpieces.nl\/product\/handdoekstang-messing-antiek-gepatineerd-34cm\/"]}]},{"@type":"ImageObject","inLanguage":"de","@id":"https:\/\/partsandpieces.nl\/product\/handdoekstang-messing-antiek-gepatineerd-34cm\/#primaryimage","url":"https:\/\/partsandpieces.nl\/wp-content\/uploads\/2022\/02\/Handdoekstang-Messing-antiek-gepatineerd.jpg","contentUrl":"https:\/\/partsandpieces.nl\/wp-content\/uploads\/2022\/02\/Handdoekstang-Messing-antiek-gepatineerd.jpg","width":480,"height":480,"caption":"Handdoekstang Messing antiek gepatineerd"},{"@type":"BreadcrumbList","@id":"https:\/\/partsandpieces.nl\/product\/handdoekstang-messing-antiek-gepatineerd-34cm\/#breadcrumb","itemListElement":[{"@type":"ListItem","position":1,"name":"Home","item":"https:\/\/partsandpieces.nl\/home\/"},{"@type":"ListItem","position":2,"name":"Winkel","item":"https:\/\/partsandpieces.nl\/winkel\/"},{"@type":"ListItem","position":3,"name":"Handdoekstang Messing antiek gepatineerd (35cm)"}]},{"@type":"WebSite","@id":"https:\/\/partsandpieces.nl\/#website","url":"https:\/\/partsandpieces.nl\/","name":"Teile &amp; St\u00fccke","description":"Alles f\u00fcr Ihre M\u00f6belrestaurierung und -pflege!","potentialAction":[{"@type":"SearchAction","target":{"@type":"EntryPoint","urlTemplate":"https:\/\/partsandpieces.nl\/?s={search_term_string}"},"query-input":{"@type":"PropertyValueSpecification","valueRequired":true,"valueName":"search_term_string"}}],"inLanguage":"de"}]}},"_links":{"self":[{"href":"https:\/\/partsandpieces.nl\/de\/wp-json\/wp\/v2\/product\/2537","targetHints":{"allow":["GET"]}}],"collection":[{"href":"https:\/\/partsandpieces.nl\/de\/wp-json\/wp\/v2\/product"}],"about":[{"href":"https:\/\/partsandpieces.nl\/de\/wp-json\/wp\/v2\/types\/product"}],"wp:featuredmedia":[{"embeddable":true,"href":"https:\/\/partsandpieces.nl\/de\/wp-json\/wp\/v2\/media\/6734"}],"wp:attachment":[{"href":"https:\/\/partsandpieces.nl\/de\/wp-json\/wp\/v2\/media?parent=2537"}],"wp:term":[{"taxonomy":"product_brand","embeddable":true,"href":"https:\/\/partsandpieces.nl\/de\/wp-json\/wp\/v2\/product_brand?post=2537"},{"taxonomy":"product_cat","embeddable":true,"href":"https:\/\/partsandpieces.nl\/de\/wp-json\/wp\/v2\/product_cat?post=2537"},{"taxonomy":"product_tag","embeddable":true,"href":"https:\/\/partsandpieces.nl\/de\/wp-json\/wp\/v2\/product_tag?post=2537"}],"curies":[{"name":"wp","href":"https:\/\/api.w.org\/{rel}","templated":true}]}}